{"id":69300,"date":"2025-10-02T13:13:02","date_gmt":"2025-10-02T10:13:02","guid":{"rendered":"https:\/\/kidsplay.lt\/produktas\/woopie-3-viename-transformuojamas-robotas-kovos-automobilis-ir-smiginio-paleidimo-irenginys-zalias-2\/"},"modified":"2026-04-07T10:17:25","modified_gmt":"2026-04-07T07:17:25","slug":"woopie-3-viename-transformuojamas-robotas-kovos-automobilis-ir-smiginio-paleidimo-irenginys-zalias-2","status":"publish","type":"product","link":"https:\/\/kidsplay.lt\/lv\/product\/woopie-3-viename-transformuojamas-robotas-kovos-automobilis-ir-smiginio-paleidimo-irenginys-zalias-2\/","title":{"rendered":"WOOPIE 3-in-1 transform\u0113jo\u0161s robots-kaujas auto un \u0161autri\u0146u met\u0113js, za\u013c\u0161"},"content":{"rendered":"<p>Pasinerkite \u012f veiksmo s\u016bkur\u012f su\u00a0Woopie koviniu robotu!\u00a0\u0160is dinami\u0161kas rinkinys puikiai tinka ma\u017eiesiems strategams ir kosmoso kov\u0173 entuziastams. Jame yra galingas\u00a0robotas, kuris lengvai transformuojasi \u012f kovin\u0119 transporto priemon\u0119\u00a0, ir\u00a0revolveris su apsauginiais \u0161oviniais\u00a0, paruo\u0161tas nedelsiant imtis veiksm\u0173. Pasiruo\u0161kite nesuskai\u010diuojamoms k\u016brybi\u0161ko \u017eaidimo valandoms \u017eaisdami vaidmenimis epinius m\u016b\u0161ius ir tobulindami savo strateginius \u012fg\u016bd\u017eius.\u00a0Laikas transformuotis ir kovoti iki galo!<br \/>\nRakstur\u012bgs:<\/p>\n<p>&#8211; Vaikams nuo\u00a03 met\u0173\u00a0am\u017eiaus<br \/>\n&#8211; Robotas turi\u00a0galimyb\u0119 transformuotis<br \/>\n&#8211; Sud\u0117tyje yra element\u0173 kovos scenarijams \u017eaisti<br \/>\n&#8211; Revolveris<br \/>\n&#8211; Rinkinio elementai pasi\u017eymi modernia, kovine i\u0161vaizda<\/p>\n<p>Komplekt\u0101 ietilpst:<\/p>\n<p>&#8211; 1 x Transformuojantis robotas<br \/>\n&#8211; 1 x Revolveris<br \/>\n&#8211; 3 x mink\u0161tos kulkos revolveriui<br \/>\n&#8211; Papildomi kovos reikmenys (pvz., ma\u017eesnis ginklas, prie roboto tvirtinamas elementas).<\/p>\n<p>Rota\u013clieta att\u012bst\u0101s:<\/p>\n<p>&#8211; K\u016brybi\u0161kumas ir vaizduot\u0117<br \/>\n&#8211; Rankiniai \u012fg\u016bd\u017eiai<br \/>\n&#8211; Loginis m\u0105stymas<br \/>\n&#8211; Socialiniai \u012fg\u016bd\u017eiai<br \/>\n&#8211; Prie\u017easties ir pasekm\u0117s supratimas<\/p>","protected":false},"excerpt":{"rendered":"<p>WOOPIE 3-in-1 transform\u0113jo\u0161s robots-kaujas auto un \u0161autri\u0146u met\u0113js, za\u013c\u0161<\/p>","protected":false},"featured_media":61727,"template":"","meta":{"_acf_changed":false,"_glsr_average":0,"_glsr_ranking":0,"_glsr_reviews":0},"product_brand":[],"product_cat":[448,72,229],"product_tag":[],"class_list":{"0":"post-69300","1":"product","2":"type-product","3":"status-publish","4":"has-post-thumbnail","6":"product_cat-automobiliai-ir-transportas","7":"product_cat-ispardavimas","8":"product_cat-zaislai-vaikams","9":"\"style=\"background-color: #2ecc711c;\"","11":"first","12":"instock","13":"sale","14":"purchasable","15":"product-type-simple"},"acf":[],"yoast_head":"<!-- This site is optimized with the Yoast SEO plugin v27.3 - https:\/\/yoast.com\/product\/yoast-seo-wordpress\/ -->\n<title>WOOPIE 3 viename transformuojamas robotas-kovos automobilis ir smiginio paleidimo \u012frenginys, \u017ealias<\/title>\n<meta name=\"description\" content=\"WOOPIE 3 viename transformuojamas robotas-kovos automobilis ir smiginio paleidimo \u012frenginys, \u017ealias\" \/>\n<meta name=\"robots\" content=\"index, follow, max-snippet:-1, max-image-preview:large, max-video-preview:-1\" \/>\n<link rel=\"canonical\" href=\"https:\/\/kidsplay.lt\/lv\/product\/woopie-3-viename-transformuojamas-robotas-kovos-automobilis-ir-smiginio-paleidimo-irenginys-zalias-2\/\" \/>\n<meta property=\"og:locale\" content=\"lv_LV\" \/>\n<meta property=\"og:type\" content=\"article\" \/>\n<meta property=\"og:title\" content=\"WOOPIE 3 viename transformuojamas robotas-kovos automobilis ir smiginio paleidimo \u012frenginys, \u017ealias\" \/>\n<meta property=\"og:description\" content=\"WOOPIE 3 viename transformuojamas robotas-kovos automobilis ir smiginio paleidimo \u012frenginys, \u017ealias\" \/>\n<meta property=\"og:url\" content=\"https:\/\/kidsplay.lt\/lv\/product\/woopie-3-viename-transformuojamas-robotas-kovos-automobilis-ir-smiginio-paleidimo-irenginys-zalias-2\/\" \/>\n<meta property=\"og:site_name\" content=\"KidsPlay\" \/>\n<meta property=\"article:publisher\" content=\"https:\/\/www.facebook.com\/www.kidsplay.lt\" \/>\n<meta property=\"article:modified_time\" content=\"2026-04-07T07:17:25+00:00\" \/>\n<meta property=\"og:image\" content=\"https:\/\/kidsplay.lt\/wp-content\/uploads\/2025\/09\/WOOPIE-3-viename-transformuojamas-robotas-kovos-automobilis-ir-smiginio-paleidimo-irenginys-zalias.jpg\" \/>\n\t<meta property=\"og:image:width\" content=\"2560\" \/>\n\t<meta property=\"og:image:height\" content=\"2560\" \/>\n\t<meta property=\"og:image:type\" content=\"image\/jpeg\" \/>\n<meta name=\"twitter:card\" content=\"summary_large_image\" \/>\n<meta name=\"twitter:label1\" content=\"Est. reading time\" \/>\n\t<meta name=\"twitter:data1\" content=\"1 min\u016bte\" \/>\n<script type=\"application\/ld+json\" class=\"yoast-schema-graph\">{\"@context\":\"https:\\\/\\\/schema.org\",\"@graph\":[{\"@type\":\"WebPage\",\"@id\":\"https:\\\/\\\/kidsplay.lt\\\/produktas\\\/woopie-3-viename-transformuojamas-robotas-kovos-automobilis-ir-smiginio-paleidimo-irenginys-zalias-2\\\/\",\"url\":\"https:\\\/\\\/kidsplay.lt\\\/produktas\\\/woopie-3-viename-transformuojamas-robotas-kovos-automobilis-ir-smiginio-paleidimo-irenginys-zalias-2\\\/\",\"name\":\"WOOPIE 3 viename transformuojamas robotas-kovos automobilis ir smiginio paleidimo \u012frenginys, \u017ealias\",\"isPartOf\":{\"@id\":\"https:\\\/\\\/kidsplay.lt\\\/#website\"},\"primaryImageOfPage\":{\"@id\":\"https:\\\/\\\/kidsplay.lt\\\/produktas\\\/woopie-3-viename-transformuojamas-robotas-kovos-automobilis-ir-smiginio-paleidimo-irenginys-zalias-2\\\/#primaryimage\"},\"image\":{\"@id\":\"https:\\\/\\\/kidsplay.lt\\\/produktas\\\/woopie-3-viename-transformuojamas-robotas-kovos-automobilis-ir-smiginio-paleidimo-irenginys-zalias-2\\\/#primaryimage\"},\"thumbnailUrl\":\"https:\\\/\\\/kidsplay.lt\\\/wp-content\\\/uploads\\\/2025\\\/09\\\/WOOPIE-3-viename-transformuojamas-robotas-kovos-automobilis-ir-smiginio-paleidimo-irenginys-zalias.jpg\",\"datePublished\":\"2025-10-02T10:13:02+00:00\",\"dateModified\":\"2026-04-07T07:17:25+00:00\",\"description\":\"WOOPIE 3 viename transformuojamas robotas-kovos automobilis ir smiginio paleidimo \u012frenginys, \u017ealias\",\"breadcrumb\":{\"@id\":\"https:\\\/\\\/kidsplay.lt\\\/produktas\\\/woopie-3-viename-transformuojamas-robotas-kovos-automobilis-ir-smiginio-paleidimo-irenginys-zalias-2\\\/#breadcrumb\"},\"inLanguage\":\"lv-LV\",\"potentialAction\":[{\"@type\":\"ReadAction\",\"target\":[\"https:\\\/\\\/kidsplay.lt\\\/produktas\\\/woopie-3-viename-transformuojamas-robotas-kovos-automobilis-ir-smiginio-paleidimo-irenginys-zalias-2\\\/\"]}]},{\"@type\":\"ImageObject\",\"inLanguage\":\"lv-LV\",\"@id\":\"https:\\\/\\\/kidsplay.lt\\\/produktas\\\/woopie-3-viename-transformuojamas-robotas-kovos-automobilis-ir-smiginio-paleidimo-irenginys-zalias-2\\\/#primaryimage\",\"url\":\"https:\\\/\\\/kidsplay.lt\\\/wp-content\\\/uploads\\\/2025\\\/09\\\/WOOPIE-3-viename-transformuojamas-robotas-kovos-automobilis-ir-smiginio-paleidimo-irenginys-zalias.jpg\",\"contentUrl\":\"https:\\\/\\\/kidsplay.lt\\\/wp-content\\\/uploads\\\/2025\\\/09\\\/WOOPIE-3-viename-transformuojamas-robotas-kovos-automobilis-ir-smiginio-paleidimo-irenginys-zalias.jpg\",\"width\":2560,\"height\":2560,\"caption\":\"WOOPIE 3 viename transformuojamas robotas-kovos automobilis ir smiginio paleidimo \u012frenginys\"},{\"@type\":\"BreadcrumbList\",\"@id\":\"https:\\\/\\\/kidsplay.lt\\\/produktas\\\/woopie-3-viename-transformuojamas-robotas-kovos-automobilis-ir-smiginio-paleidimo-irenginys-zalias-2\\\/#breadcrumb\",\"itemListElement\":[{\"@type\":\"ListItem\",\"position\":1,\"name\":\"Pagrindinis\",\"item\":\"https:\\\/\\\/kidsplay.lt\\\/\"},{\"@type\":\"ListItem\",\"position\":2,\"name\":\"Parduotuv\u0117\",\"item\":\"https:\\\/\\\/kidsplay.lt\\\/parduotuve\\\/\"},{\"@type\":\"ListItem\",\"position\":3,\"name\":\"WOOPIE 3 viename transformuojamas robotas-kovos automobilis ir smiginio paleidimo \u012frenginys, \u017ealias\"}]},{\"@type\":\"WebSite\",\"@id\":\"https:\\\/\\\/kidsplay.lt\\\/#website\",\"url\":\"https:\\\/\\\/kidsplay.lt\\\/\",\"name\":\"Kidsplay.lt\",\"description\":\"\u012evairios prek\u0117s vaikams\",\"publisher\":{\"@id\":\"https:\\\/\\\/kidsplay.lt\\\/#organization\"},\"alternateName\":\"Kidsplay\",\"potentialAction\":[{\"@type\":\"SearchAction\",\"target\":{\"@type\":\"EntryPoint\",\"urlTemplate\":\"https:\\\/\\\/kidsplay.lt\\\/?s={search_term_string}\"},\"query-input\":{\"@type\":\"PropertyValueSpecification\",\"valueRequired\":true,\"valueName\":\"search_term_string\"}}],\"inLanguage\":\"lv-LV\"},{\"@type\":\"Organization\",\"@id\":\"https:\\\/\\\/kidsplay.lt\\\/#organization\",\"name\":\"KidsPlay\",\"url\":\"https:\\\/\\\/kidsplay.lt\\\/\",\"logo\":{\"@type\":\"ImageObject\",\"inLanguage\":\"lv-LV\",\"@id\":\"https:\\\/\\\/kidsplay.lt\\\/#\\\/schema\\\/logo\\\/image\\\/\",\"url\":\"https:\\\/\\\/kidsplay.lt\\\/wp-content\\\/uploads\\\/2023\\\/07\\\/kidsplay-logo.png\",\"contentUrl\":\"https:\\\/\\\/kidsplay.lt\\\/wp-content\\\/uploads\\\/2023\\\/07\\\/kidsplay-logo.png\",\"width\":451,\"height\":98,\"caption\":\"KidsPlay\"},\"image\":{\"@id\":\"https:\\\/\\\/kidsplay.lt\\\/#\\\/schema\\\/logo\\\/image\\\/\"},\"sameAs\":[\"https:\\\/\\\/www.facebook.com\\\/www.kidsplay.lt\"]}]}<\/script>\n<!-- \/ Yoast SEO plugin. -->","yoast_head_json":{"title":"WOOPIE 3-in-1 transform\u0113jo\u0161s robots-kaujas auto un \u0161autri\u0146u met\u0113js, za\u013c\u0161","description":"WOOPIE 3-in-1 transform\u0113jo\u0161s robots-kaujas auto un \u0161autri\u0146u met\u0113js, za\u013c\u0161","robots":{"index":"index","follow":"follow","max-snippet":"max-snippet:-1","max-image-preview":"max-image-preview:large","max-video-preview":"max-video-preview:-1"},"canonical":"https:\/\/kidsplay.lt\/lv\/product\/woopie-3-viename-transformuojamas-robotas-kovos-automobilis-ir-smiginio-paleidimo-irenginys-zalias-2\/","og_locale":"lv_LV","og_type":"article","og_title":"WOOPIE 3 viename transformuojamas robotas-kovos automobilis ir smiginio paleidimo \u012frenginys, \u017ealias","og_description":"WOOPIE 3 viename transformuojamas robotas-kovos automobilis ir smiginio paleidimo \u012frenginys, \u017ealias","og_url":"https:\/\/kidsplay.lt\/lv\/product\/woopie-3-viename-transformuojamas-robotas-kovos-automobilis-ir-smiginio-paleidimo-irenginys-zalias-2\/","og_site_name":"KidsPlay","article_publisher":"https:\/\/www.facebook.com\/www.kidsplay.lt","article_modified_time":"2026-04-07T07:17:25+00:00","og_image":[{"width":2560,"height":2560,"url":"https:\/\/kidsplay.lt\/wp-content\/uploads\/2025\/09\/WOOPIE-3-viename-transformuojamas-robotas-kovos-automobilis-ir-smiginio-paleidimo-irenginys-zalias.jpg","type":"image\/jpeg"}],"twitter_card":"summary_large_image","twitter_misc":{"Est. reading time":"1 min\u016bte"},"schema":{"@context":"https:\/\/schema.org","@graph":[{"@type":"WebPage","@id":"https:\/\/kidsplay.lt\/produktas\/woopie-3-viename-transformuojamas-robotas-kovos-automobilis-ir-smiginio-paleidimo-irenginys-zalias-2\/","url":"https:\/\/kidsplay.lt\/produktas\/woopie-3-viename-transformuojamas-robotas-kovos-automobilis-ir-smiginio-paleidimo-irenginys-zalias-2\/","name":"WOOPIE 3-in-1 transform\u0113jo\u0161s robots-kaujas auto un \u0161autri\u0146u met\u0113js, za\u013c\u0161","isPartOf":{"@id":"https:\/\/kidsplay.lt\/#website"},"primaryImageOfPage":{"@id":"https:\/\/kidsplay.lt\/produktas\/woopie-3-viename-transformuojamas-robotas-kovos-automobilis-ir-smiginio-paleidimo-irenginys-zalias-2\/#primaryimage"},"image":{"@id":"https:\/\/kidsplay.lt\/produktas\/woopie-3-viename-transformuojamas-robotas-kovos-automobilis-ir-smiginio-paleidimo-irenginys-zalias-2\/#primaryimage"},"thumbnailUrl":"https:\/\/kidsplay.lt\/wp-content\/uploads\/2025\/09\/WOOPIE-3-viename-transformuojamas-robotas-kovos-automobilis-ir-smiginio-paleidimo-irenginys-zalias.jpg","datePublished":"2025-10-02T10:13:02+00:00","dateModified":"2026-04-07T07:17:25+00:00","description":"WOOPIE 3-in-1 transform\u0113jo\u0161s robots-kaujas auto un \u0161autri\u0146u met\u0113js, za\u013c\u0161","breadcrumb":{"@id":"https:\/\/kidsplay.lt\/produktas\/woopie-3-viename-transformuojamas-robotas-kovos-automobilis-ir-smiginio-paleidimo-irenginys-zalias-2\/#breadcrumb"},"inLanguage":"lv-LV","potentialAction":[{"@type":"ReadAction","target":["https:\/\/kidsplay.lt\/produktas\/woopie-3-viename-transformuojamas-robotas-kovos-automobilis-ir-smiginio-paleidimo-irenginys-zalias-2\/"]}]},{"@type":"ImageObject","inLanguage":"lv-LV","@id":"https:\/\/kidsplay.lt\/produktas\/woopie-3-viename-transformuojamas-robotas-kovos-automobilis-ir-smiginio-paleidimo-irenginys-zalias-2\/#primaryimage","url":"https:\/\/kidsplay.lt\/wp-content\/uploads\/2025\/09\/WOOPIE-3-viename-transformuojamas-robotas-kovos-automobilis-ir-smiginio-paleidimo-irenginys-zalias.jpg","contentUrl":"https:\/\/kidsplay.lt\/wp-content\/uploads\/2025\/09\/WOOPIE-3-viename-transformuojamas-robotas-kovos-automobilis-ir-smiginio-paleidimo-irenginys-zalias.jpg","width":2560,"height":2560,"caption":"WOOPIE 3 viename transformuojamas robotas-kovos automobilis ir smiginio paleidimo \u012frenginys"},{"@type":"BreadcrumbList","@id":"https:\/\/kidsplay.lt\/produktas\/woopie-3-viename-transformuojamas-robotas-kovos-automobilis-ir-smiginio-paleidimo-irenginys-zalias-2\/#breadcrumb","itemListElement":[{"@type":"ListItem","position":1,"name":"Pagrindinis","item":"https:\/\/kidsplay.lt\/"},{"@type":"ListItem","position":2,"name":"Parduotuv\u0117","item":"https:\/\/kidsplay.lt\/parduotuve\/"},{"@type":"ListItem","position":3,"name":"WOOPIE 3 viename transformuojamas robotas-kovos automobilis ir smiginio paleidimo \u012frenginys, \u017ealias"}]},{"@type":"WebSite","@id":"https:\/\/kidsplay.lt\/#website","url":"https:\/\/kidsplay.lt\/","name":"B\u0113rnu sp\u0113les.lv","description":"\u012evairios prek\u0117s vaikams","publisher":{"@id":"https:\/\/kidsplay.lt\/#organization"},"alternateName":"Kidsplay","potentialAction":[{"@type":"SearchAction","target":{"@type":"EntryPoint","urlTemplate":"https:\/\/kidsplay.lt\/?s={search_term_string}"},"query-input":{"@type":"PropertyValueSpecification","valueRequired":true,"valueName":"search_term_string"}}],"inLanguage":"lv-LV"},{"@type":"Organization","@id":"https:\/\/kidsplay.lt\/#organization","name":"B\u0113rnu sp\u0113le","url":"https:\/\/kidsplay.lt\/","logo":{"@type":"ImageObject","inLanguage":"lv-LV","@id":"https:\/\/kidsplay.lt\/#\/schema\/logo\/image\/","url":"https:\/\/kidsplay.lt\/wp-content\/uploads\/2023\/07\/kidsplay-logo.png","contentUrl":"https:\/\/kidsplay.lt\/wp-content\/uploads\/2023\/07\/kidsplay-logo.png","width":451,"height":98,"caption":"KidsPlay"},"image":{"@id":"https:\/\/kidsplay.lt\/#\/schema\/logo\/image\/"},"sameAs":["https:\/\/www.facebook.com\/www.kidsplay.lt"]}]}},"_links":{"self":[{"href":"https:\/\/kidsplay.lt\/lv\/wp-json\/wp\/v2\/product\/69300","targetHints":{"allow":["GET"]}}],"collection":[{"href":"https:\/\/kidsplay.lt\/lv\/wp-json\/wp\/v2\/product"}],"about":[{"href":"https:\/\/kidsplay.lt\/lv\/wp-json\/wp\/v2\/types\/product"}],"version-history":[{"count":4,"href":"https:\/\/kidsplay.lt\/lv\/wp-json\/wp\/v2\/product\/69300\/revisions"}],"predecessor-version":[{"id":80817,"href":"https:\/\/kidsplay.lt\/lv\/wp-json\/wp\/v2\/product\/69300\/revisions\/80817"}],"wp:featuredmedia":[{"embeddable":true,"href":"https:\/\/kidsplay.lt\/lv\/wp-json\/wp\/v2\/media\/61727"}],"wp:attachment":[{"href":"https:\/\/kidsplay.lt\/lv\/wp-json\/wp\/v2\/media?parent=69300"}],"wp:term":[{"taxonomy":"product_brand","embeddable":true,"href":"https:\/\/kidsplay.lt\/lv\/wp-json\/wp\/v2\/product_brand?post=69300"},{"taxonomy":"product_cat","embeddable":true,"href":"https:\/\/kidsplay.lt\/lv\/wp-json\/wp\/v2\/product_cat?post=69300"},{"taxonomy":"product_tag","embeddable":true,"href":"https:\/\/kidsplay.lt\/lv\/wp-json\/wp\/v2\/product_tag?post=69300"}],"curies":[{"name":"wp","href":"https:\/\/api.w.org\/{rel}","templated":true}]}}