{"id":69304,"date":"2025-10-02T13:13:14","date_gmt":"2025-10-02T10:13:14","guid":{"rendered":"https:\/\/kidsplay.lt\/produktas\/classic-world-medinis-tualetinis-staliukas-su-veidrodziu-kede-ir-aksesuarais-pasteliniu-spalvu-2\/"},"modified":"2026-04-13T14:38:29","modified_gmt":"2026-04-13T11:38:29","slug":"classic-world-medinis-tualetinis-staliukas-su-veidrodziu-kede-ir-aksesuarais-pasteliniu-spalvu-2","status":"publish","type":"product","link":"https:\/\/kidsplay.lt\/lv\/products\/classic-world-medinis-tualetinis-staliukas-su-veidrodziu-kede-ir-aksesuarais-pasteliniu-spalvu-2\/","title":{"rendered":"CLASSIC WORLD koka tualetes galdi\u0146\u0161 ar spoguli, kr\u0113slu un aksesu\u0101riem, paste\u013cto\u0146os"},"content":{"rendered":"<p>\u201eClassic World\u201c\u00a0tualetinis staliukas su veidrod\u017eiu\u00a0buvo sukurtas\u00a0specialiai\u00a0ma\u017eoms mergait\u0117ms, kurios svajoja apie savo kosmetikos kampel\u012f ir m\u0117gsta puo\u0161tis. Rinkin\u012f sudaro apvali taburet\u0117, veidrodis ir \u012fvair\u016bs aksesuarai, tokie kaip apyrank\u0117, plauk\u0173 segtukai ir v\u0117rinys. \u0160is tualetinis staliukas leid\u017eia vaikams\u00a0lavinti vaizduot\u0119, m\u0117gd\u017eioti suaugusiuosius ir smagiai leisti laik\u0105, lavinant smulki\u0105j\u0105 motorik\u0105\u00a0.<\/p>\n<p>Raksturojums:<\/p>\n<p> \t&#8211; Skirta\u00a03 met\u0173 ir vyresniems<br \/>\n \t&#8211; Pastelin\u0117s spalvos<br \/>\n \t&#8211;\u00a0\u00a0Pagaminta i\u0161\u00a0auk\u0161tos kokyb\u0117s medienos<br \/>\n \t&#8211; Vaidmen\u0173 \u017eaidimas \u2013 vaikas gali prisiimti suaugusiojo vaidmen\u012f<br \/>\n \t&#8211; Turi stal\u010di\u0173 priedams<\/p>\n<p>\u012e rinkin\u012f \u012feina\u00a0:<\/p>\n<p> \t&#8211;\u00a0\u00a0Tualetinis staliukas<br \/>\n \t&#8211;\u00a0\u00a0Vaiki\u0161ka k\u0117dut\u0117<br \/>\n \t&#8211; Karoliai<br \/>\n \t&#8211;\u00a0\u00a0Apyrank\u0117<br \/>\n \t&#8211; 4 plauk\u0173 segtukai<\/p>\n<p>\u017daislas vystosi\u00a0:<\/p>\n<p> \t&#8211; Rankiniai \u012fg\u016bd\u017eiai<br \/>\n \t&#8211; Vaizduot\u0117<br \/>\n \t&#8211; K\u016brybi\u0161kumas<br \/>\n \t\u2013 Roku-acu koordin\u0101cija<\/p>","protected":false},"excerpt":{"rendered":"<p>CLASSIC WORLD koka tualetes galdi\u0146\u0161 ar spoguli, kr\u0113slu un aksesu\u0101riem, paste\u013cto\u0146os<\/p>","protected":false},"featured_media":63014,"template":"","meta":{"_acf_changed":false,"_glsr_average":0,"_glsr_ranking":0,"_glsr_reviews":0},"product_brand":[],"product_cat":[403,399,229],"product_tag":[],"class_list":{"0":"post-69304","1":"product","2":"type-product","3":"status-publish","4":"has-post-thumbnail","6":"product_cat-mada-ir-grozis","7":"product_cat-vaidmenu-zaidimai-2","8":"product_cat-zaislai-vaikams","9":"\"style=\"background-color: #2ecc711c;\"","11":"first","12":"instock","13":"sale","14":"purchasable","15":"product-type-simple"},"acf":[],"yoast_head":"<!-- This site is optimized with the Yoast SEO plugin v27.3 - https:\/\/yoast.com\/product\/yoast-seo-wordpress\/ -->\n<title>CLASSIC WORLD medinis tualetinis staliukas su veidrod\u017eiu, k\u0117de ir aksesuarais, pastelini\u0173 spalv\u0173<\/title>\n<meta name=\"description\" content=\"CLASSIC WORLD medinis tualetinis staliukas su veidrod\u017eiu, k\u0117de ir aksesuarais, pastelini\u0173 spalv\u0173\" \/>\n<meta name=\"robots\" content=\"index, follow, max-snippet:-1, max-image-preview:large, max-video-preview:-1\" \/>\n<link rel=\"canonical\" href=\"https:\/\/kidsplay.lt\/lv\/products\/classic-world-medinis-tualetinis-staliukas-su-veidrodziu-kede-ir-aksesuarais-pasteliniu-spalvu-2\/\" \/>\n<meta property=\"og:locale\" content=\"lv_LV\" \/>\n<meta property=\"og:type\" content=\"article\" \/>\n<meta property=\"og:title\" content=\"CLASSIC WORLD medinis tualetinis staliukas su veidrod\u017eiu, k\u0117de ir aksesuarais, pastelini\u0173 spalv\u0173\" \/>\n<meta property=\"og:description\" content=\"CLASSIC WORLD medinis tualetinis staliukas su veidrod\u017eiu, k\u0117de ir aksesuarais, pastelini\u0173 spalv\u0173\" \/>\n<meta property=\"og:url\" content=\"https:\/\/kidsplay.lt\/lv\/products\/classic-world-medinis-tualetinis-staliukas-su-veidrodziu-kede-ir-aksesuarais-pasteliniu-spalvu-2\/\" \/>\n<meta property=\"og:site_name\" content=\"KidsPlay\" \/>\n<meta property=\"article:publisher\" content=\"https:\/\/www.facebook.com\/www.kidsplay.lt\" \/>\n<meta property=\"article:modified_time\" content=\"2026-04-13T11:38:29+00:00\" \/>\n<meta property=\"og:image\" content=\"https:\/\/kidsplay.lt\/wp-content\/uploads\/2025\/09\/CLASSIC-WORLD-medinis-tualetinis-staliukas-su-veidrodziu-kede-ir-aksesuarais-pasteliniu-spalvu.jpg\" \/>\n\t<meta property=\"og:image:width\" content=\"2560\" \/>\n\t<meta property=\"og:image:height\" content=\"2560\" \/>\n\t<meta property=\"og:image:type\" content=\"image\/jpeg\" \/>\n<meta name=\"twitter:card\" content=\"summary_large_image\" \/>\n<meta name=\"twitter:label1\" content=\"Est. reading time\" \/>\n\t<meta name=\"twitter:data1\" content=\"1 min\u016bte\" \/>\n<script type=\"application\/ld+json\" class=\"yoast-schema-graph\">{\"@context\":\"https:\\\/\\\/schema.org\",\"@graph\":[{\"@type\":\"WebPage\",\"@id\":\"https:\\\/\\\/kidsplay.lt\\\/produktas\\\/classic-world-medinis-tualetinis-staliukas-su-veidrodziu-kede-ir-aksesuarais-pasteliniu-spalvu-2\\\/\",\"url\":\"https:\\\/\\\/kidsplay.lt\\\/produktas\\\/classic-world-medinis-tualetinis-staliukas-su-veidrodziu-kede-ir-aksesuarais-pasteliniu-spalvu-2\\\/\",\"name\":\"CLASSIC WORLD medinis tualetinis staliukas su veidrod\u017eiu, k\u0117de ir aksesuarais, pastelini\u0173 spalv\u0173\",\"isPartOf\":{\"@id\":\"https:\\\/\\\/kidsplay.lt\\\/#website\"},\"primaryImageOfPage\":{\"@id\":\"https:\\\/\\\/kidsplay.lt\\\/produktas\\\/classic-world-medinis-tualetinis-staliukas-su-veidrodziu-kede-ir-aksesuarais-pasteliniu-spalvu-2\\\/#primaryimage\"},\"image\":{\"@id\":\"https:\\\/\\\/kidsplay.lt\\\/produktas\\\/classic-world-medinis-tualetinis-staliukas-su-veidrodziu-kede-ir-aksesuarais-pasteliniu-spalvu-2\\\/#primaryimage\"},\"thumbnailUrl\":\"https:\\\/\\\/kidsplay.lt\\\/wp-content\\\/uploads\\\/2025\\\/09\\\/CLASSIC-WORLD-medinis-tualetinis-staliukas-su-veidrodziu-kede-ir-aksesuarais-pasteliniu-spalvu.jpg\",\"datePublished\":\"2025-10-02T10:13:14+00:00\",\"dateModified\":\"2026-04-13T11:38:29+00:00\",\"description\":\"CLASSIC WORLD medinis tualetinis staliukas su veidrod\u017eiu, k\u0117de ir aksesuarais, pastelini\u0173 spalv\u0173\",\"breadcrumb\":{\"@id\":\"https:\\\/\\\/kidsplay.lt\\\/produktas\\\/classic-world-medinis-tualetinis-staliukas-su-veidrodziu-kede-ir-aksesuarais-pasteliniu-spalvu-2\\\/#breadcrumb\"},\"inLanguage\":\"lv-LV\",\"potentialAction\":[{\"@type\":\"ReadAction\",\"target\":[\"https:\\\/\\\/kidsplay.lt\\\/produktas\\\/classic-world-medinis-tualetinis-staliukas-su-veidrodziu-kede-ir-aksesuarais-pasteliniu-spalvu-2\\\/\"]}]},{\"@type\":\"ImageObject\",\"inLanguage\":\"lv-LV\",\"@id\":\"https:\\\/\\\/kidsplay.lt\\\/produktas\\\/classic-world-medinis-tualetinis-staliukas-su-veidrodziu-kede-ir-aksesuarais-pasteliniu-spalvu-2\\\/#primaryimage\",\"url\":\"https:\\\/\\\/kidsplay.lt\\\/wp-content\\\/uploads\\\/2025\\\/09\\\/CLASSIC-WORLD-medinis-tualetinis-staliukas-su-veidrodziu-kede-ir-aksesuarais-pasteliniu-spalvu.jpg\",\"contentUrl\":\"https:\\\/\\\/kidsplay.lt\\\/wp-content\\\/uploads\\\/2025\\\/09\\\/CLASSIC-WORLD-medinis-tualetinis-staliukas-su-veidrodziu-kede-ir-aksesuarais-pasteliniu-spalvu.jpg\",\"width\":2560,\"height\":2560,\"caption\":\"CLASSIC WORLD medinis tualetinis staliukas su veidrod\u017eiu\"},{\"@type\":\"BreadcrumbList\",\"@id\":\"https:\\\/\\\/kidsplay.lt\\\/produktas\\\/classic-world-medinis-tualetinis-staliukas-su-veidrodziu-kede-ir-aksesuarais-pasteliniu-spalvu-2\\\/#breadcrumb\",\"itemListElement\":[{\"@type\":\"ListItem\",\"position\":1,\"name\":\"Pagrindinis\",\"item\":\"https:\\\/\\\/kidsplay.lt\\\/\"},{\"@type\":\"ListItem\",\"position\":2,\"name\":\"Parduotuv\u0117\",\"item\":\"https:\\\/\\\/kidsplay.lt\\\/parduotuve\\\/\"},{\"@type\":\"ListItem\",\"position\":3,\"name\":\"CLASSIC WORLD medinis tualetinis staliukas su veidrod\u017eiu, k\u0117de ir aksesuarais, pastelini\u0173 spalv\u0173\"}]},{\"@type\":\"WebSite\",\"@id\":\"https:\\\/\\\/kidsplay.lt\\\/#website\",\"url\":\"https:\\\/\\\/kidsplay.lt\\\/\",\"name\":\"Kidsplay.lt\",\"description\":\"\u012evairios prek\u0117s vaikams\",\"publisher\":{\"@id\":\"https:\\\/\\\/kidsplay.lt\\\/#organization\"},\"alternateName\":\"Kidsplay\",\"potentialAction\":[{\"@type\":\"SearchAction\",\"target\":{\"@type\":\"EntryPoint\",\"urlTemplate\":\"https:\\\/\\\/kidsplay.lt\\\/?s={search_term_string}\"},\"query-input\":{\"@type\":\"PropertyValueSpecification\",\"valueRequired\":true,\"valueName\":\"search_term_string\"}}],\"inLanguage\":\"lv-LV\"},{\"@type\":\"Organization\",\"@id\":\"https:\\\/\\\/kidsplay.lt\\\/#organization\",\"name\":\"KidsPlay\",\"url\":\"https:\\\/\\\/kidsplay.lt\\\/\",\"logo\":{\"@type\":\"ImageObject\",\"inLanguage\":\"lv-LV\",\"@id\":\"https:\\\/\\\/kidsplay.lt\\\/#\\\/schema\\\/logo\\\/image\\\/\",\"url\":\"https:\\\/\\\/kidsplay.lt\\\/wp-content\\\/uploads\\\/2023\\\/07\\\/kidsplay-logo.png\",\"contentUrl\":\"https:\\\/\\\/kidsplay.lt\\\/wp-content\\\/uploads\\\/2023\\\/07\\\/kidsplay-logo.png\",\"width\":451,\"height\":98,\"caption\":\"KidsPlay\"},\"image\":{\"@id\":\"https:\\\/\\\/kidsplay.lt\\\/#\\\/schema\\\/logo\\\/image\\\/\"},\"sameAs\":[\"https:\\\/\\\/www.facebook.com\\\/www.kidsplay.lt\"]}]}<\/script>\n<!-- \/ Yoast SEO plugin. -->","yoast_head_json":{"title":"CLASSIC WORLD koka tualetes galdi\u0146\u0161 ar spoguli, kr\u0113slu un aksesu\u0101riem, paste\u013cto\u0146os","description":"CLASSIC WORLD koka tualetes galdi\u0146\u0161 ar spoguli, kr\u0113slu un aksesu\u0101riem, paste\u013cto\u0146os","robots":{"index":"index","follow":"follow","max-snippet":"max-snippet:-1","max-image-preview":"max-image-preview:large","max-video-preview":"max-video-preview:-1"},"canonical":"https:\/\/kidsplay.lt\/lv\/products\/classic-world-medinis-tualetinis-staliukas-su-veidrodziu-kede-ir-aksesuarais-pasteliniu-spalvu-2\/","og_locale":"lv_LV","og_type":"article","og_title":"CLASSIC WORLD medinis tualetinis staliukas su veidrod\u017eiu, k\u0117de ir aksesuarais, pastelini\u0173 spalv\u0173","og_description":"CLASSIC WORLD medinis tualetinis staliukas su veidrod\u017eiu, k\u0117de ir aksesuarais, pastelini\u0173 spalv\u0173","og_url":"https:\/\/kidsplay.lt\/lv\/products\/classic-world-medinis-tualetinis-staliukas-su-veidrodziu-kede-ir-aksesuarais-pasteliniu-spalvu-2\/","og_site_name":"KidsPlay","article_publisher":"https:\/\/www.facebook.com\/www.kidsplay.lt","article_modified_time":"2026-04-13T11:38:29+00:00","og_image":[{"width":2560,"height":2560,"url":"https:\/\/kidsplay.lt\/wp-content\/uploads\/2025\/09\/CLASSIC-WORLD-medinis-tualetinis-staliukas-su-veidrodziu-kede-ir-aksesuarais-pasteliniu-spalvu.jpg","type":"image\/jpeg"}],"twitter_card":"summary_large_image","twitter_misc":{"Est. reading time":"1 min\u016bte"},"schema":{"@context":"https:\/\/schema.org","@graph":[{"@type":"WebPage","@id":"https:\/\/kidsplay.lt\/produktas\/classic-world-medinis-tualetinis-staliukas-su-veidrodziu-kede-ir-aksesuarais-pasteliniu-spalvu-2\/","url":"https:\/\/kidsplay.lt\/produktas\/classic-world-medinis-tualetinis-staliukas-su-veidrodziu-kede-ir-aksesuarais-pasteliniu-spalvu-2\/","name":"CLASSIC WORLD koka tualetes galdi\u0146\u0161 ar spoguli, kr\u0113slu un aksesu\u0101riem, paste\u013cto\u0146os","isPartOf":{"@id":"https:\/\/kidsplay.lt\/#website"},"primaryImageOfPage":{"@id":"https:\/\/kidsplay.lt\/produktas\/classic-world-medinis-tualetinis-staliukas-su-veidrodziu-kede-ir-aksesuarais-pasteliniu-spalvu-2\/#primaryimage"},"image":{"@id":"https:\/\/kidsplay.lt\/produktas\/classic-world-medinis-tualetinis-staliukas-su-veidrodziu-kede-ir-aksesuarais-pasteliniu-spalvu-2\/#primaryimage"},"thumbnailUrl":"https:\/\/kidsplay.lt\/wp-content\/uploads\/2025\/09\/CLASSIC-WORLD-medinis-tualetinis-staliukas-su-veidrodziu-kede-ir-aksesuarais-pasteliniu-spalvu.jpg","datePublished":"2025-10-02T10:13:14+00:00","dateModified":"2026-04-13T11:38:29+00:00","description":"CLASSIC WORLD koka tualetes galdi\u0146\u0161 ar spoguli, kr\u0113slu un aksesu\u0101riem, paste\u013cto\u0146os","breadcrumb":{"@id":"https:\/\/kidsplay.lt\/produktas\/classic-world-medinis-tualetinis-staliukas-su-veidrodziu-kede-ir-aksesuarais-pasteliniu-spalvu-2\/#breadcrumb"},"inLanguage":"lv-LV","potentialAction":[{"@type":"ReadAction","target":["https:\/\/kidsplay.lt\/produktas\/classic-world-medinis-tualetinis-staliukas-su-veidrodziu-kede-ir-aksesuarais-pasteliniu-spalvu-2\/"]}]},{"@type":"ImageObject","inLanguage":"lv-LV","@id":"https:\/\/kidsplay.lt\/produktas\/classic-world-medinis-tualetinis-staliukas-su-veidrodziu-kede-ir-aksesuarais-pasteliniu-spalvu-2\/#primaryimage","url":"https:\/\/kidsplay.lt\/wp-content\/uploads\/2025\/09\/CLASSIC-WORLD-medinis-tualetinis-staliukas-su-veidrodziu-kede-ir-aksesuarais-pasteliniu-spalvu.jpg","contentUrl":"https:\/\/kidsplay.lt\/wp-content\/uploads\/2025\/09\/CLASSIC-WORLD-medinis-tualetinis-staliukas-su-veidrodziu-kede-ir-aksesuarais-pasteliniu-spalvu.jpg","width":2560,"height":2560,"caption":"CLASSIC WORLD medinis tualetinis staliukas su veidrod\u017eiu"},{"@type":"BreadcrumbList","@id":"https:\/\/kidsplay.lt\/produktas\/classic-world-medinis-tualetinis-staliukas-su-veidrodziu-kede-ir-aksesuarais-pasteliniu-spalvu-2\/#breadcrumb","itemListElement":[{"@type":"ListItem","position":1,"name":"Pagrindinis","item":"https:\/\/kidsplay.lt\/"},{"@type":"ListItem","position":2,"name":"Parduotuv\u0117","item":"https:\/\/kidsplay.lt\/parduotuve\/"},{"@type":"ListItem","position":3,"name":"CLASSIC WORLD medinis tualetinis staliukas su veidrod\u017eiu, k\u0117de ir aksesuarais, pastelini\u0173 spalv\u0173"}]},{"@type":"WebSite","@id":"https:\/\/kidsplay.lt\/#website","url":"https:\/\/kidsplay.lt\/","name":"B\u0113rnu sp\u0113les.lv","description":"\u012evairios prek\u0117s vaikams","publisher":{"@id":"https:\/\/kidsplay.lt\/#organization"},"alternateName":"Kidsplay","potentialAction":[{"@type":"SearchAction","target":{"@type":"EntryPoint","urlTemplate":"https:\/\/kidsplay.lt\/?s={search_term_string}"},"query-input":{"@type":"PropertyValueSpecification","valueRequired":true,"valueName":"search_term_string"}}],"inLanguage":"lv-LV"},{"@type":"Organization","@id":"https:\/\/kidsplay.lt\/#organization","name":"B\u0113rnu sp\u0113le","url":"https:\/\/kidsplay.lt\/","logo":{"@type":"ImageObject","inLanguage":"lv-LV","@id":"https:\/\/kidsplay.lt\/#\/schema\/logo\/image\/","url":"https:\/\/kidsplay.lt\/wp-content\/uploads\/2023\/07\/kidsplay-logo.png","contentUrl":"https:\/\/kidsplay.lt\/wp-content\/uploads\/2023\/07\/kidsplay-logo.png","width":451,"height":98,"caption":"KidsPlay"},"image":{"@id":"https:\/\/kidsplay.lt\/#\/schema\/logo\/image\/"},"sameAs":["https:\/\/www.facebook.com\/www.kidsplay.lt"]}]}},"_links":{"self":[{"href":"https:\/\/kidsplay.lt\/lv\/wp-json\/wp\/v2\/product\/69304","targetHints":{"allow":["GET"]}}],"collection":[{"href":"https:\/\/kidsplay.lt\/lv\/wp-json\/wp\/v2\/product"}],"about":[{"href":"https:\/\/kidsplay.lt\/lv\/wp-json\/wp\/v2\/types\/product"}],"version-history":[{"count":2,"href":"https:\/\/kidsplay.lt\/lv\/wp-json\/wp\/v2\/product\/69304\/revisions"}],"predecessor-version":[{"id":73709,"href":"https:\/\/kidsplay.lt\/lv\/wp-json\/wp\/v2\/product\/69304\/revisions\/73709"}],"wp:featuredmedia":[{"embeddable":true,"href":"https:\/\/kidsplay.lt\/lv\/wp-json\/wp\/v2\/media\/63014"}],"wp:attachment":[{"href":"https:\/\/kidsplay.lt\/lv\/wp-json\/wp\/v2\/media?parent=69304"}],"wp:term":[{"taxonomy":"product_brand","embeddable":true,"href":"https:\/\/kidsplay.lt\/lv\/wp-json\/wp\/v2\/product_brand?post=69304"},{"taxonomy":"product_cat","embeddable":true,"href":"https:\/\/kidsplay.lt\/lv\/wp-json\/wp\/v2\/product_cat?post=69304"},{"taxonomy":"product_tag","embeddable":true,"href":"https:\/\/kidsplay.lt\/lv\/wp-json\/wp\/v2\/product_tag?post=69304"}],"curies":[{"name":"wp","href":"https:\/\/api.w.org\/{rel}","templated":true}]}}