{"id":69306,"date":"2025-10-02T13:13:23","date_gmt":"2025-10-02T10:13:23","guid":{"rendered":"https:\/\/kidsplay.lt\/produktas\/classic-world-medinis-chameleono-vaikstyne-su-kaladelemis-2\/"},"modified":"2026-04-13T14:38:32","modified_gmt":"2026-04-13T11:38:32","slug":"classic-world-medine-chameleono-vaikstyne-su-kaladelemis-2","status":"publish","type":"product","link":"https:\/\/kidsplay.lt\/lv\/products\/classic-world-medine-chameleono-vaikstyne-su-kaladelemis-2\/","title":{"rendered":"CLASSIC WORLD medin\u0117 chameleono vaik\u0161tyn\u0117 su kalad\u0117l\u0117mis"},"content":{"rendered":"<p>Padr\u0105sinkite savo ma\u017eyl\u012f \u017eengti pirmuosius \u017eingsnius su \u201eClassic World\u00a0Baby Walker\u201c\u00a0\u2013 chameleono tematikos stumiamu \u017eaislu, skirtu\u00a0skatinti vaik\u0161\u010dioti ir \u012fkv\u0117pti k\u016brybi\u0161kum\u0105\u00a0.\u00a0Tvirtas medinis r\u0117mas\u00a0ir\u00a0ratukai su guminiais ratlankiais,\u00a0u\u017etikrinan\u010diais papildom\u0105 sukibim\u0105, u\u017etikrina\u00a0patikim\u0105 atram\u0105\u00a0ir\u00a0stabil\u0173 jud\u0117jim\u0105\u00a0ant \u012fvairi\u0173 pavir\u0161i\u0173. Kai vaikai j\u0105 stumia, chameleono kojos\u00a0juda\u00a0, taip dar labiau padidindamos d\u017eiaugsm\u0105! Vaik\u0161tyn\u0117 taip pat parduodama su\u00a0\u012fvairi\u0173 form\u0173, dyd\u017ei\u0173\u00a0ir spalv\u0173 kalad\u0117l\u0117mis, leid\u017eian\u010diomis vaikams laisvai rinkti ir konstruoti, lavinant j\u0173 k\u016brybi\u0161kum\u0105 ir praktinius \u012fg\u016bd\u017eius. Karoliuk\u0173 labirintas ant rankenos suteikia dar vien\u0105 galimyb\u0119 interaktyviam \u017eaidimui, padedant\u012f pagerinti\u00a0aki\u0173 ir rank\u0173 koordinacij\u0105 bei miklum\u0105\u00a0.<\/p>\n<p>Raksturojums:<\/p>\n<p> \t&#8211; Skirta nuo\u00a01 met\u0173 am\u017eiaus<br \/>\n \t&#8211; Pastelin\u0117s spalvos<br \/>\n \t&#8211; Pagaminta i\u0161\u00a0auk\u0161tos kokyb\u0117s FSC sertifikuotos medienos\u00a0ir padengta\u00a0netoksi\u0161kais da\u017eais<br \/>\n \t&#8211;\u00a0\u00a03 viename \u017eaislas &#8211; st\u016bmiklis, mediniai kalad\u0117l\u0117s ir variklio kilpa<br \/>\n \t&#8211; St\u016bmimo metu chameleono rankos juda<\/p>\n<p>\u012e rinkin\u012f \u012feina\u00a0:<\/p>\n<p> \t&#8211; Walkeris<br \/>\n \t&#8211; Mediniai blokeliai<\/p>\n<p>\u017daislas vystosi\u00a0:<\/p>\n<p> \t\u2013 Motorisk\u0101s prasmes<br \/>\n \t&#8211; Balansas<br \/>\n \t&#8211; K\u016brybi\u0161kumas<br \/>\n \t\u2013 Roku-acu koordin\u0101cija<br \/>\n \t&#8211; Vikrumas<br \/>\n \t&#8211; Geometrini\u0173 fig\u016br\u0173 ir form\u0173 atpa\u017einimas<\/p>","protected":false},"excerpt":{"rendered":"<p>CLASSIC WORLD medinis chameleono vaik\u0161tyn\u0117 su kalad\u0117l\u0117mis<\/p>","protected":false},"featured_media":63017,"template":"","meta":{"_acf_changed":false,"_glsr_average":0,"_glsr_ranking":0,"_glsr_reviews":0},"product_brand":[],"product_cat":[392],"product_tag":[],"class_list":{"0":"post-69306","1":"product","2":"type-product","3":"status-publish","4":"has-post-thumbnail","6":"product_cat-stumdukai-ir-vaikstynes","7":"\"style=\"background-color: #2ecc711c;\"","9":"first","10":"instock","11":"purchasable","12":"product-type-simple"},"acf":[],"yoast_head":"<!-- This site is optimized with the Yoast SEO plugin v27.4 - https:\/\/yoast.com\/product\/yoast-seo-wordpress\/ -->\n<title>CLASSIC WORLD medinis chameleono vaik\u0161tyn\u0117 su kalad\u0117l\u0117mis<\/title>\n<meta name=\"description\" content=\"CLASSIC WORLD medinis chameleono vaik\u0161tyn\u0117 su kalad\u0117l\u0117mis\" \/>\n<meta name=\"robots\" content=\"index, follow, max-snippet:-1, max-image-preview:large, max-video-preview:-1\" \/>\n<link rel=\"canonical\" href=\"https:\/\/kidsplay.lt\/lv\/products\/classic-world-medine-chameleono-vaikstyne-su-kaladelemis-2\/\" \/>\n<meta property=\"og:locale\" content=\"lv_LV\" \/>\n<meta property=\"og:type\" content=\"article\" \/>\n<meta property=\"og:title\" content=\"CLASSIC WORLD medinis chameleono vaik\u0161tyn\u0117 su kalad\u0117l\u0117mis\" \/>\n<meta property=\"og:description\" content=\"CLASSIC WORLD medinis chameleono vaik\u0161tyn\u0117 su kalad\u0117l\u0117mis\" \/>\n<meta property=\"og:url\" content=\"https:\/\/kidsplay.lt\/lv\/products\/classic-world-medine-chameleono-vaikstyne-su-kaladelemis-2\/\" \/>\n<meta property=\"og:site_name\" content=\"KidsPlay\" \/>\n<meta property=\"article:publisher\" content=\"https:\/\/www.facebook.com\/www.kidsplay.lt\" \/>\n<meta property=\"article:modified_time\" content=\"2026-04-13T11:38:32+00:00\" \/>\n<meta property=\"og:image\" content=\"https:\/\/kidsplay.lt\/wp-content\/uploads\/2025\/09\/CLASSIC-WORLD-medinis-chameleono-vaikstyne-su-kaladelemis.jpg\" \/>\n\t<meta property=\"og:image:width\" content=\"1000\" \/>\n\t<meta property=\"og:image:height\" content=\"1000\" \/>\n\t<meta property=\"og:image:type\" content=\"image\/jpeg\" \/>\n<meta name=\"twitter:card\" content=\"summary_large_image\" \/>\n<meta name=\"twitter:label1\" content=\"Est. reading time\" \/>\n\t<meta name=\"twitter:data1\" content=\"1 min\u016bte\" \/>\n<script type=\"application\/ld+json\" class=\"yoast-schema-graph\">{\"@context\":\"https:\\\/\\\/schema.org\",\"@graph\":[{\"@type\":\"WebPage\",\"@id\":\"https:\\\/\\\/kidsplay.lt\\\/produktas\\\/classic-world-medine-chameleono-vaikstyne-su-kaladelemis-2\\\/\",\"url\":\"https:\\\/\\\/kidsplay.lt\\\/produktas\\\/classic-world-medine-chameleono-vaikstyne-su-kaladelemis-2\\\/\",\"name\":\"CLASSIC WORLD medinis chameleono vaik\u0161tyn\u0117 su kalad\u0117l\u0117mis\",\"isPartOf\":{\"@id\":\"https:\\\/\\\/kidsplay.lt\\\/#website\"},\"primaryImageOfPage\":{\"@id\":\"https:\\\/\\\/kidsplay.lt\\\/produktas\\\/classic-world-medine-chameleono-vaikstyne-su-kaladelemis-2\\\/#primaryimage\"},\"image\":{\"@id\":\"https:\\\/\\\/kidsplay.lt\\\/produktas\\\/classic-world-medine-chameleono-vaikstyne-su-kaladelemis-2\\\/#primaryimage\"},\"thumbnailUrl\":\"https:\\\/\\\/kidsplay.lt\\\/wp-content\\\/uploads\\\/2025\\\/09\\\/CLASSIC-WORLD-medinis-chameleono-vaikstyne-su-kaladelemis.jpg\",\"datePublished\":\"2025-10-02T10:13:23+00:00\",\"dateModified\":\"2026-04-13T11:38:32+00:00\",\"description\":\"CLASSIC WORLD medinis chameleono vaik\u0161tyn\u0117 su kalad\u0117l\u0117mis\",\"breadcrumb\":{\"@id\":\"https:\\\/\\\/kidsplay.lt\\\/produktas\\\/classic-world-medine-chameleono-vaikstyne-su-kaladelemis-2\\\/#breadcrumb\"},\"inLanguage\":\"lv-LV\",\"potentialAction\":[{\"@type\":\"ReadAction\",\"target\":[\"https:\\\/\\\/kidsplay.lt\\\/produktas\\\/classic-world-medine-chameleono-vaikstyne-su-kaladelemis-2\\\/\"]}]},{\"@type\":\"ImageObject\",\"inLanguage\":\"lv-LV\",\"@id\":\"https:\\\/\\\/kidsplay.lt\\\/produktas\\\/classic-world-medine-chameleono-vaikstyne-su-kaladelemis-2\\\/#primaryimage\",\"url\":\"https:\\\/\\\/kidsplay.lt\\\/wp-content\\\/uploads\\\/2025\\\/09\\\/CLASSIC-WORLD-medinis-chameleono-vaikstyne-su-kaladelemis.jpg\",\"contentUrl\":\"https:\\\/\\\/kidsplay.lt\\\/wp-content\\\/uploads\\\/2025\\\/09\\\/CLASSIC-WORLD-medinis-chameleono-vaikstyne-su-kaladelemis.jpg\",\"width\":1000,\"height\":1000,\"caption\":\"CLASSIC WORLD medinis chameleono vaik\u0161tyn\u0117 su kalad\u0117l\u0117mis\"},{\"@type\":\"BreadcrumbList\",\"@id\":\"https:\\\/\\\/kidsplay.lt\\\/produktas\\\/classic-world-medine-chameleono-vaikstyne-su-kaladelemis-2\\\/#breadcrumb\",\"itemListElement\":[{\"@type\":\"ListItem\",\"position\":1,\"name\":\"Pagrindinis\",\"item\":\"https:\\\/\\\/kidsplay.lt\\\/\"},{\"@type\":\"ListItem\",\"position\":2,\"name\":\"Parduotuv\u0117\",\"item\":\"https:\\\/\\\/kidsplay.lt\\\/parduotuve\\\/\"},{\"@type\":\"ListItem\",\"position\":3,\"name\":\"CLASSIC WORLD medin\u0117 chameleono vaik\u0161tyn\u0117 su kalad\u0117l\u0117mis\"}]},{\"@type\":\"WebSite\",\"@id\":\"https:\\\/\\\/kidsplay.lt\\\/#website\",\"url\":\"https:\\\/\\\/kidsplay.lt\\\/\",\"name\":\"Kidsplay.lt\",\"description\":\"\u012evairios prek\u0117s vaikams\",\"publisher\":{\"@id\":\"https:\\\/\\\/kidsplay.lt\\\/#organization\"},\"alternateName\":\"Kidsplay\",\"potentialAction\":[{\"@type\":\"SearchAction\",\"target\":{\"@type\":\"EntryPoint\",\"urlTemplate\":\"https:\\\/\\\/kidsplay.lt\\\/?s={search_term_string}\"},\"query-input\":{\"@type\":\"PropertyValueSpecification\",\"valueRequired\":true,\"valueName\":\"search_term_string\"}}],\"inLanguage\":\"lv-LV\"},{\"@type\":\"Organization\",\"@id\":\"https:\\\/\\\/kidsplay.lt\\\/#organization\",\"name\":\"KidsPlay\",\"url\":\"https:\\\/\\\/kidsplay.lt\\\/\",\"logo\":{\"@type\":\"ImageObject\",\"inLanguage\":\"lv-LV\",\"@id\":\"https:\\\/\\\/kidsplay.lt\\\/#\\\/schema\\\/logo\\\/image\\\/\",\"url\":\"https:\\\/\\\/kidsplay.lt\\\/wp-content\\\/uploads\\\/2023\\\/07\\\/kidsplay-logo.png\",\"contentUrl\":\"https:\\\/\\\/kidsplay.lt\\\/wp-content\\\/uploads\\\/2023\\\/07\\\/kidsplay-logo.png\",\"width\":451,\"height\":98,\"caption\":\"KidsPlay\"},\"image\":{\"@id\":\"https:\\\/\\\/kidsplay.lt\\\/#\\\/schema\\\/logo\\\/image\\\/\"},\"sameAs\":[\"https:\\\/\\\/www.facebook.com\\\/www.kidsplay.lt\"]}]}<\/script>\n<!-- \/ Yoast SEO plugin. -->","yoast_head_json":{"title":"CLASSIC WORLD medinis chameleono vaik\u0161tyn\u0117 su kalad\u0117l\u0117mis","description":"CLASSIC WORLD medinis chameleono vaik\u0161tyn\u0117 su kalad\u0117l\u0117mis","robots":{"index":"index","follow":"follow","max-snippet":"max-snippet:-1","max-image-preview":"max-image-preview:large","max-video-preview":"max-video-preview:-1"},"canonical":"https:\/\/kidsplay.lt\/lv\/products\/classic-world-medine-chameleono-vaikstyne-su-kaladelemis-2\/","og_locale":"lv_LV","og_type":"article","og_title":"CLASSIC WORLD medinis chameleono vaik\u0161tyn\u0117 su kalad\u0117l\u0117mis","og_description":"CLASSIC WORLD medinis chameleono vaik\u0161tyn\u0117 su kalad\u0117l\u0117mis","og_url":"https:\/\/kidsplay.lt\/lv\/products\/classic-world-medine-chameleono-vaikstyne-su-kaladelemis-2\/","og_site_name":"KidsPlay","article_publisher":"https:\/\/www.facebook.com\/www.kidsplay.lt","article_modified_time":"2026-04-13T11:38:32+00:00","og_image":[{"width":1000,"height":1000,"url":"https:\/\/kidsplay.lt\/wp-content\/uploads\/2025\/09\/CLASSIC-WORLD-medinis-chameleono-vaikstyne-su-kaladelemis.jpg","type":"image\/jpeg"}],"twitter_card":"summary_large_image","twitter_misc":{"Est. reading time":"1 min\u016bte"},"schema":{"@context":"https:\/\/schema.org","@graph":[{"@type":"WebPage","@id":"https:\/\/kidsplay.lt\/produktas\/classic-world-medine-chameleono-vaikstyne-su-kaladelemis-2\/","url":"https:\/\/kidsplay.lt\/produktas\/classic-world-medine-chameleono-vaikstyne-su-kaladelemis-2\/","name":"CLASSIC WORLD medinis chameleono vaik\u0161tyn\u0117 su kalad\u0117l\u0117mis","isPartOf":{"@id":"https:\/\/kidsplay.lt\/#website"},"primaryImageOfPage":{"@id":"https:\/\/kidsplay.lt\/produktas\/classic-world-medine-chameleono-vaikstyne-su-kaladelemis-2\/#primaryimage"},"image":{"@id":"https:\/\/kidsplay.lt\/produktas\/classic-world-medine-chameleono-vaikstyne-su-kaladelemis-2\/#primaryimage"},"thumbnailUrl":"https:\/\/kidsplay.lt\/wp-content\/uploads\/2025\/09\/CLASSIC-WORLD-medinis-chameleono-vaikstyne-su-kaladelemis.jpg","datePublished":"2025-10-02T10:13:23+00:00","dateModified":"2026-04-13T11:38:32+00:00","description":"CLASSIC WORLD medinis chameleono vaik\u0161tyn\u0117 su kalad\u0117l\u0117mis","breadcrumb":{"@id":"https:\/\/kidsplay.lt\/produktas\/classic-world-medine-chameleono-vaikstyne-su-kaladelemis-2\/#breadcrumb"},"inLanguage":"lv-LV","potentialAction":[{"@type":"ReadAction","target":["https:\/\/kidsplay.lt\/produktas\/classic-world-medine-chameleono-vaikstyne-su-kaladelemis-2\/"]}]},{"@type":"ImageObject","inLanguage":"lv-LV","@id":"https:\/\/kidsplay.lt\/produktas\/classic-world-medine-chameleono-vaikstyne-su-kaladelemis-2\/#primaryimage","url":"https:\/\/kidsplay.lt\/wp-content\/uploads\/2025\/09\/CLASSIC-WORLD-medinis-chameleono-vaikstyne-su-kaladelemis.jpg","contentUrl":"https:\/\/kidsplay.lt\/wp-content\/uploads\/2025\/09\/CLASSIC-WORLD-medinis-chameleono-vaikstyne-su-kaladelemis.jpg","width":1000,"height":1000,"caption":"CLASSIC WORLD medinis chameleono vaik\u0161tyn\u0117 su kalad\u0117l\u0117mis"},{"@type":"BreadcrumbList","@id":"https:\/\/kidsplay.lt\/produktas\/classic-world-medine-chameleono-vaikstyne-su-kaladelemis-2\/#breadcrumb","itemListElement":[{"@type":"ListItem","position":1,"name":"Pagrindinis","item":"https:\/\/kidsplay.lt\/"},{"@type":"ListItem","position":2,"name":"Parduotuv\u0117","item":"https:\/\/kidsplay.lt\/parduotuve\/"},{"@type":"ListItem","position":3,"name":"CLASSIC WORLD medin\u0117 chameleono vaik\u0161tyn\u0117 su kalad\u0117l\u0117mis"}]},{"@type":"WebSite","@id":"https:\/\/kidsplay.lt\/#website","url":"https:\/\/kidsplay.lt\/","name":"B\u0113rnu sp\u0113les.lv","description":"\u012evairios prek\u0117s vaikams","publisher":{"@id":"https:\/\/kidsplay.lt\/#organization"},"alternateName":"Kidsplay","potentialAction":[{"@type":"SearchAction","target":{"@type":"EntryPoint","urlTemplate":"https:\/\/kidsplay.lt\/?s={search_term_string}"},"query-input":{"@type":"PropertyValueSpecification","valueRequired":true,"valueName":"search_term_string"}}],"inLanguage":"lv-LV"},{"@type":"Organization","@id":"https:\/\/kidsplay.lt\/#organization","name":"B\u0113rnu sp\u0113le","url":"https:\/\/kidsplay.lt\/","logo":{"@type":"ImageObject","inLanguage":"lv-LV","@id":"https:\/\/kidsplay.lt\/#\/schema\/logo\/image\/","url":"https:\/\/kidsplay.lt\/wp-content\/uploads\/2023\/07\/kidsplay-logo.png","contentUrl":"https:\/\/kidsplay.lt\/wp-content\/uploads\/2023\/07\/kidsplay-logo.png","width":451,"height":98,"caption":"KidsPlay"},"image":{"@id":"https:\/\/kidsplay.lt\/#\/schema\/logo\/image\/"},"sameAs":["https:\/\/www.facebook.com\/www.kidsplay.lt"]}]}},"_links":{"self":[{"href":"https:\/\/kidsplay.lt\/lv\/wp-json\/wp\/v2\/product\/69306","targetHints":{"allow":["GET"]}}],"collection":[{"href":"https:\/\/kidsplay.lt\/lv\/wp-json\/wp\/v2\/product"}],"about":[{"href":"https:\/\/kidsplay.lt\/lv\/wp-json\/wp\/v2\/types\/product"}],"version-history":[{"count":3,"href":"https:\/\/kidsplay.lt\/lv\/wp-json\/wp\/v2\/product\/69306\/revisions"}],"predecessor-version":[{"id":88770,"href":"https:\/\/kidsplay.lt\/lv\/wp-json\/wp\/v2\/product\/69306\/revisions\/88770"}],"wp:featuredmedia":[{"embeddable":true,"href":"https:\/\/kidsplay.lt\/lv\/wp-json\/wp\/v2\/media\/63017"}],"wp:attachment":[{"href":"https:\/\/kidsplay.lt\/lv\/wp-json\/wp\/v2\/media?parent=69306"}],"wp:term":[{"taxonomy":"product_brand","embeddable":true,"href":"https:\/\/kidsplay.lt\/lv\/wp-json\/wp\/v2\/product_brand?post=69306"},{"taxonomy":"product_cat","embeddable":true,"href":"https:\/\/kidsplay.lt\/lv\/wp-json\/wp\/v2\/product_cat?post=69306"},{"taxonomy":"product_tag","embeddable":true,"href":"https:\/\/kidsplay.lt\/lv\/wp-json\/wp\/v2\/product_tag?post=69306"}],"curies":[{"name":"wp","href":"https:\/\/api.w.org\/{rel}","templated":true}]}}