{"id":69316,"date":"2025-10-02T13:13:48","date_gmt":"2025-10-02T10:13:48","guid":{"rendered":"https:\/\/kidsplay.lt\/produktas\/vaziuojamasis-pirkiniu-vezimelis\/"},"modified":"2026-04-07T10:17:45","modified_gmt":"2026-04-07T07:17:45","slug":"vaziuojamasis-pirkiniu-vezimelis","status":"publish","type":"product","link":"https:\/\/kidsplay.lt\/lv\/products\/vaziuojamasis-pirkiniu-vezimelis\/","title":{"rendered":"Va\u017eiuojamasis pirkini\u0173 ve\u017eim\u0117lis"},"content":{"rendered":"<p>\u201eCozy Coupe\u201c pad\u0117s ma\u017eiesiems apsipirkti.\u00a0Tai puikus sprendimas apsipirkimui realiame gyvenime, bet kartu ir puikus b\u016bdas smagiai praleisti laik\u0105.\u00a0Automobilis su krep\u0161eliu\u00a0skatina vaik\u0173 vaizduot\u0119, skatina vaidmen\u0173 \u017eaidimus ir lavinim\u0105.\u00a0\u017daislas taip pat turi daiktad\u0117\u017e\u0119 po krep\u0161iu.<\/p>\n<p>\u201eLittle Tikes\u201c produktai yra \u017einomi ir m\u0117gstami visuose \u017eemynuose, daugelyje nam\u0173 tarp daugyb\u0117s besi\u0161ypsan\u010di\u0173 vaik\u0173 ir patenkint\u0173 t\u0117v\u0173. Galvodama apie vaik\u0173 saugum\u0105, \u201eLittle Tikes\u201c gamina produktus, kurie atitinka visus b\u016btinus saugos standartus. Siekiant u\u017etikrinti gamini\u0173 ilgaam\u017ei\u0161kum\u0105, \u017eaislai yra suprojektuoti ir pagaminti naudojant pa\u017eangiausi\u0105 technologij\u0105 \u2013 rotacin\u012f liejim\u0105, garantuojant\u012f daugyb\u0119 met\u0173 smagi\u0173 pramog\u0173.<\/p>","protected":false},"excerpt":{"rendered":"<p>Va\u017eiuojamasis pirkini\u0173 ve\u017eim\u0117lis<\/p>","protected":false},"featured_media":61737,"template":"","meta":{"_acf_changed":false,"_glsr_average":0,"_glsr_ranking":0,"_glsr_reviews":0},"product_brand":[],"product_cat":[893,399],"product_tag":[],"class_list":{"0":"post-69316","1":"product","2":"type-product","3":"status-publish","4":"has-post-thumbnail","6":"product_cat-parduotuves","7":"product_cat-vaidmenu-zaidimai-2","8":"\"style=\"background-color: #2ecc711c;\"","10":"first","11":"instock","12":"purchasable","13":"product-type-simple"},"acf":[],"yoast_head":"<!-- This site is optimized with the Yoast SEO plugin v27.3 - https:\/\/yoast.com\/product\/yoast-seo-wordpress\/ -->\n<title>Va\u017eiuojamasis pirkini\u0173 ve\u017eim\u0117lis<\/title>\n<meta name=\"description\" content=\"Va\u017eiuojamasis pirkini\u0173 ve\u017eim\u0117lis\" \/>\n<meta name=\"robots\" content=\"index, follow, max-snippet:-1, max-image-preview:large, max-video-preview:-1\" \/>\n<link rel=\"canonical\" href=\"https:\/\/kidsplay.lt\/lv\/products\/vaziuojamasis-pirkiniu-vezimelis\/\" \/>\n<meta property=\"og:locale\" content=\"lv_LV\" \/>\n<meta property=\"og:type\" content=\"article\" \/>\n<meta property=\"og:title\" content=\"Va\u017eiuojamasis pirkini\u0173 ve\u017eim\u0117lis\" \/>\n<meta property=\"og:description\" content=\"Va\u017eiuojamasis pirkini\u0173 ve\u017eim\u0117lis\" \/>\n<meta property=\"og:url\" content=\"https:\/\/kidsplay.lt\/lv\/products\/vaziuojamasis-pirkiniu-vezimelis\/\" \/>\n<meta property=\"og:site_name\" content=\"KidsPlay\" \/>\n<meta property=\"article:publisher\" content=\"https:\/\/www.facebook.com\/www.kidsplay.lt\" \/>\n<meta property=\"article:modified_time\" content=\"2026-04-07T07:17:45+00:00\" \/>\n<meta property=\"og:image\" content=\"https:\/\/kidsplay.lt\/wp-content\/uploads\/2025\/09\/Vaziuojamasis-pirkiniu-vezimelis.jpg\" \/>\n\t<meta property=\"og:image:width\" content=\"800\" \/>\n\t<meta property=\"og:image:height\" content=\"800\" \/>\n\t<meta property=\"og:image:type\" content=\"image\/jpeg\" \/>\n<meta name=\"twitter:card\" content=\"summary_large_image\" \/>\n<meta name=\"twitter:label1\" content=\"Est. reading time\" \/>\n\t<meta name=\"twitter:data1\" content=\"1 min\u016bte\" \/>\n<script type=\"application\/ld+json\" class=\"yoast-schema-graph\">{\"@context\":\"https:\\\/\\\/schema.org\",\"@graph\":[{\"@type\":\"WebPage\",\"@id\":\"https:\\\/\\\/kidsplay.lt\\\/produktas\\\/vaziuojamasis-pirkiniu-vezimelis\\\/\",\"url\":\"https:\\\/\\\/kidsplay.lt\\\/produktas\\\/vaziuojamasis-pirkiniu-vezimelis\\\/\",\"name\":\"Va\u017eiuojamasis pirkini\u0173 ve\u017eim\u0117lis\",\"isPartOf\":{\"@id\":\"https:\\\/\\\/kidsplay.lt\\\/#website\"},\"primaryImageOfPage\":{\"@id\":\"https:\\\/\\\/kidsplay.lt\\\/produktas\\\/vaziuojamasis-pirkiniu-vezimelis\\\/#primaryimage\"},\"image\":{\"@id\":\"https:\\\/\\\/kidsplay.lt\\\/produktas\\\/vaziuojamasis-pirkiniu-vezimelis\\\/#primaryimage\"},\"thumbnailUrl\":\"https:\\\/\\\/kidsplay.lt\\\/wp-content\\\/uploads\\\/2025\\\/09\\\/Vaziuojamasis-pirkiniu-vezimelis.jpg\",\"datePublished\":\"2025-10-02T10:13:48+00:00\",\"dateModified\":\"2026-04-07T07:17:45+00:00\",\"description\":\"Va\u017eiuojamasis pirkini\u0173 ve\u017eim\u0117lis\",\"breadcrumb\":{\"@id\":\"https:\\\/\\\/kidsplay.lt\\\/produktas\\\/vaziuojamasis-pirkiniu-vezimelis\\\/#breadcrumb\"},\"inLanguage\":\"lv-LV\",\"potentialAction\":[{\"@type\":\"ReadAction\",\"target\":[\"https:\\\/\\\/kidsplay.lt\\\/produktas\\\/vaziuojamasis-pirkiniu-vezimelis\\\/\"]}]},{\"@type\":\"ImageObject\",\"inLanguage\":\"lv-LV\",\"@id\":\"https:\\\/\\\/kidsplay.lt\\\/produktas\\\/vaziuojamasis-pirkiniu-vezimelis\\\/#primaryimage\",\"url\":\"https:\\\/\\\/kidsplay.lt\\\/wp-content\\\/uploads\\\/2025\\\/09\\\/Vaziuojamasis-pirkiniu-vezimelis.jpg\",\"contentUrl\":\"https:\\\/\\\/kidsplay.lt\\\/wp-content\\\/uploads\\\/2025\\\/09\\\/Vaziuojamasis-pirkiniu-vezimelis.jpg\",\"width\":2560,\"height\":2560,\"caption\":\"Va\u017eiuojamasis pirkini\u0173 ve\u017eim\u0117lis\"},{\"@type\":\"BreadcrumbList\",\"@id\":\"https:\\\/\\\/kidsplay.lt\\\/produktas\\\/vaziuojamasis-pirkiniu-vezimelis\\\/#breadcrumb\",\"itemListElement\":[{\"@type\":\"ListItem\",\"position\":1,\"name\":\"Pagrindinis\",\"item\":\"https:\\\/\\\/kidsplay.lt\\\/\"},{\"@type\":\"ListItem\",\"position\":2,\"name\":\"Parduotuv\u0117\",\"item\":\"https:\\\/\\\/kidsplay.lt\\\/parduotuve\\\/\"},{\"@type\":\"ListItem\",\"position\":3,\"name\":\"Va\u017eiuojamasis pirkini\u0173 ve\u017eim\u0117lis\"}]},{\"@type\":\"WebSite\",\"@id\":\"https:\\\/\\\/kidsplay.lt\\\/#website\",\"url\":\"https:\\\/\\\/kidsplay.lt\\\/\",\"name\":\"Kidsplay.lt\",\"description\":\"\u012evairios prek\u0117s vaikams\",\"publisher\":{\"@id\":\"https:\\\/\\\/kidsplay.lt\\\/#organization\"},\"alternateName\":\"Kidsplay\",\"potentialAction\":[{\"@type\":\"SearchAction\",\"target\":{\"@type\":\"EntryPoint\",\"urlTemplate\":\"https:\\\/\\\/kidsplay.lt\\\/?s={search_term_string}\"},\"query-input\":{\"@type\":\"PropertyValueSpecification\",\"valueRequired\":true,\"valueName\":\"search_term_string\"}}],\"inLanguage\":\"lv-LV\"},{\"@type\":\"Organization\",\"@id\":\"https:\\\/\\\/kidsplay.lt\\\/#organization\",\"name\":\"KidsPlay\",\"url\":\"https:\\\/\\\/kidsplay.lt\\\/\",\"logo\":{\"@type\":\"ImageObject\",\"inLanguage\":\"lv-LV\",\"@id\":\"https:\\\/\\\/kidsplay.lt\\\/#\\\/schema\\\/logo\\\/image\\\/\",\"url\":\"https:\\\/\\\/kidsplay.lt\\\/wp-content\\\/uploads\\\/2023\\\/07\\\/kidsplay-logo.png\",\"contentUrl\":\"https:\\\/\\\/kidsplay.lt\\\/wp-content\\\/uploads\\\/2023\\\/07\\\/kidsplay-logo.png\",\"width\":451,\"height\":98,\"caption\":\"KidsPlay\"},\"image\":{\"@id\":\"https:\\\/\\\/kidsplay.lt\\\/#\\\/schema\\\/logo\\\/image\\\/\"},\"sameAs\":[\"https:\\\/\\\/www.facebook.com\\\/www.kidsplay.lt\"]}]}<\/script>\n<!-- \/ Yoast SEO plugin. -->","yoast_head_json":{"title":"Va\u017eiuojamasis pirkini\u0173 ve\u017eim\u0117lis","description":"Va\u017eiuojamasis pirkini\u0173 ve\u017eim\u0117lis","robots":{"index":"index","follow":"follow","max-snippet":"max-snippet:-1","max-image-preview":"max-image-preview:large","max-video-preview":"max-video-preview:-1"},"canonical":"https:\/\/kidsplay.lt\/lv\/products\/vaziuojamasis-pirkiniu-vezimelis\/","og_locale":"lv_LV","og_type":"article","og_title":"Va\u017eiuojamasis pirkini\u0173 ve\u017eim\u0117lis","og_description":"Va\u017eiuojamasis pirkini\u0173 ve\u017eim\u0117lis","og_url":"https:\/\/kidsplay.lt\/lv\/products\/vaziuojamasis-pirkiniu-vezimelis\/","og_site_name":"KidsPlay","article_publisher":"https:\/\/www.facebook.com\/www.kidsplay.lt","article_modified_time":"2026-04-07T07:17:45+00:00","og_image":[{"url":"https:\/\/kidsplay.lt\/wp-content\/uploads\/2025\/09\/Vaziuojamasis-pirkiniu-vezimelis.jpg","width":800,"height":800,"type":"image\/jpeg"}],"twitter_card":"summary_large_image","twitter_misc":{"Est. reading time":"1 min\u016bte"},"schema":{"@context":"https:\/\/schema.org","@graph":[{"@type":"WebPage","@id":"https:\/\/kidsplay.lt\/produktas\/vaziuojamasis-pirkiniu-vezimelis\/","url":"https:\/\/kidsplay.lt\/produktas\/vaziuojamasis-pirkiniu-vezimelis\/","name":"Va\u017eiuojamasis pirkini\u0173 ve\u017eim\u0117lis","isPartOf":{"@id":"https:\/\/kidsplay.lt\/#website"},"primaryImageOfPage":{"@id":"https:\/\/kidsplay.lt\/produktas\/vaziuojamasis-pirkiniu-vezimelis\/#primaryimage"},"image":{"@id":"https:\/\/kidsplay.lt\/produktas\/vaziuojamasis-pirkiniu-vezimelis\/#primaryimage"},"thumbnailUrl":"https:\/\/kidsplay.lt\/wp-content\/uploads\/2025\/09\/Vaziuojamasis-pirkiniu-vezimelis.jpg","datePublished":"2025-10-02T10:13:48+00:00","dateModified":"2026-04-07T07:17:45+00:00","description":"Va\u017eiuojamasis pirkini\u0173 ve\u017eim\u0117lis","breadcrumb":{"@id":"https:\/\/kidsplay.lt\/produktas\/vaziuojamasis-pirkiniu-vezimelis\/#breadcrumb"},"inLanguage":"lv-LV","potentialAction":[{"@type":"ReadAction","target":["https:\/\/kidsplay.lt\/produktas\/vaziuojamasis-pirkiniu-vezimelis\/"]}]},{"@type":"ImageObject","inLanguage":"lv-LV","@id":"https:\/\/kidsplay.lt\/produktas\/vaziuojamasis-pirkiniu-vezimelis\/#primaryimage","url":"https:\/\/kidsplay.lt\/wp-content\/uploads\/2025\/09\/Vaziuojamasis-pirkiniu-vezimelis.jpg","contentUrl":"https:\/\/kidsplay.lt\/wp-content\/uploads\/2025\/09\/Vaziuojamasis-pirkiniu-vezimelis.jpg","width":2560,"height":2560,"caption":"Va\u017eiuojamasis pirkini\u0173 ve\u017eim\u0117lis"},{"@type":"BreadcrumbList","@id":"https:\/\/kidsplay.lt\/produktas\/vaziuojamasis-pirkiniu-vezimelis\/#breadcrumb","itemListElement":[{"@type":"ListItem","position":1,"name":"Pagrindinis","item":"https:\/\/kidsplay.lt\/"},{"@type":"ListItem","position":2,"name":"Parduotuv\u0117","item":"https:\/\/kidsplay.lt\/parduotuve\/"},{"@type":"ListItem","position":3,"name":"Va\u017eiuojamasis pirkini\u0173 ve\u017eim\u0117lis"}]},{"@type":"WebSite","@id":"https:\/\/kidsplay.lt\/#website","url":"https:\/\/kidsplay.lt\/","name":"B\u0113rnu sp\u0113les.lv","description":"\u012evairios prek\u0117s vaikams","publisher":{"@id":"https:\/\/kidsplay.lt\/#organization"},"alternateName":"Kidsplay","potentialAction":[{"@type":"SearchAction","target":{"@type":"EntryPoint","urlTemplate":"https:\/\/kidsplay.lt\/?s={search_term_string}"},"query-input":{"@type":"PropertyValueSpecification","valueRequired":true,"valueName":"search_term_string"}}],"inLanguage":"lv-LV"},{"@type":"Organization","@id":"https:\/\/kidsplay.lt\/#organization","name":"B\u0113rnu sp\u0113le","url":"https:\/\/kidsplay.lt\/","logo":{"@type":"ImageObject","inLanguage":"lv-LV","@id":"https:\/\/kidsplay.lt\/#\/schema\/logo\/image\/","url":"https:\/\/kidsplay.lt\/wp-content\/uploads\/2023\/07\/kidsplay-logo.png","contentUrl":"https:\/\/kidsplay.lt\/wp-content\/uploads\/2023\/07\/kidsplay-logo.png","width":451,"height":98,"caption":"KidsPlay"},"image":{"@id":"https:\/\/kidsplay.lt\/#\/schema\/logo\/image\/"},"sameAs":["https:\/\/www.facebook.com\/www.kidsplay.lt"]}]}},"_links":{"self":[{"href":"https:\/\/kidsplay.lt\/lv\/wp-json\/wp\/v2\/product\/69316","targetHints":{"allow":["GET"]}}],"collection":[{"href":"https:\/\/kidsplay.lt\/lv\/wp-json\/wp\/v2\/product"}],"about":[{"href":"https:\/\/kidsplay.lt\/lv\/wp-json\/wp\/v2\/types\/product"}],"version-history":[{"count":2,"href":"https:\/\/kidsplay.lt\/lv\/wp-json\/wp\/v2\/product\/69316\/revisions"}],"predecessor-version":[{"id":73702,"href":"https:\/\/kidsplay.lt\/lv\/wp-json\/wp\/v2\/product\/69316\/revisions\/73702"}],"wp:featuredmedia":[{"embeddable":true,"href":"https:\/\/kidsplay.lt\/lv\/wp-json\/wp\/v2\/media\/61737"}],"wp:attachment":[{"href":"https:\/\/kidsplay.lt\/lv\/wp-json\/wp\/v2\/media?parent=69316"}],"wp:term":[{"taxonomy":"product_brand","embeddable":true,"href":"https:\/\/kidsplay.lt\/lv\/wp-json\/wp\/v2\/product_brand?post=69316"},{"taxonomy":"product_cat","embeddable":true,"href":"https:\/\/kidsplay.lt\/lv\/wp-json\/wp\/v2\/product_cat?post=69316"},{"taxonomy":"product_tag","embeddable":true,"href":"https:\/\/kidsplay.lt\/lv\/wp-json\/wp\/v2\/product_tag?post=69316"}],"curies":[{"name":"wp","href":"https:\/\/api.w.org\/{rel}","templated":true}]}}