{"id":69322,"date":"2025-10-02T13:14:00","date_gmt":"2025-10-02T10:14:00","guid":{"rendered":"https:\/\/kidsplay.lt\/produktas\/woopie-kinetinis-smelis-15-kg-xxl-rinkinys-zoo-safari-stalas-su-formomis-2\/"},"modified":"2026-03-08T17:30:58","modified_gmt":"2026-03-08T15:30:58","slug":"woopie-kinetinis-smelis-15-kg-xxl-rinkinys-zoo-safari-stalas-su-formomis-2","status":"publish","type":"product","link":"https:\/\/kidsplay.lt\/lv\/products\/woopie-kinetinis-smelis-15-kg-xxl-rinkinys-zoo-safari-stalas-su-formomis-2\/","title":{"rendered":"WOOPIE kin\u0113tisk\u0101s smiltis 1,5 kg XXL komplekts ZOO Safari galds ar form\u0101m"},"content":{"rendered":"<p>Atraskite \u017eav\u0173 k\u016brybini\u0173 \u017eaidim\u0173 pasaul\u012f su stebuklingu \u201eWoopie\u201c\u00a0kinetinio sm\u0117lio\u00a0rinkiniu\u00a0! \u0160is nuostabus\u00a01500 g\u00a0kinetinis sm\u0117lis\u00a0niekada\u00a0nei\u0161d\u017ei\u016bsta\u00a0, yra\u00a0lengvai formuojamas ir i\u0161laiko savo form\u0105\u00a0, suteikdamas valand\u0173 valandas ner\u016bpesting\u0173 pramog\u0173. Sukurkite savo unikal\u0173 pasaul\u012f, piln\u0105 gyv\u016bn\u0173 ir fantasti\u0161k\u0173 form\u0173, naudodami prid\u0117tas\u00a0formeles ir priedus\u00a0. Puikiai tinka lavinti vaizduot\u0119, rank\u0173 \u012fg\u016bd\u017eius ir k\u016brybi\u0161kum\u0105 vaikams nuo 3 met\u0173 am\u017eiaus. Tai puikus b\u016bdas u\u017eimti ma\u017euosius ir smagiai praleisti laik\u0105!<br \/>\nRakstur\u012bgs:<\/p>\n<p> \t&#8211; Vaiko am\u017eius:\u00a03+ metai<br \/>\n \t&#8211;\u00a01500 g mink\u0161to\u00a0, lengvai formuojamo sm\u0117lio, kuris niekada nei\u0161d\u017ei\u016bsta ir nepalieka d\u0117mi\u0173 ant rank\u0173<br \/>\n \t&#8211;\u00a0Puikiai tinka kurti \u012fvairias formas ir scenas, lavinti vaizduot\u0119 ir rank\u0173 \u012fg\u016bd\u017eius<br \/>\n \t&#8211;\u00a0Sertifikuotas produktas,\u00a0saugus vaikams<br \/>\n \t&#8211;\u00a0Prakti\u0161ka pakuot\u0117 su rankena\u00a0, kuri taip pat tarnauja kaip sm\u0117lio d\u0117\u017e\u0117<\/p>\n<p>Komplekt\u0101 ietilpst:<\/p>\n<p> \t&#8211; 1500 g\u00a0dviej\u0173 spalv\u0173\u00a0kinetinio sm\u0117lio<br \/>\n \t&#8211;\u00a0Patogus lagaminas \/ konteineris, kuris tarnauja kaip sm\u0117lio d\u0117\u017e\u0117<br \/>\n \t&#8211;\u00a0Formeli\u0173 rinkinys su \u012fvairiomis gyv\u016bn\u0173 formomis<br \/>\n \t&#8211;\u00a0\u012erankiai sm\u0117lio modeliavimui (kastuvas, gr\u0117blys)<br \/>\n \t&#8211; U\u017esegami mai\u0161eliai sm\u0117liui laikyti<\/p>\n<p>Rota\u013clieta att\u012bst\u0101s:<\/p>\n<p> \t&#8211; K\u016brybi\u0161kumas ir vaizduot\u0117<br \/>\n \t&#8211; Manikiniai \u012fg\u016bd\u017eiai ir smulkioji motorika<br \/>\n \t&#8211; Jutiminis suvokimas<br \/>\n \t&#8211; Susikaupimas ir kantryb\u0117<\/p>","protected":false},"excerpt":{"rendered":"<p>WOOPIE kin\u0113tisk\u0101s smiltis 1,5 kg XXL komplekts ZOO Safari galds ar form\u0101m<\/p>","protected":false},"featured_media":63041,"template":"","meta":{"_acf_changed":false,"_glsr_average":0,"_glsr_ranking":0,"_glsr_reviews":0},"product_brand":[],"product_cat":[388,229],"product_tag":[],"class_list":{"0":"post-69322","1":"product","2":"type-product","3":"status-publish","4":"has-post-thumbnail","6":"product_cat-edukaciniai-lavinamieji-zaislai","7":"product_cat-zaislai-vaikams","8":"\"style=\"background-color: #2ecc711c;\"","10":"first","11":"outofstock","12":"sale","13":"purchasable","14":"product-type-simple"},"acf":[],"yoast_head":"<!-- This site is optimized with the Yoast SEO plugin v27.4 - https:\/\/yoast.com\/product\/yoast-seo-wordpress\/ -->\n<title>WOOPIE kinetinis sm\u0117lis 1,5 kg XXL rinkinys ZOO Safari stalas su formomis<\/title>\n<meta name=\"description\" content=\"WOOPIE kinetinis sm\u0117lis 1,5 kg XXL rinkinys ZOO Safari stalas su formomis\" \/>\n<meta name=\"robots\" content=\"index, follow, max-snippet:-1, max-image-preview:large, max-video-preview:-1\" \/>\n<link rel=\"canonical\" href=\"https:\/\/kidsplay.lt\/lv\/products\/woopie-kinetinis-smelis-15-kg-xxl-rinkinys-zoo-safari-stalas-su-formomis-2\/\" \/>\n<meta property=\"og:locale\" content=\"lv_LV\" \/>\n<meta property=\"og:type\" content=\"article\" \/>\n<meta property=\"og:title\" content=\"WOOPIE kinetinis sm\u0117lis 1,5 kg XXL rinkinys ZOO Safari stalas su formomis\" \/>\n<meta property=\"og:description\" content=\"WOOPIE kinetinis sm\u0117lis 1,5 kg XXL rinkinys ZOO Safari stalas su formomis\" \/>\n<meta property=\"og:url\" content=\"https:\/\/kidsplay.lt\/lv\/products\/woopie-kinetinis-smelis-15-kg-xxl-rinkinys-zoo-safari-stalas-su-formomis-2\/\" \/>\n<meta property=\"og:site_name\" content=\"KidsPlay\" \/>\n<meta property=\"article:publisher\" content=\"https:\/\/www.facebook.com\/www.kidsplay.lt\" \/>\n<meta property=\"article:modified_time\" content=\"2026-03-08T15:30:58+00:00\" \/>\n<meta property=\"og:image\" content=\"https:\/\/kidsplay.lt\/wp-content\/uploads\/2025\/09\/WOOPIE-kinetinis-smelis-15-kg-XXL-rinkinys-ZOO-Safari-stalas-su-formomis.jpg\" \/>\n\t<meta property=\"og:image:width\" content=\"1000\" \/>\n\t<meta property=\"og:image:height\" content=\"1000\" \/>\n\t<meta property=\"og:image:type\" content=\"image\/jpeg\" \/>\n<meta name=\"twitter:card\" content=\"summary_large_image\" \/>\n<meta name=\"twitter:label1\" content=\"Est. reading time\" \/>\n\t<meta name=\"twitter:data1\" content=\"1 min\u016bte\" \/>\n<script type=\"application\/ld+json\" class=\"yoast-schema-graph\">{\"@context\":\"https:\\\/\\\/schema.org\",\"@graph\":[{\"@type\":\"WebPage\",\"@id\":\"https:\\\/\\\/kidsplay.lt\\\/produktas\\\/woopie-kinetinis-smelis-15-kg-xxl-rinkinys-zoo-safari-stalas-su-formomis-2\\\/\",\"url\":\"https:\\\/\\\/kidsplay.lt\\\/produktas\\\/woopie-kinetinis-smelis-15-kg-xxl-rinkinys-zoo-safari-stalas-su-formomis-2\\\/\",\"name\":\"WOOPIE kinetinis sm\u0117lis 1,5 kg XXL rinkinys ZOO Safari stalas su formomis\",\"isPartOf\":{\"@id\":\"https:\\\/\\\/kidsplay.lt\\\/#website\"},\"primaryImageOfPage\":{\"@id\":\"https:\\\/\\\/kidsplay.lt\\\/produktas\\\/woopie-kinetinis-smelis-15-kg-xxl-rinkinys-zoo-safari-stalas-su-formomis-2\\\/#primaryimage\"},\"image\":{\"@id\":\"https:\\\/\\\/kidsplay.lt\\\/produktas\\\/woopie-kinetinis-smelis-15-kg-xxl-rinkinys-zoo-safari-stalas-su-formomis-2\\\/#primaryimage\"},\"thumbnailUrl\":\"https:\\\/\\\/kidsplay.lt\\\/wp-content\\\/uploads\\\/2025\\\/09\\\/WOOPIE-kinetinis-smelis-15-kg-XXL-rinkinys-ZOO-Safari-stalas-su-formomis.jpg\",\"datePublished\":\"2025-10-02T10:14:00+00:00\",\"dateModified\":\"2026-03-08T15:30:58+00:00\",\"description\":\"WOOPIE kinetinis sm\u0117lis 1,5 kg XXL rinkinys ZOO Safari stalas su formomis\",\"breadcrumb\":{\"@id\":\"https:\\\/\\\/kidsplay.lt\\\/produktas\\\/woopie-kinetinis-smelis-15-kg-xxl-rinkinys-zoo-safari-stalas-su-formomis-2\\\/#breadcrumb\"},\"inLanguage\":\"lv-LV\",\"potentialAction\":[{\"@type\":\"ReadAction\",\"target\":[\"https:\\\/\\\/kidsplay.lt\\\/produktas\\\/woopie-kinetinis-smelis-15-kg-xxl-rinkinys-zoo-safari-stalas-su-formomis-2\\\/\"]}]},{\"@type\":\"ImageObject\",\"inLanguage\":\"lv-LV\",\"@id\":\"https:\\\/\\\/kidsplay.lt\\\/produktas\\\/woopie-kinetinis-smelis-15-kg-xxl-rinkinys-zoo-safari-stalas-su-formomis-2\\\/#primaryimage\",\"url\":\"https:\\\/\\\/kidsplay.lt\\\/wp-content\\\/uploads\\\/2025\\\/09\\\/WOOPIE-kinetinis-smelis-15-kg-XXL-rinkinys-ZOO-Safari-stalas-su-formomis.jpg\",\"contentUrl\":\"https:\\\/\\\/kidsplay.lt\\\/wp-content\\\/uploads\\\/2025\\\/09\\\/WOOPIE-kinetinis-smelis-15-kg-XXL-rinkinys-ZOO-Safari-stalas-su-formomis.jpg\",\"width\":1000,\"height\":1000,\"caption\":\"WOOPIE kinetinis sm\u0117lis 1\"},{\"@type\":\"BreadcrumbList\",\"@id\":\"https:\\\/\\\/kidsplay.lt\\\/produktas\\\/woopie-kinetinis-smelis-15-kg-xxl-rinkinys-zoo-safari-stalas-su-formomis-2\\\/#breadcrumb\",\"itemListElement\":[{\"@type\":\"ListItem\",\"position\":1,\"name\":\"Pagrindinis\",\"item\":\"https:\\\/\\\/kidsplay.lt\\\/\"},{\"@type\":\"ListItem\",\"position\":2,\"name\":\"Parduotuv\u0117\",\"item\":\"https:\\\/\\\/kidsplay.lt\\\/parduotuve\\\/\"},{\"@type\":\"ListItem\",\"position\":3,\"name\":\"WOOPIE kinetinis sm\u0117lis 1,5 kg XXL rinkinys ZOO Safari stalas su formomis\"}]},{\"@type\":\"WebSite\",\"@id\":\"https:\\\/\\\/kidsplay.lt\\\/#website\",\"url\":\"https:\\\/\\\/kidsplay.lt\\\/\",\"name\":\"Kidsplay.lt\",\"description\":\"\u012evairios prek\u0117s vaikams\",\"publisher\":{\"@id\":\"https:\\\/\\\/kidsplay.lt\\\/#organization\"},\"alternateName\":\"Kidsplay\",\"potentialAction\":[{\"@type\":\"SearchAction\",\"target\":{\"@type\":\"EntryPoint\",\"urlTemplate\":\"https:\\\/\\\/kidsplay.lt\\\/?s={search_term_string}\"},\"query-input\":{\"@type\":\"PropertyValueSpecification\",\"valueRequired\":true,\"valueName\":\"search_term_string\"}}],\"inLanguage\":\"lv-LV\"},{\"@type\":\"Organization\",\"@id\":\"https:\\\/\\\/kidsplay.lt\\\/#organization\",\"name\":\"KidsPlay\",\"url\":\"https:\\\/\\\/kidsplay.lt\\\/\",\"logo\":{\"@type\":\"ImageObject\",\"inLanguage\":\"lv-LV\",\"@id\":\"https:\\\/\\\/kidsplay.lt\\\/#\\\/schema\\\/logo\\\/image\\\/\",\"url\":\"https:\\\/\\\/kidsplay.lt\\\/wp-content\\\/uploads\\\/2023\\\/07\\\/kidsplay-logo.png\",\"contentUrl\":\"https:\\\/\\\/kidsplay.lt\\\/wp-content\\\/uploads\\\/2023\\\/07\\\/kidsplay-logo.png\",\"width\":451,\"height\":98,\"caption\":\"KidsPlay\"},\"image\":{\"@id\":\"https:\\\/\\\/kidsplay.lt\\\/#\\\/schema\\\/logo\\\/image\\\/\"},\"sameAs\":[\"https:\\\/\\\/www.facebook.com\\\/www.kidsplay.lt\"]}]}<\/script>\n<!-- \/ Yoast SEO plugin. -->","yoast_head_json":{"title":"WOOPIE kin\u0113tisk\u0101s smiltis 1,5 kg XXL komplekts ZOO Safari galds ar form\u0101m","description":"WOOPIE kin\u0113tisk\u0101s smiltis 1,5 kg XXL komplekts ZOO Safari galds ar form\u0101m","robots":{"index":"index","follow":"follow","max-snippet":"max-snippet:-1","max-image-preview":"max-image-preview:large","max-video-preview":"max-video-preview:-1"},"canonical":"https:\/\/kidsplay.lt\/lv\/products\/woopie-kinetinis-smelis-15-kg-xxl-rinkinys-zoo-safari-stalas-su-formomis-2\/","og_locale":"lv_LV","og_type":"article","og_title":"WOOPIE kinetinis sm\u0117lis 1,5 kg XXL rinkinys ZOO Safari stalas su formomis","og_description":"WOOPIE kinetinis sm\u0117lis 1,5 kg XXL rinkinys ZOO Safari stalas su formomis","og_url":"https:\/\/kidsplay.lt\/lv\/products\/woopie-kinetinis-smelis-15-kg-xxl-rinkinys-zoo-safari-stalas-su-formomis-2\/","og_site_name":"KidsPlay","article_publisher":"https:\/\/www.facebook.com\/www.kidsplay.lt","article_modified_time":"2026-03-08T15:30:58+00:00","og_image":[{"width":1000,"height":1000,"url":"https:\/\/kidsplay.lt\/wp-content\/uploads\/2025\/09\/WOOPIE-kinetinis-smelis-15-kg-XXL-rinkinys-ZOO-Safari-stalas-su-formomis.jpg","type":"image\/jpeg"}],"twitter_card":"summary_large_image","twitter_misc":{"Est. reading time":"1 min\u016bte"},"schema":{"@context":"https:\/\/schema.org","@graph":[{"@type":"WebPage","@id":"https:\/\/kidsplay.lt\/produktas\/woopie-kinetinis-smelis-15-kg-xxl-rinkinys-zoo-safari-stalas-su-formomis-2\/","url":"https:\/\/kidsplay.lt\/produktas\/woopie-kinetinis-smelis-15-kg-xxl-rinkinys-zoo-safari-stalas-su-formomis-2\/","name":"WOOPIE kin\u0113tisk\u0101s smiltis 1,5 kg XXL komplekts ZOO Safari galds ar form\u0101m","isPartOf":{"@id":"https:\/\/kidsplay.lt\/#website"},"primaryImageOfPage":{"@id":"https:\/\/kidsplay.lt\/produktas\/woopie-kinetinis-smelis-15-kg-xxl-rinkinys-zoo-safari-stalas-su-formomis-2\/#primaryimage"},"image":{"@id":"https:\/\/kidsplay.lt\/produktas\/woopie-kinetinis-smelis-15-kg-xxl-rinkinys-zoo-safari-stalas-su-formomis-2\/#primaryimage"},"thumbnailUrl":"https:\/\/kidsplay.lt\/wp-content\/uploads\/2025\/09\/WOOPIE-kinetinis-smelis-15-kg-XXL-rinkinys-ZOO-Safari-stalas-su-formomis.jpg","datePublished":"2025-10-02T10:14:00+00:00","dateModified":"2026-03-08T15:30:58+00:00","description":"WOOPIE kin\u0113tisk\u0101s smiltis 1,5 kg XXL komplekts ZOO Safari galds ar form\u0101m","breadcrumb":{"@id":"https:\/\/kidsplay.lt\/produktas\/woopie-kinetinis-smelis-15-kg-xxl-rinkinys-zoo-safari-stalas-su-formomis-2\/#breadcrumb"},"inLanguage":"lv-LV","potentialAction":[{"@type":"ReadAction","target":["https:\/\/kidsplay.lt\/produktas\/woopie-kinetinis-smelis-15-kg-xxl-rinkinys-zoo-safari-stalas-su-formomis-2\/"]}]},{"@type":"ImageObject","inLanguage":"lv-LV","@id":"https:\/\/kidsplay.lt\/produktas\/woopie-kinetinis-smelis-15-kg-xxl-rinkinys-zoo-safari-stalas-su-formomis-2\/#primaryimage","url":"https:\/\/kidsplay.lt\/wp-content\/uploads\/2025\/09\/WOOPIE-kinetinis-smelis-15-kg-XXL-rinkinys-ZOO-Safari-stalas-su-formomis.jpg","contentUrl":"https:\/\/kidsplay.lt\/wp-content\/uploads\/2025\/09\/WOOPIE-kinetinis-smelis-15-kg-XXL-rinkinys-ZOO-Safari-stalas-su-formomis.jpg","width":1000,"height":1000,"caption":"WOOPIE kinetinis sm\u0117lis 1"},{"@type":"BreadcrumbList","@id":"https:\/\/kidsplay.lt\/produktas\/woopie-kinetinis-smelis-15-kg-xxl-rinkinys-zoo-safari-stalas-su-formomis-2\/#breadcrumb","itemListElement":[{"@type":"ListItem","position":1,"name":"Pagrindinis","item":"https:\/\/kidsplay.lt\/"},{"@type":"ListItem","position":2,"name":"Parduotuv\u0117","item":"https:\/\/kidsplay.lt\/parduotuve\/"},{"@type":"ListItem","position":3,"name":"WOOPIE kinetinis sm\u0117lis 1,5 kg XXL rinkinys ZOO Safari stalas su formomis"}]},{"@type":"WebSite","@id":"https:\/\/kidsplay.lt\/#website","url":"https:\/\/kidsplay.lt\/","name":"B\u0113rnu sp\u0113les.lv","description":"\u012evairios prek\u0117s vaikams","publisher":{"@id":"https:\/\/kidsplay.lt\/#organization"},"alternateName":"Kidsplay","potentialAction":[{"@type":"SearchAction","target":{"@type":"EntryPoint","urlTemplate":"https:\/\/kidsplay.lt\/?s={search_term_string}"},"query-input":{"@type":"PropertyValueSpecification","valueRequired":true,"valueName":"search_term_string"}}],"inLanguage":"lv-LV"},{"@type":"Organization","@id":"https:\/\/kidsplay.lt\/#organization","name":"B\u0113rnu sp\u0113le","url":"https:\/\/kidsplay.lt\/","logo":{"@type":"ImageObject","inLanguage":"lv-LV","@id":"https:\/\/kidsplay.lt\/#\/schema\/logo\/image\/","url":"https:\/\/kidsplay.lt\/wp-content\/uploads\/2023\/07\/kidsplay-logo.png","contentUrl":"https:\/\/kidsplay.lt\/wp-content\/uploads\/2023\/07\/kidsplay-logo.png","width":451,"height":98,"caption":"KidsPlay"},"image":{"@id":"https:\/\/kidsplay.lt\/#\/schema\/logo\/image\/"},"sameAs":["https:\/\/www.facebook.com\/www.kidsplay.lt"]}]}},"_links":{"self":[{"href":"https:\/\/kidsplay.lt\/lv\/wp-json\/wp\/v2\/product\/69322","targetHints":{"allow":["GET"]}}],"collection":[{"href":"https:\/\/kidsplay.lt\/lv\/wp-json\/wp\/v2\/product"}],"about":[{"href":"https:\/\/kidsplay.lt\/lv\/wp-json\/wp\/v2\/types\/product"}],"version-history":[{"count":2,"href":"https:\/\/kidsplay.lt\/lv\/wp-json\/wp\/v2\/product\/69322\/revisions"}],"predecessor-version":[{"id":73699,"href":"https:\/\/kidsplay.lt\/lv\/wp-json\/wp\/v2\/product\/69322\/revisions\/73699"}],"wp:featuredmedia":[{"embeddable":true,"href":"https:\/\/kidsplay.lt\/lv\/wp-json\/wp\/v2\/media\/63041"}],"wp:attachment":[{"href":"https:\/\/kidsplay.lt\/lv\/wp-json\/wp\/v2\/media?parent=69322"}],"wp:term":[{"taxonomy":"product_brand","embeddable":true,"href":"https:\/\/kidsplay.lt\/lv\/wp-json\/wp\/v2\/product_brand?post=69322"},{"taxonomy":"product_cat","embeddable":true,"href":"https:\/\/kidsplay.lt\/lv\/wp-json\/wp\/v2\/product_cat?post=69322"},{"taxonomy":"product_tag","embeddable":true,"href":"https:\/\/kidsplay.lt\/lv\/wp-json\/wp\/v2\/product_tag?post=69322"}],"curies":[{"name":"wp","href":"https:\/\/api.w.org\/{rel}","templated":true}]}}