{"id":69326,"date":"2025-10-02T13:14:10","date_gmt":"2025-10-02T10:14:10","guid":{"rendered":"https:\/\/kidsplay.lt\/produktas\/woopie-balansines-sijos-modulinis-takelis-sensoriniam-takui-kvadratas-2\/"},"modified":"2026-04-13T14:38:56","modified_gmt":"2026-04-13T11:38:56","slug":"woopie-balansines-sijos-modulinis-takelis-sensoriniam-takui-kvadratas-2","status":"publish","type":"product","link":"https:\/\/kidsplay.lt\/lv\/products\/woopie-balansines-sijos-modulinis-takelis-sensoriniam-takui-kvadratas-2\/","title":{"rendered":"WOOPIE balansin\u0117s sijos modulinis takelis sensoriniam takui kvadratas"},"content":{"rendered":"<p>\u012ene\u0161kite dinami\u0161ko ir lavinan\u010dio \u017eaidimo \u012f savo vaiko kambar\u012f su moduliniu\u00a0\u201eWoopie\u201c sensoriniu takeliu!\u00a0\u0160is novatori\u0161kas\u00a0pusiausvyros takelis\u00a0yra ne tik labai smagus, bet ir svarbiausia, priemon\u0117, padedanti\u00a0lavinti pusiausvyr\u0105, motorin\u0119 koordinacij\u0105\u00a0ir sensorin\u0119 integracij\u0105.\u00a0Ry\u0161ki\u0173, kontrasting\u0173 spalv\u0173 dalys\u00a0lengvai sujungiamos, tod\u0117l galite sukurti \u012fvairias formas ir takus.\u00a0Pavir\u0161iaus i\u0161siki\u0161imai\u00a0ir nuo\u017euln\u016bs kra\u0161tai suteikia\u00a0lyt\u0117jimo stimuliacij\u0105 p\u0117dut\u0117ms\u00a0ir skatina nat\u016bral\u0173 pusiausvyros vystym\u0105si. Puikus \u017eaislas aktyviam \u017eaidimui tiek viduje, tiek lauke!<\/p>\n<p>Rakstur\u012bgs:<\/p>\n<p> \t&#8211; Vaikams\u00a0nuo 3 met\u0173 am\u017eiaus<br \/>\n \t&#8211;\u00a0\u00a0Lengvai sujungiami elementai\u00a0leid\u017eia sukurti \u012fvairias konfig\u016bracijas, pvz., kvadratus, sta\u010diakampius<br \/>\n \t&#8211;\u00a0\u00a0Neslystan\u010dios kojel\u0117s\u00a0u\u017etikrina stabilum\u0105 ir saugum\u0105 \u017eaidimo metu<br \/>\n \t&#8211; I\u0161siki\u0161imai ir \u012fdubimai\u00a0stimuliuoja p\u0117d\u0173 jutimo receptorius<br \/>\n \t&#8211;\u00a0\u00a0Nuo\u017euln\u016bs \u0161onai\u00a0padeda lavinti pusiausvyr\u0105 ir stiprina p\u0117d\u0173 raumenis<br \/>\n \t&#8211;\u00a0\u00a0\u012evairiaspalviai elementai\u00a0pritraukia d\u0117mes\u012f ir traukia ak\u012f<br \/>\n \t&#8211; Patvari med\u017eiaga u\u017etikrina ilgalaik\u012f ir saug\u0173 naudojim\u0105<\/p>\n<p>Komplekt\u0101 ietilpst:<\/p>\n<p> \t&#8211; Keturi skirting\u0173 spalv\u0173 moduliniai sensorinio tako elementai<br \/>\n \t&#8211; Keturios jungtys \/ stovai<br \/>\n \t&#8211; 40 neslystan\u010di\u0173 pagalv\u0117li\u0173<\/p>\n<p>Rota\u013clieta att\u012bst\u0101s:<\/p>\n<p> \t&#8211; Pusiausvyros poj\u016btis ir motorin\u0117 koordinacija<br \/>\n \t&#8211; Bendrieji motoriniai \u012fg\u016bd\u017eiai<br \/>\n \t&#8211; Sensorin\u0117 integracija (per lyt\u0117jimo stimuliacij\u0105)<br \/>\n \t&#8211; Vaizduot\u0117 ir k\u016brybi\u0161kumas (d\u0117l skirting\u0173 form\u0173 i\u0161d\u0117stymo)<br \/>\n \t&#8211; Erdvinis suvokimas<\/p>\n<p>Produkto matmenys:<\/p>\n<p> \t&#8211; Tako elementas 44,5 x 13,5 x 7,5 (cm)<br \/>\n \t&#8211; Jungtis 10,5 x 10,5 x 5,5 (cm)<br \/>\n \t&#8211; Bendras (kvadratinis): apytiksliai 65,5 x 65,5 x 7,5 (cm)<\/p>","protected":false},"excerpt":{"rendered":"<p>WOOPIE balansin\u0117s sijos modulinis takelis sensoriniam takui kvadratas<\/p>","protected":false},"featured_media":61755,"template":"","meta":{"_acf_changed":false,"_glsr_average":0,"_glsr_ranking":0,"_glsr_reviews":0},"product_brand":[],"product_cat":[673,229],"product_tag":[],"class_list":{"0":"post-69326","1":"product","2":"type-product","3":"status-publish","4":"has-post-thumbnail","6":"product_cat-ugdomosios-priemones","7":"product_cat-zaislai-vaikams","8":"\"style=\"background-color: #2ecc711c;\"","10":"first","11":"instock","12":"purchasable","13":"product-type-simple"},"acf":[],"yoast_head":"<!-- This site is optimized with the Yoast SEO plugin v27.4 - https:\/\/yoast.com\/product\/yoast-seo-wordpress\/ -->\n<title>WOOPIE balansin\u0117s sijos modulinis takelis sensoriniam takui kvadratas<\/title>\n<meta name=\"description\" content=\"WOOPIE balansin\u0117s sijos modulinis takelis sensoriniam takui kvadratas\" \/>\n<meta name=\"robots\" content=\"index, follow, max-snippet:-1, max-image-preview:large, max-video-preview:-1\" \/>\n<link rel=\"canonical\" href=\"https:\/\/kidsplay.lt\/lv\/products\/woopie-balansines-sijos-modulinis-takelis-sensoriniam-takui-kvadratas-2\/\" \/>\n<meta property=\"og:locale\" content=\"lv_LV\" \/>\n<meta property=\"og:type\" content=\"article\" \/>\n<meta property=\"og:title\" content=\"WOOPIE balansin\u0117s sijos modulinis takelis sensoriniam takui kvadratas\" \/>\n<meta property=\"og:description\" content=\"WOOPIE balansin\u0117s sijos modulinis takelis sensoriniam takui kvadratas\" \/>\n<meta property=\"og:url\" content=\"https:\/\/kidsplay.lt\/lv\/products\/woopie-balansines-sijos-modulinis-takelis-sensoriniam-takui-kvadratas-2\/\" \/>\n<meta property=\"og:site_name\" content=\"KidsPlay\" \/>\n<meta property=\"article:publisher\" content=\"https:\/\/www.facebook.com\/www.kidsplay.lt\" \/>\n<meta property=\"article:modified_time\" content=\"2026-04-13T11:38:56+00:00\" \/>\n<meta property=\"og:image\" content=\"https:\/\/kidsplay.lt\/wp-content\/uploads\/2025\/09\/WOOPIE-balansines-sijos-modulinis-takelis-sensoriniam-takui-kvadratas.jpg\" \/>\n\t<meta property=\"og:image:width\" content=\"880\" \/>\n\t<meta property=\"og:image:height\" content=\"880\" \/>\n\t<meta property=\"og:image:type\" content=\"image\/jpeg\" \/>\n<meta name=\"twitter:card\" content=\"summary_large_image\" \/>\n<meta name=\"twitter:label1\" content=\"Est. reading time\" \/>\n\t<meta name=\"twitter:data1\" content=\"1 min\u016bte\" \/>\n<script type=\"application\/ld+json\" class=\"yoast-schema-graph\">{\"@context\":\"https:\\\/\\\/schema.org\",\"@graph\":[{\"@type\":\"WebPage\",\"@id\":\"https:\\\/\\\/kidsplay.lt\\\/produktas\\\/woopie-balansines-sijos-modulinis-takelis-sensoriniam-takui-kvadratas-2\\\/\",\"url\":\"https:\\\/\\\/kidsplay.lt\\\/produktas\\\/woopie-balansines-sijos-modulinis-takelis-sensoriniam-takui-kvadratas-2\\\/\",\"name\":\"WOOPIE balansin\u0117s sijos modulinis takelis sensoriniam takui kvadratas\",\"isPartOf\":{\"@id\":\"https:\\\/\\\/kidsplay.lt\\\/#website\"},\"primaryImageOfPage\":{\"@id\":\"https:\\\/\\\/kidsplay.lt\\\/produktas\\\/woopie-balansines-sijos-modulinis-takelis-sensoriniam-takui-kvadratas-2\\\/#primaryimage\"},\"image\":{\"@id\":\"https:\\\/\\\/kidsplay.lt\\\/produktas\\\/woopie-balansines-sijos-modulinis-takelis-sensoriniam-takui-kvadratas-2\\\/#primaryimage\"},\"thumbnailUrl\":\"https:\\\/\\\/kidsplay.lt\\\/wp-content\\\/uploads\\\/2025\\\/09\\\/WOOPIE-balansines-sijos-modulinis-takelis-sensoriniam-takui-kvadratas.jpg\",\"datePublished\":\"2025-10-02T10:14:10+00:00\",\"dateModified\":\"2026-04-13T11:38:56+00:00\",\"description\":\"WOOPIE balansin\u0117s sijos modulinis takelis sensoriniam takui kvadratas\",\"breadcrumb\":{\"@id\":\"https:\\\/\\\/kidsplay.lt\\\/produktas\\\/woopie-balansines-sijos-modulinis-takelis-sensoriniam-takui-kvadratas-2\\\/#breadcrumb\"},\"inLanguage\":\"lv-LV\",\"potentialAction\":[{\"@type\":\"ReadAction\",\"target\":[\"https:\\\/\\\/kidsplay.lt\\\/produktas\\\/woopie-balansines-sijos-modulinis-takelis-sensoriniam-takui-kvadratas-2\\\/\"]}]},{\"@type\":\"ImageObject\",\"inLanguage\":\"lv-LV\",\"@id\":\"https:\\\/\\\/kidsplay.lt\\\/produktas\\\/woopie-balansines-sijos-modulinis-takelis-sensoriniam-takui-kvadratas-2\\\/#primaryimage\",\"url\":\"https:\\\/\\\/kidsplay.lt\\\/wp-content\\\/uploads\\\/2025\\\/09\\\/WOOPIE-balansines-sijos-modulinis-takelis-sensoriniam-takui-kvadratas.jpg\",\"contentUrl\":\"https:\\\/\\\/kidsplay.lt\\\/wp-content\\\/uploads\\\/2025\\\/09\\\/WOOPIE-balansines-sijos-modulinis-takelis-sensoriniam-takui-kvadratas.jpg\",\"width\":880,\"height\":880,\"caption\":\"WOOPIE balansin\u0117s sijos modulinis takelis sensoriniam takui kvadratas\"},{\"@type\":\"BreadcrumbList\",\"@id\":\"https:\\\/\\\/kidsplay.lt\\\/produktas\\\/woopie-balansines-sijos-modulinis-takelis-sensoriniam-takui-kvadratas-2\\\/#breadcrumb\",\"itemListElement\":[{\"@type\":\"ListItem\",\"position\":1,\"name\":\"Pagrindinis\",\"item\":\"https:\\\/\\\/kidsplay.lt\\\/\"},{\"@type\":\"ListItem\",\"position\":2,\"name\":\"Parduotuv\u0117\",\"item\":\"https:\\\/\\\/kidsplay.lt\\\/parduotuve\\\/\"},{\"@type\":\"ListItem\",\"position\":3,\"name\":\"WOOPIE balansin\u0117s sijos modulinis takelis sensoriniam takui kvadratas\"}]},{\"@type\":\"WebSite\",\"@id\":\"https:\\\/\\\/kidsplay.lt\\\/#website\",\"url\":\"https:\\\/\\\/kidsplay.lt\\\/\",\"name\":\"Kidsplay.lt\",\"description\":\"\u012evairios prek\u0117s vaikams\",\"publisher\":{\"@id\":\"https:\\\/\\\/kidsplay.lt\\\/#organization\"},\"alternateName\":\"Kidsplay\",\"potentialAction\":[{\"@type\":\"SearchAction\",\"target\":{\"@type\":\"EntryPoint\",\"urlTemplate\":\"https:\\\/\\\/kidsplay.lt\\\/?s={search_term_string}\"},\"query-input\":{\"@type\":\"PropertyValueSpecification\",\"valueRequired\":true,\"valueName\":\"search_term_string\"}}],\"inLanguage\":\"lv-LV\"},{\"@type\":\"Organization\",\"@id\":\"https:\\\/\\\/kidsplay.lt\\\/#organization\",\"name\":\"KidsPlay\",\"url\":\"https:\\\/\\\/kidsplay.lt\\\/\",\"logo\":{\"@type\":\"ImageObject\",\"inLanguage\":\"lv-LV\",\"@id\":\"https:\\\/\\\/kidsplay.lt\\\/#\\\/schema\\\/logo\\\/image\\\/\",\"url\":\"https:\\\/\\\/kidsplay.lt\\\/wp-content\\\/uploads\\\/2023\\\/07\\\/kidsplay-logo.png\",\"contentUrl\":\"https:\\\/\\\/kidsplay.lt\\\/wp-content\\\/uploads\\\/2023\\\/07\\\/kidsplay-logo.png\",\"width\":451,\"height\":98,\"caption\":\"KidsPlay\"},\"image\":{\"@id\":\"https:\\\/\\\/kidsplay.lt\\\/#\\\/schema\\\/logo\\\/image\\\/\"},\"sameAs\":[\"https:\\\/\\\/www.facebook.com\\\/www.kidsplay.lt\"]}]}<\/script>\n<!-- \/ Yoast SEO plugin. -->","yoast_head_json":{"title":"WOOPIE balansin\u0117s sijos modulinis takelis sensoriniam takui kvadratas","description":"WOOPIE balansin\u0117s sijos modulinis takelis sensoriniam takui kvadratas","robots":{"index":"index","follow":"follow","max-snippet":"max-snippet:-1","max-image-preview":"max-image-preview:large","max-video-preview":"max-video-preview:-1"},"canonical":"https:\/\/kidsplay.lt\/lv\/products\/woopie-balansines-sijos-modulinis-takelis-sensoriniam-takui-kvadratas-2\/","og_locale":"lv_LV","og_type":"article","og_title":"WOOPIE balansin\u0117s sijos modulinis takelis sensoriniam takui kvadratas","og_description":"WOOPIE balansin\u0117s sijos modulinis takelis sensoriniam takui kvadratas","og_url":"https:\/\/kidsplay.lt\/lv\/products\/woopie-balansines-sijos-modulinis-takelis-sensoriniam-takui-kvadratas-2\/","og_site_name":"KidsPlay","article_publisher":"https:\/\/www.facebook.com\/www.kidsplay.lt","article_modified_time":"2026-04-13T11:38:56+00:00","og_image":[{"width":880,"height":880,"url":"https:\/\/kidsplay.lt\/wp-content\/uploads\/2025\/09\/WOOPIE-balansines-sijos-modulinis-takelis-sensoriniam-takui-kvadratas.jpg","type":"image\/jpeg"}],"twitter_card":"summary_large_image","twitter_misc":{"Est. reading time":"1 min\u016bte"},"schema":{"@context":"https:\/\/schema.org","@graph":[{"@type":"WebPage","@id":"https:\/\/kidsplay.lt\/produktas\/woopie-balansines-sijos-modulinis-takelis-sensoriniam-takui-kvadratas-2\/","url":"https:\/\/kidsplay.lt\/produktas\/woopie-balansines-sijos-modulinis-takelis-sensoriniam-takui-kvadratas-2\/","name":"WOOPIE balansin\u0117s sijos modulinis takelis sensoriniam takui kvadratas","isPartOf":{"@id":"https:\/\/kidsplay.lt\/#website"},"primaryImageOfPage":{"@id":"https:\/\/kidsplay.lt\/produktas\/woopie-balansines-sijos-modulinis-takelis-sensoriniam-takui-kvadratas-2\/#primaryimage"},"image":{"@id":"https:\/\/kidsplay.lt\/produktas\/woopie-balansines-sijos-modulinis-takelis-sensoriniam-takui-kvadratas-2\/#primaryimage"},"thumbnailUrl":"https:\/\/kidsplay.lt\/wp-content\/uploads\/2025\/09\/WOOPIE-balansines-sijos-modulinis-takelis-sensoriniam-takui-kvadratas.jpg","datePublished":"2025-10-02T10:14:10+00:00","dateModified":"2026-04-13T11:38:56+00:00","description":"WOOPIE balansin\u0117s sijos modulinis takelis sensoriniam takui kvadratas","breadcrumb":{"@id":"https:\/\/kidsplay.lt\/produktas\/woopie-balansines-sijos-modulinis-takelis-sensoriniam-takui-kvadratas-2\/#breadcrumb"},"inLanguage":"lv-LV","potentialAction":[{"@type":"ReadAction","target":["https:\/\/kidsplay.lt\/produktas\/woopie-balansines-sijos-modulinis-takelis-sensoriniam-takui-kvadratas-2\/"]}]},{"@type":"ImageObject","inLanguage":"lv-LV","@id":"https:\/\/kidsplay.lt\/produktas\/woopie-balansines-sijos-modulinis-takelis-sensoriniam-takui-kvadratas-2\/#primaryimage","url":"https:\/\/kidsplay.lt\/wp-content\/uploads\/2025\/09\/WOOPIE-balansines-sijos-modulinis-takelis-sensoriniam-takui-kvadratas.jpg","contentUrl":"https:\/\/kidsplay.lt\/wp-content\/uploads\/2025\/09\/WOOPIE-balansines-sijos-modulinis-takelis-sensoriniam-takui-kvadratas.jpg","width":880,"height":880,"caption":"WOOPIE balansin\u0117s sijos modulinis takelis sensoriniam takui kvadratas"},{"@type":"BreadcrumbList","@id":"https:\/\/kidsplay.lt\/produktas\/woopie-balansines-sijos-modulinis-takelis-sensoriniam-takui-kvadratas-2\/#breadcrumb","itemListElement":[{"@type":"ListItem","position":1,"name":"Pagrindinis","item":"https:\/\/kidsplay.lt\/"},{"@type":"ListItem","position":2,"name":"Parduotuv\u0117","item":"https:\/\/kidsplay.lt\/parduotuve\/"},{"@type":"ListItem","position":3,"name":"WOOPIE balansin\u0117s sijos modulinis takelis sensoriniam takui kvadratas"}]},{"@type":"WebSite","@id":"https:\/\/kidsplay.lt\/#website","url":"https:\/\/kidsplay.lt\/","name":"B\u0113rnu sp\u0113les.lv","description":"\u012evairios prek\u0117s vaikams","publisher":{"@id":"https:\/\/kidsplay.lt\/#organization"},"alternateName":"Kidsplay","potentialAction":[{"@type":"SearchAction","target":{"@type":"EntryPoint","urlTemplate":"https:\/\/kidsplay.lt\/?s={search_term_string}"},"query-input":{"@type":"PropertyValueSpecification","valueRequired":true,"valueName":"search_term_string"}}],"inLanguage":"lv-LV"},{"@type":"Organization","@id":"https:\/\/kidsplay.lt\/#organization","name":"B\u0113rnu sp\u0113le","url":"https:\/\/kidsplay.lt\/","logo":{"@type":"ImageObject","inLanguage":"lv-LV","@id":"https:\/\/kidsplay.lt\/#\/schema\/logo\/image\/","url":"https:\/\/kidsplay.lt\/wp-content\/uploads\/2023\/07\/kidsplay-logo.png","contentUrl":"https:\/\/kidsplay.lt\/wp-content\/uploads\/2023\/07\/kidsplay-logo.png","width":451,"height":98,"caption":"KidsPlay"},"image":{"@id":"https:\/\/kidsplay.lt\/#\/schema\/logo\/image\/"},"sameAs":["https:\/\/www.facebook.com\/www.kidsplay.lt"]}]}},"_links":{"self":[{"href":"https:\/\/kidsplay.lt\/lv\/wp-json\/wp\/v2\/product\/69326","targetHints":{"allow":["GET"]}}],"collection":[{"href":"https:\/\/kidsplay.lt\/lv\/wp-json\/wp\/v2\/product"}],"about":[{"href":"https:\/\/kidsplay.lt\/lv\/wp-json\/wp\/v2\/types\/product"}],"version-history":[{"count":2,"href":"https:\/\/kidsplay.lt\/lv\/wp-json\/wp\/v2\/product\/69326\/revisions"}],"predecessor-version":[{"id":73697,"href":"https:\/\/kidsplay.lt\/lv\/wp-json\/wp\/v2\/product\/69326\/revisions\/73697"}],"wp:featuredmedia":[{"embeddable":true,"href":"https:\/\/kidsplay.lt\/lv\/wp-json\/wp\/v2\/media\/61755"}],"wp:attachment":[{"href":"https:\/\/kidsplay.lt\/lv\/wp-json\/wp\/v2\/media?parent=69326"}],"wp:term":[{"taxonomy":"product_brand","embeddable":true,"href":"https:\/\/kidsplay.lt\/lv\/wp-json\/wp\/v2\/product_brand?post=69326"},{"taxonomy":"product_cat","embeddable":true,"href":"https:\/\/kidsplay.lt\/lv\/wp-json\/wp\/v2\/product_cat?post=69326"},{"taxonomy":"product_tag","embeddable":true,"href":"https:\/\/kidsplay.lt\/lv\/wp-json\/wp\/v2\/product_tag?post=69326"}],"curies":[{"name":"wp","href":"https:\/\/api.w.org\/{rel}","templated":true}]}}