{"id":69378,"date":"2025-10-02T13:16:23","date_gmt":"2025-10-02T10:16:23","guid":{"rendered":"https:\/\/kidsplay.lt\/produktas\/woopie-transformuojantis-robotas-sharp-speed-2in1-kovinis-sunkvezimis-2\/"},"modified":"2026-04-07T10:19:55","modified_gmt":"2026-04-07T07:19:55","slug":"woopie-transformuojantis-robotas-sharp-speed-2in1-kovinis-sunkvezimis-2","status":"publish","type":"product","link":"https:\/\/kidsplay.lt\/lv\/products\/woopie-transformuojantis-robotas-sharp-speed-2in1-kovinis-sunkvezimis-2\/","title":{"rendered":"WOOPIE transformuojantis robotas SHARP SPEED 2in1 kovinis sunkve\u017eimis"},"content":{"rendered":"<p>\u012e\u017eenkite \u012f nepamir\u0161tam\u0173 transformacij\u0173 pasaul\u012f su galingu \u201e\u00a0Woopie\u00a0\u201c \u201eSharp Speed \u200b\u200b\u200b\u200bBattle Robot\u201c\u00a0!\u00a0\u0160is nuostabus\u00a02 viename\u00a0\u017eaislas yra tobulas dinami\u0161kumo ir galios derinys, sukurtas kiekvienam ma\u017eajam statybininkui ir robot\u0173 entuziastui. Akimirksniu paverskite \u0161\u012f \u012fsp\u016bding\u0105\u00a0kovos robot\u0105\u00a0\u00a0masyvia\u00a0statybine transporto priemone!\u00a0M\u016bs\u0173 robotas garantuoja valandas k\u016brybi\u0161ko \u017eaidimo, lavinant\u012f vaizduot\u0119 ir tikslum\u0105. Pasiruo\u0161kite \u012fsp\u016bdingoms transformacijoms ir nesibaigiantiems nuotykiams!<br \/>\nRakstur\u012bgs:<\/p>\n<p>&#8211; Vaikams nuo\u00a03 met\u0173\u00a0am\u017eiaus<br \/>\n&#8211; Greitas ir intuityvus perjungimas i\u0161\u00a0statybin\u0117s transporto priemon\u0117s\u00a0(savivar\u010dio\/krautuvo)\u00a0\u012f robot\u0105\u00a0ir atgal<br \/>\n&#8211; Tiksliai pagamintos detal\u0117s tiek transporto priemon\u0117s, tiek roboto pavidalu<br \/>\n&#8211; Produktas gali b\u016bti didesn\u0117s serijos\u00a0, leid\u017eian\u010dios kurti derinius su kitais rinkiniais,\u00a0dalis<br \/>\n&#8211; Pagaminta i\u0161\u00a0patvari\u0173 med\u017eiag\u0173\u00a0, kurios u\u017etikrina atsparum\u0105 intensyviam \u017eaidimui<\/p>\n<p>Komplekt\u0101 ietilpst:<\/p>\n<p>&#8211; 1 x Transformuojantis robotas<br \/>\n&#8211; 1 x Papildomas ginklas \/ priedas<br \/>\n&#8211; Papildomi elementai, reikalingi transformavimui \u012f transporto priemon\u0119<br \/>\n&#8211; Instrukcijos<\/p>\n<p>Rota\u013clieta att\u012bst\u0101s:<\/p>\n<p>&#8211; K\u016brybi\u0161kumas ir vaizduot\u0117<br \/>\n&#8211; Rankiniai \u012fg\u016bd\u017eiai<br \/>\n&#8211; Loginis m\u0105stymas<br \/>\n&#8211; Erdvin\u0117 pl\u0117tra<br \/>\n&#8211; Problem\u0173 sprendimo \u012fg\u016bd\u017eiai<\/p>","protected":false},"excerpt":{"rendered":"<p>WOOPIE transformuojantis robotas SHARP SPEED 2in1 kovinis sunkve\u017eimis<\/p>","protected":false},"featured_media":63132,"template":"","meta":{"_acf_changed":false,"_glsr_average":0,"_glsr_ranking":0,"_glsr_reviews":0},"product_brand":[],"product_cat":[72,446,229],"product_tag":[],"class_list":{"0":"post-69378","1":"product","2":"type-product","3":"status-publish","4":"has-post-thumbnail","6":"product_cat-ispardavimas","7":"product_cat-konstruktoriai","8":"product_cat-zaislai-vaikams","9":"\"style=\"background-color: #2ecc711c;\"","11":"first","12":"instock","13":"sale","14":"purchasable","15":"product-type-simple"},"acf":[],"yoast_head":"<!-- This site is optimized with the Yoast SEO plugin v27.3 - https:\/\/yoast.com\/product\/yoast-seo-wordpress\/ -->\n<title>WOOPIE transformuojantis robotas SHARP SPEED 2in1 kovinis sunkve\u017eimis<\/title>\n<meta name=\"description\" content=\"WOOPIE transformuojantis robotas SHARP SPEED 2in1 kovinis sunkve\u017eimis\" \/>\n<meta name=\"robots\" content=\"index, follow, max-snippet:-1, max-image-preview:large, max-video-preview:-1\" \/>\n<link rel=\"canonical\" href=\"https:\/\/kidsplay.lt\/lv\/products\/woopie-transformuojantis-robotas-sharp-speed-2in1-kovinis-sunkvezimis-2\/\" \/>\n<meta property=\"og:locale\" content=\"lv_LV\" \/>\n<meta property=\"og:type\" content=\"article\" \/>\n<meta property=\"og:title\" content=\"WOOPIE transformuojantis robotas SHARP SPEED 2in1 kovinis sunkve\u017eimis\" \/>\n<meta property=\"og:description\" content=\"WOOPIE transformuojantis robotas SHARP SPEED 2in1 kovinis sunkve\u017eimis\" \/>\n<meta property=\"og:url\" content=\"https:\/\/kidsplay.lt\/lv\/products\/woopie-transformuojantis-robotas-sharp-speed-2in1-kovinis-sunkvezimis-2\/\" \/>\n<meta property=\"og:site_name\" content=\"KidsPlay\" \/>\n<meta property=\"article:publisher\" content=\"https:\/\/www.facebook.com\/www.kidsplay.lt\" \/>\n<meta property=\"article:modified_time\" content=\"2026-04-07T07:19:55+00:00\" \/>\n<meta property=\"og:image\" content=\"https:\/\/kidsplay.lt\/wp-content\/uploads\/2025\/09\/WOOPIE-transformuojantis-robotas-SHARP-SPEED-2in1-kovinis-sunkvezimis.jpg\" \/>\n\t<meta property=\"og:image:width\" content=\"1000\" \/>\n\t<meta property=\"og:image:height\" content=\"1000\" \/>\n\t<meta property=\"og:image:type\" content=\"image\/jpeg\" \/>\n<meta name=\"twitter:card\" content=\"summary_large_image\" \/>\n<meta name=\"twitter:label1\" content=\"Est. reading time\" \/>\n\t<meta name=\"twitter:data1\" content=\"1 min\u016bte\" \/>\n<script type=\"application\/ld+json\" class=\"yoast-schema-graph\">{\"@context\":\"https:\\\/\\\/schema.org\",\"@graph\":[{\"@type\":\"WebPage\",\"@id\":\"https:\\\/\\\/kidsplay.lt\\\/produktas\\\/woopie-transformuojantis-robotas-sharp-speed-2in1-kovinis-sunkvezimis-2\\\/\",\"url\":\"https:\\\/\\\/kidsplay.lt\\\/produktas\\\/woopie-transformuojantis-robotas-sharp-speed-2in1-kovinis-sunkvezimis-2\\\/\",\"name\":\"WOOPIE transformuojantis robotas SHARP SPEED 2in1 kovinis sunkve\u017eimis\",\"isPartOf\":{\"@id\":\"https:\\\/\\\/kidsplay.lt\\\/#website\"},\"primaryImageOfPage\":{\"@id\":\"https:\\\/\\\/kidsplay.lt\\\/produktas\\\/woopie-transformuojantis-robotas-sharp-speed-2in1-kovinis-sunkvezimis-2\\\/#primaryimage\"},\"image\":{\"@id\":\"https:\\\/\\\/kidsplay.lt\\\/produktas\\\/woopie-transformuojantis-robotas-sharp-speed-2in1-kovinis-sunkvezimis-2\\\/#primaryimage\"},\"thumbnailUrl\":\"https:\\\/\\\/kidsplay.lt\\\/wp-content\\\/uploads\\\/2025\\\/09\\\/WOOPIE-transformuojantis-robotas-SHARP-SPEED-2in1-kovinis-sunkvezimis.jpg\",\"datePublished\":\"2025-10-02T10:16:23+00:00\",\"dateModified\":\"2026-04-07T07:19:55+00:00\",\"description\":\"WOOPIE transformuojantis robotas SHARP SPEED 2in1 kovinis sunkve\u017eimis\",\"breadcrumb\":{\"@id\":\"https:\\\/\\\/kidsplay.lt\\\/produktas\\\/woopie-transformuojantis-robotas-sharp-speed-2in1-kovinis-sunkvezimis-2\\\/#breadcrumb\"},\"inLanguage\":\"lv-LV\",\"potentialAction\":[{\"@type\":\"ReadAction\",\"target\":[\"https:\\\/\\\/kidsplay.lt\\\/produktas\\\/woopie-transformuojantis-robotas-sharp-speed-2in1-kovinis-sunkvezimis-2\\\/\"]}]},{\"@type\":\"ImageObject\",\"inLanguage\":\"lv-LV\",\"@id\":\"https:\\\/\\\/kidsplay.lt\\\/produktas\\\/woopie-transformuojantis-robotas-sharp-speed-2in1-kovinis-sunkvezimis-2\\\/#primaryimage\",\"url\":\"https:\\\/\\\/kidsplay.lt\\\/wp-content\\\/uploads\\\/2025\\\/09\\\/WOOPIE-transformuojantis-robotas-SHARP-SPEED-2in1-kovinis-sunkvezimis.jpg\",\"contentUrl\":\"https:\\\/\\\/kidsplay.lt\\\/wp-content\\\/uploads\\\/2025\\\/09\\\/WOOPIE-transformuojantis-robotas-SHARP-SPEED-2in1-kovinis-sunkvezimis.jpg\",\"width\":1000,\"height\":1000,\"caption\":\"WOOPIE transformuojantis robotas SHARP SPEED 2in1 kovinis sunkve\u017eimis\"},{\"@type\":\"BreadcrumbList\",\"@id\":\"https:\\\/\\\/kidsplay.lt\\\/produktas\\\/woopie-transformuojantis-robotas-sharp-speed-2in1-kovinis-sunkvezimis-2\\\/#breadcrumb\",\"itemListElement\":[{\"@type\":\"ListItem\",\"position\":1,\"name\":\"Pagrindinis\",\"item\":\"https:\\\/\\\/kidsplay.lt\\\/\"},{\"@type\":\"ListItem\",\"position\":2,\"name\":\"Parduotuv\u0117\",\"item\":\"https:\\\/\\\/kidsplay.lt\\\/parduotuve\\\/\"},{\"@type\":\"ListItem\",\"position\":3,\"name\":\"WOOPIE transformuojantis robotas SHARP SPEED 2in1 kovinis sunkve\u017eimis\"}]},{\"@type\":\"WebSite\",\"@id\":\"https:\\\/\\\/kidsplay.lt\\\/#website\",\"url\":\"https:\\\/\\\/kidsplay.lt\\\/\",\"name\":\"Kidsplay.lt\",\"description\":\"\u012evairios prek\u0117s vaikams\",\"publisher\":{\"@id\":\"https:\\\/\\\/kidsplay.lt\\\/#organization\"},\"alternateName\":\"Kidsplay\",\"potentialAction\":[{\"@type\":\"SearchAction\",\"target\":{\"@type\":\"EntryPoint\",\"urlTemplate\":\"https:\\\/\\\/kidsplay.lt\\\/?s={search_term_string}\"},\"query-input\":{\"@type\":\"PropertyValueSpecification\",\"valueRequired\":true,\"valueName\":\"search_term_string\"}}],\"inLanguage\":\"lv-LV\"},{\"@type\":\"Organization\",\"@id\":\"https:\\\/\\\/kidsplay.lt\\\/#organization\",\"name\":\"KidsPlay\",\"url\":\"https:\\\/\\\/kidsplay.lt\\\/\",\"logo\":{\"@type\":\"ImageObject\",\"inLanguage\":\"lv-LV\",\"@id\":\"https:\\\/\\\/kidsplay.lt\\\/#\\\/schema\\\/logo\\\/image\\\/\",\"url\":\"https:\\\/\\\/kidsplay.lt\\\/wp-content\\\/uploads\\\/2023\\\/07\\\/kidsplay-logo.png\",\"contentUrl\":\"https:\\\/\\\/kidsplay.lt\\\/wp-content\\\/uploads\\\/2023\\\/07\\\/kidsplay-logo.png\",\"width\":451,\"height\":98,\"caption\":\"KidsPlay\"},\"image\":{\"@id\":\"https:\\\/\\\/kidsplay.lt\\\/#\\\/schema\\\/logo\\\/image\\\/\"},\"sameAs\":[\"https:\\\/\\\/www.facebook.com\\\/www.kidsplay.lt\"]}]}<\/script>\n<!-- \/ Yoast SEO plugin. -->","yoast_head_json":{"title":"WOOPIE transformuojantis robotas SHARP SPEED 2in1 kovinis sunkve\u017eimis","description":"WOOPIE transformuojantis robotas SHARP SPEED 2in1 kovinis sunkve\u017eimis","robots":{"index":"index","follow":"follow","max-snippet":"max-snippet:-1","max-image-preview":"max-image-preview:large","max-video-preview":"max-video-preview:-1"},"canonical":"https:\/\/kidsplay.lt\/lv\/products\/woopie-transformuojantis-robotas-sharp-speed-2in1-kovinis-sunkvezimis-2\/","og_locale":"lv_LV","og_type":"article","og_title":"WOOPIE transformuojantis robotas SHARP SPEED 2in1 kovinis sunkve\u017eimis","og_description":"WOOPIE transformuojantis robotas SHARP SPEED 2in1 kovinis sunkve\u017eimis","og_url":"https:\/\/kidsplay.lt\/lv\/products\/woopie-transformuojantis-robotas-sharp-speed-2in1-kovinis-sunkvezimis-2\/","og_site_name":"KidsPlay","article_publisher":"https:\/\/www.facebook.com\/www.kidsplay.lt","article_modified_time":"2026-04-07T07:19:55+00:00","og_image":[{"width":1000,"height":1000,"url":"https:\/\/kidsplay.lt\/wp-content\/uploads\/2025\/09\/WOOPIE-transformuojantis-robotas-SHARP-SPEED-2in1-kovinis-sunkvezimis.jpg","type":"image\/jpeg"}],"twitter_card":"summary_large_image","twitter_misc":{"Est. reading time":"1 min\u016bte"},"schema":{"@context":"https:\/\/schema.org","@graph":[{"@type":"WebPage","@id":"https:\/\/kidsplay.lt\/produktas\/woopie-transformuojantis-robotas-sharp-speed-2in1-kovinis-sunkvezimis-2\/","url":"https:\/\/kidsplay.lt\/produktas\/woopie-transformuojantis-robotas-sharp-speed-2in1-kovinis-sunkvezimis-2\/","name":"WOOPIE transformuojantis robotas SHARP SPEED 2in1 kovinis sunkve\u017eimis","isPartOf":{"@id":"https:\/\/kidsplay.lt\/#website"},"primaryImageOfPage":{"@id":"https:\/\/kidsplay.lt\/produktas\/woopie-transformuojantis-robotas-sharp-speed-2in1-kovinis-sunkvezimis-2\/#primaryimage"},"image":{"@id":"https:\/\/kidsplay.lt\/produktas\/woopie-transformuojantis-robotas-sharp-speed-2in1-kovinis-sunkvezimis-2\/#primaryimage"},"thumbnailUrl":"https:\/\/kidsplay.lt\/wp-content\/uploads\/2025\/09\/WOOPIE-transformuojantis-robotas-SHARP-SPEED-2in1-kovinis-sunkvezimis.jpg","datePublished":"2025-10-02T10:16:23+00:00","dateModified":"2026-04-07T07:19:55+00:00","description":"WOOPIE transformuojantis robotas SHARP SPEED 2in1 kovinis sunkve\u017eimis","breadcrumb":{"@id":"https:\/\/kidsplay.lt\/produktas\/woopie-transformuojantis-robotas-sharp-speed-2in1-kovinis-sunkvezimis-2\/#breadcrumb"},"inLanguage":"lv-LV","potentialAction":[{"@type":"ReadAction","target":["https:\/\/kidsplay.lt\/produktas\/woopie-transformuojantis-robotas-sharp-speed-2in1-kovinis-sunkvezimis-2\/"]}]},{"@type":"ImageObject","inLanguage":"lv-LV","@id":"https:\/\/kidsplay.lt\/produktas\/woopie-transformuojantis-robotas-sharp-speed-2in1-kovinis-sunkvezimis-2\/#primaryimage","url":"https:\/\/kidsplay.lt\/wp-content\/uploads\/2025\/09\/WOOPIE-transformuojantis-robotas-SHARP-SPEED-2in1-kovinis-sunkvezimis.jpg","contentUrl":"https:\/\/kidsplay.lt\/wp-content\/uploads\/2025\/09\/WOOPIE-transformuojantis-robotas-SHARP-SPEED-2in1-kovinis-sunkvezimis.jpg","width":1000,"height":1000,"caption":"WOOPIE transformuojantis robotas SHARP SPEED 2in1 kovinis sunkve\u017eimis"},{"@type":"BreadcrumbList","@id":"https:\/\/kidsplay.lt\/produktas\/woopie-transformuojantis-robotas-sharp-speed-2in1-kovinis-sunkvezimis-2\/#breadcrumb","itemListElement":[{"@type":"ListItem","position":1,"name":"Pagrindinis","item":"https:\/\/kidsplay.lt\/"},{"@type":"ListItem","position":2,"name":"Parduotuv\u0117","item":"https:\/\/kidsplay.lt\/parduotuve\/"},{"@type":"ListItem","position":3,"name":"WOOPIE transformuojantis robotas SHARP SPEED 2in1 kovinis sunkve\u017eimis"}]},{"@type":"WebSite","@id":"https:\/\/kidsplay.lt\/#website","url":"https:\/\/kidsplay.lt\/","name":"B\u0113rnu sp\u0113les.lv","description":"\u012evairios prek\u0117s vaikams","publisher":{"@id":"https:\/\/kidsplay.lt\/#organization"},"alternateName":"Kidsplay","potentialAction":[{"@type":"SearchAction","target":{"@type":"EntryPoint","urlTemplate":"https:\/\/kidsplay.lt\/?s={search_term_string}"},"query-input":{"@type":"PropertyValueSpecification","valueRequired":true,"valueName":"search_term_string"}}],"inLanguage":"lv-LV"},{"@type":"Organization","@id":"https:\/\/kidsplay.lt\/#organization","name":"B\u0113rnu sp\u0113le","url":"https:\/\/kidsplay.lt\/","logo":{"@type":"ImageObject","inLanguage":"lv-LV","@id":"https:\/\/kidsplay.lt\/#\/schema\/logo\/image\/","url":"https:\/\/kidsplay.lt\/wp-content\/uploads\/2023\/07\/kidsplay-logo.png","contentUrl":"https:\/\/kidsplay.lt\/wp-content\/uploads\/2023\/07\/kidsplay-logo.png","width":451,"height":98,"caption":"KidsPlay"},"image":{"@id":"https:\/\/kidsplay.lt\/#\/schema\/logo\/image\/"},"sameAs":["https:\/\/www.facebook.com\/www.kidsplay.lt"]}]}},"_links":{"self":[{"href":"https:\/\/kidsplay.lt\/lv\/wp-json\/wp\/v2\/product\/69378","targetHints":{"allow":["GET"]}}],"collection":[{"href":"https:\/\/kidsplay.lt\/lv\/wp-json\/wp\/v2\/product"}],"about":[{"href":"https:\/\/kidsplay.lt\/lv\/wp-json\/wp\/v2\/types\/product"}],"version-history":[{"count":3,"href":"https:\/\/kidsplay.lt\/lv\/wp-json\/wp\/v2\/product\/69378\/revisions"}],"predecessor-version":[{"id":80815,"href":"https:\/\/kidsplay.lt\/lv\/wp-json\/wp\/v2\/product\/69378\/revisions\/80815"}],"wp:featuredmedia":[{"embeddable":true,"href":"https:\/\/kidsplay.lt\/lv\/wp-json\/wp\/v2\/media\/63132"}],"wp:attachment":[{"href":"https:\/\/kidsplay.lt\/lv\/wp-json\/wp\/v2\/media?parent=69378"}],"wp:term":[{"taxonomy":"product_brand","embeddable":true,"href":"https:\/\/kidsplay.lt\/lv\/wp-json\/wp\/v2\/product_brand?post=69378"},{"taxonomy":"product_cat","embeddable":true,"href":"https:\/\/kidsplay.lt\/lv\/wp-json\/wp\/v2\/product_cat?post=69378"},{"taxonomy":"product_tag","embeddable":true,"href":"https:\/\/kidsplay.lt\/lv\/wp-json\/wp\/v2\/product_tag?post=69378"}],"curies":[{"name":"wp","href":"https:\/\/api.w.org\/{rel}","templated":true}]}}