{"id":69594,"date":"2025-10-02T13:24:57","date_gmt":"2025-10-02T10:24:57","guid":{"rendered":"https:\/\/kidsplay.lt\/produktas\/viga-medinis-edukacinis-kubas-5in1-3\/"},"modified":"2026-04-13T14:48:28","modified_gmt":"2026-04-13T11:48:28","slug":"viga-medinis-edukacinis-kubas-5in1-3","status":"publish","type":"product","link":"https:\/\/kidsplay.lt\/lv\/products\/viga-medinis-edukacinis-kubas-5in1-3\/","title":{"rendered":"VIGA medinis edukacinis kubas 5in1"},"content":{"rendered":"<p>\u201eViga\u201c\u00a05\u00a0viename medinis edukacinis kubas\u00a0yra funkcionalus edukacinis kubas, kuris suteiks j\u016bs\u0173 ma\u017eyliui valand\u0173 valandas pramog\u0173 ir mokymosi. Kiekviena pus\u0117 si\u016blo skirting\u0105 veikl\u0105, leisdama j\u016bs\u0173 vaikui bet kuriuo metu pasirinkti labiausiai j\u012f dominan\u010di\u0105 veikl\u0105.<\/p>\n<p>Rakstur\u012bgs:<\/p>\n<p>&#8211; \u017daislas vaikams\u00a0nuo 18 m\u0117nesi\u0173 am\u017eiaus<br \/>\n&#8211; 5 viename\u00a0\u00a0lavinamasis kubas\u00a0\u2013 kiekviena pus\u0117 si\u016blo skirting\u0105 veiklos form\u0105<br \/>\n&#8211; Pagaminta i\u0161\u00a0tvirtos medienos\u00a0, u\u017etikrinan\u010dios ilgaam\u017ei\u0161kum\u0105 ir saugum\u0105<br \/>\n&#8211; Ry\u0161kios spalvos ir kruop\u0161tus darbas pritraukia vaiko d\u0117mes\u012f<\/p>\n<p>\u017daislo funkcijos:<\/p>\n<p>&#8211; Cimbolai su lazdele<br \/>\n&#8211; Skyl\u0117s \u012fvairi\u0173 geometrini\u0173 fig\u016br\u0173 (apskritimo, trikampio, kvadrato, \u017evaig\u017ed\u0117s) pavidalu<br \/>\n&#8211; Gyv\u016bn\u0173 labirintas<br \/>\n&#8211; Dvipusiai, besisukantys atminties kubeliai su gyv\u016bnais ir ra\u0161tais<br \/>\n&#8211; Dvi variklio kilpos su karoliukais slydimui<\/p>\n<p>Rota\u013clieta att\u012bst\u0101s:<\/p>\n<p>&#8211;\u00a0Manikiniai \u012fg\u016bd\u017eiai\u00a0: \u017daislo element\u0173 valdymas padeda lavinti smulki\u0105j\u0105 motorik\u0105 ir tikslius pir\u0161t\u0173 judesius.<br \/>\n&#8211; Loginis m\u0105stymas:\u00a0moko vaikus atpa\u017einti formas, spalvas ir derinti elementus \u012f logines kombinacijas.<br \/>\n&#8211; Kantryb\u0117:\u00a0Vaikai mokosi kantryb\u0117s \u017eaisdami su form\u0173 r\u016b\u0161iavimo \u012frankiais ir motorin\u0117mis kilpomis.<br \/>\n&#8211; K\u016brybi\u0161kumas ir vaizduot\u0117:\u00a0Kubas skatina k\u016brybin\u012f \u017eaidim\u0105, lavina vaizduot\u0119 per \u012fvairias veiklas.<\/p>","protected":false},"excerpt":{"rendered":"<p>VIGA medinis edukacinis kubas 5in1<\/p>","protected":false},"featured_media":69596,"template":"","meta":{"_acf_changed":false,"_glsr_average":0,"_glsr_ranking":0,"_glsr_reviews":0},"product_brand":[],"product_cat":[388,72,396,229],"product_tag":[],"class_list":{"0":"post-69594","1":"product","2":"type-product","3":"status-publish","4":"has-post-thumbnail","6":"product_cat-edukaciniai-lavinamieji-zaislai","7":"product_cat-ispardavimas","8":"product_cat-kudikiu-zaislai-vaikams2","9":"product_cat-zaislai-vaikams","10":"\"style=\"background-color: #2ecc711c;\"","12":"first","13":"instock","14":"sale","15":"purchasable","16":"product-type-simple"},"acf":[],"yoast_head":"<!-- This site is optimized with the Yoast SEO plugin v27.3 - https:\/\/yoast.com\/product\/yoast-seo-wordpress\/ -->\n<title>VIGA medinis edukacinis kubas 5in1<\/title>\n<meta name=\"description\" content=\"VIGA medinis edukacinis kubas 5in1\" \/>\n<meta name=\"robots\" content=\"index, follow, max-snippet:-1, max-image-preview:large, max-video-preview:-1\" \/>\n<link rel=\"canonical\" href=\"https:\/\/kidsplay.lt\/lv\/products\/viga-medinis-edukacinis-kubas-5in1-3\/\" \/>\n<meta property=\"og:locale\" content=\"lv_LV\" \/>\n<meta property=\"og:type\" content=\"article\" \/>\n<meta property=\"og:title\" content=\"VIGA medinis edukacinis kubas 5in1\" \/>\n<meta property=\"og:description\" content=\"VIGA medinis edukacinis kubas 5in1\" \/>\n<meta property=\"og:url\" content=\"https:\/\/kidsplay.lt\/lv\/products\/viga-medinis-edukacinis-kubas-5in1-3\/\" \/>\n<meta property=\"og:site_name\" content=\"KidsPlay\" \/>\n<meta property=\"article:publisher\" content=\"https:\/\/www.facebook.com\/www.kidsplay.lt\" \/>\n<meta property=\"article:modified_time\" content=\"2026-04-13T11:48:28+00:00\" \/>\n<meta property=\"og:image\" content=\"https:\/\/kidsplay.lt\/wp-content\/uploads\/2025\/10\/VIGA-medinis-edukacinis-kubas-5in1.jpg\" \/>\n\t<meta property=\"og:image:width\" content=\"2500\" \/>\n\t<meta property=\"og:image:height\" content=\"2500\" \/>\n\t<meta property=\"og:image:type\" content=\"image\/jpeg\" \/>\n<meta name=\"twitter:card\" content=\"summary_large_image\" \/>\n<meta name=\"twitter:label1\" content=\"Est. reading time\" \/>\n\t<meta name=\"twitter:data1\" content=\"2 min\u016btes\" \/>\n<script type=\"application\/ld+json\" class=\"yoast-schema-graph\">{\"@context\":\"https:\\\/\\\/schema.org\",\"@graph\":[{\"@type\":\"WebPage\",\"@id\":\"https:\\\/\\\/kidsplay.lt\\\/produktas\\\/viga-medinis-edukacinis-kubas-5in1-3\\\/\",\"url\":\"https:\\\/\\\/kidsplay.lt\\\/produktas\\\/viga-medinis-edukacinis-kubas-5in1-3\\\/\",\"name\":\"VIGA medinis edukacinis kubas 5in1\",\"isPartOf\":{\"@id\":\"https:\\\/\\\/kidsplay.lt\\\/#website\"},\"primaryImageOfPage\":{\"@id\":\"https:\\\/\\\/kidsplay.lt\\\/produktas\\\/viga-medinis-edukacinis-kubas-5in1-3\\\/#primaryimage\"},\"image\":{\"@id\":\"https:\\\/\\\/kidsplay.lt\\\/produktas\\\/viga-medinis-edukacinis-kubas-5in1-3\\\/#primaryimage\"},\"thumbnailUrl\":\"https:\\\/\\\/kidsplay.lt\\\/wp-content\\\/uploads\\\/2025\\\/10\\\/VIGA-medinis-edukacinis-kubas-5in1.jpg\",\"datePublished\":\"2025-10-02T10:24:57+00:00\",\"dateModified\":\"2026-04-13T11:48:28+00:00\",\"description\":\"VIGA medinis edukacinis kubas 5in1\",\"breadcrumb\":{\"@id\":\"https:\\\/\\\/kidsplay.lt\\\/produktas\\\/viga-medinis-edukacinis-kubas-5in1-3\\\/#breadcrumb\"},\"inLanguage\":\"lv-LV\",\"potentialAction\":[{\"@type\":\"ReadAction\",\"target\":[\"https:\\\/\\\/kidsplay.lt\\\/produktas\\\/viga-medinis-edukacinis-kubas-5in1-3\\\/\"]}]},{\"@type\":\"ImageObject\",\"inLanguage\":\"lv-LV\",\"@id\":\"https:\\\/\\\/kidsplay.lt\\\/produktas\\\/viga-medinis-edukacinis-kubas-5in1-3\\\/#primaryimage\",\"url\":\"https:\\\/\\\/kidsplay.lt\\\/wp-content\\\/uploads\\\/2025\\\/10\\\/VIGA-medinis-edukacinis-kubas-5in1.jpg\",\"contentUrl\":\"https:\\\/\\\/kidsplay.lt\\\/wp-content\\\/uploads\\\/2025\\\/10\\\/VIGA-medinis-edukacinis-kubas-5in1.jpg\",\"width\":2500,\"height\":2500,\"caption\":\"VIGA medinis edukacinis kubas 5in1\"},{\"@type\":\"BreadcrumbList\",\"@id\":\"https:\\\/\\\/kidsplay.lt\\\/produktas\\\/viga-medinis-edukacinis-kubas-5in1-3\\\/#breadcrumb\",\"itemListElement\":[{\"@type\":\"ListItem\",\"position\":1,\"name\":\"Pagrindinis\",\"item\":\"https:\\\/\\\/kidsplay.lt\\\/\"},{\"@type\":\"ListItem\",\"position\":2,\"name\":\"Parduotuv\u0117\",\"item\":\"https:\\\/\\\/kidsplay.lt\\\/parduotuve\\\/\"},{\"@type\":\"ListItem\",\"position\":3,\"name\":\"VIGA medinis edukacinis kubas 5in1\"}]},{\"@type\":\"WebSite\",\"@id\":\"https:\\\/\\\/kidsplay.lt\\\/#website\",\"url\":\"https:\\\/\\\/kidsplay.lt\\\/\",\"name\":\"Kidsplay.lt\",\"description\":\"\u012evairios prek\u0117s vaikams\",\"publisher\":{\"@id\":\"https:\\\/\\\/kidsplay.lt\\\/#organization\"},\"alternateName\":\"Kidsplay\",\"potentialAction\":[{\"@type\":\"SearchAction\",\"target\":{\"@type\":\"EntryPoint\",\"urlTemplate\":\"https:\\\/\\\/kidsplay.lt\\\/?s={search_term_string}\"},\"query-input\":{\"@type\":\"PropertyValueSpecification\",\"valueRequired\":true,\"valueName\":\"search_term_string\"}}],\"inLanguage\":\"lv-LV\"},{\"@type\":\"Organization\",\"@id\":\"https:\\\/\\\/kidsplay.lt\\\/#organization\",\"name\":\"KidsPlay\",\"url\":\"https:\\\/\\\/kidsplay.lt\\\/\",\"logo\":{\"@type\":\"ImageObject\",\"inLanguage\":\"lv-LV\",\"@id\":\"https:\\\/\\\/kidsplay.lt\\\/#\\\/schema\\\/logo\\\/image\\\/\",\"url\":\"https:\\\/\\\/kidsplay.lt\\\/wp-content\\\/uploads\\\/2023\\\/07\\\/kidsplay-logo.png\",\"contentUrl\":\"https:\\\/\\\/kidsplay.lt\\\/wp-content\\\/uploads\\\/2023\\\/07\\\/kidsplay-logo.png\",\"width\":451,\"height\":98,\"caption\":\"KidsPlay\"},\"image\":{\"@id\":\"https:\\\/\\\/kidsplay.lt\\\/#\\\/schema\\\/logo\\\/image\\\/\"},\"sameAs\":[\"https:\\\/\\\/www.facebook.com\\\/www.kidsplay.lt\"]}]}<\/script>\n<!-- \/ Yoast SEO plugin. -->","yoast_head_json":{"title":"VIGA medinis edukacinis kubas 5in1","description":"VIGA medinis edukacinis kubas 5in1","robots":{"index":"index","follow":"follow","max-snippet":"max-snippet:-1","max-image-preview":"max-image-preview:large","max-video-preview":"max-video-preview:-1"},"canonical":"https:\/\/kidsplay.lt\/lv\/products\/viga-medinis-edukacinis-kubas-5in1-3\/","og_locale":"lv_LV","og_type":"article","og_title":"VIGA medinis edukacinis kubas 5in1","og_description":"VIGA medinis edukacinis kubas 5in1","og_url":"https:\/\/kidsplay.lt\/lv\/products\/viga-medinis-edukacinis-kubas-5in1-3\/","og_site_name":"KidsPlay","article_publisher":"https:\/\/www.facebook.com\/www.kidsplay.lt","article_modified_time":"2026-04-13T11:48:28+00:00","og_image":[{"width":2500,"height":2500,"url":"https:\/\/kidsplay.lt\/wp-content\/uploads\/2025\/10\/VIGA-medinis-edukacinis-kubas-5in1.jpg","type":"image\/jpeg"}],"twitter_card":"summary_large_image","twitter_misc":{"Est. reading time":"2 min\u016btes"},"schema":{"@context":"https:\/\/schema.org","@graph":[{"@type":"WebPage","@id":"https:\/\/kidsplay.lt\/produktas\/viga-medinis-edukacinis-kubas-5in1-3\/","url":"https:\/\/kidsplay.lt\/produktas\/viga-medinis-edukacinis-kubas-5in1-3\/","name":"VIGA medinis edukacinis kubas 5in1","isPartOf":{"@id":"https:\/\/kidsplay.lt\/#website"},"primaryImageOfPage":{"@id":"https:\/\/kidsplay.lt\/produktas\/viga-medinis-edukacinis-kubas-5in1-3\/#primaryimage"},"image":{"@id":"https:\/\/kidsplay.lt\/produktas\/viga-medinis-edukacinis-kubas-5in1-3\/#primaryimage"},"thumbnailUrl":"https:\/\/kidsplay.lt\/wp-content\/uploads\/2025\/10\/VIGA-medinis-edukacinis-kubas-5in1.jpg","datePublished":"2025-10-02T10:24:57+00:00","dateModified":"2026-04-13T11:48:28+00:00","description":"VIGA medinis edukacinis kubas 5in1","breadcrumb":{"@id":"https:\/\/kidsplay.lt\/produktas\/viga-medinis-edukacinis-kubas-5in1-3\/#breadcrumb"},"inLanguage":"lv-LV","potentialAction":[{"@type":"ReadAction","target":["https:\/\/kidsplay.lt\/produktas\/viga-medinis-edukacinis-kubas-5in1-3\/"]}]},{"@type":"ImageObject","inLanguage":"lv-LV","@id":"https:\/\/kidsplay.lt\/produktas\/viga-medinis-edukacinis-kubas-5in1-3\/#primaryimage","url":"https:\/\/kidsplay.lt\/wp-content\/uploads\/2025\/10\/VIGA-medinis-edukacinis-kubas-5in1.jpg","contentUrl":"https:\/\/kidsplay.lt\/wp-content\/uploads\/2025\/10\/VIGA-medinis-edukacinis-kubas-5in1.jpg","width":2500,"height":2500,"caption":"VIGA medinis edukacinis kubas 5in1"},{"@type":"BreadcrumbList","@id":"https:\/\/kidsplay.lt\/produktas\/viga-medinis-edukacinis-kubas-5in1-3\/#breadcrumb","itemListElement":[{"@type":"ListItem","position":1,"name":"Pagrindinis","item":"https:\/\/kidsplay.lt\/"},{"@type":"ListItem","position":2,"name":"Parduotuv\u0117","item":"https:\/\/kidsplay.lt\/parduotuve\/"},{"@type":"ListItem","position":3,"name":"VIGA medinis edukacinis kubas 5in1"}]},{"@type":"WebSite","@id":"https:\/\/kidsplay.lt\/#website","url":"https:\/\/kidsplay.lt\/","name":"B\u0113rnu sp\u0113les.lv","description":"\u012evairios prek\u0117s vaikams","publisher":{"@id":"https:\/\/kidsplay.lt\/#organization"},"alternateName":"Kidsplay","potentialAction":[{"@type":"SearchAction","target":{"@type":"EntryPoint","urlTemplate":"https:\/\/kidsplay.lt\/?s={search_term_string}"},"query-input":{"@type":"PropertyValueSpecification","valueRequired":true,"valueName":"search_term_string"}}],"inLanguage":"lv-LV"},{"@type":"Organization","@id":"https:\/\/kidsplay.lt\/#organization","name":"B\u0113rnu sp\u0113le","url":"https:\/\/kidsplay.lt\/","logo":{"@type":"ImageObject","inLanguage":"lv-LV","@id":"https:\/\/kidsplay.lt\/#\/schema\/logo\/image\/","url":"https:\/\/kidsplay.lt\/wp-content\/uploads\/2023\/07\/kidsplay-logo.png","contentUrl":"https:\/\/kidsplay.lt\/wp-content\/uploads\/2023\/07\/kidsplay-logo.png","width":451,"height":98,"caption":"KidsPlay"},"image":{"@id":"https:\/\/kidsplay.lt\/#\/schema\/logo\/image\/"},"sameAs":["https:\/\/www.facebook.com\/www.kidsplay.lt"]}]}},"_links":{"self":[{"href":"https:\/\/kidsplay.lt\/lv\/wp-json\/wp\/v2\/product\/69594","targetHints":{"allow":["GET"]}}],"collection":[{"href":"https:\/\/kidsplay.lt\/lv\/wp-json\/wp\/v2\/product"}],"about":[{"href":"https:\/\/kidsplay.lt\/lv\/wp-json\/wp\/v2\/types\/product"}],"version-history":[{"count":3,"href":"https:\/\/kidsplay.lt\/lv\/wp-json\/wp\/v2\/product\/69594\/revisions"}],"predecessor-version":[{"id":80749,"href":"https:\/\/kidsplay.lt\/lv\/wp-json\/wp\/v2\/product\/69594\/revisions\/80749"}],"wp:featuredmedia":[{"embeddable":true,"href":"https:\/\/kidsplay.lt\/lv\/wp-json\/wp\/v2\/media\/69596"}],"wp:attachment":[{"href":"https:\/\/kidsplay.lt\/lv\/wp-json\/wp\/v2\/media?parent=69594"}],"wp:term":[{"taxonomy":"product_brand","embeddable":true,"href":"https:\/\/kidsplay.lt\/lv\/wp-json\/wp\/v2\/product_brand?post=69594"},{"taxonomy":"product_cat","embeddable":true,"href":"https:\/\/kidsplay.lt\/lv\/wp-json\/wp\/v2\/product_cat?post=69594"},{"taxonomy":"product_tag","embeddable":true,"href":"https:\/\/kidsplay.lt\/lv\/wp-json\/wp\/v2\/product_tag?post=69594"}],"curies":[{"name":"wp","href":"https:\/\/api.w.org\/{rel}","templated":true}]}}