{"id":69696,"date":"2025-10-02T13:28:42","date_gmt":"2025-10-02T10:28:42","guid":{"rendered":"https:\/\/kidsplay.lt\/produktas\/viga-polarb-medine-virtuve-su-sviesos-ir-garso-efektais-2\/"},"modified":"2026-04-07T10:29:34","modified_gmt":"2026-04-07T07:29:34","slug":"viga-polarb-medine-virtuve-su-sviesos-ir-garso-efektais-2","status":"publish","type":"product","link":"https:\/\/kidsplay.lt\/lv\/products\/viga-polarb-medine-virtuve-su-sviesos-ir-garso-efektais-2\/","title":{"rendered":"VIGA PolarB koka virtuve ar gaismas un ska\u0146as efektiem"},"content":{"rendered":"<p>Maisto ruo\u0161imas kartu yra\u00a0puikus b\u016bdas mokytis \u017eaid\u017eiant\u00a0. Kiekvienoje virtuv\u0117je yra\u00a0kriaukl\u0117\u00a0,\u00a0orkait\u0117\u00a0ir\u00a0virykl\u0117,\u00a0kur gal\u0117site susikurti m\u0117gstamus patiekalus visai \u0161eimai.Puikus \u017eaidim\u0173 virtuv\u0117s komplektas vaikams, kad jie gal\u0117t\u0173 gaminti ir paruo\u0161ti skanius patiekalus \u0161eimai ar draugams.\u00a0Mokantis naudotis virtuv\u0117s \u012frankiais\u00a0smagiai leisti laik\u0105,\u00a0galima labai paskatinti vaik\u0173\u00a0k\u016brybin\u012f m\u0105stym\u0105\u00a0ir\u00a0vaizduot\u0119 .<\/p>\n<p>Charakteristika:<\/p>\n<p> \t&#8211; virtuv\u0117je yra\u00a0kriaukl\u0117, orkait\u0117, virykl\u0117, mikrobang\u0173 krosnel\u0117, \u0161aldytuvas,<br \/>\n \t&#8211;\u00a0b\u016btiniausi virtuv\u0117s reikmenys\u00a0&#8211; puodas su dang\u010diu, keptuv\u0117, \u0161auk\u0161tas, groteli\u0173 mentele, mentele, dar\u017eov\u0117ms, druskos ir pipir\u0173 indams,<br \/>\n \t&#8211; 3 judan\u010dios ranken\u0117l\u0117s,<br \/>\n \t&#8211; po gaminimo vaikas gali plauti indus kriaukl\u0117je ir v\u0117l gaminti,<br \/>\n \t&#8211; po kriaukle yra \u0161aldytuvas su lenta, kur galima u\u017esira\u0161yti receptus,<br \/>\n \t&#8211; spinta maistui susid\u0117ti,<br \/>\n \t&#8211; \u017eaisdamas vaikas i\u0161moksta pats atsakyti u\u017e savo netvark\u0105 ir i\u0161moksta susitvarkyti po saves,<br \/>\n \t&#8211;\u00a0visas daiktas pagamintas i\u0161 lakuotos medienos ir nuda\u017eytas netoksi\u0161kais da\u017eais \u201epoliarin\u0117mis\u201c spalvomis, kurios patenkins kiekvien\u0105 vartotoj\u0105 ir suteiks daug malonumo.<\/p>\n<p>\u017daislas vysto:<\/p>\n<p> \t&#8211; k\u016brybi\u0161kumas,<br \/>\n \t&#8211; vaizduot\u0117,<br \/>\n \t&#8211; socialiniai \u012fg\u016bd\u017eiai.<\/p>","protected":false},"excerpt":{"rendered":"<p>VIGA PolarB koka virtuve ar gaismas un ska\u0146as efektiem<\/p>","protected":false},"featured_media":60490,"template":"","meta":{"_acf_changed":false,"_glsr_average":0,"_glsr_ranking":0,"_glsr_reviews":0},"product_brand":[],"product_cat":[282,229],"product_tag":[],"class_list":{"0":"post-69696","1":"product","2":"type-product","3":"status-publish","4":"has-post-thumbnail","6":"product_cat-virtuves-reikmenys-vaidmenu-zaidimai","7":"product_cat-zaislai-vaikams","8":"\"style=\"background-color: #2ecc711c;\"","10":"first","11":"instock","12":"purchasable","13":"product-type-simple"},"acf":[],"yoast_head":"<!-- This site is optimized with the Yoast SEO plugin v27.3 - https:\/\/yoast.com\/product\/yoast-seo-wordpress\/ -->\n<title>VIGA PolarB medin\u0117 virtuv\u0117 su \u0161viesos ir garso efektais<\/title>\n<meta name=\"description\" content=\"VIGA PolarB medin\u0117 virtuv\u0117 su \u0161viesos ir garso efektais\" \/>\n<meta name=\"robots\" content=\"index, follow, max-snippet:-1, max-image-preview:large, max-video-preview:-1\" \/>\n<link rel=\"canonical\" href=\"https:\/\/kidsplay.lt\/lv\/products\/viga-polarb-medine-virtuve-su-sviesos-ir-garso-efektais-2\/\" \/>\n<meta property=\"og:locale\" content=\"lv_LV\" \/>\n<meta property=\"og:type\" content=\"article\" \/>\n<meta property=\"og:title\" content=\"VIGA PolarB medin\u0117 virtuv\u0117 su \u0161viesos ir garso efektais\" \/>\n<meta property=\"og:description\" content=\"VIGA PolarB medin\u0117 virtuv\u0117 su \u0161viesos ir garso efektais\" \/>\n<meta property=\"og:url\" content=\"https:\/\/kidsplay.lt\/lv\/products\/viga-polarb-medine-virtuve-su-sviesos-ir-garso-efektais-2\/\" \/>\n<meta property=\"og:site_name\" content=\"KidsPlay\" \/>\n<meta property=\"article:publisher\" content=\"https:\/\/www.facebook.com\/www.kidsplay.lt\" \/>\n<meta property=\"article:modified_time\" content=\"2026-04-07T07:29:34+00:00\" \/>\n<meta property=\"og:image\" content=\"https:\/\/kidsplay.lt\/wp-content\/uploads\/2025\/03\/VIGA-PolarB-medine-virtuve-su-sviesos-ir-garso-efektais.jpg\" \/>\n\t<meta property=\"og:image:width\" content=\"2448\" \/>\n\t<meta property=\"og:image:height\" content=\"2560\" \/>\n\t<meta property=\"og:image:type\" content=\"image\/jpeg\" \/>\n<meta name=\"twitter:card\" content=\"summary_large_image\" \/>\n<meta name=\"twitter:label1\" content=\"Est. reading time\" \/>\n\t<meta name=\"twitter:data1\" content=\"1 min\u016bte\" \/>\n<script type=\"application\/ld+json\" class=\"yoast-schema-graph\">{\"@context\":\"https:\\\/\\\/schema.org\",\"@graph\":[{\"@type\":\"WebPage\",\"@id\":\"https:\\\/\\\/kidsplay.lt\\\/produktas\\\/viga-polarb-medine-virtuve-su-sviesos-ir-garso-efektais-2\\\/\",\"url\":\"https:\\\/\\\/kidsplay.lt\\\/produktas\\\/viga-polarb-medine-virtuve-su-sviesos-ir-garso-efektais-2\\\/\",\"name\":\"VIGA PolarB medin\u0117 virtuv\u0117 su \u0161viesos ir garso efektais\",\"isPartOf\":{\"@id\":\"https:\\\/\\\/kidsplay.lt\\\/#website\"},\"primaryImageOfPage\":{\"@id\":\"https:\\\/\\\/kidsplay.lt\\\/produktas\\\/viga-polarb-medine-virtuve-su-sviesos-ir-garso-efektais-2\\\/#primaryimage\"},\"image\":{\"@id\":\"https:\\\/\\\/kidsplay.lt\\\/produktas\\\/viga-polarb-medine-virtuve-su-sviesos-ir-garso-efektais-2\\\/#primaryimage\"},\"thumbnailUrl\":\"https:\\\/\\\/kidsplay.lt\\\/wp-content\\\/uploads\\\/2025\\\/03\\\/VIGA-PolarB-medine-virtuve-su-sviesos-ir-garso-efektais.jpg\",\"datePublished\":\"2025-10-02T10:28:42+00:00\",\"dateModified\":\"2026-04-07T07:29:34+00:00\",\"description\":\"VIGA PolarB medin\u0117 virtuv\u0117 su \u0161viesos ir garso efektais\",\"breadcrumb\":{\"@id\":\"https:\\\/\\\/kidsplay.lt\\\/produktas\\\/viga-polarb-medine-virtuve-su-sviesos-ir-garso-efektais-2\\\/#breadcrumb\"},\"inLanguage\":\"lv-LV\",\"potentialAction\":[{\"@type\":\"ReadAction\",\"target\":[\"https:\\\/\\\/kidsplay.lt\\\/produktas\\\/viga-polarb-medine-virtuve-su-sviesos-ir-garso-efektais-2\\\/\"]}]},{\"@type\":\"ImageObject\",\"inLanguage\":\"lv-LV\",\"@id\":\"https:\\\/\\\/kidsplay.lt\\\/produktas\\\/viga-polarb-medine-virtuve-su-sviesos-ir-garso-efektais-2\\\/#primaryimage\",\"url\":\"https:\\\/\\\/kidsplay.lt\\\/wp-content\\\/uploads\\\/2025\\\/03\\\/VIGA-PolarB-medine-virtuve-su-sviesos-ir-garso-efektais.jpg\",\"contentUrl\":\"https:\\\/\\\/kidsplay.lt\\\/wp-content\\\/uploads\\\/2025\\\/03\\\/VIGA-PolarB-medine-virtuve-su-sviesos-ir-garso-efektais.jpg\",\"width\":2448,\"height\":2560,\"caption\":\"VIGA PolarB medin\u0117 virtuv\u0117 su \u0161viesos ir garso efektais\"},{\"@type\":\"BreadcrumbList\",\"@id\":\"https:\\\/\\\/kidsplay.lt\\\/produktas\\\/viga-polarb-medine-virtuve-su-sviesos-ir-garso-efektais-2\\\/#breadcrumb\",\"itemListElement\":[{\"@type\":\"ListItem\",\"position\":1,\"name\":\"Pagrindinis\",\"item\":\"https:\\\/\\\/kidsplay.lt\\\/\"},{\"@type\":\"ListItem\",\"position\":2,\"name\":\"Parduotuv\u0117\",\"item\":\"https:\\\/\\\/kidsplay.lt\\\/parduotuve\\\/\"},{\"@type\":\"ListItem\",\"position\":3,\"name\":\"VIGA PolarB medin\u0117 virtuv\u0117 su \u0161viesos ir garso efektais\"}]},{\"@type\":\"WebSite\",\"@id\":\"https:\\\/\\\/kidsplay.lt\\\/#website\",\"url\":\"https:\\\/\\\/kidsplay.lt\\\/\",\"name\":\"Kidsplay.lt\",\"description\":\"\u012evairios prek\u0117s vaikams\",\"publisher\":{\"@id\":\"https:\\\/\\\/kidsplay.lt\\\/#organization\"},\"alternateName\":\"Kidsplay\",\"potentialAction\":[{\"@type\":\"SearchAction\",\"target\":{\"@type\":\"EntryPoint\",\"urlTemplate\":\"https:\\\/\\\/kidsplay.lt\\\/?s={search_term_string}\"},\"query-input\":{\"@type\":\"PropertyValueSpecification\",\"valueRequired\":true,\"valueName\":\"search_term_string\"}}],\"inLanguage\":\"lv-LV\"},{\"@type\":\"Organization\",\"@id\":\"https:\\\/\\\/kidsplay.lt\\\/#organization\",\"name\":\"KidsPlay\",\"url\":\"https:\\\/\\\/kidsplay.lt\\\/\",\"logo\":{\"@type\":\"ImageObject\",\"inLanguage\":\"lv-LV\",\"@id\":\"https:\\\/\\\/kidsplay.lt\\\/#\\\/schema\\\/logo\\\/image\\\/\",\"url\":\"https:\\\/\\\/kidsplay.lt\\\/wp-content\\\/uploads\\\/2023\\\/07\\\/kidsplay-logo.png\",\"contentUrl\":\"https:\\\/\\\/kidsplay.lt\\\/wp-content\\\/uploads\\\/2023\\\/07\\\/kidsplay-logo.png\",\"width\":451,\"height\":98,\"caption\":\"KidsPlay\"},\"image\":{\"@id\":\"https:\\\/\\\/kidsplay.lt\\\/#\\\/schema\\\/logo\\\/image\\\/\"},\"sameAs\":[\"https:\\\/\\\/www.facebook.com\\\/www.kidsplay.lt\"]}]}<\/script>\n<!-- \/ Yoast SEO plugin. -->","yoast_head_json":{"title":"VIGA PolarB koka virtuve ar gaismas un ska\u0146as efektiem","description":"VIGA PolarB koka virtuve ar gaismas un ska\u0146as efektiem","robots":{"index":"index","follow":"follow","max-snippet":"max-snippet:-1","max-image-preview":"max-image-preview:large","max-video-preview":"max-video-preview:-1"},"canonical":"https:\/\/kidsplay.lt\/lv\/products\/viga-polarb-medine-virtuve-su-sviesos-ir-garso-efektais-2\/","og_locale":"lv_LV","og_type":"article","og_title":"VIGA PolarB medin\u0117 virtuv\u0117 su \u0161viesos ir garso efektais","og_description":"VIGA PolarB medin\u0117 virtuv\u0117 su \u0161viesos ir garso efektais","og_url":"https:\/\/kidsplay.lt\/lv\/products\/viga-polarb-medine-virtuve-su-sviesos-ir-garso-efektais-2\/","og_site_name":"KidsPlay","article_publisher":"https:\/\/www.facebook.com\/www.kidsplay.lt","article_modified_time":"2026-04-07T07:29:34+00:00","og_image":[{"width":2448,"height":2560,"url":"https:\/\/kidsplay.lt\/wp-content\/uploads\/2025\/03\/VIGA-PolarB-medine-virtuve-su-sviesos-ir-garso-efektais.jpg","type":"image\/jpeg"}],"twitter_card":"summary_large_image","twitter_misc":{"Est. reading time":"1 min\u016bte"},"schema":{"@context":"https:\/\/schema.org","@graph":[{"@type":"WebPage","@id":"https:\/\/kidsplay.lt\/produktas\/viga-polarb-medine-virtuve-su-sviesos-ir-garso-efektais-2\/","url":"https:\/\/kidsplay.lt\/produktas\/viga-polarb-medine-virtuve-su-sviesos-ir-garso-efektais-2\/","name":"VIGA PolarB koka virtuve ar gaismas un ska\u0146as efektiem","isPartOf":{"@id":"https:\/\/kidsplay.lt\/#website"},"primaryImageOfPage":{"@id":"https:\/\/kidsplay.lt\/produktas\/viga-polarb-medine-virtuve-su-sviesos-ir-garso-efektais-2\/#primaryimage"},"image":{"@id":"https:\/\/kidsplay.lt\/produktas\/viga-polarb-medine-virtuve-su-sviesos-ir-garso-efektais-2\/#primaryimage"},"thumbnailUrl":"https:\/\/kidsplay.lt\/wp-content\/uploads\/2025\/03\/VIGA-PolarB-medine-virtuve-su-sviesos-ir-garso-efektais.jpg","datePublished":"2025-10-02T10:28:42+00:00","dateModified":"2026-04-07T07:29:34+00:00","description":"VIGA PolarB koka virtuve ar gaismas un ska\u0146as efektiem","breadcrumb":{"@id":"https:\/\/kidsplay.lt\/produktas\/viga-polarb-medine-virtuve-su-sviesos-ir-garso-efektais-2\/#breadcrumb"},"inLanguage":"lv-LV","potentialAction":[{"@type":"ReadAction","target":["https:\/\/kidsplay.lt\/produktas\/viga-polarb-medine-virtuve-su-sviesos-ir-garso-efektais-2\/"]}]},{"@type":"ImageObject","inLanguage":"lv-LV","@id":"https:\/\/kidsplay.lt\/produktas\/viga-polarb-medine-virtuve-su-sviesos-ir-garso-efektais-2\/#primaryimage","url":"https:\/\/kidsplay.lt\/wp-content\/uploads\/2025\/03\/VIGA-PolarB-medine-virtuve-su-sviesos-ir-garso-efektais.jpg","contentUrl":"https:\/\/kidsplay.lt\/wp-content\/uploads\/2025\/03\/VIGA-PolarB-medine-virtuve-su-sviesos-ir-garso-efektais.jpg","width":2448,"height":2560,"caption":"VIGA PolarB medin\u0117 virtuv\u0117 su \u0161viesos ir garso efektais"},{"@type":"BreadcrumbList","@id":"https:\/\/kidsplay.lt\/produktas\/viga-polarb-medine-virtuve-su-sviesos-ir-garso-efektais-2\/#breadcrumb","itemListElement":[{"@type":"ListItem","position":1,"name":"Pagrindinis","item":"https:\/\/kidsplay.lt\/"},{"@type":"ListItem","position":2,"name":"Parduotuv\u0117","item":"https:\/\/kidsplay.lt\/parduotuve\/"},{"@type":"ListItem","position":3,"name":"VIGA PolarB medin\u0117 virtuv\u0117 su \u0161viesos ir garso efektais"}]},{"@type":"WebSite","@id":"https:\/\/kidsplay.lt\/#website","url":"https:\/\/kidsplay.lt\/","name":"B\u0113rnu sp\u0113les.lv","description":"\u012evairios prek\u0117s vaikams","publisher":{"@id":"https:\/\/kidsplay.lt\/#organization"},"alternateName":"Kidsplay","potentialAction":[{"@type":"SearchAction","target":{"@type":"EntryPoint","urlTemplate":"https:\/\/kidsplay.lt\/?s={search_term_string}"},"query-input":{"@type":"PropertyValueSpecification","valueRequired":true,"valueName":"search_term_string"}}],"inLanguage":"lv-LV"},{"@type":"Organization","@id":"https:\/\/kidsplay.lt\/#organization","name":"B\u0113rnu sp\u0113le","url":"https:\/\/kidsplay.lt\/","logo":{"@type":"ImageObject","inLanguage":"lv-LV","@id":"https:\/\/kidsplay.lt\/#\/schema\/logo\/image\/","url":"https:\/\/kidsplay.lt\/wp-content\/uploads\/2023\/07\/kidsplay-logo.png","contentUrl":"https:\/\/kidsplay.lt\/wp-content\/uploads\/2023\/07\/kidsplay-logo.png","width":451,"height":98,"caption":"KidsPlay"},"image":{"@id":"https:\/\/kidsplay.lt\/#\/schema\/logo\/image\/"},"sameAs":["https:\/\/www.facebook.com\/www.kidsplay.lt"]}]}},"_links":{"self":[{"href":"https:\/\/kidsplay.lt\/lv\/wp-json\/wp\/v2\/product\/69696","targetHints":{"allow":["GET"]}}],"collection":[{"href":"https:\/\/kidsplay.lt\/lv\/wp-json\/wp\/v2\/product"}],"about":[{"href":"https:\/\/kidsplay.lt\/lv\/wp-json\/wp\/v2\/types\/product"}],"version-history":[{"count":2,"href":"https:\/\/kidsplay.lt\/lv\/wp-json\/wp\/v2\/product\/69696\/revisions"}],"predecessor-version":[{"id":73503,"href":"https:\/\/kidsplay.lt\/lv\/wp-json\/wp\/v2\/product\/69696\/revisions\/73503"}],"wp:featuredmedia":[{"embeddable":true,"href":"https:\/\/kidsplay.lt\/lv\/wp-json\/wp\/v2\/media\/60490"}],"wp:attachment":[{"href":"https:\/\/kidsplay.lt\/lv\/wp-json\/wp\/v2\/media?parent=69696"}],"wp:term":[{"taxonomy":"product_brand","embeddable":true,"href":"https:\/\/kidsplay.lt\/lv\/wp-json\/wp\/v2\/product_brand?post=69696"},{"taxonomy":"product_cat","embeddable":true,"href":"https:\/\/kidsplay.lt\/lv\/wp-json\/wp\/v2\/product_cat?post=69696"},{"taxonomy":"product_tag","embeddable":true,"href":"https:\/\/kidsplay.lt\/lv\/wp-json\/wp\/v2\/product_tag?post=69696"}],"curies":[{"name":"wp","href":"https:\/\/api.w.org\/{rel}","templated":true}]}}