{"id":69698,"date":"2025-10-02T13:28:46","date_gmt":"2025-10-02T10:28:46","guid":{"rendered":"https:\/\/kidsplay.lt\/produktas\/6in1-montessori-zaislu-rinkinys-2\/"},"modified":"2026-04-13T14:51:32","modified_gmt":"2026-04-13T11:51:32","slug":"6in1-montessori-zaislu-rinkinys-2","status":"publish","type":"product","link":"https:\/\/kidsplay.lt\/lv\/products\/6in1-montessori-zaislu-rinkinys-2\/","title":{"rendered":"Montessori rota\u013clietu komplekts 6in1"},"content":{"rendered":"<p>\u201eTooky\u201c \u017eaisl\u0173 lavinamoji d\u0117\u017eut\u0117\u00a0skirta ma\u017eyliams\u00a0nuo 3 met\u0173\u00a0am\u017eiaus . Joje yra\u00a06 Montessori sensoriniai ir lavinamieji \u017eaislai\u00a0, kurie palaiko\u00a0sveik\u0105\u00a0j\u016bs\u0173 vaiko psichomotorin\u012f vystym\u0105si ir\u00a0stimuliuoja jo poj\u016b\u010dius\u00a0:\u00a0reg\u0105, lyt\u0117jim\u0105 ir klaus\u0105\u00a0. Ji taip pat lavina\u00a0login\u012f m\u0105stym\u0105 ir aki\u0173 bei rank\u0173 koordinacij\u0105\u00a0. Taip pat yra i\u0161samus vadovas t\u0117vams, kad \u017einotum\u0117te, kada supa\u017eindinti savo ma\u017eyl\u012f su \u017eaislu ir kaip su juo \u017eaisti.\u00a0\u201eTooky\u201c \u017eaisl\u0173 lavinamoji d\u0117\u017eut\u0117\u00a0yra puiki dovana ma\u017eyliui.<\/p>\n<p>D\u0117\u017eut\u0117je yra 6 lavinamieji \u017eaislai nuo 3 met\u0173 am\u017eiaus vienoje pakuot\u0117je:<\/p>\n<p>&#8211; d\u0117\u017eut\u0117 su 3 skirtingomis spynomis ir spalvomis,<br \/>\n&#8211; 8 mediniai balansavimo akmenys,<br \/>\n&#8211; medin\u0117 edukacin\u0117 lenta su or\u0173 prognoz\u0117mis,<br \/>\n&#8211; medinis skai\u010diavimo \u017eaidimas nuo 1 iki 10,<br \/>\n&#8211; k\u016brybinis rinkinys &#8211; mano pirmieji spalvinimo puslapiai su gyv\u016bnais, 1 lygis, mink\u0161tos kreidel\u0117s, 6 vnt.,<br \/>\n&#8211; spalvinga knyga \u201eMan 3 metai\u201c.<\/p>","protected":false},"excerpt":{"rendered":"<p>Montessori rota\u013clietu komplekts 6in1<\/p>","protected":false},"featured_media":62996,"template":"","meta":{"_acf_changed":false,"_glsr_average":0,"_glsr_ranking":0,"_glsr_reviews":0},"product_brand":[],"product_cat":[265,366,365,72,229,800],"product_tag":[],"class_list":{"0":"post-69698","1":"product","2":"type-product","3":"status-publish","4":"has-post-thumbnail","6":"product_cat-dovanu-idejos","7":"product_cat-dovanu-idejos-berniukams","8":"product_cat-dovanu-idejos-mergaitems","9":"product_cat-ispardavimas","10":"product_cat-zaislai-vaikams","11":"product_cat-zaislu-komplektai","12":"\"style=\"background-color: #2ecc711c;\"","14":"first","15":"instock","16":"sale","17":"purchasable","18":"product-type-simple"},"acf":[],"yoast_head":"<!-- This site is optimized with the Yoast SEO plugin v27.4 - https:\/\/yoast.com\/product\/yoast-seo-wordpress\/ -->\n<title>6in1 Montessori \u017eaisl\u0173 rinkinys<\/title>\n<meta name=\"description\" content=\"6in1 Montessori \u017eaisl\u0173 rinkinys\" \/>\n<meta name=\"robots\" content=\"index, follow, max-snippet:-1, max-image-preview:large, max-video-preview:-1\" \/>\n<link rel=\"canonical\" href=\"https:\/\/kidsplay.lt\/lv\/products\/6in1-montessori-zaislu-rinkinys-2\/\" \/>\n<meta property=\"og:locale\" content=\"lv_LV\" \/>\n<meta property=\"og:type\" content=\"article\" \/>\n<meta property=\"og:title\" content=\"6in1 Montessori \u017eaisl\u0173 rinkinys\" \/>\n<meta property=\"og:description\" content=\"6in1 Montessori \u017eaisl\u0173 rinkinys\" \/>\n<meta property=\"og:url\" content=\"https:\/\/kidsplay.lt\/lv\/products\/6in1-montessori-zaislu-rinkinys-2\/\" \/>\n<meta property=\"og:site_name\" content=\"KidsPlay\" \/>\n<meta property=\"article:publisher\" content=\"https:\/\/www.facebook.com\/www.kidsplay.lt\" \/>\n<meta property=\"article:modified_time\" content=\"2026-04-13T11:51:32+00:00\" \/>\n<meta property=\"og:image\" content=\"https:\/\/kidsplay.lt\/wp-content\/uploads\/2025\/09\/6in1-Montessori-zaislu-rinkinys.jpg\" \/>\n\t<meta property=\"og:image:width\" content=\"800\" \/>\n\t<meta property=\"og:image:height\" content=\"800\" \/>\n\t<meta property=\"og:image:type\" content=\"image\/png\" \/>\n<meta name=\"twitter:card\" content=\"summary_large_image\" \/>\n<meta name=\"twitter:label1\" content=\"Est. reading time\" \/>\n\t<meta name=\"twitter:data1\" content=\"1 min\u016bte\" \/>\n<script type=\"application\/ld+json\" class=\"yoast-schema-graph\">{\"@context\":\"https:\\\/\\\/schema.org\",\"@graph\":[{\"@type\":\"WebPage\",\"@id\":\"https:\\\/\\\/kidsplay.lt\\\/produktas\\\/6in1-montessori-zaislu-rinkinys-2\\\/\",\"url\":\"https:\\\/\\\/kidsplay.lt\\\/produktas\\\/6in1-montessori-zaislu-rinkinys-2\\\/\",\"name\":\"6in1 Montessori \u017eaisl\u0173 rinkinys\",\"isPartOf\":{\"@id\":\"https:\\\/\\\/kidsplay.lt\\\/#website\"},\"primaryImageOfPage\":{\"@id\":\"https:\\\/\\\/kidsplay.lt\\\/produktas\\\/6in1-montessori-zaislu-rinkinys-2\\\/#primaryimage\"},\"image\":{\"@id\":\"https:\\\/\\\/kidsplay.lt\\\/produktas\\\/6in1-montessori-zaislu-rinkinys-2\\\/#primaryimage\"},\"thumbnailUrl\":\"https:\\\/\\\/kidsplay.lt\\\/wp-content\\\/uploads\\\/2025\\\/09\\\/6in1-Montessori-zaislu-rinkinys.jpg\",\"datePublished\":\"2025-10-02T10:28:46+00:00\",\"dateModified\":\"2026-04-13T11:51:32+00:00\",\"description\":\"6in1 Montessori \u017eaisl\u0173 rinkinys\",\"breadcrumb\":{\"@id\":\"https:\\\/\\\/kidsplay.lt\\\/produktas\\\/6in1-montessori-zaislu-rinkinys-2\\\/#breadcrumb\"},\"inLanguage\":\"lv-LV\",\"potentialAction\":[{\"@type\":\"ReadAction\",\"target\":[\"https:\\\/\\\/kidsplay.lt\\\/produktas\\\/6in1-montessori-zaislu-rinkinys-2\\\/\"]}]},{\"@type\":\"ImageObject\",\"inLanguage\":\"lv-LV\",\"@id\":\"https:\\\/\\\/kidsplay.lt\\\/produktas\\\/6in1-montessori-zaislu-rinkinys-2\\\/#primaryimage\",\"url\":\"https:\\\/\\\/kidsplay.lt\\\/wp-content\\\/uploads\\\/2025\\\/09\\\/6in1-Montessori-zaislu-rinkinys.jpg\",\"contentUrl\":\"https:\\\/\\\/kidsplay.lt\\\/wp-content\\\/uploads\\\/2025\\\/09\\\/6in1-Montessori-zaislu-rinkinys.jpg\",\"width\":2560,\"height\":2560,\"caption\":\"6in1 Montessori \u017eaisl\u0173 rinkinys\"},{\"@type\":\"BreadcrumbList\",\"@id\":\"https:\\\/\\\/kidsplay.lt\\\/produktas\\\/6in1-montessori-zaislu-rinkinys-2\\\/#breadcrumb\",\"itemListElement\":[{\"@type\":\"ListItem\",\"position\":1,\"name\":\"Pagrindinis\",\"item\":\"https:\\\/\\\/kidsplay.lt\\\/\"},{\"@type\":\"ListItem\",\"position\":2,\"name\":\"Parduotuv\u0117\",\"item\":\"https:\\\/\\\/kidsplay.lt\\\/parduotuve\\\/\"},{\"@type\":\"ListItem\",\"position\":3,\"name\":\"6in1 Montessori \u017eaisl\u0173 rinkinys\"}]},{\"@type\":\"WebSite\",\"@id\":\"https:\\\/\\\/kidsplay.lt\\\/#website\",\"url\":\"https:\\\/\\\/kidsplay.lt\\\/\",\"name\":\"Kidsplay.lt\",\"description\":\"\u012evairios prek\u0117s vaikams\",\"publisher\":{\"@id\":\"https:\\\/\\\/kidsplay.lt\\\/#organization\"},\"alternateName\":\"Kidsplay\",\"potentialAction\":[{\"@type\":\"SearchAction\",\"target\":{\"@type\":\"EntryPoint\",\"urlTemplate\":\"https:\\\/\\\/kidsplay.lt\\\/?s={search_term_string}\"},\"query-input\":{\"@type\":\"PropertyValueSpecification\",\"valueRequired\":true,\"valueName\":\"search_term_string\"}}],\"inLanguage\":\"lv-LV\"},{\"@type\":\"Organization\",\"@id\":\"https:\\\/\\\/kidsplay.lt\\\/#organization\",\"name\":\"KidsPlay\",\"url\":\"https:\\\/\\\/kidsplay.lt\\\/\",\"logo\":{\"@type\":\"ImageObject\",\"inLanguage\":\"lv-LV\",\"@id\":\"https:\\\/\\\/kidsplay.lt\\\/#\\\/schema\\\/logo\\\/image\\\/\",\"url\":\"https:\\\/\\\/kidsplay.lt\\\/wp-content\\\/uploads\\\/2023\\\/07\\\/kidsplay-logo.png\",\"contentUrl\":\"https:\\\/\\\/kidsplay.lt\\\/wp-content\\\/uploads\\\/2023\\\/07\\\/kidsplay-logo.png\",\"width\":451,\"height\":98,\"caption\":\"KidsPlay\"},\"image\":{\"@id\":\"https:\\\/\\\/kidsplay.lt\\\/#\\\/schema\\\/logo\\\/image\\\/\"},\"sameAs\":[\"https:\\\/\\\/www.facebook.com\\\/www.kidsplay.lt\"]}]}<\/script>\n<!-- \/ Yoast SEO plugin. -->","yoast_head_json":{"title":"Montessori rota\u013clietu komplekts 6in1","description":"Montessori rota\u013clietu komplekts 6in1","robots":{"index":"index","follow":"follow","max-snippet":"max-snippet:-1","max-image-preview":"max-image-preview:large","max-video-preview":"max-video-preview:-1"},"canonical":"https:\/\/kidsplay.lt\/lv\/products\/6in1-montessori-zaislu-rinkinys-2\/","og_locale":"lv_LV","og_type":"article","og_title":"6in1 Montessori \u017eaisl\u0173 rinkinys","og_description":"6in1 Montessori \u017eaisl\u0173 rinkinys","og_url":"https:\/\/kidsplay.lt\/lv\/products\/6in1-montessori-zaislu-rinkinys-2\/","og_site_name":"KidsPlay","article_publisher":"https:\/\/www.facebook.com\/www.kidsplay.lt","article_modified_time":"2026-04-13T11:51:32+00:00","og_image":[{"url":"https:\/\/kidsplay.lt\/wp-content\/uploads\/2025\/09\/6in1-Montessori-zaislu-rinkinys.jpg","width":800,"height":800,"type":"image\/png"}],"twitter_card":"summary_large_image","twitter_misc":{"Est. reading time":"1 min\u016bte"},"schema":{"@context":"https:\/\/schema.org","@graph":[{"@type":"WebPage","@id":"https:\/\/kidsplay.lt\/produktas\/6in1-montessori-zaislu-rinkinys-2\/","url":"https:\/\/kidsplay.lt\/produktas\/6in1-montessori-zaislu-rinkinys-2\/","name":"Montessori rota\u013clietu komplekts 6in1","isPartOf":{"@id":"https:\/\/kidsplay.lt\/#website"},"primaryImageOfPage":{"@id":"https:\/\/kidsplay.lt\/produktas\/6in1-montessori-zaislu-rinkinys-2\/#primaryimage"},"image":{"@id":"https:\/\/kidsplay.lt\/produktas\/6in1-montessori-zaislu-rinkinys-2\/#primaryimage"},"thumbnailUrl":"https:\/\/kidsplay.lt\/wp-content\/uploads\/2025\/09\/6in1-Montessori-zaislu-rinkinys.jpg","datePublished":"2025-10-02T10:28:46+00:00","dateModified":"2026-04-13T11:51:32+00:00","description":"Montessori rota\u013clietu komplekts 6in1","breadcrumb":{"@id":"https:\/\/kidsplay.lt\/produktas\/6in1-montessori-zaislu-rinkinys-2\/#breadcrumb"},"inLanguage":"lv-LV","potentialAction":[{"@type":"ReadAction","target":["https:\/\/kidsplay.lt\/produktas\/6in1-montessori-zaislu-rinkinys-2\/"]}]},{"@type":"ImageObject","inLanguage":"lv-LV","@id":"https:\/\/kidsplay.lt\/produktas\/6in1-montessori-zaislu-rinkinys-2\/#primaryimage","url":"https:\/\/kidsplay.lt\/wp-content\/uploads\/2025\/09\/6in1-Montessori-zaislu-rinkinys.jpg","contentUrl":"https:\/\/kidsplay.lt\/wp-content\/uploads\/2025\/09\/6in1-Montessori-zaislu-rinkinys.jpg","width":2560,"height":2560,"caption":"6in1 Montessori \u017eaisl\u0173 rinkinys"},{"@type":"BreadcrumbList","@id":"https:\/\/kidsplay.lt\/produktas\/6in1-montessori-zaislu-rinkinys-2\/#breadcrumb","itemListElement":[{"@type":"ListItem","position":1,"name":"Pagrindinis","item":"https:\/\/kidsplay.lt\/"},{"@type":"ListItem","position":2,"name":"Parduotuv\u0117","item":"https:\/\/kidsplay.lt\/parduotuve\/"},{"@type":"ListItem","position":3,"name":"6in1 Montessori \u017eaisl\u0173 rinkinys"}]},{"@type":"WebSite","@id":"https:\/\/kidsplay.lt\/#website","url":"https:\/\/kidsplay.lt\/","name":"B\u0113rnu sp\u0113les.lv","description":"\u012evairios prek\u0117s vaikams","publisher":{"@id":"https:\/\/kidsplay.lt\/#organization"},"alternateName":"Kidsplay","potentialAction":[{"@type":"SearchAction","target":{"@type":"EntryPoint","urlTemplate":"https:\/\/kidsplay.lt\/?s={search_term_string}"},"query-input":{"@type":"PropertyValueSpecification","valueRequired":true,"valueName":"search_term_string"}}],"inLanguage":"lv-LV"},{"@type":"Organization","@id":"https:\/\/kidsplay.lt\/#organization","name":"B\u0113rnu sp\u0113le","url":"https:\/\/kidsplay.lt\/","logo":{"@type":"ImageObject","inLanguage":"lv-LV","@id":"https:\/\/kidsplay.lt\/#\/schema\/logo\/image\/","url":"https:\/\/kidsplay.lt\/wp-content\/uploads\/2023\/07\/kidsplay-logo.png","contentUrl":"https:\/\/kidsplay.lt\/wp-content\/uploads\/2023\/07\/kidsplay-logo.png","width":451,"height":98,"caption":"KidsPlay"},"image":{"@id":"https:\/\/kidsplay.lt\/#\/schema\/logo\/image\/"},"sameAs":["https:\/\/www.facebook.com\/www.kidsplay.lt"]}]}},"_links":{"self":[{"href":"https:\/\/kidsplay.lt\/lv\/wp-json\/wp\/v2\/product\/69698","targetHints":{"allow":["GET"]}}],"collection":[{"href":"https:\/\/kidsplay.lt\/lv\/wp-json\/wp\/v2\/product"}],"about":[{"href":"https:\/\/kidsplay.lt\/lv\/wp-json\/wp\/v2\/types\/product"}],"version-history":[{"count":3,"href":"https:\/\/kidsplay.lt\/lv\/wp-json\/wp\/v2\/product\/69698\/revisions"}],"predecessor-version":[{"id":80796,"href":"https:\/\/kidsplay.lt\/lv\/wp-json\/wp\/v2\/product\/69698\/revisions\/80796"}],"wp:featuredmedia":[{"embeddable":true,"href":"https:\/\/kidsplay.lt\/lv\/wp-json\/wp\/v2\/media\/62996"}],"wp:attachment":[{"href":"https:\/\/kidsplay.lt\/lv\/wp-json\/wp\/v2\/media?parent=69698"}],"wp:term":[{"taxonomy":"product_brand","embeddable":true,"href":"https:\/\/kidsplay.lt\/lv\/wp-json\/wp\/v2\/product_brand?post=69698"},{"taxonomy":"product_cat","embeddable":true,"href":"https:\/\/kidsplay.lt\/lv\/wp-json\/wp\/v2\/product_cat?post=69698"},{"taxonomy":"product_tag","embeddable":true,"href":"https:\/\/kidsplay.lt\/lv\/wp-json\/wp\/v2\/product_tag?post=69698"}],"curies":[{"name":"wp","href":"https:\/\/api.w.org\/{rel}","templated":true}]}}