{"id":69712,"date":"2025-10-02T13:29:15","date_gmt":"2025-10-02T10:29:15","guid":{"rendered":"https:\/\/kidsplay.lt\/produktas\/woopie-mega-villa-leliu-namelis-zavus-namas-194-vnt-2\/"},"modified":"2026-04-13T14:51:56","modified_gmt":"2026-04-13T11:51:56","slug":"woopie-mega-villa-leliu-namelis-zavus-namas-194-vnt-2","status":"publish","type":"product","link":"https:\/\/kidsplay.lt\/lv\/products\/woopie-mega-villa-leliu-namelis-zavus-namas-194-vnt-2\/","title":{"rendered":"WOOPIE Mega Villa le\u013c\u013cu nami\u0146\u0161 BURV\u012aG\u0100 M\u0100JA 194 gab."},"content":{"rendered":"<p>Svajojate apie tobul\u0105 dovan\u0105 mergaitei, kuri j\u0105 linksmins valand\u0173 valandas ir \u017eadins vaizduot\u0119?\u00a0\u201eWoopie\u201c\u00a0\u00a0l\u0117li\u0173 namelis\u00a0\u2013 tai\u00a0trij\u0173\u00a0auk\u0161t\u0173 namelis\u00a0, kuris nukelia vaikus \u012f spalving\u0173 nuotyki\u0173 ir \u0161eimos istorij\u0173 pasaul\u012f! \u0160is \u012fsp\u016bdingas rinkinys susideda i\u0161\u00a0194 detali\u0173\u00a0\u00a0ir leid\u017eia savaranki\u0161kai surinkti namel\u012f su didele \u017eaidim\u0173 zona. Namelis \u017eavi spalvingais, detaliais baldais, leid\u017eian\u010diais i\u0161d\u0117styti kelis kambarius: svetain\u0119, virtuv\u0119, vonios kambar\u012f, miegam\u0105j\u012f ir erdvi\u0105 teras\u0105 su sk\u0117\u010diu nuo saul\u0117s. Rasite \u012fvairi\u0173 bald\u0173 \u2013 nuo \u200b\u200bpatogi\u0173 foteli\u0173 ir sofos, stal\u0173 ir k\u0117d\u017ei\u0173 iki lov\u0173 ir sien\u0173 dekoracij\u0173. Rinkinyje taip pat yra fig\u016br\u0117li\u0173 ir du spalvingi automobiliai, kurie dar labiau sustiprina linksmybes ir leid\u017eia kurti \u012fvairius \u0161eimos ir kasdienius scenarijus. \u0160is \u017eaislas tinka vaikams nuo 3 met\u0173 ir yra puikus b\u016bdas praleisti laik\u0105 kartu su broliais ir seserimis ar t\u0117vais, kartu lavinant erdvin\u0119 vaizduot\u0119, socialinius ir organizacinius \u012fg\u016bd\u017eius. D\u0117l modulinio dizaino namel\u012f lengva surinkti ir i\u0161ardyti, tod\u0117l smagu \u017eaisti tiek namuose, tiek kelyje.<\/p>\n<p>Rakstur\u012bgs:<\/p>\n<p> \t&#8211; \u017daislas vaikams\u00a0nuo 3 met\u0173 am\u017eiaus<br \/>\n \t&#8211;\u00a0\u00a0Erdvus, keli\u0173 auk\u0161t\u0173 namas\u00a0su \u012fsp\u016bdingais matmenimis<br \/>\n \t&#8211;\u00a0\u00a0Pilnas \u201epasidaryk pats\u201c rinkinys\u00a0\u00a0su 194 savaranki\u0161kai surinkamais komponentais<br \/>\n \t&#8211;\u00a0\u00a0Detal\u016bs baldai ir aksesuarai,\u00a0leid\u017eiantys realisti\u0161kai i\u0161d\u0117styti \u012fvairius kambarius<br \/>\n \t&#8211;\u00a0\u00a0Fig\u016br\u0117l\u0117s\u00a0ir du automobiliai suteikia \u017eaidimui realizmo ir \u012fvairov\u0117s<br \/>\n \t&#8211;\u00a0\u00a0Lengvas ir saugus montavimas<br \/>\n \t&#8211; Pasteliniai ro\u017ein\u0117s ir violetin\u0117s spalvos atspalviai, pritraukiantys mergin\u0173 d\u0117mes\u012f<br \/>\n \t&#8211; Pagaminta i\u0161\u00a0patvari\u0173 ir saugi\u0173 med\u017eiag\u0173\u00a0, kurios atitinka kokyb\u0117s ir saugos standartus<\/p>\n<p>Komplekt\u0101 ietilpst:<\/p>\n<p> \t&#8211; 194 prek\u0117s<br \/>\n \t&#8211; Pilnas bald\u0173 komplektas svetainei, virtuvei, vonios kambariui, miegamajam ir terasai<br \/>\n \t&#8211; Persona\u017e\u0173 fig\u016br\u0117l\u0117s, kurias galima i\u0161d\u0117styti skirtingose \u200b\u200bscenose<br \/>\n \t&#8211; Du spalvingi automobiliai pramogoms pa\u012fvairinti<br \/>\n \t&#8211; I\u0161samios surinkimo instrukcijos, kad b\u016bt\u0173 lengva surinkti savaranki\u0161kai<\/p>\n<p>Rota\u013clieta att\u012bst\u0101s:<\/p>\n<p> \t&#8211; K\u016brybi\u0161kumas ir erdvin\u0117 vaizduot\u0117<br \/>\n \t&#8211; Rank\u0173 miklumas ir aki\u0173-rank\u0173 koordinacija<br \/>\n \t&#8211; Geb\u0117jimas planuoti, organizuoti ir susikaupti<br \/>\n \t&#8211; Socialiniai ir emociniai geb\u0117jimai\u00a0<br \/>\n \t&#8211; \u012e\u017evalgumas ir loginis m\u0105stymas<\/p>\n<p>Gaminio matmenys:\u00a0\u00a072 x 60 x 51 (cm)<\/p>\n<p>Pakuot\u0117s matmenys:\u00a0\u00a042 x 35 x 8,5 (cm)<\/p>","protected":false},"excerpt":{"rendered":"<p>WOOPIE Mega Villa le\u013c\u013cu nami\u0146\u0161 BURV\u012aG\u0100 M\u0100JA 194 gab.<\/p>","protected":false},"featured_media":55729,"template":"","meta":{"_acf_changed":false,"_glsr_average":0,"_glsr_ranking":0,"_glsr_reviews":0},"product_brand":[],"product_cat":[283,229],"product_tag":[],"class_list":{"0":"post-69712","1":"product","2":"type-product","3":"status-publish","4":"has-post-thumbnail","6":"product_cat-leliu-nameliai","7":"product_cat-zaislai-vaikams","8":"\"style=\"background-color: #2ecc711c;\"","10":"first","11":"instock","12":"purchasable","13":"product-type-simple"},"acf":[],"yoast_head":"<!-- This site is optimized with the Yoast SEO plugin v27.4 - https:\/\/yoast.com\/product\/yoast-seo-wordpress\/ -->\n<title>WOOPIE Mega Villa l\u0117li\u0173 namelis \u017dAVUS NAMAS 194 vnt.<\/title>\n<meta name=\"description\" content=\"WOOPIE Mega Villa l\u0117li\u0173 namelis \u017dAVUS NAMAS 194 vnt.\" \/>\n<meta name=\"robots\" content=\"index, follow, max-snippet:-1, max-image-preview:large, max-video-preview:-1\" \/>\n<link rel=\"canonical\" href=\"https:\/\/kidsplay.lt\/lv\/products\/woopie-mega-villa-leliu-namelis-zavus-namas-194-vnt-2\/\" \/>\n<meta property=\"og:locale\" content=\"lv_LV\" \/>\n<meta property=\"og:type\" content=\"article\" \/>\n<meta property=\"og:title\" content=\"WOOPIE Mega Villa l\u0117li\u0173 namelis \u017dAVUS NAMAS 194 vnt.\" \/>\n<meta property=\"og:description\" content=\"WOOPIE Mega Villa l\u0117li\u0173 namelis \u017dAVUS NAMAS 194 vnt.\" \/>\n<meta property=\"og:url\" content=\"https:\/\/kidsplay.lt\/lv\/products\/woopie-mega-villa-leliu-namelis-zavus-namas-194-vnt-2\/\" \/>\n<meta property=\"og:site_name\" content=\"KidsPlay\" \/>\n<meta property=\"article:publisher\" content=\"https:\/\/www.facebook.com\/www.kidsplay.lt\" \/>\n<meta property=\"article:modified_time\" content=\"2026-04-13T11:51:56+00:00\" \/>\n<meta property=\"og:image\" content=\"https:\/\/kidsplay.lt\/wp-content\/uploads\/2024\/09\/Didzioji-vila-barbiu-namas.jpg\" \/>\n\t<meta property=\"og:image:width\" content=\"1595\" \/>\n\t<meta property=\"og:image:height\" content=\"1595\" \/>\n\t<meta property=\"og:image:type\" content=\"image\/jpeg\" \/>\n<meta name=\"twitter:card\" content=\"summary_large_image\" \/>\n<meta name=\"twitter:label1\" content=\"Est. reading time\" \/>\n\t<meta name=\"twitter:data1\" content=\"2 min\u016btes\" \/>\n<script type=\"application\/ld+json\" class=\"yoast-schema-graph\">{\"@context\":\"https:\\\/\\\/schema.org\",\"@graph\":[{\"@type\":\"WebPage\",\"@id\":\"https:\\\/\\\/kidsplay.lt\\\/produktas\\\/woopie-mega-villa-leliu-namelis-zavus-namas-194-vnt-2\\\/\",\"url\":\"https:\\\/\\\/kidsplay.lt\\\/produktas\\\/woopie-mega-villa-leliu-namelis-zavus-namas-194-vnt-2\\\/\",\"name\":\"WOOPIE Mega Villa l\u0117li\u0173 namelis \u017dAVUS NAMAS 194 vnt.\",\"isPartOf\":{\"@id\":\"https:\\\/\\\/kidsplay.lt\\\/#website\"},\"primaryImageOfPage\":{\"@id\":\"https:\\\/\\\/kidsplay.lt\\\/produktas\\\/woopie-mega-villa-leliu-namelis-zavus-namas-194-vnt-2\\\/#primaryimage\"},\"image\":{\"@id\":\"https:\\\/\\\/kidsplay.lt\\\/produktas\\\/woopie-mega-villa-leliu-namelis-zavus-namas-194-vnt-2\\\/#primaryimage\"},\"thumbnailUrl\":\"https:\\\/\\\/kidsplay.lt\\\/wp-content\\\/uploads\\\/2024\\\/09\\\/Didzioji-vila-barbiu-namas.jpg\",\"datePublished\":\"2025-10-02T10:29:15+00:00\",\"dateModified\":\"2026-04-13T11:51:56+00:00\",\"description\":\"WOOPIE Mega Villa l\u0117li\u0173 namelis \u017dAVUS NAMAS 194 vnt.\",\"breadcrumb\":{\"@id\":\"https:\\\/\\\/kidsplay.lt\\\/produktas\\\/woopie-mega-villa-leliu-namelis-zavus-namas-194-vnt-2\\\/#breadcrumb\"},\"inLanguage\":\"lv-LV\",\"potentialAction\":[{\"@type\":\"ReadAction\",\"target\":[\"https:\\\/\\\/kidsplay.lt\\\/produktas\\\/woopie-mega-villa-leliu-namelis-zavus-namas-194-vnt-2\\\/\"]}]},{\"@type\":\"ImageObject\",\"inLanguage\":\"lv-LV\",\"@id\":\"https:\\\/\\\/kidsplay.lt\\\/produktas\\\/woopie-mega-villa-leliu-namelis-zavus-namas-194-vnt-2\\\/#primaryimage\",\"url\":\"https:\\\/\\\/kidsplay.lt\\\/wp-content\\\/uploads\\\/2024\\\/09\\\/Didzioji-vila-barbiu-namas.jpg\",\"contentUrl\":\"https:\\\/\\\/kidsplay.lt\\\/wp-content\\\/uploads\\\/2024\\\/09\\\/Didzioji-vila-barbiu-namas.jpg\",\"width\":1595,\"height\":1595,\"caption\":\"WOOPIE Mega Villa l\u0117li\u0173 namelis \u017dAVUS NAMAS 194 vnt.\"},{\"@type\":\"BreadcrumbList\",\"@id\":\"https:\\\/\\\/kidsplay.lt\\\/produktas\\\/woopie-mega-villa-leliu-namelis-zavus-namas-194-vnt-2\\\/#breadcrumb\",\"itemListElement\":[{\"@type\":\"ListItem\",\"position\":1,\"name\":\"Pagrindinis\",\"item\":\"https:\\\/\\\/kidsplay.lt\\\/\"},{\"@type\":\"ListItem\",\"position\":2,\"name\":\"Parduotuv\u0117\",\"item\":\"https:\\\/\\\/kidsplay.lt\\\/parduotuve\\\/\"},{\"@type\":\"ListItem\",\"position\":3,\"name\":\"WOOPIE Mega Villa l\u0117li\u0173 namelis \u017dAVUS NAMAS 194 vnt.\"}]},{\"@type\":\"WebSite\",\"@id\":\"https:\\\/\\\/kidsplay.lt\\\/#website\",\"url\":\"https:\\\/\\\/kidsplay.lt\\\/\",\"name\":\"Kidsplay.lt\",\"description\":\"\u012evairios prek\u0117s vaikams\",\"publisher\":{\"@id\":\"https:\\\/\\\/kidsplay.lt\\\/#organization\"},\"alternateName\":\"Kidsplay\",\"potentialAction\":[{\"@type\":\"SearchAction\",\"target\":{\"@type\":\"EntryPoint\",\"urlTemplate\":\"https:\\\/\\\/kidsplay.lt\\\/?s={search_term_string}\"},\"query-input\":{\"@type\":\"PropertyValueSpecification\",\"valueRequired\":true,\"valueName\":\"search_term_string\"}}],\"inLanguage\":\"lv-LV\"},{\"@type\":\"Organization\",\"@id\":\"https:\\\/\\\/kidsplay.lt\\\/#organization\",\"name\":\"KidsPlay\",\"url\":\"https:\\\/\\\/kidsplay.lt\\\/\",\"logo\":{\"@type\":\"ImageObject\",\"inLanguage\":\"lv-LV\",\"@id\":\"https:\\\/\\\/kidsplay.lt\\\/#\\\/schema\\\/logo\\\/image\\\/\",\"url\":\"https:\\\/\\\/kidsplay.lt\\\/wp-content\\\/uploads\\\/2023\\\/07\\\/kidsplay-logo.png\",\"contentUrl\":\"https:\\\/\\\/kidsplay.lt\\\/wp-content\\\/uploads\\\/2023\\\/07\\\/kidsplay-logo.png\",\"width\":451,\"height\":98,\"caption\":\"KidsPlay\"},\"image\":{\"@id\":\"https:\\\/\\\/kidsplay.lt\\\/#\\\/schema\\\/logo\\\/image\\\/\"},\"sameAs\":[\"https:\\\/\\\/www.facebook.com\\\/www.kidsplay.lt\"]}]}<\/script>\n<!-- \/ Yoast SEO plugin. -->","yoast_head_json":{"title":"WOOPIE Mega Villa le\u013c\u013cu nami\u0146\u0161 BURV\u012aG\u0100 M\u0100JA 194 gab.","description":"WOOPIE Mega Villa le\u013c\u013cu nami\u0146\u0161 BURV\u012aG\u0100 M\u0100JA 194 gab.","robots":{"index":"index","follow":"follow","max-snippet":"max-snippet:-1","max-image-preview":"max-image-preview:large","max-video-preview":"max-video-preview:-1"},"canonical":"https:\/\/kidsplay.lt\/lv\/products\/woopie-mega-villa-leliu-namelis-zavus-namas-194-vnt-2\/","og_locale":"lv_LV","og_type":"article","og_title":"WOOPIE Mega Villa l\u0117li\u0173 namelis \u017dAVUS NAMAS 194 vnt.","og_description":"WOOPIE Mega Villa l\u0117li\u0173 namelis \u017dAVUS NAMAS 194 vnt.","og_url":"https:\/\/kidsplay.lt\/lv\/products\/woopie-mega-villa-leliu-namelis-zavus-namas-194-vnt-2\/","og_site_name":"KidsPlay","article_publisher":"https:\/\/www.facebook.com\/www.kidsplay.lt","article_modified_time":"2026-04-13T11:51:56+00:00","og_image":[{"width":1595,"height":1595,"url":"https:\/\/kidsplay.lt\/wp-content\/uploads\/2024\/09\/Didzioji-vila-barbiu-namas.jpg","type":"image\/jpeg"}],"twitter_card":"summary_large_image","twitter_misc":{"Est. reading time":"2 min\u016btes"},"schema":{"@context":"https:\/\/schema.org","@graph":[{"@type":"WebPage","@id":"https:\/\/kidsplay.lt\/produktas\/woopie-mega-villa-leliu-namelis-zavus-namas-194-vnt-2\/","url":"https:\/\/kidsplay.lt\/produktas\/woopie-mega-villa-leliu-namelis-zavus-namas-194-vnt-2\/","name":"WOOPIE Mega Villa le\u013c\u013cu nami\u0146\u0161 BURV\u012aG\u0100 M\u0100JA 194 gab.","isPartOf":{"@id":"https:\/\/kidsplay.lt\/#website"},"primaryImageOfPage":{"@id":"https:\/\/kidsplay.lt\/produktas\/woopie-mega-villa-leliu-namelis-zavus-namas-194-vnt-2\/#primaryimage"},"image":{"@id":"https:\/\/kidsplay.lt\/produktas\/woopie-mega-villa-leliu-namelis-zavus-namas-194-vnt-2\/#primaryimage"},"thumbnailUrl":"https:\/\/kidsplay.lt\/wp-content\/uploads\/2024\/09\/Didzioji-vila-barbiu-namas.jpg","datePublished":"2025-10-02T10:29:15+00:00","dateModified":"2026-04-13T11:51:56+00:00","description":"WOOPIE Mega Villa le\u013c\u013cu nami\u0146\u0161 BURV\u012aG\u0100 M\u0100JA 194 gab.","breadcrumb":{"@id":"https:\/\/kidsplay.lt\/produktas\/woopie-mega-villa-leliu-namelis-zavus-namas-194-vnt-2\/#breadcrumb"},"inLanguage":"lv-LV","potentialAction":[{"@type":"ReadAction","target":["https:\/\/kidsplay.lt\/produktas\/woopie-mega-villa-leliu-namelis-zavus-namas-194-vnt-2\/"]}]},{"@type":"ImageObject","inLanguage":"lv-LV","@id":"https:\/\/kidsplay.lt\/produktas\/woopie-mega-villa-leliu-namelis-zavus-namas-194-vnt-2\/#primaryimage","url":"https:\/\/kidsplay.lt\/wp-content\/uploads\/2024\/09\/Didzioji-vila-barbiu-namas.jpg","contentUrl":"https:\/\/kidsplay.lt\/wp-content\/uploads\/2024\/09\/Didzioji-vila-barbiu-namas.jpg","width":1595,"height":1595,"caption":"WOOPIE Mega Villa l\u0117li\u0173 namelis \u017dAVUS NAMAS 194 vnt."},{"@type":"BreadcrumbList","@id":"https:\/\/kidsplay.lt\/produktas\/woopie-mega-villa-leliu-namelis-zavus-namas-194-vnt-2\/#breadcrumb","itemListElement":[{"@type":"ListItem","position":1,"name":"Pagrindinis","item":"https:\/\/kidsplay.lt\/"},{"@type":"ListItem","position":2,"name":"Parduotuv\u0117","item":"https:\/\/kidsplay.lt\/parduotuve\/"},{"@type":"ListItem","position":3,"name":"WOOPIE Mega Villa l\u0117li\u0173 namelis \u017dAVUS NAMAS 194 vnt."}]},{"@type":"WebSite","@id":"https:\/\/kidsplay.lt\/#website","url":"https:\/\/kidsplay.lt\/","name":"B\u0113rnu sp\u0113les.lv","description":"\u012evairios prek\u0117s vaikams","publisher":{"@id":"https:\/\/kidsplay.lt\/#organization"},"alternateName":"Kidsplay","potentialAction":[{"@type":"SearchAction","target":{"@type":"EntryPoint","urlTemplate":"https:\/\/kidsplay.lt\/?s={search_term_string}"},"query-input":{"@type":"PropertyValueSpecification","valueRequired":true,"valueName":"search_term_string"}}],"inLanguage":"lv-LV"},{"@type":"Organization","@id":"https:\/\/kidsplay.lt\/#organization","name":"B\u0113rnu sp\u0113le","url":"https:\/\/kidsplay.lt\/","logo":{"@type":"ImageObject","inLanguage":"lv-LV","@id":"https:\/\/kidsplay.lt\/#\/schema\/logo\/image\/","url":"https:\/\/kidsplay.lt\/wp-content\/uploads\/2023\/07\/kidsplay-logo.png","contentUrl":"https:\/\/kidsplay.lt\/wp-content\/uploads\/2023\/07\/kidsplay-logo.png","width":451,"height":98,"caption":"KidsPlay"},"image":{"@id":"https:\/\/kidsplay.lt\/#\/schema\/logo\/image\/"},"sameAs":["https:\/\/www.facebook.com\/www.kidsplay.lt"]}]}},"_links":{"self":[{"href":"https:\/\/kidsplay.lt\/lv\/wp-json\/wp\/v2\/product\/69712","targetHints":{"allow":["GET"]}}],"collection":[{"href":"https:\/\/kidsplay.lt\/lv\/wp-json\/wp\/v2\/product"}],"about":[{"href":"https:\/\/kidsplay.lt\/lv\/wp-json\/wp\/v2\/types\/product"}],"version-history":[{"count":2,"href":"https:\/\/kidsplay.lt\/lv\/wp-json\/wp\/v2\/product\/69712\/revisions"}],"predecessor-version":[{"id":73495,"href":"https:\/\/kidsplay.lt\/lv\/wp-json\/wp\/v2\/product\/69712\/revisions\/73495"}],"wp:featuredmedia":[{"embeddable":true,"href":"https:\/\/kidsplay.lt\/lv\/wp-json\/wp\/v2\/media\/55729"}],"wp:attachment":[{"href":"https:\/\/kidsplay.lt\/lv\/wp-json\/wp\/v2\/media?parent=69712"}],"wp:term":[{"taxonomy":"product_brand","embeddable":true,"href":"https:\/\/kidsplay.lt\/lv\/wp-json\/wp\/v2\/product_brand?post=69712"},{"taxonomy":"product_cat","embeddable":true,"href":"https:\/\/kidsplay.lt\/lv\/wp-json\/wp\/v2\/product_cat?post=69712"},{"taxonomy":"product_tag","embeddable":true,"href":"https:\/\/kidsplay.lt\/lv\/wp-json\/wp\/v2\/product_tag?post=69712"}],"curies":[{"name":"wp","href":"https:\/\/api.w.org\/{rel}","templated":true}]}}