{"id":69720,"date":"2025-10-02T13:29:32","date_gmt":"2025-10-02T10:29:32","guid":{"rendered":"https:\/\/kidsplay.lt\/produktas\/classic-world-edu-zaidimu-aiksteles-vandens-zaislu-latakai-2\/"},"modified":"2026-04-13T14:52:47","modified_gmt":"2026-04-13T11:52:47","slug":"classic-world-edu-zaidimu-aiksteles-vandens-zaislu-latakai-2","status":"publish","type":"product","link":"https:\/\/kidsplay.lt\/lv\/products\/classic-world-edu-zaidimu-aiksteles-vandens-zaislu-latakai-2\/","title":{"rendered":"CLASSIC WORLD EDU \u017eaidim\u0173 aik\u0161tel\u0117s vandens \u017eaisl\u0173 latakai"},"content":{"rendered":"<p>Vandens \u017eaislas vaikams\u00a0i\u0161 garsaus\u00a0\u201eClassic World\u201c prek\u0117s \u017eenklo.\u00a0Gaminys pagamintas i\u0161\u00a0auk\u0161tos kokyb\u0117s medienos\u00a0ir da\u017eytas netoksi\u0161ka\u00a0,\u00a0vaikams saugia\u00a0impregnavimo priemone\u00a0. Tiesiog\u00a0pripildykite lovel\u012f vandens\u00a0ir steb\u0117kite, kaip vanduo teka per ma\u017e\u0105 skylut\u0119, sukurdamas\u00a0mini basein\u0117l\u012f.\u00a0\u0160is gaminys lavina vaik\u0173\u00a0vaizduot\u0119, suvokim\u0105 ir login\u012f m\u0105stym\u0105.<\/p>\n<p>Rakstur\u012bgs:<\/p>\n<p>&#8211;\u00a0nuo\u00a03 met\u0173 am\u017eiaus,<\/p>\n<p>&#8211;\u00a0pagaminta i\u0161\u00a0auk\u0161tos kokyb\u0117s medienos,<br \/>\n&#8211; da\u017eyta\u00a0netoksi\u0161ka impregnavimo priemone\u00a0,<br \/>\n&#8211; nesibaigian\u010dios pramogos,<\/p>\n<p>&#8211; puikus sm\u0117lio d\u0117\u017e\u0117s ar sodo papildymas.<\/p>\n<p>Rota\u013clieta att\u012bst\u0101s:<\/p>\n<p>\u2013 roku darba prasmes,<br \/>\n\u2013 lo\u0123isk\u0101 dom\u0101\u0161ana,<br \/>\n&#8211; vaizduot\u0117,<br \/>\n&#8211; k\u016brybi\u0161kumas,<br \/>\n&#8211; kantryb\u0117.<\/p>\n<p>Siekiant u\u017etikrinti geriausias eksploatacines savybes lauko aplinkoje, buvo naudojama\u00a0\u00a0impregnuota\u00a0pu\u0161ies mediena\u00a0. D\u0117l impregnavimo mediena yra\u00a0\u00a0atspari\u00a0\u00a0oro s\u0105lygoms , tod\u0117l\u00a0daugel\u012f met\u0173\u00a0i\u0161lieka patvari ir esteti\u0161kai patraukli\u00a0.\u00a0\u00a0\u0160is sprendimas\u00a0i\u0161skiria\u00a0\u00a0gamin\u012f\u00a0i\u0161 kit\u0173 konkuruojan\u010di\u0173 gamini\u0173.<\/p>\n<p>Ekologi\u0161ki \u017eaislai\u00a0\u00a0 skirti net ir patiems ma\u017eiausiems vaikams ir yra pagaminti i\u0161 visi\u0161kai nat\u016brali\u0173, biologi\u0161kai skaid\u017ei\u0173 ir hipoalergini\u0173 med\u017eiag\u0173, tod\u0117l jie yra 100 % saug\u016bs ir nekenksmingi ne tik aplinkai, bet ir j\u016bs\u0173 vaikui.<\/p>","protected":false},"excerpt":{"rendered":"<p>CLASSIC WORLD EDU \u017eaidim\u0173 aik\u0161tel\u0117s vandens \u017eaisl\u0173 latakai<\/p>","protected":false},"featured_media":58164,"template":"","meta":{"_acf_changed":false,"_glsr_average":0,"_glsr_ranking":0,"_glsr_reviews":0},"product_brand":[],"product_cat":[673,229],"product_tag":[],"class_list":{"0":"post-69720","1":"product","2":"type-product","3":"status-publish","4":"has-post-thumbnail","6":"product_cat-ugdomosios-priemones","7":"product_cat-zaislai-vaikams","8":"\"style=\"background-color: #2ecc711c;\"","10":"first","11":"instock","12":"purchasable","13":"product-type-simple"},"acf":[],"yoast_head":"<!-- This site is optimized with the Yoast SEO plugin v27.4 - https:\/\/yoast.com\/product\/yoast-seo-wordpress\/ -->\n<title>CLASSIC WORLD EDU \u017eaidim\u0173 aik\u0161tel\u0117s vandens \u017eaisl\u0173 latakai<\/title>\n<meta name=\"description\" content=\"CLASSIC WORLD EDU \u017eaidim\u0173 aik\u0161tel\u0117s vandens \u017eaisl\u0173 latakai\" \/>\n<meta name=\"robots\" content=\"index, follow, max-snippet:-1, max-image-preview:large, max-video-preview:-1\" \/>\n<link rel=\"canonical\" href=\"https:\/\/kidsplay.lt\/lv\/products\/classic-world-edu-zaidimu-aiksteles-vandens-zaislu-latakai-2\/\" \/>\n<meta property=\"og:locale\" content=\"lv_LV\" \/>\n<meta property=\"og:type\" content=\"article\" \/>\n<meta property=\"og:title\" content=\"CLASSIC WORLD EDU \u017eaidim\u0173 aik\u0161tel\u0117s vandens \u017eaisl\u0173 latakai\" \/>\n<meta property=\"og:description\" content=\"CLASSIC WORLD EDU \u017eaidim\u0173 aik\u0161tel\u0117s vandens \u017eaisl\u0173 latakai\" \/>\n<meta property=\"og:url\" content=\"https:\/\/kidsplay.lt\/lv\/products\/classic-world-edu-zaidimu-aiksteles-vandens-zaislu-latakai-2\/\" \/>\n<meta property=\"og:site_name\" content=\"KidsPlay\" \/>\n<meta property=\"article:publisher\" content=\"https:\/\/www.facebook.com\/www.kidsplay.lt\" \/>\n<meta property=\"article:modified_time\" content=\"2026-04-13T11:52:47+00:00\" \/>\n<meta property=\"og:image\" content=\"https:\/\/kidsplay.lt\/wp-content\/uploads\/2024\/11\/CLASSIC-WORLD-EDU-Plac-Zabaw-Zabawka-Wodna-Rynny.jpg\" \/>\n\t<meta property=\"og:image:width\" content=\"2560\" \/>\n\t<meta property=\"og:image:height\" content=\"2560\" \/>\n\t<meta property=\"og:image:type\" content=\"image\/jpeg\" \/>\n<meta name=\"twitter:card\" content=\"summary_large_image\" \/>\n<meta name=\"twitter:label1\" content=\"Est. reading time\" \/>\n\t<meta name=\"twitter:data1\" content=\"1 min\u016bte\" \/>\n<script type=\"application\/ld+json\" class=\"yoast-schema-graph\">{\"@context\":\"https:\\\/\\\/schema.org\",\"@graph\":[{\"@type\":\"WebPage\",\"@id\":\"https:\\\/\\\/kidsplay.lt\\\/produktas\\\/classic-world-edu-zaidimu-aiksteles-vandens-zaislu-latakai-2\\\/\",\"url\":\"https:\\\/\\\/kidsplay.lt\\\/produktas\\\/classic-world-edu-zaidimu-aiksteles-vandens-zaislu-latakai-2\\\/\",\"name\":\"CLASSIC WORLD EDU \u017eaidim\u0173 aik\u0161tel\u0117s vandens \u017eaisl\u0173 latakai\",\"isPartOf\":{\"@id\":\"https:\\\/\\\/kidsplay.lt\\\/#website\"},\"primaryImageOfPage\":{\"@id\":\"https:\\\/\\\/kidsplay.lt\\\/produktas\\\/classic-world-edu-zaidimu-aiksteles-vandens-zaislu-latakai-2\\\/#primaryimage\"},\"image\":{\"@id\":\"https:\\\/\\\/kidsplay.lt\\\/produktas\\\/classic-world-edu-zaidimu-aiksteles-vandens-zaislu-latakai-2\\\/#primaryimage\"},\"thumbnailUrl\":\"https:\\\/\\\/kidsplay.lt\\\/wp-content\\\/uploads\\\/2024\\\/11\\\/CLASSIC-WORLD-EDU-Plac-Zabaw-Zabawka-Wodna-Rynny.jpg\",\"datePublished\":\"2025-10-02T10:29:32+00:00\",\"dateModified\":\"2026-04-13T11:52:47+00:00\",\"description\":\"CLASSIC WORLD EDU \u017eaidim\u0173 aik\u0161tel\u0117s vandens \u017eaisl\u0173 latakai\",\"breadcrumb\":{\"@id\":\"https:\\\/\\\/kidsplay.lt\\\/produktas\\\/classic-world-edu-zaidimu-aiksteles-vandens-zaislu-latakai-2\\\/#breadcrumb\"},\"inLanguage\":\"lv-LV\",\"potentialAction\":[{\"@type\":\"ReadAction\",\"target\":[\"https:\\\/\\\/kidsplay.lt\\\/produktas\\\/classic-world-edu-zaidimu-aiksteles-vandens-zaislu-latakai-2\\\/\"]}]},{\"@type\":\"ImageObject\",\"inLanguage\":\"lv-LV\",\"@id\":\"https:\\\/\\\/kidsplay.lt\\\/produktas\\\/classic-world-edu-zaidimu-aiksteles-vandens-zaislu-latakai-2\\\/#primaryimage\",\"url\":\"https:\\\/\\\/kidsplay.lt\\\/wp-content\\\/uploads\\\/2024\\\/11\\\/CLASSIC-WORLD-EDU-Plac-Zabaw-Zabawka-Wodna-Rynny.jpg\",\"contentUrl\":\"https:\\\/\\\/kidsplay.lt\\\/wp-content\\\/uploads\\\/2024\\\/11\\\/CLASSIC-WORLD-EDU-Plac-Zabaw-Zabawka-Wodna-Rynny.jpg\",\"width\":2560,\"height\":2560,\"caption\":\"CLASSIC WORLD EDU \u017eaidim\u0173 aik\u0161tel\u0117s vandens \u017eaisl\u0173 latakai\"},{\"@type\":\"BreadcrumbList\",\"@id\":\"https:\\\/\\\/kidsplay.lt\\\/produktas\\\/classic-world-edu-zaidimu-aiksteles-vandens-zaislu-latakai-2\\\/#breadcrumb\",\"itemListElement\":[{\"@type\":\"ListItem\",\"position\":1,\"name\":\"Pagrindinis\",\"item\":\"https:\\\/\\\/kidsplay.lt\\\/\"},{\"@type\":\"ListItem\",\"position\":2,\"name\":\"Parduotuv\u0117\",\"item\":\"https:\\\/\\\/kidsplay.lt\\\/parduotuve\\\/\"},{\"@type\":\"ListItem\",\"position\":3,\"name\":\"CLASSIC WORLD EDU \u017eaidim\u0173 aik\u0161tel\u0117s vandens \u017eaisl\u0173 latakai\"}]},{\"@type\":\"WebSite\",\"@id\":\"https:\\\/\\\/kidsplay.lt\\\/#website\",\"url\":\"https:\\\/\\\/kidsplay.lt\\\/\",\"name\":\"Kidsplay.lt\",\"description\":\"\u012evairios prek\u0117s vaikams\",\"publisher\":{\"@id\":\"https:\\\/\\\/kidsplay.lt\\\/#organization\"},\"alternateName\":\"Kidsplay\",\"potentialAction\":[{\"@type\":\"SearchAction\",\"target\":{\"@type\":\"EntryPoint\",\"urlTemplate\":\"https:\\\/\\\/kidsplay.lt\\\/?s={search_term_string}\"},\"query-input\":{\"@type\":\"PropertyValueSpecification\",\"valueRequired\":true,\"valueName\":\"search_term_string\"}}],\"inLanguage\":\"lv-LV\"},{\"@type\":\"Organization\",\"@id\":\"https:\\\/\\\/kidsplay.lt\\\/#organization\",\"name\":\"KidsPlay\",\"url\":\"https:\\\/\\\/kidsplay.lt\\\/\",\"logo\":{\"@type\":\"ImageObject\",\"inLanguage\":\"lv-LV\",\"@id\":\"https:\\\/\\\/kidsplay.lt\\\/#\\\/schema\\\/logo\\\/image\\\/\",\"url\":\"https:\\\/\\\/kidsplay.lt\\\/wp-content\\\/uploads\\\/2023\\\/07\\\/kidsplay-logo.png\",\"contentUrl\":\"https:\\\/\\\/kidsplay.lt\\\/wp-content\\\/uploads\\\/2023\\\/07\\\/kidsplay-logo.png\",\"width\":451,\"height\":98,\"caption\":\"KidsPlay\"},\"image\":{\"@id\":\"https:\\\/\\\/kidsplay.lt\\\/#\\\/schema\\\/logo\\\/image\\\/\"},\"sameAs\":[\"https:\\\/\\\/www.facebook.com\\\/www.kidsplay.lt\"]}]}<\/script>\n<!-- \/ Yoast SEO plugin. -->","yoast_head_json":{"title":"CLASSIC WORLD EDU \u017eaidim\u0173 aik\u0161tel\u0117s vandens \u017eaisl\u0173 latakai","description":"CLASSIC WORLD EDU \u017eaidim\u0173 aik\u0161tel\u0117s vandens \u017eaisl\u0173 latakai","robots":{"index":"index","follow":"follow","max-snippet":"max-snippet:-1","max-image-preview":"max-image-preview:large","max-video-preview":"max-video-preview:-1"},"canonical":"https:\/\/kidsplay.lt\/lv\/products\/classic-world-edu-zaidimu-aiksteles-vandens-zaislu-latakai-2\/","og_locale":"lv_LV","og_type":"article","og_title":"CLASSIC WORLD EDU \u017eaidim\u0173 aik\u0161tel\u0117s vandens \u017eaisl\u0173 latakai","og_description":"CLASSIC WORLD EDU \u017eaidim\u0173 aik\u0161tel\u0117s vandens \u017eaisl\u0173 latakai","og_url":"https:\/\/kidsplay.lt\/lv\/products\/classic-world-edu-zaidimu-aiksteles-vandens-zaislu-latakai-2\/","og_site_name":"KidsPlay","article_publisher":"https:\/\/www.facebook.com\/www.kidsplay.lt","article_modified_time":"2026-04-13T11:52:47+00:00","og_image":[{"width":2560,"height":2560,"url":"https:\/\/kidsplay.lt\/wp-content\/uploads\/2024\/11\/CLASSIC-WORLD-EDU-Plac-Zabaw-Zabawka-Wodna-Rynny.jpg","type":"image\/jpeg"}],"twitter_card":"summary_large_image","twitter_misc":{"Est. reading time":"1 min\u016bte"},"schema":{"@context":"https:\/\/schema.org","@graph":[{"@type":"WebPage","@id":"https:\/\/kidsplay.lt\/produktas\/classic-world-edu-zaidimu-aiksteles-vandens-zaislu-latakai-2\/","url":"https:\/\/kidsplay.lt\/produktas\/classic-world-edu-zaidimu-aiksteles-vandens-zaislu-latakai-2\/","name":"CLASSIC WORLD EDU \u017eaidim\u0173 aik\u0161tel\u0117s vandens \u017eaisl\u0173 latakai","isPartOf":{"@id":"https:\/\/kidsplay.lt\/#website"},"primaryImageOfPage":{"@id":"https:\/\/kidsplay.lt\/produktas\/classic-world-edu-zaidimu-aiksteles-vandens-zaislu-latakai-2\/#primaryimage"},"image":{"@id":"https:\/\/kidsplay.lt\/produktas\/classic-world-edu-zaidimu-aiksteles-vandens-zaislu-latakai-2\/#primaryimage"},"thumbnailUrl":"https:\/\/kidsplay.lt\/wp-content\/uploads\/2024\/11\/CLASSIC-WORLD-EDU-Plac-Zabaw-Zabawka-Wodna-Rynny.jpg","datePublished":"2025-10-02T10:29:32+00:00","dateModified":"2026-04-13T11:52:47+00:00","description":"CLASSIC WORLD EDU \u017eaidim\u0173 aik\u0161tel\u0117s vandens \u017eaisl\u0173 latakai","breadcrumb":{"@id":"https:\/\/kidsplay.lt\/produktas\/classic-world-edu-zaidimu-aiksteles-vandens-zaislu-latakai-2\/#breadcrumb"},"inLanguage":"lv-LV","potentialAction":[{"@type":"ReadAction","target":["https:\/\/kidsplay.lt\/produktas\/classic-world-edu-zaidimu-aiksteles-vandens-zaislu-latakai-2\/"]}]},{"@type":"ImageObject","inLanguage":"lv-LV","@id":"https:\/\/kidsplay.lt\/produktas\/classic-world-edu-zaidimu-aiksteles-vandens-zaislu-latakai-2\/#primaryimage","url":"https:\/\/kidsplay.lt\/wp-content\/uploads\/2024\/11\/CLASSIC-WORLD-EDU-Plac-Zabaw-Zabawka-Wodna-Rynny.jpg","contentUrl":"https:\/\/kidsplay.lt\/wp-content\/uploads\/2024\/11\/CLASSIC-WORLD-EDU-Plac-Zabaw-Zabawka-Wodna-Rynny.jpg","width":2560,"height":2560,"caption":"CLASSIC WORLD EDU \u017eaidim\u0173 aik\u0161tel\u0117s vandens \u017eaisl\u0173 latakai"},{"@type":"BreadcrumbList","@id":"https:\/\/kidsplay.lt\/produktas\/classic-world-edu-zaidimu-aiksteles-vandens-zaislu-latakai-2\/#breadcrumb","itemListElement":[{"@type":"ListItem","position":1,"name":"Pagrindinis","item":"https:\/\/kidsplay.lt\/"},{"@type":"ListItem","position":2,"name":"Parduotuv\u0117","item":"https:\/\/kidsplay.lt\/parduotuve\/"},{"@type":"ListItem","position":3,"name":"CLASSIC WORLD EDU \u017eaidim\u0173 aik\u0161tel\u0117s vandens \u017eaisl\u0173 latakai"}]},{"@type":"WebSite","@id":"https:\/\/kidsplay.lt\/#website","url":"https:\/\/kidsplay.lt\/","name":"B\u0113rnu sp\u0113les.lv","description":"\u012evairios prek\u0117s vaikams","publisher":{"@id":"https:\/\/kidsplay.lt\/#organization"},"alternateName":"Kidsplay","potentialAction":[{"@type":"SearchAction","target":{"@type":"EntryPoint","urlTemplate":"https:\/\/kidsplay.lt\/?s={search_term_string}"},"query-input":{"@type":"PropertyValueSpecification","valueRequired":true,"valueName":"search_term_string"}}],"inLanguage":"lv-LV"},{"@type":"Organization","@id":"https:\/\/kidsplay.lt\/#organization","name":"B\u0113rnu sp\u0113le","url":"https:\/\/kidsplay.lt\/","logo":{"@type":"ImageObject","inLanguage":"lv-LV","@id":"https:\/\/kidsplay.lt\/#\/schema\/logo\/image\/","url":"https:\/\/kidsplay.lt\/wp-content\/uploads\/2023\/07\/kidsplay-logo.png","contentUrl":"https:\/\/kidsplay.lt\/wp-content\/uploads\/2023\/07\/kidsplay-logo.png","width":451,"height":98,"caption":"KidsPlay"},"image":{"@id":"https:\/\/kidsplay.lt\/#\/schema\/logo\/image\/"},"sameAs":["https:\/\/www.facebook.com\/www.kidsplay.lt"]}]}},"_links":{"self":[{"href":"https:\/\/kidsplay.lt\/lv\/wp-json\/wp\/v2\/product\/69720","targetHints":{"allow":["GET"]}}],"collection":[{"href":"https:\/\/kidsplay.lt\/lv\/wp-json\/wp\/v2\/product"}],"about":[{"href":"https:\/\/kidsplay.lt\/lv\/wp-json\/wp\/v2\/types\/product"}],"version-history":[{"count":3,"href":"https:\/\/kidsplay.lt\/lv\/wp-json\/wp\/v2\/product\/69720\/revisions"}],"predecessor-version":[{"id":83508,"href":"https:\/\/kidsplay.lt\/lv\/wp-json\/wp\/v2\/product\/69720\/revisions\/83508"}],"wp:featuredmedia":[{"embeddable":true,"href":"https:\/\/kidsplay.lt\/lv\/wp-json\/wp\/v2\/media\/58164"}],"wp:attachment":[{"href":"https:\/\/kidsplay.lt\/lv\/wp-json\/wp\/v2\/media?parent=69720"}],"wp:term":[{"taxonomy":"product_brand","embeddable":true,"href":"https:\/\/kidsplay.lt\/lv\/wp-json\/wp\/v2\/product_brand?post=69720"},{"taxonomy":"product_cat","embeddable":true,"href":"https:\/\/kidsplay.lt\/lv\/wp-json\/wp\/v2\/product_cat?post=69720"},{"taxonomy":"product_tag","embeddable":true,"href":"https:\/\/kidsplay.lt\/lv\/wp-json\/wp\/v2\/product_tag?post=69720"}],"curies":[{"name":"wp","href":"https:\/\/api.w.org\/{rel}","templated":true}]}}