{"id":69726,"date":"2025-10-02T13:29:49","date_gmt":"2025-10-02T10:29:49","guid":{"rendered":"https:\/\/kidsplay.lt\/produktas\/tooky-toy-rozinis-medinis-kosmetinis-staliukas-su-veidrodziu-2\/"},"modified":"2026-04-07T10:31:07","modified_gmt":"2026-04-07T07:31:07","slug":"tooky-toy-rozinis-medinis-kosmetinis-staliukas-su-veidrodziu-2","status":"publish","type":"product","link":"https:\/\/kidsplay.lt\/lv\/products\/tooky-toy-rozinis-medinis-kosmetinis-staliukas-su-veidrodziu-2\/","title":{"rendered":"TOOKY TOY roz\u0101 koka tualetes galdi\u0146\u0161 ar spoguli"},"content":{"rendered":"<p>\u0160is gra\u017eus ro\u017einis tualetinis staliukas i\u0161\u00a0\u201eTooky Toy\u201c\u00a0yra svajoni\u0173 baldas kiekvienos mergait\u0117s kambaryje. Jis turi\u00a0du i\u0161traukiamus stal\u010dius\u00a0, kuriuose j\u016bs\u0173 ma\u017eoji princes\u0117 gal\u0117s susid\u0117ti savo lobius. Rinkin\u012f\u00a0taip pat sudaro daugyb\u0117 pried\u0173\u00a0. Visas staliukas pagamintas i\u0161 med\u017eio ir nuda\u017eytas netoksi\u0161kais da\u017eais,\u00a0kurie yra saug\u016bs vaikams ir aplinkai.<\/p>\n<p>Rakstur\u012bgs:<\/p>\n<p> \t&#8211; tualetinis staliukas turi du i\u0161traukiamus stal\u010dius ir veidrod\u012f, pagamint\u0105 vien i\u0161 med\u017eio,<br \/>\n \t&#8211; rinkinyje\u00a0yra mediniai aksesuarai\u00a0: nag\u0173 lakas, l\u016bp\u0173 da\u017eai, apyrank\u0117, auskarai, plauk\u0173 \u0161epetys, kvepalai, pudros kompaktin\u0117 pudra ir aki\u0173 \u0161e\u0161\u0117liai,<br \/>\n \t&#8211; d\u0117ka tualetinio staliuko mergait\u0117 gali pasida\u017eyti kartu su mama,<br \/>\n \t&#8211; viskas\u00a0subtili\u0173 rausv\u0173 spalv\u0173,<br \/>\n \t\u017daislas neturi a\u0161tri\u0173 briaun\u0173,<br \/>\n \t&#8211;\u00a0da\u017eyta netoksi\u0161kais da\u017eais,<br \/>\n \t&#8211; gaminys pagamintas i\u0161 auk\u0161\u010diausios kokyb\u0117s med\u017eiag\u0173.<\/p>\n<p>Rota\u013clieta att\u012bst\u0101s:\u00a0<\/p>\n<p> \t&#8211; k\u016brybi\u0161kumas,<br \/>\n \t&#8211; rankiniai \u012fg\u016bd\u017eiai,<br \/>\n \t&#8211; vaizduot\u0117,\u00a0<br \/>\n \t&#8211; judesi\u0173 tikslumas.<\/p>\n<p>\u201eTooky Toy\u201c\u00a0\u2013 tai medini\u0173 \u017eaisl\u0173 vaikams gamintoja, rinkoje veikianti nuo 2004 m. Daugiau nei de\u0161imties met\u0173 patirtis \u0161ioje srityje garantuoja auk\u0161tos kokyb\u0117s gaminius, pagamintus atsi\u017evelgiant \u012f vaik\u0173 saugum\u0105. \u201eTooky Toy\u201c \u017eaislai turi daugyb\u0119 sertifikat\u0173, patvirtinan\u010di\u0173 \u0161i\u0173 ekologi\u0161k\u0173 gamini\u0173 saugum\u0105. Gerai nupoliruoti, be atplai\u0161\u0173 ir a\u0161tri\u0173 briaun\u0173, \u017eaislai padengti tik saugiais, netoksi\u0161kais da\u017eais, da\u017eikliais ir lakais. Visa tai daro \u201eTooky Toy\u201c \u017eaislus mylimus vaik\u0173 ir vertinamus t\u0117v\u0173 visame pasaulyje.<\/p>","protected":false},"excerpt":{"rendered":"<p>TOOKY TOY roz\u0101 koka tualetes galdi\u0146\u0161 ar spoguli<\/p>","protected":false},"featured_media":62382,"template":"","meta":{"_acf_changed":false,"_glsr_average":0,"_glsr_ranking":0,"_glsr_reviews":0},"product_brand":[],"product_cat":[403,399,229],"product_tag":[],"class_list":{"0":"post-69726","1":"product","2":"type-product","3":"status-publish","4":"has-post-thumbnail","6":"product_cat-mada-ir-grozis","7":"product_cat-vaidmenu-zaidimai-2","8":"product_cat-zaislai-vaikams","9":"\"style=\"background-color: #2ecc711c;\"","11":"first","12":"instock","13":"purchasable","14":"product-type-simple"},"acf":[],"yoast_head":"<!-- This site is optimized with the Yoast SEO plugin v27.3 - https:\/\/yoast.com\/product\/yoast-seo-wordpress\/ -->\n<title>TOOKY TOY ro\u017einis medinis kosmetinis staliukas su veidrod\u017eiu<\/title>\n<meta name=\"description\" content=\"TOOKY TOY ro\u017einis medinis kosmetinis staliukas su veidrod\u017eiu\" \/>\n<meta name=\"robots\" content=\"index, follow, max-snippet:-1, max-image-preview:large, max-video-preview:-1\" \/>\n<link rel=\"canonical\" href=\"https:\/\/kidsplay.lt\/lv\/products\/tooky-toy-rozinis-medinis-kosmetinis-staliukas-su-veidrodziu-2\/\" \/>\n<meta property=\"og:locale\" content=\"lv_LV\" \/>\n<meta property=\"og:type\" content=\"article\" \/>\n<meta property=\"og:title\" content=\"TOOKY TOY ro\u017einis medinis kosmetinis staliukas su veidrod\u017eiu\" \/>\n<meta property=\"og:description\" content=\"TOOKY TOY ro\u017einis medinis kosmetinis staliukas su veidrod\u017eiu\" \/>\n<meta property=\"og:url\" content=\"https:\/\/kidsplay.lt\/lv\/products\/tooky-toy-rozinis-medinis-kosmetinis-staliukas-su-veidrodziu-2\/\" \/>\n<meta property=\"og:site_name\" content=\"KidsPlay\" \/>\n<meta property=\"article:publisher\" content=\"https:\/\/www.facebook.com\/www.kidsplay.lt\" \/>\n<meta property=\"article:modified_time\" content=\"2026-04-07T07:31:07+00:00\" \/>\n<meta property=\"og:image\" content=\"https:\/\/kidsplay.lt\/wp-content\/uploads\/2025\/09\/TOOKY-TOY-rozinis-medinis-kosmetinis-staliukas-su-veidrodziu.jpg\" \/>\n\t<meta property=\"og:image:width\" content=\"2560\" \/>\n\t<meta property=\"og:image:height\" content=\"2560\" \/>\n\t<meta property=\"og:image:type\" content=\"image\/jpeg\" \/>\n<meta name=\"twitter:card\" content=\"summary_large_image\" \/>\n<meta name=\"twitter:label1\" content=\"Est. reading time\" \/>\n\t<meta name=\"twitter:data1\" content=\"1 min\u016bte\" \/>\n<script type=\"application\/ld+json\" class=\"yoast-schema-graph\">{\"@context\":\"https:\\\/\\\/schema.org\",\"@graph\":[{\"@type\":\"WebPage\",\"@id\":\"https:\\\/\\\/kidsplay.lt\\\/produktas\\\/tooky-toy-rozinis-medinis-kosmetinis-staliukas-su-veidrodziu-2\\\/\",\"url\":\"https:\\\/\\\/kidsplay.lt\\\/produktas\\\/tooky-toy-rozinis-medinis-kosmetinis-staliukas-su-veidrodziu-2\\\/\",\"name\":\"TOOKY TOY ro\u017einis medinis kosmetinis staliukas su veidrod\u017eiu\",\"isPartOf\":{\"@id\":\"https:\\\/\\\/kidsplay.lt\\\/#website\"},\"primaryImageOfPage\":{\"@id\":\"https:\\\/\\\/kidsplay.lt\\\/produktas\\\/tooky-toy-rozinis-medinis-kosmetinis-staliukas-su-veidrodziu-2\\\/#primaryimage\"},\"image\":{\"@id\":\"https:\\\/\\\/kidsplay.lt\\\/produktas\\\/tooky-toy-rozinis-medinis-kosmetinis-staliukas-su-veidrodziu-2\\\/#primaryimage\"},\"thumbnailUrl\":\"https:\\\/\\\/kidsplay.lt\\\/wp-content\\\/uploads\\\/2025\\\/09\\\/TOOKY-TOY-rozinis-medinis-kosmetinis-staliukas-su-veidrodziu.jpg\",\"datePublished\":\"2025-10-02T10:29:49+00:00\",\"dateModified\":\"2026-04-07T07:31:07+00:00\",\"description\":\"TOOKY TOY ro\u017einis medinis kosmetinis staliukas su veidrod\u017eiu\",\"breadcrumb\":{\"@id\":\"https:\\\/\\\/kidsplay.lt\\\/produktas\\\/tooky-toy-rozinis-medinis-kosmetinis-staliukas-su-veidrodziu-2\\\/#breadcrumb\"},\"inLanguage\":\"lv-LV\",\"potentialAction\":[{\"@type\":\"ReadAction\",\"target\":[\"https:\\\/\\\/kidsplay.lt\\\/produktas\\\/tooky-toy-rozinis-medinis-kosmetinis-staliukas-su-veidrodziu-2\\\/\"]}]},{\"@type\":\"ImageObject\",\"inLanguage\":\"lv-LV\",\"@id\":\"https:\\\/\\\/kidsplay.lt\\\/produktas\\\/tooky-toy-rozinis-medinis-kosmetinis-staliukas-su-veidrodziu-2\\\/#primaryimage\",\"url\":\"https:\\\/\\\/kidsplay.lt\\\/wp-content\\\/uploads\\\/2025\\\/09\\\/TOOKY-TOY-rozinis-medinis-kosmetinis-staliukas-su-veidrodziu.jpg\",\"contentUrl\":\"https:\\\/\\\/kidsplay.lt\\\/wp-content\\\/uploads\\\/2025\\\/09\\\/TOOKY-TOY-rozinis-medinis-kosmetinis-staliukas-su-veidrodziu.jpg\",\"width\":2560,\"height\":2560,\"caption\":\"TOOKY TOY ro\u017einis medinis kosmetinis staliukas su veidrod\u017eiu\"},{\"@type\":\"BreadcrumbList\",\"@id\":\"https:\\\/\\\/kidsplay.lt\\\/produktas\\\/tooky-toy-rozinis-medinis-kosmetinis-staliukas-su-veidrodziu-2\\\/#breadcrumb\",\"itemListElement\":[{\"@type\":\"ListItem\",\"position\":1,\"name\":\"Pagrindinis\",\"item\":\"https:\\\/\\\/kidsplay.lt\\\/\"},{\"@type\":\"ListItem\",\"position\":2,\"name\":\"Parduotuv\u0117\",\"item\":\"https:\\\/\\\/kidsplay.lt\\\/parduotuve\\\/\"},{\"@type\":\"ListItem\",\"position\":3,\"name\":\"TOOKY TOY ro\u017einis medinis kosmetinis staliukas su veidrod\u017eiu\"}]},{\"@type\":\"WebSite\",\"@id\":\"https:\\\/\\\/kidsplay.lt\\\/#website\",\"url\":\"https:\\\/\\\/kidsplay.lt\\\/\",\"name\":\"Kidsplay.lt\",\"description\":\"\u012evairios prek\u0117s vaikams\",\"publisher\":{\"@id\":\"https:\\\/\\\/kidsplay.lt\\\/#organization\"},\"alternateName\":\"Kidsplay\",\"potentialAction\":[{\"@type\":\"SearchAction\",\"target\":{\"@type\":\"EntryPoint\",\"urlTemplate\":\"https:\\\/\\\/kidsplay.lt\\\/?s={search_term_string}\"},\"query-input\":{\"@type\":\"PropertyValueSpecification\",\"valueRequired\":true,\"valueName\":\"search_term_string\"}}],\"inLanguage\":\"lv-LV\"},{\"@type\":\"Organization\",\"@id\":\"https:\\\/\\\/kidsplay.lt\\\/#organization\",\"name\":\"KidsPlay\",\"url\":\"https:\\\/\\\/kidsplay.lt\\\/\",\"logo\":{\"@type\":\"ImageObject\",\"inLanguage\":\"lv-LV\",\"@id\":\"https:\\\/\\\/kidsplay.lt\\\/#\\\/schema\\\/logo\\\/image\\\/\",\"url\":\"https:\\\/\\\/kidsplay.lt\\\/wp-content\\\/uploads\\\/2023\\\/07\\\/kidsplay-logo.png\",\"contentUrl\":\"https:\\\/\\\/kidsplay.lt\\\/wp-content\\\/uploads\\\/2023\\\/07\\\/kidsplay-logo.png\",\"width\":451,\"height\":98,\"caption\":\"KidsPlay\"},\"image\":{\"@id\":\"https:\\\/\\\/kidsplay.lt\\\/#\\\/schema\\\/logo\\\/image\\\/\"},\"sameAs\":[\"https:\\\/\\\/www.facebook.com\\\/www.kidsplay.lt\"]}]}<\/script>\n<!-- \/ Yoast SEO plugin. -->","yoast_head_json":{"title":"TOOKY TOY roz\u0101 koka tualetes galdi\u0146\u0161 ar spoguli","description":"TOOKY TOY roz\u0101 koka tualetes galdi\u0146\u0161 ar spoguli","robots":{"index":"index","follow":"follow","max-snippet":"max-snippet:-1","max-image-preview":"max-image-preview:large","max-video-preview":"max-video-preview:-1"},"canonical":"https:\/\/kidsplay.lt\/lv\/products\/tooky-toy-rozinis-medinis-kosmetinis-staliukas-su-veidrodziu-2\/","og_locale":"lv_LV","og_type":"article","og_title":"TOOKY TOY ro\u017einis medinis kosmetinis staliukas su veidrod\u017eiu","og_description":"TOOKY TOY ro\u017einis medinis kosmetinis staliukas su veidrod\u017eiu","og_url":"https:\/\/kidsplay.lt\/lv\/products\/tooky-toy-rozinis-medinis-kosmetinis-staliukas-su-veidrodziu-2\/","og_site_name":"KidsPlay","article_publisher":"https:\/\/www.facebook.com\/www.kidsplay.lt","article_modified_time":"2026-04-07T07:31:07+00:00","og_image":[{"width":2560,"height":2560,"url":"https:\/\/kidsplay.lt\/wp-content\/uploads\/2025\/09\/TOOKY-TOY-rozinis-medinis-kosmetinis-staliukas-su-veidrodziu.jpg","type":"image\/jpeg"}],"twitter_card":"summary_large_image","twitter_misc":{"Est. reading time":"1 min\u016bte"},"schema":{"@context":"https:\/\/schema.org","@graph":[{"@type":"WebPage","@id":"https:\/\/kidsplay.lt\/produktas\/tooky-toy-rozinis-medinis-kosmetinis-staliukas-su-veidrodziu-2\/","url":"https:\/\/kidsplay.lt\/produktas\/tooky-toy-rozinis-medinis-kosmetinis-staliukas-su-veidrodziu-2\/","name":"TOOKY TOY roz\u0101 koka tualetes galdi\u0146\u0161 ar spoguli","isPartOf":{"@id":"https:\/\/kidsplay.lt\/#website"},"primaryImageOfPage":{"@id":"https:\/\/kidsplay.lt\/produktas\/tooky-toy-rozinis-medinis-kosmetinis-staliukas-su-veidrodziu-2\/#primaryimage"},"image":{"@id":"https:\/\/kidsplay.lt\/produktas\/tooky-toy-rozinis-medinis-kosmetinis-staliukas-su-veidrodziu-2\/#primaryimage"},"thumbnailUrl":"https:\/\/kidsplay.lt\/wp-content\/uploads\/2025\/09\/TOOKY-TOY-rozinis-medinis-kosmetinis-staliukas-su-veidrodziu.jpg","datePublished":"2025-10-02T10:29:49+00:00","dateModified":"2026-04-07T07:31:07+00:00","description":"TOOKY TOY roz\u0101 koka tualetes galdi\u0146\u0161 ar spoguli","breadcrumb":{"@id":"https:\/\/kidsplay.lt\/produktas\/tooky-toy-rozinis-medinis-kosmetinis-staliukas-su-veidrodziu-2\/#breadcrumb"},"inLanguage":"lv-LV","potentialAction":[{"@type":"ReadAction","target":["https:\/\/kidsplay.lt\/produktas\/tooky-toy-rozinis-medinis-kosmetinis-staliukas-su-veidrodziu-2\/"]}]},{"@type":"ImageObject","inLanguage":"lv-LV","@id":"https:\/\/kidsplay.lt\/produktas\/tooky-toy-rozinis-medinis-kosmetinis-staliukas-su-veidrodziu-2\/#primaryimage","url":"https:\/\/kidsplay.lt\/wp-content\/uploads\/2025\/09\/TOOKY-TOY-rozinis-medinis-kosmetinis-staliukas-su-veidrodziu.jpg","contentUrl":"https:\/\/kidsplay.lt\/wp-content\/uploads\/2025\/09\/TOOKY-TOY-rozinis-medinis-kosmetinis-staliukas-su-veidrodziu.jpg","width":2560,"height":2560,"caption":"TOOKY TOY ro\u017einis medinis kosmetinis staliukas su veidrod\u017eiu"},{"@type":"BreadcrumbList","@id":"https:\/\/kidsplay.lt\/produktas\/tooky-toy-rozinis-medinis-kosmetinis-staliukas-su-veidrodziu-2\/#breadcrumb","itemListElement":[{"@type":"ListItem","position":1,"name":"Pagrindinis","item":"https:\/\/kidsplay.lt\/"},{"@type":"ListItem","position":2,"name":"Parduotuv\u0117","item":"https:\/\/kidsplay.lt\/parduotuve\/"},{"@type":"ListItem","position":3,"name":"TOOKY TOY ro\u017einis medinis kosmetinis staliukas su veidrod\u017eiu"}]},{"@type":"WebSite","@id":"https:\/\/kidsplay.lt\/#website","url":"https:\/\/kidsplay.lt\/","name":"B\u0113rnu sp\u0113les.lv","description":"\u012evairios prek\u0117s vaikams","publisher":{"@id":"https:\/\/kidsplay.lt\/#organization"},"alternateName":"Kidsplay","potentialAction":[{"@type":"SearchAction","target":{"@type":"EntryPoint","urlTemplate":"https:\/\/kidsplay.lt\/?s={search_term_string}"},"query-input":{"@type":"PropertyValueSpecification","valueRequired":true,"valueName":"search_term_string"}}],"inLanguage":"lv-LV"},{"@type":"Organization","@id":"https:\/\/kidsplay.lt\/#organization","name":"B\u0113rnu sp\u0113le","url":"https:\/\/kidsplay.lt\/","logo":{"@type":"ImageObject","inLanguage":"lv-LV","@id":"https:\/\/kidsplay.lt\/#\/schema\/logo\/image\/","url":"https:\/\/kidsplay.lt\/wp-content\/uploads\/2023\/07\/kidsplay-logo.png","contentUrl":"https:\/\/kidsplay.lt\/wp-content\/uploads\/2023\/07\/kidsplay-logo.png","width":451,"height":98,"caption":"KidsPlay"},"image":{"@id":"https:\/\/kidsplay.lt\/#\/schema\/logo\/image\/"},"sameAs":["https:\/\/www.facebook.com\/www.kidsplay.lt"]}]}},"_links":{"self":[{"href":"https:\/\/kidsplay.lt\/lv\/wp-json\/wp\/v2\/product\/69726","targetHints":{"allow":["GET"]}}],"collection":[{"href":"https:\/\/kidsplay.lt\/lv\/wp-json\/wp\/v2\/product"}],"about":[{"href":"https:\/\/kidsplay.lt\/lv\/wp-json\/wp\/v2\/types\/product"}],"version-history":[{"count":2,"href":"https:\/\/kidsplay.lt\/lv\/wp-json\/wp\/v2\/product\/69726\/revisions"}],"predecessor-version":[{"id":73488,"href":"https:\/\/kidsplay.lt\/lv\/wp-json\/wp\/v2\/product\/69726\/revisions\/73488"}],"wp:featuredmedia":[{"embeddable":true,"href":"https:\/\/kidsplay.lt\/lv\/wp-json\/wp\/v2\/media\/62382"}],"wp:attachment":[{"href":"https:\/\/kidsplay.lt\/lv\/wp-json\/wp\/v2\/media?parent=69726"}],"wp:term":[{"taxonomy":"product_brand","embeddable":true,"href":"https:\/\/kidsplay.lt\/lv\/wp-json\/wp\/v2\/product_brand?post=69726"},{"taxonomy":"product_cat","embeddable":true,"href":"https:\/\/kidsplay.lt\/lv\/wp-json\/wp\/v2\/product_cat?post=69726"},{"taxonomy":"product_tag","embeddable":true,"href":"https:\/\/kidsplay.lt\/lv\/wp-json\/wp\/v2\/product_tag?post=69726"}],"curies":[{"name":"wp","href":"https:\/\/api.w.org\/{rel}","templated":true}]}}