{"id":69728,"date":"2025-10-02T13:29:53","date_gmt":"2025-10-02T10:29:53","guid":{"rendered":"https:\/\/kidsplay.lt\/produktas\/medine-statybviete-5in1-mobilus-kranas-xxl-statybines-transporto-priemones-13-vnt\/"},"modified":"2026-04-07T10:31:10","modified_gmt":"2026-04-07T07:31:10","slug":"medine-statybviete-5in1-mobilus-kranas-xxl-statybines-transporto-priemones-13-vnt","status":"publish","type":"product","link":"https:\/\/kidsplay.lt\/lv\/product\/medine-statybviete-5in1-mobilus-kranas-xxl-statybines-transporto-priemones-13-vnt\/","title":{"rendered":"Koka b\u016bvlaukums 5in1 Mobilais celtnis XXL B\u016bvniec\u012bbas transportl\u012bdzek\u013ci 13 gab."},"content":{"rendered":"<p>Did\u017eiul\u0117 5 viename\u00a0statyb\u0173 aik\u0161tel\u0117\u00a0i\u0161\u00a0WOOPIE\u00a0prek\u0117s \u017eenklo i\u0161\u00a0GREEN\u00a0serijos yra puikus \u017eaislas\u00a0atliekant\u00a0statybos in\u017einieriaus\u00a0\u00a0vaidmen\u012f\u00a0, kuris ne tik suteikia linksmybi\u0173, bet ir\u00a0lavina daugyb\u0119 \u012fg\u016bd\u017ei\u0173.\u00a0Komplekte yra viskas, ko reikia norint u\u017ebaigti\u00a0vis\u0105 statyb\u0105.\u00a0Rinkin\u012f, be kita ko, sudaro: did\u017eiulis\u00a0kranas\u00a0(auk\u0161tis\u00a042 cm\u00a0!!!), kuris\u00a0sukasi\u00a0aplink savo a\u0161\u012f ir kelia statybines med\u017eiagas ant specialios platformos.\u00a0Transporto priemon\u0117s\u00a0ir\u00a0statybiniai\u00a0reikmenys bei\u00a0kilim\u0117lis\u00a0su aik\u0161tel\u0117s iliustracija, kurie buvo tiksliai i\u0161baigti ir tiksliai imituoja tikr\u0105j\u012f daikt\u0105. Medin\u0117 statyb\u0173 aik\u0161tel\u0117 \u2013 tai\u00a0sensorinis\u00a0ir\u00a0lavinantis\u00a0\u017eaislas , puikiai stimuliuojantis vaiko vystym\u0105si daugeliu aspekt\u0173.<\/p>\n<p>Charakteristika:<\/p>\n<p> \t&#8211; \u017eaislas\u00a0nuo 3 met\u0173<br \/>\n \t&#8211; giganti\u0161ka\u00a05-in-1 statybviet\u0117\u00a0&#8211;\u00a0kranas (\u00a0iki 42 cm auk\u0161\u010dio!!!\u00a0), savivartis\/sunkve\u017eimis, ekskavatorius, betono mai\u0161ykl\u0117 ir \u017eaidim\u0173 kilim\u0117lis<br \/>\n \t&#8211;\u00a0rinkinyje yra\u00a013 vnt.<br \/>\n \t&#8211;\u00a0vaidmen\u0173 \u017eaidimas\u00a0&#8211; statybos vadovo \u017eaislas<br \/>\n \t&#8211;\u00a0judantys elementai\u00a0&#8211; kranas sukasi visu\u00a0360 laipsni\u0173\u00a0kampu , o r\u0117mas judina ir kelia elementus tiek auk\u0161tyn\u00a0ir \u017eemyn\u00a0, tiek\u00a0priekyje ir atgal\u00a0; savivartis su kilnojamu\u00a0konteineriu\u00a0, betono mai\u0161ykl\u0117 su kilnojamu\u00a0b\u016bgnu\u00a0ir ekskavatorius su kilnojama\u00a0rankena<br \/>\n \t&#8211; Auk\u0161\u010diausia darbo kokyb\u0117 &#8211;\u00a0ilgaam\u017ei\u0161kum\u0105 garantuojanti kadagio mediena, esteti\u0161kas dizainas su u\u017eapvalinta apdaila (\u00a0be a\u0161tri\u0173 kra\u0161t\u0173\u00a0)<\/p>\n<p>\u017daislas vysto:<\/p>\n<p> \t&#8211;\u00a0vaizduot\u0117 ir k\u016brybi\u0161kumas\u00a0\u2013 leid\u017eia vaikui atkurti tikrovi\u0161kus konstravimo scenarijus, skatina k\u016brybi\u0161kum\u0105 ir suteikia galimyb\u0119 \u017eaisti vaidmenimis. Vaikas gali kurti savo pastat\u0173 projektus, kurie palaiko erdvinio m\u0105stymo ugdym\u0105<br \/>\n \t&#8211; interesai<br \/>\n \t&#8211; stimuliuoja jutimo poj\u016b\u010dius<br \/>\n \t&#8211;\u00a0&#8222;smulkioji motorika\u00a0&#8221; &#8211; tiksl\u016bs judesiai, reikalingi sukant, keliant ir i\u0161d\u0117stant elementus padeda lavinti rankinius \u012fg\u016bd\u017eius ir smulki\u0105j\u0105 motorik\u0105<br \/>\n \t&#8211; aki\u0173-rank\u0173 koordinacija<br \/>\n \t&#8211;\u00a0vaiko pa\u017eintin\u0117s funkcijos\u00a0&#8211; statybos planavimas, erdv\u0117s valdymas ir technini\u0173 galimybi\u0173 analiz\u0117 lavina login\u012f m\u0105stym\u0105 ir problem\u0173 sprendimo \u012fg\u016bd\u017eius<br \/>\n \t&#8211; pasitik\u0117jimas<\/p>\n<p>Rinkin\u012f sudaro 13 dali\u0173:<\/p>\n<p> \tXXL Crane (42 cm)\u00a0\u2013 didelis 360 laipsni\u0173 besisukantis kranas, pakeliantis platform\u0105 su statybin\u0117mis med\u017eiagomis, puikiai lavina\u00a0motorikos koordinacij\u0105 ir rank\u0173 \u012fg\u016bd\u017eius\u00a0. Judantys krano elementai (rankos jud\u0117jimas auk\u0161tyn-\u017eemyn, pirmyn-atgal) moko\u00a0tiksliai valdyti\u00a0daiktus.<br \/>\n \t&#8211;\u00a03x\u00a0statybin\u0117s ma\u0161inos: savivartis, betono mai\u0161ykl\u0117 ir ekskavatorius<br \/>\n \t&#8211;\u00a03x\u00a0eismo k\u016bgiai<br \/>\n \t&#8211;\u00a02x\u00a0keli\u0173 blokados<br \/>\n \t&#8211; platforma su statybin\u0117mis med\u017eiagomis<br \/>\n \t&#8211;\u00a0kilim\u0117lis su statybviet\u0117s iliustracija\u00a0\u2013 leid\u017eia vaikui atkurti tikrovi\u0161kus statybos scenarijus, skatina k\u016brybi\u0161kum\u0105 ir leid\u017eia \u017eaisti vaidmenimis. Vaikas gali kurti savo pastat\u0173 projektus, kurie palaiko erdvinio m\u0105stymo ugdym\u0105.<\/p>","protected":false},"excerpt":{"rendered":"<p>Koka b\u016bvlaukums 5in1 Mobilais celtnis XXL B\u016bvniec\u012bbas transportl\u012bdzek\u013ci 13 gab.<\/p>","protected":false},"featured_media":60548,"template":"","meta":{"_acf_changed":false,"_glsr_average":0,"_glsr_ranking":0,"_glsr_reviews":0},"product_brand":[],"product_cat":[891,883,229],"product_tag":[],"class_list":{"0":"post-69728","1":"product","2":"type-product","3":"status-publish","4":"has-post-thumbnail","6":"product_cat-medines-transporto-priemones","7":"product_cat-mediniai-zaislai-2","8":"product_cat-zaislai-vaikams","9":"\"style=\"background-color: #2ecc711c;\"","11":"first","12":"instock","13":"purchasable","14":"product-type-simple"},"acf":[],"yoast_head":"<!-- This site is optimized with the Yoast SEO plugin v27.3 - https:\/\/yoast.com\/product\/yoast-seo-wordpress\/ -->\n<title>Medin\u0117 statybviet\u0117 5in1 Mobilus kranas XXL Statybin\u0117s transporto priemon\u0117s 13 vnt<\/title>\n<meta name=\"description\" content=\"Medin\u0117 statybviet\u0117 5in1 Mobilus kranas XXL Statybin\u0117s transporto priemon\u0117s 13 vnt\" \/>\n<meta name=\"robots\" content=\"index, follow, max-snippet:-1, max-image-preview:large, max-video-preview:-1\" \/>\n<link rel=\"canonical\" href=\"https:\/\/kidsplay.lt\/lv\/product\/medine-statybviete-5in1-mobilus-kranas-xxl-statybines-transporto-priemones-13-vnt\/\" \/>\n<meta property=\"og:locale\" content=\"lv_LV\" \/>\n<meta property=\"og:type\" content=\"article\" \/>\n<meta property=\"og:title\" content=\"Medin\u0117 statybviet\u0117 5in1 Mobilus kranas XXL Statybin\u0117s transporto priemon\u0117s 13 vnt\" \/>\n<meta property=\"og:description\" content=\"Medin\u0117 statybviet\u0117 5in1 Mobilus kranas XXL Statybin\u0117s transporto priemon\u0117s 13 vnt\" \/>\n<meta property=\"og:url\" content=\"https:\/\/kidsplay.lt\/lv\/product\/medine-statybviete-5in1-mobilus-kranas-xxl-statybines-transporto-priemones-13-vnt\/\" \/>\n<meta property=\"og:site_name\" content=\"KidsPlay\" \/>\n<meta property=\"article:publisher\" content=\"https:\/\/www.facebook.com\/www.kidsplay.lt\" \/>\n<meta property=\"article:modified_time\" content=\"2026-04-07T07:31:10+00:00\" \/>\n<meta property=\"og:image\" content=\"https:\/\/kidsplay.lt\/wp-content\/uploads\/2025\/03\/Medine-statybviete-5in1-Mobilus-kranas-XXL-Statybines-transporto-priemones-13-vnt.jpg\" \/>\n\t<meta property=\"og:image:width\" content=\"800\" \/>\n\t<meta property=\"og:image:height\" content=\"800\" \/>\n\t<meta property=\"og:image:type\" content=\"image\/jpeg\" \/>\n<meta name=\"twitter:card\" content=\"summary_large_image\" \/>\n<meta name=\"twitter:label1\" content=\"Est. reading time\" \/>\n\t<meta name=\"twitter:data1\" content=\"2 min\u016btes\" \/>\n<script type=\"application\/ld+json\" class=\"yoast-schema-graph\">{\"@context\":\"https:\\\/\\\/schema.org\",\"@graph\":[{\"@type\":\"WebPage\",\"@id\":\"https:\\\/\\\/kidsplay.lt\\\/produktas\\\/medine-statybviete-5in1-mobilus-kranas-xxl-statybines-transporto-priemones-13-vnt\\\/\",\"url\":\"https:\\\/\\\/kidsplay.lt\\\/produktas\\\/medine-statybviete-5in1-mobilus-kranas-xxl-statybines-transporto-priemones-13-vnt\\\/\",\"name\":\"Medin\u0117 statybviet\u0117 5in1 Mobilus kranas XXL Statybin\u0117s transporto priemon\u0117s 13 vnt\",\"isPartOf\":{\"@id\":\"https:\\\/\\\/kidsplay.lt\\\/#website\"},\"primaryImageOfPage\":{\"@id\":\"https:\\\/\\\/kidsplay.lt\\\/produktas\\\/medine-statybviete-5in1-mobilus-kranas-xxl-statybines-transporto-priemones-13-vnt\\\/#primaryimage\"},\"image\":{\"@id\":\"https:\\\/\\\/kidsplay.lt\\\/produktas\\\/medine-statybviete-5in1-mobilus-kranas-xxl-statybines-transporto-priemones-13-vnt\\\/#primaryimage\"},\"thumbnailUrl\":\"https:\\\/\\\/kidsplay.lt\\\/wp-content\\\/uploads\\\/2025\\\/03\\\/Medine-statybviete-5in1-Mobilus-kranas-XXL-Statybines-transporto-priemones-13-vnt.jpg\",\"datePublished\":\"2025-10-02T10:29:53+00:00\",\"dateModified\":\"2026-04-07T07:31:10+00:00\",\"description\":\"Medin\u0117 statybviet\u0117 5in1 Mobilus kranas XXL Statybin\u0117s transporto priemon\u0117s 13 vnt\",\"breadcrumb\":{\"@id\":\"https:\\\/\\\/kidsplay.lt\\\/produktas\\\/medine-statybviete-5in1-mobilus-kranas-xxl-statybines-transporto-priemones-13-vnt\\\/#breadcrumb\"},\"inLanguage\":\"lv-LV\",\"potentialAction\":[{\"@type\":\"ReadAction\",\"target\":[\"https:\\\/\\\/kidsplay.lt\\\/produktas\\\/medine-statybviete-5in1-mobilus-kranas-xxl-statybines-transporto-priemones-13-vnt\\\/\"]}]},{\"@type\":\"ImageObject\",\"inLanguage\":\"lv-LV\",\"@id\":\"https:\\\/\\\/kidsplay.lt\\\/produktas\\\/medine-statybviete-5in1-mobilus-kranas-xxl-statybines-transporto-priemones-13-vnt\\\/#primaryimage\",\"url\":\"https:\\\/\\\/kidsplay.lt\\\/wp-content\\\/uploads\\\/2025\\\/03\\\/Medine-statybviete-5in1-Mobilus-kranas-XXL-Statybines-transporto-priemones-13-vnt.jpg\",\"contentUrl\":\"https:\\\/\\\/kidsplay.lt\\\/wp-content\\\/uploads\\\/2025\\\/03\\\/Medine-statybviete-5in1-Mobilus-kranas-XXL-Statybines-transporto-priemones-13-vnt.jpg\",\"width\":2500,\"height\":2500,\"caption\":\"Medin\u0117 statybviet\u0117 5in1 Mobilus kranas XXL Statybin\u0117s transporto priemon\u0117s 13 vnt\"},{\"@type\":\"BreadcrumbList\",\"@id\":\"https:\\\/\\\/kidsplay.lt\\\/produktas\\\/medine-statybviete-5in1-mobilus-kranas-xxl-statybines-transporto-priemones-13-vnt\\\/#breadcrumb\",\"itemListElement\":[{\"@type\":\"ListItem\",\"position\":1,\"name\":\"Pagrindinis\",\"item\":\"https:\\\/\\\/kidsplay.lt\\\/\"},{\"@type\":\"ListItem\",\"position\":2,\"name\":\"Parduotuv\u0117\",\"item\":\"https:\\\/\\\/kidsplay.lt\\\/parduotuve\\\/\"},{\"@type\":\"ListItem\",\"position\":3,\"name\":\"Medin\u0117 statybviet\u0117 5in1 Mobilus kranas XXL Statybin\u0117s transporto priemon\u0117s 13 vnt\"}]},{\"@type\":\"WebSite\",\"@id\":\"https:\\\/\\\/kidsplay.lt\\\/#website\",\"url\":\"https:\\\/\\\/kidsplay.lt\\\/\",\"name\":\"Kidsplay.lt\",\"description\":\"\u012evairios prek\u0117s vaikams\",\"publisher\":{\"@id\":\"https:\\\/\\\/kidsplay.lt\\\/#organization\"},\"alternateName\":\"Kidsplay\",\"potentialAction\":[{\"@type\":\"SearchAction\",\"target\":{\"@type\":\"EntryPoint\",\"urlTemplate\":\"https:\\\/\\\/kidsplay.lt\\\/?s={search_term_string}\"},\"query-input\":{\"@type\":\"PropertyValueSpecification\",\"valueRequired\":true,\"valueName\":\"search_term_string\"}}],\"inLanguage\":\"lv-LV\"},{\"@type\":\"Organization\",\"@id\":\"https:\\\/\\\/kidsplay.lt\\\/#organization\",\"name\":\"KidsPlay\",\"url\":\"https:\\\/\\\/kidsplay.lt\\\/\",\"logo\":{\"@type\":\"ImageObject\",\"inLanguage\":\"lv-LV\",\"@id\":\"https:\\\/\\\/kidsplay.lt\\\/#\\\/schema\\\/logo\\\/image\\\/\",\"url\":\"https:\\\/\\\/kidsplay.lt\\\/wp-content\\\/uploads\\\/2023\\\/07\\\/kidsplay-logo.png\",\"contentUrl\":\"https:\\\/\\\/kidsplay.lt\\\/wp-content\\\/uploads\\\/2023\\\/07\\\/kidsplay-logo.png\",\"width\":451,\"height\":98,\"caption\":\"KidsPlay\"},\"image\":{\"@id\":\"https:\\\/\\\/kidsplay.lt\\\/#\\\/schema\\\/logo\\\/image\\\/\"},\"sameAs\":[\"https:\\\/\\\/www.facebook.com\\\/www.kidsplay.lt\"]}]}<\/script>\n<!-- \/ Yoast SEO plugin. -->","yoast_head_json":{"title":"Koka b\u016bvlaukums 5in1 Mobilais celtnis XXL B\u016bvniec\u012bbas transportl\u012bdzek\u013ci 13 gab.","description":"Koka b\u016bvlaukums 5in1 Mobilais celtnis XXL B\u016bvniec\u012bbas transportl\u012bdzek\u013ci 13 gab.","robots":{"index":"index","follow":"follow","max-snippet":"max-snippet:-1","max-image-preview":"max-image-preview:large","max-video-preview":"max-video-preview:-1"},"canonical":"https:\/\/kidsplay.lt\/lv\/product\/medine-statybviete-5in1-mobilus-kranas-xxl-statybines-transporto-priemones-13-vnt\/","og_locale":"lv_LV","og_type":"article","og_title":"Medin\u0117 statybviet\u0117 5in1 Mobilus kranas XXL Statybin\u0117s transporto priemon\u0117s 13 vnt","og_description":"Medin\u0117 statybviet\u0117 5in1 Mobilus kranas XXL Statybin\u0117s transporto priemon\u0117s 13 vnt","og_url":"https:\/\/kidsplay.lt\/lv\/product\/medine-statybviete-5in1-mobilus-kranas-xxl-statybines-transporto-priemones-13-vnt\/","og_site_name":"KidsPlay","article_publisher":"https:\/\/www.facebook.com\/www.kidsplay.lt","article_modified_time":"2026-04-07T07:31:10+00:00","og_image":[{"url":"https:\/\/kidsplay.lt\/wp-content\/uploads\/2025\/03\/Medine-statybviete-5in1-Mobilus-kranas-XXL-Statybines-transporto-priemones-13-vnt.jpg","width":800,"height":800,"type":"image\/jpeg"}],"twitter_card":"summary_large_image","twitter_misc":{"Est. reading time":"2 min\u016btes"},"schema":{"@context":"https:\/\/schema.org","@graph":[{"@type":"WebPage","@id":"https:\/\/kidsplay.lt\/produktas\/medine-statybviete-5in1-mobilus-kranas-xxl-statybines-transporto-priemones-13-vnt\/","url":"https:\/\/kidsplay.lt\/produktas\/medine-statybviete-5in1-mobilus-kranas-xxl-statybines-transporto-priemones-13-vnt\/","name":"Koka b\u016bvlaukums 5in1 Mobilais celtnis XXL B\u016bvniec\u012bbas transportl\u012bdzek\u013ci 13 gab.","isPartOf":{"@id":"https:\/\/kidsplay.lt\/#website"},"primaryImageOfPage":{"@id":"https:\/\/kidsplay.lt\/produktas\/medine-statybviete-5in1-mobilus-kranas-xxl-statybines-transporto-priemones-13-vnt\/#primaryimage"},"image":{"@id":"https:\/\/kidsplay.lt\/produktas\/medine-statybviete-5in1-mobilus-kranas-xxl-statybines-transporto-priemones-13-vnt\/#primaryimage"},"thumbnailUrl":"https:\/\/kidsplay.lt\/wp-content\/uploads\/2025\/03\/Medine-statybviete-5in1-Mobilus-kranas-XXL-Statybines-transporto-priemones-13-vnt.jpg","datePublished":"2025-10-02T10:29:53+00:00","dateModified":"2026-04-07T07:31:10+00:00","description":"Koka b\u016bvlaukums 5in1 Mobilais celtnis XXL B\u016bvniec\u012bbas transportl\u012bdzek\u013ci 13 gab.","breadcrumb":{"@id":"https:\/\/kidsplay.lt\/produktas\/medine-statybviete-5in1-mobilus-kranas-xxl-statybines-transporto-priemones-13-vnt\/#breadcrumb"},"inLanguage":"lv-LV","potentialAction":[{"@type":"ReadAction","target":["https:\/\/kidsplay.lt\/produktas\/medine-statybviete-5in1-mobilus-kranas-xxl-statybines-transporto-priemones-13-vnt\/"]}]},{"@type":"ImageObject","inLanguage":"lv-LV","@id":"https:\/\/kidsplay.lt\/produktas\/medine-statybviete-5in1-mobilus-kranas-xxl-statybines-transporto-priemones-13-vnt\/#primaryimage","url":"https:\/\/kidsplay.lt\/wp-content\/uploads\/2025\/03\/Medine-statybviete-5in1-Mobilus-kranas-XXL-Statybines-transporto-priemones-13-vnt.jpg","contentUrl":"https:\/\/kidsplay.lt\/wp-content\/uploads\/2025\/03\/Medine-statybviete-5in1-Mobilus-kranas-XXL-Statybines-transporto-priemones-13-vnt.jpg","width":2500,"height":2500,"caption":"Medin\u0117 statybviet\u0117 5in1 Mobilus kranas XXL Statybin\u0117s transporto priemon\u0117s 13 vnt"},{"@type":"BreadcrumbList","@id":"https:\/\/kidsplay.lt\/produktas\/medine-statybviete-5in1-mobilus-kranas-xxl-statybines-transporto-priemones-13-vnt\/#breadcrumb","itemListElement":[{"@type":"ListItem","position":1,"name":"Pagrindinis","item":"https:\/\/kidsplay.lt\/"},{"@type":"ListItem","position":2,"name":"Parduotuv\u0117","item":"https:\/\/kidsplay.lt\/parduotuve\/"},{"@type":"ListItem","position":3,"name":"Medin\u0117 statybviet\u0117 5in1 Mobilus kranas XXL Statybin\u0117s transporto priemon\u0117s 13 vnt"}]},{"@type":"WebSite","@id":"https:\/\/kidsplay.lt\/#website","url":"https:\/\/kidsplay.lt\/","name":"B\u0113rnu sp\u0113les.lv","description":"\u012evairios prek\u0117s vaikams","publisher":{"@id":"https:\/\/kidsplay.lt\/#organization"},"alternateName":"Kidsplay","potentialAction":[{"@type":"SearchAction","target":{"@type":"EntryPoint","urlTemplate":"https:\/\/kidsplay.lt\/?s={search_term_string}"},"query-input":{"@type":"PropertyValueSpecification","valueRequired":true,"valueName":"search_term_string"}}],"inLanguage":"lv-LV"},{"@type":"Organization","@id":"https:\/\/kidsplay.lt\/#organization","name":"B\u0113rnu sp\u0113le","url":"https:\/\/kidsplay.lt\/","logo":{"@type":"ImageObject","inLanguage":"lv-LV","@id":"https:\/\/kidsplay.lt\/#\/schema\/logo\/image\/","url":"https:\/\/kidsplay.lt\/wp-content\/uploads\/2023\/07\/kidsplay-logo.png","contentUrl":"https:\/\/kidsplay.lt\/wp-content\/uploads\/2023\/07\/kidsplay-logo.png","width":451,"height":98,"caption":"KidsPlay"},"image":{"@id":"https:\/\/kidsplay.lt\/#\/schema\/logo\/image\/"},"sameAs":["https:\/\/www.facebook.com\/www.kidsplay.lt"]}]}},"_links":{"self":[{"href":"https:\/\/kidsplay.lt\/lv\/wp-json\/wp\/v2\/product\/69728","targetHints":{"allow":["GET"]}}],"collection":[{"href":"https:\/\/kidsplay.lt\/lv\/wp-json\/wp\/v2\/product"}],"about":[{"href":"https:\/\/kidsplay.lt\/lv\/wp-json\/wp\/v2\/types\/product"}],"version-history":[{"count":3,"href":"https:\/\/kidsplay.lt\/lv\/wp-json\/wp\/v2\/product\/69728\/revisions"}],"predecessor-version":[{"id":73487,"href":"https:\/\/kidsplay.lt\/lv\/wp-json\/wp\/v2\/product\/69728\/revisions\/73487"}],"wp:featuredmedia":[{"embeddable":true,"href":"https:\/\/kidsplay.lt\/lv\/wp-json\/wp\/v2\/media\/60548"}],"wp:attachment":[{"href":"https:\/\/kidsplay.lt\/lv\/wp-json\/wp\/v2\/media?parent=69728"}],"wp:term":[{"taxonomy":"product_brand","embeddable":true,"href":"https:\/\/kidsplay.lt\/lv\/wp-json\/wp\/v2\/product_brand?post=69728"},{"taxonomy":"product_cat","embeddable":true,"href":"https:\/\/kidsplay.lt\/lv\/wp-json\/wp\/v2\/product_cat?post=69728"},{"taxonomy":"product_tag","embeddable":true,"href":"https:\/\/kidsplay.lt\/lv\/wp-json\/wp\/v2\/product_tag?post=69728"}],"curies":[{"name":"wp","href":"https:\/\/api.w.org\/{rel}","templated":true}]}}