{"id":69732,"date":"2025-10-02T13:30:01","date_gmt":"2025-10-02T10:30:01","guid":{"rendered":"https:\/\/kidsplay.lt\/produktas\/medine-ukulele-gitara-vaikams\/"},"modified":"2026-04-07T10:31:17","modified_gmt":"2026-04-07T07:31:17","slug":"medine-ukulele-gitara-vaikams","status":"publish","type":"product","link":"https:\/\/kidsplay.lt\/lv\/products\/medine-ukulele-gitara-vaikams\/","title":{"rendered":"Medin\u0117 ukulele gitara vaikams"},"content":{"rendered":"<p>Ro\u017ein\u0117 medin\u0117 ukulel\u0117\u00a0, sukurta garsios kompanijos\u00a0\u00a0Classic World\u00a0, vaik\u0173 muzikos instrumentas. Puikus produktas, skirtas i\u0161bandyti pirmuosius vaik\u0173 susi\u017eav\u0117jimus muzikos pasauliu. Ma\u017eieji pir\u0161teliai treniruojami b\u0117gioti grifa, o tai \u017eenkliai pagerina\u00a0\u00a0rank\u0173 miklum\u0105\u00a0ir moko\u00a0\u00a0susikaupimo\u00a0\u00a0bei\u00a0\u00a0atkaklumo.\u00a0\u00a0Puikiai imituoja tikr\u0105 instrument\u0105. Tikras pramog\u0173 mokymosi kategorijos hitas. Puikus produktas, skirtas i\u0161bandyti pirmuosius vaik\u0173 susi\u017eav\u0117jimus muzikos pasauliu.<\/p>\n<p>Charakteristika:<\/p>\n<p> \t&#8211;\u00a0Ro\u017ein\u0117 medin\u0117 ukulel\u0117\u00a0i\u0161 \u017einomo prek\u0117s \u017eenklo\u00a0\u00a0Classic World\u00a0\u00a0jauniesiems muzikantams.<br \/>\n \t\u2013 Instrumentas leid\u017eia \u012fvaldyti pirmuosius akordus, o turint \u0161iek tiek kantryb\u0117s ir fantazijos sugroti nam\u0173 koncert\u0105.<br \/>\n \t&#8211; Skleid\u017eia prislopint\u0105 ir ne per gars\u0173 gars\u0105,\u00a0kuris\u00a0yra saugus k\u016bdikio\u00a0klausai\u00a0.<br \/>\n \t&#8211; Pad\u0117s ugdyti\u00a0J\u016bs\u0173 vaiko\u00a0\u00a0muzikin\u012f talent\u0105.<br \/>\n \t&#8211; Visa tai pagaminta i\u0161\u00a0patvarios\u00a0med\u017eiagos.<br \/>\n \t&#8211; Da\u017eyta\u00a0netoksi\u0161kais\u00a0da\u017eais.<\/p>\n<p>\u017daislas vysto:<\/p>\n<p> \t&#8211; klausos poj\u016btis,<br \/>\n \t&#8211; pa\u017eintiniai geb\u0117jimai,<br \/>\n \t&#8211; k\u016brybi\u0161kumas,<br \/>\n \t&#8211; jautrumas muzikai,<br \/>\n \t&#8211; vaizduot\u0117.<\/p>\n<p>\u201eClassic World\u201c\u00a0\u017eaislai\u00a0supa\u017eindina vaikus su nauja fantasti\u0161ko linksmybi\u0173 dimensija!\u00a0\u00a0Klasikinis pasaulis\u00a0\u2013 tai mediniai, ekologi\u0161ki \u017eaislai, kuri\u0173 tikslas ne tik suteikti linksmybi\u0173, bet ir lavinti vaik\u0173 k\u016brybi\u0161kum\u0105, formuoti emocin\u012f jautrum\u0105, mokyti susidraugauti.\u00a0\u201eClassic\u00a0World\u201c\u00a0muzikiniai \u017eaislai\u00a0\u00a0nusipelno ypatingo pripa\u017einimo \u2013 jie padeda ugdyti jauniausi\u0173 vaik\u0173 muzikin\u012f jautrum\u0105.<\/p>","protected":false},"excerpt":{"rendered":"<p>Medin\u0117 ukulele gitara vaikams<\/p>","protected":false},"featured_media":60552,"template":"","meta":{"_acf_changed":false,"_glsr_average":0,"_glsr_ranking":0,"_glsr_reviews":0},"product_brand":[],"product_cat":[449],"product_tag":[],"class_list":{"0":"post-69732","1":"product","2":"type-product","3":"status-publish","4":"has-post-thumbnail","6":"product_cat-muzikiniai","7":"\"style=\"background-color: #2ecc711c;\"","9":"first","10":"instock","11":"sale","12":"purchasable","13":"product-type-simple"},"acf":[],"yoast_head":"<!-- This site is optimized with the Yoast SEO plugin v27.3 - https:\/\/yoast.com\/product\/yoast-seo-wordpress\/ -->\n<title>Medin\u0117 ukulele gitara vaikams<\/title>\n<meta name=\"description\" content=\"Medin\u0117 ukulele gitara vaikams\" \/>\n<meta name=\"robots\" content=\"index, follow, max-snippet:-1, max-image-preview:large, max-video-preview:-1\" \/>\n<link rel=\"canonical\" href=\"https:\/\/kidsplay.lt\/lv\/products\/medine-ukulele-gitara-vaikams\/\" \/>\n<meta property=\"og:locale\" content=\"lv_LV\" \/>\n<meta property=\"og:type\" content=\"article\" \/>\n<meta property=\"og:title\" content=\"Medin\u0117 ukulele gitara vaikams\" \/>\n<meta property=\"og:description\" content=\"Medin\u0117 ukulele gitara vaikams\" \/>\n<meta property=\"og:url\" content=\"https:\/\/kidsplay.lt\/lv\/products\/medine-ukulele-gitara-vaikams\/\" \/>\n<meta property=\"og:site_name\" content=\"KidsPlay\" \/>\n<meta property=\"article:publisher\" content=\"https:\/\/www.facebook.com\/www.kidsplay.lt\" \/>\n<meta property=\"article:modified_time\" content=\"2026-04-07T07:31:17+00:00\" \/>\n<meta property=\"og:image\" content=\"https:\/\/kidsplay.lt\/wp-content\/uploads\/2025\/03\/Medine-ukulele-gitara-vaikams.jpg\" \/>\n\t<meta property=\"og:image:width\" content=\"800\" \/>\n\t<meta property=\"og:image:height\" content=\"800\" \/>\n\t<meta property=\"og:image:type\" content=\"image\/png\" \/>\n<meta name=\"twitter:card\" content=\"summary_large_image\" \/>\n<meta name=\"twitter:label1\" content=\"Est. reading time\" \/>\n\t<meta name=\"twitter:data1\" content=\"1 min\u016bte\" \/>\n<script type=\"application\/ld+json\" class=\"yoast-schema-graph\">{\"@context\":\"https:\\\/\\\/schema.org\",\"@graph\":[{\"@type\":\"WebPage\",\"@id\":\"https:\\\/\\\/kidsplay.lt\\\/produktas\\\/medine-ukulele-gitara-vaikams\\\/\",\"url\":\"https:\\\/\\\/kidsplay.lt\\\/produktas\\\/medine-ukulele-gitara-vaikams\\\/\",\"name\":\"Medin\u0117 ukulele gitara vaikams\",\"isPartOf\":{\"@id\":\"https:\\\/\\\/kidsplay.lt\\\/#website\"},\"primaryImageOfPage\":{\"@id\":\"https:\\\/\\\/kidsplay.lt\\\/produktas\\\/medine-ukulele-gitara-vaikams\\\/#primaryimage\"},\"image\":{\"@id\":\"https:\\\/\\\/kidsplay.lt\\\/produktas\\\/medine-ukulele-gitara-vaikams\\\/#primaryimage\"},\"thumbnailUrl\":\"https:\\\/\\\/kidsplay.lt\\\/wp-content\\\/uploads\\\/2025\\\/03\\\/Medine-ukulele-gitara-vaikams.jpg\",\"datePublished\":\"2025-10-02T10:30:01+00:00\",\"dateModified\":\"2026-04-07T07:31:17+00:00\",\"description\":\"Medin\u0117 ukulele gitara vaikams\",\"breadcrumb\":{\"@id\":\"https:\\\/\\\/kidsplay.lt\\\/produktas\\\/medine-ukulele-gitara-vaikams\\\/#breadcrumb\"},\"inLanguage\":\"lv-LV\",\"potentialAction\":[{\"@type\":\"ReadAction\",\"target\":[\"https:\\\/\\\/kidsplay.lt\\\/produktas\\\/medine-ukulele-gitara-vaikams\\\/\"]}]},{\"@type\":\"ImageObject\",\"inLanguage\":\"lv-LV\",\"@id\":\"https:\\\/\\\/kidsplay.lt\\\/produktas\\\/medine-ukulele-gitara-vaikams\\\/#primaryimage\",\"url\":\"https:\\\/\\\/kidsplay.lt\\\/wp-content\\\/uploads\\\/2025\\\/03\\\/Medine-ukulele-gitara-vaikams.jpg\",\"contentUrl\":\"https:\\\/\\\/kidsplay.lt\\\/wp-content\\\/uploads\\\/2025\\\/03\\\/Medine-ukulele-gitara-vaikams.jpg\",\"width\":2560,\"height\":2560,\"caption\":\"Medin\u0117 ukulele gitara vaikams\"},{\"@type\":\"BreadcrumbList\",\"@id\":\"https:\\\/\\\/kidsplay.lt\\\/produktas\\\/medine-ukulele-gitara-vaikams\\\/#breadcrumb\",\"itemListElement\":[{\"@type\":\"ListItem\",\"position\":1,\"name\":\"Pagrindinis\",\"item\":\"https:\\\/\\\/kidsplay.lt\\\/\"},{\"@type\":\"ListItem\",\"position\":2,\"name\":\"Parduotuv\u0117\",\"item\":\"https:\\\/\\\/kidsplay.lt\\\/parduotuve\\\/\"},{\"@type\":\"ListItem\",\"position\":3,\"name\":\"Medin\u0117 ukulele gitara vaikams\"}]},{\"@type\":\"WebSite\",\"@id\":\"https:\\\/\\\/kidsplay.lt\\\/#website\",\"url\":\"https:\\\/\\\/kidsplay.lt\\\/\",\"name\":\"Kidsplay.lt\",\"description\":\"\u012evairios prek\u0117s vaikams\",\"publisher\":{\"@id\":\"https:\\\/\\\/kidsplay.lt\\\/#organization\"},\"alternateName\":\"Kidsplay\",\"potentialAction\":[{\"@type\":\"SearchAction\",\"target\":{\"@type\":\"EntryPoint\",\"urlTemplate\":\"https:\\\/\\\/kidsplay.lt\\\/?s={search_term_string}\"},\"query-input\":{\"@type\":\"PropertyValueSpecification\",\"valueRequired\":true,\"valueName\":\"search_term_string\"}}],\"inLanguage\":\"lv-LV\"},{\"@type\":\"Organization\",\"@id\":\"https:\\\/\\\/kidsplay.lt\\\/#organization\",\"name\":\"KidsPlay\",\"url\":\"https:\\\/\\\/kidsplay.lt\\\/\",\"logo\":{\"@type\":\"ImageObject\",\"inLanguage\":\"lv-LV\",\"@id\":\"https:\\\/\\\/kidsplay.lt\\\/#\\\/schema\\\/logo\\\/image\\\/\",\"url\":\"https:\\\/\\\/kidsplay.lt\\\/wp-content\\\/uploads\\\/2023\\\/07\\\/kidsplay-logo.png\",\"contentUrl\":\"https:\\\/\\\/kidsplay.lt\\\/wp-content\\\/uploads\\\/2023\\\/07\\\/kidsplay-logo.png\",\"width\":451,\"height\":98,\"caption\":\"KidsPlay\"},\"image\":{\"@id\":\"https:\\\/\\\/kidsplay.lt\\\/#\\\/schema\\\/logo\\\/image\\\/\"},\"sameAs\":[\"https:\\\/\\\/www.facebook.com\\\/www.kidsplay.lt\"]}]}<\/script>\n<!-- \/ Yoast SEO plugin. -->","yoast_head_json":{"title":"Medin\u0117 ukulele gitara vaikams","description":"Medin\u0117 ukulele gitara vaikams","robots":{"index":"index","follow":"follow","max-snippet":"max-snippet:-1","max-image-preview":"max-image-preview:large","max-video-preview":"max-video-preview:-1"},"canonical":"https:\/\/kidsplay.lt\/lv\/products\/medine-ukulele-gitara-vaikams\/","og_locale":"lv_LV","og_type":"article","og_title":"Medin\u0117 ukulele gitara vaikams","og_description":"Medin\u0117 ukulele gitara vaikams","og_url":"https:\/\/kidsplay.lt\/lv\/products\/medine-ukulele-gitara-vaikams\/","og_site_name":"KidsPlay","article_publisher":"https:\/\/www.facebook.com\/www.kidsplay.lt","article_modified_time":"2026-04-07T07:31:17+00:00","og_image":[{"url":"https:\/\/kidsplay.lt\/wp-content\/uploads\/2025\/03\/Medine-ukulele-gitara-vaikams.jpg","width":800,"height":800,"type":"image\/png"}],"twitter_card":"summary_large_image","twitter_misc":{"Est. reading time":"1 min\u016bte"},"schema":{"@context":"https:\/\/schema.org","@graph":[{"@type":"WebPage","@id":"https:\/\/kidsplay.lt\/produktas\/medine-ukulele-gitara-vaikams\/","url":"https:\/\/kidsplay.lt\/produktas\/medine-ukulele-gitara-vaikams\/","name":"Medin\u0117 ukulele gitara vaikams","isPartOf":{"@id":"https:\/\/kidsplay.lt\/#website"},"primaryImageOfPage":{"@id":"https:\/\/kidsplay.lt\/produktas\/medine-ukulele-gitara-vaikams\/#primaryimage"},"image":{"@id":"https:\/\/kidsplay.lt\/produktas\/medine-ukulele-gitara-vaikams\/#primaryimage"},"thumbnailUrl":"https:\/\/kidsplay.lt\/wp-content\/uploads\/2025\/03\/Medine-ukulele-gitara-vaikams.jpg","datePublished":"2025-10-02T10:30:01+00:00","dateModified":"2026-04-07T07:31:17+00:00","description":"Medin\u0117 ukulele gitara vaikams","breadcrumb":{"@id":"https:\/\/kidsplay.lt\/produktas\/medine-ukulele-gitara-vaikams\/#breadcrumb"},"inLanguage":"lv-LV","potentialAction":[{"@type":"ReadAction","target":["https:\/\/kidsplay.lt\/produktas\/medine-ukulele-gitara-vaikams\/"]}]},{"@type":"ImageObject","inLanguage":"lv-LV","@id":"https:\/\/kidsplay.lt\/produktas\/medine-ukulele-gitara-vaikams\/#primaryimage","url":"https:\/\/kidsplay.lt\/wp-content\/uploads\/2025\/03\/Medine-ukulele-gitara-vaikams.jpg","contentUrl":"https:\/\/kidsplay.lt\/wp-content\/uploads\/2025\/03\/Medine-ukulele-gitara-vaikams.jpg","width":2560,"height":2560,"caption":"Medin\u0117 ukulele gitara vaikams"},{"@type":"BreadcrumbList","@id":"https:\/\/kidsplay.lt\/produktas\/medine-ukulele-gitara-vaikams\/#breadcrumb","itemListElement":[{"@type":"ListItem","position":1,"name":"Pagrindinis","item":"https:\/\/kidsplay.lt\/"},{"@type":"ListItem","position":2,"name":"Parduotuv\u0117","item":"https:\/\/kidsplay.lt\/parduotuve\/"},{"@type":"ListItem","position":3,"name":"Medin\u0117 ukulele gitara vaikams"}]},{"@type":"WebSite","@id":"https:\/\/kidsplay.lt\/#website","url":"https:\/\/kidsplay.lt\/","name":"B\u0113rnu sp\u0113les.lv","description":"\u012evairios prek\u0117s vaikams","publisher":{"@id":"https:\/\/kidsplay.lt\/#organization"},"alternateName":"Kidsplay","potentialAction":[{"@type":"SearchAction","target":{"@type":"EntryPoint","urlTemplate":"https:\/\/kidsplay.lt\/?s={search_term_string}"},"query-input":{"@type":"PropertyValueSpecification","valueRequired":true,"valueName":"search_term_string"}}],"inLanguage":"lv-LV"},{"@type":"Organization","@id":"https:\/\/kidsplay.lt\/#organization","name":"B\u0113rnu sp\u0113le","url":"https:\/\/kidsplay.lt\/","logo":{"@type":"ImageObject","inLanguage":"lv-LV","@id":"https:\/\/kidsplay.lt\/#\/schema\/logo\/image\/","url":"https:\/\/kidsplay.lt\/wp-content\/uploads\/2023\/07\/kidsplay-logo.png","contentUrl":"https:\/\/kidsplay.lt\/wp-content\/uploads\/2023\/07\/kidsplay-logo.png","width":451,"height":98,"caption":"KidsPlay"},"image":{"@id":"https:\/\/kidsplay.lt\/#\/schema\/logo\/image\/"},"sameAs":["https:\/\/www.facebook.com\/www.kidsplay.lt"]}]}},"_links":{"self":[{"href":"https:\/\/kidsplay.lt\/lv\/wp-json\/wp\/v2\/product\/69732","targetHints":{"allow":["GET"]}}],"collection":[{"href":"https:\/\/kidsplay.lt\/lv\/wp-json\/wp\/v2\/product"}],"about":[{"href":"https:\/\/kidsplay.lt\/lv\/wp-json\/wp\/v2\/types\/product"}],"version-history":[{"count":3,"href":"https:\/\/kidsplay.lt\/lv\/wp-json\/wp\/v2\/product\/69732\/revisions"}],"predecessor-version":[{"id":73484,"href":"https:\/\/kidsplay.lt\/lv\/wp-json\/wp\/v2\/product\/69732\/revisions\/73484"}],"wp:featuredmedia":[{"embeddable":true,"href":"https:\/\/kidsplay.lt\/lv\/wp-json\/wp\/v2\/media\/60552"}],"wp:attachment":[{"href":"https:\/\/kidsplay.lt\/lv\/wp-json\/wp\/v2\/media?parent=69732"}],"wp:term":[{"taxonomy":"product_brand","embeddable":true,"href":"https:\/\/kidsplay.lt\/lv\/wp-json\/wp\/v2\/product_brand?post=69732"},{"taxonomy":"product_cat","embeddable":true,"href":"https:\/\/kidsplay.lt\/lv\/wp-json\/wp\/v2\/product_cat?post=69732"},{"taxonomy":"product_tag","embeddable":true,"href":"https:\/\/kidsplay.lt\/lv\/wp-json\/wp\/v2\/product_tag?post=69732"}],"curies":[{"name":"wp","href":"https:\/\/api.w.org\/{rel}","templated":true}]}}