{"id":69736,"date":"2025-10-02T13:30:11","date_gmt":"2025-10-02T10:30:11","guid":{"rendered":"https:\/\/kidsplay.lt\/produktas\/tooky-toy-montessori-edukacine-6in1-sensorine-dezute-5-6-men\/"},"modified":"2026-04-07T11:27:18","modified_gmt":"2026-04-07T08:27:18","slug":"tooky-toy-montessori-edukacine-6in1-sensorine-dezute-5-6-men","status":"publish","type":"product","link":"https:\/\/kidsplay.lt\/lv\/products\/tooky-toy-montessori-edukacine-6in1-sensorine-dezute-5-6-men\/","title":{"rendered":"TOOKY TOY Montessori izgl\u012btojo\u0161\u0101 6in1 sensorisk\u0101 kaste 5\u20136 m\u0113ne\u0161iem."},"content":{"rendered":"<p>Mokomoji d\u0117\u017eut\u0117 Tooky Toy skirta\u00a03-5 m\u0117nesi\u0173\u00a0k\u016bdikiams\u00a0. Sud\u0117tyje yra\u00a05 Montessori sensoriniai ir didaktiniai \u017eaislai\u00a0, kurie palaiko\u00a0sveik\u0105 j\u016bs\u0173 vaiko psichomotorin\u0119 raid\u0105\u00a0ir\u00a0stimuliuoja jo poj\u016b\u010dius\u00a0:\u00a0reg\u0117jim\u0105, lyt\u0117jim\u0105 ir klaus\u0105\u00a0. Taip pat lavina\u00a0login\u012f m\u0105stym\u0105 bei rank\u0173 ir aki\u0173 koordinacij\u0105\u00a0. Taip pat yra i\u0161samus vadovas t\u0117vams, kuriame bus pasakyta, kada supa\u017eindinti su \u017eaislu k\u016bdik\u012f ir kaip su juo \u017eaisti.\u00a0Mokomoji d\u0117\u017eut\u0117 Tooky Toy\u00a0tiks kaip dovana k\u016bdikiui. Komplekte yra naudojimo instrukcija, kurioje pateikiama informacija apie d\u0117\u017eut\u0117s turin\u012f, \u017eaislo instrukcijos ir naudingi patarimai.<\/p>\n<p>Raksturojums:<\/p>\n<p>&#8211; 5-6\u00a0m\u0117nesi\u0173\u00a0k\u016bdikiams<br \/>\n&#8211; 5\u00a0lavinamieji \u017eaislai\u00a0vienoje pakuot\u0117je<br \/>\n&#8211; Edukacinis rinkinys<br \/>\n&#8211; Pridedamas vartotojo vadovas<\/p>\n<p>\u017daislas vysto:<\/p>\n<p>&#8211; Sveika psichomotorin\u0117 raida<br \/>\n&#8211; Stimuliuoja regos, lyt\u0117jimo, klausos poj\u016b\u010dius<br \/>\n&#8211; Lavina login\u012f m\u0105stym\u0105<br \/>\n\u2013 Roku-acu koordin\u0101cija<\/p>\n<p>1. Materialin\u0117 juslin\u0117 knyga<\/p>\n<p>Vaikams patinka \u017ei\u016br\u0117ti \u012f spalvingas knygas, ypa\u010d tas, kurios prisotintos o\u0161imais ir gars\u0105 kelian\u010diais elementais.\u00a0Mink\u0161ta\u00a0rinkinio knyga pateisins \u0161iuos l\u016bkes\u010dius,\u00a0skatindama juslin\u012f tyrin\u0117jim\u0105, vizualin\u012f atpa\u017einim\u0105, bendravim\u0105 ir k\u016brybi\u0161kum\u0105.\u00a0\u0160iug\u017edantys puslapiai ir girg\u017edantys elementai stimuliuoja klaus\u0105, skatina gars\u0173 grojim\u0105, o ry\u0161kios kontrastingos spalvos ir iliustracijos patraukia k\u016bdikio d\u0117mes\u012f,\u00a0skatina reg\u0117jimo suvokimo vystym\u0105si.\u00a0Knyga i\u0161siskiria savo prie\u017ei\u016bra,\u00a0tvirtu susiuvimu\u00a0ir\u00a0ilgaam\u017ei\u0161kumu skalbimo metu.<\/p>\n<p>2. Magi\u0161ka d\u0117\u017eut\u0117 &#8222;Spalvoti audiniai&#8221;<\/p>\n<p>\u0160io tipo \u017eaislai yra\u00a0puiki lavinimo priemon\u0117\u00a0ma\u017eiems vaikams, i\u0161\u0117mus audinius ir \u012fd\u0117jus juos \u012f d\u0117\u017e\u0119 reikia precizi\u0161kumo,\u00a0lavinimo ir\u00a0manipuliavimo rankomis. Gra\u017eios, ry\u0161kios spalvos patraukia vaiko d\u0117mes\u012f, stimuliuoja poj\u016b\u010dius ir skatina tyrin\u0117ti d\u0117\u017eut\u0119. V\u0117lesniame etape \u017eaidimas bus puikus norint\u00a0i\u0161mokti spalvas\u00a0ir\u00a0suprasti s\u0105vokas\u00a0\u201etu\u0161\u010dia, pilna\u201c ir \u201eviduje, viduje, po\u201c.\u00a0\u017daidimas su audiniais moko susikaupti ir atkaklumo,\u00a0kai vaikas bando i\u0161 pakuot\u0117s i\u0161traukti kit\u0105.<\/p>\n<p>3. Dramblio dantis<\/p>\n<p>\u017davingas dramblys taps geriausiu j\u016bs\u0173 vaiko draugu.\u00a0Jis yra visi\u0161kai\u00a0saugus\u00a0,\u00a0lengvai valomas\u00a0, o nat\u016brali mediena yra\u00a0antibakterin\u0117\u00a0, o d\u0117l savo strukt\u016bros suteikia nauj\u0173 poj\u016b\u010di\u0173. Mink\u0161tas silikonas\u00a0nuramina gle\u017enas k\u016bdikio dantenas\u00a0, o tai labai svarbu dygstant dantukams. Be to\u00a0,\u00a0dramblys puikiai\u00a0telpa\u00a0\u012f ma\u017eas vaiko rankytes ir\u00a0lavina\u00a0jo vaizduot\u0119.<\/p>\n<p>4. Sensorinis krep\u0161elis<\/p>\n<p>Rinkinyje yra\u00a03 sensoriniai kamuoliukai\u00a0su skirtingais pavir\u0161iais ir\u00a0austas krep\u0161elis\u00a0, kuriame kamuoliukus galima laikyti po \u017eaidimo. D\u0117l \u012fvairi\u0173 pavir\u0161i\u0173 kamuoliukai yra puikus\u00a0jutiminis \u017eaislas, kuris palaiko j\u016bs\u0173 ma\u017eylio vystym\u0105si.\u00a0Spalvingi kamuoliukai skatina ma\u017eyl\u012f sugriebti ir manipuliuoti jais \u017eaisdamas ant pilvuko, o tai\u00a0padeda treniruoti rank\u0173 ir koj\u0173 raumenis bei paruo\u0161ia ropoti.\u00a0Rinkinyje taip pat yra austas krep\u0161elis, leid\u017eiantis vaikams i\u0161imti ir \u012fki\u0161ti kamuoliukus\u00a0mokant juos s\u0105vok\u0173 \u201etu\u0161\u010dias\u201c ir \u201epilnas\u201c.\u00a0\u017daislas draugi\u0161kai ir saugiai palaiko nat\u016bral\u0173 vaiko smalsum\u0105 ir motorin\u0117s koordinacijos vystym\u0105si.<\/p>\n<p>5. Besisukantis b\u016bgnas<\/p>\n<p>Besisukantis b\u016bgnas yra besivystantis \u017eaislas\u00a0, kuris motyvuoja j\u016bs\u0173 vaik\u0105\u00a0tyrin\u0117ti ir jud\u0117ti\u00a0, kartu palaiko\u00a0jutim\u0173 vystym\u0105si ir smulki\u0105j\u0105 motorik\u0105.\u00a0\u017daislas turi 5 skirting\u0173 spalv\u0173 \u0161onus ir vaikams saug\u0173 veidrod\u012f. Padeda lavinti k\u016bdiki\u0173 motorik\u0105 sukant ir manipuliuojant \u017eaislu. Spalv\u0173 \u012fvairov\u0117 leid\u017eia vaikams \u012fgyti pirmini\u0173 \u017eini\u0173 apie spalvas. Sukdamasis b\u016bgno viduje esantis medinis rutulys skleid\u017eia nat\u016bral\u0173 malon\u0173 gars\u0105, patraukiant\u012f k\u016bdikio d\u0117mes\u012f.<\/p>\n<p>6. Instrukcij\u0173 knygel\u0117<\/p>","protected":false},"excerpt":{"rendered":"<p>TOOKY TOY Montessori izgl\u012btojo\u0161\u0101 6in1 sensorisk\u0101 kaste 5\u20136 m\u0113ne\u0161iem.<\/p>","protected":false},"featured_media":60019,"template":"","meta":{"_acf_changed":false,"_glsr_average":0,"_glsr_ranking":0,"_glsr_reviews":0},"product_brand":[],"product_cat":[265,366,365,72,396,372,229,800],"product_tag":[],"class_list":{"0":"post-69736","1":"product","2":"type-product","3":"status-publish","4":"has-post-thumbnail","6":"product_cat-dovanu-idejos","7":"product_cat-dovanu-idejos-berniukams","8":"product_cat-dovanu-idejos-mergaitems","9":"product_cat-ispardavimas","10":"product_cat-kudikiu-zaislai-vaikams2","11":"product_cat-vaiku-sventems","12":"product_cat-zaislai-vaikams","13":"product_cat-zaislu-komplektai","14":"\"style=\"background-color: #2ecc711c;\"","16":"first","17":"instock","18":"sale","19":"purchasable","20":"product-type-simple"},"acf":[],"yoast_head":"<!-- This site is optimized with the Yoast SEO plugin v27.3 - https:\/\/yoast.com\/product\/yoast-seo-wordpress\/ -->\n<title>TOOKY TOY Montessori edukacin\u0117 6in1 sensorin\u0117 d\u0117\u017eut\u0117 5\u20136 m\u0117n.<\/title>\n<meta name=\"description\" content=\"TOOKY TOY Montessori edukacin\u0117 6in1 sensorin\u0117 d\u0117\u017eut\u0117 5\u20136 m\u0117n.\" \/>\n<meta name=\"robots\" content=\"index, follow, max-snippet:-1, max-image-preview:large, max-video-preview:-1\" \/>\n<link rel=\"canonical\" href=\"https:\/\/kidsplay.lt\/lv\/products\/tooky-toy-montessori-edukacine-6in1-sensorine-dezute-5-6-men\/\" \/>\n<meta property=\"og:locale\" content=\"lv_LV\" \/>\n<meta property=\"og:type\" content=\"article\" \/>\n<meta property=\"og:title\" content=\"TOOKY TOY Montessori edukacin\u0117 6in1 sensorin\u0117 d\u0117\u017eut\u0117 5\u20136 m\u0117n.\" \/>\n<meta property=\"og:description\" content=\"TOOKY TOY Montessori edukacin\u0117 6in1 sensorin\u0117 d\u0117\u017eut\u0117 5\u20136 m\u0117n.\" \/>\n<meta property=\"og:url\" content=\"https:\/\/kidsplay.lt\/lv\/products\/tooky-toy-montessori-edukacine-6in1-sensorine-dezute-5-6-men\/\" \/>\n<meta property=\"og:site_name\" content=\"KidsPlay\" \/>\n<meta property=\"article:publisher\" content=\"https:\/\/www.facebook.com\/www.kidsplay.lt\" \/>\n<meta property=\"article:modified_time\" content=\"2026-04-07T08:27:18+00:00\" \/>\n<meta property=\"og:image\" content=\"https:\/\/kidsplay.lt\/wp-content\/uploads\/2024\/12\/Montessori-edukacine-6in1-sensorine-dezute-5-6-men.jpg\" \/>\n\t<meta property=\"og:image:width\" content=\"800\" \/>\n\t<meta property=\"og:image:height\" content=\"800\" \/>\n\t<meta property=\"og:image:type\" content=\"image\/jpeg\" \/>\n<meta name=\"twitter:card\" content=\"summary_large_image\" \/>\n<meta name=\"twitter:label1\" content=\"Est. reading time\" \/>\n\t<meta name=\"twitter:data1\" content=\"3 min\u016btes\" \/>\n<script type=\"application\/ld+json\" class=\"yoast-schema-graph\">{\"@context\":\"https:\\\/\\\/schema.org\",\"@graph\":[{\"@type\":\"WebPage\",\"@id\":\"https:\\\/\\\/kidsplay.lt\\\/produktas\\\/tooky-toy-montessori-edukacine-6in1-sensorine-dezute-5-6-men\\\/\",\"url\":\"https:\\\/\\\/kidsplay.lt\\\/produktas\\\/tooky-toy-montessori-edukacine-6in1-sensorine-dezute-5-6-men\\\/\",\"name\":\"TOOKY TOY Montessori edukacin\u0117 6in1 sensorin\u0117 d\u0117\u017eut\u0117 5\u20136 m\u0117n.\",\"isPartOf\":{\"@id\":\"https:\\\/\\\/kidsplay.lt\\\/#website\"},\"primaryImageOfPage\":{\"@id\":\"https:\\\/\\\/kidsplay.lt\\\/produktas\\\/tooky-toy-montessori-edukacine-6in1-sensorine-dezute-5-6-men\\\/#primaryimage\"},\"image\":{\"@id\":\"https:\\\/\\\/kidsplay.lt\\\/produktas\\\/tooky-toy-montessori-edukacine-6in1-sensorine-dezute-5-6-men\\\/#primaryimage\"},\"thumbnailUrl\":\"https:\\\/\\\/kidsplay.lt\\\/wp-content\\\/uploads\\\/2024\\\/12\\\/Montessori-edukacine-6in1-sensorine-dezute-5-6-men.jpg\",\"datePublished\":\"2025-10-02T10:30:11+00:00\",\"dateModified\":\"2026-04-07T08:27:18+00:00\",\"description\":\"TOOKY TOY Montessori edukacin\u0117 6in1 sensorin\u0117 d\u0117\u017eut\u0117 5\u20136 m\u0117n.\",\"breadcrumb\":{\"@id\":\"https:\\\/\\\/kidsplay.lt\\\/produktas\\\/tooky-toy-montessori-edukacine-6in1-sensorine-dezute-5-6-men\\\/#breadcrumb\"},\"inLanguage\":\"lv-LV\",\"potentialAction\":[{\"@type\":\"ReadAction\",\"target\":[\"https:\\\/\\\/kidsplay.lt\\\/produktas\\\/tooky-toy-montessori-edukacine-6in1-sensorine-dezute-5-6-men\\\/\"]}]},{\"@type\":\"ImageObject\",\"inLanguage\":\"lv-LV\",\"@id\":\"https:\\\/\\\/kidsplay.lt\\\/produktas\\\/tooky-toy-montessori-edukacine-6in1-sensorine-dezute-5-6-men\\\/#primaryimage\",\"url\":\"https:\\\/\\\/kidsplay.lt\\\/wp-content\\\/uploads\\\/2024\\\/12\\\/Montessori-edukacine-6in1-sensorine-dezute-5-6-men.jpg\",\"contentUrl\":\"https:\\\/\\\/kidsplay.lt\\\/wp-content\\\/uploads\\\/2024\\\/12\\\/Montessori-edukacine-6in1-sensorine-dezute-5-6-men.jpg\",\"width\":800,\"height\":800,\"caption\":\"TOOKY TOY Montessori edukacin\u0117 6in1 sensorin\u0117 d\u0117\u017eut\u0117 5\u20136 m\u0117n.\"},{\"@type\":\"BreadcrumbList\",\"@id\":\"https:\\\/\\\/kidsplay.lt\\\/produktas\\\/tooky-toy-montessori-edukacine-6in1-sensorine-dezute-5-6-men\\\/#breadcrumb\",\"itemListElement\":[{\"@type\":\"ListItem\",\"position\":1,\"name\":\"Pagrindinis\",\"item\":\"https:\\\/\\\/kidsplay.lt\\\/\"},{\"@type\":\"ListItem\",\"position\":2,\"name\":\"Parduotuv\u0117\",\"item\":\"https:\\\/\\\/kidsplay.lt\\\/parduotuve\\\/\"},{\"@type\":\"ListItem\",\"position\":3,\"name\":\"TOOKY TOY Montessori edukacin\u0117 6in1 sensorin\u0117 d\u0117\u017eut\u0117 5\u20136 m\u0117n.\"}]},{\"@type\":\"WebSite\",\"@id\":\"https:\\\/\\\/kidsplay.lt\\\/#website\",\"url\":\"https:\\\/\\\/kidsplay.lt\\\/\",\"name\":\"Kidsplay.lt\",\"description\":\"\u012evairios prek\u0117s vaikams\",\"publisher\":{\"@id\":\"https:\\\/\\\/kidsplay.lt\\\/#organization\"},\"alternateName\":\"Kidsplay\",\"potentialAction\":[{\"@type\":\"SearchAction\",\"target\":{\"@type\":\"EntryPoint\",\"urlTemplate\":\"https:\\\/\\\/kidsplay.lt\\\/?s={search_term_string}\"},\"query-input\":{\"@type\":\"PropertyValueSpecification\",\"valueRequired\":true,\"valueName\":\"search_term_string\"}}],\"inLanguage\":\"lv-LV\"},{\"@type\":\"Organization\",\"@id\":\"https:\\\/\\\/kidsplay.lt\\\/#organization\",\"name\":\"KidsPlay\",\"url\":\"https:\\\/\\\/kidsplay.lt\\\/\",\"logo\":{\"@type\":\"ImageObject\",\"inLanguage\":\"lv-LV\",\"@id\":\"https:\\\/\\\/kidsplay.lt\\\/#\\\/schema\\\/logo\\\/image\\\/\",\"url\":\"https:\\\/\\\/kidsplay.lt\\\/wp-content\\\/uploads\\\/2023\\\/07\\\/kidsplay-logo.png\",\"contentUrl\":\"https:\\\/\\\/kidsplay.lt\\\/wp-content\\\/uploads\\\/2023\\\/07\\\/kidsplay-logo.png\",\"width\":451,\"height\":98,\"caption\":\"KidsPlay\"},\"image\":{\"@id\":\"https:\\\/\\\/kidsplay.lt\\\/#\\\/schema\\\/logo\\\/image\\\/\"},\"sameAs\":[\"https:\\\/\\\/www.facebook.com\\\/www.kidsplay.lt\"]}]}<\/script>\n<!-- \/ Yoast SEO plugin. -->","yoast_head_json":{"title":"TOOKY TOY Montessori izgl\u012btojo\u0161\u0101 6in1 sensorisk\u0101 kaste 5\u20136 m\u0113ne\u0161iem.","description":"TOOKY TOY Montessori izgl\u012btojo\u0161\u0101 6in1 sensorisk\u0101 kaste 5\u20136 m\u0113ne\u0161iem.","robots":{"index":"index","follow":"follow","max-snippet":"max-snippet:-1","max-image-preview":"max-image-preview:large","max-video-preview":"max-video-preview:-1"},"canonical":"https:\/\/kidsplay.lt\/lv\/products\/tooky-toy-montessori-edukacine-6in1-sensorine-dezute-5-6-men\/","og_locale":"lv_LV","og_type":"article","og_title":"TOOKY TOY Montessori edukacin\u0117 6in1 sensorin\u0117 d\u0117\u017eut\u0117 5\u20136 m\u0117n.","og_description":"TOOKY TOY Montessori edukacin\u0117 6in1 sensorin\u0117 d\u0117\u017eut\u0117 5\u20136 m\u0117n.","og_url":"https:\/\/kidsplay.lt\/lv\/products\/tooky-toy-montessori-edukacine-6in1-sensorine-dezute-5-6-men\/","og_site_name":"KidsPlay","article_publisher":"https:\/\/www.facebook.com\/www.kidsplay.lt","article_modified_time":"2026-04-07T08:27:18+00:00","og_image":[{"width":800,"height":800,"url":"https:\/\/kidsplay.lt\/wp-content\/uploads\/2024\/12\/Montessori-edukacine-6in1-sensorine-dezute-5-6-men.jpg","type":"image\/jpeg"}],"twitter_card":"summary_large_image","twitter_misc":{"Est. reading time":"3 min\u016btes"},"schema":{"@context":"https:\/\/schema.org","@graph":[{"@type":"WebPage","@id":"https:\/\/kidsplay.lt\/produktas\/tooky-toy-montessori-edukacine-6in1-sensorine-dezute-5-6-men\/","url":"https:\/\/kidsplay.lt\/produktas\/tooky-toy-montessori-edukacine-6in1-sensorine-dezute-5-6-men\/","name":"TOOKY TOY Montessori izgl\u012btojo\u0161\u0101 6in1 sensorisk\u0101 kaste 5\u20136 m\u0113ne\u0161iem.","isPartOf":{"@id":"https:\/\/kidsplay.lt\/#website"},"primaryImageOfPage":{"@id":"https:\/\/kidsplay.lt\/produktas\/tooky-toy-montessori-edukacine-6in1-sensorine-dezute-5-6-men\/#primaryimage"},"image":{"@id":"https:\/\/kidsplay.lt\/produktas\/tooky-toy-montessori-edukacine-6in1-sensorine-dezute-5-6-men\/#primaryimage"},"thumbnailUrl":"https:\/\/kidsplay.lt\/wp-content\/uploads\/2024\/12\/Montessori-edukacine-6in1-sensorine-dezute-5-6-men.jpg","datePublished":"2025-10-02T10:30:11+00:00","dateModified":"2026-04-07T08:27:18+00:00","description":"TOOKY TOY Montessori izgl\u012btojo\u0161\u0101 6in1 sensorisk\u0101 kaste 5\u20136 m\u0113ne\u0161iem.","breadcrumb":{"@id":"https:\/\/kidsplay.lt\/produktas\/tooky-toy-montessori-edukacine-6in1-sensorine-dezute-5-6-men\/#breadcrumb"},"inLanguage":"lv-LV","potentialAction":[{"@type":"ReadAction","target":["https:\/\/kidsplay.lt\/produktas\/tooky-toy-montessori-edukacine-6in1-sensorine-dezute-5-6-men\/"]}]},{"@type":"ImageObject","inLanguage":"lv-LV","@id":"https:\/\/kidsplay.lt\/produktas\/tooky-toy-montessori-edukacine-6in1-sensorine-dezute-5-6-men\/#primaryimage","url":"https:\/\/kidsplay.lt\/wp-content\/uploads\/2024\/12\/Montessori-edukacine-6in1-sensorine-dezute-5-6-men.jpg","contentUrl":"https:\/\/kidsplay.lt\/wp-content\/uploads\/2024\/12\/Montessori-edukacine-6in1-sensorine-dezute-5-6-men.jpg","width":800,"height":800,"caption":"TOOKY TOY Montessori edukacin\u0117 6in1 sensorin\u0117 d\u0117\u017eut\u0117 5\u20136 m\u0117n."},{"@type":"BreadcrumbList","@id":"https:\/\/kidsplay.lt\/produktas\/tooky-toy-montessori-edukacine-6in1-sensorine-dezute-5-6-men\/#breadcrumb","itemListElement":[{"@type":"ListItem","position":1,"name":"Pagrindinis","item":"https:\/\/kidsplay.lt\/"},{"@type":"ListItem","position":2,"name":"Parduotuv\u0117","item":"https:\/\/kidsplay.lt\/parduotuve\/"},{"@type":"ListItem","position":3,"name":"TOOKY TOY Montessori edukacin\u0117 6in1 sensorin\u0117 d\u0117\u017eut\u0117 5\u20136 m\u0117n."}]},{"@type":"WebSite","@id":"https:\/\/kidsplay.lt\/#website","url":"https:\/\/kidsplay.lt\/","name":"B\u0113rnu sp\u0113les.lv","description":"\u012evairios prek\u0117s vaikams","publisher":{"@id":"https:\/\/kidsplay.lt\/#organization"},"alternateName":"Kidsplay","potentialAction":[{"@type":"SearchAction","target":{"@type":"EntryPoint","urlTemplate":"https:\/\/kidsplay.lt\/?s={search_term_string}"},"query-input":{"@type":"PropertyValueSpecification","valueRequired":true,"valueName":"search_term_string"}}],"inLanguage":"lv-LV"},{"@type":"Organization","@id":"https:\/\/kidsplay.lt\/#organization","name":"B\u0113rnu sp\u0113le","url":"https:\/\/kidsplay.lt\/","logo":{"@type":"ImageObject","inLanguage":"lv-LV","@id":"https:\/\/kidsplay.lt\/#\/schema\/logo\/image\/","url":"https:\/\/kidsplay.lt\/wp-content\/uploads\/2023\/07\/kidsplay-logo.png","contentUrl":"https:\/\/kidsplay.lt\/wp-content\/uploads\/2023\/07\/kidsplay-logo.png","width":451,"height":98,"caption":"KidsPlay"},"image":{"@id":"https:\/\/kidsplay.lt\/#\/schema\/logo\/image\/"},"sameAs":["https:\/\/www.facebook.com\/www.kidsplay.lt"]}]}},"_links":{"self":[{"href":"https:\/\/kidsplay.lt\/lv\/wp-json\/wp\/v2\/product\/69736","targetHints":{"allow":["GET"]}}],"collection":[{"href":"https:\/\/kidsplay.lt\/lv\/wp-json\/wp\/v2\/product"}],"about":[{"href":"https:\/\/kidsplay.lt\/lv\/wp-json\/wp\/v2\/types\/product"}],"version-history":[{"count":3,"href":"https:\/\/kidsplay.lt\/lv\/wp-json\/wp\/v2\/product\/69736\/revisions"}],"predecessor-version":[{"id":80793,"href":"https:\/\/kidsplay.lt\/lv\/wp-json\/wp\/v2\/product\/69736\/revisions\/80793"}],"wp:featuredmedia":[{"embeddable":true,"href":"https:\/\/kidsplay.lt\/lv\/wp-json\/wp\/v2\/media\/60019"}],"wp:attachment":[{"href":"https:\/\/kidsplay.lt\/lv\/wp-json\/wp\/v2\/media?parent=69736"}],"wp:term":[{"taxonomy":"product_brand","embeddable":true,"href":"https:\/\/kidsplay.lt\/lv\/wp-json\/wp\/v2\/product_brand?post=69736"},{"taxonomy":"product_cat","embeddable":true,"href":"https:\/\/kidsplay.lt\/lv\/wp-json\/wp\/v2\/product_cat?post=69736"},{"taxonomy":"product_tag","embeddable":true,"href":"https:\/\/kidsplay.lt\/lv\/wp-json\/wp\/v2\/product_tag?post=69736"}],"curies":[{"name":"wp","href":"https:\/\/api.w.org\/{rel}","templated":true}]}}