{"id":69748,"date":"2025-10-02T13:30:42","date_gmt":"2025-10-02T10:30:42","guid":{"rendered":"https:\/\/kidsplay.lt\/produktas\/kurybinis-dinozauru-skeleto-rinkinys-2\/"},"modified":"2026-04-11T13:58:46","modified_gmt":"2026-04-11T10:58:46","slug":"kurybinis-dinozauru-skeleto-rinkinys-2","status":"publish","type":"product","link":"https:\/\/kidsplay.lt\/lv\/products\/kurybinis-dinozauru-skeleto-rinkinys-2\/","title":{"rendered":"K\u016brybinis dinozaur\u0173 skeleto rinkinys"},"content":{"rendered":"<p>WOOPIE prek\u0117s \u017eenklo\u00a0\u201eMammoth Fossils\u201c rinkinys\u00a0yra fantasti\u0161ka dovana vaikams, kurie domisi prie\u0161istore. \u017daidimas apima\u00a0fosilij\u0173\u00a0kasim\u0105 ir\u00a0mamuto\u00a0k\u016brim\u0105 i\u0161 j\u0173\u00a0.\u00a0Rinkinys leid\u017eia pasijusti tikru paleontologu\u00a0kasant fosilijas\u00a0ir atrandant mamuto kaulus. D\u0117l komplekte esan\u010di\u0173 kasimo, bakstel\u0117jimo, \u0161epe\u010dio ir lankstymo \u012franki\u0173 vaikai gali\u00a0daug valand\u0173 praleisti mokomajame \u017eaidime\u00a0, b\u016bti \u012fkv\u0117pti gamtos moksl\u0173 ir lavinti savo praktinius bei m\u0105stymo \u012fg\u016bd\u017eius.\u00a0Puiki dovana\u00a0tiek berniukui, tiek mergaitei!<\/p>\n<p>Charakteristika:<\/p>\n<p>&#8211; \u017eaislas\u00a0nuo 6 met\u0173 am\u017eiaus,<br \/>\n&#8211; linksmyb\u0117s apima\u00a0fosilij\u0173\u00a0i\u0161gavim\u0105 ir\u00a0mamuto skeleto\u00a0atradim\u0105 ,<br \/>\n&#8211; rad\u0119\u00a0skelet\u0105\u00a0, galite j\u012f surinkti \u012f\u00a0mamut\u0105,<br \/>\n&#8211;\u00a0puiki dovana\u00a0prie\u0161istore besidomintiems vaikams,<br \/>\n&#8211;\u00a0ugdyti\u00a0praktinius \u012fg\u016bd\u017eius ir m\u0105stym\u0105.<\/p>\n<p>Komplekt\u0101 ietilpst:<\/p>\n<p>&#8211; fosilija su mamuto skeletu,<br \/>\n&#8211; plaktukas,<br \/>\n&#8211; kaltas,<br \/>\n&#8211; valymo \u0161epet\u0117lis.<\/p>\n<p>\u017daislas vysto:<\/p>\n<p>&#8211; \u017einios apie dinozaurus ir Juros periodo istorij\u0105,<br \/>\n&#8211; praktiniai \u012fg\u016bd\u017eiai,<br \/>\n&#8211; analitinis m\u0105stymas,<br \/>\n&#8211; dom\u0117jimasis mokslu;<br \/>\n&#8211; lyt\u0117jimo poj\u016btis,<br \/>\n&#8211; kantryb\u0117 ir susikaupimas.<\/p>","protected":false},"excerpt":{"rendered":"<p>K\u016brybinis dinozaur\u0173 skeleto rinkinys<\/p>","protected":false},"featured_media":60035,"template":"","meta":{"_acf_changed":false,"_glsr_average":0,"_glsr_ranking":0,"_glsr_reviews":0},"product_brand":[],"product_cat":[388,72,229],"product_tag":[],"class_list":{"0":"post-69748","1":"product","2":"type-product","3":"status-publish","4":"has-post-thumbnail","6":"product_cat-edukaciniai-lavinamieji-zaislai","7":"product_cat-ispardavimas","8":"product_cat-zaislai-vaikams","9":"\"style=\"background-color: #2ecc711c;\"","11":"first","12":"instock","13":"sale","14":"purchasable","15":"product-type-simple"},"acf":[],"yoast_head":"<!-- This site is optimized with the Yoast SEO plugin v27.3 - https:\/\/yoast.com\/product\/yoast-seo-wordpress\/ -->\n<title>K\u016brybinis dinozaur\u0173 skeleto rinkinys<\/title>\n<meta name=\"description\" content=\"K\u016brybinis dinozaur\u0173 skeleto rinkinys\" \/>\n<meta name=\"robots\" content=\"index, follow, max-snippet:-1, max-image-preview:large, max-video-preview:-1\" \/>\n<link rel=\"canonical\" href=\"https:\/\/kidsplay.lt\/lv\/products\/kurybinis-dinozauru-skeleto-rinkinys-2\/\" \/>\n<meta property=\"og:locale\" content=\"lv_LV\" \/>\n<meta property=\"og:type\" content=\"article\" \/>\n<meta property=\"og:title\" content=\"K\u016brybinis dinozaur\u0173 skeleto rinkinys\" \/>\n<meta property=\"og:description\" content=\"K\u016brybinis dinozaur\u0173 skeleto rinkinys\" \/>\n<meta property=\"og:url\" content=\"https:\/\/kidsplay.lt\/lv\/products\/kurybinis-dinozauru-skeleto-rinkinys-2\/\" \/>\n<meta property=\"og:site_name\" content=\"KidsPlay\" \/>\n<meta property=\"article:publisher\" content=\"https:\/\/www.facebook.com\/www.kidsplay.lt\" \/>\n<meta property=\"article:modified_time\" content=\"2026-04-11T10:58:46+00:00\" \/>\n<meta property=\"og:image\" content=\"https:\/\/kidsplay.lt\/wp-content\/uploads\/2024\/12\/Kurybinis-dinozauru-skeleto-rinkinys.jpg\" \/>\n\t<meta property=\"og:image:width\" content=\"800\" \/>\n\t<meta property=\"og:image:height\" content=\"800\" \/>\n\t<meta property=\"og:image:type\" content=\"image\/png\" \/>\n<meta name=\"twitter:card\" content=\"summary_large_image\" \/>\n<meta name=\"twitter:label1\" content=\"Est. reading time\" \/>\n\t<meta name=\"twitter:data1\" content=\"1 min\u016bte\" \/>\n<script type=\"application\/ld+json\" class=\"yoast-schema-graph\">{\"@context\":\"https:\\\/\\\/schema.org\",\"@graph\":[{\"@type\":\"WebPage\",\"@id\":\"https:\\\/\\\/kidsplay.lt\\\/produktas\\\/kurybinis-dinozauru-skeleto-rinkinys-2\\\/\",\"url\":\"https:\\\/\\\/kidsplay.lt\\\/produktas\\\/kurybinis-dinozauru-skeleto-rinkinys-2\\\/\",\"name\":\"K\u016brybinis dinozaur\u0173 skeleto rinkinys\",\"isPartOf\":{\"@id\":\"https:\\\/\\\/kidsplay.lt\\\/#website\"},\"primaryImageOfPage\":{\"@id\":\"https:\\\/\\\/kidsplay.lt\\\/produktas\\\/kurybinis-dinozauru-skeleto-rinkinys-2\\\/#primaryimage\"},\"image\":{\"@id\":\"https:\\\/\\\/kidsplay.lt\\\/produktas\\\/kurybinis-dinozauru-skeleto-rinkinys-2\\\/#primaryimage\"},\"thumbnailUrl\":\"https:\\\/\\\/kidsplay.lt\\\/wp-content\\\/uploads\\\/2024\\\/12\\\/Kurybinis-dinozauru-skeleto-rinkinys.jpg\",\"datePublished\":\"2025-10-02T10:30:42+00:00\",\"dateModified\":\"2026-04-11T10:58:46+00:00\",\"description\":\"K\u016brybinis dinozaur\u0173 skeleto rinkinys\",\"breadcrumb\":{\"@id\":\"https:\\\/\\\/kidsplay.lt\\\/produktas\\\/kurybinis-dinozauru-skeleto-rinkinys-2\\\/#breadcrumb\"},\"inLanguage\":\"lv-LV\",\"potentialAction\":[{\"@type\":\"ReadAction\",\"target\":[\"https:\\\/\\\/kidsplay.lt\\\/produktas\\\/kurybinis-dinozauru-skeleto-rinkinys-2\\\/\"]}]},{\"@type\":\"ImageObject\",\"inLanguage\":\"lv-LV\",\"@id\":\"https:\\\/\\\/kidsplay.lt\\\/produktas\\\/kurybinis-dinozauru-skeleto-rinkinys-2\\\/#primaryimage\",\"url\":\"https:\\\/\\\/kidsplay.lt\\\/wp-content\\\/uploads\\\/2024\\\/12\\\/Kurybinis-dinozauru-skeleto-rinkinys.jpg\",\"contentUrl\":\"https:\\\/\\\/kidsplay.lt\\\/wp-content\\\/uploads\\\/2024\\\/12\\\/Kurybinis-dinozauru-skeleto-rinkinys.jpg\",\"width\":2560,\"height\":2560,\"caption\":\"K\u016brybinis dinozaur\u0173 skeleto rinkinys\"},{\"@type\":\"BreadcrumbList\",\"@id\":\"https:\\\/\\\/kidsplay.lt\\\/produktas\\\/kurybinis-dinozauru-skeleto-rinkinys-2\\\/#breadcrumb\",\"itemListElement\":[{\"@type\":\"ListItem\",\"position\":1,\"name\":\"Pagrindinis\",\"item\":\"https:\\\/\\\/kidsplay.lt\\\/\"},{\"@type\":\"ListItem\",\"position\":2,\"name\":\"Parduotuv\u0117\",\"item\":\"https:\\\/\\\/kidsplay.lt\\\/parduotuve\\\/\"},{\"@type\":\"ListItem\",\"position\":3,\"name\":\"K\u016brybinis dinozaur\u0173 skeleto rinkinys\"}]},{\"@type\":\"WebSite\",\"@id\":\"https:\\\/\\\/kidsplay.lt\\\/#website\",\"url\":\"https:\\\/\\\/kidsplay.lt\\\/\",\"name\":\"Kidsplay.lt\",\"description\":\"\u012evairios prek\u0117s vaikams\",\"publisher\":{\"@id\":\"https:\\\/\\\/kidsplay.lt\\\/#organization\"},\"alternateName\":\"Kidsplay\",\"potentialAction\":[{\"@type\":\"SearchAction\",\"target\":{\"@type\":\"EntryPoint\",\"urlTemplate\":\"https:\\\/\\\/kidsplay.lt\\\/?s={search_term_string}\"},\"query-input\":{\"@type\":\"PropertyValueSpecification\",\"valueRequired\":true,\"valueName\":\"search_term_string\"}}],\"inLanguage\":\"lv-LV\"},{\"@type\":\"Organization\",\"@id\":\"https:\\\/\\\/kidsplay.lt\\\/#organization\",\"name\":\"KidsPlay\",\"url\":\"https:\\\/\\\/kidsplay.lt\\\/\",\"logo\":{\"@type\":\"ImageObject\",\"inLanguage\":\"lv-LV\",\"@id\":\"https:\\\/\\\/kidsplay.lt\\\/#\\\/schema\\\/logo\\\/image\\\/\",\"url\":\"https:\\\/\\\/kidsplay.lt\\\/wp-content\\\/uploads\\\/2023\\\/07\\\/kidsplay-logo.png\",\"contentUrl\":\"https:\\\/\\\/kidsplay.lt\\\/wp-content\\\/uploads\\\/2023\\\/07\\\/kidsplay-logo.png\",\"width\":451,\"height\":98,\"caption\":\"KidsPlay\"},\"image\":{\"@id\":\"https:\\\/\\\/kidsplay.lt\\\/#\\\/schema\\\/logo\\\/image\\\/\"},\"sameAs\":[\"https:\\\/\\\/www.facebook.com\\\/www.kidsplay.lt\"]}]}<\/script>\n<!-- \/ Yoast SEO plugin. -->","yoast_head_json":{"title":"K\u016brybinis dinozaur\u0173 skeleto rinkinys","description":"K\u016brybinis dinozaur\u0173 skeleto rinkinys","robots":{"index":"index","follow":"follow","max-snippet":"max-snippet:-1","max-image-preview":"max-image-preview:large","max-video-preview":"max-video-preview:-1"},"canonical":"https:\/\/kidsplay.lt\/lv\/products\/kurybinis-dinozauru-skeleto-rinkinys-2\/","og_locale":"lv_LV","og_type":"article","og_title":"K\u016brybinis dinozaur\u0173 skeleto rinkinys","og_description":"K\u016brybinis dinozaur\u0173 skeleto rinkinys","og_url":"https:\/\/kidsplay.lt\/lv\/products\/kurybinis-dinozauru-skeleto-rinkinys-2\/","og_site_name":"KidsPlay","article_publisher":"https:\/\/www.facebook.com\/www.kidsplay.lt","article_modified_time":"2026-04-11T10:58:46+00:00","og_image":[{"url":"https:\/\/kidsplay.lt\/wp-content\/uploads\/2024\/12\/Kurybinis-dinozauru-skeleto-rinkinys.jpg","width":800,"height":800,"type":"image\/png"}],"twitter_card":"summary_large_image","twitter_misc":{"Est. reading time":"1 min\u016bte"},"schema":{"@context":"https:\/\/schema.org","@graph":[{"@type":"WebPage","@id":"https:\/\/kidsplay.lt\/produktas\/kurybinis-dinozauru-skeleto-rinkinys-2\/","url":"https:\/\/kidsplay.lt\/produktas\/kurybinis-dinozauru-skeleto-rinkinys-2\/","name":"K\u016brybinis dinozaur\u0173 skeleto rinkinys","isPartOf":{"@id":"https:\/\/kidsplay.lt\/#website"},"primaryImageOfPage":{"@id":"https:\/\/kidsplay.lt\/produktas\/kurybinis-dinozauru-skeleto-rinkinys-2\/#primaryimage"},"image":{"@id":"https:\/\/kidsplay.lt\/produktas\/kurybinis-dinozauru-skeleto-rinkinys-2\/#primaryimage"},"thumbnailUrl":"https:\/\/kidsplay.lt\/wp-content\/uploads\/2024\/12\/Kurybinis-dinozauru-skeleto-rinkinys.jpg","datePublished":"2025-10-02T10:30:42+00:00","dateModified":"2026-04-11T10:58:46+00:00","description":"K\u016brybinis dinozaur\u0173 skeleto rinkinys","breadcrumb":{"@id":"https:\/\/kidsplay.lt\/produktas\/kurybinis-dinozauru-skeleto-rinkinys-2\/#breadcrumb"},"inLanguage":"lv-LV","potentialAction":[{"@type":"ReadAction","target":["https:\/\/kidsplay.lt\/produktas\/kurybinis-dinozauru-skeleto-rinkinys-2\/"]}]},{"@type":"ImageObject","inLanguage":"lv-LV","@id":"https:\/\/kidsplay.lt\/produktas\/kurybinis-dinozauru-skeleto-rinkinys-2\/#primaryimage","url":"https:\/\/kidsplay.lt\/wp-content\/uploads\/2024\/12\/Kurybinis-dinozauru-skeleto-rinkinys.jpg","contentUrl":"https:\/\/kidsplay.lt\/wp-content\/uploads\/2024\/12\/Kurybinis-dinozauru-skeleto-rinkinys.jpg","width":2560,"height":2560,"caption":"K\u016brybinis dinozaur\u0173 skeleto rinkinys"},{"@type":"BreadcrumbList","@id":"https:\/\/kidsplay.lt\/produktas\/kurybinis-dinozauru-skeleto-rinkinys-2\/#breadcrumb","itemListElement":[{"@type":"ListItem","position":1,"name":"Pagrindinis","item":"https:\/\/kidsplay.lt\/"},{"@type":"ListItem","position":2,"name":"Parduotuv\u0117","item":"https:\/\/kidsplay.lt\/parduotuve\/"},{"@type":"ListItem","position":3,"name":"K\u016brybinis dinozaur\u0173 skeleto rinkinys"}]},{"@type":"WebSite","@id":"https:\/\/kidsplay.lt\/#website","url":"https:\/\/kidsplay.lt\/","name":"B\u0113rnu sp\u0113les.lv","description":"\u012evairios prek\u0117s vaikams","publisher":{"@id":"https:\/\/kidsplay.lt\/#organization"},"alternateName":"Kidsplay","potentialAction":[{"@type":"SearchAction","target":{"@type":"EntryPoint","urlTemplate":"https:\/\/kidsplay.lt\/?s={search_term_string}"},"query-input":{"@type":"PropertyValueSpecification","valueRequired":true,"valueName":"search_term_string"}}],"inLanguage":"lv-LV"},{"@type":"Organization","@id":"https:\/\/kidsplay.lt\/#organization","name":"B\u0113rnu sp\u0113le","url":"https:\/\/kidsplay.lt\/","logo":{"@type":"ImageObject","inLanguage":"lv-LV","@id":"https:\/\/kidsplay.lt\/#\/schema\/logo\/image\/","url":"https:\/\/kidsplay.lt\/wp-content\/uploads\/2023\/07\/kidsplay-logo.png","contentUrl":"https:\/\/kidsplay.lt\/wp-content\/uploads\/2023\/07\/kidsplay-logo.png","width":451,"height":98,"caption":"KidsPlay"},"image":{"@id":"https:\/\/kidsplay.lt\/#\/schema\/logo\/image\/"},"sameAs":["https:\/\/www.facebook.com\/www.kidsplay.lt"]}]}},"_links":{"self":[{"href":"https:\/\/kidsplay.lt\/lv\/wp-json\/wp\/v2\/product\/69748","targetHints":{"allow":["GET"]}}],"collection":[{"href":"https:\/\/kidsplay.lt\/lv\/wp-json\/wp\/v2\/product"}],"about":[{"href":"https:\/\/kidsplay.lt\/lv\/wp-json\/wp\/v2\/types\/product"}],"version-history":[{"count":3,"href":"https:\/\/kidsplay.lt\/lv\/wp-json\/wp\/v2\/product\/69748\/revisions"}],"predecessor-version":[{"id":80964,"href":"https:\/\/kidsplay.lt\/lv\/wp-json\/wp\/v2\/product\/69748\/revisions\/80964"}],"wp:featuredmedia":[{"embeddable":true,"href":"https:\/\/kidsplay.lt\/lv\/wp-json\/wp\/v2\/media\/60035"}],"wp:attachment":[{"href":"https:\/\/kidsplay.lt\/lv\/wp-json\/wp\/v2\/media?parent=69748"}],"wp:term":[{"taxonomy":"product_brand","embeddable":true,"href":"https:\/\/kidsplay.lt\/lv\/wp-json\/wp\/v2\/product_brand?post=69748"},{"taxonomy":"product_cat","embeddable":true,"href":"https:\/\/kidsplay.lt\/lv\/wp-json\/wp\/v2\/product_cat?post=69748"},{"taxonomy":"product_tag","embeddable":true,"href":"https:\/\/kidsplay.lt\/lv\/wp-json\/wp\/v2\/product_tag?post=69748"}],"curies":[{"name":"wp","href":"https:\/\/api.w.org\/{rel}","templated":true}]}}