{"id":69756,"date":"2025-10-02T13:31:01","date_gmt":"2025-10-02T10:31:01","guid":{"rendered":"https:\/\/kidsplay.lt\/produktas\/rolly-toys-rollydigger-john-deere-ekskavatorius-su-vaziavimo-lazda-2\/"},"modified":"2026-04-07T10:31:54","modified_gmt":"2026-04-07T07:31:54","slug":"rolly-toys-rollydigger-john-deere-ekskavatorius-su-vaziavimo-lazda-2","status":"publish","type":"product","link":"https:\/\/kidsplay.lt\/lv\/products\/rolly-toys-rollydigger-john-deere-ekskavatorius-su-vaziavimo-lazda-2\/","title":{"rendered":"Rolly Toys RollyDigger John Deere ekskavatorius su va\u017eiavimo lazda"},"content":{"rendered":"<p>\u201eJohn\u00a0Deere RollyDigger\u201c\u00a0yra auk\u0161tos kokyb\u0117s \u017eaislas, specialiai sukurtas vaikams nuo 3 met\u0173 am\u017eiaus<br \/>\n. Ekskavatori\u0173 lengva valdyti \u2013 jis puikiai tinka\u00a0sodui ar papl\u016bdimiui\u00a0. Su \u0161iuo pilnai funkcionaliu \u017eaislu ma\u017eieji in\u017einieriai gali kurti savo statybvietes ir leisti savo vaizduotei lietis laisvai. Ekskavatorius turi \u012fsp\u016bding\u0105\u00a0360\u00b0 sukimosi\u00a0funkcij\u0105 , leid\u017eian\u010di\u0105 vaikams judinti pakrovimo svirt\u012f visomis kryptimis. Tai leid\u017eia jiems lengvai surinkti sm\u0117l\u012f, akmenis ar kitas med\u017eiagas ir transportuoti jas \u012f kit\u0105 viet\u0105. Ypatinga ekskavatoriaus savyb\u0117 yra automatinis pakrovimo svirties u\u017esifiksavimas.\u00a0Surinkus med\u017eiag\u0105, svirtis automati\u0161kai u\u017esifiksuoja\u00a0, u\u017etikrindama\u00a0saug\u0173 transportavim\u0105\u00a0. Tai suteikia vaikams tikrovi\u0161k\u0105 \u017eaidimo patirt\u012f ir lavina j\u0173 motorinius \u012fg\u016bd\u017eius. Ry\u0161kios spalvos ir autenti\u0161kas dizainas paver\u010dia \u201eJohn Deere RollyDigger\u201c tikru aki\u0173 traukos objektu.<br \/>\nNesvarbu, ar esate\u00a0sm\u0117lio d\u0117\u017e\u0117je\u00a0,\u00a0sode\u00a0, ar\u00a0\u017eaidim\u0173 kambaryje\u00a0\u2013 \u0161is ekskavatorius suteiks valand\u0173 valandas pramog\u0173 ir leis ma\u017eiesiems statybininkams patirti puiki\u0173 nuotyki\u0173.<\/p>\n<p>SAVYB\u0116S:<\/p>\n<p>\u2013 Tinka vaikams\u00a0nuo 3 met\u0173<br \/>\n\u2013 John Deere licencijos<br \/>\n\u2013 Automatinis rankos fiksavimas \u2013 u\u017etikrina saug\u0173 \u017eaidim\u0105 j\u016bs\u0173 ma\u017eyliui<br \/>\n\u2013\u00a0Funkcin\u0117\u00a0ekskavatoriaus str\u0117l\u0117, sukasi 360 laipsni\u0173 kampu aplink vertikali\u0105 a\u0161\u012f<br \/>\n\u2013 Keliamoji galia iki ma\u017edaug 50 kg<br \/>\n\u2013 I\u0161vaizda primena autenti\u0161kas transporto priemones<br \/>\n\u2013\u00a0Elementus galima derinti\u00a0ir papildyti, sukuriant nuostabi\u0105 kolekcij\u0105, kuri d\u017eiugins ma\u017euosius vartotojus<\/p>","protected":false},"excerpt":{"rendered":"<p>Rolly Toys RollyDigger John Deere ekskavatorius su va\u017eiavimo lazda<\/p>","protected":false},"featured_media":56647,"template":"","meta":{"_acf_changed":false,"_glsr_average":0,"_glsr_ranking":0,"_glsr_reviews":0},"product_brand":[],"product_cat":[237,393],"product_tag":[],"class_list":{"0":"post-69756","1":"product","2":"type-product","3":"status-publish","4":"has-post-thumbnail","6":"product_cat-judejimo-priemones","7":"product_cat-zaisliniai-traktoriai","8":"\"style=\"background-color: #2ecc711c;\"","10":"first","11":"instock","12":"purchasable","13":"product-type-simple"},"acf":[],"yoast_head":"<!-- This site is optimized with the Yoast SEO plugin v27.3 - https:\/\/yoast.com\/product\/yoast-seo-wordpress\/ -->\n<title>Rolly Toys RollyDigger John Deere ekskavatorius su va\u017eiavimo lazda<\/title>\n<meta name=\"description\" content=\"Rolly Toys RollyDigger John Deere ekskavatorius su va\u017eiavimo lazda\" \/>\n<meta name=\"robots\" content=\"index, follow, max-snippet:-1, max-image-preview:large, max-video-preview:-1\" \/>\n<link rel=\"canonical\" href=\"https:\/\/kidsplay.lt\/lv\/products\/rolly-toys-rollydigger-john-deere-ekskavatorius-su-vaziavimo-lazda-2\/\" \/>\n<meta property=\"og:locale\" content=\"lv_LV\" \/>\n<meta property=\"og:type\" content=\"article\" \/>\n<meta property=\"og:title\" content=\"Rolly Toys RollyDigger John Deere ekskavatorius su va\u017eiavimo lazda\" \/>\n<meta property=\"og:description\" content=\"Rolly Toys RollyDigger John Deere ekskavatorius su va\u017eiavimo lazda\" \/>\n<meta property=\"og:url\" content=\"https:\/\/kidsplay.lt\/lv\/products\/rolly-toys-rollydigger-john-deere-ekskavatorius-su-vaziavimo-lazda-2\/\" \/>\n<meta property=\"og:site_name\" content=\"KidsPlay\" \/>\n<meta property=\"article:publisher\" content=\"https:\/\/www.facebook.com\/www.kidsplay.lt\" \/>\n<meta property=\"article:modified_time\" content=\"2026-04-07T07:31:54+00:00\" \/>\n<meta property=\"og:image\" content=\"https:\/\/kidsplay.lt\/wp-content\/uploads\/2024\/09\/Savaeigis-ekskavatorius-zalias.jpg\" \/>\n\t<meta property=\"og:image:width\" content=\"2560\" \/>\n\t<meta property=\"og:image:height\" content=\"2560\" \/>\n\t<meta property=\"og:image:type\" content=\"image\/jpeg\" \/>\n<meta name=\"twitter:card\" content=\"summary_large_image\" \/>\n<meta name=\"twitter:label1\" content=\"Est. reading time\" \/>\n\t<meta name=\"twitter:data1\" content=\"1 min\u016bte\" \/>\n<script type=\"application\/ld+json\" class=\"yoast-schema-graph\">{\"@context\":\"https:\\\/\\\/schema.org\",\"@graph\":[{\"@type\":\"WebPage\",\"@id\":\"https:\\\/\\\/kidsplay.lt\\\/produktas\\\/rolly-toys-rollydigger-john-deere-ekskavatorius-su-vaziavimo-lazda-2\\\/\",\"url\":\"https:\\\/\\\/kidsplay.lt\\\/produktas\\\/rolly-toys-rollydigger-john-deere-ekskavatorius-su-vaziavimo-lazda-2\\\/\",\"name\":\"Rolly Toys RollyDigger John Deere ekskavatorius su va\u017eiavimo lazda\",\"isPartOf\":{\"@id\":\"https:\\\/\\\/kidsplay.lt\\\/#website\"},\"primaryImageOfPage\":{\"@id\":\"https:\\\/\\\/kidsplay.lt\\\/produktas\\\/rolly-toys-rollydigger-john-deere-ekskavatorius-su-vaziavimo-lazda-2\\\/#primaryimage\"},\"image\":{\"@id\":\"https:\\\/\\\/kidsplay.lt\\\/produktas\\\/rolly-toys-rollydigger-john-deere-ekskavatorius-su-vaziavimo-lazda-2\\\/#primaryimage\"},\"thumbnailUrl\":\"https:\\\/\\\/kidsplay.lt\\\/wp-content\\\/uploads\\\/2024\\\/09\\\/Savaeigis-ekskavatorius-zalias.jpg\",\"datePublished\":\"2025-10-02T10:31:01+00:00\",\"dateModified\":\"2026-04-07T07:31:54+00:00\",\"description\":\"Rolly Toys RollyDigger John Deere ekskavatorius su va\u017eiavimo lazda\",\"breadcrumb\":{\"@id\":\"https:\\\/\\\/kidsplay.lt\\\/produktas\\\/rolly-toys-rollydigger-john-deere-ekskavatorius-su-vaziavimo-lazda-2\\\/#breadcrumb\"},\"inLanguage\":\"lv-LV\",\"potentialAction\":[{\"@type\":\"ReadAction\",\"target\":[\"https:\\\/\\\/kidsplay.lt\\\/produktas\\\/rolly-toys-rollydigger-john-deere-ekskavatorius-su-vaziavimo-lazda-2\\\/\"]}]},{\"@type\":\"ImageObject\",\"inLanguage\":\"lv-LV\",\"@id\":\"https:\\\/\\\/kidsplay.lt\\\/produktas\\\/rolly-toys-rollydigger-john-deere-ekskavatorius-su-vaziavimo-lazda-2\\\/#primaryimage\",\"url\":\"https:\\\/\\\/kidsplay.lt\\\/wp-content\\\/uploads\\\/2024\\\/09\\\/Savaeigis-ekskavatorius-zalias.jpg\",\"contentUrl\":\"https:\\\/\\\/kidsplay.lt\\\/wp-content\\\/uploads\\\/2024\\\/09\\\/Savaeigis-ekskavatorius-zalias.jpg\",\"width\":2560,\"height\":2560,\"caption\":\"Rolly Toys RollyDigger John Deere ekskavatorius su va\u017eiavimo lazda\"},{\"@type\":\"BreadcrumbList\",\"@id\":\"https:\\\/\\\/kidsplay.lt\\\/produktas\\\/rolly-toys-rollydigger-john-deere-ekskavatorius-su-vaziavimo-lazda-2\\\/#breadcrumb\",\"itemListElement\":[{\"@type\":\"ListItem\",\"position\":1,\"name\":\"Pagrindinis\",\"item\":\"https:\\\/\\\/kidsplay.lt\\\/\"},{\"@type\":\"ListItem\",\"position\":2,\"name\":\"Parduotuv\u0117\",\"item\":\"https:\\\/\\\/kidsplay.lt\\\/parduotuve\\\/\"},{\"@type\":\"ListItem\",\"position\":3,\"name\":\"Rolly Toys RollyDigger John Deere ekskavatorius su va\u017eiavimo lazda\"}]},{\"@type\":\"WebSite\",\"@id\":\"https:\\\/\\\/kidsplay.lt\\\/#website\",\"url\":\"https:\\\/\\\/kidsplay.lt\\\/\",\"name\":\"Kidsplay.lt\",\"description\":\"\u012evairios prek\u0117s vaikams\",\"publisher\":{\"@id\":\"https:\\\/\\\/kidsplay.lt\\\/#organization\"},\"alternateName\":\"Kidsplay\",\"potentialAction\":[{\"@type\":\"SearchAction\",\"target\":{\"@type\":\"EntryPoint\",\"urlTemplate\":\"https:\\\/\\\/kidsplay.lt\\\/?s={search_term_string}\"},\"query-input\":{\"@type\":\"PropertyValueSpecification\",\"valueRequired\":true,\"valueName\":\"search_term_string\"}}],\"inLanguage\":\"lv-LV\"},{\"@type\":\"Organization\",\"@id\":\"https:\\\/\\\/kidsplay.lt\\\/#organization\",\"name\":\"KidsPlay\",\"url\":\"https:\\\/\\\/kidsplay.lt\\\/\",\"logo\":{\"@type\":\"ImageObject\",\"inLanguage\":\"lv-LV\",\"@id\":\"https:\\\/\\\/kidsplay.lt\\\/#\\\/schema\\\/logo\\\/image\\\/\",\"url\":\"https:\\\/\\\/kidsplay.lt\\\/wp-content\\\/uploads\\\/2023\\\/07\\\/kidsplay-logo.png\",\"contentUrl\":\"https:\\\/\\\/kidsplay.lt\\\/wp-content\\\/uploads\\\/2023\\\/07\\\/kidsplay-logo.png\",\"width\":451,\"height\":98,\"caption\":\"KidsPlay\"},\"image\":{\"@id\":\"https:\\\/\\\/kidsplay.lt\\\/#\\\/schema\\\/logo\\\/image\\\/\"},\"sameAs\":[\"https:\\\/\\\/www.facebook.com\\\/www.kidsplay.lt\"]}]}<\/script>\n<!-- \/ Yoast SEO plugin. -->","yoast_head_json":{"title":"Rolly Toys RollyDigger John Deere ekskavatorius su va\u017eiavimo lazda","description":"Rolly Toys RollyDigger John Deere ekskavatorius su va\u017eiavimo lazda","robots":{"index":"index","follow":"follow","max-snippet":"max-snippet:-1","max-image-preview":"max-image-preview:large","max-video-preview":"max-video-preview:-1"},"canonical":"https:\/\/kidsplay.lt\/lv\/products\/rolly-toys-rollydigger-john-deere-ekskavatorius-su-vaziavimo-lazda-2\/","og_locale":"lv_LV","og_type":"article","og_title":"Rolly Toys RollyDigger John Deere ekskavatorius su va\u017eiavimo lazda","og_description":"Rolly Toys RollyDigger John Deere ekskavatorius su va\u017eiavimo lazda","og_url":"https:\/\/kidsplay.lt\/lv\/products\/rolly-toys-rollydigger-john-deere-ekskavatorius-su-vaziavimo-lazda-2\/","og_site_name":"KidsPlay","article_publisher":"https:\/\/www.facebook.com\/www.kidsplay.lt","article_modified_time":"2026-04-07T07:31:54+00:00","og_image":[{"width":2560,"height":2560,"url":"https:\/\/kidsplay.lt\/wp-content\/uploads\/2024\/09\/Savaeigis-ekskavatorius-zalias.jpg","type":"image\/jpeg"}],"twitter_card":"summary_large_image","twitter_misc":{"Est. reading time":"1 min\u016bte"},"schema":{"@context":"https:\/\/schema.org","@graph":[{"@type":"WebPage","@id":"https:\/\/kidsplay.lt\/produktas\/rolly-toys-rollydigger-john-deere-ekskavatorius-su-vaziavimo-lazda-2\/","url":"https:\/\/kidsplay.lt\/produktas\/rolly-toys-rollydigger-john-deere-ekskavatorius-su-vaziavimo-lazda-2\/","name":"Rolly Toys RollyDigger John Deere ekskavatorius su va\u017eiavimo lazda","isPartOf":{"@id":"https:\/\/kidsplay.lt\/#website"},"primaryImageOfPage":{"@id":"https:\/\/kidsplay.lt\/produktas\/rolly-toys-rollydigger-john-deere-ekskavatorius-su-vaziavimo-lazda-2\/#primaryimage"},"image":{"@id":"https:\/\/kidsplay.lt\/produktas\/rolly-toys-rollydigger-john-deere-ekskavatorius-su-vaziavimo-lazda-2\/#primaryimage"},"thumbnailUrl":"https:\/\/kidsplay.lt\/wp-content\/uploads\/2024\/09\/Savaeigis-ekskavatorius-zalias.jpg","datePublished":"2025-10-02T10:31:01+00:00","dateModified":"2026-04-07T07:31:54+00:00","description":"Rolly Toys RollyDigger John Deere ekskavatorius su va\u017eiavimo lazda","breadcrumb":{"@id":"https:\/\/kidsplay.lt\/produktas\/rolly-toys-rollydigger-john-deere-ekskavatorius-su-vaziavimo-lazda-2\/#breadcrumb"},"inLanguage":"lv-LV","potentialAction":[{"@type":"ReadAction","target":["https:\/\/kidsplay.lt\/produktas\/rolly-toys-rollydigger-john-deere-ekskavatorius-su-vaziavimo-lazda-2\/"]}]},{"@type":"ImageObject","inLanguage":"lv-LV","@id":"https:\/\/kidsplay.lt\/produktas\/rolly-toys-rollydigger-john-deere-ekskavatorius-su-vaziavimo-lazda-2\/#primaryimage","url":"https:\/\/kidsplay.lt\/wp-content\/uploads\/2024\/09\/Savaeigis-ekskavatorius-zalias.jpg","contentUrl":"https:\/\/kidsplay.lt\/wp-content\/uploads\/2024\/09\/Savaeigis-ekskavatorius-zalias.jpg","width":2560,"height":2560,"caption":"Rolly Toys RollyDigger John Deere ekskavatorius su va\u017eiavimo lazda"},{"@type":"BreadcrumbList","@id":"https:\/\/kidsplay.lt\/produktas\/rolly-toys-rollydigger-john-deere-ekskavatorius-su-vaziavimo-lazda-2\/#breadcrumb","itemListElement":[{"@type":"ListItem","position":1,"name":"Pagrindinis","item":"https:\/\/kidsplay.lt\/"},{"@type":"ListItem","position":2,"name":"Parduotuv\u0117","item":"https:\/\/kidsplay.lt\/parduotuve\/"},{"@type":"ListItem","position":3,"name":"Rolly Toys RollyDigger John Deere ekskavatorius su va\u017eiavimo lazda"}]},{"@type":"WebSite","@id":"https:\/\/kidsplay.lt\/#website","url":"https:\/\/kidsplay.lt\/","name":"B\u0113rnu sp\u0113les.lv","description":"\u012evairios prek\u0117s vaikams","publisher":{"@id":"https:\/\/kidsplay.lt\/#organization"},"alternateName":"Kidsplay","potentialAction":[{"@type":"SearchAction","target":{"@type":"EntryPoint","urlTemplate":"https:\/\/kidsplay.lt\/?s={search_term_string}"},"query-input":{"@type":"PropertyValueSpecification","valueRequired":true,"valueName":"search_term_string"}}],"inLanguage":"lv-LV"},{"@type":"Organization","@id":"https:\/\/kidsplay.lt\/#organization","name":"B\u0113rnu sp\u0113le","url":"https:\/\/kidsplay.lt\/","logo":{"@type":"ImageObject","inLanguage":"lv-LV","@id":"https:\/\/kidsplay.lt\/#\/schema\/logo\/image\/","url":"https:\/\/kidsplay.lt\/wp-content\/uploads\/2023\/07\/kidsplay-logo.png","contentUrl":"https:\/\/kidsplay.lt\/wp-content\/uploads\/2023\/07\/kidsplay-logo.png","width":451,"height":98,"caption":"KidsPlay"},"image":{"@id":"https:\/\/kidsplay.lt\/#\/schema\/logo\/image\/"},"sameAs":["https:\/\/www.facebook.com\/www.kidsplay.lt"]}]}},"_links":{"self":[{"href":"https:\/\/kidsplay.lt\/lv\/wp-json\/wp\/v2\/product\/69756","targetHints":{"allow":["GET"]}}],"collection":[{"href":"https:\/\/kidsplay.lt\/lv\/wp-json\/wp\/v2\/product"}],"about":[{"href":"https:\/\/kidsplay.lt\/lv\/wp-json\/wp\/v2\/types\/product"}],"version-history":[{"count":2,"href":"https:\/\/kidsplay.lt\/lv\/wp-json\/wp\/v2\/product\/69756\/revisions"}],"predecessor-version":[{"id":73472,"href":"https:\/\/kidsplay.lt\/lv\/wp-json\/wp\/v2\/product\/69756\/revisions\/73472"}],"wp:featuredmedia":[{"embeddable":true,"href":"https:\/\/kidsplay.lt\/lv\/wp-json\/wp\/v2\/media\/56647"}],"wp:attachment":[{"href":"https:\/\/kidsplay.lt\/lv\/wp-json\/wp\/v2\/media?parent=69756"}],"wp:term":[{"taxonomy":"product_brand","embeddable":true,"href":"https:\/\/kidsplay.lt\/lv\/wp-json\/wp\/v2\/product_brand?post=69756"},{"taxonomy":"product_cat","embeddable":true,"href":"https:\/\/kidsplay.lt\/lv\/wp-json\/wp\/v2\/product_cat?post=69756"},{"taxonomy":"product_tag","embeddable":true,"href":"https:\/\/kidsplay.lt\/lv\/wp-json\/wp\/v2\/product_tag?post=69756"}],"curies":[{"name":"wp","href":"https:\/\/api.w.org\/{rel}","templated":true}]}}