{"id":69758,"date":"2025-10-02T13:31:05","date_gmt":"2025-10-02T10:31:05","guid":{"rendered":"https:\/\/kidsplay.lt\/produktas\/injusa-honda-cbr-fireblade-dviracio-stumiklis-2\/"},"modified":"2026-04-13T14:53:52","modified_gmt":"2026-04-13T11:53:52","slug":"injusa-honda-cbr-fireblade-dviracio-stumiklis-2","status":"publish","type":"product","link":"https:\/\/kidsplay.lt\/lv\/products\/injusa-honda-cbr-fireblade-dviracio-stumiklis-2\/","title":{"rendered":"INJUSA Honda CBR Fireblade velosip\u0113da st\u016bm\u0113js"},"content":{"rendered":"<p>Saugus ir patvarus\u00a0\u201eHonda CBR Fireblade\u201c\u00a0motociklas\u00a0i\u0161 garsios ispan\u0173 kompanijos\u00a0\u201eINJUSA\u201c.\u00a0\u0160is tobulas\u00a0tikro lenktynininko imitavimas\u00a0\u017eavi smulkiausiomis detal\u0117mis\u00a0.\u00a0Tikslus\u00a0kiekvieno elemento apdirbimas,\u00a0\u012fklijuoti lipdukai\u00a0ir\u00a0plat\u016bs ratai\u00a0\u2013 visa tai u\u017etikrina\u00a0maksimal\u0173 komfort\u0105 ir saugum\u0105!\u00a0Puiki dovana bet kokiai progai bet kuriam vaikui nuo 3 met\u0173. \u0160is sportinis dviratis tikrai prad\u017eiugins bet kur\u012f jaun\u0105 automobili\u0173 entuziast\u0105.<\/p>\n<p>Rakstur\u012bgs:<\/p>\n<p> \t&#8211; vaikams\u00a0nuo 3 met\u0173\u00a0am\u017eiaus,<br \/>\n \t&#8211;\u00a0oficialiai licencijuota,<br \/>\n \t&#8211; plat\u016bs plastikiniai ratai &#8211; papildomas\u00a0stabilumas\u00a0judant,<br \/>\n \t&#8211;\u00a0apa\u010dioje turi ne\u0161iojimo ranken\u0105,<br \/>\n \t&#8211; modernus ir sporti\u0161kas dizainas,<br \/>\n \t&#8211;\u00a0auk\u0161tos kokyb\u0117s\u00a0med\u017eiagos,<br \/>\n \t&#8211;\u00a0ergonomi\u0161ka forma\u00a0padeda vaikams lavinti psichomotorinius \u012fg\u016bd\u017eius ir kryptingumo \u012fg\u016bd\u017eius,<br \/>\n \t&#8211;\u00a0s\u0117dyn\u0117s auk\u0161tis: 41 cm,<br \/>\n \t&#8211;\u00a0vairo auk\u0161tis: 58 cm (nuo \u017eem\u0117s).<\/p>\n<p>\u012eJUSA\u00a0\u00a0\u017eaislai yra i\u0161 \u017einomos Ispanijos \u012fmon\u0117s, veikian\u010dios rinkoje nuo 1947 m. Jie pasi\u017eymi auk\u0161ta gamybos kokybe ir ypatingu d\u0117mesiu detal\u0117ms. \u017dinoma d\u0117l toki\u0173 \u017eaisl\u0173 kaip\u00a0\u00a0elektrin\u0117s transporto priemon\u0117s\u00a0,\u00a0\u00a0dvira\u010diai, balansiniai dviratukai, trira\u010diai\u00a0ir\u00a0\u00a0\u017eaidim\u0173 nameliai\u00a0.<\/p>","protected":false},"excerpt":{"rendered":"<p>INJUSA Honda CBR Fireblade velosip\u0113da st\u016bm\u0113js<\/p>","protected":false},"featured_media":62414,"template":"","meta":{"_acf_changed":false,"_glsr_average":0,"_glsr_ranking":0,"_glsr_reviews":0},"product_brand":[],"product_cat":[240,237],"product_tag":[],"class_list":{"0":"post-69758","1":"product","2":"type-product","3":"status-publish","4":"has-post-thumbnail","6":"product_cat-balansiniai-dviratukai","7":"product_cat-judejimo-priemones","8":"\"style=\"background-color: #2ecc711c;\"","10":"first","11":"instock","12":"purchasable","13":"product-type-simple"},"acf":[],"yoast_head":"<!-- This site is optimized with the Yoast SEO plugin v27.4 - https:\/\/yoast.com\/product\/yoast-seo-wordpress\/ -->\n<title>INJUSA Honda CBR Fireblade dvira\u010dio st\u016bmiklis<\/title>\n<meta name=\"description\" content=\"INJUSA Honda CBR Fireblade dvira\u010dio st\u016bmiklis\" \/>\n<meta name=\"robots\" content=\"index, follow, max-snippet:-1, max-image-preview:large, max-video-preview:-1\" \/>\n<link rel=\"canonical\" href=\"https:\/\/kidsplay.lt\/lv\/products\/injusa-honda-cbr-fireblade-dviracio-stumiklis-2\/\" \/>\n<meta property=\"og:locale\" content=\"lv_LV\" \/>\n<meta property=\"og:type\" content=\"article\" \/>\n<meta property=\"og:title\" content=\"INJUSA Honda CBR Fireblade dvira\u010dio st\u016bmiklis\" \/>\n<meta property=\"og:description\" content=\"INJUSA Honda CBR Fireblade dvira\u010dio st\u016bmiklis\" \/>\n<meta property=\"og:url\" content=\"https:\/\/kidsplay.lt\/lv\/products\/injusa-honda-cbr-fireblade-dviracio-stumiklis-2\/\" \/>\n<meta property=\"og:site_name\" content=\"KidsPlay\" \/>\n<meta property=\"article:publisher\" content=\"https:\/\/www.facebook.com\/www.kidsplay.lt\" \/>\n<meta property=\"article:modified_time\" content=\"2026-04-13T11:53:52+00:00\" \/>\n<meta property=\"og:image\" content=\"https:\/\/kidsplay.lt\/wp-content\/uploads\/2025\/09\/INJUSA-Honda-CBR-Fireblade-dviracio-stumiklis.jpg\" \/>\n\t<meta property=\"og:image:width\" content=\"1300\" \/>\n\t<meta property=\"og:image:height\" content=\"1300\" \/>\n\t<meta property=\"og:image:type\" content=\"image\/jpeg\" \/>\n<meta name=\"twitter:card\" content=\"summary_large_image\" \/>\n<meta name=\"twitter:label1\" content=\"Est. reading time\" \/>\n\t<meta name=\"twitter:data1\" content=\"1 min\u016bte\" \/>\n<script type=\"application\/ld+json\" class=\"yoast-schema-graph\">{\"@context\":\"https:\\\/\\\/schema.org\",\"@graph\":[{\"@type\":\"WebPage\",\"@id\":\"https:\\\/\\\/kidsplay.lt\\\/produktas\\\/injusa-honda-cbr-fireblade-dviracio-stumiklis-2\\\/\",\"url\":\"https:\\\/\\\/kidsplay.lt\\\/produktas\\\/injusa-honda-cbr-fireblade-dviracio-stumiklis-2\\\/\",\"name\":\"INJUSA Honda CBR Fireblade dvira\u010dio st\u016bmiklis\",\"isPartOf\":{\"@id\":\"https:\\\/\\\/kidsplay.lt\\\/#website\"},\"primaryImageOfPage\":{\"@id\":\"https:\\\/\\\/kidsplay.lt\\\/produktas\\\/injusa-honda-cbr-fireblade-dviracio-stumiklis-2\\\/#primaryimage\"},\"image\":{\"@id\":\"https:\\\/\\\/kidsplay.lt\\\/produktas\\\/injusa-honda-cbr-fireblade-dviracio-stumiklis-2\\\/#primaryimage\"},\"thumbnailUrl\":\"https:\\\/\\\/kidsplay.lt\\\/wp-content\\\/uploads\\\/2025\\\/09\\\/INJUSA-Honda-CBR-Fireblade-dviracio-stumiklis.jpg\",\"datePublished\":\"2025-10-02T10:31:05+00:00\",\"dateModified\":\"2026-04-13T11:53:52+00:00\",\"description\":\"INJUSA Honda CBR Fireblade dvira\u010dio st\u016bmiklis\",\"breadcrumb\":{\"@id\":\"https:\\\/\\\/kidsplay.lt\\\/produktas\\\/injusa-honda-cbr-fireblade-dviracio-stumiklis-2\\\/#breadcrumb\"},\"inLanguage\":\"lv-LV\",\"potentialAction\":[{\"@type\":\"ReadAction\",\"target\":[\"https:\\\/\\\/kidsplay.lt\\\/produktas\\\/injusa-honda-cbr-fireblade-dviracio-stumiklis-2\\\/\"]}]},{\"@type\":\"ImageObject\",\"inLanguage\":\"lv-LV\",\"@id\":\"https:\\\/\\\/kidsplay.lt\\\/produktas\\\/injusa-honda-cbr-fireblade-dviracio-stumiklis-2\\\/#primaryimage\",\"url\":\"https:\\\/\\\/kidsplay.lt\\\/wp-content\\\/uploads\\\/2025\\\/09\\\/INJUSA-Honda-CBR-Fireblade-dviracio-stumiklis.jpg\",\"contentUrl\":\"https:\\\/\\\/kidsplay.lt\\\/wp-content\\\/uploads\\\/2025\\\/09\\\/INJUSA-Honda-CBR-Fireblade-dviracio-stumiklis.jpg\",\"width\":1300,\"height\":1300,\"caption\":\"INJUSA Honda CBR Fireblade dvira\u010dio st\u016bmiklis\"},{\"@type\":\"BreadcrumbList\",\"@id\":\"https:\\\/\\\/kidsplay.lt\\\/produktas\\\/injusa-honda-cbr-fireblade-dviracio-stumiklis-2\\\/#breadcrumb\",\"itemListElement\":[{\"@type\":\"ListItem\",\"position\":1,\"name\":\"Pagrindinis\",\"item\":\"https:\\\/\\\/kidsplay.lt\\\/\"},{\"@type\":\"ListItem\",\"position\":2,\"name\":\"Parduotuv\u0117\",\"item\":\"https:\\\/\\\/kidsplay.lt\\\/parduotuve\\\/\"},{\"@type\":\"ListItem\",\"position\":3,\"name\":\"INJUSA Honda CBR Fireblade dvira\u010dio st\u016bmiklis\"}]},{\"@type\":\"WebSite\",\"@id\":\"https:\\\/\\\/kidsplay.lt\\\/#website\",\"url\":\"https:\\\/\\\/kidsplay.lt\\\/\",\"name\":\"Kidsplay.lt\",\"description\":\"\u012evairios prek\u0117s vaikams\",\"publisher\":{\"@id\":\"https:\\\/\\\/kidsplay.lt\\\/#organization\"},\"alternateName\":\"Kidsplay\",\"potentialAction\":[{\"@type\":\"SearchAction\",\"target\":{\"@type\":\"EntryPoint\",\"urlTemplate\":\"https:\\\/\\\/kidsplay.lt\\\/?s={search_term_string}\"},\"query-input\":{\"@type\":\"PropertyValueSpecification\",\"valueRequired\":true,\"valueName\":\"search_term_string\"}}],\"inLanguage\":\"lv-LV\"},{\"@type\":\"Organization\",\"@id\":\"https:\\\/\\\/kidsplay.lt\\\/#organization\",\"name\":\"KidsPlay\",\"url\":\"https:\\\/\\\/kidsplay.lt\\\/\",\"logo\":{\"@type\":\"ImageObject\",\"inLanguage\":\"lv-LV\",\"@id\":\"https:\\\/\\\/kidsplay.lt\\\/#\\\/schema\\\/logo\\\/image\\\/\",\"url\":\"https:\\\/\\\/kidsplay.lt\\\/wp-content\\\/uploads\\\/2023\\\/07\\\/kidsplay-logo.png\",\"contentUrl\":\"https:\\\/\\\/kidsplay.lt\\\/wp-content\\\/uploads\\\/2023\\\/07\\\/kidsplay-logo.png\",\"width\":451,\"height\":98,\"caption\":\"KidsPlay\"},\"image\":{\"@id\":\"https:\\\/\\\/kidsplay.lt\\\/#\\\/schema\\\/logo\\\/image\\\/\"},\"sameAs\":[\"https:\\\/\\\/www.facebook.com\\\/www.kidsplay.lt\"]}]}<\/script>\n<!-- \/ Yoast SEO plugin. -->","yoast_head_json":{"title":"INJUSA Honda CBR Fireblade velosip\u0113da st\u016bm\u0113js","description":"INJUSA Honda CBR Fireblade velosip\u0113da st\u016bm\u0113js","robots":{"index":"index","follow":"follow","max-snippet":"max-snippet:-1","max-image-preview":"max-image-preview:large","max-video-preview":"max-video-preview:-1"},"canonical":"https:\/\/kidsplay.lt\/lv\/products\/injusa-honda-cbr-fireblade-dviracio-stumiklis-2\/","og_locale":"lv_LV","og_type":"article","og_title":"INJUSA Honda CBR Fireblade dvira\u010dio st\u016bmiklis","og_description":"INJUSA Honda CBR Fireblade dvira\u010dio st\u016bmiklis","og_url":"https:\/\/kidsplay.lt\/lv\/products\/injusa-honda-cbr-fireblade-dviracio-stumiklis-2\/","og_site_name":"KidsPlay","article_publisher":"https:\/\/www.facebook.com\/www.kidsplay.lt","article_modified_time":"2026-04-13T11:53:52+00:00","og_image":[{"width":1300,"height":1300,"url":"https:\/\/kidsplay.lt\/wp-content\/uploads\/2025\/09\/INJUSA-Honda-CBR-Fireblade-dviracio-stumiklis.jpg","type":"image\/jpeg"}],"twitter_card":"summary_large_image","twitter_misc":{"Est. reading time":"1 min\u016bte"},"schema":{"@context":"https:\/\/schema.org","@graph":[{"@type":"WebPage","@id":"https:\/\/kidsplay.lt\/produktas\/injusa-honda-cbr-fireblade-dviracio-stumiklis-2\/","url":"https:\/\/kidsplay.lt\/produktas\/injusa-honda-cbr-fireblade-dviracio-stumiklis-2\/","name":"INJUSA Honda CBR Fireblade velosip\u0113da st\u016bm\u0113js","isPartOf":{"@id":"https:\/\/kidsplay.lt\/#website"},"primaryImageOfPage":{"@id":"https:\/\/kidsplay.lt\/produktas\/injusa-honda-cbr-fireblade-dviracio-stumiklis-2\/#primaryimage"},"image":{"@id":"https:\/\/kidsplay.lt\/produktas\/injusa-honda-cbr-fireblade-dviracio-stumiklis-2\/#primaryimage"},"thumbnailUrl":"https:\/\/kidsplay.lt\/wp-content\/uploads\/2025\/09\/INJUSA-Honda-CBR-Fireblade-dviracio-stumiklis.jpg","datePublished":"2025-10-02T10:31:05+00:00","dateModified":"2026-04-13T11:53:52+00:00","description":"INJUSA Honda CBR Fireblade velosip\u0113da st\u016bm\u0113js","breadcrumb":{"@id":"https:\/\/kidsplay.lt\/produktas\/injusa-honda-cbr-fireblade-dviracio-stumiklis-2\/#breadcrumb"},"inLanguage":"lv-LV","potentialAction":[{"@type":"ReadAction","target":["https:\/\/kidsplay.lt\/produktas\/injusa-honda-cbr-fireblade-dviracio-stumiklis-2\/"]}]},{"@type":"ImageObject","inLanguage":"lv-LV","@id":"https:\/\/kidsplay.lt\/produktas\/injusa-honda-cbr-fireblade-dviracio-stumiklis-2\/#primaryimage","url":"https:\/\/kidsplay.lt\/wp-content\/uploads\/2025\/09\/INJUSA-Honda-CBR-Fireblade-dviracio-stumiklis.jpg","contentUrl":"https:\/\/kidsplay.lt\/wp-content\/uploads\/2025\/09\/INJUSA-Honda-CBR-Fireblade-dviracio-stumiklis.jpg","width":1300,"height":1300,"caption":"INJUSA Honda CBR Fireblade dvira\u010dio st\u016bmiklis"},{"@type":"BreadcrumbList","@id":"https:\/\/kidsplay.lt\/produktas\/injusa-honda-cbr-fireblade-dviracio-stumiklis-2\/#breadcrumb","itemListElement":[{"@type":"ListItem","position":1,"name":"Pagrindinis","item":"https:\/\/kidsplay.lt\/"},{"@type":"ListItem","position":2,"name":"Parduotuv\u0117","item":"https:\/\/kidsplay.lt\/parduotuve\/"},{"@type":"ListItem","position":3,"name":"INJUSA Honda CBR Fireblade dvira\u010dio st\u016bmiklis"}]},{"@type":"WebSite","@id":"https:\/\/kidsplay.lt\/#website","url":"https:\/\/kidsplay.lt\/","name":"B\u0113rnu sp\u0113les.lv","description":"\u012evairios prek\u0117s vaikams","publisher":{"@id":"https:\/\/kidsplay.lt\/#organization"},"alternateName":"Kidsplay","potentialAction":[{"@type":"SearchAction","target":{"@type":"EntryPoint","urlTemplate":"https:\/\/kidsplay.lt\/?s={search_term_string}"},"query-input":{"@type":"PropertyValueSpecification","valueRequired":true,"valueName":"search_term_string"}}],"inLanguage":"lv-LV"},{"@type":"Organization","@id":"https:\/\/kidsplay.lt\/#organization","name":"B\u0113rnu sp\u0113le","url":"https:\/\/kidsplay.lt\/","logo":{"@type":"ImageObject","inLanguage":"lv-LV","@id":"https:\/\/kidsplay.lt\/#\/schema\/logo\/image\/","url":"https:\/\/kidsplay.lt\/wp-content\/uploads\/2023\/07\/kidsplay-logo.png","contentUrl":"https:\/\/kidsplay.lt\/wp-content\/uploads\/2023\/07\/kidsplay-logo.png","width":451,"height":98,"caption":"KidsPlay"},"image":{"@id":"https:\/\/kidsplay.lt\/#\/schema\/logo\/image\/"},"sameAs":["https:\/\/www.facebook.com\/www.kidsplay.lt"]}]}},"_links":{"self":[{"href":"https:\/\/kidsplay.lt\/lv\/wp-json\/wp\/v2\/product\/69758","targetHints":{"allow":["GET"]}}],"collection":[{"href":"https:\/\/kidsplay.lt\/lv\/wp-json\/wp\/v2\/product"}],"about":[{"href":"https:\/\/kidsplay.lt\/lv\/wp-json\/wp\/v2\/types\/product"}],"version-history":[{"count":2,"href":"https:\/\/kidsplay.lt\/lv\/wp-json\/wp\/v2\/product\/69758\/revisions"}],"predecessor-version":[{"id":73471,"href":"https:\/\/kidsplay.lt\/lv\/wp-json\/wp\/v2\/product\/69758\/revisions\/73471"}],"wp:featuredmedia":[{"embeddable":true,"href":"https:\/\/kidsplay.lt\/lv\/wp-json\/wp\/v2\/media\/62414"}],"wp:attachment":[{"href":"https:\/\/kidsplay.lt\/lv\/wp-json\/wp\/v2\/media?parent=69758"}],"wp:term":[{"taxonomy":"product_brand","embeddable":true,"href":"https:\/\/kidsplay.lt\/lv\/wp-json\/wp\/v2\/product_brand?post=69758"},{"taxonomy":"product_cat","embeddable":true,"href":"https:\/\/kidsplay.lt\/lv\/wp-json\/wp\/v2\/product_cat?post=69758"},{"taxonomy":"product_tag","embeddable":true,"href":"https:\/\/kidsplay.lt\/lv\/wp-json\/wp\/v2\/product_tag?post=69758"}],"curies":[{"name":"wp","href":"https:\/\/api.w.org\/{rel}","templated":true}]}}