{"id":69766,"date":"2025-10-02T13:31:22","date_gmt":"2025-10-02T10:31:22","guid":{"rendered":"https:\/\/kidsplay.lt\/produktas\/woopie-iq-loginis-zaidimas-strateginiam-smegenu-lavinimui-akis-i-aki-laiko-skaiciavimams\/"},"modified":"2026-04-07T10:33:03","modified_gmt":"2026-04-07T07:33:03","slug":"woopie-iq-loginis-zaidimas-strateginiam-smegenu-lavinimui-akis-i-aki-laiko-skaiciavimams","status":"publish","type":"product","link":"https:\/\/kidsplay.lt\/lv\/products\/woopie-iq-loginis-zaidimas-strateginiam-smegenu-lavinimui-akis-i-aki-laiko-skaiciavimams\/","title":{"rendered":"WOOPIE IQ loginis \u017eaidimas strateginiam smegen\u0173 lavinimui \u201eAkis \u012f ak\u012f\u201c laiko skai\u010diavimams"},"content":{"rendered":"<p>U\u017edekite savo smegenis su\u00a0WOOPIE\u00a0loginiu \u017eaidimu \u201e \u201c\u00a0. \u0160is unikalus galvos\u016bkis dviem \u017eaid\u0117jams ne tik pralinksmina, bet ir lavina analitinius bei loginius \u012fg\u016bd\u017eius. Kiekviena u\u017eduotis skirta stimuliuoti intelekt\u0105. \u017daidim\u0105 sudaro 80 \u012fvairi\u0173 u\u017eduo\u010di\u0173, kurios tikrai i\u0161bandys j\u016bs\u0173 m\u0105stymo \u012fg\u016bd\u017eius. J\u016bs\u0173 u\u017eduotis bus susidurti su prie\u0161ininku lenktyn\u0117se, kas pirmasis i\u0161spr\u0119s galvos\u016bk\u012f. D\u0117l modernaus dizaino, patvari\u0173 med\u017eiag\u0173 ir kruop\u0161\u010diai apgalvotos konstrukcijos \u017eaidimas \u201e \u201c suteikia daug valand\u0173 \u012fdomi\u0173 pramog\u0173. Puikus pasirinkimas \u017emon\u0117ms, norintiems lavinti loginio m\u0105stymo \u012fg\u016bd\u017eius, smagiai leid\u017eiant laik\u0105 su artimaisiais.<\/p>\n<p>Rakstur\u012bgs:<\/p>\n<p> \t&#8211; \u017daid\u017eia nuo 7 met\u0173 am\u017eiaus<br \/>\n \t&#8211; \u017daidimas dviems asmenims<br \/>\n \t&#8211; 80 skirting\u0173 sud\u0117tingumo lygi\u0173 \u0161ablon\u0173<br \/>\n \t&#8211; U\u017ebaikite model\u012f grei\u010diau nei j\u016bs\u0173 prie\u0161ininkas!<\/p>\n<p>\u017daidimo taisykl\u0117s:<\/p>\n<p> \t\u017daid\u0117jai sustato lent\u0105 tarpusavyje, pirm\u0105j\u0105 kort\u0105 su ra\u0161tu pad\u0117dami ant pagrindo.<br \/>\n \tI\u0161 savo spalvot\u0173 kamuoliuk\u0173 rinkinio \u017eaid\u0117jai stengiasi kuo grei\u010diau suformuoti prie\u0161ais juos esan\u010dioje kortel\u0117je pavaizduot\u0105 ra\u0161t\u0105.<br \/>\n \tPirmasis \u017eaid\u0117jas, sudar\u0119s ra\u0161t\u0105, paspaud\u017eia mygtuk\u0105 lentos \u0161one, ir kamuoliukai i\u0161sibarsto nuo prie\u0161ininko lentos.<br \/>\n \tNor\u0117dami prad\u0117ti kit\u0105 raund\u0105, tiesiog \u012fd\u0117kite kortel\u0119 su nauju ra\u0161tu!<\/p>\n<p>\u017daidimas vystosi:<\/p>\n<p> \t&#8211; Loginis m\u0105stymas<br \/>\n \t&#8211; K\u016brybi\u0161kumas ir i\u0161radingumas<br \/>\n \t&#8211; Analitiniai \u012fg\u016bd\u017eiai<br \/>\n \t&#8211; Kritinis m\u0105stymas<br \/>\n \t&#8211; Ugdo var\u017eyb\u0173 dvasi\u0105 ir geb\u0117jim\u0105 susidoroti su spaudimu.<br \/>\n \t&#8211; Rank\u0173 ir aki\u0173 koordinacija<\/p>","protected":false},"excerpt":{"rendered":"<p>WOOPIE IQ loginis \u017eaidimas strateginiam smegen\u0173 lavinimui \u201eAkis \u012f ak\u012f\u201c laiko skai\u010diavimams<\/p>","protected":false},"featured_media":69145,"template":"","meta":{"_acf_changed":false,"_glsr_average":0,"_glsr_ranking":0,"_glsr_reviews":0},"product_brand":[],"product_cat":[445,229],"product_tag":[],"class_list":{"0":"post-69766","1":"product","2":"type-product","3":"status-publish","4":"has-post-thumbnail","6":"product_cat-stalo-zaidimai","7":"product_cat-zaislai-vaikams","8":"\"style=\"background-color: #2ecc711c;\"","10":"first","11":"instock","12":"purchasable","13":"product-type-simple"},"acf":[],"yoast_head":"<!-- This site is optimized with the Yoast SEO plugin v27.3 - https:\/\/yoast.com\/product\/yoast-seo-wordpress\/ -->\n<title>WOOPIE IQ loginis \u017eaidimas strateginiam smegen\u0173 lavinimui \u201eAkis \u012f ak\u012f\u201c laiko skai\u010diavimams<\/title>\n<meta name=\"description\" content=\"WOOPIE IQ loginis \u017eaidimas strateginiam smegen\u0173 lavinimui \u201eAkis \u012f ak\u012f\u201c laiko skai\u010diavimams\" \/>\n<meta name=\"robots\" content=\"index, follow, max-snippet:-1, max-image-preview:large, max-video-preview:-1\" \/>\n<link rel=\"canonical\" href=\"https:\/\/kidsplay.lt\/lv\/products\/woopie-iq-loginis-zaidimas-strateginiam-smegenu-lavinimui-akis-i-aki-laiko-skaiciavimams\/\" \/>\n<meta property=\"og:locale\" content=\"lv_LV\" \/>\n<meta property=\"og:type\" content=\"article\" \/>\n<meta property=\"og:title\" content=\"WOOPIE IQ loginis \u017eaidimas strateginiam smegen\u0173 lavinimui \u201eAkis \u012f ak\u012f\u201c laiko skai\u010diavimams\" \/>\n<meta property=\"og:description\" content=\"WOOPIE IQ loginis \u017eaidimas strateginiam smegen\u0173 lavinimui \u201eAkis \u012f ak\u012f\u201c laiko skai\u010diavimams\" \/>\n<meta property=\"og:url\" content=\"https:\/\/kidsplay.lt\/lv\/products\/woopie-iq-loginis-zaidimas-strateginiam-smegenu-lavinimui-akis-i-aki-laiko-skaiciavimams\/\" \/>\n<meta property=\"og:site_name\" content=\"KidsPlay\" \/>\n<meta property=\"article:publisher\" content=\"https:\/\/www.facebook.com\/www.kidsplay.lt\" \/>\n<meta property=\"article:modified_time\" content=\"2026-04-07T07:33:03+00:00\" \/>\n<meta property=\"og:image\" content=\"https:\/\/kidsplay.lt\/wp-content\/uploads\/2025\/10\/WOOPIE-IQ-loginis-zaidimas-strateginiam-smegenu-lavinimui-\u201eAkis-i-aki-laiko-skaiciavimams.jpg\" \/>\n\t<meta property=\"og:image:width\" content=\"2560\" \/>\n\t<meta property=\"og:image:height\" content=\"2560\" \/>\n\t<meta property=\"og:image:type\" content=\"image\/jpeg\" \/>\n<meta name=\"twitter:card\" content=\"summary_large_image\" \/>\n<meta name=\"twitter:label1\" content=\"Est. reading time\" \/>\n\t<meta name=\"twitter:data1\" content=\"1 min\u016bte\" \/>\n<script type=\"application\/ld+json\" class=\"yoast-schema-graph\">{\"@context\":\"https:\\\/\\\/schema.org\",\"@graph\":[{\"@type\":\"WebPage\",\"@id\":\"https:\\\/\\\/kidsplay.lt\\\/produktas\\\/woopie-iq-loginis-zaidimas-strateginiam-smegenu-lavinimui-akis-i-aki-laiko-skaiciavimams\\\/\",\"url\":\"https:\\\/\\\/kidsplay.lt\\\/produktas\\\/woopie-iq-loginis-zaidimas-strateginiam-smegenu-lavinimui-akis-i-aki-laiko-skaiciavimams\\\/\",\"name\":\"WOOPIE IQ loginis \u017eaidimas strateginiam smegen\u0173 lavinimui \u201eAkis \u012f ak\u012f\u201c laiko skai\u010diavimams\",\"isPartOf\":{\"@id\":\"https:\\\/\\\/kidsplay.lt\\\/#website\"},\"primaryImageOfPage\":{\"@id\":\"https:\\\/\\\/kidsplay.lt\\\/produktas\\\/woopie-iq-loginis-zaidimas-strateginiam-smegenu-lavinimui-akis-i-aki-laiko-skaiciavimams\\\/#primaryimage\"},\"image\":{\"@id\":\"https:\\\/\\\/kidsplay.lt\\\/produktas\\\/woopie-iq-loginis-zaidimas-strateginiam-smegenu-lavinimui-akis-i-aki-laiko-skaiciavimams\\\/#primaryimage\"},\"thumbnailUrl\":\"https:\\\/\\\/kidsplay.lt\\\/wp-content\\\/uploads\\\/2025\\\/10\\\/WOOPIE-IQ-loginis-zaidimas-strateginiam-smegenu-lavinimui-\u201eAkis-i-aki-laiko-skaiciavimams.jpg\",\"datePublished\":\"2025-10-02T10:31:22+00:00\",\"dateModified\":\"2026-04-07T07:33:03+00:00\",\"description\":\"WOOPIE IQ loginis \u017eaidimas strateginiam smegen\u0173 lavinimui \u201eAkis \u012f ak\u012f\u201c laiko skai\u010diavimams\",\"breadcrumb\":{\"@id\":\"https:\\\/\\\/kidsplay.lt\\\/produktas\\\/woopie-iq-loginis-zaidimas-strateginiam-smegenu-lavinimui-akis-i-aki-laiko-skaiciavimams\\\/#breadcrumb\"},\"inLanguage\":\"lv-LV\",\"potentialAction\":[{\"@type\":\"ReadAction\",\"target\":[\"https:\\\/\\\/kidsplay.lt\\\/produktas\\\/woopie-iq-loginis-zaidimas-strateginiam-smegenu-lavinimui-akis-i-aki-laiko-skaiciavimams\\\/\"]}]},{\"@type\":\"ImageObject\",\"inLanguage\":\"lv-LV\",\"@id\":\"https:\\\/\\\/kidsplay.lt\\\/produktas\\\/woopie-iq-loginis-zaidimas-strateginiam-smegenu-lavinimui-akis-i-aki-laiko-skaiciavimams\\\/#primaryimage\",\"url\":\"https:\\\/\\\/kidsplay.lt\\\/wp-content\\\/uploads\\\/2025\\\/10\\\/WOOPIE-IQ-loginis-zaidimas-strateginiam-smegenu-lavinimui-\u201eAkis-i-aki-laiko-skaiciavimams.jpg\",\"contentUrl\":\"https:\\\/\\\/kidsplay.lt\\\/wp-content\\\/uploads\\\/2025\\\/10\\\/WOOPIE-IQ-loginis-zaidimas-strateginiam-smegenu-lavinimui-\u201eAkis-i-aki-laiko-skaiciavimams.jpg\",\"width\":2560,\"height\":2560,\"caption\":\"WOOPIE IQ loginis \u017eaidimas strateginiam smegen\u0173 lavinimui \u201eAkis \u012f ak\u012f\u201c laiko skai\u010diavimams\"},{\"@type\":\"BreadcrumbList\",\"@id\":\"https:\\\/\\\/kidsplay.lt\\\/produktas\\\/woopie-iq-loginis-zaidimas-strateginiam-smegenu-lavinimui-akis-i-aki-laiko-skaiciavimams\\\/#breadcrumb\",\"itemListElement\":[{\"@type\":\"ListItem\",\"position\":1,\"name\":\"Pagrindinis\",\"item\":\"https:\\\/\\\/kidsplay.lt\\\/\"},{\"@type\":\"ListItem\",\"position\":2,\"name\":\"Parduotuv\u0117\",\"item\":\"https:\\\/\\\/kidsplay.lt\\\/parduotuve\\\/\"},{\"@type\":\"ListItem\",\"position\":3,\"name\":\"WOOPIE IQ loginis \u017eaidimas strateginiam smegen\u0173 lavinimui \u201eAkis \u012f ak\u012f\u201c laiko skai\u010diavimams\"}]},{\"@type\":\"WebSite\",\"@id\":\"https:\\\/\\\/kidsplay.lt\\\/#website\",\"url\":\"https:\\\/\\\/kidsplay.lt\\\/\",\"name\":\"Kidsplay.lt\",\"description\":\"\u012evairios prek\u0117s vaikams\",\"publisher\":{\"@id\":\"https:\\\/\\\/kidsplay.lt\\\/#organization\"},\"alternateName\":\"Kidsplay\",\"potentialAction\":[{\"@type\":\"SearchAction\",\"target\":{\"@type\":\"EntryPoint\",\"urlTemplate\":\"https:\\\/\\\/kidsplay.lt\\\/?s={search_term_string}\"},\"query-input\":{\"@type\":\"PropertyValueSpecification\",\"valueRequired\":true,\"valueName\":\"search_term_string\"}}],\"inLanguage\":\"lv-LV\"},{\"@type\":\"Organization\",\"@id\":\"https:\\\/\\\/kidsplay.lt\\\/#organization\",\"name\":\"KidsPlay\",\"url\":\"https:\\\/\\\/kidsplay.lt\\\/\",\"logo\":{\"@type\":\"ImageObject\",\"inLanguage\":\"lv-LV\",\"@id\":\"https:\\\/\\\/kidsplay.lt\\\/#\\\/schema\\\/logo\\\/image\\\/\",\"url\":\"https:\\\/\\\/kidsplay.lt\\\/wp-content\\\/uploads\\\/2023\\\/07\\\/kidsplay-logo.png\",\"contentUrl\":\"https:\\\/\\\/kidsplay.lt\\\/wp-content\\\/uploads\\\/2023\\\/07\\\/kidsplay-logo.png\",\"width\":451,\"height\":98,\"caption\":\"KidsPlay\"},\"image\":{\"@id\":\"https:\\\/\\\/kidsplay.lt\\\/#\\\/schema\\\/logo\\\/image\\\/\"},\"sameAs\":[\"https:\\\/\\\/www.facebook.com\\\/www.kidsplay.lt\"]}]}<\/script>\n<!-- \/ Yoast SEO plugin. -->","yoast_head_json":{"title":"WOOPIE IQ loginis \u017eaidimas strateginiam smegen\u0173 lavinimui \u201eAkis \u012f ak\u012f\u201c laiko skai\u010diavimams","description":"WOOPIE IQ loginis \u017eaidimas strateginiam smegen\u0173 lavinimui \u201eAkis \u012f ak\u012f\u201c laiko skai\u010diavimams","robots":{"index":"index","follow":"follow","max-snippet":"max-snippet:-1","max-image-preview":"max-image-preview:large","max-video-preview":"max-video-preview:-1"},"canonical":"https:\/\/kidsplay.lt\/lv\/products\/woopie-iq-loginis-zaidimas-strateginiam-smegenu-lavinimui-akis-i-aki-laiko-skaiciavimams\/","og_locale":"lv_LV","og_type":"article","og_title":"WOOPIE IQ loginis \u017eaidimas strateginiam smegen\u0173 lavinimui \u201eAkis \u012f ak\u012f\u201c laiko skai\u010diavimams","og_description":"WOOPIE IQ loginis \u017eaidimas strateginiam smegen\u0173 lavinimui \u201eAkis \u012f ak\u012f\u201c laiko skai\u010diavimams","og_url":"https:\/\/kidsplay.lt\/lv\/products\/woopie-iq-loginis-zaidimas-strateginiam-smegenu-lavinimui-akis-i-aki-laiko-skaiciavimams\/","og_site_name":"KidsPlay","article_publisher":"https:\/\/www.facebook.com\/www.kidsplay.lt","article_modified_time":"2026-04-07T07:33:03+00:00","og_image":[{"width":2560,"height":2560,"url":"https:\/\/kidsplay.lt\/wp-content\/uploads\/2025\/10\/WOOPIE-IQ-loginis-zaidimas-strateginiam-smegenu-lavinimui-\u201eAkis-i-aki-laiko-skaiciavimams.jpg","type":"image\/jpeg"}],"twitter_card":"summary_large_image","twitter_misc":{"Est. reading time":"1 min\u016bte"},"schema":{"@context":"https:\/\/schema.org","@graph":[{"@type":"WebPage","@id":"https:\/\/kidsplay.lt\/produktas\/woopie-iq-loginis-zaidimas-strateginiam-smegenu-lavinimui-akis-i-aki-laiko-skaiciavimams\/","url":"https:\/\/kidsplay.lt\/produktas\/woopie-iq-loginis-zaidimas-strateginiam-smegenu-lavinimui-akis-i-aki-laiko-skaiciavimams\/","name":"WOOPIE IQ loginis \u017eaidimas strateginiam smegen\u0173 lavinimui \u201eAkis \u012f ak\u012f\u201c laiko skai\u010diavimams","isPartOf":{"@id":"https:\/\/kidsplay.lt\/#website"},"primaryImageOfPage":{"@id":"https:\/\/kidsplay.lt\/produktas\/woopie-iq-loginis-zaidimas-strateginiam-smegenu-lavinimui-akis-i-aki-laiko-skaiciavimams\/#primaryimage"},"image":{"@id":"https:\/\/kidsplay.lt\/produktas\/woopie-iq-loginis-zaidimas-strateginiam-smegenu-lavinimui-akis-i-aki-laiko-skaiciavimams\/#primaryimage"},"thumbnailUrl":"https:\/\/kidsplay.lt\/wp-content\/uploads\/2025\/10\/WOOPIE-IQ-loginis-zaidimas-strateginiam-smegenu-lavinimui-\u201eAkis-i-aki-laiko-skaiciavimams.jpg","datePublished":"2025-10-02T10:31:22+00:00","dateModified":"2026-04-07T07:33:03+00:00","description":"WOOPIE IQ loginis \u017eaidimas strateginiam smegen\u0173 lavinimui \u201eAkis \u012f ak\u012f\u201c laiko skai\u010diavimams","breadcrumb":{"@id":"https:\/\/kidsplay.lt\/produktas\/woopie-iq-loginis-zaidimas-strateginiam-smegenu-lavinimui-akis-i-aki-laiko-skaiciavimams\/#breadcrumb"},"inLanguage":"lv-LV","potentialAction":[{"@type":"ReadAction","target":["https:\/\/kidsplay.lt\/produktas\/woopie-iq-loginis-zaidimas-strateginiam-smegenu-lavinimui-akis-i-aki-laiko-skaiciavimams\/"]}]},{"@type":"ImageObject","inLanguage":"lv-LV","@id":"https:\/\/kidsplay.lt\/produktas\/woopie-iq-loginis-zaidimas-strateginiam-smegenu-lavinimui-akis-i-aki-laiko-skaiciavimams\/#primaryimage","url":"https:\/\/kidsplay.lt\/wp-content\/uploads\/2025\/10\/WOOPIE-IQ-loginis-zaidimas-strateginiam-smegenu-lavinimui-\u201eAkis-i-aki-laiko-skaiciavimams.jpg","contentUrl":"https:\/\/kidsplay.lt\/wp-content\/uploads\/2025\/10\/WOOPIE-IQ-loginis-zaidimas-strateginiam-smegenu-lavinimui-\u201eAkis-i-aki-laiko-skaiciavimams.jpg","width":2560,"height":2560,"caption":"WOOPIE IQ loginis \u017eaidimas strateginiam smegen\u0173 lavinimui \u201eAkis \u012f ak\u012f\u201c laiko skai\u010diavimams"},{"@type":"BreadcrumbList","@id":"https:\/\/kidsplay.lt\/produktas\/woopie-iq-loginis-zaidimas-strateginiam-smegenu-lavinimui-akis-i-aki-laiko-skaiciavimams\/#breadcrumb","itemListElement":[{"@type":"ListItem","position":1,"name":"Pagrindinis","item":"https:\/\/kidsplay.lt\/"},{"@type":"ListItem","position":2,"name":"Parduotuv\u0117","item":"https:\/\/kidsplay.lt\/parduotuve\/"},{"@type":"ListItem","position":3,"name":"WOOPIE IQ loginis \u017eaidimas strateginiam smegen\u0173 lavinimui \u201eAkis \u012f ak\u012f\u201c laiko skai\u010diavimams"}]},{"@type":"WebSite","@id":"https:\/\/kidsplay.lt\/#website","url":"https:\/\/kidsplay.lt\/","name":"B\u0113rnu sp\u0113les.lv","description":"\u012evairios prek\u0117s vaikams","publisher":{"@id":"https:\/\/kidsplay.lt\/#organization"},"alternateName":"Kidsplay","potentialAction":[{"@type":"SearchAction","target":{"@type":"EntryPoint","urlTemplate":"https:\/\/kidsplay.lt\/?s={search_term_string}"},"query-input":{"@type":"PropertyValueSpecification","valueRequired":true,"valueName":"search_term_string"}}],"inLanguage":"lv-LV"},{"@type":"Organization","@id":"https:\/\/kidsplay.lt\/#organization","name":"B\u0113rnu sp\u0113le","url":"https:\/\/kidsplay.lt\/","logo":{"@type":"ImageObject","inLanguage":"lv-LV","@id":"https:\/\/kidsplay.lt\/#\/schema\/logo\/image\/","url":"https:\/\/kidsplay.lt\/wp-content\/uploads\/2023\/07\/kidsplay-logo.png","contentUrl":"https:\/\/kidsplay.lt\/wp-content\/uploads\/2023\/07\/kidsplay-logo.png","width":451,"height":98,"caption":"KidsPlay"},"image":{"@id":"https:\/\/kidsplay.lt\/#\/schema\/logo\/image\/"},"sameAs":["https:\/\/www.facebook.com\/www.kidsplay.lt"]}]}},"_links":{"self":[{"href":"https:\/\/kidsplay.lt\/lv\/wp-json\/wp\/v2\/product\/69766","targetHints":{"allow":["GET"]}}],"collection":[{"href":"https:\/\/kidsplay.lt\/lv\/wp-json\/wp\/v2\/product"}],"about":[{"href":"https:\/\/kidsplay.lt\/lv\/wp-json\/wp\/v2\/types\/product"}],"version-history":[{"count":2,"href":"https:\/\/kidsplay.lt\/lv\/wp-json\/wp\/v2\/product\/69766\/revisions"}],"predecessor-version":[{"id":73467,"href":"https:\/\/kidsplay.lt\/lv\/wp-json\/wp\/v2\/product\/69766\/revisions\/73467"}],"wp:featuredmedia":[{"embeddable":true,"href":"https:\/\/kidsplay.lt\/lv\/wp-json\/wp\/v2\/media\/69145"}],"wp:attachment":[{"href":"https:\/\/kidsplay.lt\/lv\/wp-json\/wp\/v2\/media?parent=69766"}],"wp:term":[{"taxonomy":"product_brand","embeddable":true,"href":"https:\/\/kidsplay.lt\/lv\/wp-json\/wp\/v2\/product_brand?post=69766"},{"taxonomy":"product_cat","embeddable":true,"href":"https:\/\/kidsplay.lt\/lv\/wp-json\/wp\/v2\/product_cat?post=69766"},{"taxonomy":"product_tag","embeddable":true,"href":"https:\/\/kidsplay.lt\/lv\/wp-json\/wp\/v2\/product_tag?post=69766"}],"curies":[{"name":"wp","href":"https:\/\/api.w.org\/{rel}","templated":true}]}}