{"id":69768,"date":"2025-10-02T13:31:26","date_gmt":"2025-10-02T10:31:26","guid":{"rendered":"https:\/\/kidsplay.lt\/produktas\/woopie-konstravimo-kaladeliu-rinkinys-stem-transporto-priemones-163-vnt-2\/"},"modified":"2026-04-07T09:38:45","modified_gmt":"2026-04-07T06:38:45","slug":"woopie-konstravimo-kaladeliu-rinkinys-stem-transporto-priemones-163-vnt-2","status":"publish","type":"product","link":"https:\/\/kidsplay.lt\/lv\/products\/woopie-konstravimo-kaladeliu-rinkinys-stem-transporto-priemones-163-vnt-2\/","title":{"rendered":"WOOPIE kluc\u012b\u0161u komplekts STEM transportl\u012bdzek\u013ci 163 gab."},"content":{"rendered":"<p>164 dali\u0173 5 viename WOOPIE\u00a0konstravimo kalad\u0117li\u0173\u00a0rinkinys\u00a0yra puikus pasirinkimas bet kuriam vaikui, m\u0117gstan\u010diam\u00a0konstravimo\u00a0i\u0161\u0161\u016bkius ir norin\u010diam lavinti\u00a0rankinius \u012fg\u016bd\u017eius\u00a0. \u017daidimas su \u0161iuo rinkiniu taip pat gali b\u016bti puikus b\u016bdas praleisti laik\u0105 su broliais ir seserimis ar draugais, mokant juos bendradarbiauti ir dalintis id\u0117jomis. Tur\u0117dami\u00a0164\u00a0lanks\u010dias dalis,\u00a0vaikai gali sukurti iki\u00a05 skirting\u0173\u00a0transporto priemoni\u0173 ir ma\u0161in\u0173 modeli\u0173:\u00a0automobil\u012f\u00a0,\u00a0keturrat\u012f\u00a0,\u00a0sraigtasparn\u012f\u00a0,\u00a0l\u0117ktuv\u0105\u00a0ir\u00a0robot\u0105\u00a0. D\u0117l novatori\u0161k\u0173, lanks\u010di\u0173 dali\u0173 rinkinys ne tik leid\u017eia konstruoti, bet ir lengvai i\u0161ardyti bei surinkti, tod\u0117l galima sukurti daugyb\u0119 skirting\u0173 kombinacij\u0173.\u00a0\u0160is rinkinys yra ideali dovana vaikams, kurie \u017eaisdami pradeda atrasti konstravimo, in\u017einerijos ir mechanikos pasaul\u012f!<\/p>\n<p>Rakstur\u012bgs:<\/p>\n<p>&#8211;\u00a0\u017daislas\u00a0skirtas 5 met\u0173 ir vyresniems<br \/>\n&#8211;\u00a0164\u00a0lankst\u016bs elementai<br \/>\n&#8211; Galimyb\u0117 kurti\u00a0judan\u010dias dalis\u00a0(pvz., ekskavatori\u0173 su judan\u010diu kau\u0161u)<br \/>\n&#8211; Auk\u0161tos kokyb\u0117s med\u017eiagos\u00a0, saugios vaikams<br \/>\n&#8211; jei neturite id\u0117j\u0173, rinkinyje yra i\u0161samios instrukcijos, kurios pad\u0117s jums sukonstruoti transporto priemon\u0119<br \/>\n&#8211;\u00a0\u00a0 Puiki dovana Kal\u0117doms ar gimtadieniui!<br \/>\n&#8211; Rinkinys leid\u017eia sukonstruoti 5 skirtingas transporto priemones:\u00a0robot\u0105, l\u0117ktuv\u0105, keturrat\u012f, d\u017eip\u0105 ir sraigtasparn\u012f<\/p>\n<p>Rinkinys vystosi:<\/p>\n<p>&#8211;\u00a0K\u016brybi\u0161kumas\u00a0ir\u00a0vaizduot\u0117,<br \/>\n&#8211; Loginis m\u0105stymas,<br \/>\n&#8211; Rankiniai\u00a0\u012fg\u016bd\u017eiai\u00a0ir\u00a0motorin\u0117-sensorin\u0117 koordinacija\u00a0, \u012fskaitant geb\u0117jim\u0105 pasirinkti formas ir atskirti spalvas,<br \/>\n&#8211;\u00a0Erdvinis m\u0105stymas\u00a0.<\/p>\n<p>Komplekt\u0101 ietilpst:<\/p>\n<p>&#8211; \u012evairi\u0173 form\u0173 blokeliai,<br \/>\n&#8211; Atsuktuvas ir atviro galo ver\u017eliaraktis,<br \/>\n&#8211; Tvirtinimo var\u017etai su ver\u017el\u0117mis, Ratai,<br \/>\n&#8211; Iliustruotos instrukcijos, kaip i\u0161 statybviet\u0117s sukonstruoti 5 skirtingas transporto priemones,<\/p>","protected":false},"excerpt":{"rendered":"<p>WOOPIE kluc\u012b\u0161u komplekts STEM transportl\u012bdzek\u013ci 163 gab.<\/p>","protected":false},"featured_media":62423,"template":"","meta":{"_acf_changed":false,"_glsr_average":0,"_glsr_ranking":0,"_glsr_reviews":0},"product_brand":[],"product_cat":[72,446,229],"product_tag":[],"class_list":{"0":"post-69768","1":"product","2":"type-product","3":"status-publish","4":"has-post-thumbnail","6":"product_cat-ispardavimas","7":"product_cat-konstruktoriai","8":"product_cat-zaislai-vaikams","9":"\"style=\"background-color: #2ecc711c;\"","11":"first","12":"instock","13":"sale","14":"purchasable","15":"product-type-simple"},"acf":[],"yoast_head":"<!-- This site is optimized with the Yoast SEO plugin v27.3 - https:\/\/yoast.com\/product\/yoast-seo-wordpress\/ -->\n<title>WOOPIE konstravimo kalad\u0117li\u0173 rinkinys STEM transporto priemon\u0117s 163 vnt.<\/title>\n<meta name=\"description\" content=\"WOOPIE konstravimo kalad\u0117li\u0173 rinkinys STEM transporto priemon\u0117s 163 vnt.\" \/>\n<meta name=\"robots\" content=\"index, follow, max-snippet:-1, max-image-preview:large, max-video-preview:-1\" \/>\n<link rel=\"canonical\" href=\"https:\/\/kidsplay.lt\/lv\/products\/woopie-konstravimo-kaladeliu-rinkinys-stem-transporto-priemones-163-vnt-2\/\" \/>\n<meta property=\"og:locale\" content=\"lv_LV\" \/>\n<meta property=\"og:type\" content=\"article\" \/>\n<meta property=\"og:title\" content=\"WOOPIE konstravimo kalad\u0117li\u0173 rinkinys STEM transporto priemon\u0117s 163 vnt.\" \/>\n<meta property=\"og:description\" content=\"WOOPIE konstravimo kalad\u0117li\u0173 rinkinys STEM transporto priemon\u0117s 163 vnt.\" \/>\n<meta property=\"og:url\" content=\"https:\/\/kidsplay.lt\/lv\/products\/woopie-konstravimo-kaladeliu-rinkinys-stem-transporto-priemones-163-vnt-2\/\" \/>\n<meta property=\"og:site_name\" content=\"KidsPlay\" \/>\n<meta property=\"article:publisher\" content=\"https:\/\/www.facebook.com\/www.kidsplay.lt\" \/>\n<meta property=\"article:modified_time\" content=\"2026-04-07T06:38:45+00:00\" \/>\n<meta property=\"og:image\" content=\"https:\/\/kidsplay.lt\/wp-content\/uploads\/2025\/09\/WOOPIE-konstravimo-kaladeliu-rinkinys-STEM-transporto-priemones-163-vnt.jpg\" \/>\n\t<meta property=\"og:image:width\" content=\"2560\" \/>\n\t<meta property=\"og:image:height\" content=\"2560\" \/>\n\t<meta property=\"og:image:type\" content=\"image\/jpeg\" \/>\n<meta name=\"twitter:card\" content=\"summary_large_image\" \/>\n<meta name=\"twitter:label1\" content=\"Est. reading time\" \/>\n\t<meta name=\"twitter:data1\" content=\"2 min\u016btes\" \/>\n<script type=\"application\/ld+json\" class=\"yoast-schema-graph\">{\"@context\":\"https:\\\/\\\/schema.org\",\"@graph\":[{\"@type\":\"WebPage\",\"@id\":\"https:\\\/\\\/kidsplay.lt\\\/produktas\\\/woopie-konstravimo-kaladeliu-rinkinys-stem-transporto-priemones-163-vnt-2\\\/\",\"url\":\"https:\\\/\\\/kidsplay.lt\\\/produktas\\\/woopie-konstravimo-kaladeliu-rinkinys-stem-transporto-priemones-163-vnt-2\\\/\",\"name\":\"WOOPIE konstravimo kalad\u0117li\u0173 rinkinys STEM transporto priemon\u0117s 163 vnt.\",\"isPartOf\":{\"@id\":\"https:\\\/\\\/kidsplay.lt\\\/#website\"},\"primaryImageOfPage\":{\"@id\":\"https:\\\/\\\/kidsplay.lt\\\/produktas\\\/woopie-konstravimo-kaladeliu-rinkinys-stem-transporto-priemones-163-vnt-2\\\/#primaryimage\"},\"image\":{\"@id\":\"https:\\\/\\\/kidsplay.lt\\\/produktas\\\/woopie-konstravimo-kaladeliu-rinkinys-stem-transporto-priemones-163-vnt-2\\\/#primaryimage\"},\"thumbnailUrl\":\"https:\\\/\\\/kidsplay.lt\\\/wp-content\\\/uploads\\\/2025\\\/09\\\/WOOPIE-konstravimo-kaladeliu-rinkinys-STEM-transporto-priemones-163-vnt.jpg\",\"datePublished\":\"2025-10-02T10:31:26+00:00\",\"dateModified\":\"2026-04-07T06:38:45+00:00\",\"description\":\"WOOPIE konstravimo kalad\u0117li\u0173 rinkinys STEM transporto priemon\u0117s 163 vnt.\",\"breadcrumb\":{\"@id\":\"https:\\\/\\\/kidsplay.lt\\\/produktas\\\/woopie-konstravimo-kaladeliu-rinkinys-stem-transporto-priemones-163-vnt-2\\\/#breadcrumb\"},\"inLanguage\":\"lv-LV\",\"potentialAction\":[{\"@type\":\"ReadAction\",\"target\":[\"https:\\\/\\\/kidsplay.lt\\\/produktas\\\/woopie-konstravimo-kaladeliu-rinkinys-stem-transporto-priemones-163-vnt-2\\\/\"]}]},{\"@type\":\"ImageObject\",\"inLanguage\":\"lv-LV\",\"@id\":\"https:\\\/\\\/kidsplay.lt\\\/produktas\\\/woopie-konstravimo-kaladeliu-rinkinys-stem-transporto-priemones-163-vnt-2\\\/#primaryimage\",\"url\":\"https:\\\/\\\/kidsplay.lt\\\/wp-content\\\/uploads\\\/2025\\\/09\\\/WOOPIE-konstravimo-kaladeliu-rinkinys-STEM-transporto-priemones-163-vnt.jpg\",\"contentUrl\":\"https:\\\/\\\/kidsplay.lt\\\/wp-content\\\/uploads\\\/2025\\\/09\\\/WOOPIE-konstravimo-kaladeliu-rinkinys-STEM-transporto-priemones-163-vnt.jpg\",\"width\":2560,\"height\":2560,\"caption\":\"WOOPIE konstravimo kalad\u0117li\u0173 rinkinys STEM transporto priemon\u0117s 163 vnt.\"},{\"@type\":\"BreadcrumbList\",\"@id\":\"https:\\\/\\\/kidsplay.lt\\\/produktas\\\/woopie-konstravimo-kaladeliu-rinkinys-stem-transporto-priemones-163-vnt-2\\\/#breadcrumb\",\"itemListElement\":[{\"@type\":\"ListItem\",\"position\":1,\"name\":\"Pagrindinis\",\"item\":\"https:\\\/\\\/kidsplay.lt\\\/\"},{\"@type\":\"ListItem\",\"position\":2,\"name\":\"Parduotuv\u0117\",\"item\":\"https:\\\/\\\/kidsplay.lt\\\/parduotuve\\\/\"},{\"@type\":\"ListItem\",\"position\":3,\"name\":\"WOOPIE konstravimo kalad\u0117li\u0173 rinkinys STEM transporto priemon\u0117s 163 vnt.\"}]},{\"@type\":\"WebSite\",\"@id\":\"https:\\\/\\\/kidsplay.lt\\\/#website\",\"url\":\"https:\\\/\\\/kidsplay.lt\\\/\",\"name\":\"Kidsplay.lt\",\"description\":\"\u012evairios prek\u0117s vaikams\",\"publisher\":{\"@id\":\"https:\\\/\\\/kidsplay.lt\\\/#organization\"},\"alternateName\":\"Kidsplay\",\"potentialAction\":[{\"@type\":\"SearchAction\",\"target\":{\"@type\":\"EntryPoint\",\"urlTemplate\":\"https:\\\/\\\/kidsplay.lt\\\/?s={search_term_string}\"},\"query-input\":{\"@type\":\"PropertyValueSpecification\",\"valueRequired\":true,\"valueName\":\"search_term_string\"}}],\"inLanguage\":\"lv-LV\"},{\"@type\":\"Organization\",\"@id\":\"https:\\\/\\\/kidsplay.lt\\\/#organization\",\"name\":\"KidsPlay\",\"url\":\"https:\\\/\\\/kidsplay.lt\\\/\",\"logo\":{\"@type\":\"ImageObject\",\"inLanguage\":\"lv-LV\",\"@id\":\"https:\\\/\\\/kidsplay.lt\\\/#\\\/schema\\\/logo\\\/image\\\/\",\"url\":\"https:\\\/\\\/kidsplay.lt\\\/wp-content\\\/uploads\\\/2023\\\/07\\\/kidsplay-logo.png\",\"contentUrl\":\"https:\\\/\\\/kidsplay.lt\\\/wp-content\\\/uploads\\\/2023\\\/07\\\/kidsplay-logo.png\",\"width\":451,\"height\":98,\"caption\":\"KidsPlay\"},\"image\":{\"@id\":\"https:\\\/\\\/kidsplay.lt\\\/#\\\/schema\\\/logo\\\/image\\\/\"},\"sameAs\":[\"https:\\\/\\\/www.facebook.com\\\/www.kidsplay.lt\"]}]}<\/script>\n<!-- \/ Yoast SEO plugin. -->","yoast_head_json":{"title":"WOOPIE kluc\u012b\u0161u komplekts STEM transportl\u012bdzek\u013ci 163 gab.","description":"WOOPIE kluc\u012b\u0161u komplekts STEM transportl\u012bdzek\u013ci 163 gab.","robots":{"index":"index","follow":"follow","max-snippet":"max-snippet:-1","max-image-preview":"max-image-preview:large","max-video-preview":"max-video-preview:-1"},"canonical":"https:\/\/kidsplay.lt\/lv\/products\/woopie-konstravimo-kaladeliu-rinkinys-stem-transporto-priemones-163-vnt-2\/","og_locale":"lv_LV","og_type":"article","og_title":"WOOPIE konstravimo kalad\u0117li\u0173 rinkinys STEM transporto priemon\u0117s 163 vnt.","og_description":"WOOPIE konstravimo kalad\u0117li\u0173 rinkinys STEM transporto priemon\u0117s 163 vnt.","og_url":"https:\/\/kidsplay.lt\/lv\/products\/woopie-konstravimo-kaladeliu-rinkinys-stem-transporto-priemones-163-vnt-2\/","og_site_name":"KidsPlay","article_publisher":"https:\/\/www.facebook.com\/www.kidsplay.lt","article_modified_time":"2026-04-07T06:38:45+00:00","og_image":[{"width":2560,"height":2560,"url":"https:\/\/kidsplay.lt\/wp-content\/uploads\/2025\/09\/WOOPIE-konstravimo-kaladeliu-rinkinys-STEM-transporto-priemones-163-vnt.jpg","type":"image\/jpeg"}],"twitter_card":"summary_large_image","twitter_misc":{"Est. reading time":"2 min\u016btes"},"schema":{"@context":"https:\/\/schema.org","@graph":[{"@type":"WebPage","@id":"https:\/\/kidsplay.lt\/produktas\/woopie-konstravimo-kaladeliu-rinkinys-stem-transporto-priemones-163-vnt-2\/","url":"https:\/\/kidsplay.lt\/produktas\/woopie-konstravimo-kaladeliu-rinkinys-stem-transporto-priemones-163-vnt-2\/","name":"WOOPIE kluc\u012b\u0161u komplekts STEM transportl\u012bdzek\u013ci 163 gab.","isPartOf":{"@id":"https:\/\/kidsplay.lt\/#website"},"primaryImageOfPage":{"@id":"https:\/\/kidsplay.lt\/produktas\/woopie-konstravimo-kaladeliu-rinkinys-stem-transporto-priemones-163-vnt-2\/#primaryimage"},"image":{"@id":"https:\/\/kidsplay.lt\/produktas\/woopie-konstravimo-kaladeliu-rinkinys-stem-transporto-priemones-163-vnt-2\/#primaryimage"},"thumbnailUrl":"https:\/\/kidsplay.lt\/wp-content\/uploads\/2025\/09\/WOOPIE-konstravimo-kaladeliu-rinkinys-STEM-transporto-priemones-163-vnt.jpg","datePublished":"2025-10-02T10:31:26+00:00","dateModified":"2026-04-07T06:38:45+00:00","description":"WOOPIE kluc\u012b\u0161u komplekts STEM transportl\u012bdzek\u013ci 163 gab.","breadcrumb":{"@id":"https:\/\/kidsplay.lt\/produktas\/woopie-konstravimo-kaladeliu-rinkinys-stem-transporto-priemones-163-vnt-2\/#breadcrumb"},"inLanguage":"lv-LV","potentialAction":[{"@type":"ReadAction","target":["https:\/\/kidsplay.lt\/produktas\/woopie-konstravimo-kaladeliu-rinkinys-stem-transporto-priemones-163-vnt-2\/"]}]},{"@type":"ImageObject","inLanguage":"lv-LV","@id":"https:\/\/kidsplay.lt\/produktas\/woopie-konstravimo-kaladeliu-rinkinys-stem-transporto-priemones-163-vnt-2\/#primaryimage","url":"https:\/\/kidsplay.lt\/wp-content\/uploads\/2025\/09\/WOOPIE-konstravimo-kaladeliu-rinkinys-STEM-transporto-priemones-163-vnt.jpg","contentUrl":"https:\/\/kidsplay.lt\/wp-content\/uploads\/2025\/09\/WOOPIE-konstravimo-kaladeliu-rinkinys-STEM-transporto-priemones-163-vnt.jpg","width":2560,"height":2560,"caption":"WOOPIE konstravimo kalad\u0117li\u0173 rinkinys STEM transporto priemon\u0117s 163 vnt."},{"@type":"BreadcrumbList","@id":"https:\/\/kidsplay.lt\/produktas\/woopie-konstravimo-kaladeliu-rinkinys-stem-transporto-priemones-163-vnt-2\/#breadcrumb","itemListElement":[{"@type":"ListItem","position":1,"name":"Pagrindinis","item":"https:\/\/kidsplay.lt\/"},{"@type":"ListItem","position":2,"name":"Parduotuv\u0117","item":"https:\/\/kidsplay.lt\/parduotuve\/"},{"@type":"ListItem","position":3,"name":"WOOPIE konstravimo kalad\u0117li\u0173 rinkinys STEM transporto priemon\u0117s 163 vnt."}]},{"@type":"WebSite","@id":"https:\/\/kidsplay.lt\/#website","url":"https:\/\/kidsplay.lt\/","name":"B\u0113rnu sp\u0113les.lv","description":"\u012evairios prek\u0117s vaikams","publisher":{"@id":"https:\/\/kidsplay.lt\/#organization"},"alternateName":"Kidsplay","potentialAction":[{"@type":"SearchAction","target":{"@type":"EntryPoint","urlTemplate":"https:\/\/kidsplay.lt\/?s={search_term_string}"},"query-input":{"@type":"PropertyValueSpecification","valueRequired":true,"valueName":"search_term_string"}}],"inLanguage":"lv-LV"},{"@type":"Organization","@id":"https:\/\/kidsplay.lt\/#organization","name":"B\u0113rnu sp\u0113le","url":"https:\/\/kidsplay.lt\/","logo":{"@type":"ImageObject","inLanguage":"lv-LV","@id":"https:\/\/kidsplay.lt\/#\/schema\/logo\/image\/","url":"https:\/\/kidsplay.lt\/wp-content\/uploads\/2023\/07\/kidsplay-logo.png","contentUrl":"https:\/\/kidsplay.lt\/wp-content\/uploads\/2023\/07\/kidsplay-logo.png","width":451,"height":98,"caption":"KidsPlay"},"image":{"@id":"https:\/\/kidsplay.lt\/#\/schema\/logo\/image\/"},"sameAs":["https:\/\/www.facebook.com\/www.kidsplay.lt"]}]}},"_links":{"self":[{"href":"https:\/\/kidsplay.lt\/lv\/wp-json\/wp\/v2\/product\/69768","targetHints":{"allow":["GET"]}}],"collection":[{"href":"https:\/\/kidsplay.lt\/lv\/wp-json\/wp\/v2\/product"}],"about":[{"href":"https:\/\/kidsplay.lt\/lv\/wp-json\/wp\/v2\/types\/product"}],"version-history":[{"count":3,"href":"https:\/\/kidsplay.lt\/lv\/wp-json\/wp\/v2\/product\/69768\/revisions"}],"predecessor-version":[{"id":80814,"href":"https:\/\/kidsplay.lt\/lv\/wp-json\/wp\/v2\/product\/69768\/revisions\/80814"}],"wp:featuredmedia":[{"embeddable":true,"href":"https:\/\/kidsplay.lt\/lv\/wp-json\/wp\/v2\/media\/62423"}],"wp:attachment":[{"href":"https:\/\/kidsplay.lt\/lv\/wp-json\/wp\/v2\/media?parent=69768"}],"wp:term":[{"taxonomy":"product_brand","embeddable":true,"href":"https:\/\/kidsplay.lt\/lv\/wp-json\/wp\/v2\/product_brand?post=69768"},{"taxonomy":"product_cat","embeddable":true,"href":"https:\/\/kidsplay.lt\/lv\/wp-json\/wp\/v2\/product_cat?post=69768"},{"taxonomy":"product_tag","embeddable":true,"href":"https:\/\/kidsplay.lt\/lv\/wp-json\/wp\/v2\/product_tag?post=69768"}],"curies":[{"name":"wp","href":"https:\/\/api.w.org\/{rel}","templated":true}]}}