{"id":69770,"date":"2025-10-02T13:31:31","date_gmt":"2025-10-02T10:31:31","guid":{"rendered":"https:\/\/kidsplay.lt\/produktas\/woopie-5-viename-stem-statybiniu-kaladeliu-transporto-priemoniu-rinkinys-2\/"},"modified":"2026-04-13T14:54:47","modified_gmt":"2026-04-13T11:54:47","slug":"woopie-5-viename-stem-statybiniu-kaladeliu-transporto-priemoniu-rinkinys-2","status":"publish","type":"product","link":"https:\/\/kidsplay.lt\/lv\/products\/woopie-5-viename-stem-statybiniu-kaladeliu-transporto-priemoniu-rinkinys-2\/","title":{"rendered":"WOOPIE 5-in-1 STEM b\u016bvkluc\u012b\u0161u transportl\u012bdzek\u013cu komplekts"},"content":{"rendered":"<p>\u0160is WOOPIE\u00a05 viename transporto priemoni\u0173 konstravimo rinkinys\u00a0yra puikus b\u016bdas u\u017esiimti k\u016brybi\u0161kais \u017eaidimais \u2013 jis jus u\u017eims valand\u0173 valandas ir\u00a0atskleis k\u016brybini\u0173 id\u0117j\u0173 pasaul\u012f!\u00a0\u017dadinkite savo vaiko\u00a0vaizduot\u0119\u00a0ir\u00a0miklum\u0105\u00a0su \u0161iais unikaliais,\u00a0lanks\u010diais konstruktoriais!\u00a0Rinkin\u012f sudaro\u00a0118 detali\u0173\u00a0,\u00a0kurios leis jums sukurti \u012fvairias\u00a0transporto priemones\u00a0, \u012fskaitant\u00a0buldozer\u012f, sraigtasparn\u012f, l\u0117ktuv\u0105\u00a0\u00a0ir\u00a0gokart\u0105\u00a0.\u00a0\u00a0Ugdydamas k\u016brybi\u0161kum\u0105\u00a0ir\u00a0miklum\u0105\u00a0, jis leid\u017eia kiekvienam vaikui tyrin\u0117ti konstravimo\u00a0ir\u00a0dizaino\u00a0pasaul\u012f\u00a0taip, kad teikt\u0173\u00a0did\u017eiul\u012f pasitenkinim\u0105 ir d\u017eiaugsm\u0105.<\/p>\n<p>STEM \u017eaislai\u00a0\u00a0moko vaikus konstruoti ir kurti modelius, kartu lavindami prie\u017easties ir pasekm\u0117s m\u0105stym\u0105 bei erdvin\u012f planavim\u0105. Idealiai tinka vaikams, kuriems reikia daugiau laiko mokytis, sunkum\u0105 galima pritaikyti prie j\u0173 geb\u0117jim\u0173. \u017daidimas su kalad\u0117l\u0117mis lavina koordinacij\u0105, stiprina rank\u0173 raumenis ir gerina smulki\u0105j\u0105 motorik\u0105.<\/p>\n<p>Rakstur\u012bgs:<\/p>\n<p>&#8211;\u00a0\u017daislas\u00a0skirtas 5 met\u0173 ir vyresniems<br \/>\n&#8211; 132\u00a0lankst\u016bs elementai<br \/>\n&#8211; Galimyb\u0117 kurti\u00a0judan\u010dias dalis\u00a0(pvz., ekskavatori\u0173 su judan\u010diu kau\u0161u)<br \/>\n&#8211; Auk\u0161tos kokyb\u0117s med\u017eiagos\u00a0, saugios vaikams<br \/>\n&#8211; jei neturite id\u0117j\u0173, rinkinyje yra i\u0161samios instrukcijos, kurios pad\u0117s jums sukonstruoti transporto priemon\u0119<br \/>\n&#8211;\u00a0\u00a0 Puiki dovana Kal\u0117doms ar gimtadieniui!<br \/>\nRinkin\u012f sudaro:\u00a0\u012fvairi\u0173 form\u0173 kalad\u0117l\u0117s, atsuktuvas ir atviro galo ver\u017eliaraktis, tvirtinimo var\u017etai su ver\u017el\u0117mis, ratai, iliustracin\u0117s instrukcijos 6 skirting\u0173 statybviet\u0117s transporto priemoni\u0173 surinkimui.<\/p>\n<p>Rinkinys leid\u017eia sukonstruoti 6 skirtingas transporto priemones:<\/p>\n<p>&#8211; l\u0117ktuvas<br \/>\n&#8211; kartingas<br \/>\n&#8211; buldozeris<br \/>\n&#8211; sraigtasparnis<br \/>\n&#8211; motoroleris<\/p>\n<p>Rinkinys vystosi:<\/p>\n<p>&#8211;\u00a0K\u016brybi\u0161kumas\u00a0ir\u00a0vaizduot\u0117,<br \/>\n&#8211; Loginis m\u0105stymas,<br \/>\n&#8211; Rankiniai\u00a0\u012fg\u016bd\u017eiai\u00a0ir\u00a0motorin\u0117-sensorin\u0117 koordinacija\u00a0, \u012fskaitant geb\u0117jim\u0105 pasirinkti formas ir atskirti spalvas,<br \/>\n&#8211;\u00a0Erdvinis m\u0105stymas\u00a0.<\/p>","protected":false},"excerpt":{"rendered":"<p>WOOPIE 5-in-1 STEM b\u016bvkluc\u012b\u0161u transportl\u012bdzek\u013cu komplekts<\/p>","protected":false},"featured_media":62428,"template":"","meta":{"_acf_changed":false,"_glsr_average":0,"_glsr_ranking":0,"_glsr_reviews":0},"product_brand":[],"product_cat":[72,446,229],"product_tag":[],"class_list":{"0":"post-69770","1":"product","2":"type-product","3":"status-publish","4":"has-post-thumbnail","6":"product_cat-ispardavimas","7":"product_cat-konstruktoriai","8":"product_cat-zaislai-vaikams","9":"\"style=\"background-color: #2ecc711c;\"","11":"first","12":"instock","13":"sale","14":"purchasable","15":"product-type-simple"},"acf":[],"yoast_head":"<!-- This site is optimized with the Yoast SEO plugin v27.4 - https:\/\/yoast.com\/product\/yoast-seo-wordpress\/ -->\n<title>WOOPIE 5 viename STEM statybini\u0173 kalad\u0117li\u0173 transporto priemoni\u0173 rinkinys<\/title>\n<meta name=\"description\" content=\"WOOPIE 5 viename STEM statybini\u0173 kalad\u0117li\u0173 transporto priemoni\u0173 rinkinys\" \/>\n<meta name=\"robots\" content=\"index, follow, max-snippet:-1, max-image-preview:large, max-video-preview:-1\" \/>\n<link rel=\"canonical\" href=\"https:\/\/kidsplay.lt\/lv\/products\/woopie-5-viename-stem-statybiniu-kaladeliu-transporto-priemoniu-rinkinys-2\/\" \/>\n<meta property=\"og:locale\" content=\"lv_LV\" \/>\n<meta property=\"og:type\" content=\"article\" \/>\n<meta property=\"og:title\" content=\"WOOPIE 5 viename STEM statybini\u0173 kalad\u0117li\u0173 transporto priemoni\u0173 rinkinys\" \/>\n<meta property=\"og:description\" content=\"WOOPIE 5 viename STEM statybini\u0173 kalad\u0117li\u0173 transporto priemoni\u0173 rinkinys\" \/>\n<meta property=\"og:url\" content=\"https:\/\/kidsplay.lt\/lv\/products\/woopie-5-viename-stem-statybiniu-kaladeliu-transporto-priemoniu-rinkinys-2\/\" \/>\n<meta property=\"og:site_name\" content=\"KidsPlay\" \/>\n<meta property=\"article:publisher\" content=\"https:\/\/www.facebook.com\/www.kidsplay.lt\" \/>\n<meta property=\"article:modified_time\" content=\"2026-04-13T11:54:47+00:00\" \/>\n<meta property=\"og:image\" content=\"https:\/\/kidsplay.lt\/wp-content\/uploads\/2025\/09\/WOOPIE-5-viename-STEM-statybiniu-kaladeliu-transporto-priemoniu-rinkinys.jpg\" \/>\n\t<meta property=\"og:image:width\" content=\"2560\" \/>\n\t<meta property=\"og:image:height\" content=\"2560\" \/>\n\t<meta property=\"og:image:type\" content=\"image\/jpeg\" \/>\n<meta name=\"twitter:card\" content=\"summary_large_image\" \/>\n<meta name=\"twitter:label1\" content=\"Est. reading time\" \/>\n\t<meta name=\"twitter:data1\" content=\"2 min\u016btes\" \/>\n<script type=\"application\/ld+json\" class=\"yoast-schema-graph\">{\"@context\":\"https:\\\/\\\/schema.org\",\"@graph\":[{\"@type\":\"WebPage\",\"@id\":\"https:\\\/\\\/kidsplay.lt\\\/produktas\\\/woopie-5-viename-stem-statybiniu-kaladeliu-transporto-priemoniu-rinkinys-2\\\/\",\"url\":\"https:\\\/\\\/kidsplay.lt\\\/produktas\\\/woopie-5-viename-stem-statybiniu-kaladeliu-transporto-priemoniu-rinkinys-2\\\/\",\"name\":\"WOOPIE 5 viename STEM statybini\u0173 kalad\u0117li\u0173 transporto priemoni\u0173 rinkinys\",\"isPartOf\":{\"@id\":\"https:\\\/\\\/kidsplay.lt\\\/#website\"},\"primaryImageOfPage\":{\"@id\":\"https:\\\/\\\/kidsplay.lt\\\/produktas\\\/woopie-5-viename-stem-statybiniu-kaladeliu-transporto-priemoniu-rinkinys-2\\\/#primaryimage\"},\"image\":{\"@id\":\"https:\\\/\\\/kidsplay.lt\\\/produktas\\\/woopie-5-viename-stem-statybiniu-kaladeliu-transporto-priemoniu-rinkinys-2\\\/#primaryimage\"},\"thumbnailUrl\":\"https:\\\/\\\/kidsplay.lt\\\/wp-content\\\/uploads\\\/2025\\\/09\\\/WOOPIE-5-viename-STEM-statybiniu-kaladeliu-transporto-priemoniu-rinkinys.jpg\",\"datePublished\":\"2025-10-02T10:31:31+00:00\",\"dateModified\":\"2026-04-13T11:54:47+00:00\",\"description\":\"WOOPIE 5 viename STEM statybini\u0173 kalad\u0117li\u0173 transporto priemoni\u0173 rinkinys\",\"breadcrumb\":{\"@id\":\"https:\\\/\\\/kidsplay.lt\\\/produktas\\\/woopie-5-viename-stem-statybiniu-kaladeliu-transporto-priemoniu-rinkinys-2\\\/#breadcrumb\"},\"inLanguage\":\"lv-LV\",\"potentialAction\":[{\"@type\":\"ReadAction\",\"target\":[\"https:\\\/\\\/kidsplay.lt\\\/produktas\\\/woopie-5-viename-stem-statybiniu-kaladeliu-transporto-priemoniu-rinkinys-2\\\/\"]}]},{\"@type\":\"ImageObject\",\"inLanguage\":\"lv-LV\",\"@id\":\"https:\\\/\\\/kidsplay.lt\\\/produktas\\\/woopie-5-viename-stem-statybiniu-kaladeliu-transporto-priemoniu-rinkinys-2\\\/#primaryimage\",\"url\":\"https:\\\/\\\/kidsplay.lt\\\/wp-content\\\/uploads\\\/2025\\\/09\\\/WOOPIE-5-viename-STEM-statybiniu-kaladeliu-transporto-priemoniu-rinkinys.jpg\",\"contentUrl\":\"https:\\\/\\\/kidsplay.lt\\\/wp-content\\\/uploads\\\/2025\\\/09\\\/WOOPIE-5-viename-STEM-statybiniu-kaladeliu-transporto-priemoniu-rinkinys.jpg\",\"width\":2560,\"height\":2560,\"caption\":\"WOOPIE 5 viename STEM statybini\u0173 kalad\u0117li\u0173 transporto priemoni\u0173 rinkinys\"},{\"@type\":\"BreadcrumbList\",\"@id\":\"https:\\\/\\\/kidsplay.lt\\\/produktas\\\/woopie-5-viename-stem-statybiniu-kaladeliu-transporto-priemoniu-rinkinys-2\\\/#breadcrumb\",\"itemListElement\":[{\"@type\":\"ListItem\",\"position\":1,\"name\":\"Pagrindinis\",\"item\":\"https:\\\/\\\/kidsplay.lt\\\/\"},{\"@type\":\"ListItem\",\"position\":2,\"name\":\"Parduotuv\u0117\",\"item\":\"https:\\\/\\\/kidsplay.lt\\\/parduotuve\\\/\"},{\"@type\":\"ListItem\",\"position\":3,\"name\":\"WOOPIE 5 viename STEM statybini\u0173 kalad\u0117li\u0173 transporto priemoni\u0173 rinkinys\"}]},{\"@type\":\"WebSite\",\"@id\":\"https:\\\/\\\/kidsplay.lt\\\/#website\",\"url\":\"https:\\\/\\\/kidsplay.lt\\\/\",\"name\":\"Kidsplay.lt\",\"description\":\"\u012evairios prek\u0117s vaikams\",\"publisher\":{\"@id\":\"https:\\\/\\\/kidsplay.lt\\\/#organization\"},\"alternateName\":\"Kidsplay\",\"potentialAction\":[{\"@type\":\"SearchAction\",\"target\":{\"@type\":\"EntryPoint\",\"urlTemplate\":\"https:\\\/\\\/kidsplay.lt\\\/?s={search_term_string}\"},\"query-input\":{\"@type\":\"PropertyValueSpecification\",\"valueRequired\":true,\"valueName\":\"search_term_string\"}}],\"inLanguage\":\"lv-LV\"},{\"@type\":\"Organization\",\"@id\":\"https:\\\/\\\/kidsplay.lt\\\/#organization\",\"name\":\"KidsPlay\",\"url\":\"https:\\\/\\\/kidsplay.lt\\\/\",\"logo\":{\"@type\":\"ImageObject\",\"inLanguage\":\"lv-LV\",\"@id\":\"https:\\\/\\\/kidsplay.lt\\\/#\\\/schema\\\/logo\\\/image\\\/\",\"url\":\"https:\\\/\\\/kidsplay.lt\\\/wp-content\\\/uploads\\\/2023\\\/07\\\/kidsplay-logo.png\",\"contentUrl\":\"https:\\\/\\\/kidsplay.lt\\\/wp-content\\\/uploads\\\/2023\\\/07\\\/kidsplay-logo.png\",\"width\":451,\"height\":98,\"caption\":\"KidsPlay\"},\"image\":{\"@id\":\"https:\\\/\\\/kidsplay.lt\\\/#\\\/schema\\\/logo\\\/image\\\/\"},\"sameAs\":[\"https:\\\/\\\/www.facebook.com\\\/www.kidsplay.lt\"]}]}<\/script>\n<!-- \/ Yoast SEO plugin. -->","yoast_head_json":{"title":"WOOPIE 5-in-1 STEM b\u016bvkluc\u012b\u0161u transportl\u012bdzek\u013cu komplekts","description":"WOOPIE 5-in-1 STEM b\u016bvkluc\u012b\u0161u transportl\u012bdzek\u013cu komplekts","robots":{"index":"index","follow":"follow","max-snippet":"max-snippet:-1","max-image-preview":"max-image-preview:large","max-video-preview":"max-video-preview:-1"},"canonical":"https:\/\/kidsplay.lt\/lv\/products\/woopie-5-viename-stem-statybiniu-kaladeliu-transporto-priemoniu-rinkinys-2\/","og_locale":"lv_LV","og_type":"article","og_title":"WOOPIE 5 viename STEM statybini\u0173 kalad\u0117li\u0173 transporto priemoni\u0173 rinkinys","og_description":"WOOPIE 5 viename STEM statybini\u0173 kalad\u0117li\u0173 transporto priemoni\u0173 rinkinys","og_url":"https:\/\/kidsplay.lt\/lv\/products\/woopie-5-viename-stem-statybiniu-kaladeliu-transporto-priemoniu-rinkinys-2\/","og_site_name":"KidsPlay","article_publisher":"https:\/\/www.facebook.com\/www.kidsplay.lt","article_modified_time":"2026-04-13T11:54:47+00:00","og_image":[{"width":2560,"height":2560,"url":"https:\/\/kidsplay.lt\/wp-content\/uploads\/2025\/09\/WOOPIE-5-viename-STEM-statybiniu-kaladeliu-transporto-priemoniu-rinkinys.jpg","type":"image\/jpeg"}],"twitter_card":"summary_large_image","twitter_misc":{"Est. reading time":"2 min\u016btes"},"schema":{"@context":"https:\/\/schema.org","@graph":[{"@type":"WebPage","@id":"https:\/\/kidsplay.lt\/produktas\/woopie-5-viename-stem-statybiniu-kaladeliu-transporto-priemoniu-rinkinys-2\/","url":"https:\/\/kidsplay.lt\/produktas\/woopie-5-viename-stem-statybiniu-kaladeliu-transporto-priemoniu-rinkinys-2\/","name":"WOOPIE 5-in-1 STEM b\u016bvkluc\u012b\u0161u transportl\u012bdzek\u013cu komplekts","isPartOf":{"@id":"https:\/\/kidsplay.lt\/#website"},"primaryImageOfPage":{"@id":"https:\/\/kidsplay.lt\/produktas\/woopie-5-viename-stem-statybiniu-kaladeliu-transporto-priemoniu-rinkinys-2\/#primaryimage"},"image":{"@id":"https:\/\/kidsplay.lt\/produktas\/woopie-5-viename-stem-statybiniu-kaladeliu-transporto-priemoniu-rinkinys-2\/#primaryimage"},"thumbnailUrl":"https:\/\/kidsplay.lt\/wp-content\/uploads\/2025\/09\/WOOPIE-5-viename-STEM-statybiniu-kaladeliu-transporto-priemoniu-rinkinys.jpg","datePublished":"2025-10-02T10:31:31+00:00","dateModified":"2026-04-13T11:54:47+00:00","description":"WOOPIE 5-in-1 STEM b\u016bvkluc\u012b\u0161u transportl\u012bdzek\u013cu komplekts","breadcrumb":{"@id":"https:\/\/kidsplay.lt\/produktas\/woopie-5-viename-stem-statybiniu-kaladeliu-transporto-priemoniu-rinkinys-2\/#breadcrumb"},"inLanguage":"lv-LV","potentialAction":[{"@type":"ReadAction","target":["https:\/\/kidsplay.lt\/produktas\/woopie-5-viename-stem-statybiniu-kaladeliu-transporto-priemoniu-rinkinys-2\/"]}]},{"@type":"ImageObject","inLanguage":"lv-LV","@id":"https:\/\/kidsplay.lt\/produktas\/woopie-5-viename-stem-statybiniu-kaladeliu-transporto-priemoniu-rinkinys-2\/#primaryimage","url":"https:\/\/kidsplay.lt\/wp-content\/uploads\/2025\/09\/WOOPIE-5-viename-STEM-statybiniu-kaladeliu-transporto-priemoniu-rinkinys.jpg","contentUrl":"https:\/\/kidsplay.lt\/wp-content\/uploads\/2025\/09\/WOOPIE-5-viename-STEM-statybiniu-kaladeliu-transporto-priemoniu-rinkinys.jpg","width":2560,"height":2560,"caption":"WOOPIE 5 viename STEM statybini\u0173 kalad\u0117li\u0173 transporto priemoni\u0173 rinkinys"},{"@type":"BreadcrumbList","@id":"https:\/\/kidsplay.lt\/produktas\/woopie-5-viename-stem-statybiniu-kaladeliu-transporto-priemoniu-rinkinys-2\/#breadcrumb","itemListElement":[{"@type":"ListItem","position":1,"name":"Pagrindinis","item":"https:\/\/kidsplay.lt\/"},{"@type":"ListItem","position":2,"name":"Parduotuv\u0117","item":"https:\/\/kidsplay.lt\/parduotuve\/"},{"@type":"ListItem","position":3,"name":"WOOPIE 5 viename STEM statybini\u0173 kalad\u0117li\u0173 transporto priemoni\u0173 rinkinys"}]},{"@type":"WebSite","@id":"https:\/\/kidsplay.lt\/#website","url":"https:\/\/kidsplay.lt\/","name":"B\u0113rnu sp\u0113les.lv","description":"\u012evairios prek\u0117s vaikams","publisher":{"@id":"https:\/\/kidsplay.lt\/#organization"},"alternateName":"Kidsplay","potentialAction":[{"@type":"SearchAction","target":{"@type":"EntryPoint","urlTemplate":"https:\/\/kidsplay.lt\/?s={search_term_string}"},"query-input":{"@type":"PropertyValueSpecification","valueRequired":true,"valueName":"search_term_string"}}],"inLanguage":"lv-LV"},{"@type":"Organization","@id":"https:\/\/kidsplay.lt\/#organization","name":"B\u0113rnu sp\u0113le","url":"https:\/\/kidsplay.lt\/","logo":{"@type":"ImageObject","inLanguage":"lv-LV","@id":"https:\/\/kidsplay.lt\/#\/schema\/logo\/image\/","url":"https:\/\/kidsplay.lt\/wp-content\/uploads\/2023\/07\/kidsplay-logo.png","contentUrl":"https:\/\/kidsplay.lt\/wp-content\/uploads\/2023\/07\/kidsplay-logo.png","width":451,"height":98,"caption":"KidsPlay"},"image":{"@id":"https:\/\/kidsplay.lt\/#\/schema\/logo\/image\/"},"sameAs":["https:\/\/www.facebook.com\/www.kidsplay.lt"]}]}},"_links":{"self":[{"href":"https:\/\/kidsplay.lt\/lv\/wp-json\/wp\/v2\/product\/69770","targetHints":{"allow":["GET"]}}],"collection":[{"href":"https:\/\/kidsplay.lt\/lv\/wp-json\/wp\/v2\/product"}],"about":[{"href":"https:\/\/kidsplay.lt\/lv\/wp-json\/wp\/v2\/types\/product"}],"version-history":[{"count":3,"href":"https:\/\/kidsplay.lt\/lv\/wp-json\/wp\/v2\/product\/69770\/revisions"}],"predecessor-version":[{"id":80809,"href":"https:\/\/kidsplay.lt\/lv\/wp-json\/wp\/v2\/product\/69770\/revisions\/80809"}],"wp:featuredmedia":[{"embeddable":true,"href":"https:\/\/kidsplay.lt\/lv\/wp-json\/wp\/v2\/media\/62428"}],"wp:attachment":[{"href":"https:\/\/kidsplay.lt\/lv\/wp-json\/wp\/v2\/media?parent=69770"}],"wp:term":[{"taxonomy":"product_brand","embeddable":true,"href":"https:\/\/kidsplay.lt\/lv\/wp-json\/wp\/v2\/product_brand?post=69770"},{"taxonomy":"product_cat","embeddable":true,"href":"https:\/\/kidsplay.lt\/lv\/wp-json\/wp\/v2\/product_cat?post=69770"},{"taxonomy":"product_tag","embeddable":true,"href":"https:\/\/kidsplay.lt\/lv\/wp-json\/wp\/v2\/product_tag?post=69770"}],"curies":[{"name":"wp","href":"https:\/\/api.w.org\/{rel}","templated":true}]}}