{"id":69784,"date":"2025-10-02T13:32:04","date_gmt":"2025-10-02T10:32:04","guid":{"rendered":"https:\/\/kidsplay.lt\/produktas\/woopie-royal-deep-leles-vezimelis-3in1-nesiokle-2\/"},"modified":"2026-03-11T17:30:35","modified_gmt":"2026-03-11T15:30:35","slug":"woopie-royal-deep-leles-vezimelis-3in1-nesiokle-2","status":"publish","type":"product","link":"https:\/\/kidsplay.lt\/lv\/products\/woopie-royal-deep-leles-vezimelis-3in1-nesiokle-2\/","title":{"rendered":"WOOPIE ROYAL Deep l\u0117l\u0117s ve\u017eim\u0117lis 3in1 ne\u0161iokl\u0117"},"content":{"rendered":"<p>\u0160is stilingas ir funkcionalus\u00a0WOOPIE ROYAL\u00a0l\u0117li\u0173 ve\u017eim\u0117lis\u00a0su rausvais ta\u0161keliais \u2013 puikus pasirinkimas bet kuriam ma\u017eajam l\u0117li\u0173 myl\u0117tojui! Ve\u017eim\u0117lis turi reguliuojam\u0105 ranken\u0105, tod\u0117l j\u012f galima pritaikyti prie vaiko \u016bgio. Tyl\u016bs ratukai u\u017etikrina skland\u0173 manevringum\u0105, o stabili konstrukcija \u2013 saug\u0173 \u017eaidim\u0105. Be to, ve\u017eim\u0117lis transformuojasi \u012f vaiki\u0161k\u0105 ve\u017eim\u0117l\u012f, o nuimamos dalies d\u0117ka j\u012f galima naudoti ir kaip ne\u0161iokl\u0119, ir kaip krep\u0161\u012f. Ve\u017eim\u0117lis turi i\u0161skleid\u017eiam\u0105 ir u\u017edarom\u0105 stogel\u012f bei erdv\u0173 krep\u0161\u012f smulkiems daiktams.<\/p>\n<p>Rakstur\u012bgs:<\/p>\n<p> \t&#8211; \u017daislas nuo 3 met\u0173 am\u017eiaus<br \/>\n \t&#8211; Reguliuojama rankena \u2013 ve\u017eim\u0117l\u012f galima lengvai pritaikyti prie vaiko \u016bgio<br \/>\n \t&#8211; Sulankstomas gaubtas ir r\u0117mas<br \/>\n \t&#8211; 3 viename ve\u017eim\u0117lis &#8211; ve\u017eim\u0117lis, vaiki\u0161kas ve\u017eim\u0117lis, k\u016bdikio ne\u0161iokl\u0117,<br \/>\n \t&#8211; Lengva, bet stabili konstrukcija<\/p>\n<p>\u017daidimas su l\u0117l\u0117mis lavina:<\/p>\n<p> \t&#8211; Socialiniai \u012fg\u016bd\u017eiai<br \/>\n \t&#8211; K\u016brybi\u0161kumas ir vaizduot\u0117<br \/>\n \t&#8211; Empatija ir atsakomyb\u0117s jausmas<\/p>","protected":false},"excerpt":{"rendered":"<p>WOOPIE ROYAL Deep l\u0117l\u0117s ve\u017eim\u0117lis 3in1 ne\u0161iokl\u0117<\/p>","protected":false},"featured_media":62453,"template":"","meta":{"_acf_changed":false,"_glsr_average":0,"_glsr_ranking":0,"_glsr_reviews":0},"product_brand":[],"product_cat":[295,229],"product_tag":[],"class_list":{"0":"post-69784","1":"product","2":"type-product","3":"status-publish","4":"has-post-thumbnail","6":"product_cat-vezimeliai-lelems","7":"product_cat-zaislai-vaikams","8":"\"style=\"background-color: #2ecc711c;\"","10":"first","11":"outofstock","12":"purchasable","13":"product-type-simple"},"acf":[],"yoast_head":"<!-- This site is optimized with the Yoast SEO plugin v27.4 - https:\/\/yoast.com\/product\/yoast-seo-wordpress\/ -->\n<title>WOOPIE ROYAL Deep l\u0117l\u0117s ve\u017eim\u0117lis 3in1 ne\u0161iokl\u0117<\/title>\n<meta name=\"description\" content=\"WOOPIE ROYAL Deep l\u0117l\u0117s ve\u017eim\u0117lis 3in1 ne\u0161iokl\u0117\" \/>\n<meta name=\"robots\" content=\"index, follow, max-snippet:-1, max-image-preview:large, max-video-preview:-1\" \/>\n<link rel=\"canonical\" href=\"https:\/\/kidsplay.lt\/lv\/products\/woopie-royal-deep-leles-vezimelis-3in1-nesiokle-2\/\" \/>\n<meta property=\"og:locale\" content=\"lv_LV\" \/>\n<meta property=\"og:type\" content=\"article\" \/>\n<meta property=\"og:title\" content=\"WOOPIE ROYAL Deep l\u0117l\u0117s ve\u017eim\u0117lis 3in1 ne\u0161iokl\u0117\" \/>\n<meta property=\"og:description\" content=\"WOOPIE ROYAL Deep l\u0117l\u0117s ve\u017eim\u0117lis 3in1 ne\u0161iokl\u0117\" \/>\n<meta property=\"og:url\" content=\"https:\/\/kidsplay.lt\/lv\/products\/woopie-royal-deep-leles-vezimelis-3in1-nesiokle-2\/\" \/>\n<meta property=\"og:site_name\" content=\"KidsPlay\" \/>\n<meta property=\"article:publisher\" content=\"https:\/\/www.facebook.com\/www.kidsplay.lt\" \/>\n<meta property=\"article:modified_time\" content=\"2026-03-11T15:30:35+00:00\" \/>\n<meta property=\"og:image\" content=\"https:\/\/kidsplay.lt\/wp-content\/uploads\/2025\/09\/WOOPIE-ROYAL-Deep-leles-vezimelis-3in1-nesiokle.jpg\" \/>\n\t<meta property=\"og:image:width\" content=\"2560\" \/>\n\t<meta property=\"og:image:height\" content=\"2560\" \/>\n\t<meta property=\"og:image:type\" content=\"image\/jpeg\" \/>\n<meta name=\"twitter:card\" content=\"summary_large_image\" \/>\n<meta name=\"twitter:label1\" content=\"Est. reading time\" \/>\n\t<meta name=\"twitter:data1\" content=\"1 min\u016bte\" \/>\n<script type=\"application\/ld+json\" class=\"yoast-schema-graph\">{\"@context\":\"https:\\\/\\\/schema.org\",\"@graph\":[{\"@type\":\"WebPage\",\"@id\":\"https:\\\/\\\/kidsplay.lt\\\/produktas\\\/woopie-royal-deep-leles-vezimelis-3in1-nesiokle-2\\\/\",\"url\":\"https:\\\/\\\/kidsplay.lt\\\/produktas\\\/woopie-royal-deep-leles-vezimelis-3in1-nesiokle-2\\\/\",\"name\":\"WOOPIE ROYAL Deep l\u0117l\u0117s ve\u017eim\u0117lis 3in1 ne\u0161iokl\u0117\",\"isPartOf\":{\"@id\":\"https:\\\/\\\/kidsplay.lt\\\/#website\"},\"primaryImageOfPage\":{\"@id\":\"https:\\\/\\\/kidsplay.lt\\\/produktas\\\/woopie-royal-deep-leles-vezimelis-3in1-nesiokle-2\\\/#primaryimage\"},\"image\":{\"@id\":\"https:\\\/\\\/kidsplay.lt\\\/produktas\\\/woopie-royal-deep-leles-vezimelis-3in1-nesiokle-2\\\/#primaryimage\"},\"thumbnailUrl\":\"https:\\\/\\\/kidsplay.lt\\\/wp-content\\\/uploads\\\/2025\\\/09\\\/WOOPIE-ROYAL-Deep-leles-vezimelis-3in1-nesiokle.jpg\",\"datePublished\":\"2025-10-02T10:32:04+00:00\",\"dateModified\":\"2026-03-11T15:30:35+00:00\",\"description\":\"WOOPIE ROYAL Deep l\u0117l\u0117s ve\u017eim\u0117lis 3in1 ne\u0161iokl\u0117\",\"breadcrumb\":{\"@id\":\"https:\\\/\\\/kidsplay.lt\\\/produktas\\\/woopie-royal-deep-leles-vezimelis-3in1-nesiokle-2\\\/#breadcrumb\"},\"inLanguage\":\"lv-LV\",\"potentialAction\":[{\"@type\":\"ReadAction\",\"target\":[\"https:\\\/\\\/kidsplay.lt\\\/produktas\\\/woopie-royal-deep-leles-vezimelis-3in1-nesiokle-2\\\/\"]}]},{\"@type\":\"ImageObject\",\"inLanguage\":\"lv-LV\",\"@id\":\"https:\\\/\\\/kidsplay.lt\\\/produktas\\\/woopie-royal-deep-leles-vezimelis-3in1-nesiokle-2\\\/#primaryimage\",\"url\":\"https:\\\/\\\/kidsplay.lt\\\/wp-content\\\/uploads\\\/2025\\\/09\\\/WOOPIE-ROYAL-Deep-leles-vezimelis-3in1-nesiokle.jpg\",\"contentUrl\":\"https:\\\/\\\/kidsplay.lt\\\/wp-content\\\/uploads\\\/2025\\\/09\\\/WOOPIE-ROYAL-Deep-leles-vezimelis-3in1-nesiokle.jpg\",\"width\":2560,\"height\":2560,\"caption\":\"WOOPIE ROYAL Deep l\u0117l\u0117s ve\u017eim\u0117lis 3in1 ne\u0161iokl\u0117\"},{\"@type\":\"BreadcrumbList\",\"@id\":\"https:\\\/\\\/kidsplay.lt\\\/produktas\\\/woopie-royal-deep-leles-vezimelis-3in1-nesiokle-2\\\/#breadcrumb\",\"itemListElement\":[{\"@type\":\"ListItem\",\"position\":1,\"name\":\"Pagrindinis\",\"item\":\"https:\\\/\\\/kidsplay.lt\\\/\"},{\"@type\":\"ListItem\",\"position\":2,\"name\":\"Parduotuv\u0117\",\"item\":\"https:\\\/\\\/kidsplay.lt\\\/parduotuve\\\/\"},{\"@type\":\"ListItem\",\"position\":3,\"name\":\"WOOPIE ROYAL Deep l\u0117l\u0117s ve\u017eim\u0117lis 3in1 ne\u0161iokl\u0117\"}]},{\"@type\":\"WebSite\",\"@id\":\"https:\\\/\\\/kidsplay.lt\\\/#website\",\"url\":\"https:\\\/\\\/kidsplay.lt\\\/\",\"name\":\"Kidsplay.lt\",\"description\":\"\u012evairios prek\u0117s vaikams\",\"publisher\":{\"@id\":\"https:\\\/\\\/kidsplay.lt\\\/#organization\"},\"alternateName\":\"Kidsplay\",\"potentialAction\":[{\"@type\":\"SearchAction\",\"target\":{\"@type\":\"EntryPoint\",\"urlTemplate\":\"https:\\\/\\\/kidsplay.lt\\\/?s={search_term_string}\"},\"query-input\":{\"@type\":\"PropertyValueSpecification\",\"valueRequired\":true,\"valueName\":\"search_term_string\"}}],\"inLanguage\":\"lv-LV\"},{\"@type\":\"Organization\",\"@id\":\"https:\\\/\\\/kidsplay.lt\\\/#organization\",\"name\":\"KidsPlay\",\"url\":\"https:\\\/\\\/kidsplay.lt\\\/\",\"logo\":{\"@type\":\"ImageObject\",\"inLanguage\":\"lv-LV\",\"@id\":\"https:\\\/\\\/kidsplay.lt\\\/#\\\/schema\\\/logo\\\/image\\\/\",\"url\":\"https:\\\/\\\/kidsplay.lt\\\/wp-content\\\/uploads\\\/2023\\\/07\\\/kidsplay-logo.png\",\"contentUrl\":\"https:\\\/\\\/kidsplay.lt\\\/wp-content\\\/uploads\\\/2023\\\/07\\\/kidsplay-logo.png\",\"width\":451,\"height\":98,\"caption\":\"KidsPlay\"},\"image\":{\"@id\":\"https:\\\/\\\/kidsplay.lt\\\/#\\\/schema\\\/logo\\\/image\\\/\"},\"sameAs\":[\"https:\\\/\\\/www.facebook.com\\\/www.kidsplay.lt\"]}]}<\/script>\n<!-- \/ Yoast SEO plugin. -->","yoast_head_json":{"title":"WOOPIE ROYAL Deep l\u0117l\u0117s ve\u017eim\u0117lis 3in1 ne\u0161iokl\u0117","description":"WOOPIE ROYAL Deep l\u0117l\u0117s ve\u017eim\u0117lis 3in1 ne\u0161iokl\u0117","robots":{"index":"index","follow":"follow","max-snippet":"max-snippet:-1","max-image-preview":"max-image-preview:large","max-video-preview":"max-video-preview:-1"},"canonical":"https:\/\/kidsplay.lt\/lv\/products\/woopie-royal-deep-leles-vezimelis-3in1-nesiokle-2\/","og_locale":"lv_LV","og_type":"article","og_title":"WOOPIE ROYAL Deep l\u0117l\u0117s ve\u017eim\u0117lis 3in1 ne\u0161iokl\u0117","og_description":"WOOPIE ROYAL Deep l\u0117l\u0117s ve\u017eim\u0117lis 3in1 ne\u0161iokl\u0117","og_url":"https:\/\/kidsplay.lt\/lv\/products\/woopie-royal-deep-leles-vezimelis-3in1-nesiokle-2\/","og_site_name":"KidsPlay","article_publisher":"https:\/\/www.facebook.com\/www.kidsplay.lt","article_modified_time":"2026-03-11T15:30:35+00:00","og_image":[{"width":2560,"height":2560,"url":"https:\/\/kidsplay.lt\/wp-content\/uploads\/2025\/09\/WOOPIE-ROYAL-Deep-leles-vezimelis-3in1-nesiokle.jpg","type":"image\/jpeg"}],"twitter_card":"summary_large_image","twitter_misc":{"Est. reading time":"1 min\u016bte"},"schema":{"@context":"https:\/\/schema.org","@graph":[{"@type":"WebPage","@id":"https:\/\/kidsplay.lt\/produktas\/woopie-royal-deep-leles-vezimelis-3in1-nesiokle-2\/","url":"https:\/\/kidsplay.lt\/produktas\/woopie-royal-deep-leles-vezimelis-3in1-nesiokle-2\/","name":"WOOPIE ROYAL Deep l\u0117l\u0117s ve\u017eim\u0117lis 3in1 ne\u0161iokl\u0117","isPartOf":{"@id":"https:\/\/kidsplay.lt\/#website"},"primaryImageOfPage":{"@id":"https:\/\/kidsplay.lt\/produktas\/woopie-royal-deep-leles-vezimelis-3in1-nesiokle-2\/#primaryimage"},"image":{"@id":"https:\/\/kidsplay.lt\/produktas\/woopie-royal-deep-leles-vezimelis-3in1-nesiokle-2\/#primaryimage"},"thumbnailUrl":"https:\/\/kidsplay.lt\/wp-content\/uploads\/2025\/09\/WOOPIE-ROYAL-Deep-leles-vezimelis-3in1-nesiokle.jpg","datePublished":"2025-10-02T10:32:04+00:00","dateModified":"2026-03-11T15:30:35+00:00","description":"WOOPIE ROYAL Deep l\u0117l\u0117s ve\u017eim\u0117lis 3in1 ne\u0161iokl\u0117","breadcrumb":{"@id":"https:\/\/kidsplay.lt\/produktas\/woopie-royal-deep-leles-vezimelis-3in1-nesiokle-2\/#breadcrumb"},"inLanguage":"lv-LV","potentialAction":[{"@type":"ReadAction","target":["https:\/\/kidsplay.lt\/produktas\/woopie-royal-deep-leles-vezimelis-3in1-nesiokle-2\/"]}]},{"@type":"ImageObject","inLanguage":"lv-LV","@id":"https:\/\/kidsplay.lt\/produktas\/woopie-royal-deep-leles-vezimelis-3in1-nesiokle-2\/#primaryimage","url":"https:\/\/kidsplay.lt\/wp-content\/uploads\/2025\/09\/WOOPIE-ROYAL-Deep-leles-vezimelis-3in1-nesiokle.jpg","contentUrl":"https:\/\/kidsplay.lt\/wp-content\/uploads\/2025\/09\/WOOPIE-ROYAL-Deep-leles-vezimelis-3in1-nesiokle.jpg","width":2560,"height":2560,"caption":"WOOPIE ROYAL Deep l\u0117l\u0117s ve\u017eim\u0117lis 3in1 ne\u0161iokl\u0117"},{"@type":"BreadcrumbList","@id":"https:\/\/kidsplay.lt\/produktas\/woopie-royal-deep-leles-vezimelis-3in1-nesiokle-2\/#breadcrumb","itemListElement":[{"@type":"ListItem","position":1,"name":"Pagrindinis","item":"https:\/\/kidsplay.lt\/"},{"@type":"ListItem","position":2,"name":"Parduotuv\u0117","item":"https:\/\/kidsplay.lt\/parduotuve\/"},{"@type":"ListItem","position":3,"name":"WOOPIE ROYAL Deep l\u0117l\u0117s ve\u017eim\u0117lis 3in1 ne\u0161iokl\u0117"}]},{"@type":"WebSite","@id":"https:\/\/kidsplay.lt\/#website","url":"https:\/\/kidsplay.lt\/","name":"B\u0113rnu sp\u0113les.lv","description":"\u012evairios prek\u0117s vaikams","publisher":{"@id":"https:\/\/kidsplay.lt\/#organization"},"alternateName":"Kidsplay","potentialAction":[{"@type":"SearchAction","target":{"@type":"EntryPoint","urlTemplate":"https:\/\/kidsplay.lt\/?s={search_term_string}"},"query-input":{"@type":"PropertyValueSpecification","valueRequired":true,"valueName":"search_term_string"}}],"inLanguage":"lv-LV"},{"@type":"Organization","@id":"https:\/\/kidsplay.lt\/#organization","name":"B\u0113rnu sp\u0113le","url":"https:\/\/kidsplay.lt\/","logo":{"@type":"ImageObject","inLanguage":"lv-LV","@id":"https:\/\/kidsplay.lt\/#\/schema\/logo\/image\/","url":"https:\/\/kidsplay.lt\/wp-content\/uploads\/2023\/07\/kidsplay-logo.png","contentUrl":"https:\/\/kidsplay.lt\/wp-content\/uploads\/2023\/07\/kidsplay-logo.png","width":451,"height":98,"caption":"KidsPlay"},"image":{"@id":"https:\/\/kidsplay.lt\/#\/schema\/logo\/image\/"},"sameAs":["https:\/\/www.facebook.com\/www.kidsplay.lt"]}]}},"_links":{"self":[{"href":"https:\/\/kidsplay.lt\/lv\/wp-json\/wp\/v2\/product\/69784","targetHints":{"allow":["GET"]}}],"collection":[{"href":"https:\/\/kidsplay.lt\/lv\/wp-json\/wp\/v2\/product"}],"about":[{"href":"https:\/\/kidsplay.lt\/lv\/wp-json\/wp\/v2\/types\/product"}],"version-history":[{"count":2,"href":"https:\/\/kidsplay.lt\/lv\/wp-json\/wp\/v2\/product\/69784\/revisions"}],"predecessor-version":[{"id":73458,"href":"https:\/\/kidsplay.lt\/lv\/wp-json\/wp\/v2\/product\/69784\/revisions\/73458"}],"wp:featuredmedia":[{"embeddable":true,"href":"https:\/\/kidsplay.lt\/lv\/wp-json\/wp\/v2\/media\/62453"}],"wp:attachment":[{"href":"https:\/\/kidsplay.lt\/lv\/wp-json\/wp\/v2\/media?parent=69784"}],"wp:term":[{"taxonomy":"product_brand","embeddable":true,"href":"https:\/\/kidsplay.lt\/lv\/wp-json\/wp\/v2\/product_brand?post=69784"},{"taxonomy":"product_cat","embeddable":true,"href":"https:\/\/kidsplay.lt\/lv\/wp-json\/wp\/v2\/product_cat?post=69784"},{"taxonomy":"product_tag","embeddable":true,"href":"https:\/\/kidsplay.lt\/lv\/wp-json\/wp\/v2\/product_tag?post=69784"}],"curies":[{"name":"wp","href":"https:\/\/api.w.org\/{rel}","templated":true}]}}