{"id":69794,"date":"2025-10-02T13:32:26","date_gmt":"2025-10-02T10:32:26","guid":{"rendered":"https:\/\/kidsplay.lt\/produktas\/woopie-royal-lily-kudikio-lele-41-cm-2\/"},"modified":"2026-04-07T10:33:58","modified_gmt":"2026-04-07T07:33:58","slug":"woopie-royal-lily-kudikio-lele-41-cm-2","status":"publish","type":"product","link":"https:\/\/kidsplay.lt\/lv\/product\/woopie-royal-lily-kudikio-lele-41-cm-2\/","title":{"rendered":"WOOPIE ROYAL Lily k\u016bdikio l\u0117l\u0117 41 cm"},"content":{"rendered":"<p>\u017davinga k\u016bdik\u0117 Lily\u00a0i\u0161\u00a0WOOPIE\u00a0ROYAL\u00a0serijos\u00a0privers \u012fsimyl\u0117ti kiekvien\u0105 vaik\u0105! Tereikia pa\u017evelgti \u012f jos miel\u0105 veidel\u012f ir negal\u0117site atsispirti pagundai j\u0105 apkabinti. Ji vilki\u00a0mink\u0161t\u0105\u00a0, ro\u017ein\u012f megztin\u012f, su kaspin\u0117liais, ir dry\u017euotus\u00a0\u0161ortus\u00a0. Tiek kojin\u0117s, tiek\u00a0nuimama kepurait\u0117\u00a0turi \u017eavingus bumbulus, kurie u\u017ebaigia \u012fvaizd\u012f. L\u0117l\u0117 atrodo lyg tikras k\u016bdikis ir m\u0117gsta b\u016bti ne\u0161iojama \u2013 laukia\u00a0meil\u0117s ir apkabinim\u0173\u00a0! Su Lily kiekviena diena virsta gra\u017eiu nuotykiu, kupinu \u0161velnumo ir d\u017eiaugsmo!\u00a0Tai puiki dovana bet kuriam vaikui\u00a0, svajojan\u010diam tur\u0117ti savo mylim\u0105 k\u016bdik\u012f.<br \/>\nRakstur\u012bgs:<\/p>\n<p> \t&#8211; \u017daislas nuo\u00a018 m\u0117nesi\u0173 am\u017eiaus<\/p>\n<p> \t&#8211;\u00a0Puikus dydis\u00a0&#8211; l\u0117l\u0117s ilgis yra\u00a046 cm!<br \/>\n \t&#8211; L\u0117l\u0117 su palaidine, \u0161ortais, kojin\u0117mis ir kepure<br \/>\n \t&#8211; Judan\u010dios gal\u016bn\u0117s<br \/>\n \t&#8211;\u00a0Pagaminta i\u0161 saugi\u0173 ir maloni\u0173 liesti med\u017eiag\u0173 \u2013 puikiai tinka glamon\u0117ti<\/p>\n<p>\u017daidimas su l\u0117l\u0117mis lavina:<\/p>\n<p> \t&#8211;\u00a0Vaizduot\u0117 ir k\u016brybi\u0161kumas:\u00a0vaidmen\u0173 \u017eaidimai (pvz., mama, t\u0117tis, aukl\u0117) lavina vaik\u0173 vaizduot\u0119.<br \/>\n \t&#8211; Empatija ir r\u016bpestis:\u00a0R\u016bpinimasis k\u016bdikio poreikiais ugdo geb\u0117jim\u0105 parodyti \u0161ilum\u0105 ir r\u016bpest\u012f<br \/>\n \t&#8211;\u00a0Socialin\u0117s funkcijos:\u00a0\u017eaidimas su l\u0117le moko bendradarbiauti ir kurti santykius<br \/>\n \t&#8211; Atsakomyb\u0117s jausmas:\u00a0kasdienis \u201er\u016bpinimasis\u201c Lili ugdo atsakomyb\u0119 ir \u012fsipareigojim\u0105<\/p>","protected":false},"excerpt":{"rendered":"<p>WOOPIE ROYAL Lily k\u016bdikio l\u0117l\u0117 41 cm<\/p>","protected":false},"featured_media":62478,"template":"","meta":{"_acf_changed":false,"_glsr_average":0,"_glsr_ranking":0,"_glsr_reviews":0},"product_brand":[],"product_cat":[443,229],"product_tag":[],"class_list":{"0":"post-69794","1":"product","2":"type-product","3":"status-publish","4":"has-post-thumbnail","6":"product_cat-leles-ir-priedai","7":"product_cat-zaislai-vaikams","8":"\"style=\"background-color: #2ecc711c;\"","10":"first","11":"instock","12":"purchasable","13":"product-type-simple"},"acf":[],"yoast_head":"<!-- This site is optimized with the Yoast SEO plugin v27.3 - https:\/\/yoast.com\/product\/yoast-seo-wordpress\/ -->\n<title>WOOPIE ROYAL Lily k\u016bdikio l\u0117l\u0117 41 cm<\/title>\n<meta name=\"description\" content=\"WOOPIE ROYAL Lily k\u016bdikio l\u0117l\u0117 41 cm\" \/>\n<meta name=\"robots\" content=\"index, follow, max-snippet:-1, max-image-preview:large, max-video-preview:-1\" \/>\n<link rel=\"canonical\" href=\"https:\/\/kidsplay.lt\/lv\/product\/woopie-royal-lily-kudikio-lele-41-cm-2\/\" \/>\n<meta property=\"og:locale\" content=\"lv_LV\" \/>\n<meta property=\"og:type\" content=\"article\" \/>\n<meta property=\"og:title\" content=\"WOOPIE ROYAL Lily k\u016bdikio l\u0117l\u0117 41 cm\" \/>\n<meta property=\"og:description\" content=\"WOOPIE ROYAL Lily k\u016bdikio l\u0117l\u0117 41 cm\" \/>\n<meta property=\"og:url\" content=\"https:\/\/kidsplay.lt\/lv\/product\/woopie-royal-lily-kudikio-lele-41-cm-2\/\" \/>\n<meta property=\"og:site_name\" content=\"KidsPlay\" \/>\n<meta property=\"article:publisher\" content=\"https:\/\/www.facebook.com\/www.kidsplay.lt\" \/>\n<meta property=\"article:modified_time\" content=\"2026-04-07T07:33:58+00:00\" \/>\n<meta property=\"og:image\" content=\"https:\/\/kidsplay.lt\/wp-content\/uploads\/2025\/09\/WOOPIE-ROYAL-Lily-kudikio-lele-41-cm.jpg\" \/>\n\t<meta property=\"og:image:width\" content=\"800\" \/>\n\t<meta property=\"og:image:height\" content=\"800\" \/>\n\t<meta property=\"og:image:type\" content=\"image\/jpeg\" \/>\n<meta name=\"twitter:card\" content=\"summary_large_image\" \/>\n<meta name=\"twitter:label1\" content=\"Est. reading time\" \/>\n\t<meta name=\"twitter:data1\" content=\"1 min\u016bte\" \/>\n<script type=\"application\/ld+json\" class=\"yoast-schema-graph\">{\"@context\":\"https:\\\/\\\/schema.org\",\"@graph\":[{\"@type\":\"WebPage\",\"@id\":\"https:\\\/\\\/kidsplay.lt\\\/produktas\\\/woopie-royal-lily-kudikio-lele-41-cm-2\\\/\",\"url\":\"https:\\\/\\\/kidsplay.lt\\\/produktas\\\/woopie-royal-lily-kudikio-lele-41-cm-2\\\/\",\"name\":\"WOOPIE ROYAL Lily k\u016bdikio l\u0117l\u0117 41 cm\",\"isPartOf\":{\"@id\":\"https:\\\/\\\/kidsplay.lt\\\/#website\"},\"primaryImageOfPage\":{\"@id\":\"https:\\\/\\\/kidsplay.lt\\\/produktas\\\/woopie-royal-lily-kudikio-lele-41-cm-2\\\/#primaryimage\"},\"image\":{\"@id\":\"https:\\\/\\\/kidsplay.lt\\\/produktas\\\/woopie-royal-lily-kudikio-lele-41-cm-2\\\/#primaryimage\"},\"thumbnailUrl\":\"https:\\\/\\\/kidsplay.lt\\\/wp-content\\\/uploads\\\/2025\\\/09\\\/WOOPIE-ROYAL-Lily-kudikio-lele-41-cm.jpg\",\"datePublished\":\"2025-10-02T10:32:26+00:00\",\"dateModified\":\"2026-04-07T07:33:58+00:00\",\"description\":\"WOOPIE ROYAL Lily k\u016bdikio l\u0117l\u0117 41 cm\",\"breadcrumb\":{\"@id\":\"https:\\\/\\\/kidsplay.lt\\\/produktas\\\/woopie-royal-lily-kudikio-lele-41-cm-2\\\/#breadcrumb\"},\"inLanguage\":\"lv-LV\",\"potentialAction\":[{\"@type\":\"ReadAction\",\"target\":[\"https:\\\/\\\/kidsplay.lt\\\/produktas\\\/woopie-royal-lily-kudikio-lele-41-cm-2\\\/\"]}]},{\"@type\":\"ImageObject\",\"inLanguage\":\"lv-LV\",\"@id\":\"https:\\\/\\\/kidsplay.lt\\\/produktas\\\/woopie-royal-lily-kudikio-lele-41-cm-2\\\/#primaryimage\",\"url\":\"https:\\\/\\\/kidsplay.lt\\\/wp-content\\\/uploads\\\/2025\\\/09\\\/WOOPIE-ROYAL-Lily-kudikio-lele-41-cm.jpg\",\"contentUrl\":\"https:\\\/\\\/kidsplay.lt\\\/wp-content\\\/uploads\\\/2025\\\/09\\\/WOOPIE-ROYAL-Lily-kudikio-lele-41-cm.jpg\",\"width\":2560,\"height\":2560,\"caption\":\"WOOPIE ROYAL Lily k\u016bdikio l\u0117l\u0117 41 cm\"},{\"@type\":\"BreadcrumbList\",\"@id\":\"https:\\\/\\\/kidsplay.lt\\\/produktas\\\/woopie-royal-lily-kudikio-lele-41-cm-2\\\/#breadcrumb\",\"itemListElement\":[{\"@type\":\"ListItem\",\"position\":1,\"name\":\"Pagrindinis\",\"item\":\"https:\\\/\\\/kidsplay.lt\\\/\"},{\"@type\":\"ListItem\",\"position\":2,\"name\":\"Parduotuv\u0117\",\"item\":\"https:\\\/\\\/kidsplay.lt\\\/parduotuve\\\/\"},{\"@type\":\"ListItem\",\"position\":3,\"name\":\"WOOPIE ROYAL Lily k\u016bdikio l\u0117l\u0117 41 cm\"}]},{\"@type\":\"WebSite\",\"@id\":\"https:\\\/\\\/kidsplay.lt\\\/#website\",\"url\":\"https:\\\/\\\/kidsplay.lt\\\/\",\"name\":\"Kidsplay.lt\",\"description\":\"\u012evairios prek\u0117s vaikams\",\"publisher\":{\"@id\":\"https:\\\/\\\/kidsplay.lt\\\/#organization\"},\"alternateName\":\"Kidsplay\",\"potentialAction\":[{\"@type\":\"SearchAction\",\"target\":{\"@type\":\"EntryPoint\",\"urlTemplate\":\"https:\\\/\\\/kidsplay.lt\\\/?s={search_term_string}\"},\"query-input\":{\"@type\":\"PropertyValueSpecification\",\"valueRequired\":true,\"valueName\":\"search_term_string\"}}],\"inLanguage\":\"lv-LV\"},{\"@type\":\"Organization\",\"@id\":\"https:\\\/\\\/kidsplay.lt\\\/#organization\",\"name\":\"KidsPlay\",\"url\":\"https:\\\/\\\/kidsplay.lt\\\/\",\"logo\":{\"@type\":\"ImageObject\",\"inLanguage\":\"lv-LV\",\"@id\":\"https:\\\/\\\/kidsplay.lt\\\/#\\\/schema\\\/logo\\\/image\\\/\",\"url\":\"https:\\\/\\\/kidsplay.lt\\\/wp-content\\\/uploads\\\/2023\\\/07\\\/kidsplay-logo.png\",\"contentUrl\":\"https:\\\/\\\/kidsplay.lt\\\/wp-content\\\/uploads\\\/2023\\\/07\\\/kidsplay-logo.png\",\"width\":451,\"height\":98,\"caption\":\"KidsPlay\"},\"image\":{\"@id\":\"https:\\\/\\\/kidsplay.lt\\\/#\\\/schema\\\/logo\\\/image\\\/\"},\"sameAs\":[\"https:\\\/\\\/www.facebook.com\\\/www.kidsplay.lt\"]}]}<\/script>\n<!-- \/ Yoast SEO plugin. -->","yoast_head_json":{"title":"WOOPIE ROYAL Lily k\u016bdikio l\u0117l\u0117 41 cm","description":"WOOPIE ROYAL Lily k\u016bdikio l\u0117l\u0117 41 cm","robots":{"index":"index","follow":"follow","max-snippet":"max-snippet:-1","max-image-preview":"max-image-preview:large","max-video-preview":"max-video-preview:-1"},"canonical":"https:\/\/kidsplay.lt\/lv\/product\/woopie-royal-lily-kudikio-lele-41-cm-2\/","og_locale":"lv_LV","og_type":"article","og_title":"WOOPIE ROYAL Lily k\u016bdikio l\u0117l\u0117 41 cm","og_description":"WOOPIE ROYAL Lily k\u016bdikio l\u0117l\u0117 41 cm","og_url":"https:\/\/kidsplay.lt\/lv\/product\/woopie-royal-lily-kudikio-lele-41-cm-2\/","og_site_name":"KidsPlay","article_publisher":"https:\/\/www.facebook.com\/www.kidsplay.lt","article_modified_time":"2026-04-07T07:33:58+00:00","og_image":[{"url":"https:\/\/kidsplay.lt\/wp-content\/uploads\/2025\/09\/WOOPIE-ROYAL-Lily-kudikio-lele-41-cm.jpg","width":800,"height":800,"type":"image\/jpeg"}],"twitter_card":"summary_large_image","twitter_misc":{"Est. reading time":"1 min\u016bte"},"schema":{"@context":"https:\/\/schema.org","@graph":[{"@type":"WebPage","@id":"https:\/\/kidsplay.lt\/produktas\/woopie-royal-lily-kudikio-lele-41-cm-2\/","url":"https:\/\/kidsplay.lt\/produktas\/woopie-royal-lily-kudikio-lele-41-cm-2\/","name":"WOOPIE ROYAL Lily k\u016bdikio l\u0117l\u0117 41 cm","isPartOf":{"@id":"https:\/\/kidsplay.lt\/#website"},"primaryImageOfPage":{"@id":"https:\/\/kidsplay.lt\/produktas\/woopie-royal-lily-kudikio-lele-41-cm-2\/#primaryimage"},"image":{"@id":"https:\/\/kidsplay.lt\/produktas\/woopie-royal-lily-kudikio-lele-41-cm-2\/#primaryimage"},"thumbnailUrl":"https:\/\/kidsplay.lt\/wp-content\/uploads\/2025\/09\/WOOPIE-ROYAL-Lily-kudikio-lele-41-cm.jpg","datePublished":"2025-10-02T10:32:26+00:00","dateModified":"2026-04-07T07:33:58+00:00","description":"WOOPIE ROYAL Lily k\u016bdikio l\u0117l\u0117 41 cm","breadcrumb":{"@id":"https:\/\/kidsplay.lt\/produktas\/woopie-royal-lily-kudikio-lele-41-cm-2\/#breadcrumb"},"inLanguage":"lv-LV","potentialAction":[{"@type":"ReadAction","target":["https:\/\/kidsplay.lt\/produktas\/woopie-royal-lily-kudikio-lele-41-cm-2\/"]}]},{"@type":"ImageObject","inLanguage":"lv-LV","@id":"https:\/\/kidsplay.lt\/produktas\/woopie-royal-lily-kudikio-lele-41-cm-2\/#primaryimage","url":"https:\/\/kidsplay.lt\/wp-content\/uploads\/2025\/09\/WOOPIE-ROYAL-Lily-kudikio-lele-41-cm.jpg","contentUrl":"https:\/\/kidsplay.lt\/wp-content\/uploads\/2025\/09\/WOOPIE-ROYAL-Lily-kudikio-lele-41-cm.jpg","width":2560,"height":2560,"caption":"WOOPIE ROYAL Lily k\u016bdikio l\u0117l\u0117 41 cm"},{"@type":"BreadcrumbList","@id":"https:\/\/kidsplay.lt\/produktas\/woopie-royal-lily-kudikio-lele-41-cm-2\/#breadcrumb","itemListElement":[{"@type":"ListItem","position":1,"name":"Pagrindinis","item":"https:\/\/kidsplay.lt\/"},{"@type":"ListItem","position":2,"name":"Parduotuv\u0117","item":"https:\/\/kidsplay.lt\/parduotuve\/"},{"@type":"ListItem","position":3,"name":"WOOPIE ROYAL Lily k\u016bdikio l\u0117l\u0117 41 cm"}]},{"@type":"WebSite","@id":"https:\/\/kidsplay.lt\/#website","url":"https:\/\/kidsplay.lt\/","name":"B\u0113rnu sp\u0113les.lv","description":"\u012evairios prek\u0117s vaikams","publisher":{"@id":"https:\/\/kidsplay.lt\/#organization"},"alternateName":"Kidsplay","potentialAction":[{"@type":"SearchAction","target":{"@type":"EntryPoint","urlTemplate":"https:\/\/kidsplay.lt\/?s={search_term_string}"},"query-input":{"@type":"PropertyValueSpecification","valueRequired":true,"valueName":"search_term_string"}}],"inLanguage":"lv-LV"},{"@type":"Organization","@id":"https:\/\/kidsplay.lt\/#organization","name":"B\u0113rnu sp\u0113le","url":"https:\/\/kidsplay.lt\/","logo":{"@type":"ImageObject","inLanguage":"lv-LV","@id":"https:\/\/kidsplay.lt\/#\/schema\/logo\/image\/","url":"https:\/\/kidsplay.lt\/wp-content\/uploads\/2023\/07\/kidsplay-logo.png","contentUrl":"https:\/\/kidsplay.lt\/wp-content\/uploads\/2023\/07\/kidsplay-logo.png","width":451,"height":98,"caption":"KidsPlay"},"image":{"@id":"https:\/\/kidsplay.lt\/#\/schema\/logo\/image\/"},"sameAs":["https:\/\/www.facebook.com\/www.kidsplay.lt"]}]}},"_links":{"self":[{"href":"https:\/\/kidsplay.lt\/lv\/wp-json\/wp\/v2\/product\/69794","targetHints":{"allow":["GET"]}}],"collection":[{"href":"https:\/\/kidsplay.lt\/lv\/wp-json\/wp\/v2\/product"}],"about":[{"href":"https:\/\/kidsplay.lt\/lv\/wp-json\/wp\/v2\/types\/product"}],"version-history":[{"count":2,"href":"https:\/\/kidsplay.lt\/lv\/wp-json\/wp\/v2\/product\/69794\/revisions"}],"predecessor-version":[{"id":73453,"href":"https:\/\/kidsplay.lt\/lv\/wp-json\/wp\/v2\/product\/69794\/revisions\/73453"}],"wp:featuredmedia":[{"embeddable":true,"href":"https:\/\/kidsplay.lt\/lv\/wp-json\/wp\/v2\/media\/62478"}],"wp:attachment":[{"href":"https:\/\/kidsplay.lt\/lv\/wp-json\/wp\/v2\/media?parent=69794"}],"wp:term":[{"taxonomy":"product_brand","embeddable":true,"href":"https:\/\/kidsplay.lt\/lv\/wp-json\/wp\/v2\/product_brand?post=69794"},{"taxonomy":"product_cat","embeddable":true,"href":"https:\/\/kidsplay.lt\/lv\/wp-json\/wp\/v2\/product_cat?post=69794"},{"taxonomy":"product_tag","embeddable":true,"href":"https:\/\/kidsplay.lt\/lv\/wp-json\/wp\/v2\/product_tag?post=69794"}],"curies":[{"name":"wp","href":"https:\/\/api.w.org\/{rel}","templated":true}]}}