{"id":69796,"date":"2025-10-02T13:32:30","date_gmt":"2025-10-02T10:32:30","guid":{"rendered":"https:\/\/kidsplay.lt\/produktas\/woopie-royal-kudikio-leles-rinkinys-305-cm-rozine-nesiokle-2\/"},"modified":"2026-04-13T14:55:39","modified_gmt":"2026-04-13T11:55:39","slug":"woopie-royal-kudikio-leles-rinkinys-305-cm-rozine-nesiokle-2","status":"publish","type":"product","link":"https:\/\/kidsplay.lt\/lv\/products\/woopie-royal-kudikio-leles-rinkinys-305-cm-rozine-nesiokle-2\/","title":{"rendered":"WOOPIE ROYAL lelles komplekts 30,5 cm + roz\u0101 n\u0113s\u0101t\u0101js"},"content":{"rendered":"<p>WOOPIE\u00a0ROYAL\u00a0l\u0117lyt\u0117\u00a0\u201e\u00a0Baby on the Go\u00a0\u201c \u2013 j\u016bs\u0173 naujas \u017eaidim\u0173 draugas!\u00a0\u0160i\u00a0ma\u017ea l\u0117l\u0117\u00a0yra aprengta gra\u017eiu drabu\u017eiu, turi deran\u010dias kojines ir kepur\u0119. Rinkinyje taip pat yra\u00a0\u017eavinga, ro\u017ein\u0117\u00a0ne\u0161iokl\u0117\u00a0. J\u016bs\u0173 vaikas lavina\u00a0k\u016brybi\u0161kum\u0105\u00a0\u017eaisdamas\u00a0vaidmenimis.\u00a0Jis mokosi empatijos, jautrumo ir net atsakomyb\u0117s.<\/p>\n<p>Rakstur\u012bgs:<\/p>\n<p> \t&#8211;\u00a0\u017daislas\u00a0nuo 3 met\u0173 am\u017eiaus.<br \/>\n \t&#8211; l\u0117l\u0117s\u00a0auk\u0161tis yra 30,5 cm.<br \/>\n \t&#8211; vaidmen\u0173 \u017eaidimas \u2013\u00a0\u017eaislas suteikia vaikui galimyb\u0119 i\u0161reik\u0161ti savo emocijas, nes j\u012f nuolat skatina noras \u017eaisti.<br \/>\n \t&#8211; Originali i\u0161vaizda ir\u00a0eleganti\u0161ki drabu\u017eiai prad\u017eiugins j\u016bs\u0173 vaik\u0105!<br \/>\n \t&#8211; Maloniai\u00a0mink\u0161tas\u00a0liesti.<br \/>\n \t&#8211; Puiki pramoga\u00a0, lavinanti k\u016brybi\u0161kum\u0105.<br \/>\n \t&#8211;\u00a0K\u016bdikio ne\u0161iokl\u0117\u00a0, kuri\u0105 galite pasiimti \u012f bet koki\u0105\u00a0kelion\u0119.<\/p>\n<p>Komplekt\u0101 ietilpst:<\/p>\n<p> \t&#8211; l\u0117l\u0117, kurios auk\u0161tis 30,5 cm.<br \/>\n \t&#8211; l\u0117l\u0117s drabu\u017eiai:\u00a0romperiai, kojin\u0117s ir kepur\u0117.<br \/>\n \t&#8211; saugi ro\u017ein\u0117 ne\u0161iokl\u0117.<\/p>","protected":false},"excerpt":{"rendered":"<p>WOOPIE ROYAL lelles komplekts 30,5 cm + roz\u0101 n\u0113s\u0101t\u0101js<\/p>","protected":false},"featured_media":62483,"template":"","meta":{"_acf_changed":false,"_glsr_average":0,"_glsr_ranking":0,"_glsr_reviews":0},"product_brand":[],"product_cat":[443,229],"product_tag":[],"class_list":{"0":"post-69796","1":"product","2":"type-product","3":"status-publish","4":"has-post-thumbnail","6":"product_cat-leles-ir-priedai","7":"product_cat-zaislai-vaikams","8":"\"style=\"background-color: #2ecc711c;\"","10":"first","11":"instock","12":"purchasable","13":"product-type-simple"},"acf":[],"yoast_head":"<!-- This site is optimized with the Yoast SEO plugin v27.4 - https:\/\/yoast.com\/product\/yoast-seo-wordpress\/ -->\n<title>WOOPIE ROYAL k\u016bdikio l\u0117l\u0117s rinkinys 30,5 cm + ro\u017ein\u0117 ne\u0161iokl\u0117<\/title>\n<meta name=\"description\" content=\"WOOPIE ROYAL k\u016bdikio l\u0117l\u0117s rinkinys 30,5 cm + ro\u017ein\u0117 ne\u0161iokl\u0117\" \/>\n<meta name=\"robots\" content=\"index, follow, max-snippet:-1, max-image-preview:large, max-video-preview:-1\" \/>\n<link rel=\"canonical\" href=\"https:\/\/kidsplay.lt\/lv\/products\/woopie-royal-kudikio-leles-rinkinys-305-cm-rozine-nesiokle-2\/\" \/>\n<meta property=\"og:locale\" content=\"lv_LV\" \/>\n<meta property=\"og:type\" content=\"article\" \/>\n<meta property=\"og:title\" content=\"WOOPIE ROYAL k\u016bdikio l\u0117l\u0117s rinkinys 30,5 cm + ro\u017ein\u0117 ne\u0161iokl\u0117\" \/>\n<meta property=\"og:description\" content=\"WOOPIE ROYAL k\u016bdikio l\u0117l\u0117s rinkinys 30,5 cm + ro\u017ein\u0117 ne\u0161iokl\u0117\" \/>\n<meta property=\"og:url\" content=\"https:\/\/kidsplay.lt\/lv\/products\/woopie-royal-kudikio-leles-rinkinys-305-cm-rozine-nesiokle-2\/\" \/>\n<meta property=\"og:site_name\" content=\"KidsPlay\" \/>\n<meta property=\"article:publisher\" content=\"https:\/\/www.facebook.com\/www.kidsplay.lt\" \/>\n<meta property=\"article:modified_time\" content=\"2026-04-13T11:55:39+00:00\" \/>\n<meta property=\"og:image\" content=\"https:\/\/kidsplay.lt\/wp-content\/uploads\/2025\/09\/WOOPIE-ROYAL-kudikio-leles-rinkinys-305-cm-rozine-nesiokle.jpg\" \/>\n\t<meta property=\"og:image:width\" content=\"1000\" \/>\n\t<meta property=\"og:image:height\" content=\"1000\" \/>\n\t<meta property=\"og:image:type\" content=\"image\/jpeg\" \/>\n<meta name=\"twitter:card\" content=\"summary_large_image\" \/>\n<meta name=\"twitter:label1\" content=\"Est. reading time\" \/>\n\t<meta name=\"twitter:data1\" content=\"1 min\u016bte\" \/>\n<script type=\"application\/ld+json\" class=\"yoast-schema-graph\">{\"@context\":\"https:\\\/\\\/schema.org\",\"@graph\":[{\"@type\":\"WebPage\",\"@id\":\"https:\\\/\\\/kidsplay.lt\\\/produktas\\\/woopie-royal-kudikio-leles-rinkinys-305-cm-rozine-nesiokle-2\\\/\",\"url\":\"https:\\\/\\\/kidsplay.lt\\\/produktas\\\/woopie-royal-kudikio-leles-rinkinys-305-cm-rozine-nesiokle-2\\\/\",\"name\":\"WOOPIE ROYAL k\u016bdikio l\u0117l\u0117s rinkinys 30,5 cm + ro\u017ein\u0117 ne\u0161iokl\u0117\",\"isPartOf\":{\"@id\":\"https:\\\/\\\/kidsplay.lt\\\/#website\"},\"primaryImageOfPage\":{\"@id\":\"https:\\\/\\\/kidsplay.lt\\\/produktas\\\/woopie-royal-kudikio-leles-rinkinys-305-cm-rozine-nesiokle-2\\\/#primaryimage\"},\"image\":{\"@id\":\"https:\\\/\\\/kidsplay.lt\\\/produktas\\\/woopie-royal-kudikio-leles-rinkinys-305-cm-rozine-nesiokle-2\\\/#primaryimage\"},\"thumbnailUrl\":\"https:\\\/\\\/kidsplay.lt\\\/wp-content\\\/uploads\\\/2025\\\/09\\\/WOOPIE-ROYAL-kudikio-leles-rinkinys-305-cm-rozine-nesiokle.jpg\",\"datePublished\":\"2025-10-02T10:32:30+00:00\",\"dateModified\":\"2026-04-13T11:55:39+00:00\",\"description\":\"WOOPIE ROYAL k\u016bdikio l\u0117l\u0117s rinkinys 30,5 cm + ro\u017ein\u0117 ne\u0161iokl\u0117\",\"breadcrumb\":{\"@id\":\"https:\\\/\\\/kidsplay.lt\\\/produktas\\\/woopie-royal-kudikio-leles-rinkinys-305-cm-rozine-nesiokle-2\\\/#breadcrumb\"},\"inLanguage\":\"lv-LV\",\"potentialAction\":[{\"@type\":\"ReadAction\",\"target\":[\"https:\\\/\\\/kidsplay.lt\\\/produktas\\\/woopie-royal-kudikio-leles-rinkinys-305-cm-rozine-nesiokle-2\\\/\"]}]},{\"@type\":\"ImageObject\",\"inLanguage\":\"lv-LV\",\"@id\":\"https:\\\/\\\/kidsplay.lt\\\/produktas\\\/woopie-royal-kudikio-leles-rinkinys-305-cm-rozine-nesiokle-2\\\/#primaryimage\",\"url\":\"https:\\\/\\\/kidsplay.lt\\\/wp-content\\\/uploads\\\/2025\\\/09\\\/WOOPIE-ROYAL-kudikio-leles-rinkinys-305-cm-rozine-nesiokle.jpg\",\"contentUrl\":\"https:\\\/\\\/kidsplay.lt\\\/wp-content\\\/uploads\\\/2025\\\/09\\\/WOOPIE-ROYAL-kudikio-leles-rinkinys-305-cm-rozine-nesiokle.jpg\",\"width\":1000,\"height\":1000,\"caption\":\"WOOPIE ROYAL k\u016bdikio l\u0117l\u0117s rinkinys 30\"},{\"@type\":\"BreadcrumbList\",\"@id\":\"https:\\\/\\\/kidsplay.lt\\\/produktas\\\/woopie-royal-kudikio-leles-rinkinys-305-cm-rozine-nesiokle-2\\\/#breadcrumb\",\"itemListElement\":[{\"@type\":\"ListItem\",\"position\":1,\"name\":\"Pagrindinis\",\"item\":\"https:\\\/\\\/kidsplay.lt\\\/\"},{\"@type\":\"ListItem\",\"position\":2,\"name\":\"Parduotuv\u0117\",\"item\":\"https:\\\/\\\/kidsplay.lt\\\/parduotuve\\\/\"},{\"@type\":\"ListItem\",\"position\":3,\"name\":\"WOOPIE ROYAL k\u016bdikio l\u0117l\u0117s rinkinys 30,5 cm + ro\u017ein\u0117 ne\u0161iokl\u0117\"}]},{\"@type\":\"WebSite\",\"@id\":\"https:\\\/\\\/kidsplay.lt\\\/#website\",\"url\":\"https:\\\/\\\/kidsplay.lt\\\/\",\"name\":\"Kidsplay.lt\",\"description\":\"\u012evairios prek\u0117s vaikams\",\"publisher\":{\"@id\":\"https:\\\/\\\/kidsplay.lt\\\/#organization\"},\"alternateName\":\"Kidsplay\",\"potentialAction\":[{\"@type\":\"SearchAction\",\"target\":{\"@type\":\"EntryPoint\",\"urlTemplate\":\"https:\\\/\\\/kidsplay.lt\\\/?s={search_term_string}\"},\"query-input\":{\"@type\":\"PropertyValueSpecification\",\"valueRequired\":true,\"valueName\":\"search_term_string\"}}],\"inLanguage\":\"lv-LV\"},{\"@type\":\"Organization\",\"@id\":\"https:\\\/\\\/kidsplay.lt\\\/#organization\",\"name\":\"KidsPlay\",\"url\":\"https:\\\/\\\/kidsplay.lt\\\/\",\"logo\":{\"@type\":\"ImageObject\",\"inLanguage\":\"lv-LV\",\"@id\":\"https:\\\/\\\/kidsplay.lt\\\/#\\\/schema\\\/logo\\\/image\\\/\",\"url\":\"https:\\\/\\\/kidsplay.lt\\\/wp-content\\\/uploads\\\/2023\\\/07\\\/kidsplay-logo.png\",\"contentUrl\":\"https:\\\/\\\/kidsplay.lt\\\/wp-content\\\/uploads\\\/2023\\\/07\\\/kidsplay-logo.png\",\"width\":451,\"height\":98,\"caption\":\"KidsPlay\"},\"image\":{\"@id\":\"https:\\\/\\\/kidsplay.lt\\\/#\\\/schema\\\/logo\\\/image\\\/\"},\"sameAs\":[\"https:\\\/\\\/www.facebook.com\\\/www.kidsplay.lt\"]}]}<\/script>\n<!-- \/ Yoast SEO plugin. -->","yoast_head_json":{"title":"WOOPIE ROYAL lelles komplekts 30,5 cm + roz\u0101 n\u0113s\u0101t\u0101js","description":"WOOPIE ROYAL lelles komplekts 30,5 cm + roz\u0101 n\u0113s\u0101t\u0101js","robots":{"index":"index","follow":"follow","max-snippet":"max-snippet:-1","max-image-preview":"max-image-preview:large","max-video-preview":"max-video-preview:-1"},"canonical":"https:\/\/kidsplay.lt\/lv\/products\/woopie-royal-kudikio-leles-rinkinys-305-cm-rozine-nesiokle-2\/","og_locale":"lv_LV","og_type":"article","og_title":"WOOPIE ROYAL k\u016bdikio l\u0117l\u0117s rinkinys 30,5 cm + ro\u017ein\u0117 ne\u0161iokl\u0117","og_description":"WOOPIE ROYAL k\u016bdikio l\u0117l\u0117s rinkinys 30,5 cm + ro\u017ein\u0117 ne\u0161iokl\u0117","og_url":"https:\/\/kidsplay.lt\/lv\/products\/woopie-royal-kudikio-leles-rinkinys-305-cm-rozine-nesiokle-2\/","og_site_name":"KidsPlay","article_publisher":"https:\/\/www.facebook.com\/www.kidsplay.lt","article_modified_time":"2026-04-13T11:55:39+00:00","og_image":[{"width":1000,"height":1000,"url":"https:\/\/kidsplay.lt\/wp-content\/uploads\/2025\/09\/WOOPIE-ROYAL-kudikio-leles-rinkinys-305-cm-rozine-nesiokle.jpg","type":"image\/jpeg"}],"twitter_card":"summary_large_image","twitter_misc":{"Est. reading time":"1 min\u016bte"},"schema":{"@context":"https:\/\/schema.org","@graph":[{"@type":"WebPage","@id":"https:\/\/kidsplay.lt\/produktas\/woopie-royal-kudikio-leles-rinkinys-305-cm-rozine-nesiokle-2\/","url":"https:\/\/kidsplay.lt\/produktas\/woopie-royal-kudikio-leles-rinkinys-305-cm-rozine-nesiokle-2\/","name":"WOOPIE ROYAL lelles komplekts 30,5 cm + roz\u0101 n\u0113s\u0101t\u0101js","isPartOf":{"@id":"https:\/\/kidsplay.lt\/#website"},"primaryImageOfPage":{"@id":"https:\/\/kidsplay.lt\/produktas\/woopie-royal-kudikio-leles-rinkinys-305-cm-rozine-nesiokle-2\/#primaryimage"},"image":{"@id":"https:\/\/kidsplay.lt\/produktas\/woopie-royal-kudikio-leles-rinkinys-305-cm-rozine-nesiokle-2\/#primaryimage"},"thumbnailUrl":"https:\/\/kidsplay.lt\/wp-content\/uploads\/2025\/09\/WOOPIE-ROYAL-kudikio-leles-rinkinys-305-cm-rozine-nesiokle.jpg","datePublished":"2025-10-02T10:32:30+00:00","dateModified":"2026-04-13T11:55:39+00:00","description":"WOOPIE ROYAL lelles komplekts 30,5 cm + roz\u0101 n\u0113s\u0101t\u0101js","breadcrumb":{"@id":"https:\/\/kidsplay.lt\/produktas\/woopie-royal-kudikio-leles-rinkinys-305-cm-rozine-nesiokle-2\/#breadcrumb"},"inLanguage":"lv-LV","potentialAction":[{"@type":"ReadAction","target":["https:\/\/kidsplay.lt\/produktas\/woopie-royal-kudikio-leles-rinkinys-305-cm-rozine-nesiokle-2\/"]}]},{"@type":"ImageObject","inLanguage":"lv-LV","@id":"https:\/\/kidsplay.lt\/produktas\/woopie-royal-kudikio-leles-rinkinys-305-cm-rozine-nesiokle-2\/#primaryimage","url":"https:\/\/kidsplay.lt\/wp-content\/uploads\/2025\/09\/WOOPIE-ROYAL-kudikio-leles-rinkinys-305-cm-rozine-nesiokle.jpg","contentUrl":"https:\/\/kidsplay.lt\/wp-content\/uploads\/2025\/09\/WOOPIE-ROYAL-kudikio-leles-rinkinys-305-cm-rozine-nesiokle.jpg","width":1000,"height":1000,"caption":"WOOPIE ROYAL k\u016bdikio l\u0117l\u0117s rinkinys 30"},{"@type":"BreadcrumbList","@id":"https:\/\/kidsplay.lt\/produktas\/woopie-royal-kudikio-leles-rinkinys-305-cm-rozine-nesiokle-2\/#breadcrumb","itemListElement":[{"@type":"ListItem","position":1,"name":"Pagrindinis","item":"https:\/\/kidsplay.lt\/"},{"@type":"ListItem","position":2,"name":"Parduotuv\u0117","item":"https:\/\/kidsplay.lt\/parduotuve\/"},{"@type":"ListItem","position":3,"name":"WOOPIE ROYAL k\u016bdikio l\u0117l\u0117s rinkinys 30,5 cm + ro\u017ein\u0117 ne\u0161iokl\u0117"}]},{"@type":"WebSite","@id":"https:\/\/kidsplay.lt\/#website","url":"https:\/\/kidsplay.lt\/","name":"B\u0113rnu sp\u0113les.lv","description":"\u012evairios prek\u0117s vaikams","publisher":{"@id":"https:\/\/kidsplay.lt\/#organization"},"alternateName":"Kidsplay","potentialAction":[{"@type":"SearchAction","target":{"@type":"EntryPoint","urlTemplate":"https:\/\/kidsplay.lt\/?s={search_term_string}"},"query-input":{"@type":"PropertyValueSpecification","valueRequired":true,"valueName":"search_term_string"}}],"inLanguage":"lv-LV"},{"@type":"Organization","@id":"https:\/\/kidsplay.lt\/#organization","name":"B\u0113rnu sp\u0113le","url":"https:\/\/kidsplay.lt\/","logo":{"@type":"ImageObject","inLanguage":"lv-LV","@id":"https:\/\/kidsplay.lt\/#\/schema\/logo\/image\/","url":"https:\/\/kidsplay.lt\/wp-content\/uploads\/2023\/07\/kidsplay-logo.png","contentUrl":"https:\/\/kidsplay.lt\/wp-content\/uploads\/2023\/07\/kidsplay-logo.png","width":451,"height":98,"caption":"KidsPlay"},"image":{"@id":"https:\/\/kidsplay.lt\/#\/schema\/logo\/image\/"},"sameAs":["https:\/\/www.facebook.com\/www.kidsplay.lt"]}]}},"_links":{"self":[{"href":"https:\/\/kidsplay.lt\/lv\/wp-json\/wp\/v2\/product\/69796","targetHints":{"allow":["GET"]}}],"collection":[{"href":"https:\/\/kidsplay.lt\/lv\/wp-json\/wp\/v2\/product"}],"about":[{"href":"https:\/\/kidsplay.lt\/lv\/wp-json\/wp\/v2\/types\/product"}],"version-history":[{"count":2,"href":"https:\/\/kidsplay.lt\/lv\/wp-json\/wp\/v2\/product\/69796\/revisions"}],"predecessor-version":[{"id":73452,"href":"https:\/\/kidsplay.lt\/lv\/wp-json\/wp\/v2\/product\/69796\/revisions\/73452"}],"wp:featuredmedia":[{"embeddable":true,"href":"https:\/\/kidsplay.lt\/lv\/wp-json\/wp\/v2\/media\/62483"}],"wp:attachment":[{"href":"https:\/\/kidsplay.lt\/lv\/wp-json\/wp\/v2\/media?parent=69796"}],"wp:term":[{"taxonomy":"product_brand","embeddable":true,"href":"https:\/\/kidsplay.lt\/lv\/wp-json\/wp\/v2\/product_brand?post=69796"},{"taxonomy":"product_cat","embeddable":true,"href":"https:\/\/kidsplay.lt\/lv\/wp-json\/wp\/v2\/product_cat?post=69796"},{"taxonomy":"product_tag","embeddable":true,"href":"https:\/\/kidsplay.lt\/lv\/wp-json\/wp\/v2\/product_tag?post=69796"}],"curies":[{"name":"wp","href":"https:\/\/api.w.org\/{rel}","templated":true}]}}