{"id":69802,"date":"2025-10-02T13:32:44","date_gmt":"2025-10-02T10:32:44","guid":{"rendered":"https:\/\/kidsplay.lt\/produktas\/classic-world-medinis-virtuves-stumiklis-2-viename-su-nuimamais-ratukais\/"},"modified":"2026-03-30T19:58:17","modified_gmt":"2026-03-30T16:58:17","slug":"classic-world-medinis-virtuves-stumiklis-2-viename-su-nuimamais-ratukais","status":"publish","type":"product","link":"https:\/\/kidsplay.lt\/lv\/products\/classic-world-medinis-virtuves-stumiklis-2-viename-su-nuimamais-ratukais\/","title":{"rendered":"CLASSIC WORLD medinis virtuv\u0117s st\u016bmiklis 2 viename su nuimamais ratukais"},"content":{"rendered":"<p>Medinis virtuv\u0117s st\u016bmiklis\u00a0i\u0161\u00a0\u201eClassic World\u201c\u00a0yra tobulas \u017eaislas, kuris\u00a0auga kartu su j\u016bs\u0173 ma\u017eyliu!\u00a0Tai daugiau nei vaik\u0161tyn\u0117 \u2013 tai mobili virtuv\u0117, pilna \u012fvairi\u0173 veikl\u0173, kurios ne tik padeda mokytis vaik\u0161\u010dioti, bet ir lavina j\u016bs\u0173 vaiko poj\u016b\u010dius bei rank\u0173 \u012fg\u016bd\u017eius. Ma\u017eyliai gali apsimesti ma\u017eaisiais vir\u0117jais sukin\u0117dami ranken\u0117les, kepdami keptuv\u0117je ir plaudami dar\u017eoves kriaukl\u0117je. Vaik\u0161tyn\u0117 yra tvirtos konstrukcijos, kuri suteikia stabili\u0105 atram\u0105 pirmiesiems \u017eingsniams ir leid\u017eia saugiai tyrin\u0117ti \u012fvairias veiklas.<\/p>\n<p>Rakstur\u012bgs:<\/p>\n<p> \t&#8211; \u017daislas nuo\u00a012 m\u0117nesi\u0173 am\u017eiaus<br \/>\n \t&#8211;\u00a0Auga kartu su j\u016bs\u0173 vaiku\u00a0\u2013 nuo \u200b\u200bve\u017eim\u0117lio iki daugiafunkcin\u0117s veiklos virtuv\u0117l\u0117s!<br \/>\n \t&#8211; D\u0117l tvirtos konstrukcijos\u00a0padeda mokytis vaik\u0161\u010dioti<br \/>\n \t&#8211; Rinkinyje iki 15 element\u0173<\/p>\n<p>\u017daislo funkcijos:<\/p>\n<p> \t&#8211; St\u016bmiklis su reguliuojamais, nuimamais ratukais<br \/>\n \t&#8211; \u017davinga virtuv\u0117 su atidaroma orkaite \u2013 po \u017eaidim\u0173 galima naudoti daiktams laikyti<br \/>\n \t&#8211; Kilnojamieji g\u0117l\u0117s elementai vazone<br \/>\n \t&#8211; Judamos virykl\u0117s ranken\u0117l\u0117s<br \/>\n \t&#8211; Elementai, palaikantys vaiko pa\u017eintin\u012f ir motorin\u012f vystym\u0105si: r\u016b\u0161iuotuvas, labirintas \u201e\u012emesk citrin\u0105 \u012f stiklin\u0119\u201c, spalvingi ratukai judesiui ant rankenos<\/p>\n<p>Rota\u013clieta att\u012bst\u0101s:<\/p>\n<p> \t&#8211; Stambiosios ir smulkiosios motorikos \u012fg\u016bd\u017eiai<br \/>\n \t&#8211; Vaizduot\u0117 ir k\u016brybi\u0161kumas<br \/>\n \t&#8211; Aki\u0173 ir rank\u0173 koordinacija<br \/>\n \t&#8211; Loginis m\u0105stymas<\/p>","protected":false},"excerpt":{"rendered":"<p>CLASSIC WORLD medinis virtuv\u0117s st\u016bmiklis 2 viename su nuimamais ratukais<\/p>","protected":false},"featured_media":67767,"template":"","meta":{"_acf_changed":false,"_glsr_average":0,"_glsr_ranking":0,"_glsr_reviews":0},"product_brand":[],"product_cat":[392],"product_tag":[],"class_list":{"0":"post-69802","1":"product","2":"type-product","3":"status-publish","4":"has-post-thumbnail","6":"product_cat-stumdukai-ir-vaikstynes","7":"\"style=\"background-color: #2ecc711c;\"","9":"first","10":"outofstock","11":"purchasable","12":"product-type-simple"},"acf":[],"yoast_head":"<!-- This site is optimized with the Yoast SEO plugin v27.3 - https:\/\/yoast.com\/product\/yoast-seo-wordpress\/ -->\n<title>CLASSIC WORLD medinis virtuv\u0117s st\u016bmiklis 2 viename su nuimamais ratukais<\/title>\n<meta name=\"description\" content=\"CLASSIC WORLD medinis virtuv\u0117s st\u016bmiklis 2 viename su nuimamais ratukais\" \/>\n<meta name=\"robots\" content=\"index, follow, max-snippet:-1, max-image-preview:large, max-video-preview:-1\" \/>\n<link rel=\"canonical\" href=\"https:\/\/kidsplay.lt\/lv\/products\/classic-world-medinis-virtuves-stumiklis-2-viename-su-nuimamais-ratukais\/\" \/>\n<meta property=\"og:locale\" content=\"lv_LV\" \/>\n<meta property=\"og:type\" content=\"article\" \/>\n<meta property=\"og:title\" content=\"CLASSIC WORLD medinis virtuv\u0117s st\u016bmiklis 2 viename su nuimamais ratukais\" \/>\n<meta property=\"og:description\" content=\"CLASSIC WORLD medinis virtuv\u0117s st\u016bmiklis 2 viename su nuimamais ratukais\" \/>\n<meta property=\"og:url\" content=\"https:\/\/kidsplay.lt\/lv\/products\/classic-world-medinis-virtuves-stumiklis-2-viename-su-nuimamais-ratukais\/\" \/>\n<meta property=\"og:site_name\" content=\"KidsPlay\" \/>\n<meta property=\"article:publisher\" content=\"https:\/\/www.facebook.com\/www.kidsplay.lt\" \/>\n<meta property=\"article:modified_time\" content=\"2026-03-30T16:58:17+00:00\" \/>\n<meta property=\"og:image\" content=\"https:\/\/kidsplay.lt\/wp-content\/uploads\/2025\/10\/CLASSIC-WORLD-medinis-virtuves-stumiklis-2-viename-su-nuimamais-ratukais.jpg\" \/>\n\t<meta property=\"og:image:width\" content=\"800\" \/>\n\t<meta property=\"og:image:height\" content=\"800\" \/>\n\t<meta property=\"og:image:type\" content=\"image\/jpeg\" \/>\n<meta name=\"twitter:card\" content=\"summary_large_image\" \/>\n<meta name=\"twitter:label1\" content=\"Est. reading time\" \/>\n\t<meta name=\"twitter:data1\" content=\"1 min\u016bte\" \/>\n<script type=\"application\/ld+json\" class=\"yoast-schema-graph\">{\"@context\":\"https:\\\/\\\/schema.org\",\"@graph\":[{\"@type\":\"WebPage\",\"@id\":\"https:\\\/\\\/kidsplay.lt\\\/produktas\\\/classic-world-medinis-virtuves-stumiklis-2-viename-su-nuimamais-ratukais\\\/\",\"url\":\"https:\\\/\\\/kidsplay.lt\\\/produktas\\\/classic-world-medinis-virtuves-stumiklis-2-viename-su-nuimamais-ratukais\\\/\",\"name\":\"CLASSIC WORLD medinis virtuv\u0117s st\u016bmiklis 2 viename su nuimamais ratukais\",\"isPartOf\":{\"@id\":\"https:\\\/\\\/kidsplay.lt\\\/#website\"},\"primaryImageOfPage\":{\"@id\":\"https:\\\/\\\/kidsplay.lt\\\/produktas\\\/classic-world-medinis-virtuves-stumiklis-2-viename-su-nuimamais-ratukais\\\/#primaryimage\"},\"image\":{\"@id\":\"https:\\\/\\\/kidsplay.lt\\\/produktas\\\/classic-world-medinis-virtuves-stumiklis-2-viename-su-nuimamais-ratukais\\\/#primaryimage\"},\"thumbnailUrl\":\"https:\\\/\\\/kidsplay.lt\\\/wp-content\\\/uploads\\\/2025\\\/10\\\/CLASSIC-WORLD-medinis-virtuves-stumiklis-2-viename-su-nuimamais-ratukais.jpg\",\"datePublished\":\"2025-10-02T10:32:44+00:00\",\"dateModified\":\"2026-03-30T16:58:17+00:00\",\"description\":\"CLASSIC WORLD medinis virtuv\u0117s st\u016bmiklis 2 viename su nuimamais ratukais\",\"breadcrumb\":{\"@id\":\"https:\\\/\\\/kidsplay.lt\\\/produktas\\\/classic-world-medinis-virtuves-stumiklis-2-viename-su-nuimamais-ratukais\\\/#breadcrumb\"},\"inLanguage\":\"lv-LV\",\"potentialAction\":[{\"@type\":\"ReadAction\",\"target\":[\"https:\\\/\\\/kidsplay.lt\\\/produktas\\\/classic-world-medinis-virtuves-stumiklis-2-viename-su-nuimamais-ratukais\\\/\"]}]},{\"@type\":\"ImageObject\",\"inLanguage\":\"lv-LV\",\"@id\":\"https:\\\/\\\/kidsplay.lt\\\/produktas\\\/classic-world-medinis-virtuves-stumiklis-2-viename-su-nuimamais-ratukais\\\/#primaryimage\",\"url\":\"https:\\\/\\\/kidsplay.lt\\\/wp-content\\\/uploads\\\/2025\\\/10\\\/CLASSIC-WORLD-medinis-virtuves-stumiklis-2-viename-su-nuimamais-ratukais.jpg\",\"contentUrl\":\"https:\\\/\\\/kidsplay.lt\\\/wp-content\\\/uploads\\\/2025\\\/10\\\/CLASSIC-WORLD-medinis-virtuves-stumiklis-2-viename-su-nuimamais-ratukais.jpg\",\"width\":2560,\"height\":2560,\"caption\":\"CLASSIC WORLD medinis virtuv\u0117s st\u016bmiklis 2 viename su nuimamais ratukais\"},{\"@type\":\"BreadcrumbList\",\"@id\":\"https:\\\/\\\/kidsplay.lt\\\/produktas\\\/classic-world-medinis-virtuves-stumiklis-2-viename-su-nuimamais-ratukais\\\/#breadcrumb\",\"itemListElement\":[{\"@type\":\"ListItem\",\"position\":1,\"name\":\"Pagrindinis\",\"item\":\"https:\\\/\\\/kidsplay.lt\\\/\"},{\"@type\":\"ListItem\",\"position\":2,\"name\":\"Parduotuv\u0117\",\"item\":\"https:\\\/\\\/kidsplay.lt\\\/parduotuve\\\/\"},{\"@type\":\"ListItem\",\"position\":3,\"name\":\"CLASSIC WORLD medinis virtuv\u0117s st\u016bmiklis 2 viename su nuimamais ratukais\"}]},{\"@type\":\"WebSite\",\"@id\":\"https:\\\/\\\/kidsplay.lt\\\/#website\",\"url\":\"https:\\\/\\\/kidsplay.lt\\\/\",\"name\":\"Kidsplay.lt\",\"description\":\"\u012evairios prek\u0117s vaikams\",\"publisher\":{\"@id\":\"https:\\\/\\\/kidsplay.lt\\\/#organization\"},\"alternateName\":\"Kidsplay\",\"potentialAction\":[{\"@type\":\"SearchAction\",\"target\":{\"@type\":\"EntryPoint\",\"urlTemplate\":\"https:\\\/\\\/kidsplay.lt\\\/?s={search_term_string}\"},\"query-input\":{\"@type\":\"PropertyValueSpecification\",\"valueRequired\":true,\"valueName\":\"search_term_string\"}}],\"inLanguage\":\"lv-LV\"},{\"@type\":\"Organization\",\"@id\":\"https:\\\/\\\/kidsplay.lt\\\/#organization\",\"name\":\"KidsPlay\",\"url\":\"https:\\\/\\\/kidsplay.lt\\\/\",\"logo\":{\"@type\":\"ImageObject\",\"inLanguage\":\"lv-LV\",\"@id\":\"https:\\\/\\\/kidsplay.lt\\\/#\\\/schema\\\/logo\\\/image\\\/\",\"url\":\"https:\\\/\\\/kidsplay.lt\\\/wp-content\\\/uploads\\\/2023\\\/07\\\/kidsplay-logo.png\",\"contentUrl\":\"https:\\\/\\\/kidsplay.lt\\\/wp-content\\\/uploads\\\/2023\\\/07\\\/kidsplay-logo.png\",\"width\":451,\"height\":98,\"caption\":\"KidsPlay\"},\"image\":{\"@id\":\"https:\\\/\\\/kidsplay.lt\\\/#\\\/schema\\\/logo\\\/image\\\/\"},\"sameAs\":[\"https:\\\/\\\/www.facebook.com\\\/www.kidsplay.lt\"]}]}<\/script>\n<!-- \/ Yoast SEO plugin. -->","yoast_head_json":{"title":"CLASSIC WORLD medinis virtuv\u0117s st\u016bmiklis 2 viename su nuimamais ratukais","description":"CLASSIC WORLD medinis virtuv\u0117s st\u016bmiklis 2 viename su nuimamais ratukais","robots":{"index":"index","follow":"follow","max-snippet":"max-snippet:-1","max-image-preview":"max-image-preview:large","max-video-preview":"max-video-preview:-1"},"canonical":"https:\/\/kidsplay.lt\/lv\/products\/classic-world-medinis-virtuves-stumiklis-2-viename-su-nuimamais-ratukais\/","og_locale":"lv_LV","og_type":"article","og_title":"CLASSIC WORLD medinis virtuv\u0117s st\u016bmiklis 2 viename su nuimamais ratukais","og_description":"CLASSIC WORLD medinis virtuv\u0117s st\u016bmiklis 2 viename su nuimamais ratukais","og_url":"https:\/\/kidsplay.lt\/lv\/products\/classic-world-medinis-virtuves-stumiklis-2-viename-su-nuimamais-ratukais\/","og_site_name":"KidsPlay","article_publisher":"https:\/\/www.facebook.com\/www.kidsplay.lt","article_modified_time":"2026-03-30T16:58:17+00:00","og_image":[{"url":"https:\/\/kidsplay.lt\/wp-content\/uploads\/2025\/10\/CLASSIC-WORLD-medinis-virtuves-stumiklis-2-viename-su-nuimamais-ratukais.jpg","width":800,"height":800,"type":"image\/jpeg"}],"twitter_card":"summary_large_image","twitter_misc":{"Est. reading time":"1 min\u016bte"},"schema":{"@context":"https:\/\/schema.org","@graph":[{"@type":"WebPage","@id":"https:\/\/kidsplay.lt\/produktas\/classic-world-medinis-virtuves-stumiklis-2-viename-su-nuimamais-ratukais\/","url":"https:\/\/kidsplay.lt\/produktas\/classic-world-medinis-virtuves-stumiklis-2-viename-su-nuimamais-ratukais\/","name":"CLASSIC WORLD medinis virtuv\u0117s st\u016bmiklis 2 viename su nuimamais ratukais","isPartOf":{"@id":"https:\/\/kidsplay.lt\/#website"},"primaryImageOfPage":{"@id":"https:\/\/kidsplay.lt\/produktas\/classic-world-medinis-virtuves-stumiklis-2-viename-su-nuimamais-ratukais\/#primaryimage"},"image":{"@id":"https:\/\/kidsplay.lt\/produktas\/classic-world-medinis-virtuves-stumiklis-2-viename-su-nuimamais-ratukais\/#primaryimage"},"thumbnailUrl":"https:\/\/kidsplay.lt\/wp-content\/uploads\/2025\/10\/CLASSIC-WORLD-medinis-virtuves-stumiklis-2-viename-su-nuimamais-ratukais.jpg","datePublished":"2025-10-02T10:32:44+00:00","dateModified":"2026-03-30T16:58:17+00:00","description":"CLASSIC WORLD medinis virtuv\u0117s st\u016bmiklis 2 viename su nuimamais ratukais","breadcrumb":{"@id":"https:\/\/kidsplay.lt\/produktas\/classic-world-medinis-virtuves-stumiklis-2-viename-su-nuimamais-ratukais\/#breadcrumb"},"inLanguage":"lv-LV","potentialAction":[{"@type":"ReadAction","target":["https:\/\/kidsplay.lt\/produktas\/classic-world-medinis-virtuves-stumiklis-2-viename-su-nuimamais-ratukais\/"]}]},{"@type":"ImageObject","inLanguage":"lv-LV","@id":"https:\/\/kidsplay.lt\/produktas\/classic-world-medinis-virtuves-stumiklis-2-viename-su-nuimamais-ratukais\/#primaryimage","url":"https:\/\/kidsplay.lt\/wp-content\/uploads\/2025\/10\/CLASSIC-WORLD-medinis-virtuves-stumiklis-2-viename-su-nuimamais-ratukais.jpg","contentUrl":"https:\/\/kidsplay.lt\/wp-content\/uploads\/2025\/10\/CLASSIC-WORLD-medinis-virtuves-stumiklis-2-viename-su-nuimamais-ratukais.jpg","width":2560,"height":2560,"caption":"CLASSIC WORLD medinis virtuv\u0117s st\u016bmiklis 2 viename su nuimamais ratukais"},{"@type":"BreadcrumbList","@id":"https:\/\/kidsplay.lt\/produktas\/classic-world-medinis-virtuves-stumiklis-2-viename-su-nuimamais-ratukais\/#breadcrumb","itemListElement":[{"@type":"ListItem","position":1,"name":"Pagrindinis","item":"https:\/\/kidsplay.lt\/"},{"@type":"ListItem","position":2,"name":"Parduotuv\u0117","item":"https:\/\/kidsplay.lt\/parduotuve\/"},{"@type":"ListItem","position":3,"name":"CLASSIC WORLD medinis virtuv\u0117s st\u016bmiklis 2 viename su nuimamais ratukais"}]},{"@type":"WebSite","@id":"https:\/\/kidsplay.lt\/#website","url":"https:\/\/kidsplay.lt\/","name":"B\u0113rnu sp\u0113les.lv","description":"\u012evairios prek\u0117s vaikams","publisher":{"@id":"https:\/\/kidsplay.lt\/#organization"},"alternateName":"Kidsplay","potentialAction":[{"@type":"SearchAction","target":{"@type":"EntryPoint","urlTemplate":"https:\/\/kidsplay.lt\/?s={search_term_string}"},"query-input":{"@type":"PropertyValueSpecification","valueRequired":true,"valueName":"search_term_string"}}],"inLanguage":"lv-LV"},{"@type":"Organization","@id":"https:\/\/kidsplay.lt\/#organization","name":"B\u0113rnu sp\u0113le","url":"https:\/\/kidsplay.lt\/","logo":{"@type":"ImageObject","inLanguage":"lv-LV","@id":"https:\/\/kidsplay.lt\/#\/schema\/logo\/image\/","url":"https:\/\/kidsplay.lt\/wp-content\/uploads\/2023\/07\/kidsplay-logo.png","contentUrl":"https:\/\/kidsplay.lt\/wp-content\/uploads\/2023\/07\/kidsplay-logo.png","width":451,"height":98,"caption":"KidsPlay"},"image":{"@id":"https:\/\/kidsplay.lt\/#\/schema\/logo\/image\/"},"sameAs":["https:\/\/www.facebook.com\/www.kidsplay.lt"]}]}},"_links":{"self":[{"href":"https:\/\/kidsplay.lt\/lv\/wp-json\/wp\/v2\/product\/69802","targetHints":{"allow":["GET"]}}],"collection":[{"href":"https:\/\/kidsplay.lt\/lv\/wp-json\/wp\/v2\/product"}],"about":[{"href":"https:\/\/kidsplay.lt\/lv\/wp-json\/wp\/v2\/types\/product"}],"version-history":[{"count":2,"href":"https:\/\/kidsplay.lt\/lv\/wp-json\/wp\/v2\/product\/69802\/revisions"}],"predecessor-version":[{"id":73449,"href":"https:\/\/kidsplay.lt\/lv\/wp-json\/wp\/v2\/product\/69802\/revisions\/73449"}],"wp:featuredmedia":[{"embeddable":true,"href":"https:\/\/kidsplay.lt\/lv\/wp-json\/wp\/v2\/media\/67767"}],"wp:attachment":[{"href":"https:\/\/kidsplay.lt\/lv\/wp-json\/wp\/v2\/media?parent=69802"}],"wp:term":[{"taxonomy":"product_brand","embeddable":true,"href":"https:\/\/kidsplay.lt\/lv\/wp-json\/wp\/v2\/product_brand?post=69802"},{"taxonomy":"product_cat","embeddable":true,"href":"https:\/\/kidsplay.lt\/lv\/wp-json\/wp\/v2\/product_cat?post=69802"},{"taxonomy":"product_tag","embeddable":true,"href":"https:\/\/kidsplay.lt\/lv\/wp-json\/wp\/v2\/product_tag?post=69802"}],"curies":[{"name":"wp","href":"https:\/\/api.w.org\/{rel}","templated":true}]}}