{"id":69806,"date":"2025-10-02T13:32:52","date_gmt":"2025-10-02T10:32:52","guid":{"rendered":"https:\/\/kidsplay.lt\/produktas\/tooky-toy-didele-medine-virtuvele-vaikams-10-detaliu-fsc-2\/"},"modified":"2026-04-07T10:34:06","modified_gmt":"2026-04-07T07:34:06","slug":"tooky-toy-didele-medine-virtuvele-vaikams-10-detaliu-fsc-2","status":"publish","type":"product","link":"https:\/\/kidsplay.lt\/lv\/products\/tooky-toy-didele-medine-virtuvele-vaikams-10-detaliu-fsc-2\/","title":{"rendered":"TOOKY TOY Didel\u0117 medin\u0117 virtuv\u0117l\u0117 vaikams 10 detali\u0173 FSC"},"content":{"rendered":"<p>\u201eTOOKY TOY\u201c\u00a0prek\u0117s \u017eenklo\u00a0\u201eGra\u017ei\u00a0\u00a0virtuv\u0117\u201c\u00a0\u00a0yra puikus pasirinkimas vaikams, kurie m\u0117gsta \u017eaisti \u012fvairius suaugusi\u0173j\u0173, kuriuos jie stebi kasdieniame gyvenime, vaidmenis.\u00a0Rinkin\u012f sudaro kelios funkcin\u0117s zonos, tokios kaip\u00a0kriaukl\u0117, virykl\u0117, spintel\u0117s ir kt\u00a0. Kair\u0117je pus\u0117je yrakreidin\u0117 lentakurioje vaikaigali ra\u0161yti.Ant virykl\u0117s galima imituoti maisto gaminim\u0105, sukuriant \u012ftraukian\u010di\u0105 kulinarin\u0119 patirt\u012f.\u00a0<\/p>\n<p>Rakstur\u012bgs:<\/p>\n<p> \t&#8211; vaikams\u00a0nuo 3 met\u0173 am\u017eiaus\u00a0,<\/p>\n<p> \t&#8211; pagaminta i\u0161\u00a0auk\u0161tos kokyb\u0117s med\u017eiag\u0173,<br \/>\n \t&#8211; skatina k\u016brybin\u012f \u017eaidim\u0105 ir\u00a0\u00a0lavina vaizduot\u0119,<br \/>\n \t&#8211; stimuliuoja motorinius \u012fg\u016bd\u017eius,<br \/>\n \t&#8211; smagus ir malonus mokymasis,<br \/>\n \t&#8211; garso ir \u0161viesos efektai\u00a0&#8211; degiklis ir mikrobang\u0173 krosnel\u0117.<\/p>\n<p>Rota\u013clieta att\u012bst\u0101s:\u00a0<\/p>\n<p> \t&#8211; k\u016brybi\u0161kumas,<br \/>\n \t&#8211; aki\u0173 ir rank\u0173 koordinacija,<br \/>\n \t&#8211; vaizduot\u0117,<br \/>\n \t&#8211; socialiniai \u012fg\u016bd\u017eiai,<br \/>\n \t&#8211; rankiniai \u012fg\u016bd\u017eiai,<br \/>\n \t&#8211; smalsumas.<\/p>\n<p>Ekologi\u0161ki \u017eaislai\u00a0\u00a0 skirti net ir patiems ma\u017eiausiems vaikams ir yra pagaminti i\u0161 visi\u0161kai nat\u016brali\u0173, biologi\u0161kai skaid\u017ei\u0173 ir hipoalergini\u0173 med\u017eiag\u0173, tod\u0117l jie yra 100 % saug\u016bs ir nekenksmingi ne tik aplinkai, bet ir j\u016bs\u0173 vaikui.<\/p>","protected":false},"excerpt":{"rendered":"<p>TOOKY TOY Didel\u0117 medin\u0117 virtuv\u0117l\u0117 vaikams 10 detali\u0173 FSC<\/p>","protected":false},"featured_media":62503,"template":"","meta":{"_acf_changed":false,"_glsr_average":0,"_glsr_ranking":0,"_glsr_reviews":0},"product_brand":[],"product_cat":[399,282],"product_tag":[],"class_list":{"0":"post-69806","1":"product","2":"type-product","3":"status-publish","4":"has-post-thumbnail","6":"product_cat-vaidmenu-zaidimai-2","7":"product_cat-virtuves-reikmenys-vaidmenu-zaidimai","8":"\"style=\"background-color: #2ecc711c;\"","10":"first","11":"instock","12":"purchasable","13":"product-type-simple"},"acf":[],"yoast_head":"<!-- This site is optimized with the Yoast SEO plugin v27.3 - https:\/\/yoast.com\/product\/yoast-seo-wordpress\/ -->\n<title>TOOKY TOY Didel\u0117 medin\u0117 virtuv\u0117l\u0117 vaikams 10 detali\u0173 FSC<\/title>\n<meta name=\"description\" content=\"TOOKY TOY Didel\u0117 medin\u0117 virtuv\u0117l\u0117 vaikams 10 detali\u0173 FSC\" \/>\n<meta name=\"robots\" content=\"index, follow, max-snippet:-1, max-image-preview:large, max-video-preview:-1\" \/>\n<link rel=\"canonical\" href=\"https:\/\/kidsplay.lt\/lv\/products\/tooky-toy-didele-medine-virtuvele-vaikams-10-detaliu-fsc-2\/\" \/>\n<meta property=\"og:locale\" content=\"lv_LV\" \/>\n<meta property=\"og:type\" content=\"article\" \/>\n<meta property=\"og:title\" content=\"TOOKY TOY Didel\u0117 medin\u0117 virtuv\u0117l\u0117 vaikams 10 detali\u0173 FSC\" \/>\n<meta property=\"og:description\" content=\"TOOKY TOY Didel\u0117 medin\u0117 virtuv\u0117l\u0117 vaikams 10 detali\u0173 FSC\" \/>\n<meta property=\"og:url\" content=\"https:\/\/kidsplay.lt\/lv\/products\/tooky-toy-didele-medine-virtuvele-vaikams-10-detaliu-fsc-2\/\" \/>\n<meta property=\"og:site_name\" content=\"KidsPlay\" \/>\n<meta property=\"article:publisher\" content=\"https:\/\/www.facebook.com\/www.kidsplay.lt\" \/>\n<meta property=\"article:modified_time\" content=\"2026-04-07T07:34:06+00:00\" \/>\n<meta property=\"og:image\" content=\"https:\/\/kidsplay.lt\/wp-content\/uploads\/2025\/09\/TOOKY-TOY-Didele-medine-virtuvele-vaikams-10-detaliu-FSC.jpg\" \/>\n\t<meta property=\"og:image:width\" content=\"1199\" \/>\n\t<meta property=\"og:image:height\" content=\"1199\" \/>\n\t<meta property=\"og:image:type\" content=\"image\/jpeg\" \/>\n<meta name=\"twitter:card\" content=\"summary_large_image\" \/>\n<meta name=\"twitter:label1\" content=\"Est. reading time\" \/>\n\t<meta name=\"twitter:data1\" content=\"1 min\u016bte\" \/>\n<script type=\"application\/ld+json\" class=\"yoast-schema-graph\">{\"@context\":\"https:\\\/\\\/schema.org\",\"@graph\":[{\"@type\":\"WebPage\",\"@id\":\"https:\\\/\\\/kidsplay.lt\\\/produktas\\\/tooky-toy-didele-medine-virtuvele-vaikams-10-detaliu-fsc-2\\\/\",\"url\":\"https:\\\/\\\/kidsplay.lt\\\/produktas\\\/tooky-toy-didele-medine-virtuvele-vaikams-10-detaliu-fsc-2\\\/\",\"name\":\"TOOKY TOY Didel\u0117 medin\u0117 virtuv\u0117l\u0117 vaikams 10 detali\u0173 FSC\",\"isPartOf\":{\"@id\":\"https:\\\/\\\/kidsplay.lt\\\/#website\"},\"primaryImageOfPage\":{\"@id\":\"https:\\\/\\\/kidsplay.lt\\\/produktas\\\/tooky-toy-didele-medine-virtuvele-vaikams-10-detaliu-fsc-2\\\/#primaryimage\"},\"image\":{\"@id\":\"https:\\\/\\\/kidsplay.lt\\\/produktas\\\/tooky-toy-didele-medine-virtuvele-vaikams-10-detaliu-fsc-2\\\/#primaryimage\"},\"thumbnailUrl\":\"https:\\\/\\\/kidsplay.lt\\\/wp-content\\\/uploads\\\/2025\\\/09\\\/TOOKY-TOY-Didele-medine-virtuvele-vaikams-10-detaliu-FSC.jpg\",\"datePublished\":\"2025-10-02T10:32:52+00:00\",\"dateModified\":\"2026-04-07T07:34:06+00:00\",\"description\":\"TOOKY TOY Didel\u0117 medin\u0117 virtuv\u0117l\u0117 vaikams 10 detali\u0173 FSC\",\"breadcrumb\":{\"@id\":\"https:\\\/\\\/kidsplay.lt\\\/produktas\\\/tooky-toy-didele-medine-virtuvele-vaikams-10-detaliu-fsc-2\\\/#breadcrumb\"},\"inLanguage\":\"lv-LV\",\"potentialAction\":[{\"@type\":\"ReadAction\",\"target\":[\"https:\\\/\\\/kidsplay.lt\\\/produktas\\\/tooky-toy-didele-medine-virtuvele-vaikams-10-detaliu-fsc-2\\\/\"]}]},{\"@type\":\"ImageObject\",\"inLanguage\":\"lv-LV\",\"@id\":\"https:\\\/\\\/kidsplay.lt\\\/produktas\\\/tooky-toy-didele-medine-virtuvele-vaikams-10-detaliu-fsc-2\\\/#primaryimage\",\"url\":\"https:\\\/\\\/kidsplay.lt\\\/wp-content\\\/uploads\\\/2025\\\/09\\\/TOOKY-TOY-Didele-medine-virtuvele-vaikams-10-detaliu-FSC.jpg\",\"contentUrl\":\"https:\\\/\\\/kidsplay.lt\\\/wp-content\\\/uploads\\\/2025\\\/09\\\/TOOKY-TOY-Didele-medine-virtuvele-vaikams-10-detaliu-FSC.jpg\",\"width\":1199,\"height\":1199,\"caption\":\"TOOKY TOY Didel\u0117 medin\u0117 virtuv\u0117l\u0117 vaikams 10 detali\u0173 FSC\"},{\"@type\":\"BreadcrumbList\",\"@id\":\"https:\\\/\\\/kidsplay.lt\\\/produktas\\\/tooky-toy-didele-medine-virtuvele-vaikams-10-detaliu-fsc-2\\\/#breadcrumb\",\"itemListElement\":[{\"@type\":\"ListItem\",\"position\":1,\"name\":\"Pagrindinis\",\"item\":\"https:\\\/\\\/kidsplay.lt\\\/\"},{\"@type\":\"ListItem\",\"position\":2,\"name\":\"Parduotuv\u0117\",\"item\":\"https:\\\/\\\/kidsplay.lt\\\/parduotuve\\\/\"},{\"@type\":\"ListItem\",\"position\":3,\"name\":\"TOOKY TOY Didel\u0117 medin\u0117 virtuv\u0117l\u0117 vaikams 10 detali\u0173 FSC\"}]},{\"@type\":\"WebSite\",\"@id\":\"https:\\\/\\\/kidsplay.lt\\\/#website\",\"url\":\"https:\\\/\\\/kidsplay.lt\\\/\",\"name\":\"Kidsplay.lt\",\"description\":\"\u012evairios prek\u0117s vaikams\",\"publisher\":{\"@id\":\"https:\\\/\\\/kidsplay.lt\\\/#organization\"},\"alternateName\":\"Kidsplay\",\"potentialAction\":[{\"@type\":\"SearchAction\",\"target\":{\"@type\":\"EntryPoint\",\"urlTemplate\":\"https:\\\/\\\/kidsplay.lt\\\/?s={search_term_string}\"},\"query-input\":{\"@type\":\"PropertyValueSpecification\",\"valueRequired\":true,\"valueName\":\"search_term_string\"}}],\"inLanguage\":\"lv-LV\"},{\"@type\":\"Organization\",\"@id\":\"https:\\\/\\\/kidsplay.lt\\\/#organization\",\"name\":\"KidsPlay\",\"url\":\"https:\\\/\\\/kidsplay.lt\\\/\",\"logo\":{\"@type\":\"ImageObject\",\"inLanguage\":\"lv-LV\",\"@id\":\"https:\\\/\\\/kidsplay.lt\\\/#\\\/schema\\\/logo\\\/image\\\/\",\"url\":\"https:\\\/\\\/kidsplay.lt\\\/wp-content\\\/uploads\\\/2023\\\/07\\\/kidsplay-logo.png\",\"contentUrl\":\"https:\\\/\\\/kidsplay.lt\\\/wp-content\\\/uploads\\\/2023\\\/07\\\/kidsplay-logo.png\",\"width\":451,\"height\":98,\"caption\":\"KidsPlay\"},\"image\":{\"@id\":\"https:\\\/\\\/kidsplay.lt\\\/#\\\/schema\\\/logo\\\/image\\\/\"},\"sameAs\":[\"https:\\\/\\\/www.facebook.com\\\/www.kidsplay.lt\"]}]}<\/script>\n<!-- \/ Yoast SEO plugin. -->","yoast_head_json":{"title":"TOOKY TOY Didel\u0117 medin\u0117 virtuv\u0117l\u0117 vaikams 10 detali\u0173 FSC","description":"TOOKY TOY Didel\u0117 medin\u0117 virtuv\u0117l\u0117 vaikams 10 detali\u0173 FSC","robots":{"index":"index","follow":"follow","max-snippet":"max-snippet:-1","max-image-preview":"max-image-preview:large","max-video-preview":"max-video-preview:-1"},"canonical":"https:\/\/kidsplay.lt\/lv\/products\/tooky-toy-didele-medine-virtuvele-vaikams-10-detaliu-fsc-2\/","og_locale":"lv_LV","og_type":"article","og_title":"TOOKY TOY Didel\u0117 medin\u0117 virtuv\u0117l\u0117 vaikams 10 detali\u0173 FSC","og_description":"TOOKY TOY Didel\u0117 medin\u0117 virtuv\u0117l\u0117 vaikams 10 detali\u0173 FSC","og_url":"https:\/\/kidsplay.lt\/lv\/products\/tooky-toy-didele-medine-virtuvele-vaikams-10-detaliu-fsc-2\/","og_site_name":"KidsPlay","article_publisher":"https:\/\/www.facebook.com\/www.kidsplay.lt","article_modified_time":"2026-04-07T07:34:06+00:00","og_image":[{"width":1199,"height":1199,"url":"https:\/\/kidsplay.lt\/wp-content\/uploads\/2025\/09\/TOOKY-TOY-Didele-medine-virtuvele-vaikams-10-detaliu-FSC.jpg","type":"image\/jpeg"}],"twitter_card":"summary_large_image","twitter_misc":{"Est. reading time":"1 min\u016bte"},"schema":{"@context":"https:\/\/schema.org","@graph":[{"@type":"WebPage","@id":"https:\/\/kidsplay.lt\/produktas\/tooky-toy-didele-medine-virtuvele-vaikams-10-detaliu-fsc-2\/","url":"https:\/\/kidsplay.lt\/produktas\/tooky-toy-didele-medine-virtuvele-vaikams-10-detaliu-fsc-2\/","name":"TOOKY TOY Didel\u0117 medin\u0117 virtuv\u0117l\u0117 vaikams 10 detali\u0173 FSC","isPartOf":{"@id":"https:\/\/kidsplay.lt\/#website"},"primaryImageOfPage":{"@id":"https:\/\/kidsplay.lt\/produktas\/tooky-toy-didele-medine-virtuvele-vaikams-10-detaliu-fsc-2\/#primaryimage"},"image":{"@id":"https:\/\/kidsplay.lt\/produktas\/tooky-toy-didele-medine-virtuvele-vaikams-10-detaliu-fsc-2\/#primaryimage"},"thumbnailUrl":"https:\/\/kidsplay.lt\/wp-content\/uploads\/2025\/09\/TOOKY-TOY-Didele-medine-virtuvele-vaikams-10-detaliu-FSC.jpg","datePublished":"2025-10-02T10:32:52+00:00","dateModified":"2026-04-07T07:34:06+00:00","description":"TOOKY TOY Didel\u0117 medin\u0117 virtuv\u0117l\u0117 vaikams 10 detali\u0173 FSC","breadcrumb":{"@id":"https:\/\/kidsplay.lt\/produktas\/tooky-toy-didele-medine-virtuvele-vaikams-10-detaliu-fsc-2\/#breadcrumb"},"inLanguage":"lv-LV","potentialAction":[{"@type":"ReadAction","target":["https:\/\/kidsplay.lt\/produktas\/tooky-toy-didele-medine-virtuvele-vaikams-10-detaliu-fsc-2\/"]}]},{"@type":"ImageObject","inLanguage":"lv-LV","@id":"https:\/\/kidsplay.lt\/produktas\/tooky-toy-didele-medine-virtuvele-vaikams-10-detaliu-fsc-2\/#primaryimage","url":"https:\/\/kidsplay.lt\/wp-content\/uploads\/2025\/09\/TOOKY-TOY-Didele-medine-virtuvele-vaikams-10-detaliu-FSC.jpg","contentUrl":"https:\/\/kidsplay.lt\/wp-content\/uploads\/2025\/09\/TOOKY-TOY-Didele-medine-virtuvele-vaikams-10-detaliu-FSC.jpg","width":1199,"height":1199,"caption":"TOOKY TOY Didel\u0117 medin\u0117 virtuv\u0117l\u0117 vaikams 10 detali\u0173 FSC"},{"@type":"BreadcrumbList","@id":"https:\/\/kidsplay.lt\/produktas\/tooky-toy-didele-medine-virtuvele-vaikams-10-detaliu-fsc-2\/#breadcrumb","itemListElement":[{"@type":"ListItem","position":1,"name":"Pagrindinis","item":"https:\/\/kidsplay.lt\/"},{"@type":"ListItem","position":2,"name":"Parduotuv\u0117","item":"https:\/\/kidsplay.lt\/parduotuve\/"},{"@type":"ListItem","position":3,"name":"TOOKY TOY Didel\u0117 medin\u0117 virtuv\u0117l\u0117 vaikams 10 detali\u0173 FSC"}]},{"@type":"WebSite","@id":"https:\/\/kidsplay.lt\/#website","url":"https:\/\/kidsplay.lt\/","name":"B\u0113rnu sp\u0113les.lv","description":"\u012evairios prek\u0117s vaikams","publisher":{"@id":"https:\/\/kidsplay.lt\/#organization"},"alternateName":"Kidsplay","potentialAction":[{"@type":"SearchAction","target":{"@type":"EntryPoint","urlTemplate":"https:\/\/kidsplay.lt\/?s={search_term_string}"},"query-input":{"@type":"PropertyValueSpecification","valueRequired":true,"valueName":"search_term_string"}}],"inLanguage":"lv-LV"},{"@type":"Organization","@id":"https:\/\/kidsplay.lt\/#organization","name":"B\u0113rnu sp\u0113le","url":"https:\/\/kidsplay.lt\/","logo":{"@type":"ImageObject","inLanguage":"lv-LV","@id":"https:\/\/kidsplay.lt\/#\/schema\/logo\/image\/","url":"https:\/\/kidsplay.lt\/wp-content\/uploads\/2023\/07\/kidsplay-logo.png","contentUrl":"https:\/\/kidsplay.lt\/wp-content\/uploads\/2023\/07\/kidsplay-logo.png","width":451,"height":98,"caption":"KidsPlay"},"image":{"@id":"https:\/\/kidsplay.lt\/#\/schema\/logo\/image\/"},"sameAs":["https:\/\/www.facebook.com\/www.kidsplay.lt"]}]}},"_links":{"self":[{"href":"https:\/\/kidsplay.lt\/lv\/wp-json\/wp\/v2\/product\/69806","targetHints":{"allow":["GET"]}}],"collection":[{"href":"https:\/\/kidsplay.lt\/lv\/wp-json\/wp\/v2\/product"}],"about":[{"href":"https:\/\/kidsplay.lt\/lv\/wp-json\/wp\/v2\/types\/product"}],"version-history":[{"count":2,"href":"https:\/\/kidsplay.lt\/lv\/wp-json\/wp\/v2\/product\/69806\/revisions"}],"predecessor-version":[{"id":73447,"href":"https:\/\/kidsplay.lt\/lv\/wp-json\/wp\/v2\/product\/69806\/revisions\/73447"}],"wp:featuredmedia":[{"embeddable":true,"href":"https:\/\/kidsplay.lt\/lv\/wp-json\/wp\/v2\/media\/62503"}],"wp:attachment":[{"href":"https:\/\/kidsplay.lt\/lv\/wp-json\/wp\/v2\/media?parent=69806"}],"wp:term":[{"taxonomy":"product_brand","embeddable":true,"href":"https:\/\/kidsplay.lt\/lv\/wp-json\/wp\/v2\/product_brand?post=69806"},{"taxonomy":"product_cat","embeddable":true,"href":"https:\/\/kidsplay.lt\/lv\/wp-json\/wp\/v2\/product_cat?post=69806"},{"taxonomy":"product_tag","embeddable":true,"href":"https:\/\/kidsplay.lt\/lv\/wp-json\/wp\/v2\/product_tag?post=69806"}],"curies":[{"name":"wp","href":"https:\/\/api.w.org\/{rel}","templated":true}]}}