{"id":69808,"date":"2025-10-02T13:32:57","date_gmt":"2025-10-02T10:32:57","guid":{"rendered":"https:\/\/kidsplay.lt\/produktas\/smoby-restorano-baras-vaikams-2in1\/"},"modified":"2026-04-13T14:55:45","modified_gmt":"2026-04-13T11:55:45","slug":"smoby-restorano-baras-vaikams-2in1","status":"publish","type":"product","link":"https:\/\/kidsplay.lt\/lv\/products\/smoby-restorano-baras-vaikams-2in1\/","title":{"rendered":"SMOBY restor\u0101na b\u0101rs b\u0113rniem 2in1"},"content":{"rendered":"<p>&#8222;Chef&#8217;s Bar&#8221; yra puikus rinkinys vaikams \u017eaisti ir \u017eaisti vaidmenimis. Lavina vaik\u0173 vaizduot\u0119, moko dirbti grup\u0117se. Jame yra dvi \u017eaidim\u0173 aik\u0161tel\u0117s \u2013 maisto ruo\u0161imo zona ir klient\u0173 aptarnavimo zona su kasos aparatu ir mok\u0117jimo terminalu.\u00a0<\/p>\n<p>Raksturojums:\u00a0<\/p>\n<p> \t&#8211; turi imitacin\u0119 kaitlent\u0119 (1 degiklis), gruzdintuv\u0105, kriaukl\u0119 su \u010diaupu, orkait\u0119 ir \u0161aldytuv\u0105 su atidaromomis durel\u0117mis,<br \/>\n \t&#8211; Taip pat yra vandens ir sul\u010di\u0173 dozatorius bei kavos aparatas,<br \/>\n \t&#8211; turi special\u0173 stal\u0105 patiekalams patiekti,<br \/>\n \t&#8211; klientai gali rinktis patiekalus i\u0161 spausdinto meniu,<br \/>\n \t&#8211; virtuv\u0117s reikmenis galima pakabinti ant specialiai paruo\u0161t\u0173 pakab\u0173,<br \/>\n \t&#8211; po gaminimo ar klient\u0173 aptarnavimo liku\u010dius galima i\u0161mesti \u012f \u0161iuk\u0161li\u0173 d\u0117\u017e\u0119,<br \/>\n \t&#8211; rinkinyje yra 29 priedai &#8211; keptuv\u0117, pjaustymo lenta, l\u0117k\u0161t\u0117, stalo \u012frankiai, stiklin\u0117, puodelis, krep\u0161elis, virtuv\u0117s reikmenys, m\u0117sainis, bulvyt\u0117s, blynas (pakei\u010dia spalva \u012fjungus keptuv\u0119), pada\u017eai , kvitai, kreditin\u0117 kortel\u0117.<\/p>","protected":false},"excerpt":{"rendered":"<p>SMOBY restor\u0101na b\u0101rs b\u0113rniem 2in1<\/p>","protected":false},"featured_media":59984,"template":"","meta":{"_acf_changed":false,"_glsr_average":0,"_glsr_ranking":0,"_glsr_reviews":0},"product_brand":[],"product_cat":[399,282],"product_tag":[],"class_list":{"0":"post-69808","1":"product","2":"type-product","3":"status-publish","4":"has-post-thumbnail","6":"product_cat-vaidmenu-zaidimai-2","7":"product_cat-virtuves-reikmenys-vaidmenu-zaidimai","8":"\"style=\"background-color: #2ecc711c;\"","10":"first","11":"instock","12":"purchasable","13":"product-type-simple"},"acf":[],"yoast_head":"<!-- This site is optimized with the Yoast SEO plugin v27.4 - https:\/\/yoast.com\/product\/yoast-seo-wordpress\/ -->\n<title>SMOBY restorano baras vaikams 2in1<\/title>\n<meta name=\"description\" content=\"SMOBY restorano baras vaikams 2in1\" \/>\n<meta name=\"robots\" content=\"index, follow, max-snippet:-1, max-image-preview:large, max-video-preview:-1\" \/>\n<link rel=\"canonical\" href=\"https:\/\/kidsplay.lt\/lv\/products\/smoby-restorano-baras-vaikams-2in1\/\" \/>\n<meta property=\"og:locale\" content=\"lv_LV\" \/>\n<meta property=\"og:type\" content=\"article\" \/>\n<meta property=\"og:title\" content=\"SMOBY restorano baras vaikams 2in1\" \/>\n<meta property=\"og:description\" content=\"SMOBY restorano baras vaikams 2in1\" \/>\n<meta property=\"og:url\" content=\"https:\/\/kidsplay.lt\/lv\/products\/smoby-restorano-baras-vaikams-2in1\/\" \/>\n<meta property=\"og:site_name\" content=\"KidsPlay\" \/>\n<meta property=\"article:publisher\" content=\"https:\/\/www.facebook.com\/www.kidsplay.lt\" \/>\n<meta property=\"article:modified_time\" content=\"2026-04-13T11:55:45+00:00\" \/>\n<meta property=\"og:image\" content=\"https:\/\/kidsplay.lt\/wp-content\/uploads\/2024\/12\/SMOBY-restorano-baras-vaikams-2in1.jpg\" \/>\n\t<meta property=\"og:image:width\" content=\"2560\" \/>\n\t<meta property=\"og:image:height\" content=\"2560\" \/>\n\t<meta property=\"og:image:type\" content=\"image\/jpeg\" \/>\n<meta name=\"twitter:card\" content=\"summary_large_image\" \/>\n<meta name=\"twitter:label1\" content=\"Est. reading time\" \/>\n\t<meta name=\"twitter:data1\" content=\"1 min\u016bte\" \/>\n<script type=\"application\/ld+json\" class=\"yoast-schema-graph\">{\"@context\":\"https:\\\/\\\/schema.org\",\"@graph\":[{\"@type\":\"WebPage\",\"@id\":\"https:\\\/\\\/kidsplay.lt\\\/produktas\\\/smoby-restorano-baras-vaikams-2in1\\\/\",\"url\":\"https:\\\/\\\/kidsplay.lt\\\/produktas\\\/smoby-restorano-baras-vaikams-2in1\\\/\",\"name\":\"SMOBY restorano baras vaikams 2in1\",\"isPartOf\":{\"@id\":\"https:\\\/\\\/kidsplay.lt\\\/#website\"},\"primaryImageOfPage\":{\"@id\":\"https:\\\/\\\/kidsplay.lt\\\/produktas\\\/smoby-restorano-baras-vaikams-2in1\\\/#primaryimage\"},\"image\":{\"@id\":\"https:\\\/\\\/kidsplay.lt\\\/produktas\\\/smoby-restorano-baras-vaikams-2in1\\\/#primaryimage\"},\"thumbnailUrl\":\"https:\\\/\\\/kidsplay.lt\\\/wp-content\\\/uploads\\\/2024\\\/12\\\/SMOBY-restorano-baras-vaikams-2in1.jpg\",\"datePublished\":\"2025-10-02T10:32:57+00:00\",\"dateModified\":\"2026-04-13T11:55:45+00:00\",\"description\":\"SMOBY restorano baras vaikams 2in1\",\"breadcrumb\":{\"@id\":\"https:\\\/\\\/kidsplay.lt\\\/produktas\\\/smoby-restorano-baras-vaikams-2in1\\\/#breadcrumb\"},\"inLanguage\":\"lv-LV\",\"potentialAction\":[{\"@type\":\"ReadAction\",\"target\":[\"https:\\\/\\\/kidsplay.lt\\\/produktas\\\/smoby-restorano-baras-vaikams-2in1\\\/\"]}]},{\"@type\":\"ImageObject\",\"inLanguage\":\"lv-LV\",\"@id\":\"https:\\\/\\\/kidsplay.lt\\\/produktas\\\/smoby-restorano-baras-vaikams-2in1\\\/#primaryimage\",\"url\":\"https:\\\/\\\/kidsplay.lt\\\/wp-content\\\/uploads\\\/2024\\\/12\\\/SMOBY-restorano-baras-vaikams-2in1.jpg\",\"contentUrl\":\"https:\\\/\\\/kidsplay.lt\\\/wp-content\\\/uploads\\\/2024\\\/12\\\/SMOBY-restorano-baras-vaikams-2in1.jpg\",\"width\":2560,\"height\":2560,\"caption\":\"SMOBY restorano baras vaikams 2in1\"},{\"@type\":\"BreadcrumbList\",\"@id\":\"https:\\\/\\\/kidsplay.lt\\\/produktas\\\/smoby-restorano-baras-vaikams-2in1\\\/#breadcrumb\",\"itemListElement\":[{\"@type\":\"ListItem\",\"position\":1,\"name\":\"Pagrindinis\",\"item\":\"https:\\\/\\\/kidsplay.lt\\\/\"},{\"@type\":\"ListItem\",\"position\":2,\"name\":\"Parduotuv\u0117\",\"item\":\"https:\\\/\\\/kidsplay.lt\\\/parduotuve\\\/\"},{\"@type\":\"ListItem\",\"position\":3,\"name\":\"SMOBY restorano baras vaikams 2in1\"}]},{\"@type\":\"WebSite\",\"@id\":\"https:\\\/\\\/kidsplay.lt\\\/#website\",\"url\":\"https:\\\/\\\/kidsplay.lt\\\/\",\"name\":\"Kidsplay.lt\",\"description\":\"\u012evairios prek\u0117s vaikams\",\"publisher\":{\"@id\":\"https:\\\/\\\/kidsplay.lt\\\/#organization\"},\"alternateName\":\"Kidsplay\",\"potentialAction\":[{\"@type\":\"SearchAction\",\"target\":{\"@type\":\"EntryPoint\",\"urlTemplate\":\"https:\\\/\\\/kidsplay.lt\\\/?s={search_term_string}\"},\"query-input\":{\"@type\":\"PropertyValueSpecification\",\"valueRequired\":true,\"valueName\":\"search_term_string\"}}],\"inLanguage\":\"lv-LV\"},{\"@type\":\"Organization\",\"@id\":\"https:\\\/\\\/kidsplay.lt\\\/#organization\",\"name\":\"KidsPlay\",\"url\":\"https:\\\/\\\/kidsplay.lt\\\/\",\"logo\":{\"@type\":\"ImageObject\",\"inLanguage\":\"lv-LV\",\"@id\":\"https:\\\/\\\/kidsplay.lt\\\/#\\\/schema\\\/logo\\\/image\\\/\",\"url\":\"https:\\\/\\\/kidsplay.lt\\\/wp-content\\\/uploads\\\/2023\\\/07\\\/kidsplay-logo.png\",\"contentUrl\":\"https:\\\/\\\/kidsplay.lt\\\/wp-content\\\/uploads\\\/2023\\\/07\\\/kidsplay-logo.png\",\"width\":451,\"height\":98,\"caption\":\"KidsPlay\"},\"image\":{\"@id\":\"https:\\\/\\\/kidsplay.lt\\\/#\\\/schema\\\/logo\\\/image\\\/\"},\"sameAs\":[\"https:\\\/\\\/www.facebook.com\\\/www.kidsplay.lt\"]}]}<\/script>\n<!-- \/ Yoast SEO plugin. -->","yoast_head_json":{"title":"SMOBY restor\u0101na b\u0101rs b\u0113rniem 2in1","description":"SMOBY restor\u0101na b\u0101rs b\u0113rniem 2in1","robots":{"index":"index","follow":"follow","max-snippet":"max-snippet:-1","max-image-preview":"max-image-preview:large","max-video-preview":"max-video-preview:-1"},"canonical":"https:\/\/kidsplay.lt\/lv\/products\/smoby-restorano-baras-vaikams-2in1\/","og_locale":"lv_LV","og_type":"article","og_title":"SMOBY restorano baras vaikams 2in1","og_description":"SMOBY restorano baras vaikams 2in1","og_url":"https:\/\/kidsplay.lt\/lv\/products\/smoby-restorano-baras-vaikams-2in1\/","og_site_name":"KidsPlay","article_publisher":"https:\/\/www.facebook.com\/www.kidsplay.lt","article_modified_time":"2026-04-13T11:55:45+00:00","og_image":[{"width":2560,"height":2560,"url":"https:\/\/kidsplay.lt\/wp-content\/uploads\/2024\/12\/SMOBY-restorano-baras-vaikams-2in1.jpg","type":"image\/jpeg"}],"twitter_card":"summary_large_image","twitter_misc":{"Est. reading time":"1 min\u016bte"},"schema":{"@context":"https:\/\/schema.org","@graph":[{"@type":"WebPage","@id":"https:\/\/kidsplay.lt\/produktas\/smoby-restorano-baras-vaikams-2in1\/","url":"https:\/\/kidsplay.lt\/produktas\/smoby-restorano-baras-vaikams-2in1\/","name":"SMOBY restor\u0101na b\u0101rs b\u0113rniem 2in1","isPartOf":{"@id":"https:\/\/kidsplay.lt\/#website"},"primaryImageOfPage":{"@id":"https:\/\/kidsplay.lt\/produktas\/smoby-restorano-baras-vaikams-2in1\/#primaryimage"},"image":{"@id":"https:\/\/kidsplay.lt\/produktas\/smoby-restorano-baras-vaikams-2in1\/#primaryimage"},"thumbnailUrl":"https:\/\/kidsplay.lt\/wp-content\/uploads\/2024\/12\/SMOBY-restorano-baras-vaikams-2in1.jpg","datePublished":"2025-10-02T10:32:57+00:00","dateModified":"2026-04-13T11:55:45+00:00","description":"SMOBY restor\u0101na b\u0101rs b\u0113rniem 2in1","breadcrumb":{"@id":"https:\/\/kidsplay.lt\/produktas\/smoby-restorano-baras-vaikams-2in1\/#breadcrumb"},"inLanguage":"lv-LV","potentialAction":[{"@type":"ReadAction","target":["https:\/\/kidsplay.lt\/produktas\/smoby-restorano-baras-vaikams-2in1\/"]}]},{"@type":"ImageObject","inLanguage":"lv-LV","@id":"https:\/\/kidsplay.lt\/produktas\/smoby-restorano-baras-vaikams-2in1\/#primaryimage","url":"https:\/\/kidsplay.lt\/wp-content\/uploads\/2024\/12\/SMOBY-restorano-baras-vaikams-2in1.jpg","contentUrl":"https:\/\/kidsplay.lt\/wp-content\/uploads\/2024\/12\/SMOBY-restorano-baras-vaikams-2in1.jpg","width":2560,"height":2560,"caption":"SMOBY restorano baras vaikams 2in1"},{"@type":"BreadcrumbList","@id":"https:\/\/kidsplay.lt\/produktas\/smoby-restorano-baras-vaikams-2in1\/#breadcrumb","itemListElement":[{"@type":"ListItem","position":1,"name":"Pagrindinis","item":"https:\/\/kidsplay.lt\/"},{"@type":"ListItem","position":2,"name":"Parduotuv\u0117","item":"https:\/\/kidsplay.lt\/parduotuve\/"},{"@type":"ListItem","position":3,"name":"SMOBY restorano baras vaikams 2in1"}]},{"@type":"WebSite","@id":"https:\/\/kidsplay.lt\/#website","url":"https:\/\/kidsplay.lt\/","name":"B\u0113rnu sp\u0113les.lv","description":"\u012evairios prek\u0117s vaikams","publisher":{"@id":"https:\/\/kidsplay.lt\/#organization"},"alternateName":"Kidsplay","potentialAction":[{"@type":"SearchAction","target":{"@type":"EntryPoint","urlTemplate":"https:\/\/kidsplay.lt\/?s={search_term_string}"},"query-input":{"@type":"PropertyValueSpecification","valueRequired":true,"valueName":"search_term_string"}}],"inLanguage":"lv-LV"},{"@type":"Organization","@id":"https:\/\/kidsplay.lt\/#organization","name":"B\u0113rnu sp\u0113le","url":"https:\/\/kidsplay.lt\/","logo":{"@type":"ImageObject","inLanguage":"lv-LV","@id":"https:\/\/kidsplay.lt\/#\/schema\/logo\/image\/","url":"https:\/\/kidsplay.lt\/wp-content\/uploads\/2023\/07\/kidsplay-logo.png","contentUrl":"https:\/\/kidsplay.lt\/wp-content\/uploads\/2023\/07\/kidsplay-logo.png","width":451,"height":98,"caption":"KidsPlay"},"image":{"@id":"https:\/\/kidsplay.lt\/#\/schema\/logo\/image\/"},"sameAs":["https:\/\/www.facebook.com\/www.kidsplay.lt"]}]}},"_links":{"self":[{"href":"https:\/\/kidsplay.lt\/lv\/wp-json\/wp\/v2\/product\/69808","targetHints":{"allow":["GET"]}}],"collection":[{"href":"https:\/\/kidsplay.lt\/lv\/wp-json\/wp\/v2\/product"}],"about":[{"href":"https:\/\/kidsplay.lt\/lv\/wp-json\/wp\/v2\/types\/product"}],"version-history":[{"count":2,"href":"https:\/\/kidsplay.lt\/lv\/wp-json\/wp\/v2\/product\/69808\/revisions"}],"predecessor-version":[{"id":73446,"href":"https:\/\/kidsplay.lt\/lv\/wp-json\/wp\/v2\/product\/69808\/revisions\/73446"}],"wp:featuredmedia":[{"embeddable":true,"href":"https:\/\/kidsplay.lt\/lv\/wp-json\/wp\/v2\/media\/59984"}],"wp:attachment":[{"href":"https:\/\/kidsplay.lt\/lv\/wp-json\/wp\/v2\/media?parent=69808"}],"wp:term":[{"taxonomy":"product_brand","embeddable":true,"href":"https:\/\/kidsplay.lt\/lv\/wp-json\/wp\/v2\/product_brand?post=69808"},{"taxonomy":"product_cat","embeddable":true,"href":"https:\/\/kidsplay.lt\/lv\/wp-json\/wp\/v2\/product_cat?post=69808"},{"taxonomy":"product_tag","embeddable":true,"href":"https:\/\/kidsplay.lt\/lv\/wp-json\/wp\/v2\/product_tag?post=69808"}],"curies":[{"name":"wp","href":"https:\/\/api.w.org\/{rel}","templated":true}]}}