{"id":69812,"date":"2025-10-02T13:33:06","date_gmt":"2025-10-02T10:33:06","guid":{"rendered":"https:\/\/kidsplay.lt\/produktas\/woopie-iq-edukacinis-ir-strateginis-loginis-zaidimas-2-viename-kryziukai-nuliukai\/"},"modified":"2026-04-07T11:27:17","modified_gmt":"2026-04-07T08:27:17","slug":"woopie-iq-edukacinis-ir-strateginis-loginis-zaidimas-2-viename-kryziukai-nuliukai","status":"publish","type":"product","link":"https:\/\/kidsplay.lt\/lv\/products\/woopie-iq-edukacinis-ir-strateginis-loginis-zaidimas-2-viename-kryziukai-nuliukai\/","title":{"rendered":"WOOPIE IQ izgl\u012btojo\u0161a un strat\u0113\u0123iska lo\u0123ikas sp\u0113le 2 vien\u0101 &quot;Kristi\u0146i-nuli&quot;\u201e"},"content":{"rendered":"<p>\u201eKURMIAI LABIRINTAS\u201c\u00a0\u2013 tai ne\u012ftik\u0117tinai \u012ftraukiantis edukacinis \u017eaidimas\u00a0. Jis si\u016blo unikal\u0173 linksmybi\u0173 ir edukacin\u0117s vert\u0117s derin\u012f. Sukurtas 1\u20132 \u017eaid\u0117jams, \u017eaidimas si\u016blo \u012fvairius \u017eaidimo b\u016bdus,\u00a0tod\u0117l\u00a0idealiai tinka \u017eaisti ir mokytis kelyje. \u017daidime yra spalving\u0173 kort\u0173, kurios skatina vaikus \u017eaisti, ir jis tinka tiek jaunesniems, tiek vyresniems vaikams. \u017daidimas lavina problem\u0173 sprendimo \u012fg\u016bd\u017eius, erdvin\u012f suvokim\u0105, m\u0105stym\u0105 ir aki\u0173 bei rank\u0173 koordinacij\u0105. D\u0117l ne\u0161iojamo dizaino j\u012f patogu pasiimti su savimi \u012f keliones.<\/p>\n<p>\u017daidimo tikslas \u2013 kuo grei\u010diau u\u017ebaigti spalvotoje kortel\u0117je pavaizduot\u0105 ra\u0161t\u0105. Kiekvienas \u017eaid\u0117jas turi vien\u0105 \u0117jim\u0105. \u017daid\u0117jas, kuris pirmas u\u017ebaigia kortel\u0117je pavaizduot\u0105 ra\u0161t\u0105, paskambina varpeliu ir laimi \u017eaidim\u0105.<\/p>\n<p>Rakstur\u012bgs:<\/p>\n<p>\u017daislas nuo 4 met\u0173 am\u017eiaus<br \/>\nPuikiai tinka pramogoms kelyje<br \/>\n\u017daislas lavina m\u0105stym\u0105 ir aki\u0173 koordinacij\u0105.<\/p>\n<p>Sp\u0113le att\u012bst\u0101s:<\/p>\n<p>fokusavimas,<br \/>\nprotas<br \/>\naki\u0173 koordinacija,<br \/>\nsteb\u0117jimas<\/p>","protected":false},"excerpt":{"rendered":"<p>WOOPIE IQ izgl\u012btojo\u0161a un strat\u0113\u0123iska lo\u0123ikas sp\u0113le 2 vien\u0101 &quot;Kristi\u0146i-nuli&quot;\u201e<\/p>","protected":false},"featured_media":67772,"template":"","meta":{"_acf_changed":false,"_glsr_average":0,"_glsr_ranking":0,"_glsr_reviews":0},"product_brand":[],"product_cat":[388,72,229],"product_tag":[],"class_list":{"0":"post-69812","1":"product","2":"type-product","3":"status-publish","4":"has-post-thumbnail","6":"product_cat-edukaciniai-lavinamieji-zaislai","7":"product_cat-ispardavimas","8":"product_cat-zaislai-vaikams","9":"\"style=\"background-color: #2ecc711c;\"","11":"first","12":"instock","13":"sale","14":"purchasable","15":"product-type-simple"},"acf":[],"yoast_head":"<!-- This site is optimized with the Yoast SEO plugin v27.4 - https:\/\/yoast.com\/product\/yoast-seo-wordpress\/ -->\n<title>WOOPIE IQ edukacinis ir strateginis loginis \u017eaidimas 2 viename \u201eKry\u017eiukai-nuliukai\u201c<\/title>\n<meta name=\"description\" content=\"WOOPIE IQ edukacinis ir strateginis loginis \u017eaidimas 2 viename \u201eKry\u017eiukai-nuliukai\u201c\" \/>\n<meta name=\"robots\" content=\"index, follow, max-snippet:-1, max-image-preview:large, max-video-preview:-1\" \/>\n<link rel=\"canonical\" href=\"https:\/\/kidsplay.lt\/lv\/products\/woopie-iq-edukacinis-ir-strateginis-loginis-zaidimas-2-viename-kryziukai-nuliukai\/\" \/>\n<meta property=\"og:locale\" content=\"lv_LV\" \/>\n<meta property=\"og:type\" content=\"article\" \/>\n<meta property=\"og:title\" content=\"WOOPIE IQ edukacinis ir strateginis loginis \u017eaidimas 2 viename \u201eKry\u017eiukai-nuliukai\u201c\" \/>\n<meta property=\"og:description\" content=\"WOOPIE IQ edukacinis ir strateginis loginis \u017eaidimas 2 viename \u201eKry\u017eiukai-nuliukai\u201c\" \/>\n<meta property=\"og:url\" content=\"https:\/\/kidsplay.lt\/lv\/products\/woopie-iq-edukacinis-ir-strateginis-loginis-zaidimas-2-viename-kryziukai-nuliukai\/\" \/>\n<meta property=\"og:site_name\" content=\"KidsPlay\" \/>\n<meta property=\"article:publisher\" content=\"https:\/\/www.facebook.com\/www.kidsplay.lt\" \/>\n<meta property=\"article:modified_time\" content=\"2026-04-07T08:27:17+00:00\" \/>\n<meta property=\"og:image\" content=\"https:\/\/kidsplay.lt\/wp-content\/uploads\/2025\/10\/WOOPIE-IQ-edukacinis-ir-strateginis-loginis-zaidimas-2-viename-\u201eKryziukai-nuliukai.jpg\" \/>\n\t<meta property=\"og:image:width\" content=\"800\" \/>\n\t<meta property=\"og:image:height\" content=\"800\" \/>\n\t<meta property=\"og:image:type\" content=\"image\/png\" \/>\n<meta name=\"twitter:card\" content=\"summary_large_image\" \/>\n<meta name=\"twitter:label1\" content=\"Est. reading time\" \/>\n\t<meta name=\"twitter:data1\" content=\"1 min\u016bte\" \/>\n<script type=\"application\/ld+json\" class=\"yoast-schema-graph\">{\"@context\":\"https:\\\/\\\/schema.org\",\"@graph\":[{\"@type\":\"WebPage\",\"@id\":\"https:\\\/\\\/kidsplay.lt\\\/produktas\\\/woopie-iq-edukacinis-ir-strateginis-loginis-zaidimas-2-viename-kryziukai-nuliukai\\\/\",\"url\":\"https:\\\/\\\/kidsplay.lt\\\/produktas\\\/woopie-iq-edukacinis-ir-strateginis-loginis-zaidimas-2-viename-kryziukai-nuliukai\\\/\",\"name\":\"WOOPIE IQ edukacinis ir strateginis loginis \u017eaidimas 2 viename \u201eKry\u017eiukai-nuliukai\u201c\",\"isPartOf\":{\"@id\":\"https:\\\/\\\/kidsplay.lt\\\/#website\"},\"primaryImageOfPage\":{\"@id\":\"https:\\\/\\\/kidsplay.lt\\\/produktas\\\/woopie-iq-edukacinis-ir-strateginis-loginis-zaidimas-2-viename-kryziukai-nuliukai\\\/#primaryimage\"},\"image\":{\"@id\":\"https:\\\/\\\/kidsplay.lt\\\/produktas\\\/woopie-iq-edukacinis-ir-strateginis-loginis-zaidimas-2-viename-kryziukai-nuliukai\\\/#primaryimage\"},\"thumbnailUrl\":\"https:\\\/\\\/kidsplay.lt\\\/wp-content\\\/uploads\\\/2025\\\/10\\\/WOOPIE-IQ-edukacinis-ir-strateginis-loginis-zaidimas-2-viename-\u201eKryziukai-nuliukai.jpg\",\"datePublished\":\"2025-10-02T10:33:06+00:00\",\"dateModified\":\"2026-04-07T08:27:17+00:00\",\"description\":\"WOOPIE IQ edukacinis ir strateginis loginis \u017eaidimas 2 viename \u201eKry\u017eiukai-nuliukai\u201c\",\"breadcrumb\":{\"@id\":\"https:\\\/\\\/kidsplay.lt\\\/produktas\\\/woopie-iq-edukacinis-ir-strateginis-loginis-zaidimas-2-viename-kryziukai-nuliukai\\\/#breadcrumb\"},\"inLanguage\":\"lv-LV\",\"potentialAction\":[{\"@type\":\"ReadAction\",\"target\":[\"https:\\\/\\\/kidsplay.lt\\\/produktas\\\/woopie-iq-edukacinis-ir-strateginis-loginis-zaidimas-2-viename-kryziukai-nuliukai\\\/\"]}]},{\"@type\":\"ImageObject\",\"inLanguage\":\"lv-LV\",\"@id\":\"https:\\\/\\\/kidsplay.lt\\\/produktas\\\/woopie-iq-edukacinis-ir-strateginis-loginis-zaidimas-2-viename-kryziukai-nuliukai\\\/#primaryimage\",\"url\":\"https:\\\/\\\/kidsplay.lt\\\/wp-content\\\/uploads\\\/2025\\\/10\\\/WOOPIE-IQ-edukacinis-ir-strateginis-loginis-zaidimas-2-viename-\u201eKryziukai-nuliukai.jpg\",\"contentUrl\":\"https:\\\/\\\/kidsplay.lt\\\/wp-content\\\/uploads\\\/2025\\\/10\\\/WOOPIE-IQ-edukacinis-ir-strateginis-loginis-zaidimas-2-viename-\u201eKryziukai-nuliukai.jpg\",\"width\":2560,\"height\":2560,\"caption\":\"WOOPIE IQ edukacinis ir strateginis loginis \u017eaidimas 2 viename \u201eKry\u017eiukai-nuliukai\u201c\"},{\"@type\":\"BreadcrumbList\",\"@id\":\"https:\\\/\\\/kidsplay.lt\\\/produktas\\\/woopie-iq-edukacinis-ir-strateginis-loginis-zaidimas-2-viename-kryziukai-nuliukai\\\/#breadcrumb\",\"itemListElement\":[{\"@type\":\"ListItem\",\"position\":1,\"name\":\"Pagrindinis\",\"item\":\"https:\\\/\\\/kidsplay.lt\\\/\"},{\"@type\":\"ListItem\",\"position\":2,\"name\":\"Parduotuv\u0117\",\"item\":\"https:\\\/\\\/kidsplay.lt\\\/parduotuve\\\/\"},{\"@type\":\"ListItem\",\"position\":3,\"name\":\"WOOPIE IQ edukacinis ir strateginis loginis \u017eaidimas 2 viename \u201eKry\u017eiukai-nuliukai\u201c\"}]},{\"@type\":\"WebSite\",\"@id\":\"https:\\\/\\\/kidsplay.lt\\\/#website\",\"url\":\"https:\\\/\\\/kidsplay.lt\\\/\",\"name\":\"Kidsplay.lt\",\"description\":\"\u012evairios prek\u0117s vaikams\",\"publisher\":{\"@id\":\"https:\\\/\\\/kidsplay.lt\\\/#organization\"},\"alternateName\":\"Kidsplay\",\"potentialAction\":[{\"@type\":\"SearchAction\",\"target\":{\"@type\":\"EntryPoint\",\"urlTemplate\":\"https:\\\/\\\/kidsplay.lt\\\/?s={search_term_string}\"},\"query-input\":{\"@type\":\"PropertyValueSpecification\",\"valueRequired\":true,\"valueName\":\"search_term_string\"}}],\"inLanguage\":\"lv-LV\"},{\"@type\":\"Organization\",\"@id\":\"https:\\\/\\\/kidsplay.lt\\\/#organization\",\"name\":\"KidsPlay\",\"url\":\"https:\\\/\\\/kidsplay.lt\\\/\",\"logo\":{\"@type\":\"ImageObject\",\"inLanguage\":\"lv-LV\",\"@id\":\"https:\\\/\\\/kidsplay.lt\\\/#\\\/schema\\\/logo\\\/image\\\/\",\"url\":\"https:\\\/\\\/kidsplay.lt\\\/wp-content\\\/uploads\\\/2023\\\/07\\\/kidsplay-logo.png\",\"contentUrl\":\"https:\\\/\\\/kidsplay.lt\\\/wp-content\\\/uploads\\\/2023\\\/07\\\/kidsplay-logo.png\",\"width\":451,\"height\":98,\"caption\":\"KidsPlay\"},\"image\":{\"@id\":\"https:\\\/\\\/kidsplay.lt\\\/#\\\/schema\\\/logo\\\/image\\\/\"},\"sameAs\":[\"https:\\\/\\\/www.facebook.com\\\/www.kidsplay.lt\"]}]}<\/script>\n<!-- \/ Yoast SEO plugin. -->","yoast_head_json":{"title":"WOOPIE IQ izgl\u012btojo\u0161a un strat\u0113\u0123iska lo\u0123ikas sp\u0113le 2 vien\u0101 &quot;Kristi\u0146i-nuli&quot;\u201e","description":"WOOPIE IQ izgl\u012btojo\u0161a un strat\u0113\u0123iska lo\u0123ikas sp\u0113le 2 vien\u0101 &quot;Kristi\u0146i-nuli&quot;\u201e","robots":{"index":"index","follow":"follow","max-snippet":"max-snippet:-1","max-image-preview":"max-image-preview:large","max-video-preview":"max-video-preview:-1"},"canonical":"https:\/\/kidsplay.lt\/lv\/products\/woopie-iq-edukacinis-ir-strateginis-loginis-zaidimas-2-viename-kryziukai-nuliukai\/","og_locale":"lv_LV","og_type":"article","og_title":"WOOPIE IQ edukacinis ir strateginis loginis \u017eaidimas 2 viename \u201eKry\u017eiukai-nuliukai\u201c","og_description":"WOOPIE IQ edukacinis ir strateginis loginis \u017eaidimas 2 viename \u201eKry\u017eiukai-nuliukai\u201c","og_url":"https:\/\/kidsplay.lt\/lv\/products\/woopie-iq-edukacinis-ir-strateginis-loginis-zaidimas-2-viename-kryziukai-nuliukai\/","og_site_name":"KidsPlay","article_publisher":"https:\/\/www.facebook.com\/www.kidsplay.lt","article_modified_time":"2026-04-07T08:27:17+00:00","og_image":[{"url":"https:\/\/kidsplay.lt\/wp-content\/uploads\/2025\/10\/WOOPIE-IQ-edukacinis-ir-strateginis-loginis-zaidimas-2-viename-\u201eKryziukai-nuliukai.jpg","width":800,"height":800,"type":"image\/png"}],"twitter_card":"summary_large_image","twitter_misc":{"Est. reading time":"1 min\u016bte"},"schema":{"@context":"https:\/\/schema.org","@graph":[{"@type":"WebPage","@id":"https:\/\/kidsplay.lt\/produktas\/woopie-iq-edukacinis-ir-strateginis-loginis-zaidimas-2-viename-kryziukai-nuliukai\/","url":"https:\/\/kidsplay.lt\/produktas\/woopie-iq-edukacinis-ir-strateginis-loginis-zaidimas-2-viename-kryziukai-nuliukai\/","name":"WOOPIE IQ izgl\u012btojo\u0161a un strat\u0113\u0123iska lo\u0123ikas sp\u0113le 2 vien\u0101 &quot;Kristi\u0146i-nuli&quot;\u201e","isPartOf":{"@id":"https:\/\/kidsplay.lt\/#website"},"primaryImageOfPage":{"@id":"https:\/\/kidsplay.lt\/produktas\/woopie-iq-edukacinis-ir-strateginis-loginis-zaidimas-2-viename-kryziukai-nuliukai\/#primaryimage"},"image":{"@id":"https:\/\/kidsplay.lt\/produktas\/woopie-iq-edukacinis-ir-strateginis-loginis-zaidimas-2-viename-kryziukai-nuliukai\/#primaryimage"},"thumbnailUrl":"https:\/\/kidsplay.lt\/wp-content\/uploads\/2025\/10\/WOOPIE-IQ-edukacinis-ir-strateginis-loginis-zaidimas-2-viename-\u201eKryziukai-nuliukai.jpg","datePublished":"2025-10-02T10:33:06+00:00","dateModified":"2026-04-07T08:27:17+00:00","description":"WOOPIE IQ izgl\u012btojo\u0161a un strat\u0113\u0123iska lo\u0123ikas sp\u0113le 2 vien\u0101 &quot;Kristi\u0146i-nuli&quot;\u201e","breadcrumb":{"@id":"https:\/\/kidsplay.lt\/produktas\/woopie-iq-edukacinis-ir-strateginis-loginis-zaidimas-2-viename-kryziukai-nuliukai\/#breadcrumb"},"inLanguage":"lv-LV","potentialAction":[{"@type":"ReadAction","target":["https:\/\/kidsplay.lt\/produktas\/woopie-iq-edukacinis-ir-strateginis-loginis-zaidimas-2-viename-kryziukai-nuliukai\/"]}]},{"@type":"ImageObject","inLanguage":"lv-LV","@id":"https:\/\/kidsplay.lt\/produktas\/woopie-iq-edukacinis-ir-strateginis-loginis-zaidimas-2-viename-kryziukai-nuliukai\/#primaryimage","url":"https:\/\/kidsplay.lt\/wp-content\/uploads\/2025\/10\/WOOPIE-IQ-edukacinis-ir-strateginis-loginis-zaidimas-2-viename-\u201eKryziukai-nuliukai.jpg","contentUrl":"https:\/\/kidsplay.lt\/wp-content\/uploads\/2025\/10\/WOOPIE-IQ-edukacinis-ir-strateginis-loginis-zaidimas-2-viename-\u201eKryziukai-nuliukai.jpg","width":2560,"height":2560,"caption":"WOOPIE IQ edukacinis ir strateginis loginis \u017eaidimas 2 viename \u201eKry\u017eiukai-nuliukai\u201c"},{"@type":"BreadcrumbList","@id":"https:\/\/kidsplay.lt\/produktas\/woopie-iq-edukacinis-ir-strateginis-loginis-zaidimas-2-viename-kryziukai-nuliukai\/#breadcrumb","itemListElement":[{"@type":"ListItem","position":1,"name":"Pagrindinis","item":"https:\/\/kidsplay.lt\/"},{"@type":"ListItem","position":2,"name":"Parduotuv\u0117","item":"https:\/\/kidsplay.lt\/parduotuve\/"},{"@type":"ListItem","position":3,"name":"WOOPIE IQ edukacinis ir strateginis loginis \u017eaidimas 2 viename \u201eKry\u017eiukai-nuliukai\u201c"}]},{"@type":"WebSite","@id":"https:\/\/kidsplay.lt\/#website","url":"https:\/\/kidsplay.lt\/","name":"B\u0113rnu sp\u0113les.lv","description":"\u012evairios prek\u0117s vaikams","publisher":{"@id":"https:\/\/kidsplay.lt\/#organization"},"alternateName":"Kidsplay","potentialAction":[{"@type":"SearchAction","target":{"@type":"EntryPoint","urlTemplate":"https:\/\/kidsplay.lt\/?s={search_term_string}"},"query-input":{"@type":"PropertyValueSpecification","valueRequired":true,"valueName":"search_term_string"}}],"inLanguage":"lv-LV"},{"@type":"Organization","@id":"https:\/\/kidsplay.lt\/#organization","name":"B\u0113rnu sp\u0113le","url":"https:\/\/kidsplay.lt\/","logo":{"@type":"ImageObject","inLanguage":"lv-LV","@id":"https:\/\/kidsplay.lt\/#\/schema\/logo\/image\/","url":"https:\/\/kidsplay.lt\/wp-content\/uploads\/2023\/07\/kidsplay-logo.png","contentUrl":"https:\/\/kidsplay.lt\/wp-content\/uploads\/2023\/07\/kidsplay-logo.png","width":451,"height":98,"caption":"KidsPlay"},"image":{"@id":"https:\/\/kidsplay.lt\/#\/schema\/logo\/image\/"},"sameAs":["https:\/\/www.facebook.com\/www.kidsplay.lt"]}]}},"_links":{"self":[{"href":"https:\/\/kidsplay.lt\/lv\/wp-json\/wp\/v2\/product\/69812","targetHints":{"allow":["GET"]}}],"collection":[{"href":"https:\/\/kidsplay.lt\/lv\/wp-json\/wp\/v2\/product"}],"about":[{"href":"https:\/\/kidsplay.lt\/lv\/wp-json\/wp\/v2\/types\/product"}],"version-history":[{"count":3,"href":"https:\/\/kidsplay.lt\/lv\/wp-json\/wp\/v2\/product\/69812\/revisions"}],"predecessor-version":[{"id":80975,"href":"https:\/\/kidsplay.lt\/lv\/wp-json\/wp\/v2\/product\/69812\/revisions\/80975"}],"wp:featuredmedia":[{"embeddable":true,"href":"https:\/\/kidsplay.lt\/lv\/wp-json\/wp\/v2\/media\/67772"}],"wp:attachment":[{"href":"https:\/\/kidsplay.lt\/lv\/wp-json\/wp\/v2\/media?parent=69812"}],"wp:term":[{"taxonomy":"product_brand","embeddable":true,"href":"https:\/\/kidsplay.lt\/lv\/wp-json\/wp\/v2\/product_brand?post=69812"},{"taxonomy":"product_cat","embeddable":true,"href":"https:\/\/kidsplay.lt\/lv\/wp-json\/wp\/v2\/product_cat?post=69812"},{"taxonomy":"product_tag","embeddable":true,"href":"https:\/\/kidsplay.lt\/lv\/wp-json\/wp\/v2\/product_tag?post=69812"}],"curies":[{"name":"wp","href":"https:\/\/api.w.org\/{rel}","templated":true}]}}