{"id":69820,"date":"2025-10-02T13:33:24","date_gmt":"2025-10-02T10:33:24","guid":{"rendered":"https:\/\/kidsplay.lt\/produktas\/masterkidz-kuprines-saugos-ir-gelbejimo-centras\/"},"modified":"2026-04-13T14:55:51","modified_gmt":"2026-04-13T11:55:51","slug":"masterkidz-kuprines-saugos-ir-gelbejimo-centras","status":"publish","type":"product","link":"https:\/\/kidsplay.lt\/lv\/products\/masterkidz-kuprines-saugos-ir-gelbejimo-centras\/","title":{"rendered":"MASTERKIDZ mugursomu dro\u0161\u012bbas un gl\u0101b\u0161anas centrs"},"content":{"rendered":"<p>Masterkidz\u201c avarinis apsaugos centras kuprin\u0117je yra novatori\u0161kas rinkinys, leid\u017eiantis vaikams \u017eaisti su visomis apsaugos tarnybomis vienoje vietoje. D\u0117l i\u0161manaus dizaino kuprin\u0119 per kelias sekundes galima transformuoti \u012f avarin\u012f centr\u0105 su ligonine, gaisrine ir policijos nuovada. \u017daislas yra lengvas, lengvai ne\u0161iojamas ir sulankstomas, tod\u0117l vaikams malonu j\u012f pasiimti su savimi \u012f kiekvien\u0105 kelion\u0119.<\/p>\n<p>Rakstur\u012bgs:<\/p>\n<p> \t&#8211; \u012e komplekt\u0105 \u012feina speciali kuprin\u0117 su \u012fmontuota signalizacijos stotimi<br \/>\n \t&#8211; Rinkin\u012f sudaro medin\u0117s fig\u016br\u0117l\u0117s, automobiliai ir aksesuarai<br \/>\n \t&#8211; Visi daiktai kuprin\u0117je turi savo viet\u0105, tod\u0117l juos lengviau tvarkingai laikyti<br \/>\n \t&#8211; Kuprin\u0117 su u\u017etrauktuku &#8211; greitas pakavimas ir i\u0161pakavimas<\/p>\n<p>Rota\u013clieta att\u012bst\u0101s:<\/p>\n<p> \t&#8211; Vaizduot\u0117<br \/>\n \t&#8211; K\u016brybi\u0161kumas<br \/>\n \t&#8211; Organizaciniai \u012fg\u016bd\u017eiai<br \/>\n \t&#8211; Rankiniai \u012fg\u016bd\u017eiai<\/p>","protected":false},"excerpt":{"rendered":"<p>MASTERKIDZ mugursomu dro\u0161\u012bbas un gl\u0101b\u0161anas centrs<\/p>","protected":false},"featured_media":67782,"template":"","meta":{"_acf_changed":false,"_glsr_average":0,"_glsr_ranking":0,"_glsr_reviews":0},"product_brand":[],"product_cat":[904,399],"product_tag":[],"class_list":{"0":"post-69820","1":"product","2":"type-product","3":"status-publish","4":"has-post-thumbnail","6":"product_cat-gydytojai","7":"product_cat-vaidmenu-zaidimai-2","8":"\"style=\"background-color: #2ecc711c;\"","10":"first","11":"instock","12":"purchasable","13":"product-type-simple"},"acf":[],"yoast_head":"<!-- This site is optimized with the Yoast SEO plugin v27.3 - https:\/\/yoast.com\/product\/yoast-seo-wordpress\/ -->\n<title>MASTERKIDZ kuprin\u0117s saugos ir gelb\u0117jimo centras<\/title>\n<meta name=\"description\" content=\"MASTERKIDZ kuprin\u0117s saugos ir gelb\u0117jimo centras\" \/>\n<meta name=\"robots\" content=\"index, follow, max-snippet:-1, max-image-preview:large, max-video-preview:-1\" \/>\n<link rel=\"canonical\" href=\"https:\/\/kidsplay.lt\/lv\/products\/masterkidz-kuprines-saugos-ir-gelbejimo-centras\/\" \/>\n<meta property=\"og:locale\" content=\"lv_LV\" \/>\n<meta property=\"og:type\" content=\"article\" \/>\n<meta property=\"og:title\" content=\"MASTERKIDZ kuprin\u0117s saugos ir gelb\u0117jimo centras\" \/>\n<meta property=\"og:description\" content=\"MASTERKIDZ kuprin\u0117s saugos ir gelb\u0117jimo centras\" \/>\n<meta property=\"og:url\" content=\"https:\/\/kidsplay.lt\/lv\/products\/masterkidz-kuprines-saugos-ir-gelbejimo-centras\/\" \/>\n<meta property=\"og:site_name\" content=\"KidsPlay\" \/>\n<meta property=\"article:publisher\" content=\"https:\/\/www.facebook.com\/www.kidsplay.lt\" \/>\n<meta property=\"article:modified_time\" content=\"2026-04-13T11:55:51+00:00\" \/>\n<meta property=\"og:image\" content=\"https:\/\/kidsplay.lt\/wp-content\/uploads\/2025\/10\/MASTERKIDZ-kuprines-saugos-ir-gelbejimo-centras.jpg\" \/>\n\t<meta property=\"og:image:width\" content=\"2500\" \/>\n\t<meta property=\"og:image:height\" content=\"2421\" \/>\n\t<meta property=\"og:image:type\" content=\"image\/jpeg\" \/>\n<meta name=\"twitter:card\" content=\"summary_large_image\" \/>\n<meta name=\"twitter:label1\" content=\"Est. reading time\" \/>\n\t<meta name=\"twitter:data1\" content=\"1 min\u016bte\" \/>\n<script type=\"application\/ld+json\" class=\"yoast-schema-graph\">{\"@context\":\"https:\\\/\\\/schema.org\",\"@graph\":[{\"@type\":\"WebPage\",\"@id\":\"https:\\\/\\\/kidsplay.lt\\\/produktas\\\/masterkidz-kuprines-saugos-ir-gelbejimo-centras\\\/\",\"url\":\"https:\\\/\\\/kidsplay.lt\\\/produktas\\\/masterkidz-kuprines-saugos-ir-gelbejimo-centras\\\/\",\"name\":\"MASTERKIDZ kuprin\u0117s saugos ir gelb\u0117jimo centras\",\"isPartOf\":{\"@id\":\"https:\\\/\\\/kidsplay.lt\\\/#website\"},\"primaryImageOfPage\":{\"@id\":\"https:\\\/\\\/kidsplay.lt\\\/produktas\\\/masterkidz-kuprines-saugos-ir-gelbejimo-centras\\\/#primaryimage\"},\"image\":{\"@id\":\"https:\\\/\\\/kidsplay.lt\\\/produktas\\\/masterkidz-kuprines-saugos-ir-gelbejimo-centras\\\/#primaryimage\"},\"thumbnailUrl\":\"https:\\\/\\\/kidsplay.lt\\\/wp-content\\\/uploads\\\/2025\\\/10\\\/MASTERKIDZ-kuprines-saugos-ir-gelbejimo-centras.jpg\",\"datePublished\":\"2025-10-02T10:33:24+00:00\",\"dateModified\":\"2026-04-13T11:55:51+00:00\",\"description\":\"MASTERKIDZ kuprin\u0117s saugos ir gelb\u0117jimo centras\",\"breadcrumb\":{\"@id\":\"https:\\\/\\\/kidsplay.lt\\\/produktas\\\/masterkidz-kuprines-saugos-ir-gelbejimo-centras\\\/#breadcrumb\"},\"inLanguage\":\"lv-LV\",\"potentialAction\":[{\"@type\":\"ReadAction\",\"target\":[\"https:\\\/\\\/kidsplay.lt\\\/produktas\\\/masterkidz-kuprines-saugos-ir-gelbejimo-centras\\\/\"]}]},{\"@type\":\"ImageObject\",\"inLanguage\":\"lv-LV\",\"@id\":\"https:\\\/\\\/kidsplay.lt\\\/produktas\\\/masterkidz-kuprines-saugos-ir-gelbejimo-centras\\\/#primaryimage\",\"url\":\"https:\\\/\\\/kidsplay.lt\\\/wp-content\\\/uploads\\\/2025\\\/10\\\/MASTERKIDZ-kuprines-saugos-ir-gelbejimo-centras.jpg\",\"contentUrl\":\"https:\\\/\\\/kidsplay.lt\\\/wp-content\\\/uploads\\\/2025\\\/10\\\/MASTERKIDZ-kuprines-saugos-ir-gelbejimo-centras.jpg\",\"width\":2500,\"height\":2421,\"caption\":\"MASTERKIDZ kuprin\u0117s saugos ir gelb\u0117jimo centras\"},{\"@type\":\"BreadcrumbList\",\"@id\":\"https:\\\/\\\/kidsplay.lt\\\/produktas\\\/masterkidz-kuprines-saugos-ir-gelbejimo-centras\\\/#breadcrumb\",\"itemListElement\":[{\"@type\":\"ListItem\",\"position\":1,\"name\":\"Pagrindinis\",\"item\":\"https:\\\/\\\/kidsplay.lt\\\/\"},{\"@type\":\"ListItem\",\"position\":2,\"name\":\"Parduotuv\u0117\",\"item\":\"https:\\\/\\\/kidsplay.lt\\\/parduotuve\\\/\"},{\"@type\":\"ListItem\",\"position\":3,\"name\":\"MASTERKIDZ kuprin\u0117s saugos ir gelb\u0117jimo centras\"}]},{\"@type\":\"WebSite\",\"@id\":\"https:\\\/\\\/kidsplay.lt\\\/#website\",\"url\":\"https:\\\/\\\/kidsplay.lt\\\/\",\"name\":\"Kidsplay.lt\",\"description\":\"\u012evairios prek\u0117s vaikams\",\"publisher\":{\"@id\":\"https:\\\/\\\/kidsplay.lt\\\/#organization\"},\"alternateName\":\"Kidsplay\",\"potentialAction\":[{\"@type\":\"SearchAction\",\"target\":{\"@type\":\"EntryPoint\",\"urlTemplate\":\"https:\\\/\\\/kidsplay.lt\\\/?s={search_term_string}\"},\"query-input\":{\"@type\":\"PropertyValueSpecification\",\"valueRequired\":true,\"valueName\":\"search_term_string\"}}],\"inLanguage\":\"lv-LV\"},{\"@type\":\"Organization\",\"@id\":\"https:\\\/\\\/kidsplay.lt\\\/#organization\",\"name\":\"KidsPlay\",\"url\":\"https:\\\/\\\/kidsplay.lt\\\/\",\"logo\":{\"@type\":\"ImageObject\",\"inLanguage\":\"lv-LV\",\"@id\":\"https:\\\/\\\/kidsplay.lt\\\/#\\\/schema\\\/logo\\\/image\\\/\",\"url\":\"https:\\\/\\\/kidsplay.lt\\\/wp-content\\\/uploads\\\/2023\\\/07\\\/kidsplay-logo.png\",\"contentUrl\":\"https:\\\/\\\/kidsplay.lt\\\/wp-content\\\/uploads\\\/2023\\\/07\\\/kidsplay-logo.png\",\"width\":451,\"height\":98,\"caption\":\"KidsPlay\"},\"image\":{\"@id\":\"https:\\\/\\\/kidsplay.lt\\\/#\\\/schema\\\/logo\\\/image\\\/\"},\"sameAs\":[\"https:\\\/\\\/www.facebook.com\\\/www.kidsplay.lt\"]}]}<\/script>\n<!-- \/ Yoast SEO plugin. -->","yoast_head_json":{"title":"MASTERKIDZ mugursomu dro\u0161\u012bbas un gl\u0101b\u0161anas centrs","description":"MASTERKIDZ mugursomu dro\u0161\u012bbas un gl\u0101b\u0161anas centrs","robots":{"index":"index","follow":"follow","max-snippet":"max-snippet:-1","max-image-preview":"max-image-preview:large","max-video-preview":"max-video-preview:-1"},"canonical":"https:\/\/kidsplay.lt\/lv\/products\/masterkidz-kuprines-saugos-ir-gelbejimo-centras\/","og_locale":"lv_LV","og_type":"article","og_title":"MASTERKIDZ kuprin\u0117s saugos ir gelb\u0117jimo centras","og_description":"MASTERKIDZ kuprin\u0117s saugos ir gelb\u0117jimo centras","og_url":"https:\/\/kidsplay.lt\/lv\/products\/masterkidz-kuprines-saugos-ir-gelbejimo-centras\/","og_site_name":"KidsPlay","article_publisher":"https:\/\/www.facebook.com\/www.kidsplay.lt","article_modified_time":"2026-04-13T11:55:51+00:00","og_image":[{"width":2500,"height":2421,"url":"https:\/\/kidsplay.lt\/wp-content\/uploads\/2025\/10\/MASTERKIDZ-kuprines-saugos-ir-gelbejimo-centras.jpg","type":"image\/jpeg"}],"twitter_card":"summary_large_image","twitter_misc":{"Est. reading time":"1 min\u016bte"},"schema":{"@context":"https:\/\/schema.org","@graph":[{"@type":"WebPage","@id":"https:\/\/kidsplay.lt\/produktas\/masterkidz-kuprines-saugos-ir-gelbejimo-centras\/","url":"https:\/\/kidsplay.lt\/produktas\/masterkidz-kuprines-saugos-ir-gelbejimo-centras\/","name":"MASTERKIDZ mugursomu dro\u0161\u012bbas un gl\u0101b\u0161anas centrs","isPartOf":{"@id":"https:\/\/kidsplay.lt\/#website"},"primaryImageOfPage":{"@id":"https:\/\/kidsplay.lt\/produktas\/masterkidz-kuprines-saugos-ir-gelbejimo-centras\/#primaryimage"},"image":{"@id":"https:\/\/kidsplay.lt\/produktas\/masterkidz-kuprines-saugos-ir-gelbejimo-centras\/#primaryimage"},"thumbnailUrl":"https:\/\/kidsplay.lt\/wp-content\/uploads\/2025\/10\/MASTERKIDZ-kuprines-saugos-ir-gelbejimo-centras.jpg","datePublished":"2025-10-02T10:33:24+00:00","dateModified":"2026-04-13T11:55:51+00:00","description":"MASTERKIDZ mugursomu dro\u0161\u012bbas un gl\u0101b\u0161anas centrs","breadcrumb":{"@id":"https:\/\/kidsplay.lt\/produktas\/masterkidz-kuprines-saugos-ir-gelbejimo-centras\/#breadcrumb"},"inLanguage":"lv-LV","potentialAction":[{"@type":"ReadAction","target":["https:\/\/kidsplay.lt\/produktas\/masterkidz-kuprines-saugos-ir-gelbejimo-centras\/"]}]},{"@type":"ImageObject","inLanguage":"lv-LV","@id":"https:\/\/kidsplay.lt\/produktas\/masterkidz-kuprines-saugos-ir-gelbejimo-centras\/#primaryimage","url":"https:\/\/kidsplay.lt\/wp-content\/uploads\/2025\/10\/MASTERKIDZ-kuprines-saugos-ir-gelbejimo-centras.jpg","contentUrl":"https:\/\/kidsplay.lt\/wp-content\/uploads\/2025\/10\/MASTERKIDZ-kuprines-saugos-ir-gelbejimo-centras.jpg","width":2500,"height":2421,"caption":"MASTERKIDZ kuprin\u0117s saugos ir gelb\u0117jimo centras"},{"@type":"BreadcrumbList","@id":"https:\/\/kidsplay.lt\/produktas\/masterkidz-kuprines-saugos-ir-gelbejimo-centras\/#breadcrumb","itemListElement":[{"@type":"ListItem","position":1,"name":"Pagrindinis","item":"https:\/\/kidsplay.lt\/"},{"@type":"ListItem","position":2,"name":"Parduotuv\u0117","item":"https:\/\/kidsplay.lt\/parduotuve\/"},{"@type":"ListItem","position":3,"name":"MASTERKIDZ kuprin\u0117s saugos ir gelb\u0117jimo centras"}]},{"@type":"WebSite","@id":"https:\/\/kidsplay.lt\/#website","url":"https:\/\/kidsplay.lt\/","name":"B\u0113rnu sp\u0113les.lv","description":"\u012evairios prek\u0117s vaikams","publisher":{"@id":"https:\/\/kidsplay.lt\/#organization"},"alternateName":"Kidsplay","potentialAction":[{"@type":"SearchAction","target":{"@type":"EntryPoint","urlTemplate":"https:\/\/kidsplay.lt\/?s={search_term_string}"},"query-input":{"@type":"PropertyValueSpecification","valueRequired":true,"valueName":"search_term_string"}}],"inLanguage":"lv-LV"},{"@type":"Organization","@id":"https:\/\/kidsplay.lt\/#organization","name":"B\u0113rnu sp\u0113le","url":"https:\/\/kidsplay.lt\/","logo":{"@type":"ImageObject","inLanguage":"lv-LV","@id":"https:\/\/kidsplay.lt\/#\/schema\/logo\/image\/","url":"https:\/\/kidsplay.lt\/wp-content\/uploads\/2023\/07\/kidsplay-logo.png","contentUrl":"https:\/\/kidsplay.lt\/wp-content\/uploads\/2023\/07\/kidsplay-logo.png","width":451,"height":98,"caption":"KidsPlay"},"image":{"@id":"https:\/\/kidsplay.lt\/#\/schema\/logo\/image\/"},"sameAs":["https:\/\/www.facebook.com\/www.kidsplay.lt"]}]}},"_links":{"self":[{"href":"https:\/\/kidsplay.lt\/lv\/wp-json\/wp\/v2\/product\/69820","targetHints":{"allow":["GET"]}}],"collection":[{"href":"https:\/\/kidsplay.lt\/lv\/wp-json\/wp\/v2\/product"}],"about":[{"href":"https:\/\/kidsplay.lt\/lv\/wp-json\/wp\/v2\/types\/product"}],"version-history":[{"count":2,"href":"https:\/\/kidsplay.lt\/lv\/wp-json\/wp\/v2\/product\/69820\/revisions"}],"predecessor-version":[{"id":73440,"href":"https:\/\/kidsplay.lt\/lv\/wp-json\/wp\/v2\/product\/69820\/revisions\/73440"}],"wp:featuredmedia":[{"embeddable":true,"href":"https:\/\/kidsplay.lt\/lv\/wp-json\/wp\/v2\/media\/67782"}],"wp:attachment":[{"href":"https:\/\/kidsplay.lt\/lv\/wp-json\/wp\/v2\/media?parent=69820"}],"wp:term":[{"taxonomy":"product_brand","embeddable":true,"href":"https:\/\/kidsplay.lt\/lv\/wp-json\/wp\/v2\/product_brand?post=69820"},{"taxonomy":"product_cat","embeddable":true,"href":"https:\/\/kidsplay.lt\/lv\/wp-json\/wp\/v2\/product_cat?post=69820"},{"taxonomy":"product_tag","embeddable":true,"href":"https:\/\/kidsplay.lt\/lv\/wp-json\/wp\/v2\/product_tag?post=69820"}],"curies":[{"name":"wp","href":"https:\/\/api.w.org\/{rel}","templated":true}]}}