{"id":69830,"date":"2025-10-02T13:33:45","date_gmt":"2025-10-02T10:33:45","guid":{"rendered":"https:\/\/kidsplay.lt\/produktas\/viga-medine-magnetine-delione-2\/"},"modified":"2026-04-13T14:55:58","modified_gmt":"2026-04-13T11:55:58","slug":"viga-medine-magnetine-delione-2","status":"publish","type":"product","link":"https:\/\/kidsplay.lt\/lv\/products\/viga-medine-magnetine-delione-2\/","title":{"rendered":"Viga koka magn\u0113tisk\u0101 puzle"},"content":{"rendered":"<p>Magnetini\u0173 kalad\u0117li\u0173 formos galvos\u016bkis \u2013 puikus \u017eaislas, kuris leis J\u016bs\u0173 vaikui lavinti loginio m\u0105stymo \u012fg\u016bd\u017eius ir i\u0161mokti nauj\u0173 jud\u0117jimo b\u016bd\u0173. Tai leid\u017eia jums i\u0161d\u0117styti iki 8 skirting\u0173 paveiksl\u0117li\u0173, vaizduojan\u010di\u0173 skirtingas transporto priemones.<\/p>\n<p>Kiekvienas paveiksl\u0117lis susideda i\u0161 4 blok\u0173, kurie sujungti sudaro visum\u0105. D\u0117l galimyb\u0117s juos pritvirtinti prie lentos, jie taps paveikslo dalimi arba taps \u012fkv\u0117pimu pie\u0161ti pana\u0161ias transporto priemones. Blokai pagaminti i\u0161 med\u017eio ir da\u017eyti netoksi\u0161kais da\u017eais. Jie yra visi\u0161kai saug\u016bs vaikams.<\/p>\n<p>\u201eViga\u201c yra prek\u0117s \u017eenklas, \u012fregistruotas 2003 m., ta\u010diau jau pristatomas daugiau nei 60 pasaulio \u0161ali\u0173. J\u0173 novatori\u0161kos id\u0117jos sulauk\u0117 pripa\u017einimo, be kita ko. Europoje, JAV, tolimoje Australijoje ir Japonijoje \u012emon\u0117s \u012fk\u016br\u0117jai atkreip\u0117 d\u0117mes\u012f \u012f tyrim\u0173 rezultatus, rodan\u010dius \u017eaidimo ir mokymosi ry\u0161\u012f ankstyvaisiais vaik\u0173 raidos metais. Nor\u0117damas pad\u0117ti t\u0117vams ir ugdymo \u012fstaigoms auginti vaikus ir i\u0161gelb\u0117ti juos nuo virtualaus pasaulio, galin\u010dio gerokai i\u0161kreipti tikrov\u0119, gamintojas si\u016blo inovatyv\u0173 asortiment\u0105 i\u0161 nat\u016brali\u0173 med\u017eiag\u0173, gaut\u0173 ekologi\u0161k\u0173 gamybos proces\u0173 metu. Medienos gamini\u0173 sauga ir kokyb\u0117 yra Vigi prioritetas, gamintojas pasir\u016bpino, kad \u017eaislams da\u017eyti naudojami da\u017eai atitikt\u0173 EN71 ir ASTM saugos standartus.<\/p>","protected":false},"excerpt":{"rendered":"<p>Viga koka magn\u0113tisk\u0101 puzle<\/p>","protected":false},"featured_media":57675,"template":"","meta":{"_acf_changed":false,"_glsr_average":0,"_glsr_ranking":0,"_glsr_reviews":0},"product_brand":[],"product_cat":[72,397,883],"product_tag":[],"class_list":{"0":"post-69830","1":"product","2":"type-product","3":"status-publish","4":"has-post-thumbnail","6":"product_cat-ispardavimas","7":"product_cat-medines-deliones-mediniai-zaislai","8":"product_cat-mediniai-zaislai-2","9":"\"style=\"background-color: #2ecc711c;\"","11":"first","12":"instock","13":"sale","14":"purchasable","15":"product-type-simple"},"acf":[],"yoast_head":"<!-- This site is optimized with the Yoast SEO plugin v27.4 - https:\/\/yoast.com\/product\/yoast-seo-wordpress\/ -->\n<title>Viga medin\u0117 magnetin\u0117 d\u0117lion\u0117<\/title>\n<meta name=\"description\" content=\"Viga medin\u0117 magnetin\u0117 d\u0117lion\u0117\" \/>\n<meta name=\"robots\" content=\"index, follow, max-snippet:-1, max-image-preview:large, max-video-preview:-1\" \/>\n<link rel=\"canonical\" href=\"https:\/\/kidsplay.lt\/lv\/products\/viga-medine-magnetine-delione-2\/\" \/>\n<meta property=\"og:locale\" content=\"lv_LV\" \/>\n<meta property=\"og:type\" content=\"article\" \/>\n<meta property=\"og:title\" content=\"Viga medin\u0117 magnetin\u0117 d\u0117lion\u0117\" \/>\n<meta property=\"og:description\" content=\"Viga medin\u0117 magnetin\u0117 d\u0117lion\u0117\" \/>\n<meta property=\"og:url\" content=\"https:\/\/kidsplay.lt\/lv\/products\/viga-medine-magnetine-delione-2\/\" \/>\n<meta property=\"og:site_name\" content=\"KidsPlay\" \/>\n<meta property=\"article:publisher\" content=\"https:\/\/www.facebook.com\/www.kidsplay.lt\" \/>\n<meta property=\"article:modified_time\" content=\"2026-04-13T11:55:58+00:00\" \/>\n<meta property=\"og:image\" content=\"https:\/\/kidsplay.lt\/wp-content\/uploads\/2024\/10\/Viga-medine-magnetine-delione.jpg\" \/>\n\t<meta property=\"og:image:width\" content=\"1459\" \/>\n\t<meta property=\"og:image:height\" content=\"1459\" \/>\n\t<meta property=\"og:image:type\" content=\"image\/jpeg\" \/>\n<meta name=\"twitter:card\" content=\"summary_large_image\" \/>\n<meta name=\"twitter:label1\" content=\"Est. reading time\" \/>\n\t<meta name=\"twitter:data1\" content=\"2 min\u016btes\" \/>\n<script type=\"application\/ld+json\" class=\"yoast-schema-graph\">{\"@context\":\"https:\\\/\\\/schema.org\",\"@graph\":[{\"@type\":\"WebPage\",\"@id\":\"https:\\\/\\\/kidsplay.lt\\\/produktas\\\/viga-medine-magnetine-delione-2\\\/\",\"url\":\"https:\\\/\\\/kidsplay.lt\\\/produktas\\\/viga-medine-magnetine-delione-2\\\/\",\"name\":\"Viga medin\u0117 magnetin\u0117 d\u0117lion\u0117\",\"isPartOf\":{\"@id\":\"https:\\\/\\\/kidsplay.lt\\\/#website\"},\"primaryImageOfPage\":{\"@id\":\"https:\\\/\\\/kidsplay.lt\\\/produktas\\\/viga-medine-magnetine-delione-2\\\/#primaryimage\"},\"image\":{\"@id\":\"https:\\\/\\\/kidsplay.lt\\\/produktas\\\/viga-medine-magnetine-delione-2\\\/#primaryimage\"},\"thumbnailUrl\":\"https:\\\/\\\/kidsplay.lt\\\/wp-content\\\/uploads\\\/2024\\\/10\\\/Viga-medine-magnetine-delione.jpg\",\"datePublished\":\"2025-10-02T10:33:45+00:00\",\"dateModified\":\"2026-04-13T11:55:58+00:00\",\"description\":\"Viga medin\u0117 magnetin\u0117 d\u0117lion\u0117\",\"breadcrumb\":{\"@id\":\"https:\\\/\\\/kidsplay.lt\\\/produktas\\\/viga-medine-magnetine-delione-2\\\/#breadcrumb\"},\"inLanguage\":\"lv-LV\",\"potentialAction\":[{\"@type\":\"ReadAction\",\"target\":[\"https:\\\/\\\/kidsplay.lt\\\/produktas\\\/viga-medine-magnetine-delione-2\\\/\"]}]},{\"@type\":\"ImageObject\",\"inLanguage\":\"lv-LV\",\"@id\":\"https:\\\/\\\/kidsplay.lt\\\/produktas\\\/viga-medine-magnetine-delione-2\\\/#primaryimage\",\"url\":\"https:\\\/\\\/kidsplay.lt\\\/wp-content\\\/uploads\\\/2024\\\/10\\\/Viga-medine-magnetine-delione.jpg\",\"contentUrl\":\"https:\\\/\\\/kidsplay.lt\\\/wp-content\\\/uploads\\\/2024\\\/10\\\/Viga-medine-magnetine-delione.jpg\",\"width\":1459,\"height\":1459,\"caption\":\"Viga medin\u0117 magnetin\u0117 d\u0117lion\u0117\"},{\"@type\":\"BreadcrumbList\",\"@id\":\"https:\\\/\\\/kidsplay.lt\\\/produktas\\\/viga-medine-magnetine-delione-2\\\/#breadcrumb\",\"itemListElement\":[{\"@type\":\"ListItem\",\"position\":1,\"name\":\"Pagrindinis\",\"item\":\"https:\\\/\\\/kidsplay.lt\\\/\"},{\"@type\":\"ListItem\",\"position\":2,\"name\":\"Parduotuv\u0117\",\"item\":\"https:\\\/\\\/kidsplay.lt\\\/parduotuve\\\/\"},{\"@type\":\"ListItem\",\"position\":3,\"name\":\"Viga medin\u0117 magnetin\u0117 d\u0117lion\u0117\"}]},{\"@type\":\"WebSite\",\"@id\":\"https:\\\/\\\/kidsplay.lt\\\/#website\",\"url\":\"https:\\\/\\\/kidsplay.lt\\\/\",\"name\":\"Kidsplay.lt\",\"description\":\"\u012evairios prek\u0117s vaikams\",\"publisher\":{\"@id\":\"https:\\\/\\\/kidsplay.lt\\\/#organization\"},\"alternateName\":\"Kidsplay\",\"potentialAction\":[{\"@type\":\"SearchAction\",\"target\":{\"@type\":\"EntryPoint\",\"urlTemplate\":\"https:\\\/\\\/kidsplay.lt\\\/?s={search_term_string}\"},\"query-input\":{\"@type\":\"PropertyValueSpecification\",\"valueRequired\":true,\"valueName\":\"search_term_string\"}}],\"inLanguage\":\"lv-LV\"},{\"@type\":\"Organization\",\"@id\":\"https:\\\/\\\/kidsplay.lt\\\/#organization\",\"name\":\"KidsPlay\",\"url\":\"https:\\\/\\\/kidsplay.lt\\\/\",\"logo\":{\"@type\":\"ImageObject\",\"inLanguage\":\"lv-LV\",\"@id\":\"https:\\\/\\\/kidsplay.lt\\\/#\\\/schema\\\/logo\\\/image\\\/\",\"url\":\"https:\\\/\\\/kidsplay.lt\\\/wp-content\\\/uploads\\\/2023\\\/07\\\/kidsplay-logo.png\",\"contentUrl\":\"https:\\\/\\\/kidsplay.lt\\\/wp-content\\\/uploads\\\/2023\\\/07\\\/kidsplay-logo.png\",\"width\":451,\"height\":98,\"caption\":\"KidsPlay\"},\"image\":{\"@id\":\"https:\\\/\\\/kidsplay.lt\\\/#\\\/schema\\\/logo\\\/image\\\/\"},\"sameAs\":[\"https:\\\/\\\/www.facebook.com\\\/www.kidsplay.lt\"]}]}<\/script>\n<!-- \/ Yoast SEO plugin. -->","yoast_head_json":{"title":"Viga koka magn\u0113tisk\u0101 puzle","description":"Viga koka magn\u0113tisk\u0101 puzle","robots":{"index":"index","follow":"follow","max-snippet":"max-snippet:-1","max-image-preview":"max-image-preview:large","max-video-preview":"max-video-preview:-1"},"canonical":"https:\/\/kidsplay.lt\/lv\/products\/viga-medine-magnetine-delione-2\/","og_locale":"lv_LV","og_type":"article","og_title":"Viga medin\u0117 magnetin\u0117 d\u0117lion\u0117","og_description":"Viga medin\u0117 magnetin\u0117 d\u0117lion\u0117","og_url":"https:\/\/kidsplay.lt\/lv\/products\/viga-medine-magnetine-delione-2\/","og_site_name":"KidsPlay","article_publisher":"https:\/\/www.facebook.com\/www.kidsplay.lt","article_modified_time":"2026-04-13T11:55:58+00:00","og_image":[{"width":1459,"height":1459,"url":"https:\/\/kidsplay.lt\/wp-content\/uploads\/2024\/10\/Viga-medine-magnetine-delione.jpg","type":"image\/jpeg"}],"twitter_card":"summary_large_image","twitter_misc":{"Est. reading time":"2 min\u016btes"},"schema":{"@context":"https:\/\/schema.org","@graph":[{"@type":"WebPage","@id":"https:\/\/kidsplay.lt\/produktas\/viga-medine-magnetine-delione-2\/","url":"https:\/\/kidsplay.lt\/produktas\/viga-medine-magnetine-delione-2\/","name":"Viga koka magn\u0113tisk\u0101 puzle","isPartOf":{"@id":"https:\/\/kidsplay.lt\/#website"},"primaryImageOfPage":{"@id":"https:\/\/kidsplay.lt\/produktas\/viga-medine-magnetine-delione-2\/#primaryimage"},"image":{"@id":"https:\/\/kidsplay.lt\/produktas\/viga-medine-magnetine-delione-2\/#primaryimage"},"thumbnailUrl":"https:\/\/kidsplay.lt\/wp-content\/uploads\/2024\/10\/Viga-medine-magnetine-delione.jpg","datePublished":"2025-10-02T10:33:45+00:00","dateModified":"2026-04-13T11:55:58+00:00","description":"Viga koka magn\u0113tisk\u0101 puzle","breadcrumb":{"@id":"https:\/\/kidsplay.lt\/produktas\/viga-medine-magnetine-delione-2\/#breadcrumb"},"inLanguage":"lv-LV","potentialAction":[{"@type":"ReadAction","target":["https:\/\/kidsplay.lt\/produktas\/viga-medine-magnetine-delione-2\/"]}]},{"@type":"ImageObject","inLanguage":"lv-LV","@id":"https:\/\/kidsplay.lt\/produktas\/viga-medine-magnetine-delione-2\/#primaryimage","url":"https:\/\/kidsplay.lt\/wp-content\/uploads\/2024\/10\/Viga-medine-magnetine-delione.jpg","contentUrl":"https:\/\/kidsplay.lt\/wp-content\/uploads\/2024\/10\/Viga-medine-magnetine-delione.jpg","width":1459,"height":1459,"caption":"Viga medin\u0117 magnetin\u0117 d\u0117lion\u0117"},{"@type":"BreadcrumbList","@id":"https:\/\/kidsplay.lt\/produktas\/viga-medine-magnetine-delione-2\/#breadcrumb","itemListElement":[{"@type":"ListItem","position":1,"name":"Pagrindinis","item":"https:\/\/kidsplay.lt\/"},{"@type":"ListItem","position":2,"name":"Parduotuv\u0117","item":"https:\/\/kidsplay.lt\/parduotuve\/"},{"@type":"ListItem","position":3,"name":"Viga medin\u0117 magnetin\u0117 d\u0117lion\u0117"}]},{"@type":"WebSite","@id":"https:\/\/kidsplay.lt\/#website","url":"https:\/\/kidsplay.lt\/","name":"B\u0113rnu sp\u0113les.lv","description":"\u012evairios prek\u0117s vaikams","publisher":{"@id":"https:\/\/kidsplay.lt\/#organization"},"alternateName":"Kidsplay","potentialAction":[{"@type":"SearchAction","target":{"@type":"EntryPoint","urlTemplate":"https:\/\/kidsplay.lt\/?s={search_term_string}"},"query-input":{"@type":"PropertyValueSpecification","valueRequired":true,"valueName":"search_term_string"}}],"inLanguage":"lv-LV"},{"@type":"Organization","@id":"https:\/\/kidsplay.lt\/#organization","name":"B\u0113rnu sp\u0113le","url":"https:\/\/kidsplay.lt\/","logo":{"@type":"ImageObject","inLanguage":"lv-LV","@id":"https:\/\/kidsplay.lt\/#\/schema\/logo\/image\/","url":"https:\/\/kidsplay.lt\/wp-content\/uploads\/2023\/07\/kidsplay-logo.png","contentUrl":"https:\/\/kidsplay.lt\/wp-content\/uploads\/2023\/07\/kidsplay-logo.png","width":451,"height":98,"caption":"KidsPlay"},"image":{"@id":"https:\/\/kidsplay.lt\/#\/schema\/logo\/image\/"},"sameAs":["https:\/\/www.facebook.com\/www.kidsplay.lt"]}]}},"_links":{"self":[{"href":"https:\/\/kidsplay.lt\/lv\/wp-json\/wp\/v2\/product\/69830","targetHints":{"allow":["GET"]}}],"collection":[{"href":"https:\/\/kidsplay.lt\/lv\/wp-json\/wp\/v2\/product"}],"about":[{"href":"https:\/\/kidsplay.lt\/lv\/wp-json\/wp\/v2\/types\/product"}],"version-history":[{"count":3,"href":"https:\/\/kidsplay.lt\/lv\/wp-json\/wp\/v2\/product\/69830\/revisions"}],"predecessor-version":[{"id":80701,"href":"https:\/\/kidsplay.lt\/lv\/wp-json\/wp\/v2\/product\/69830\/revisions\/80701"}],"wp:featuredmedia":[{"embeddable":true,"href":"https:\/\/kidsplay.lt\/lv\/wp-json\/wp\/v2\/media\/57675"}],"wp:attachment":[{"href":"https:\/\/kidsplay.lt\/lv\/wp-json\/wp\/v2\/media?parent=69830"}],"wp:term":[{"taxonomy":"product_brand","embeddable":true,"href":"https:\/\/kidsplay.lt\/lv\/wp-json\/wp\/v2\/product_brand?post=69830"},{"taxonomy":"product_cat","embeddable":true,"href":"https:\/\/kidsplay.lt\/lv\/wp-json\/wp\/v2\/product_cat?post=69830"},{"taxonomy":"product_tag","embeddable":true,"href":"https:\/\/kidsplay.lt\/lv\/wp-json\/wp\/v2\/product_tag?post=69830"}],"curies":[{"name":"wp","href":"https:\/\/api.w.org\/{rel}","templated":true}]}}