{"id":69844,"date":"2025-10-02T13:34:17","date_gmt":"2025-10-02T10:34:17","guid":{"rendered":"https:\/\/kidsplay.lt\/produktas\/woopie-gyvunu-balansavimo-igudziu-zaidimas-gyvunu-bokstas\/"},"modified":"2026-04-13T14:56:18","modified_gmt":"2026-04-13T11:56:18","slug":"woopie-gyvunu-balansavimo-igudziu-zaidimas-gyvunu-bokstas","status":"publish","type":"product","link":"https:\/\/kidsplay.lt\/lv\/products\/woopie-gyvunu-balansavimo-igudziu-zaidimas-gyvunu-bokstas\/","title":{"rendered":"WOOPIE dz\u012bvnieku l\u012bdzsvaro\u0161anas prasmju sp\u0113le &quot;Dz\u012bvnieku tornis&quot;\u201e"},"content":{"rendered":"<p>\u201eWoopie\u00a0\u00a0Balancing\u00a0Animals\u201c \u012fg\u016bd\u017ei\u0173 \u017eaidimas\u00a0yra ne\u012ftik\u0117tinai \u012ftraukiantis \u017eaidimas, kuriame derinamas mokymasis, pramogos ir jaudulys. Tai ne tik \u017eaidimas \u2013 tai unikali patirtis, skatinanti k\u016brybi\u0161kum\u0105, mokanti susikaupti ir lavinanti motorinius \u012fg\u016bd\u017eius. Rinkinys pagr\u012fstas gyv\u016bn\u0173 i\u0161d\u0117stymo ant specialaus balansuojan\u010dio kiau\u0161inio formos pagrindo principu \u2013 kiekvienas gyv\u016bnas turi skirting\u0105 form\u0105 ir svor\u012f, tod\u0117l kiekvienas raundas yra unikalus ir nenusp\u0117jamas. Puikiai\u00a0tinka \u017eaisti vienam, taip pat su \u0161eima ar bendraam\u017eiais\u00a0. Tikslas \u2013 sud\u0117lioti visus gyv\u016bnus ant kiau\u0161inio neapver\u010diant. Atrodo paprasta? Niekas negal\u0117t\u0173 b\u016bti toliau nuo tiesos! Judantis kiau\u0161inis gali jus nustebinti, kai ma\u017eiausiai to tikit\u0117s. Tai\u00a0puikus kantryb\u0117s, tikslumo ir strateginio m\u0105stymo pratimas\u00a0. \u017daislas sukurtas taip, kad patraukt\u0173 vaik\u0173 d\u0117mes\u012f\u00a0savo ry\u0161kiomis spalvomis\u00a0ir\u00a0unikaliomis gyv\u016bn\u0173 formomis\u00a0, kurios pa\u010dios gali b\u016bti savaranki\u0161kos \u017eaidimo fig\u016br\u0117l\u0117s. Produktas pagamintas i\u0161 auk\u0161tos kokyb\u0117s, saugaus plastiko, be kenksming\u0173 med\u017eiag\u0173, tod\u0117l tai idealus pasirinkimas vaikams.<\/p>\n<p>Rakstur\u012bgs:<\/p>\n<p> \t&#8211; \u017daislas vaikams\u00a0nuo 4 met\u0173 am\u017eiaus<br \/>\n \t&#8211;\u00a0\u00a0\u012eg\u016bd\u017ei\u0173 \u017eaidimas, pana\u0161us \u012f pusiausvyros sij\u0105\u00a0\u2013 \u012fdomi pramoga visai \u0161eimai<br \/>\n \t&#8211;\u00a0\u00a0Kilnojamas kiau\u0161inio formos pagrindas\u00a0&#8211; reaguoja \u012f kiekvien\u0105 judes\u012f<br \/>\n \t&#8211;\u00a0\u00a0Spalvingi gyv\u016bnai\u00a0trima\u010di\u0173 sudedam\u0173 kalad\u0117li\u0173 pavidalu<br \/>\n \t&#8211;\u00a0\u00a0\u017daidimas skirtas 1\u20133 \u017eaid\u0117jams\u00a0\u2013 puikiai tinka \u017eaisti tiek vienam, tiek grup\u0117ms<br \/>\n \t&#8211;\u00a0\u00a0Saugi med\u017eiaga\u00a0\u2013 netoksi\u0161ka, patvari ir atspari pa\u017eeidimams<br \/>\n \t&#8211;\u00a0\u00a0Modernus dizainas\u00a0ir patraukli d\u0117\u017eut\u0117 \u2013 puikiai tinka dovanai<br \/>\n \t&#8211;\u00a0\u00a0Joki\u0173 elektronikos element\u0173\u00a0\u2013 smagu, paremta logika ir fizika<\/p>\n<p>Sp\u0113les noteikumi:<\/p>\n<p>\u017daidimo re\u017eimai: Galite \u017eaisti dviem sud\u0117tingumo lygiais \u2013 lengvu (stabili platforma) ir sunkiu (platforma sukasi 360 laipsni\u0173 kampu)<\/p>\n<p> \tSurinkite rinkin\u012f:\u00a0Pad\u0117kite balansuojant\u012f akmen\u012f ant platformos. Sud\u0117tingesnei versijai pad\u0117kite akmen\u012f ant besisukan\u010dio pagrindo, kuris sukasi 360 laipsni\u0173 kampu.<br \/>\n \tPasirinkite \u017eaid\u0117j\u0105, kuris pirmasis pad\u0117s savo augintin\u012f ant balansuojan\u010dio akmens.<br \/>\n \tD\u0117liokite gyv\u016bnus: \u017eaid\u0117jai paeiliui d\u0117lioja gyv\u016bn\u0173 formos kalad\u0117les ant balansuojan\u010dio akmens, stengdamiesi i\u0161laikyti vis\u0105 konstrukcij\u0105 subalansuot\u0105.<br \/>\n \t\u017daidimas baigiasi, kai statinys sugri\u016bva ir kalad\u0117l\u0117s nukrenta nuo akmens. \u017daid\u0117jas, suk\u0117l\u0119s gri\u016bt\u012f, pralaimi.<\/p>\n<p>Komplekt\u0101 ietilpst:<\/p>\n<p> \t&#8211; 24 spalvingi gyv\u016bnai<br \/>\n \t&#8211; 1 supamasis kiau\u0161inis \u2013 pusiausvyros pagrindas<br \/>\n \t&#8211; 1 stabili platforma su i\u0161ky\u0161omis kiau\u0161iniui<\/p>\n<p>Rota\u013clieta att\u012bst\u0101s:<\/p>\n<p> \t\u2013 koncentr\u0101cija<br \/>\n \t&#8211; kantryb\u0117<br \/>\n \t&#8211; rankiniai \u012fg\u016bd\u017eiai<br \/>\n \t- lo\u0123isk\u0101 dom\u0101\u0161ana<br \/>\n \t&#8211; planavimas<br \/>\n \t&#8211; bendradarbiavimas<br \/>\n \t&#8211; geb\u0117jimas numatyti pasekmes<br \/>\n \t&#8211; judesi\u0173 tikslumas<\/p>\n<p>Pakuot\u0117s matmenys: 27 x 9 x 27,5 (cm)<\/p>","protected":false},"excerpt":{"rendered":"<p>WOOPIE dz\u012bvnieku l\u012bdzsvaro\u0161anas prasmju sp\u0113le &quot;Dz\u012bvnieku tornis&quot;\u201e<\/p>","protected":false},"featured_media":67787,"template":"","meta":{"_acf_changed":false,"_glsr_average":0,"_glsr_ranking":0,"_glsr_reviews":0},"product_brand":[],"product_cat":[388,229],"product_tag":[],"class_list":{"0":"post-69844","1":"product","2":"type-product","3":"status-publish","4":"has-post-thumbnail","6":"product_cat-edukaciniai-lavinamieji-zaislai","7":"product_cat-zaislai-vaikams","8":"\"style=\"background-color: #2ecc711c;\"","10":"first","11":"instock","12":"purchasable","13":"product-type-simple"},"acf":[],"yoast_head":"<!-- This site is optimized with the Yoast SEO plugin v27.4 - https:\/\/yoast.com\/product\/yoast-seo-wordpress\/ -->\n<title>WOOPIE gyv\u016bn\u0173 balansavimo \u012fg\u016bd\u017ei\u0173 \u017eaidimas \u201eGyv\u016bn\u0173 bok\u0161tas\u201c<\/title>\n<meta name=\"description\" content=\"WOOPIE gyv\u016bn\u0173 balansavimo \u012fg\u016bd\u017ei\u0173 \u017eaidimas \u201eGyv\u016bn\u0173 bok\u0161tas\u201c\" \/>\n<meta name=\"robots\" content=\"index, follow, max-snippet:-1, max-image-preview:large, max-video-preview:-1\" \/>\n<link rel=\"canonical\" href=\"https:\/\/kidsplay.lt\/lv\/products\/woopie-gyvunu-balansavimo-igudziu-zaidimas-gyvunu-bokstas\/\" \/>\n<meta property=\"og:locale\" content=\"lv_LV\" \/>\n<meta property=\"og:type\" content=\"article\" \/>\n<meta property=\"og:title\" content=\"WOOPIE gyv\u016bn\u0173 balansavimo \u012fg\u016bd\u017ei\u0173 \u017eaidimas \u201eGyv\u016bn\u0173 bok\u0161tas\u201c\" \/>\n<meta property=\"og:description\" content=\"WOOPIE gyv\u016bn\u0173 balansavimo \u012fg\u016bd\u017ei\u0173 \u017eaidimas \u201eGyv\u016bn\u0173 bok\u0161tas\u201c\" \/>\n<meta property=\"og:url\" content=\"https:\/\/kidsplay.lt\/lv\/products\/woopie-gyvunu-balansavimo-igudziu-zaidimas-gyvunu-bokstas\/\" \/>\n<meta property=\"og:site_name\" content=\"KidsPlay\" \/>\n<meta property=\"article:publisher\" content=\"https:\/\/www.facebook.com\/www.kidsplay.lt\" \/>\n<meta property=\"article:modified_time\" content=\"2026-04-13T11:56:18+00:00\" \/>\n<meta property=\"og:image\" content=\"https:\/\/kidsplay.lt\/wp-content\/uploads\/2025\/10\/WOOPIE-gyvunu-balansavimo-igudziu-zaidimas-\u201eGyvunu-bokstas.jpg\" \/>\n\t<meta property=\"og:image:width\" content=\"1000\" \/>\n\t<meta property=\"og:image:height\" content=\"1000\" \/>\n\t<meta property=\"og:image:type\" content=\"image\/jpeg\" \/>\n<meta name=\"twitter:card\" content=\"summary_large_image\" \/>\n<meta name=\"twitter:label1\" content=\"Est. reading time\" \/>\n\t<meta name=\"twitter:data1\" content=\"2 min\u016btes\" \/>\n<script type=\"application\/ld+json\" class=\"yoast-schema-graph\">{\"@context\":\"https:\\\/\\\/schema.org\",\"@graph\":[{\"@type\":\"WebPage\",\"@id\":\"https:\\\/\\\/kidsplay.lt\\\/produktas\\\/woopie-gyvunu-balansavimo-igudziu-zaidimas-gyvunu-bokstas\\\/\",\"url\":\"https:\\\/\\\/kidsplay.lt\\\/produktas\\\/woopie-gyvunu-balansavimo-igudziu-zaidimas-gyvunu-bokstas\\\/\",\"name\":\"WOOPIE gyv\u016bn\u0173 balansavimo \u012fg\u016bd\u017ei\u0173 \u017eaidimas \u201eGyv\u016bn\u0173 bok\u0161tas\u201c\",\"isPartOf\":{\"@id\":\"https:\\\/\\\/kidsplay.lt\\\/#website\"},\"primaryImageOfPage\":{\"@id\":\"https:\\\/\\\/kidsplay.lt\\\/produktas\\\/woopie-gyvunu-balansavimo-igudziu-zaidimas-gyvunu-bokstas\\\/#primaryimage\"},\"image\":{\"@id\":\"https:\\\/\\\/kidsplay.lt\\\/produktas\\\/woopie-gyvunu-balansavimo-igudziu-zaidimas-gyvunu-bokstas\\\/#primaryimage\"},\"thumbnailUrl\":\"https:\\\/\\\/kidsplay.lt\\\/wp-content\\\/uploads\\\/2025\\\/10\\\/WOOPIE-gyvunu-balansavimo-igudziu-zaidimas-\u201eGyvunu-bokstas.jpg\",\"datePublished\":\"2025-10-02T10:34:17+00:00\",\"dateModified\":\"2026-04-13T11:56:18+00:00\",\"description\":\"WOOPIE gyv\u016bn\u0173 balansavimo \u012fg\u016bd\u017ei\u0173 \u017eaidimas \u201eGyv\u016bn\u0173 bok\u0161tas\u201c\",\"breadcrumb\":{\"@id\":\"https:\\\/\\\/kidsplay.lt\\\/produktas\\\/woopie-gyvunu-balansavimo-igudziu-zaidimas-gyvunu-bokstas\\\/#breadcrumb\"},\"inLanguage\":\"lv-LV\",\"potentialAction\":[{\"@type\":\"ReadAction\",\"target\":[\"https:\\\/\\\/kidsplay.lt\\\/produktas\\\/woopie-gyvunu-balansavimo-igudziu-zaidimas-gyvunu-bokstas\\\/\"]}]},{\"@type\":\"ImageObject\",\"inLanguage\":\"lv-LV\",\"@id\":\"https:\\\/\\\/kidsplay.lt\\\/produktas\\\/woopie-gyvunu-balansavimo-igudziu-zaidimas-gyvunu-bokstas\\\/#primaryimage\",\"url\":\"https:\\\/\\\/kidsplay.lt\\\/wp-content\\\/uploads\\\/2025\\\/10\\\/WOOPIE-gyvunu-balansavimo-igudziu-zaidimas-\u201eGyvunu-bokstas.jpg\",\"contentUrl\":\"https:\\\/\\\/kidsplay.lt\\\/wp-content\\\/uploads\\\/2025\\\/10\\\/WOOPIE-gyvunu-balansavimo-igudziu-zaidimas-\u201eGyvunu-bokstas.jpg\",\"width\":1000,\"height\":1000,\"caption\":\"WOOPIE gyv\u016bn\u0173 balansavimo \u012fg\u016bd\u017ei\u0173 \u017eaidimas \u201eGyv\u016bn\u0173 bok\u0161tas\u201c\"},{\"@type\":\"BreadcrumbList\",\"@id\":\"https:\\\/\\\/kidsplay.lt\\\/produktas\\\/woopie-gyvunu-balansavimo-igudziu-zaidimas-gyvunu-bokstas\\\/#breadcrumb\",\"itemListElement\":[{\"@type\":\"ListItem\",\"position\":1,\"name\":\"Pagrindinis\",\"item\":\"https:\\\/\\\/kidsplay.lt\\\/\"},{\"@type\":\"ListItem\",\"position\":2,\"name\":\"Parduotuv\u0117\",\"item\":\"https:\\\/\\\/kidsplay.lt\\\/parduotuve\\\/\"},{\"@type\":\"ListItem\",\"position\":3,\"name\":\"WOOPIE gyv\u016bn\u0173 balansavimo \u012fg\u016bd\u017ei\u0173 \u017eaidimas \u201eGyv\u016bn\u0173 bok\u0161tas\u201c\"}]},{\"@type\":\"WebSite\",\"@id\":\"https:\\\/\\\/kidsplay.lt\\\/#website\",\"url\":\"https:\\\/\\\/kidsplay.lt\\\/\",\"name\":\"Kidsplay.lt\",\"description\":\"\u012evairios prek\u0117s vaikams\",\"publisher\":{\"@id\":\"https:\\\/\\\/kidsplay.lt\\\/#organization\"},\"alternateName\":\"Kidsplay\",\"potentialAction\":[{\"@type\":\"SearchAction\",\"target\":{\"@type\":\"EntryPoint\",\"urlTemplate\":\"https:\\\/\\\/kidsplay.lt\\\/?s={search_term_string}\"},\"query-input\":{\"@type\":\"PropertyValueSpecification\",\"valueRequired\":true,\"valueName\":\"search_term_string\"}}],\"inLanguage\":\"lv-LV\"},{\"@type\":\"Organization\",\"@id\":\"https:\\\/\\\/kidsplay.lt\\\/#organization\",\"name\":\"KidsPlay\",\"url\":\"https:\\\/\\\/kidsplay.lt\\\/\",\"logo\":{\"@type\":\"ImageObject\",\"inLanguage\":\"lv-LV\",\"@id\":\"https:\\\/\\\/kidsplay.lt\\\/#\\\/schema\\\/logo\\\/image\\\/\",\"url\":\"https:\\\/\\\/kidsplay.lt\\\/wp-content\\\/uploads\\\/2023\\\/07\\\/kidsplay-logo.png\",\"contentUrl\":\"https:\\\/\\\/kidsplay.lt\\\/wp-content\\\/uploads\\\/2023\\\/07\\\/kidsplay-logo.png\",\"width\":451,\"height\":98,\"caption\":\"KidsPlay\"},\"image\":{\"@id\":\"https:\\\/\\\/kidsplay.lt\\\/#\\\/schema\\\/logo\\\/image\\\/\"},\"sameAs\":[\"https:\\\/\\\/www.facebook.com\\\/www.kidsplay.lt\"]}]}<\/script>\n<!-- \/ Yoast SEO plugin. -->","yoast_head_json":{"title":"WOOPIE dz\u012bvnieku l\u012bdzsvaro\u0161anas prasmju sp\u0113le &quot;Dz\u012bvnieku tornis&quot;\u201e","description":"WOOPIE dz\u012bvnieku l\u012bdzsvaro\u0161anas prasmju sp\u0113le &quot;Dz\u012bvnieku tornis&quot;\u201e","robots":{"index":"index","follow":"follow","max-snippet":"max-snippet:-1","max-image-preview":"max-image-preview:large","max-video-preview":"max-video-preview:-1"},"canonical":"https:\/\/kidsplay.lt\/lv\/products\/woopie-gyvunu-balansavimo-igudziu-zaidimas-gyvunu-bokstas\/","og_locale":"lv_LV","og_type":"article","og_title":"WOOPIE gyv\u016bn\u0173 balansavimo \u012fg\u016bd\u017ei\u0173 \u017eaidimas \u201eGyv\u016bn\u0173 bok\u0161tas\u201c","og_description":"WOOPIE gyv\u016bn\u0173 balansavimo \u012fg\u016bd\u017ei\u0173 \u017eaidimas \u201eGyv\u016bn\u0173 bok\u0161tas\u201c","og_url":"https:\/\/kidsplay.lt\/lv\/products\/woopie-gyvunu-balansavimo-igudziu-zaidimas-gyvunu-bokstas\/","og_site_name":"KidsPlay","article_publisher":"https:\/\/www.facebook.com\/www.kidsplay.lt","article_modified_time":"2026-04-13T11:56:18+00:00","og_image":[{"width":1000,"height":1000,"url":"https:\/\/kidsplay.lt\/wp-content\/uploads\/2025\/10\/WOOPIE-gyvunu-balansavimo-igudziu-zaidimas-\u201eGyvunu-bokstas.jpg","type":"image\/jpeg"}],"twitter_card":"summary_large_image","twitter_misc":{"Est. reading time":"2 min\u016btes"},"schema":{"@context":"https:\/\/schema.org","@graph":[{"@type":"WebPage","@id":"https:\/\/kidsplay.lt\/produktas\/woopie-gyvunu-balansavimo-igudziu-zaidimas-gyvunu-bokstas\/","url":"https:\/\/kidsplay.lt\/produktas\/woopie-gyvunu-balansavimo-igudziu-zaidimas-gyvunu-bokstas\/","name":"WOOPIE dz\u012bvnieku l\u012bdzsvaro\u0161anas prasmju sp\u0113le &quot;Dz\u012bvnieku tornis&quot;\u201e","isPartOf":{"@id":"https:\/\/kidsplay.lt\/#website"},"primaryImageOfPage":{"@id":"https:\/\/kidsplay.lt\/produktas\/woopie-gyvunu-balansavimo-igudziu-zaidimas-gyvunu-bokstas\/#primaryimage"},"image":{"@id":"https:\/\/kidsplay.lt\/produktas\/woopie-gyvunu-balansavimo-igudziu-zaidimas-gyvunu-bokstas\/#primaryimage"},"thumbnailUrl":"https:\/\/kidsplay.lt\/wp-content\/uploads\/2025\/10\/WOOPIE-gyvunu-balansavimo-igudziu-zaidimas-\u201eGyvunu-bokstas.jpg","datePublished":"2025-10-02T10:34:17+00:00","dateModified":"2026-04-13T11:56:18+00:00","description":"WOOPIE dz\u012bvnieku l\u012bdzsvaro\u0161anas prasmju sp\u0113le &quot;Dz\u012bvnieku tornis&quot;\u201e","breadcrumb":{"@id":"https:\/\/kidsplay.lt\/produktas\/woopie-gyvunu-balansavimo-igudziu-zaidimas-gyvunu-bokstas\/#breadcrumb"},"inLanguage":"lv-LV","potentialAction":[{"@type":"ReadAction","target":["https:\/\/kidsplay.lt\/produktas\/woopie-gyvunu-balansavimo-igudziu-zaidimas-gyvunu-bokstas\/"]}]},{"@type":"ImageObject","inLanguage":"lv-LV","@id":"https:\/\/kidsplay.lt\/produktas\/woopie-gyvunu-balansavimo-igudziu-zaidimas-gyvunu-bokstas\/#primaryimage","url":"https:\/\/kidsplay.lt\/wp-content\/uploads\/2025\/10\/WOOPIE-gyvunu-balansavimo-igudziu-zaidimas-\u201eGyvunu-bokstas.jpg","contentUrl":"https:\/\/kidsplay.lt\/wp-content\/uploads\/2025\/10\/WOOPIE-gyvunu-balansavimo-igudziu-zaidimas-\u201eGyvunu-bokstas.jpg","width":1000,"height":1000,"caption":"WOOPIE gyv\u016bn\u0173 balansavimo \u012fg\u016bd\u017ei\u0173 \u017eaidimas \u201eGyv\u016bn\u0173 bok\u0161tas\u201c"},{"@type":"BreadcrumbList","@id":"https:\/\/kidsplay.lt\/produktas\/woopie-gyvunu-balansavimo-igudziu-zaidimas-gyvunu-bokstas\/#breadcrumb","itemListElement":[{"@type":"ListItem","position":1,"name":"Pagrindinis","item":"https:\/\/kidsplay.lt\/"},{"@type":"ListItem","position":2,"name":"Parduotuv\u0117","item":"https:\/\/kidsplay.lt\/parduotuve\/"},{"@type":"ListItem","position":3,"name":"WOOPIE gyv\u016bn\u0173 balansavimo \u012fg\u016bd\u017ei\u0173 \u017eaidimas \u201eGyv\u016bn\u0173 bok\u0161tas\u201c"}]},{"@type":"WebSite","@id":"https:\/\/kidsplay.lt\/#website","url":"https:\/\/kidsplay.lt\/","name":"B\u0113rnu sp\u0113les.lv","description":"\u012evairios prek\u0117s vaikams","publisher":{"@id":"https:\/\/kidsplay.lt\/#organization"},"alternateName":"Kidsplay","potentialAction":[{"@type":"SearchAction","target":{"@type":"EntryPoint","urlTemplate":"https:\/\/kidsplay.lt\/?s={search_term_string}"},"query-input":{"@type":"PropertyValueSpecification","valueRequired":true,"valueName":"search_term_string"}}],"inLanguage":"lv-LV"},{"@type":"Organization","@id":"https:\/\/kidsplay.lt\/#organization","name":"B\u0113rnu sp\u0113le","url":"https:\/\/kidsplay.lt\/","logo":{"@type":"ImageObject","inLanguage":"lv-LV","@id":"https:\/\/kidsplay.lt\/#\/schema\/logo\/image\/","url":"https:\/\/kidsplay.lt\/wp-content\/uploads\/2023\/07\/kidsplay-logo.png","contentUrl":"https:\/\/kidsplay.lt\/wp-content\/uploads\/2023\/07\/kidsplay-logo.png","width":451,"height":98,"caption":"KidsPlay"},"image":{"@id":"https:\/\/kidsplay.lt\/#\/schema\/logo\/image\/"},"sameAs":["https:\/\/www.facebook.com\/www.kidsplay.lt"]}]}},"_links":{"self":[{"href":"https:\/\/kidsplay.lt\/lv\/wp-json\/wp\/v2\/product\/69844","targetHints":{"allow":["GET"]}}],"collection":[{"href":"https:\/\/kidsplay.lt\/lv\/wp-json\/wp\/v2\/product"}],"about":[{"href":"https:\/\/kidsplay.lt\/lv\/wp-json\/wp\/v2\/types\/product"}],"version-history":[{"count":2,"href":"https:\/\/kidsplay.lt\/lv\/wp-json\/wp\/v2\/product\/69844\/revisions"}],"predecessor-version":[{"id":73428,"href":"https:\/\/kidsplay.lt\/lv\/wp-json\/wp\/v2\/product\/69844\/revisions\/73428"}],"wp:featuredmedia":[{"embeddable":true,"href":"https:\/\/kidsplay.lt\/lv\/wp-json\/wp\/v2\/media\/67787"}],"wp:attachment":[{"href":"https:\/\/kidsplay.lt\/lv\/wp-json\/wp\/v2\/media?parent=69844"}],"wp:term":[{"taxonomy":"product_brand","embeddable":true,"href":"https:\/\/kidsplay.lt\/lv\/wp-json\/wp\/v2\/product_brand?post=69844"},{"taxonomy":"product_cat","embeddable":true,"href":"https:\/\/kidsplay.lt\/lv\/wp-json\/wp\/v2\/product_cat?post=69844"},{"taxonomy":"product_tag","embeddable":true,"href":"https:\/\/kidsplay.lt\/lv\/wp-json\/wp\/v2\/product_tag?post=69844"}],"curies":[{"name":"wp","href":"https:\/\/api.w.org\/{rel}","templated":true}]}}