{"id":69848,"date":"2025-10-02T13:34:27","date_gmt":"2025-10-02T10:34:27","guid":{"rendered":"https:\/\/kidsplay.lt\/produktas\/lavinanciu-zaislu-dezute-nuo-36-men-2\/"},"modified":"2026-04-20T08:25:31","modified_gmt":"2026-04-20T05:25:31","slug":"lavinanciu-zaislu-dezute-nuo-36-men-2","status":"publish","type":"product","link":"https:\/\/kidsplay.lt\/lv\/products\/lavinanciu-zaislu-dezute-nuo-36-men-2\/","title":{"rendered":"Izgl\u012btojo\u0161a rota\u013clietu kaste b\u0113rniem no 36 m\u0113ne\u0161u vecuma"},"content":{"rendered":"<p>\u201eFree Spirits\u201c (36M+)\u00a0\u2013 tai rinkinys, sukurtas vaikams, kurie \u017eengia \u012f \u012fdom\u0173 pasaulio pa\u017einimo etap\u0105. Sulaukus trej\u0173 met\u0173 pradeda vystytis kalba, did\u0117ja smalsumas ir savaranki\u0161kumas. \u0160ios serijos \u017eaislai yra atvira med\u017eiaga ir \u017eaidimai, kurie leid\u017eia vaikams lavinti savo vaizduot\u0119, k\u016brybi\u0161kum\u0105 ir emocin\u012f intelekt\u0105, taip pat \u017eaisdami suprasti pasaul\u012f.<\/p>\n<p>Rakstur\u012bgs<\/p>\n<p>skirtas vyresniems nei 36 m\u0117nesi\u0173 vaikams<br \/>\npakuot\u0117: spalvinga d\u0117\u017eut\u0117<br \/>\npalaiko socialini\u0173 ir emocini\u0173 \u012fg\u016bd\u017ei\u0173 ugdym\u0105<br \/>\nskatina k\u016brybi\u0161kum\u0105 ir vaizduot\u0119<br \/>\npagamintas i\u0161 ekologi\u0161k\u0173 med\u017eiag\u0173<br \/>\nlavina sensorinius ir motorinius \u012fg\u016bd\u017eius<br \/>\nskatina savaranki\u0161k\u0105 \u017eaidim\u0105 ir tyrin\u0117jim\u0105<br \/>\n\u012ftraukia vaikus \u012f \u012fvairias veiklos formas<\/p>\n<p>Komplekt\u0101 ietilpst:<\/p>\n<p>jutiklin\u0117 lenta\u00a0\u2013 sudaryta i\u0161 8 skirting\u0173 tekst\u016br\u0173, suteikianti jutimo stimuliacij\u0105 ir leid\u017eianti vaikams liesti atpa\u017einti lygius ir \u0161iurk\u0161\u010dius pavir\u0161ius<br \/>\nratu galvos\u016bkiai\u00a0\u2013 lavina k\u016brybi\u0161kum\u0105 ir loginio m\u0105stymo \u012fg\u016bd\u017eius, skatina vaikus kurti \u012fvairius ra\u0161tus<br \/>\nmini labirintas\u00a0\u2013 reikalaujantis tikslaus jud\u0117jimo ir kantryb\u0117s, padedantis vaikams tobulinti rank\u0173 \u012fg\u016bd\u017eius bandant \u012fki\u0161ti visus plieninius rutulius \u012f skylutes<br \/>\natminties \u017eaidimas\u00a0\u2013 palaiko pa\u017eintin\u012f vystym\u0105si, koncentracij\u0105, k\u016brybi\u0161kum\u0105 ir problem\u0173 sprendimo \u012fg\u016bd\u017eius, o pridedamas medvilninis mai\u0161elis leid\u017eia lengvai laikyti<br \/>\nmedin\u0117 knygel\u0117 (emocijos)\u00a0&#8211; supa\u017eindinanti vaikus su emocij\u0173 pasauliu, mokanti apie 8 pagrindinius jausmus: ramyb\u0117, d\u017eiaugsmas, li\u016bdesys, pyktis, meil\u0117, baim\u0117, nuostaba ir nuovargis<br \/>\nspalvingi akmenys\u00a0\u2013 leid\u017eia vaikams k\u016brybi\u0161kai \u017eaisti balansuojant ir statant, taip pat supa\u017eindinantis su trupmen\u0173 ir spalv\u0173 pasauliu<\/p>\n<p>\u017daislas vystosi<\/p>\n<p>socialinius \u012fg\u016bd\u017eius<br \/>\nk\u016brybi\u0161kumas ir vaizduot\u0117<br \/>\nemocinis intelektas<br \/>\nsmulkiosios motorikos \u012fg\u016bd\u017eius<br \/>\nsusikaupimas ir kantryb\u0117<\/p>","protected":false},"excerpt":{"rendered":"<p>Izgl\u012btojo\u0161a rota\u013clietu kaste b\u0113rniem no 36 m\u0113ne\u0161u vecuma<\/p>","protected":false},"featured_media":57619,"template":"","meta":{"_acf_changed":false,"_glsr_average":0,"_glsr_ranking":0,"_glsr_reviews":0},"product_brand":[],"product_cat":[265,366,365,72,229,800],"product_tag":[],"class_list":{"0":"post-69848","1":"product","2":"type-product","3":"status-publish","4":"has-post-thumbnail","6":"product_cat-dovanu-idejos","7":"product_cat-dovanu-idejos-berniukams","8":"product_cat-dovanu-idejos-mergaitems","9":"product_cat-ispardavimas","10":"product_cat-zaislai-vaikams","11":"product_cat-zaislu-komplektai","12":"\"style=\"background-color: #2ecc711c;\"","14":"first","15":"instock","16":"sale","17":"purchasable","18":"product-type-simple"},"acf":[],"yoast_head":"<!-- This site is optimized with the Yoast SEO plugin v27.4 - https:\/\/yoast.com\/product\/yoast-seo-wordpress\/ -->\n<title>Lavinan\u010di\u0173 \u017eaisl\u0173 d\u0117\u017eut\u0117 nuo 36 m\u0117n<\/title>\n<meta name=\"description\" content=\"Lavinan\u010di\u0173 \u017eaisl\u0173 d\u0117\u017eut\u0117 nuo 36 m\u0117n\" \/>\n<meta name=\"robots\" content=\"index, follow, max-snippet:-1, max-image-preview:large, max-video-preview:-1\" \/>\n<link rel=\"canonical\" href=\"https:\/\/kidsplay.lt\/lv\/products\/lavinanciu-zaislu-dezute-nuo-36-men-2\/\" \/>\n<meta property=\"og:locale\" content=\"lv_LV\" \/>\n<meta property=\"og:type\" content=\"article\" \/>\n<meta property=\"og:title\" content=\"Lavinan\u010di\u0173 \u017eaisl\u0173 d\u0117\u017eut\u0117 nuo 36 m\u0117n\" \/>\n<meta property=\"og:description\" content=\"Lavinan\u010di\u0173 \u017eaisl\u0173 d\u0117\u017eut\u0117 nuo 36 m\u0117n\" \/>\n<meta property=\"og:url\" content=\"https:\/\/kidsplay.lt\/lv\/products\/lavinanciu-zaislu-dezute-nuo-36-men-2\/\" \/>\n<meta property=\"og:site_name\" content=\"KidsPlay\" \/>\n<meta property=\"article:publisher\" content=\"https:\/\/www.facebook.com\/www.kidsplay.lt\" \/>\n<meta property=\"article:modified_time\" content=\"2026-04-20T05:25:31+00:00\" \/>\n<meta property=\"og:image\" content=\"https:\/\/kidsplay.lt\/wp-content\/uploads\/2024\/10\/Lavinanciu-zaislu-dezute-nuo-36-men.jpg\" \/>\n\t<meta property=\"og:image:width\" content=\"2560\" \/>\n\t<meta property=\"og:image:height\" content=\"2049\" \/>\n\t<meta property=\"og:image:type\" content=\"image\/jpeg\" \/>\n<meta name=\"twitter:card\" content=\"summary_large_image\" \/>\n<meta name=\"twitter:label1\" content=\"Est. reading time\" \/>\n\t<meta name=\"twitter:data1\" content=\"2 min\u016btes\" \/>\n<script type=\"application\/ld+json\" class=\"yoast-schema-graph\">{\"@context\":\"https:\\\/\\\/schema.org\",\"@graph\":[{\"@type\":\"WebPage\",\"@id\":\"https:\\\/\\\/kidsplay.lt\\\/produktas\\\/lavinanciu-zaislu-dezute-nuo-36-men-2\\\/\",\"url\":\"https:\\\/\\\/kidsplay.lt\\\/produktas\\\/lavinanciu-zaislu-dezute-nuo-36-men-2\\\/\",\"name\":\"Lavinan\u010di\u0173 \u017eaisl\u0173 d\u0117\u017eut\u0117 nuo 36 m\u0117n\",\"isPartOf\":{\"@id\":\"https:\\\/\\\/kidsplay.lt\\\/#website\"},\"primaryImageOfPage\":{\"@id\":\"https:\\\/\\\/kidsplay.lt\\\/produktas\\\/lavinanciu-zaislu-dezute-nuo-36-men-2\\\/#primaryimage\"},\"image\":{\"@id\":\"https:\\\/\\\/kidsplay.lt\\\/produktas\\\/lavinanciu-zaislu-dezute-nuo-36-men-2\\\/#primaryimage\"},\"thumbnailUrl\":\"https:\\\/\\\/kidsplay.lt\\\/wp-content\\\/uploads\\\/2024\\\/10\\\/Lavinanciu-zaislu-dezute-nuo-36-men.jpg\",\"datePublished\":\"2025-10-02T10:34:27+00:00\",\"dateModified\":\"2026-04-20T05:25:31+00:00\",\"description\":\"Lavinan\u010di\u0173 \u017eaisl\u0173 d\u0117\u017eut\u0117 nuo 36 m\u0117n\",\"breadcrumb\":{\"@id\":\"https:\\\/\\\/kidsplay.lt\\\/produktas\\\/lavinanciu-zaislu-dezute-nuo-36-men-2\\\/#breadcrumb\"},\"inLanguage\":\"lv-LV\",\"potentialAction\":[{\"@type\":\"ReadAction\",\"target\":[\"https:\\\/\\\/kidsplay.lt\\\/produktas\\\/lavinanciu-zaislu-dezute-nuo-36-men-2\\\/\"]}]},{\"@type\":\"ImageObject\",\"inLanguage\":\"lv-LV\",\"@id\":\"https:\\\/\\\/kidsplay.lt\\\/produktas\\\/lavinanciu-zaislu-dezute-nuo-36-men-2\\\/#primaryimage\",\"url\":\"https:\\\/\\\/kidsplay.lt\\\/wp-content\\\/uploads\\\/2024\\\/10\\\/Lavinanciu-zaislu-dezute-nuo-36-men.jpg\",\"contentUrl\":\"https:\\\/\\\/kidsplay.lt\\\/wp-content\\\/uploads\\\/2024\\\/10\\\/Lavinanciu-zaislu-dezute-nuo-36-men.jpg\",\"width\":2560,\"height\":2049,\"caption\":\"Lavinan\u010di\u0173 \u017eaisl\u0173 d\u0117\u017eut\u0117 nuo 36 m\u0117n\"},{\"@type\":\"BreadcrumbList\",\"@id\":\"https:\\\/\\\/kidsplay.lt\\\/produktas\\\/lavinanciu-zaislu-dezute-nuo-36-men-2\\\/#breadcrumb\",\"itemListElement\":[{\"@type\":\"ListItem\",\"position\":1,\"name\":\"Pagrindinis\",\"item\":\"https:\\\/\\\/kidsplay.lt\\\/\"},{\"@type\":\"ListItem\",\"position\":2,\"name\":\"Parduotuv\u0117\",\"item\":\"https:\\\/\\\/kidsplay.lt\\\/parduotuve\\\/\"},{\"@type\":\"ListItem\",\"position\":3,\"name\":\"Lavinan\u010di\u0173 \u017eaisl\u0173 d\u0117\u017eut\u0117 nuo 36 m\u0117n\"}]},{\"@type\":\"WebSite\",\"@id\":\"https:\\\/\\\/kidsplay.lt\\\/#website\",\"url\":\"https:\\\/\\\/kidsplay.lt\\\/\",\"name\":\"Kidsplay.lt\",\"description\":\"\u012evairios prek\u0117s vaikams\",\"publisher\":{\"@id\":\"https:\\\/\\\/kidsplay.lt\\\/#organization\"},\"alternateName\":\"Kidsplay\",\"potentialAction\":[{\"@type\":\"SearchAction\",\"target\":{\"@type\":\"EntryPoint\",\"urlTemplate\":\"https:\\\/\\\/kidsplay.lt\\\/?s={search_term_string}\"},\"query-input\":{\"@type\":\"PropertyValueSpecification\",\"valueRequired\":true,\"valueName\":\"search_term_string\"}}],\"inLanguage\":\"lv-LV\"},{\"@type\":\"Organization\",\"@id\":\"https:\\\/\\\/kidsplay.lt\\\/#organization\",\"name\":\"KidsPlay\",\"url\":\"https:\\\/\\\/kidsplay.lt\\\/\",\"logo\":{\"@type\":\"ImageObject\",\"inLanguage\":\"lv-LV\",\"@id\":\"https:\\\/\\\/kidsplay.lt\\\/#\\\/schema\\\/logo\\\/image\\\/\",\"url\":\"https:\\\/\\\/kidsplay.lt\\\/wp-content\\\/uploads\\\/2023\\\/07\\\/kidsplay-logo.png\",\"contentUrl\":\"https:\\\/\\\/kidsplay.lt\\\/wp-content\\\/uploads\\\/2023\\\/07\\\/kidsplay-logo.png\",\"width\":451,\"height\":98,\"caption\":\"KidsPlay\"},\"image\":{\"@id\":\"https:\\\/\\\/kidsplay.lt\\\/#\\\/schema\\\/logo\\\/image\\\/\"},\"sameAs\":[\"https:\\\/\\\/www.facebook.com\\\/www.kidsplay.lt\"]}]}<\/script>\n<!-- \/ Yoast SEO plugin. -->","yoast_head_json":{"title":"Izgl\u012btojo\u0161a rota\u013clietu kaste b\u0113rniem no 36 m\u0113ne\u0161u vecuma","description":"Izgl\u012btojo\u0161a rota\u013clietu kaste b\u0113rniem no 36 m\u0113ne\u0161u vecuma","robots":{"index":"index","follow":"follow","max-snippet":"max-snippet:-1","max-image-preview":"max-image-preview:large","max-video-preview":"max-video-preview:-1"},"canonical":"https:\/\/kidsplay.lt\/lv\/products\/lavinanciu-zaislu-dezute-nuo-36-men-2\/","og_locale":"lv_LV","og_type":"article","og_title":"Lavinan\u010di\u0173 \u017eaisl\u0173 d\u0117\u017eut\u0117 nuo 36 m\u0117n","og_description":"Lavinan\u010di\u0173 \u017eaisl\u0173 d\u0117\u017eut\u0117 nuo 36 m\u0117n","og_url":"https:\/\/kidsplay.lt\/lv\/products\/lavinanciu-zaislu-dezute-nuo-36-men-2\/","og_site_name":"KidsPlay","article_publisher":"https:\/\/www.facebook.com\/www.kidsplay.lt","article_modified_time":"2026-04-20T05:25:31+00:00","og_image":[{"width":2560,"height":2049,"url":"https:\/\/kidsplay.lt\/wp-content\/uploads\/2024\/10\/Lavinanciu-zaislu-dezute-nuo-36-men.jpg","type":"image\/jpeg"}],"twitter_card":"summary_large_image","twitter_misc":{"Est. reading time":"2 min\u016btes"},"schema":{"@context":"https:\/\/schema.org","@graph":[{"@type":"WebPage","@id":"https:\/\/kidsplay.lt\/produktas\/lavinanciu-zaislu-dezute-nuo-36-men-2\/","url":"https:\/\/kidsplay.lt\/produktas\/lavinanciu-zaislu-dezute-nuo-36-men-2\/","name":"Izgl\u012btojo\u0161a rota\u013clietu kaste b\u0113rniem no 36 m\u0113ne\u0161u vecuma","isPartOf":{"@id":"https:\/\/kidsplay.lt\/#website"},"primaryImageOfPage":{"@id":"https:\/\/kidsplay.lt\/produktas\/lavinanciu-zaislu-dezute-nuo-36-men-2\/#primaryimage"},"image":{"@id":"https:\/\/kidsplay.lt\/produktas\/lavinanciu-zaislu-dezute-nuo-36-men-2\/#primaryimage"},"thumbnailUrl":"https:\/\/kidsplay.lt\/wp-content\/uploads\/2024\/10\/Lavinanciu-zaislu-dezute-nuo-36-men.jpg","datePublished":"2025-10-02T10:34:27+00:00","dateModified":"2026-04-20T05:25:31+00:00","description":"Izgl\u012btojo\u0161a rota\u013clietu kaste b\u0113rniem no 36 m\u0113ne\u0161u vecuma","breadcrumb":{"@id":"https:\/\/kidsplay.lt\/produktas\/lavinanciu-zaislu-dezute-nuo-36-men-2\/#breadcrumb"},"inLanguage":"lv-LV","potentialAction":[{"@type":"ReadAction","target":["https:\/\/kidsplay.lt\/produktas\/lavinanciu-zaislu-dezute-nuo-36-men-2\/"]}]},{"@type":"ImageObject","inLanguage":"lv-LV","@id":"https:\/\/kidsplay.lt\/produktas\/lavinanciu-zaislu-dezute-nuo-36-men-2\/#primaryimage","url":"https:\/\/kidsplay.lt\/wp-content\/uploads\/2024\/10\/Lavinanciu-zaislu-dezute-nuo-36-men.jpg","contentUrl":"https:\/\/kidsplay.lt\/wp-content\/uploads\/2024\/10\/Lavinanciu-zaislu-dezute-nuo-36-men.jpg","width":2560,"height":2049,"caption":"Lavinan\u010di\u0173 \u017eaisl\u0173 d\u0117\u017eut\u0117 nuo 36 m\u0117n"},{"@type":"BreadcrumbList","@id":"https:\/\/kidsplay.lt\/produktas\/lavinanciu-zaislu-dezute-nuo-36-men-2\/#breadcrumb","itemListElement":[{"@type":"ListItem","position":1,"name":"Pagrindinis","item":"https:\/\/kidsplay.lt\/"},{"@type":"ListItem","position":2,"name":"Parduotuv\u0117","item":"https:\/\/kidsplay.lt\/parduotuve\/"},{"@type":"ListItem","position":3,"name":"Lavinan\u010di\u0173 \u017eaisl\u0173 d\u0117\u017eut\u0117 nuo 36 m\u0117n"}]},{"@type":"WebSite","@id":"https:\/\/kidsplay.lt\/#website","url":"https:\/\/kidsplay.lt\/","name":"B\u0113rnu sp\u0113les.lv","description":"\u012evairios prek\u0117s vaikams","publisher":{"@id":"https:\/\/kidsplay.lt\/#organization"},"alternateName":"Kidsplay","potentialAction":[{"@type":"SearchAction","target":{"@type":"EntryPoint","urlTemplate":"https:\/\/kidsplay.lt\/?s={search_term_string}"},"query-input":{"@type":"PropertyValueSpecification","valueRequired":true,"valueName":"search_term_string"}}],"inLanguage":"lv-LV"},{"@type":"Organization","@id":"https:\/\/kidsplay.lt\/#organization","name":"B\u0113rnu sp\u0113le","url":"https:\/\/kidsplay.lt\/","logo":{"@type":"ImageObject","inLanguage":"lv-LV","@id":"https:\/\/kidsplay.lt\/#\/schema\/logo\/image\/","url":"https:\/\/kidsplay.lt\/wp-content\/uploads\/2023\/07\/kidsplay-logo.png","contentUrl":"https:\/\/kidsplay.lt\/wp-content\/uploads\/2023\/07\/kidsplay-logo.png","width":451,"height":98,"caption":"KidsPlay"},"image":{"@id":"https:\/\/kidsplay.lt\/#\/schema\/logo\/image\/"},"sameAs":["https:\/\/www.facebook.com\/www.kidsplay.lt"]}]}},"_links":{"self":[{"href":"https:\/\/kidsplay.lt\/lv\/wp-json\/wp\/v2\/product\/69848","targetHints":{"allow":["GET"]}}],"collection":[{"href":"https:\/\/kidsplay.lt\/lv\/wp-json\/wp\/v2\/product"}],"about":[{"href":"https:\/\/kidsplay.lt\/lv\/wp-json\/wp\/v2\/types\/product"}],"version-history":[{"count":3,"href":"https:\/\/kidsplay.lt\/lv\/wp-json\/wp\/v2\/product\/69848\/revisions"}],"predecessor-version":[{"id":80797,"href":"https:\/\/kidsplay.lt\/lv\/wp-json\/wp\/v2\/product\/69848\/revisions\/80797"}],"wp:featuredmedia":[{"embeddable":true,"href":"https:\/\/kidsplay.lt\/lv\/wp-json\/wp\/v2\/media\/57619"}],"wp:attachment":[{"href":"https:\/\/kidsplay.lt\/lv\/wp-json\/wp\/v2\/media?parent=69848"}],"wp:term":[{"taxonomy":"product_brand","embeddable":true,"href":"https:\/\/kidsplay.lt\/lv\/wp-json\/wp\/v2\/product_brand?post=69848"},{"taxonomy":"product_cat","embeddable":true,"href":"https:\/\/kidsplay.lt\/lv\/wp-json\/wp\/v2\/product_cat?post=69848"},{"taxonomy":"product_tag","embeddable":true,"href":"https:\/\/kidsplay.lt\/lv\/wp-json\/wp\/v2\/product_tag?post=69848"}],"curies":[{"name":"wp","href":"https:\/\/api.w.org\/{rel}","templated":true}]}}