{"id":69856,"date":"2025-10-02T13:34:43","date_gmt":"2025-10-02T10:34:43","guid":{"rendered":"https:\/\/kidsplay.lt\/produktas\/lavinanciu-zaislu-dezute-nuo-gimimo-iki-6-men\/"},"modified":"2026-04-13T14:56:29","modified_gmt":"2026-04-13T11:56:29","slug":"lavinanciu-zaislu-dezute-nuo-gimimo-iki-6-men","status":"publish","type":"product","link":"https:\/\/kidsplay.lt\/lv\/products\/lavinanciu-zaislu-dezute-nuo-gimimo-iki-6-men\/","title":{"rendered":"Izgl\u012btojo\u0161a rota\u013clietu kaste no dzim\u0161anas l\u012bdz 6 m\u0113ne\u0161iem"},"content":{"rendered":"<p>Grow-with-Me Box (0-6M)\u00a0yra sensorinis rinkinys, sukurtas specialiai k\u016bdikiams, kad palaikyt\u0173 j\u0173 vystym\u0105si nuo pirm\u0173j\u0173 gyvenimo dien\u0173. D\u0117\u017eut\u0117je rasite \u017eaisl\u0173, kurie skatina reg\u0117jim\u0105, klaus\u0105 ir lyt\u0117jim\u0105, padeda lavinti koordinacij\u0105 ir motorik\u0105. Kiekvienas elementas pagamintas i\u0161 auk\u0161\u010diausios kokyb\u0117s med\u017eiag\u0173, \u012fskaitant FSC sertifikuot\u0105 medien\u0105, kuri garantuoja saugum\u0105 ir ilgaam\u017ei\u0161kum\u0105. Tai idealus sprendimas t\u0117vams, ie\u0161kantiems visapusi\u0161kos paramos savo vaikui vystymuisi.<\/p>\n<p>B\u016bdingas<\/p>\n<p>0-6 m\u0117nesi\u0173 vaik\u0173 poreikiams pritaikytas rinkinys<br \/>\n\u017eaislai, pagaminti i\u0161 saugios FSC medienos ir aplinkai nekenksming\u0173 med\u017eiag\u0173<br \/>\nidealiai tinka poj\u016b\u010diams stimuliuoti: regai, klausai ir lyt\u0117jimui<br \/>\npatogi pakuot\u0117, puikiai tinka saugojimui ir dovanai<br \/>\nrinkinys paruo\u0161tas naudoti, taupant t\u0117v\u0173 laik\u0105<\/p>\n<p>Komplekt\u0101 ietilpst:<\/p>\n<p>kontrastin\u0117s kortel\u0117s\u00a0naujagimi\u0173 reg\u0117jimui stimuliuoti<br \/>\nmedinis veidrodis\u00a0sav\u0119s pa\u017einimui ir savo atspind\u017eio suvokimo ugdymui<br \/>\nriedantis bar\u0161kutis\u00a0, stiprinantis raumenis ir motorin\u0119 koordinacij\u0105<br \/>\nperk\u0117limo diskas,\u00a0padedantis mokytis perkelti objektus i\u0161 rank\u0173 \u012f rankas<br \/>\ndvigubas marakas\u00a0ritmui ir koncentracijai lavinti<br \/>\nsensorini\u0173 kamuoliuk\u0173 rinkinys\u00a0prisilietimui stimuliuoti ir sugriebimo pratimams<\/p>\n<p>\u017daislas vystosi<\/p>\n<p>stambiosios motorikos \u012fg\u016bd\u017eius<br \/>\nrank\u0173 ir aki\u0173 koordinacija<br \/>\nvizualinis suvokimas<br \/>\nsav\u0119s pa\u017einimas<\/p>","protected":false},"excerpt":{"rendered":"<p>Izgl\u012btojo\u0161a rota\u013clietu kaste no dzim\u0161anas l\u012bdz 6 m\u0113ne\u0161iem<\/p>","protected":false},"featured_media":57624,"template":"","meta":{"_acf_changed":false,"_glsr_average":0,"_glsr_ranking":0,"_glsr_reviews":0},"product_brand":[],"product_cat":[265,366,365,72,396,229,800],"product_tag":[],"class_list":{"0":"post-69856","1":"product","2":"type-product","3":"status-publish","4":"has-post-thumbnail","6":"product_cat-dovanu-idejos","7":"product_cat-dovanu-idejos-berniukams","8":"product_cat-dovanu-idejos-mergaitems","9":"product_cat-ispardavimas","10":"product_cat-kudikiu-zaislai-vaikams2","11":"product_cat-zaislai-vaikams","12":"product_cat-zaislu-komplektai","13":"\"style=\"background-color: #2ecc711c;\"","15":"first","16":"instock","17":"sale","18":"purchasable","19":"product-type-simple"},"acf":[],"yoast_head":"<!-- This site is optimized with the Yoast SEO plugin v27.3 - https:\/\/yoast.com\/product\/yoast-seo-wordpress\/ -->\n<title>Lavinan\u010di\u0173 \u017eaisl\u0173 d\u0117\u017eut\u0117 nuo gimimo iki 6 m\u0117n<\/title>\n<meta name=\"description\" content=\"Lavinan\u010di\u0173 \u017eaisl\u0173 d\u0117\u017eut\u0117 nuo gimimo iki 6 m\u0117n\" \/>\n<meta name=\"robots\" content=\"index, follow, max-snippet:-1, max-image-preview:large, max-video-preview:-1\" \/>\n<link rel=\"canonical\" href=\"https:\/\/kidsplay.lt\/lv\/products\/lavinanciu-zaislu-dezute-nuo-gimimo-iki-6-men\/\" \/>\n<meta property=\"og:locale\" content=\"lv_LV\" \/>\n<meta property=\"og:type\" content=\"article\" \/>\n<meta property=\"og:title\" content=\"Lavinan\u010di\u0173 \u017eaisl\u0173 d\u0117\u017eut\u0117 nuo gimimo iki 6 m\u0117n\" \/>\n<meta property=\"og:description\" content=\"Lavinan\u010di\u0173 \u017eaisl\u0173 d\u0117\u017eut\u0117 nuo gimimo iki 6 m\u0117n\" \/>\n<meta property=\"og:url\" content=\"https:\/\/kidsplay.lt\/lv\/products\/lavinanciu-zaislu-dezute-nuo-gimimo-iki-6-men\/\" \/>\n<meta property=\"og:site_name\" content=\"KidsPlay\" \/>\n<meta property=\"article:publisher\" content=\"https:\/\/www.facebook.com\/www.kidsplay.lt\" \/>\n<meta property=\"article:modified_time\" content=\"2026-04-13T11:56:29+00:00\" \/>\n<meta property=\"og:image\" content=\"https:\/\/kidsplay.lt\/wp-content\/uploads\/2024\/10\/Lavinanciu-zaislu-dezute-nuo-gimimo-iki-6-men.jpg\" \/>\n\t<meta property=\"og:image:width\" content=\"2560\" \/>\n\t<meta property=\"og:image:height\" content=\"1706\" \/>\n\t<meta property=\"og:image:type\" content=\"image\/jpeg\" \/>\n<meta name=\"twitter:card\" content=\"summary_large_image\" \/>\n<meta name=\"twitter:label1\" content=\"Est. reading time\" \/>\n\t<meta name=\"twitter:data1\" content=\"2 min\u016btes\" \/>\n<script type=\"application\/ld+json\" class=\"yoast-schema-graph\">{\"@context\":\"https:\\\/\\\/schema.org\",\"@graph\":[{\"@type\":\"WebPage\",\"@id\":\"https:\\\/\\\/kidsplay.lt\\\/produktas\\\/lavinanciu-zaislu-dezute-nuo-gimimo-iki-6-men\\\/\",\"url\":\"https:\\\/\\\/kidsplay.lt\\\/produktas\\\/lavinanciu-zaislu-dezute-nuo-gimimo-iki-6-men\\\/\",\"name\":\"Lavinan\u010di\u0173 \u017eaisl\u0173 d\u0117\u017eut\u0117 nuo gimimo iki 6 m\u0117n\",\"isPartOf\":{\"@id\":\"https:\\\/\\\/kidsplay.lt\\\/#website\"},\"primaryImageOfPage\":{\"@id\":\"https:\\\/\\\/kidsplay.lt\\\/produktas\\\/lavinanciu-zaislu-dezute-nuo-gimimo-iki-6-men\\\/#primaryimage\"},\"image\":{\"@id\":\"https:\\\/\\\/kidsplay.lt\\\/produktas\\\/lavinanciu-zaislu-dezute-nuo-gimimo-iki-6-men\\\/#primaryimage\"},\"thumbnailUrl\":\"https:\\\/\\\/kidsplay.lt\\\/wp-content\\\/uploads\\\/2024\\\/10\\\/Lavinanciu-zaislu-dezute-nuo-gimimo-iki-6-men.jpg\",\"datePublished\":\"2025-10-02T10:34:43+00:00\",\"dateModified\":\"2026-04-13T11:56:29+00:00\",\"description\":\"Lavinan\u010di\u0173 \u017eaisl\u0173 d\u0117\u017eut\u0117 nuo gimimo iki 6 m\u0117n\",\"breadcrumb\":{\"@id\":\"https:\\\/\\\/kidsplay.lt\\\/produktas\\\/lavinanciu-zaislu-dezute-nuo-gimimo-iki-6-men\\\/#breadcrumb\"},\"inLanguage\":\"lv-LV\",\"potentialAction\":[{\"@type\":\"ReadAction\",\"target\":[\"https:\\\/\\\/kidsplay.lt\\\/produktas\\\/lavinanciu-zaislu-dezute-nuo-gimimo-iki-6-men\\\/\"]}]},{\"@type\":\"ImageObject\",\"inLanguage\":\"lv-LV\",\"@id\":\"https:\\\/\\\/kidsplay.lt\\\/produktas\\\/lavinanciu-zaislu-dezute-nuo-gimimo-iki-6-men\\\/#primaryimage\",\"url\":\"https:\\\/\\\/kidsplay.lt\\\/wp-content\\\/uploads\\\/2024\\\/10\\\/Lavinanciu-zaislu-dezute-nuo-gimimo-iki-6-men.jpg\",\"contentUrl\":\"https:\\\/\\\/kidsplay.lt\\\/wp-content\\\/uploads\\\/2024\\\/10\\\/Lavinanciu-zaislu-dezute-nuo-gimimo-iki-6-men.jpg\",\"width\":2560,\"height\":1706,\"caption\":\"Lavinan\u010di\u0173 \u017eaisl\u0173 d\u0117\u017eut\u0117 nuo 6 m\u0117nesi\u0173 iki 12 m\u0117nesi\u0173\"},{\"@type\":\"BreadcrumbList\",\"@id\":\"https:\\\/\\\/kidsplay.lt\\\/produktas\\\/lavinanciu-zaislu-dezute-nuo-gimimo-iki-6-men\\\/#breadcrumb\",\"itemListElement\":[{\"@type\":\"ListItem\",\"position\":1,\"name\":\"Pagrindinis\",\"item\":\"https:\\\/\\\/kidsplay.lt\\\/\"},{\"@type\":\"ListItem\",\"position\":2,\"name\":\"Parduotuv\u0117\",\"item\":\"https:\\\/\\\/kidsplay.lt\\\/parduotuve\\\/\"},{\"@type\":\"ListItem\",\"position\":3,\"name\":\"Lavinan\u010di\u0173 \u017eaisl\u0173 d\u0117\u017eut\u0117 nuo gimimo iki 6 m\u0117n\"}]},{\"@type\":\"WebSite\",\"@id\":\"https:\\\/\\\/kidsplay.lt\\\/#website\",\"url\":\"https:\\\/\\\/kidsplay.lt\\\/\",\"name\":\"Kidsplay.lt\",\"description\":\"\u012evairios prek\u0117s vaikams\",\"publisher\":{\"@id\":\"https:\\\/\\\/kidsplay.lt\\\/#organization\"},\"alternateName\":\"Kidsplay\",\"potentialAction\":[{\"@type\":\"SearchAction\",\"target\":{\"@type\":\"EntryPoint\",\"urlTemplate\":\"https:\\\/\\\/kidsplay.lt\\\/?s={search_term_string}\"},\"query-input\":{\"@type\":\"PropertyValueSpecification\",\"valueRequired\":true,\"valueName\":\"search_term_string\"}}],\"inLanguage\":\"lv-LV\"},{\"@type\":\"Organization\",\"@id\":\"https:\\\/\\\/kidsplay.lt\\\/#organization\",\"name\":\"KidsPlay\",\"url\":\"https:\\\/\\\/kidsplay.lt\\\/\",\"logo\":{\"@type\":\"ImageObject\",\"inLanguage\":\"lv-LV\",\"@id\":\"https:\\\/\\\/kidsplay.lt\\\/#\\\/schema\\\/logo\\\/image\\\/\",\"url\":\"https:\\\/\\\/kidsplay.lt\\\/wp-content\\\/uploads\\\/2023\\\/07\\\/kidsplay-logo.png\",\"contentUrl\":\"https:\\\/\\\/kidsplay.lt\\\/wp-content\\\/uploads\\\/2023\\\/07\\\/kidsplay-logo.png\",\"width\":451,\"height\":98,\"caption\":\"KidsPlay\"},\"image\":{\"@id\":\"https:\\\/\\\/kidsplay.lt\\\/#\\\/schema\\\/logo\\\/image\\\/\"},\"sameAs\":[\"https:\\\/\\\/www.facebook.com\\\/www.kidsplay.lt\"]}]}<\/script>\n<!-- \/ Yoast SEO plugin. -->","yoast_head_json":{"title":"Izgl\u012btojo\u0161a rota\u013clietu kaste no dzim\u0161anas l\u012bdz 6 m\u0113ne\u0161iem","description":"Izgl\u012btojo\u0161a rota\u013clietu kaste no dzim\u0161anas l\u012bdz 6 m\u0113ne\u0161iem","robots":{"index":"index","follow":"follow","max-snippet":"max-snippet:-1","max-image-preview":"max-image-preview:large","max-video-preview":"max-video-preview:-1"},"canonical":"https:\/\/kidsplay.lt\/lv\/products\/lavinanciu-zaislu-dezute-nuo-gimimo-iki-6-men\/","og_locale":"lv_LV","og_type":"article","og_title":"Lavinan\u010di\u0173 \u017eaisl\u0173 d\u0117\u017eut\u0117 nuo gimimo iki 6 m\u0117n","og_description":"Lavinan\u010di\u0173 \u017eaisl\u0173 d\u0117\u017eut\u0117 nuo gimimo iki 6 m\u0117n","og_url":"https:\/\/kidsplay.lt\/lv\/products\/lavinanciu-zaislu-dezute-nuo-gimimo-iki-6-men\/","og_site_name":"KidsPlay","article_publisher":"https:\/\/www.facebook.com\/www.kidsplay.lt","article_modified_time":"2026-04-13T11:56:29+00:00","og_image":[{"width":2560,"height":1706,"url":"https:\/\/kidsplay.lt\/wp-content\/uploads\/2024\/10\/Lavinanciu-zaislu-dezute-nuo-gimimo-iki-6-men.jpg","type":"image\/jpeg"}],"twitter_card":"summary_large_image","twitter_misc":{"Est. reading time":"2 min\u016btes"},"schema":{"@context":"https:\/\/schema.org","@graph":[{"@type":"WebPage","@id":"https:\/\/kidsplay.lt\/produktas\/lavinanciu-zaislu-dezute-nuo-gimimo-iki-6-men\/","url":"https:\/\/kidsplay.lt\/produktas\/lavinanciu-zaislu-dezute-nuo-gimimo-iki-6-men\/","name":"Izgl\u012btojo\u0161a rota\u013clietu kaste no dzim\u0161anas l\u012bdz 6 m\u0113ne\u0161iem","isPartOf":{"@id":"https:\/\/kidsplay.lt\/#website"},"primaryImageOfPage":{"@id":"https:\/\/kidsplay.lt\/produktas\/lavinanciu-zaislu-dezute-nuo-gimimo-iki-6-men\/#primaryimage"},"image":{"@id":"https:\/\/kidsplay.lt\/produktas\/lavinanciu-zaislu-dezute-nuo-gimimo-iki-6-men\/#primaryimage"},"thumbnailUrl":"https:\/\/kidsplay.lt\/wp-content\/uploads\/2024\/10\/Lavinanciu-zaislu-dezute-nuo-gimimo-iki-6-men.jpg","datePublished":"2025-10-02T10:34:43+00:00","dateModified":"2026-04-13T11:56:29+00:00","description":"Izgl\u012btojo\u0161a rota\u013clietu kaste no dzim\u0161anas l\u012bdz 6 m\u0113ne\u0161iem","breadcrumb":{"@id":"https:\/\/kidsplay.lt\/produktas\/lavinanciu-zaislu-dezute-nuo-gimimo-iki-6-men\/#breadcrumb"},"inLanguage":"lv-LV","potentialAction":[{"@type":"ReadAction","target":["https:\/\/kidsplay.lt\/produktas\/lavinanciu-zaislu-dezute-nuo-gimimo-iki-6-men\/"]}]},{"@type":"ImageObject","inLanguage":"lv-LV","@id":"https:\/\/kidsplay.lt\/produktas\/lavinanciu-zaislu-dezute-nuo-gimimo-iki-6-men\/#primaryimage","url":"https:\/\/kidsplay.lt\/wp-content\/uploads\/2024\/10\/Lavinanciu-zaislu-dezute-nuo-gimimo-iki-6-men.jpg","contentUrl":"https:\/\/kidsplay.lt\/wp-content\/uploads\/2024\/10\/Lavinanciu-zaislu-dezute-nuo-gimimo-iki-6-men.jpg","width":2560,"height":1706,"caption":"Lavinan\u010di\u0173 \u017eaisl\u0173 d\u0117\u017eut\u0117 nuo 6 m\u0117nesi\u0173 iki 12 m\u0117nesi\u0173"},{"@type":"BreadcrumbList","@id":"https:\/\/kidsplay.lt\/produktas\/lavinanciu-zaislu-dezute-nuo-gimimo-iki-6-men\/#breadcrumb","itemListElement":[{"@type":"ListItem","position":1,"name":"Pagrindinis","item":"https:\/\/kidsplay.lt\/"},{"@type":"ListItem","position":2,"name":"Parduotuv\u0117","item":"https:\/\/kidsplay.lt\/parduotuve\/"},{"@type":"ListItem","position":3,"name":"Lavinan\u010di\u0173 \u017eaisl\u0173 d\u0117\u017eut\u0117 nuo gimimo iki 6 m\u0117n"}]},{"@type":"WebSite","@id":"https:\/\/kidsplay.lt\/#website","url":"https:\/\/kidsplay.lt\/","name":"B\u0113rnu sp\u0113les.lv","description":"\u012evairios prek\u0117s vaikams","publisher":{"@id":"https:\/\/kidsplay.lt\/#organization"},"alternateName":"Kidsplay","potentialAction":[{"@type":"SearchAction","target":{"@type":"EntryPoint","urlTemplate":"https:\/\/kidsplay.lt\/?s={search_term_string}"},"query-input":{"@type":"PropertyValueSpecification","valueRequired":true,"valueName":"search_term_string"}}],"inLanguage":"lv-LV"},{"@type":"Organization","@id":"https:\/\/kidsplay.lt\/#organization","name":"B\u0113rnu sp\u0113le","url":"https:\/\/kidsplay.lt\/","logo":{"@type":"ImageObject","inLanguage":"lv-LV","@id":"https:\/\/kidsplay.lt\/#\/schema\/logo\/image\/","url":"https:\/\/kidsplay.lt\/wp-content\/uploads\/2023\/07\/kidsplay-logo.png","contentUrl":"https:\/\/kidsplay.lt\/wp-content\/uploads\/2023\/07\/kidsplay-logo.png","width":451,"height":98,"caption":"KidsPlay"},"image":{"@id":"https:\/\/kidsplay.lt\/#\/schema\/logo\/image\/"},"sameAs":["https:\/\/www.facebook.com\/www.kidsplay.lt"]}]}},"_links":{"self":[{"href":"https:\/\/kidsplay.lt\/lv\/wp-json\/wp\/v2\/product\/69856","targetHints":{"allow":["GET"]}}],"collection":[{"href":"https:\/\/kidsplay.lt\/lv\/wp-json\/wp\/v2\/product"}],"about":[{"href":"https:\/\/kidsplay.lt\/lv\/wp-json\/wp\/v2\/types\/product"}],"version-history":[{"count":3,"href":"https:\/\/kidsplay.lt\/lv\/wp-json\/wp\/v2\/product\/69856\/revisions"}],"predecessor-version":[{"id":80782,"href":"https:\/\/kidsplay.lt\/lv\/wp-json\/wp\/v2\/product\/69856\/revisions\/80782"}],"wp:featuredmedia":[{"embeddable":true,"href":"https:\/\/kidsplay.lt\/lv\/wp-json\/wp\/v2\/media\/57624"}],"wp:attachment":[{"href":"https:\/\/kidsplay.lt\/lv\/wp-json\/wp\/v2\/media?parent=69856"}],"wp:term":[{"taxonomy":"product_brand","embeddable":true,"href":"https:\/\/kidsplay.lt\/lv\/wp-json\/wp\/v2\/product_brand?post=69856"},{"taxonomy":"product_cat","embeddable":true,"href":"https:\/\/kidsplay.lt\/lv\/wp-json\/wp\/v2\/product_cat?post=69856"},{"taxonomy":"product_tag","embeddable":true,"href":"https:\/\/kidsplay.lt\/lv\/wp-json\/wp\/v2\/product_tag?post=69856"}],"curies":[{"name":"wp","href":"https:\/\/api.w.org\/{rel}","templated":true}]}}