{"id":69882,"date":"2025-10-02T13:35:47","date_gmt":"2025-10-02T10:35:47","guid":{"rendered":"https:\/\/kidsplay.lt\/produktas\/mokomoji-knyga-montessori-lagaminas-kaledinis-leidimas\/"},"modified":"2026-04-07T11:27:17","modified_gmt":"2026-04-07T08:27:17","slug":"mokomoji-knyga-montessori-lagaminas-kaledinis-leidimas","status":"publish","type":"product","link":"https:\/\/kidsplay.lt\/lv\/products\/mokomoji-knyga-montessori-lagaminas-kaledinis-leidimas\/","title":{"rendered":"Montessori kofera m\u0101c\u012bbu gr\u0101mata \u2013 Ziemassv\u0113tku izdevums"},"content":{"rendered":"<p>Supa\u017eindinkite savo vaik\u0105 su\u00a0\u017eaviu mokslo pasauliu su mokom\u0105j\u0105 Woopie prek\u0117s \u017eenklo knyga\u00a0. Jis buvo sukurtas specialiai patiems ma\u017eiausiems &#8211; ne\u012fprastas \u017eaislas, primenantis lagamin\u0105 su rankenomis, yra puikus\u00a0mokymosi proceso palydovas\u00a0, si\u016blantis a\u0161tuonis sluoksnius, pilnus \u012fvairios veiklos. Vaikai gali atrasti ir tobulinti savo \u012fg\u016bd\u017eius \u017eaisdami, mokydamiesi pagrindini\u0173 s\u0105vok\u0173, toki\u0173 kaip spalvos, skai\u010diai, formos ir ab\u0117c\u0117l\u0117. D\u0117l patogaus dizaino \u017eaisl\u0105 lengva ne\u0161iotis, tod\u0117l jis puikiai tinka kelion\u0117ms automobiliu, o laikas, praleistas kelyje, tampa dar malonesnis. Tai unikali dovana, kuri ne tik linksmina, bet ir moko bei\u00a0padeda tobul\u0117ti ma\u017eiesiems tyrin\u0117tojams\u00a0.<\/p>\n<p>Raksturojums:<\/p>\n<p>&#8211; \u017daislas tinka\u00a0\u012fvairaus am\u017eiaus vaikams<br \/>\n&#8211; 6 sluoksniai su skirtingomis veiklomis.\u00a0Kiekvienas sluoksnis si\u016blo unikalias veiklas, tokias kaip spalv\u0173, skai\u010di\u0173, ab\u0117c\u0117l\u0117s, geometrini\u0173 fig\u016br\u0173, laiko, savait\u0117s dien\u0173 mokymasis, taip pat istorijos ir tvirtinimo detal\u0117s.<br \/>\n&#8211; Nuimami Montessori sluoksniai.\u00a0Centriniai lentos sluoksniai lengvai atsegami d\u0117l u\u017etrauktuko, leid\u017eian\u010dio \u017eaisti su kiekvienu atskirai.<br \/>\n&#8211;\u00a0Visi elementai yra apra\u0161yti, tod\u0117l vaikai lengviau atpa\u017e\u012fsta spalvas, formas ir savait\u0117s dienas, palaiko j\u0173 savaranki\u0161kum\u0105 ir savaranki\u0161kum\u0105 mokantis.<br \/>\n&#8211;\u00a0\u017daislas tinka \u012fvairaus am\u017eiaus vaikams, si\u016blantis u\u017eduotis nuo paprasto spalv\u0173 atpa\u017einimo iki skai\u010diavimo, angl\u0173 kalbos mokymosi ir bat\u0173 rai\u0161teli\u0173 ri\u0161imo.<br \/>\n&#8211;\u00a0Pagaminta i\u0161 mink\u0161to veltinio, be smulki\u0173 dali\u0173 ar klij\u0173 p\u0117dsak\u0173, tod\u0117l tai yra saugus pasirinkimas ma\u017eiesiems.<br \/>\n&#8211; Prakti\u0161kas ir patogus dizainas.\u00a0D\u0117l lagamino formato su rankenomis ir Velcro u\u017esegimu \u017eaisl\u0105 lengva tvarkyti ir pasiimti su savimi \u012f kelion\u0119.<\/p>\n<p>Rota\u013clieta att\u012bst\u0101s:<\/p>\n<p>\u012eg\u016bd\u017ei\u0173 ir pa\u017eintini\u0173 geb\u0117jim\u0173 ugdymas<br \/>\nSmulkioji motorika<br \/>\nLoginis m\u0105stymas<br \/>\nSensorinis<br \/>\nRank\u0173 aki\u0173 koordinacija<\/p>","protected":false},"excerpt":{"rendered":"<p>Montessori kofera m\u0101c\u012bbu gr\u0101mata \u2013 Ziemassv\u0113tku izdevums<\/p>","protected":false},"featured_media":57723,"template":"","meta":{"_acf_changed":false,"_glsr_average":0,"_glsr_ranking":0,"_glsr_reviews":0},"product_brand":[],"product_cat":[388,72,229],"product_tag":[],"class_list":{"0":"post-69882","1":"product","2":"type-product","3":"status-publish","4":"has-post-thumbnail","6":"product_cat-edukaciniai-lavinamieji-zaislai","7":"product_cat-ispardavimas","8":"product_cat-zaislai-vaikams","9":"\"style=\"background-color: #2ecc711c;\"","11":"first","12":"instock","13":"sale","14":"purchasable","15":"product-type-simple"},"acf":[],"yoast_head":"<!-- This site is optimized with the Yoast SEO plugin v27.4 - https:\/\/yoast.com\/product\/yoast-seo-wordpress\/ -->\n<title>Mokomoji knyga Montessori lagaminas \u2013 Kal\u0117dinis leidimas<\/title>\n<meta name=\"description\" content=\"Mokomoji knyga Montessori lagaminas \u2013 Kal\u0117dinis leidimas\" \/>\n<meta name=\"robots\" content=\"index, follow, max-snippet:-1, max-image-preview:large, max-video-preview:-1\" \/>\n<link rel=\"canonical\" href=\"https:\/\/kidsplay.lt\/lv\/products\/mokomoji-knyga-montessori-lagaminas-kaledinis-leidimas\/\" \/>\n<meta property=\"og:locale\" content=\"lv_LV\" \/>\n<meta property=\"og:type\" content=\"article\" \/>\n<meta property=\"og:title\" content=\"Mokomoji knyga Montessori lagaminas \u2013 Kal\u0117dinis leidimas\" \/>\n<meta property=\"og:description\" content=\"Mokomoji knyga Montessori lagaminas \u2013 Kal\u0117dinis leidimas\" \/>\n<meta property=\"og:url\" content=\"https:\/\/kidsplay.lt\/lv\/products\/mokomoji-knyga-montessori-lagaminas-kaledinis-leidimas\/\" \/>\n<meta property=\"og:site_name\" content=\"KidsPlay\" \/>\n<meta property=\"article:publisher\" content=\"https:\/\/www.facebook.com\/www.kidsplay.lt\" \/>\n<meta property=\"article:modified_time\" content=\"2026-04-07T08:27:17+00:00\" \/>\n<meta property=\"og:image\" content=\"https:\/\/kidsplay.lt\/wp-content\/uploads\/2024\/10\/Mokomoji-knyga-Montessori-lagaminas-\u2013-Kaledinis-leidimas-800x800.jpg\" \/>\n\t<meta property=\"og:image:width\" content=\"800\" \/>\n\t<meta property=\"og:image:height\" content=\"800\" \/>\n\t<meta property=\"og:image:type\" content=\"image\/jpeg\" \/>\n<meta name=\"twitter:card\" content=\"summary_large_image\" \/>\n<meta name=\"twitter:label1\" content=\"Est. reading time\" \/>\n\t<meta name=\"twitter:data1\" content=\"2 min\u016btes\" \/>\n<script type=\"application\/ld+json\" class=\"yoast-schema-graph\">{\"@context\":\"https:\\\/\\\/schema.org\",\"@graph\":[{\"@type\":\"WebPage\",\"@id\":\"https:\\\/\\\/kidsplay.lt\\\/produktas\\\/mokomoji-knyga-montessori-lagaminas-kaledinis-leidimas\\\/\",\"url\":\"https:\\\/\\\/kidsplay.lt\\\/produktas\\\/mokomoji-knyga-montessori-lagaminas-kaledinis-leidimas\\\/\",\"name\":\"Mokomoji knyga Montessori lagaminas \u2013 Kal\u0117dinis leidimas\",\"isPartOf\":{\"@id\":\"https:\\\/\\\/kidsplay.lt\\\/#website\"},\"primaryImageOfPage\":{\"@id\":\"https:\\\/\\\/kidsplay.lt\\\/produktas\\\/mokomoji-knyga-montessori-lagaminas-kaledinis-leidimas\\\/#primaryimage\"},\"image\":{\"@id\":\"https:\\\/\\\/kidsplay.lt\\\/produktas\\\/mokomoji-knyga-montessori-lagaminas-kaledinis-leidimas\\\/#primaryimage\"},\"thumbnailUrl\":\"https:\\\/\\\/kidsplay.lt\\\/wp-content\\\/uploads\\\/2024\\\/10\\\/Mokomoji-knyga-Montessori-lagaminas-\u2013-Kaledinis-leidimas.jpg\",\"datePublished\":\"2025-10-02T10:35:47+00:00\",\"dateModified\":\"2026-04-07T08:27:17+00:00\",\"description\":\"Mokomoji knyga Montessori lagaminas \u2013 Kal\u0117dinis leidimas\",\"breadcrumb\":{\"@id\":\"https:\\\/\\\/kidsplay.lt\\\/produktas\\\/mokomoji-knyga-montessori-lagaminas-kaledinis-leidimas\\\/#breadcrumb\"},\"inLanguage\":\"lv-LV\",\"potentialAction\":[{\"@type\":\"ReadAction\",\"target\":[\"https:\\\/\\\/kidsplay.lt\\\/produktas\\\/mokomoji-knyga-montessori-lagaminas-kaledinis-leidimas\\\/\"]}]},{\"@type\":\"ImageObject\",\"inLanguage\":\"lv-LV\",\"@id\":\"https:\\\/\\\/kidsplay.lt\\\/produktas\\\/mokomoji-knyga-montessori-lagaminas-kaledinis-leidimas\\\/#primaryimage\",\"url\":\"https:\\\/\\\/kidsplay.lt\\\/wp-content\\\/uploads\\\/2024\\\/10\\\/Mokomoji-knyga-Montessori-lagaminas-\u2013-Kaledinis-leidimas.jpg\",\"contentUrl\":\"https:\\\/\\\/kidsplay.lt\\\/wp-content\\\/uploads\\\/2024\\\/10\\\/Mokomoji-knyga-Montessori-lagaminas-\u2013-Kaledinis-leidimas.jpg\",\"width\":2500,\"height\":2500,\"caption\":\"Mokomoji knyga Montessori lagaminas &#8211; Kal\u0117dinis leidimas\"},{\"@type\":\"BreadcrumbList\",\"@id\":\"https:\\\/\\\/kidsplay.lt\\\/produktas\\\/mokomoji-knyga-montessori-lagaminas-kaledinis-leidimas\\\/#breadcrumb\",\"itemListElement\":[{\"@type\":\"ListItem\",\"position\":1,\"name\":\"Pagrindinis\",\"item\":\"https:\\\/\\\/kidsplay.lt\\\/\"},{\"@type\":\"ListItem\",\"position\":2,\"name\":\"Parduotuv\u0117\",\"item\":\"https:\\\/\\\/kidsplay.lt\\\/parduotuve\\\/\"},{\"@type\":\"ListItem\",\"position\":3,\"name\":\"Mokomoji knyga Montessori lagaminas \u2013 Kal\u0117dinis leidimas\"}]},{\"@type\":\"WebSite\",\"@id\":\"https:\\\/\\\/kidsplay.lt\\\/#website\",\"url\":\"https:\\\/\\\/kidsplay.lt\\\/\",\"name\":\"Kidsplay.lt\",\"description\":\"\u012evairios prek\u0117s vaikams\",\"publisher\":{\"@id\":\"https:\\\/\\\/kidsplay.lt\\\/#organization\"},\"alternateName\":\"Kidsplay\",\"potentialAction\":[{\"@type\":\"SearchAction\",\"target\":{\"@type\":\"EntryPoint\",\"urlTemplate\":\"https:\\\/\\\/kidsplay.lt\\\/?s={search_term_string}\"},\"query-input\":{\"@type\":\"PropertyValueSpecification\",\"valueRequired\":true,\"valueName\":\"search_term_string\"}}],\"inLanguage\":\"lv-LV\"},{\"@type\":\"Organization\",\"@id\":\"https:\\\/\\\/kidsplay.lt\\\/#organization\",\"name\":\"KidsPlay\",\"url\":\"https:\\\/\\\/kidsplay.lt\\\/\",\"logo\":{\"@type\":\"ImageObject\",\"inLanguage\":\"lv-LV\",\"@id\":\"https:\\\/\\\/kidsplay.lt\\\/#\\\/schema\\\/logo\\\/image\\\/\",\"url\":\"https:\\\/\\\/kidsplay.lt\\\/wp-content\\\/uploads\\\/2023\\\/07\\\/kidsplay-logo.png\",\"contentUrl\":\"https:\\\/\\\/kidsplay.lt\\\/wp-content\\\/uploads\\\/2023\\\/07\\\/kidsplay-logo.png\",\"width\":451,\"height\":98,\"caption\":\"KidsPlay\"},\"image\":{\"@id\":\"https:\\\/\\\/kidsplay.lt\\\/#\\\/schema\\\/logo\\\/image\\\/\"},\"sameAs\":[\"https:\\\/\\\/www.facebook.com\\\/www.kidsplay.lt\"]}]}<\/script>\n<!-- \/ Yoast SEO plugin. -->","yoast_head_json":{"title":"Montessori kofera m\u0101c\u012bbu gr\u0101mata \u2013 Ziemassv\u0113tku izdevums","description":"Montessori kofera m\u0101c\u012bbu gr\u0101mata \u2013 Ziemassv\u0113tku izdevums","robots":{"index":"index","follow":"follow","max-snippet":"max-snippet:-1","max-image-preview":"max-image-preview:large","max-video-preview":"max-video-preview:-1"},"canonical":"https:\/\/kidsplay.lt\/lv\/products\/mokomoji-knyga-montessori-lagaminas-kaledinis-leidimas\/","og_locale":"lv_LV","og_type":"article","og_title":"Mokomoji knyga Montessori lagaminas \u2013 Kal\u0117dinis leidimas","og_description":"Mokomoji knyga Montessori lagaminas \u2013 Kal\u0117dinis leidimas","og_url":"https:\/\/kidsplay.lt\/lv\/products\/mokomoji-knyga-montessori-lagaminas-kaledinis-leidimas\/","og_site_name":"KidsPlay","article_publisher":"https:\/\/www.facebook.com\/www.kidsplay.lt","article_modified_time":"2026-04-07T08:27:17+00:00","og_image":[{"width":800,"height":800,"url":"https:\/\/kidsplay.lt\/wp-content\/uploads\/2024\/10\/Mokomoji-knyga-Montessori-lagaminas-\u2013-Kaledinis-leidimas-800x800.jpg","type":"image\/jpeg"}],"twitter_card":"summary_large_image","twitter_misc":{"Est. reading time":"2 min\u016btes"},"schema":{"@context":"https:\/\/schema.org","@graph":[{"@type":"WebPage","@id":"https:\/\/kidsplay.lt\/produktas\/mokomoji-knyga-montessori-lagaminas-kaledinis-leidimas\/","url":"https:\/\/kidsplay.lt\/produktas\/mokomoji-knyga-montessori-lagaminas-kaledinis-leidimas\/","name":"Montessori kofera m\u0101c\u012bbu gr\u0101mata \u2013 Ziemassv\u0113tku izdevums","isPartOf":{"@id":"https:\/\/kidsplay.lt\/#website"},"primaryImageOfPage":{"@id":"https:\/\/kidsplay.lt\/produktas\/mokomoji-knyga-montessori-lagaminas-kaledinis-leidimas\/#primaryimage"},"image":{"@id":"https:\/\/kidsplay.lt\/produktas\/mokomoji-knyga-montessori-lagaminas-kaledinis-leidimas\/#primaryimage"},"thumbnailUrl":"https:\/\/kidsplay.lt\/wp-content\/uploads\/2024\/10\/Mokomoji-knyga-Montessori-lagaminas-\u2013-Kaledinis-leidimas.jpg","datePublished":"2025-10-02T10:35:47+00:00","dateModified":"2026-04-07T08:27:17+00:00","description":"Montessori kofera m\u0101c\u012bbu gr\u0101mata \u2013 Ziemassv\u0113tku izdevums","breadcrumb":{"@id":"https:\/\/kidsplay.lt\/produktas\/mokomoji-knyga-montessori-lagaminas-kaledinis-leidimas\/#breadcrumb"},"inLanguage":"lv-LV","potentialAction":[{"@type":"ReadAction","target":["https:\/\/kidsplay.lt\/produktas\/mokomoji-knyga-montessori-lagaminas-kaledinis-leidimas\/"]}]},{"@type":"ImageObject","inLanguage":"lv-LV","@id":"https:\/\/kidsplay.lt\/produktas\/mokomoji-knyga-montessori-lagaminas-kaledinis-leidimas\/#primaryimage","url":"https:\/\/kidsplay.lt\/wp-content\/uploads\/2024\/10\/Mokomoji-knyga-Montessori-lagaminas-\u2013-Kaledinis-leidimas.jpg","contentUrl":"https:\/\/kidsplay.lt\/wp-content\/uploads\/2024\/10\/Mokomoji-knyga-Montessori-lagaminas-\u2013-Kaledinis-leidimas.jpg","width":2500,"height":2500,"caption":"Mokomoji knyga Montessori lagaminas &#8211; Kal\u0117dinis leidimas"},{"@type":"BreadcrumbList","@id":"https:\/\/kidsplay.lt\/produktas\/mokomoji-knyga-montessori-lagaminas-kaledinis-leidimas\/#breadcrumb","itemListElement":[{"@type":"ListItem","position":1,"name":"Pagrindinis","item":"https:\/\/kidsplay.lt\/"},{"@type":"ListItem","position":2,"name":"Parduotuv\u0117","item":"https:\/\/kidsplay.lt\/parduotuve\/"},{"@type":"ListItem","position":3,"name":"Mokomoji knyga Montessori lagaminas \u2013 Kal\u0117dinis leidimas"}]},{"@type":"WebSite","@id":"https:\/\/kidsplay.lt\/#website","url":"https:\/\/kidsplay.lt\/","name":"B\u0113rnu sp\u0113les.lv","description":"\u012evairios prek\u0117s vaikams","publisher":{"@id":"https:\/\/kidsplay.lt\/#organization"},"alternateName":"Kidsplay","potentialAction":[{"@type":"SearchAction","target":{"@type":"EntryPoint","urlTemplate":"https:\/\/kidsplay.lt\/?s={search_term_string}"},"query-input":{"@type":"PropertyValueSpecification","valueRequired":true,"valueName":"search_term_string"}}],"inLanguage":"lv-LV"},{"@type":"Organization","@id":"https:\/\/kidsplay.lt\/#organization","name":"B\u0113rnu sp\u0113le","url":"https:\/\/kidsplay.lt\/","logo":{"@type":"ImageObject","inLanguage":"lv-LV","@id":"https:\/\/kidsplay.lt\/#\/schema\/logo\/image\/","url":"https:\/\/kidsplay.lt\/wp-content\/uploads\/2023\/07\/kidsplay-logo.png","contentUrl":"https:\/\/kidsplay.lt\/wp-content\/uploads\/2023\/07\/kidsplay-logo.png","width":451,"height":98,"caption":"KidsPlay"},"image":{"@id":"https:\/\/kidsplay.lt\/#\/schema\/logo\/image\/"},"sameAs":["https:\/\/www.facebook.com\/www.kidsplay.lt"]}]}},"_links":{"self":[{"href":"https:\/\/kidsplay.lt\/lv\/wp-json\/wp\/v2\/product\/69882","targetHints":{"allow":["GET"]}}],"collection":[{"href":"https:\/\/kidsplay.lt\/lv\/wp-json\/wp\/v2\/product"}],"about":[{"href":"https:\/\/kidsplay.lt\/lv\/wp-json\/wp\/v2\/types\/product"}],"version-history":[{"count":5,"href":"https:\/\/kidsplay.lt\/lv\/wp-json\/wp\/v2\/product\/69882\/revisions"}],"predecessor-version":[{"id":80673,"href":"https:\/\/kidsplay.lt\/lv\/wp-json\/wp\/v2\/product\/69882\/revisions\/80673"}],"wp:featuredmedia":[{"embeddable":true,"href":"https:\/\/kidsplay.lt\/lv\/wp-json\/wp\/v2\/media\/57723"}],"wp:attachment":[{"href":"https:\/\/kidsplay.lt\/lv\/wp-json\/wp\/v2\/media?parent=69882"}],"wp:term":[{"taxonomy":"product_brand","embeddable":true,"href":"https:\/\/kidsplay.lt\/lv\/wp-json\/wp\/v2\/product_brand?post=69882"},{"taxonomy":"product_cat","embeddable":true,"href":"https:\/\/kidsplay.lt\/lv\/wp-json\/wp\/v2\/product_cat?post=69882"},{"taxonomy":"product_tag","embeddable":true,"href":"https:\/\/kidsplay.lt\/lv\/wp-json\/wp\/v2\/product_tag?post=69882"}],"curies":[{"name":"wp","href":"https:\/\/api.w.org\/{rel}","templated":true}]}}