{"id":69886,"date":"2025-10-02T13:35:57","date_gmt":"2025-10-02T10:35:57","guid":{"rendered":"https:\/\/kidsplay.lt\/produktas\/woopie-balansines-kedes-arkadinis-zaidimas-deliones-3\/"},"modified":"2026-04-07T11:27:17","modified_gmt":"2026-04-07T08:27:17","slug":"woopie-balansines-kedes-arkadinis-zaidimas-deliones-3","status":"publish","type":"product","link":"https:\/\/kidsplay.lt\/lv\/products\/woopie-balansines-kedes-arkadinis-zaidimas-deliones-3\/","title":{"rendered":"WOOPIE l\u012bdzsvara kr\u0113sli, ark\u0101des sp\u0113le, puzles, 3+"},"content":{"rendered":"<p>\u201eWOOPIE\u00a0BALANCING CHAIRS\u201c\u00a0\u2013 tai fantasti\u0161kas arkadinis vakar\u0117li\u0173 \u017eaidimas vienam, dviem ar daugiau \u017eaid\u0117j\u0173, kuris \u012ftraukia tiek vaikus, tiek suaugusiuosius. Tai puiki alternatyva kort\u0173 bok\u0161to statymui ar populiariam \u017eaidimui \u201eRink\u0117jai\u201c, kuriame reikia rinkti pagaliukus i\u0161 atsitiktinai i\u0161m\u0117tytos kr\u016bvos\u00a0.\u00a0\u017daidimai yra puikus b\u016bdas\u00a0smagiai praleisti laik\u0105 su \u0161eima ir draugais.\u00a0Toki\u0173 \u017eaidim\u0173 d\u0117ka vaikai gali praleisti\u00a0daugiau laiko su t\u0117vais.<\/p>\n<p>Rakstur\u012bgs:<\/p>\n<p> \t&#8211;\u00a0\u017daislas skirtas nuo\u00a03 met\u0173\u00a0am\u017eiaus<br \/>\n \t&#8211; Teigiamas poveikis\u00a0loginiam m\u0105stymui\u00a0ir\u00a0susikaupimui<br \/>\n \t-\u017daidimas lavina sumanum\u0105, refleksus\u00a0ir prot\u0105<\/p>\n<p>Sp\u0113les noteikumi:<\/p>\n<p>\u017daidimo tikslas \u2013 pastatyti k\u0117d\u017ei\u0173 bok\u0161t\u0105. Galutinis tikslas \u2013 sukurti kuo auk\u0161tesn\u0119 k\u0117d\u017ei\u0173 kr\u016bv\u0105. \u017daid\u0117jai krauna k\u0117des vien\u0105 ant kitos, po vien\u0105. \u017daid\u0117jas, kurio d\u0117ka gauta konstrukcija sugri\u016bva, pralaimi. \u017daidimas visai n\u0117ra paprastas, nes k\u0117d\u017ei\u0173 formos neleid\u017eia pastatyti klasikin\u0117s, gerai \u017einomos piramid\u0117s.<\/p>\n<p>Komplekt\u0101 ietilpst:<\/p>\n<p> \t18 spalving\u0173 k\u0117d\u017ei\u0173<br \/>\n \tK\u0117d\u0117s yra skirting\u0173 form\u0173 ir iki 4 spalv\u0173 (m\u0117lynos, oran\u017ein\u0117s, \u017ealios ir raudonos).<\/p>","protected":false},"excerpt":{"rendered":"<p>WOOPIE l\u012bdzsvara kr\u0113sli, ark\u0101des sp\u0113le, puzles, 3+<\/p>","protected":false},"featured_media":67806,"template":"","meta":{"_acf_changed":false,"_glsr_average":0,"_glsr_ranking":0,"_glsr_reviews":0},"product_brand":[],"product_cat":[388,72,229],"product_tag":[],"class_list":{"0":"post-69886","1":"product","2":"type-product","3":"status-publish","4":"has-post-thumbnail","6":"product_cat-edukaciniai-lavinamieji-zaislai","7":"product_cat-ispardavimas","8":"product_cat-zaislai-vaikams","9":"\"style=\"background-color: #2ecc711c;\"","11":"first","12":"instock","13":"sale","14":"purchasable","15":"product-type-simple"},"acf":[],"yoast_head":"<!-- This site is optimized with the Yoast SEO plugin v27.4 - https:\/\/yoast.com\/product\/yoast-seo-wordpress\/ -->\n<title>WOOPIE balansin\u0117s k\u0117d\u0117s, arkadinis \u017eaidimas, d\u0117lion\u0117s, 3+<\/title>\n<meta name=\"description\" content=\"WOOPIE balansin\u0117s k\u0117d\u0117s, arkadinis \u017eaidimas, d\u0117lion\u0117s, 3+\" \/>\n<meta name=\"robots\" content=\"index, follow, max-snippet:-1, max-image-preview:large, max-video-preview:-1\" \/>\n<link rel=\"canonical\" href=\"https:\/\/kidsplay.lt\/lv\/products\/woopie-balansines-kedes-arkadinis-zaidimas-deliones-3\/\" \/>\n<meta property=\"og:locale\" content=\"lv_LV\" \/>\n<meta property=\"og:type\" content=\"article\" \/>\n<meta property=\"og:title\" content=\"WOOPIE balansin\u0117s k\u0117d\u0117s, arkadinis \u017eaidimas, d\u0117lion\u0117s, 3+\" \/>\n<meta property=\"og:description\" content=\"WOOPIE balansin\u0117s k\u0117d\u0117s, arkadinis \u017eaidimas, d\u0117lion\u0117s, 3+\" \/>\n<meta property=\"og:url\" content=\"https:\/\/kidsplay.lt\/lv\/products\/woopie-balansines-kedes-arkadinis-zaidimas-deliones-3\/\" \/>\n<meta property=\"og:site_name\" content=\"KidsPlay\" \/>\n<meta property=\"article:publisher\" content=\"https:\/\/www.facebook.com\/www.kidsplay.lt\" \/>\n<meta property=\"article:modified_time\" content=\"2026-04-07T08:27:17+00:00\" \/>\n<meta property=\"og:image\" content=\"https:\/\/kidsplay.lt\/wp-content\/uploads\/2025\/10\/WOOPIE-balansines-kedes-arkadinis-zaidimas-deliones-3.jpg\" \/>\n\t<meta property=\"og:image:width\" content=\"2560\" \/>\n\t<meta property=\"og:image:height\" content=\"2560\" \/>\n\t<meta property=\"og:image:type\" content=\"image\/jpeg\" \/>\n<meta name=\"twitter:card\" content=\"summary_large_image\" \/>\n<meta name=\"twitter:label1\" content=\"Est. reading time\" \/>\n\t<meta name=\"twitter:data1\" content=\"1 min\u016bte\" \/>\n<script type=\"application\/ld+json\" class=\"yoast-schema-graph\">{\"@context\":\"https:\\\/\\\/schema.org\",\"@graph\":[{\"@type\":\"WebPage\",\"@id\":\"https:\\\/\\\/kidsplay.lt\\\/produktas\\\/woopie-balansines-kedes-arkadinis-zaidimas-deliones-3\\\/\",\"url\":\"https:\\\/\\\/kidsplay.lt\\\/produktas\\\/woopie-balansines-kedes-arkadinis-zaidimas-deliones-3\\\/\",\"name\":\"WOOPIE balansin\u0117s k\u0117d\u0117s, arkadinis \u017eaidimas, d\u0117lion\u0117s, 3+\",\"isPartOf\":{\"@id\":\"https:\\\/\\\/kidsplay.lt\\\/#website\"},\"primaryImageOfPage\":{\"@id\":\"https:\\\/\\\/kidsplay.lt\\\/produktas\\\/woopie-balansines-kedes-arkadinis-zaidimas-deliones-3\\\/#primaryimage\"},\"image\":{\"@id\":\"https:\\\/\\\/kidsplay.lt\\\/produktas\\\/woopie-balansines-kedes-arkadinis-zaidimas-deliones-3\\\/#primaryimage\"},\"thumbnailUrl\":\"https:\\\/\\\/kidsplay.lt\\\/wp-content\\\/uploads\\\/2025\\\/10\\\/WOOPIE-balansines-kedes-arkadinis-zaidimas-deliones-3.jpg\",\"datePublished\":\"2025-10-02T10:35:57+00:00\",\"dateModified\":\"2026-04-07T08:27:17+00:00\",\"description\":\"WOOPIE balansin\u0117s k\u0117d\u0117s, arkadinis \u017eaidimas, d\u0117lion\u0117s, 3+\",\"breadcrumb\":{\"@id\":\"https:\\\/\\\/kidsplay.lt\\\/produktas\\\/woopie-balansines-kedes-arkadinis-zaidimas-deliones-3\\\/#breadcrumb\"},\"inLanguage\":\"lv-LV\",\"potentialAction\":[{\"@type\":\"ReadAction\",\"target\":[\"https:\\\/\\\/kidsplay.lt\\\/produktas\\\/woopie-balansines-kedes-arkadinis-zaidimas-deliones-3\\\/\"]}]},{\"@type\":\"ImageObject\",\"inLanguage\":\"lv-LV\",\"@id\":\"https:\\\/\\\/kidsplay.lt\\\/produktas\\\/woopie-balansines-kedes-arkadinis-zaidimas-deliones-3\\\/#primaryimage\",\"url\":\"https:\\\/\\\/kidsplay.lt\\\/wp-content\\\/uploads\\\/2025\\\/10\\\/WOOPIE-balansines-kedes-arkadinis-zaidimas-deliones-3.jpg\",\"contentUrl\":\"https:\\\/\\\/kidsplay.lt\\\/wp-content\\\/uploads\\\/2025\\\/10\\\/WOOPIE-balansines-kedes-arkadinis-zaidimas-deliones-3.jpg\",\"width\":2560,\"height\":2560,\"caption\":\"WOOPIE balansin\u0117s k\u0117d\u0117s\"},{\"@type\":\"BreadcrumbList\",\"@id\":\"https:\\\/\\\/kidsplay.lt\\\/produktas\\\/woopie-balansines-kedes-arkadinis-zaidimas-deliones-3\\\/#breadcrumb\",\"itemListElement\":[{\"@type\":\"ListItem\",\"position\":1,\"name\":\"Pagrindinis\",\"item\":\"https:\\\/\\\/kidsplay.lt\\\/\"},{\"@type\":\"ListItem\",\"position\":2,\"name\":\"Parduotuv\u0117\",\"item\":\"https:\\\/\\\/kidsplay.lt\\\/parduotuve\\\/\"},{\"@type\":\"ListItem\",\"position\":3,\"name\":\"WOOPIE balansin\u0117s k\u0117d\u0117s, arkadinis \u017eaidimas, d\u0117lion\u0117s, 3+\"}]},{\"@type\":\"WebSite\",\"@id\":\"https:\\\/\\\/kidsplay.lt\\\/#website\",\"url\":\"https:\\\/\\\/kidsplay.lt\\\/\",\"name\":\"Kidsplay.lt\",\"description\":\"\u012evairios prek\u0117s vaikams\",\"publisher\":{\"@id\":\"https:\\\/\\\/kidsplay.lt\\\/#organization\"},\"alternateName\":\"Kidsplay\",\"potentialAction\":[{\"@type\":\"SearchAction\",\"target\":{\"@type\":\"EntryPoint\",\"urlTemplate\":\"https:\\\/\\\/kidsplay.lt\\\/?s={search_term_string}\"},\"query-input\":{\"@type\":\"PropertyValueSpecification\",\"valueRequired\":true,\"valueName\":\"search_term_string\"}}],\"inLanguage\":\"lv-LV\"},{\"@type\":\"Organization\",\"@id\":\"https:\\\/\\\/kidsplay.lt\\\/#organization\",\"name\":\"KidsPlay\",\"url\":\"https:\\\/\\\/kidsplay.lt\\\/\",\"logo\":{\"@type\":\"ImageObject\",\"inLanguage\":\"lv-LV\",\"@id\":\"https:\\\/\\\/kidsplay.lt\\\/#\\\/schema\\\/logo\\\/image\\\/\",\"url\":\"https:\\\/\\\/kidsplay.lt\\\/wp-content\\\/uploads\\\/2023\\\/07\\\/kidsplay-logo.png\",\"contentUrl\":\"https:\\\/\\\/kidsplay.lt\\\/wp-content\\\/uploads\\\/2023\\\/07\\\/kidsplay-logo.png\",\"width\":451,\"height\":98,\"caption\":\"KidsPlay\"},\"image\":{\"@id\":\"https:\\\/\\\/kidsplay.lt\\\/#\\\/schema\\\/logo\\\/image\\\/\"},\"sameAs\":[\"https:\\\/\\\/www.facebook.com\\\/www.kidsplay.lt\"]}]}<\/script>\n<!-- \/ Yoast SEO plugin. -->","yoast_head_json":{"title":"WOOPIE l\u012bdzsvara kr\u0113sli, ark\u0101des sp\u0113le, puzles, 3+","description":"WOOPIE l\u012bdzsvara kr\u0113sli, ark\u0101des sp\u0113le, puzles, 3+","robots":{"index":"index","follow":"follow","max-snippet":"max-snippet:-1","max-image-preview":"max-image-preview:large","max-video-preview":"max-video-preview:-1"},"canonical":"https:\/\/kidsplay.lt\/lv\/products\/woopie-balansines-kedes-arkadinis-zaidimas-deliones-3\/","og_locale":"lv_LV","og_type":"article","og_title":"WOOPIE balansin\u0117s k\u0117d\u0117s, arkadinis \u017eaidimas, d\u0117lion\u0117s, 3+","og_description":"WOOPIE balansin\u0117s k\u0117d\u0117s, arkadinis \u017eaidimas, d\u0117lion\u0117s, 3+","og_url":"https:\/\/kidsplay.lt\/lv\/products\/woopie-balansines-kedes-arkadinis-zaidimas-deliones-3\/","og_site_name":"KidsPlay","article_publisher":"https:\/\/www.facebook.com\/www.kidsplay.lt","article_modified_time":"2026-04-07T08:27:17+00:00","og_image":[{"width":2560,"height":2560,"url":"https:\/\/kidsplay.lt\/wp-content\/uploads\/2025\/10\/WOOPIE-balansines-kedes-arkadinis-zaidimas-deliones-3.jpg","type":"image\/jpeg"}],"twitter_card":"summary_large_image","twitter_misc":{"Est. reading time":"1 min\u016bte"},"schema":{"@context":"https:\/\/schema.org","@graph":[{"@type":"WebPage","@id":"https:\/\/kidsplay.lt\/produktas\/woopie-balansines-kedes-arkadinis-zaidimas-deliones-3\/","url":"https:\/\/kidsplay.lt\/produktas\/woopie-balansines-kedes-arkadinis-zaidimas-deliones-3\/","name":"WOOPIE l\u012bdzsvara kr\u0113sli, ark\u0101des sp\u0113le, puzles, 3+","isPartOf":{"@id":"https:\/\/kidsplay.lt\/#website"},"primaryImageOfPage":{"@id":"https:\/\/kidsplay.lt\/produktas\/woopie-balansines-kedes-arkadinis-zaidimas-deliones-3\/#primaryimage"},"image":{"@id":"https:\/\/kidsplay.lt\/produktas\/woopie-balansines-kedes-arkadinis-zaidimas-deliones-3\/#primaryimage"},"thumbnailUrl":"https:\/\/kidsplay.lt\/wp-content\/uploads\/2025\/10\/WOOPIE-balansines-kedes-arkadinis-zaidimas-deliones-3.jpg","datePublished":"2025-10-02T10:35:57+00:00","dateModified":"2026-04-07T08:27:17+00:00","description":"WOOPIE l\u012bdzsvara kr\u0113sli, ark\u0101des sp\u0113le, puzles, 3+","breadcrumb":{"@id":"https:\/\/kidsplay.lt\/produktas\/woopie-balansines-kedes-arkadinis-zaidimas-deliones-3\/#breadcrumb"},"inLanguage":"lv-LV","potentialAction":[{"@type":"ReadAction","target":["https:\/\/kidsplay.lt\/produktas\/woopie-balansines-kedes-arkadinis-zaidimas-deliones-3\/"]}]},{"@type":"ImageObject","inLanguage":"lv-LV","@id":"https:\/\/kidsplay.lt\/produktas\/woopie-balansines-kedes-arkadinis-zaidimas-deliones-3\/#primaryimage","url":"https:\/\/kidsplay.lt\/wp-content\/uploads\/2025\/10\/WOOPIE-balansines-kedes-arkadinis-zaidimas-deliones-3.jpg","contentUrl":"https:\/\/kidsplay.lt\/wp-content\/uploads\/2025\/10\/WOOPIE-balansines-kedes-arkadinis-zaidimas-deliones-3.jpg","width":2560,"height":2560,"caption":"WOOPIE balansin\u0117s k\u0117d\u0117s"},{"@type":"BreadcrumbList","@id":"https:\/\/kidsplay.lt\/produktas\/woopie-balansines-kedes-arkadinis-zaidimas-deliones-3\/#breadcrumb","itemListElement":[{"@type":"ListItem","position":1,"name":"Pagrindinis","item":"https:\/\/kidsplay.lt\/"},{"@type":"ListItem","position":2,"name":"Parduotuv\u0117","item":"https:\/\/kidsplay.lt\/parduotuve\/"},{"@type":"ListItem","position":3,"name":"WOOPIE balansin\u0117s k\u0117d\u0117s, arkadinis \u017eaidimas, d\u0117lion\u0117s, 3+"}]},{"@type":"WebSite","@id":"https:\/\/kidsplay.lt\/#website","url":"https:\/\/kidsplay.lt\/","name":"B\u0113rnu sp\u0113les.lv","description":"\u012evairios prek\u0117s vaikams","publisher":{"@id":"https:\/\/kidsplay.lt\/#organization"},"alternateName":"Kidsplay","potentialAction":[{"@type":"SearchAction","target":{"@type":"EntryPoint","urlTemplate":"https:\/\/kidsplay.lt\/?s={search_term_string}"},"query-input":{"@type":"PropertyValueSpecification","valueRequired":true,"valueName":"search_term_string"}}],"inLanguage":"lv-LV"},{"@type":"Organization","@id":"https:\/\/kidsplay.lt\/#organization","name":"B\u0113rnu sp\u0113le","url":"https:\/\/kidsplay.lt\/","logo":{"@type":"ImageObject","inLanguage":"lv-LV","@id":"https:\/\/kidsplay.lt\/#\/schema\/logo\/image\/","url":"https:\/\/kidsplay.lt\/wp-content\/uploads\/2023\/07\/kidsplay-logo.png","contentUrl":"https:\/\/kidsplay.lt\/wp-content\/uploads\/2023\/07\/kidsplay-logo.png","width":451,"height":98,"caption":"KidsPlay"},"image":{"@id":"https:\/\/kidsplay.lt\/#\/schema\/logo\/image\/"},"sameAs":["https:\/\/www.facebook.com\/www.kidsplay.lt"]}]}},"_links":{"self":[{"href":"https:\/\/kidsplay.lt\/lv\/wp-json\/wp\/v2\/product\/69886","targetHints":{"allow":["GET"]}}],"collection":[{"href":"https:\/\/kidsplay.lt\/lv\/wp-json\/wp\/v2\/product"}],"about":[{"href":"https:\/\/kidsplay.lt\/lv\/wp-json\/wp\/v2\/types\/product"}],"version-history":[{"count":2,"href":"https:\/\/kidsplay.lt\/lv\/wp-json\/wp\/v2\/product\/69886\/revisions"}],"predecessor-version":[{"id":73407,"href":"https:\/\/kidsplay.lt\/lv\/wp-json\/wp\/v2\/product\/69886\/revisions\/73407"}],"wp:featuredmedia":[{"embeddable":true,"href":"https:\/\/kidsplay.lt\/lv\/wp-json\/wp\/v2\/media\/67806"}],"wp:attachment":[{"href":"https:\/\/kidsplay.lt\/lv\/wp-json\/wp\/v2\/media?parent=69886"}],"wp:term":[{"taxonomy":"product_brand","embeddable":true,"href":"https:\/\/kidsplay.lt\/lv\/wp-json\/wp\/v2\/product_brand?post=69886"},{"taxonomy":"product_cat","embeddable":true,"href":"https:\/\/kidsplay.lt\/lv\/wp-json\/wp\/v2\/product_cat?post=69886"},{"taxonomy":"product_tag","embeddable":true,"href":"https:\/\/kidsplay.lt\/lv\/wp-json\/wp\/v2\/product_tag?post=69886"}],"curies":[{"name":"wp","href":"https:\/\/api.w.org\/{rel}","templated":true}]}}