{"id":69930,"date":"2025-10-02T13:37:40","date_gmt":"2025-10-02T10:37:40","guid":{"rendered":"https:\/\/kidsplay.lt\/produktas\/rc-valdoma-gaisrines-automobilis-2\/"},"modified":"2026-04-13T13:53:34","modified_gmt":"2026-04-13T10:53:34","slug":"rc-valdoma-gaisrines-automobilis-2","status":"publish","type":"product","link":"https:\/\/kidsplay.lt\/lv\/products\/rc-valdoma-gaisrines-automobilis-2\/","title":{"rendered":"RC vad\u0101ma ugunsdz\u0113s\u0113ju ma\u0161\u012bna"},"content":{"rendered":"<p>Nuotoliniu b\u016bdu valdomas WOOPIE prek\u0117s \u017eenklo gaisrinis automobilis\u00a0yra puikus \u017eaislas kiekvienam jaunam gaisrini\u0173 automobili\u0173 entuziastui\u00a0,\u00a0\u00a0svajojan\u010diam atlikti dr\u0105saus herojaus vaidmen\u012f. D\u0117l unikalaus dizaino ir\u00a0tikrovi\u0161k\u0173 funkcij\u0173\u00a0\u0161is \u017eaislas yra labai smagus \u017eaid\u017eiant, lavinant vaiko vaizduot\u0119. \u0160is \u017eaislas yra ne tik nesibaigian\u010di\u0173 linksmybi\u0173 \u0161altinis, bet ir puiki edukacin\u0117 priemon\u0117, pad\u0117sianti vaikams suprasti, kaip veikia gelb\u0117jimo ma\u0161inos ir kas yra ugniagesio darbas. D\u0117l vandens pylimo funkcijos linksmyb\u0117s tampa dar \u012fdomesn\u0117s ir \u012ftraukian\u010dios, tod\u0117l kiekvienas vaikas jau\u010diasi tikru ugniagesiu.<br \/>\nRaksturojums:<\/p>\n<p>&#8211;\u00a0\u017daislas nuo\u00a03 met\u0173<br \/>\n&#8211; Realios savyb\u0117s &#8211;\u00a0\u012frengti autenti\u0161ki \u0161viesos, garso ir vandens efektai, imituojantys sirenas, mirksin\u010dias \u0161viesas ir kitus b\u016bdingus ugniagesi\u0173 transporto priemoni\u0173 garsus<br \/>\n&#8211; Vandens pylimo funkcija \u2013\u00a0d\u0117l specialaus bako, \u012f kur\u012f galima pilti vanden\u012f, automobilis leid\u017eia \u201egesinti gaisrus\u201c paleid\u017eiant vandens srov\u0119, kas \u017eaidimui suteikia tikrovi\u0161kumo.<br \/>\n&#8211;\u00a0Komplekte yra nuotolinio valdymo pultas, leid\u017eiantis visi\u0161kai valdyti transporto priemon\u0119. Vaikas gali lengvai vairuoti automobil\u012f, \u012fjungti garso signalus ir \u012fjungti vandens i\u0161pylimo funkcij\u0105.<br \/>\nLengvas valdymas<br \/>\nPatvarumas ir saugumas<\/p>","protected":false},"excerpt":{"rendered":"<p>RC vad\u0101ma ugunsdz\u0113s\u0113ju ma\u0161\u012bna<\/p>","protected":false},"featured_media":55508,"template":"","meta":{"_acf_changed":false,"_glsr_average":0,"_glsr_ranking":0,"_glsr_reviews":0},"product_brand":[],"product_cat":[72,447,229],"product_tag":[],"class_list":{"0":"post-69930","1":"product","2":"type-product","3":"status-publish","4":"has-post-thumbnail","6":"product_cat-ispardavimas","7":"product_cat-rc-zaislai","8":"product_cat-zaislai-vaikams","9":"\"style=\"background-color: #2ecc711c;\"","11":"first","12":"instock","13":"sale","14":"purchasable","15":"product-type-simple"},"acf":[],"yoast_head":"<!-- This site is optimized with the Yoast SEO plugin v27.4 - https:\/\/yoast.com\/product\/yoast-seo-wordpress\/ -->\n<title>RC valdoma gaisrin\u0117s automobilis<\/title>\n<meta name=\"description\" content=\"RC valdoma gaisrin\u0117s automobilis\" \/>\n<meta name=\"robots\" content=\"index, follow, max-snippet:-1, max-image-preview:large, max-video-preview:-1\" \/>\n<link rel=\"canonical\" href=\"https:\/\/kidsplay.lt\/lv\/products\/rc-valdoma-gaisrines-automobilis-2\/\" \/>\n<meta property=\"og:locale\" content=\"lv_LV\" \/>\n<meta property=\"og:type\" content=\"article\" \/>\n<meta property=\"og:title\" content=\"RC valdoma gaisrin\u0117s automobilis\" \/>\n<meta property=\"og:description\" content=\"RC valdoma gaisrin\u0117s automobilis\" \/>\n<meta property=\"og:url\" content=\"https:\/\/kidsplay.lt\/lv\/products\/rc-valdoma-gaisrines-automobilis-2\/\" \/>\n<meta property=\"og:site_name\" content=\"KidsPlay\" \/>\n<meta property=\"article:publisher\" content=\"https:\/\/www.facebook.com\/www.kidsplay.lt\" \/>\n<meta property=\"article:modified_time\" content=\"2026-04-13T10:53:34+00:00\" \/>\n<meta property=\"og:image\" content=\"https:\/\/kidsplay.lt\/wp-content\/uploads\/2024\/09\/RC-valdoma-gaisrines-automobilis-800x800.jpg\" \/>\n\t<meta property=\"og:image:width\" content=\"800\" \/>\n\t<meta property=\"og:image:height\" content=\"800\" \/>\n\t<meta property=\"og:image:type\" content=\"image\/jpeg\" \/>\n<meta name=\"twitter:card\" content=\"summary_large_image\" \/>\n<meta name=\"twitter:label1\" content=\"Est. reading time\" \/>\n\t<meta name=\"twitter:data1\" content=\"2 min\u016btes\" \/>\n<script type=\"application\/ld+json\" class=\"yoast-schema-graph\">{\"@context\":\"https:\\\/\\\/schema.org\",\"@graph\":[{\"@type\":\"WebPage\",\"@id\":\"https:\\\/\\\/kidsplay.lt\\\/produktas\\\/rc-valdoma-gaisrines-automobilis-2\\\/\",\"url\":\"https:\\\/\\\/kidsplay.lt\\\/produktas\\\/rc-valdoma-gaisrines-automobilis-2\\\/\",\"name\":\"RC valdoma gaisrin\u0117s automobilis\",\"isPartOf\":{\"@id\":\"https:\\\/\\\/kidsplay.lt\\\/#website\"},\"primaryImageOfPage\":{\"@id\":\"https:\\\/\\\/kidsplay.lt\\\/produktas\\\/rc-valdoma-gaisrines-automobilis-2\\\/#primaryimage\"},\"image\":{\"@id\":\"https:\\\/\\\/kidsplay.lt\\\/produktas\\\/rc-valdoma-gaisrines-automobilis-2\\\/#primaryimage\"},\"thumbnailUrl\":\"https:\\\/\\\/kidsplay.lt\\\/wp-content\\\/uploads\\\/2024\\\/09\\\/RC-valdoma-gaisrines-automobilis.jpg\",\"datePublished\":\"2025-10-02T10:37:40+00:00\",\"dateModified\":\"2026-04-13T10:53:34+00:00\",\"description\":\"RC valdoma gaisrin\u0117s automobilis\",\"breadcrumb\":{\"@id\":\"https:\\\/\\\/kidsplay.lt\\\/produktas\\\/rc-valdoma-gaisrines-automobilis-2\\\/#breadcrumb\"},\"inLanguage\":\"lv-LV\",\"potentialAction\":[{\"@type\":\"ReadAction\",\"target\":[\"https:\\\/\\\/kidsplay.lt\\\/produktas\\\/rc-valdoma-gaisrines-automobilis-2\\\/\"]}]},{\"@type\":\"ImageObject\",\"inLanguage\":\"lv-LV\",\"@id\":\"https:\\\/\\\/kidsplay.lt\\\/produktas\\\/rc-valdoma-gaisrines-automobilis-2\\\/#primaryimage\",\"url\":\"https:\\\/\\\/kidsplay.lt\\\/wp-content\\\/uploads\\\/2024\\\/09\\\/RC-valdoma-gaisrines-automobilis.jpg\",\"contentUrl\":\"https:\\\/\\\/kidsplay.lt\\\/wp-content\\\/uploads\\\/2024\\\/09\\\/RC-valdoma-gaisrines-automobilis.jpg\",\"width\":2560,\"height\":2560,\"caption\":\"RC valdoma gaisrin\u0117s automobilis\"},{\"@type\":\"BreadcrumbList\",\"@id\":\"https:\\\/\\\/kidsplay.lt\\\/produktas\\\/rc-valdoma-gaisrines-automobilis-2\\\/#breadcrumb\",\"itemListElement\":[{\"@type\":\"ListItem\",\"position\":1,\"name\":\"Pagrindinis\",\"item\":\"https:\\\/\\\/kidsplay.lt\\\/\"},{\"@type\":\"ListItem\",\"position\":2,\"name\":\"Parduotuv\u0117\",\"item\":\"https:\\\/\\\/kidsplay.lt\\\/parduotuve\\\/\"},{\"@type\":\"ListItem\",\"position\":3,\"name\":\"RC valdoma gaisrin\u0117s automobilis\"}]},{\"@type\":\"WebSite\",\"@id\":\"https:\\\/\\\/kidsplay.lt\\\/#website\",\"url\":\"https:\\\/\\\/kidsplay.lt\\\/\",\"name\":\"Kidsplay.lt\",\"description\":\"\u012evairios prek\u0117s vaikams\",\"publisher\":{\"@id\":\"https:\\\/\\\/kidsplay.lt\\\/#organization\"},\"alternateName\":\"Kidsplay\",\"potentialAction\":[{\"@type\":\"SearchAction\",\"target\":{\"@type\":\"EntryPoint\",\"urlTemplate\":\"https:\\\/\\\/kidsplay.lt\\\/?s={search_term_string}\"},\"query-input\":{\"@type\":\"PropertyValueSpecification\",\"valueRequired\":true,\"valueName\":\"search_term_string\"}}],\"inLanguage\":\"lv-LV\"},{\"@type\":\"Organization\",\"@id\":\"https:\\\/\\\/kidsplay.lt\\\/#organization\",\"name\":\"KidsPlay\",\"url\":\"https:\\\/\\\/kidsplay.lt\\\/\",\"logo\":{\"@type\":\"ImageObject\",\"inLanguage\":\"lv-LV\",\"@id\":\"https:\\\/\\\/kidsplay.lt\\\/#\\\/schema\\\/logo\\\/image\\\/\",\"url\":\"https:\\\/\\\/kidsplay.lt\\\/wp-content\\\/uploads\\\/2023\\\/07\\\/kidsplay-logo.png\",\"contentUrl\":\"https:\\\/\\\/kidsplay.lt\\\/wp-content\\\/uploads\\\/2023\\\/07\\\/kidsplay-logo.png\",\"width\":451,\"height\":98,\"caption\":\"KidsPlay\"},\"image\":{\"@id\":\"https:\\\/\\\/kidsplay.lt\\\/#\\\/schema\\\/logo\\\/image\\\/\"},\"sameAs\":[\"https:\\\/\\\/www.facebook.com\\\/www.kidsplay.lt\"]}]}<\/script>\n<!-- \/ Yoast SEO plugin. -->","yoast_head_json":{"title":"RC vad\u0101ma ugunsdz\u0113s\u0113ju ma\u0161\u012bna","description":"RC vad\u0101ma ugunsdz\u0113s\u0113ju ma\u0161\u012bna","robots":{"index":"index","follow":"follow","max-snippet":"max-snippet:-1","max-image-preview":"max-image-preview:large","max-video-preview":"max-video-preview:-1"},"canonical":"https:\/\/kidsplay.lt\/lv\/products\/rc-valdoma-gaisrines-automobilis-2\/","og_locale":"lv_LV","og_type":"article","og_title":"RC valdoma gaisrin\u0117s automobilis","og_description":"RC valdoma gaisrin\u0117s automobilis","og_url":"https:\/\/kidsplay.lt\/lv\/products\/rc-valdoma-gaisrines-automobilis-2\/","og_site_name":"KidsPlay","article_publisher":"https:\/\/www.facebook.com\/www.kidsplay.lt","article_modified_time":"2026-04-13T10:53:34+00:00","og_image":[{"width":800,"height":800,"url":"https:\/\/kidsplay.lt\/wp-content\/uploads\/2024\/09\/RC-valdoma-gaisrines-automobilis-800x800.jpg","type":"image\/jpeg"}],"twitter_card":"summary_large_image","twitter_misc":{"Est. reading time":"2 min\u016btes"},"schema":{"@context":"https:\/\/schema.org","@graph":[{"@type":"WebPage","@id":"https:\/\/kidsplay.lt\/produktas\/rc-valdoma-gaisrines-automobilis-2\/","url":"https:\/\/kidsplay.lt\/produktas\/rc-valdoma-gaisrines-automobilis-2\/","name":"RC vad\u0101ma ugunsdz\u0113s\u0113ju ma\u0161\u012bna","isPartOf":{"@id":"https:\/\/kidsplay.lt\/#website"},"primaryImageOfPage":{"@id":"https:\/\/kidsplay.lt\/produktas\/rc-valdoma-gaisrines-automobilis-2\/#primaryimage"},"image":{"@id":"https:\/\/kidsplay.lt\/produktas\/rc-valdoma-gaisrines-automobilis-2\/#primaryimage"},"thumbnailUrl":"https:\/\/kidsplay.lt\/wp-content\/uploads\/2024\/09\/RC-valdoma-gaisrines-automobilis.jpg","datePublished":"2025-10-02T10:37:40+00:00","dateModified":"2026-04-13T10:53:34+00:00","description":"RC vad\u0101ma ugunsdz\u0113s\u0113ju ma\u0161\u012bna","breadcrumb":{"@id":"https:\/\/kidsplay.lt\/produktas\/rc-valdoma-gaisrines-automobilis-2\/#breadcrumb"},"inLanguage":"lv-LV","potentialAction":[{"@type":"ReadAction","target":["https:\/\/kidsplay.lt\/produktas\/rc-valdoma-gaisrines-automobilis-2\/"]}]},{"@type":"ImageObject","inLanguage":"lv-LV","@id":"https:\/\/kidsplay.lt\/produktas\/rc-valdoma-gaisrines-automobilis-2\/#primaryimage","url":"https:\/\/kidsplay.lt\/wp-content\/uploads\/2024\/09\/RC-valdoma-gaisrines-automobilis.jpg","contentUrl":"https:\/\/kidsplay.lt\/wp-content\/uploads\/2024\/09\/RC-valdoma-gaisrines-automobilis.jpg","width":2560,"height":2560,"caption":"RC valdoma gaisrin\u0117s automobilis"},{"@type":"BreadcrumbList","@id":"https:\/\/kidsplay.lt\/produktas\/rc-valdoma-gaisrines-automobilis-2\/#breadcrumb","itemListElement":[{"@type":"ListItem","position":1,"name":"Pagrindinis","item":"https:\/\/kidsplay.lt\/"},{"@type":"ListItem","position":2,"name":"Parduotuv\u0117","item":"https:\/\/kidsplay.lt\/parduotuve\/"},{"@type":"ListItem","position":3,"name":"RC valdoma gaisrin\u0117s automobilis"}]},{"@type":"WebSite","@id":"https:\/\/kidsplay.lt\/#website","url":"https:\/\/kidsplay.lt\/","name":"B\u0113rnu sp\u0113les.lv","description":"\u012evairios prek\u0117s vaikams","publisher":{"@id":"https:\/\/kidsplay.lt\/#organization"},"alternateName":"Kidsplay","potentialAction":[{"@type":"SearchAction","target":{"@type":"EntryPoint","urlTemplate":"https:\/\/kidsplay.lt\/?s={search_term_string}"},"query-input":{"@type":"PropertyValueSpecification","valueRequired":true,"valueName":"search_term_string"}}],"inLanguage":"lv-LV"},{"@type":"Organization","@id":"https:\/\/kidsplay.lt\/#organization","name":"B\u0113rnu sp\u0113le","url":"https:\/\/kidsplay.lt\/","logo":{"@type":"ImageObject","inLanguage":"lv-LV","@id":"https:\/\/kidsplay.lt\/#\/schema\/logo\/image\/","url":"https:\/\/kidsplay.lt\/wp-content\/uploads\/2023\/07\/kidsplay-logo.png","contentUrl":"https:\/\/kidsplay.lt\/wp-content\/uploads\/2023\/07\/kidsplay-logo.png","width":451,"height":98,"caption":"KidsPlay"},"image":{"@id":"https:\/\/kidsplay.lt\/#\/schema\/logo\/image\/"},"sameAs":["https:\/\/www.facebook.com\/www.kidsplay.lt"]}]}},"_links":{"self":[{"href":"https:\/\/kidsplay.lt\/lv\/wp-json\/wp\/v2\/product\/69930","targetHints":{"allow":["GET"]}}],"collection":[{"href":"https:\/\/kidsplay.lt\/lv\/wp-json\/wp\/v2\/product"}],"about":[{"href":"https:\/\/kidsplay.lt\/lv\/wp-json\/wp\/v2\/types\/product"}],"version-history":[{"count":3,"href":"https:\/\/kidsplay.lt\/lv\/wp-json\/wp\/v2\/product\/69930\/revisions"}],"predecessor-version":[{"id":80860,"href":"https:\/\/kidsplay.lt\/lv\/wp-json\/wp\/v2\/product\/69930\/revisions\/80860"}],"wp:featuredmedia":[{"embeddable":true,"href":"https:\/\/kidsplay.lt\/lv\/wp-json\/wp\/v2\/media\/55508"}],"wp:attachment":[{"href":"https:\/\/kidsplay.lt\/lv\/wp-json\/wp\/v2\/media?parent=69930"}],"wp:term":[{"taxonomy":"product_brand","embeddable":true,"href":"https:\/\/kidsplay.lt\/lv\/wp-json\/wp\/v2\/product_brand?post=69930"},{"taxonomy":"product_cat","embeddable":true,"href":"https:\/\/kidsplay.lt\/lv\/wp-json\/wp\/v2\/product_cat?post=69930"},{"taxonomy":"product_tag","embeddable":true,"href":"https:\/\/kidsplay.lt\/lv\/wp-json\/wp\/v2\/product_tag?post=69930"}],"curies":[{"name":"wp","href":"https:\/\/api.w.org\/{rel}","templated":true}]}}