{"id":69944,"date":"2025-10-02T13:38:11","date_gmt":"2025-10-02T10:38:11","guid":{"rendered":"https:\/\/kidsplay.lt\/produktas\/woopie-10-viename-loginiu-stalo-zaidimu-rinkinys\/"},"modified":"2026-04-13T14:58:00","modified_gmt":"2026-04-13T11:58:00","slug":"woopie-10-viename-loginiu-stalo-zaidimu-rinkinys","status":"publish","type":"product","link":"https:\/\/kidsplay.lt\/lv\/products\/woopie-10-viename-loginiu-stalo-zaidimu-rinkinys\/","title":{"rendered":"WOOPIE 10-vien\u0101 puz\u013cu galda sp\u0113\u013cu komplekts"},"content":{"rendered":"<p>\u201eWOOPIE\u201c\u00a010\u00a0viename \u017eaidim\u0173 rinkinys\u00a0yra ne\u012ftik\u0117tinai universalus lavinamasis rinkinys, kuris derina pramogas su loginio m\u0105stymo lavinimu. \u017daidimas si\u016blo plat\u0173 i\u0161\u0161\u016bki\u0173 spektr\u0105, kuris lavina analitinius \u012fg\u016bd\u017eius, susikaupim\u0105 ir kantryb\u0119. \u012evairi\u0173 u\u017eduo\u010di\u0173 ir galvos\u016bki\u0173 d\u0117ka vaikai gali\u00a0smagiai\u00a0lavinti motorinius \u012fg\u016bd\u017eius, strategin\u012f m\u0105stym\u0105 ir login\u012f m\u0105stym\u0105.<\/p>\n<p>Rakstur\u012bgs:<\/p>\n<p>&#8211; \u017daislas nuo\u00a03 met\u0173 am\u017eiaus<br \/>\n\u2013\u00a010 viename\u00a0\u2013 \u0160iame rinkinyje yra \u012fvairi\u0173 mini logini\u0173 \u017eaidim\u0173, toki\u0173 kaip erdviniai galvos\u016bkiai, labirintai, klasikiniai stalo \u017eaidimai ir derinimo u\u017eduotys. Kiekvienas i\u0161 j\u0173\u00a0\u017eaid\u0117jui pateikia skirting\u0105\u00a0i\u0161\u0161\u016bk\u012f , u\u017etikrindamas neribotas valandas pramog\u0173 ir mokymosi.<br \/>\n&#8211; Logini\u0173 ir analitini\u0173\u00a0\u012fg\u016bd\u017ei\u0173 lavinimas<br \/>\n&#8211; Pramoga\u00a0visai \u0161eimai<br \/>\n&#8211; Lengva laikyti ir ne\u0161iotis<br \/>\n&#8211; \u017daidimas lavina\u00a0login\u012f m\u0105stym\u0105\u00a0ir\u00a0k\u016brybi\u0161kum\u0105<\/p>\n<p>10 viename \u017eaidim\u0173 rinkinys:<\/p>\n<p>&#8211; kin\u0173<br \/>\n&#8211; Grojimas ragu<br \/>\n&#8211; \u0160a\u0161k\u0117s<br \/>\n&#8211; Arb\u016bz\u0173 \u0161achmatai<br \/>\n&#8211; Greitas \u201ePlanet Trys\u201c \u0161achmat\u0173 \u017eaidimas<br \/>\n&#8211;\u00a0Kvadratiniai lizdai<br \/>\n&#8211; Kry\u017eiukai-nuliukai<br \/>\n&#8211; Ie\u0161koti pirat\u0173 lobi\u0173<br \/>\n&#8211; Keli\u0173 \u0161achmatai<\/p>\n<p>Rota\u013clieta att\u012bst\u0101s:<\/p>\n<p>\u2013 Lo\u0123isk\u0101 dom\u0101\u0161ana<br \/>\n&#8211; Strateginis planavimas<br \/>\n&#8211; Socialiniai \u012fg\u016bd\u017eiai<br \/>\n&#8211; \u012e\u017evalgumas<br \/>\n&#8211; Kantryb\u0117 ir susikaupimas<\/p>","protected":false},"excerpt":{"rendered":"<p>WOOPIE 10-vien\u0101 puz\u013cu galda sp\u0113\u013cu komplekts<\/p>","protected":false},"featured_media":67841,"template":"","meta":{"_acf_changed":false,"_glsr_average":0,"_glsr_ranking":0,"_glsr_reviews":0},"product_brand":[],"product_cat":[72,445,229],"product_tag":[],"class_list":{"0":"post-69944","1":"product","2":"type-product","3":"status-publish","4":"has-post-thumbnail","6":"product_cat-ispardavimas","7":"product_cat-stalo-zaidimai","8":"product_cat-zaislai-vaikams","9":"\"style=\"background-color: #2ecc711c;\"","11":"first","12":"instock","13":"sale","14":"purchasable","15":"product-type-simple"},"acf":[],"yoast_head":"<!-- This site is optimized with the Yoast SEO plugin v27.4 - https:\/\/yoast.com\/product\/yoast-seo-wordpress\/ -->\n<title>WOOPIE 10 viename logini\u0173 stalo \u017eaidim\u0173 rinkinys<\/title>\n<meta name=\"description\" content=\"WOOPIE 10 viename logini\u0173 stalo \u017eaidim\u0173 rinkinys\" \/>\n<meta name=\"robots\" content=\"index, follow, max-snippet:-1, max-image-preview:large, max-video-preview:-1\" \/>\n<link rel=\"canonical\" href=\"https:\/\/kidsplay.lt\/lv\/products\/woopie-10-viename-loginiu-stalo-zaidimu-rinkinys\/\" \/>\n<meta property=\"og:locale\" content=\"lv_LV\" \/>\n<meta property=\"og:type\" content=\"article\" \/>\n<meta property=\"og:title\" content=\"WOOPIE 10 viename logini\u0173 stalo \u017eaidim\u0173 rinkinys\" \/>\n<meta property=\"og:description\" content=\"WOOPIE 10 viename logini\u0173 stalo \u017eaidim\u0173 rinkinys\" \/>\n<meta property=\"og:url\" content=\"https:\/\/kidsplay.lt\/lv\/products\/woopie-10-viename-loginiu-stalo-zaidimu-rinkinys\/\" \/>\n<meta property=\"og:site_name\" content=\"KidsPlay\" \/>\n<meta property=\"article:publisher\" content=\"https:\/\/www.facebook.com\/www.kidsplay.lt\" \/>\n<meta property=\"article:modified_time\" content=\"2026-04-13T11:58:00+00:00\" \/>\n<meta property=\"og:image\" content=\"https:\/\/kidsplay.lt\/wp-content\/uploads\/2025\/10\/WOOPIE-10-viename-loginiu-stalo-zaidimu-rinkinys.jpg\" \/>\n\t<meta property=\"og:image:width\" content=\"1000\" \/>\n\t<meta property=\"og:image:height\" content=\"1000\" \/>\n\t<meta property=\"og:image:type\" content=\"image\/jpeg\" \/>\n<meta name=\"twitter:card\" content=\"summary_large_image\" \/>\n<meta name=\"twitter:label1\" content=\"Est. reading time\" \/>\n\t<meta name=\"twitter:data1\" content=\"1 min\u016bte\" \/>\n<script type=\"application\/ld+json\" class=\"yoast-schema-graph\">{\"@context\":\"https:\\\/\\\/schema.org\",\"@graph\":[{\"@type\":\"WebPage\",\"@id\":\"https:\\\/\\\/kidsplay.lt\\\/produktas\\\/woopie-10-viename-loginiu-stalo-zaidimu-rinkinys\\\/\",\"url\":\"https:\\\/\\\/kidsplay.lt\\\/produktas\\\/woopie-10-viename-loginiu-stalo-zaidimu-rinkinys\\\/\",\"name\":\"WOOPIE 10 viename logini\u0173 stalo \u017eaidim\u0173 rinkinys\",\"isPartOf\":{\"@id\":\"https:\\\/\\\/kidsplay.lt\\\/#website\"},\"primaryImageOfPage\":{\"@id\":\"https:\\\/\\\/kidsplay.lt\\\/produktas\\\/woopie-10-viename-loginiu-stalo-zaidimu-rinkinys\\\/#primaryimage\"},\"image\":{\"@id\":\"https:\\\/\\\/kidsplay.lt\\\/produktas\\\/woopie-10-viename-loginiu-stalo-zaidimu-rinkinys\\\/#primaryimage\"},\"thumbnailUrl\":\"https:\\\/\\\/kidsplay.lt\\\/wp-content\\\/uploads\\\/2025\\\/10\\\/WOOPIE-10-viename-loginiu-stalo-zaidimu-rinkinys.jpg\",\"datePublished\":\"2025-10-02T10:38:11+00:00\",\"dateModified\":\"2026-04-13T11:58:00+00:00\",\"description\":\"WOOPIE 10 viename logini\u0173 stalo \u017eaidim\u0173 rinkinys\",\"breadcrumb\":{\"@id\":\"https:\\\/\\\/kidsplay.lt\\\/produktas\\\/woopie-10-viename-loginiu-stalo-zaidimu-rinkinys\\\/#breadcrumb\"},\"inLanguage\":\"lv-LV\",\"potentialAction\":[{\"@type\":\"ReadAction\",\"target\":[\"https:\\\/\\\/kidsplay.lt\\\/produktas\\\/woopie-10-viename-loginiu-stalo-zaidimu-rinkinys\\\/\"]}]},{\"@type\":\"ImageObject\",\"inLanguage\":\"lv-LV\",\"@id\":\"https:\\\/\\\/kidsplay.lt\\\/produktas\\\/woopie-10-viename-loginiu-stalo-zaidimu-rinkinys\\\/#primaryimage\",\"url\":\"https:\\\/\\\/kidsplay.lt\\\/wp-content\\\/uploads\\\/2025\\\/10\\\/WOOPIE-10-viename-loginiu-stalo-zaidimu-rinkinys.jpg\",\"contentUrl\":\"https:\\\/\\\/kidsplay.lt\\\/wp-content\\\/uploads\\\/2025\\\/10\\\/WOOPIE-10-viename-loginiu-stalo-zaidimu-rinkinys.jpg\",\"width\":1000,\"height\":1000,\"caption\":\"WOOPIE 10 viename logini\u0173 stalo \u017eaidim\u0173 rinkinys\"},{\"@type\":\"BreadcrumbList\",\"@id\":\"https:\\\/\\\/kidsplay.lt\\\/produktas\\\/woopie-10-viename-loginiu-stalo-zaidimu-rinkinys\\\/#breadcrumb\",\"itemListElement\":[{\"@type\":\"ListItem\",\"position\":1,\"name\":\"Pagrindinis\",\"item\":\"https:\\\/\\\/kidsplay.lt\\\/\"},{\"@type\":\"ListItem\",\"position\":2,\"name\":\"Parduotuv\u0117\",\"item\":\"https:\\\/\\\/kidsplay.lt\\\/parduotuve\\\/\"},{\"@type\":\"ListItem\",\"position\":3,\"name\":\"WOOPIE 10 viename logini\u0173 stalo \u017eaidim\u0173 rinkinys\"}]},{\"@type\":\"WebSite\",\"@id\":\"https:\\\/\\\/kidsplay.lt\\\/#website\",\"url\":\"https:\\\/\\\/kidsplay.lt\\\/\",\"name\":\"Kidsplay.lt\",\"description\":\"\u012evairios prek\u0117s vaikams\",\"publisher\":{\"@id\":\"https:\\\/\\\/kidsplay.lt\\\/#organization\"},\"alternateName\":\"Kidsplay\",\"potentialAction\":[{\"@type\":\"SearchAction\",\"target\":{\"@type\":\"EntryPoint\",\"urlTemplate\":\"https:\\\/\\\/kidsplay.lt\\\/?s={search_term_string}\"},\"query-input\":{\"@type\":\"PropertyValueSpecification\",\"valueRequired\":true,\"valueName\":\"search_term_string\"}}],\"inLanguage\":\"lv-LV\"},{\"@type\":\"Organization\",\"@id\":\"https:\\\/\\\/kidsplay.lt\\\/#organization\",\"name\":\"KidsPlay\",\"url\":\"https:\\\/\\\/kidsplay.lt\\\/\",\"logo\":{\"@type\":\"ImageObject\",\"inLanguage\":\"lv-LV\",\"@id\":\"https:\\\/\\\/kidsplay.lt\\\/#\\\/schema\\\/logo\\\/image\\\/\",\"url\":\"https:\\\/\\\/kidsplay.lt\\\/wp-content\\\/uploads\\\/2023\\\/07\\\/kidsplay-logo.png\",\"contentUrl\":\"https:\\\/\\\/kidsplay.lt\\\/wp-content\\\/uploads\\\/2023\\\/07\\\/kidsplay-logo.png\",\"width\":451,\"height\":98,\"caption\":\"KidsPlay\"},\"image\":{\"@id\":\"https:\\\/\\\/kidsplay.lt\\\/#\\\/schema\\\/logo\\\/image\\\/\"},\"sameAs\":[\"https:\\\/\\\/www.facebook.com\\\/www.kidsplay.lt\"]}]}<\/script>\n<!-- \/ Yoast SEO plugin. -->","yoast_head_json":{"title":"WOOPIE 10-vien\u0101 puz\u013cu galda sp\u0113\u013cu komplekts","description":"WOOPIE 10-vien\u0101 puz\u013cu galda sp\u0113\u013cu komplekts","robots":{"index":"index","follow":"follow","max-snippet":"max-snippet:-1","max-image-preview":"max-image-preview:large","max-video-preview":"max-video-preview:-1"},"canonical":"https:\/\/kidsplay.lt\/lv\/products\/woopie-10-viename-loginiu-stalo-zaidimu-rinkinys\/","og_locale":"lv_LV","og_type":"article","og_title":"WOOPIE 10 viename logini\u0173 stalo \u017eaidim\u0173 rinkinys","og_description":"WOOPIE 10 viename logini\u0173 stalo \u017eaidim\u0173 rinkinys","og_url":"https:\/\/kidsplay.lt\/lv\/products\/woopie-10-viename-loginiu-stalo-zaidimu-rinkinys\/","og_site_name":"KidsPlay","article_publisher":"https:\/\/www.facebook.com\/www.kidsplay.lt","article_modified_time":"2026-04-13T11:58:00+00:00","og_image":[{"width":1000,"height":1000,"url":"https:\/\/kidsplay.lt\/wp-content\/uploads\/2025\/10\/WOOPIE-10-viename-loginiu-stalo-zaidimu-rinkinys.jpg","type":"image\/jpeg"}],"twitter_card":"summary_large_image","twitter_misc":{"Est. reading time":"1 min\u016bte"},"schema":{"@context":"https:\/\/schema.org","@graph":[{"@type":"WebPage","@id":"https:\/\/kidsplay.lt\/produktas\/woopie-10-viename-loginiu-stalo-zaidimu-rinkinys\/","url":"https:\/\/kidsplay.lt\/produktas\/woopie-10-viename-loginiu-stalo-zaidimu-rinkinys\/","name":"WOOPIE 10-vien\u0101 puz\u013cu galda sp\u0113\u013cu komplekts","isPartOf":{"@id":"https:\/\/kidsplay.lt\/#website"},"primaryImageOfPage":{"@id":"https:\/\/kidsplay.lt\/produktas\/woopie-10-viename-loginiu-stalo-zaidimu-rinkinys\/#primaryimage"},"image":{"@id":"https:\/\/kidsplay.lt\/produktas\/woopie-10-viename-loginiu-stalo-zaidimu-rinkinys\/#primaryimage"},"thumbnailUrl":"https:\/\/kidsplay.lt\/wp-content\/uploads\/2025\/10\/WOOPIE-10-viename-loginiu-stalo-zaidimu-rinkinys.jpg","datePublished":"2025-10-02T10:38:11+00:00","dateModified":"2026-04-13T11:58:00+00:00","description":"WOOPIE 10-vien\u0101 puz\u013cu galda sp\u0113\u013cu komplekts","breadcrumb":{"@id":"https:\/\/kidsplay.lt\/produktas\/woopie-10-viename-loginiu-stalo-zaidimu-rinkinys\/#breadcrumb"},"inLanguage":"lv-LV","potentialAction":[{"@type":"ReadAction","target":["https:\/\/kidsplay.lt\/produktas\/woopie-10-viename-loginiu-stalo-zaidimu-rinkinys\/"]}]},{"@type":"ImageObject","inLanguage":"lv-LV","@id":"https:\/\/kidsplay.lt\/produktas\/woopie-10-viename-loginiu-stalo-zaidimu-rinkinys\/#primaryimage","url":"https:\/\/kidsplay.lt\/wp-content\/uploads\/2025\/10\/WOOPIE-10-viename-loginiu-stalo-zaidimu-rinkinys.jpg","contentUrl":"https:\/\/kidsplay.lt\/wp-content\/uploads\/2025\/10\/WOOPIE-10-viename-loginiu-stalo-zaidimu-rinkinys.jpg","width":1000,"height":1000,"caption":"WOOPIE 10 viename logini\u0173 stalo \u017eaidim\u0173 rinkinys"},{"@type":"BreadcrumbList","@id":"https:\/\/kidsplay.lt\/produktas\/woopie-10-viename-loginiu-stalo-zaidimu-rinkinys\/#breadcrumb","itemListElement":[{"@type":"ListItem","position":1,"name":"Pagrindinis","item":"https:\/\/kidsplay.lt\/"},{"@type":"ListItem","position":2,"name":"Parduotuv\u0117","item":"https:\/\/kidsplay.lt\/parduotuve\/"},{"@type":"ListItem","position":3,"name":"WOOPIE 10 viename logini\u0173 stalo \u017eaidim\u0173 rinkinys"}]},{"@type":"WebSite","@id":"https:\/\/kidsplay.lt\/#website","url":"https:\/\/kidsplay.lt\/","name":"B\u0113rnu sp\u0113les.lv","description":"\u012evairios prek\u0117s vaikams","publisher":{"@id":"https:\/\/kidsplay.lt\/#organization"},"alternateName":"Kidsplay","potentialAction":[{"@type":"SearchAction","target":{"@type":"EntryPoint","urlTemplate":"https:\/\/kidsplay.lt\/?s={search_term_string}"},"query-input":{"@type":"PropertyValueSpecification","valueRequired":true,"valueName":"search_term_string"}}],"inLanguage":"lv-LV"},{"@type":"Organization","@id":"https:\/\/kidsplay.lt\/#organization","name":"B\u0113rnu sp\u0113le","url":"https:\/\/kidsplay.lt\/","logo":{"@type":"ImageObject","inLanguage":"lv-LV","@id":"https:\/\/kidsplay.lt\/#\/schema\/logo\/image\/","url":"https:\/\/kidsplay.lt\/wp-content\/uploads\/2023\/07\/kidsplay-logo.png","contentUrl":"https:\/\/kidsplay.lt\/wp-content\/uploads\/2023\/07\/kidsplay-logo.png","width":451,"height":98,"caption":"KidsPlay"},"image":{"@id":"https:\/\/kidsplay.lt\/#\/schema\/logo\/image\/"},"sameAs":["https:\/\/www.facebook.com\/www.kidsplay.lt"]}]}},"_links":{"self":[{"href":"https:\/\/kidsplay.lt\/lv\/wp-json\/wp\/v2\/product\/69944","targetHints":{"allow":["GET"]}}],"collection":[{"href":"https:\/\/kidsplay.lt\/lv\/wp-json\/wp\/v2\/product"}],"about":[{"href":"https:\/\/kidsplay.lt\/lv\/wp-json\/wp\/v2\/types\/product"}],"version-history":[{"count":4,"href":"https:\/\/kidsplay.lt\/lv\/wp-json\/wp\/v2\/product\/69944\/revisions"}],"predecessor-version":[{"id":81757,"href":"https:\/\/kidsplay.lt\/lv\/wp-json\/wp\/v2\/product\/69944\/revisions\/81757"}],"wp:featuredmedia":[{"embeddable":true,"href":"https:\/\/kidsplay.lt\/lv\/wp-json\/wp\/v2\/media\/67841"}],"wp:attachment":[{"href":"https:\/\/kidsplay.lt\/lv\/wp-json\/wp\/v2\/media?parent=69944"}],"wp:term":[{"taxonomy":"product_brand","embeddable":true,"href":"https:\/\/kidsplay.lt\/lv\/wp-json\/wp\/v2\/product_brand?post=69944"},{"taxonomy":"product_cat","embeddable":true,"href":"https:\/\/kidsplay.lt\/lv\/wp-json\/wp\/v2\/product_cat?post=69944"},{"taxonomy":"product_tag","embeddable":true,"href":"https:\/\/kidsplay.lt\/lv\/wp-json\/wp\/v2\/product_tag?post=69944"}],"curies":[{"name":"wp","href":"https:\/\/api.w.org\/{rel}","templated":true}]}}