{"id":70024,"date":"2025-10-02T13:41:15","date_gmt":"2025-10-02T10:41:15","guid":{"rendered":"https:\/\/kidsplay.lt\/produktas\/medine-delione-gyvunai-su-smeigtukais-2\/"},"modified":"2026-04-07T11:27:17","modified_gmt":"2026-04-07T08:27:17","slug":"medine-delione-gyvunai-su-smeigtukais-2","status":"publish","type":"product","link":"https:\/\/kidsplay.lt\/lv\/products\/medine-delione-gyvunai-su-smeigtukais-2\/","title":{"rendered":"Medin\u0117 delion\u0117 gyv\u016bnai su smeigtukais"},"content":{"rendered":"<p>Medin\u0117s d\u0117lion\u0117s su smeigtukais i\u0161\u00a0\u00a0Viga\u00a0\u00a0vaikams\u00a0\u00a0\u2013 puikus sprendimas namuose ir dar\u017eelyje. J\u012f sudaro plok\u0161t\u0117 ir 5 teminiai elementai, kuriuos reikia pritvirtinti prie jos. Medinis pagrindas turi \u012fdubas, kuri\u0173 forma atitinka spalvingas d\u0117lion\u0117s detales. Visas daiktas pagamintas i\u0161 med\u017eio, nuda\u017eytas\u00a0\u00a0vaikams saugiais da\u017eais\u00a0\u00a0ry\u0161kiomis spalvomis, kurios patenkins kiekvien\u0105 vartotoj\u0105 ir\u00a0\u00a0suteiks daug malonumo.<\/p>\n<p>Raksturojums:<\/p>\n<p>&#8211;\u00a0\u00a05 smeigtukai d\u0117lion\u0117s su gyv\u016bnais,<br \/>\n&#8211; \u012f komplekt\u0105 \u012feina:\u00a0\u00a0lenta\u00a0\u00a0su \u012fdubomis (po jomis matosi nupie\u0161ti gyv\u016bnai) ir\u00a0\u00a05\u00a0\u00a0elementai, vaizduojantys \u012fvairius gyv\u016bnus\u00a0\u00a0su smeigtukais,<br \/>\n&#8211; kai visi fragmentai bus sud\u0117ti \u012f reikiamas vietas, gausime vis\u0105 vaizd\u0105,<br \/>\n&#8211; \u017eaislas\u00a0\u00a0neturi a\u0161tri\u0173 briaun\u0173\u00a0\u00a0ir yra pagamintas i\u0161 auk\u0161\u010diausios kokyb\u0117s,\u00a0\u00a0vaikams ir aplinkai saugi\u0173 med\u017eiag\u0173,<br \/>\n&#8211; da\u017eyti netoksi\u0161kais da\u017eais.<\/p>\n<p>Rota\u013clieta att\u012bst\u0101s:<\/p>\n<p>&#8211; vaizduot\u0117,<br \/>\n&#8211; formos atpa\u017einimas,<br \/>\n&#8211; rank\u0173 ir aki\u0173 koordinacija,<br \/>\n\u2013 roku darba prasmes,<br \/>\n&#8211; pa\u017eintiniai geb\u0117jimai,<br \/>\n&#8211; geb\u0117jimas logi\u0161kai m\u0105styti.<\/p>","protected":false},"excerpt":{"rendered":"<p>Medin\u0117 delion\u0117 gyv\u016bnai su smeigtukais<\/p>","protected":false},"featured_media":64110,"template":"","meta":{"_acf_changed":false,"_glsr_average":0,"_glsr_ranking":0,"_glsr_reviews":0},"product_brand":[],"product_cat":[72,397,883],"product_tag":[],"class_list":{"0":"post-70024","1":"product","2":"type-product","3":"status-publish","4":"has-post-thumbnail","6":"product_cat-ispardavimas","7":"product_cat-medines-deliones-mediniai-zaislai","8":"product_cat-mediniai-zaislai-2","9":"\"style=\"background-color: #2ecc711c;\"","11":"first","12":"instock","13":"sale","14":"purchasable","15":"product-type-simple"},"acf":[],"yoast_head":"<!-- This site is optimized with the Yoast SEO plugin v27.4 - https:\/\/yoast.com\/product\/yoast-seo-wordpress\/ -->\n<title>Medin\u0117 delion\u0117 gyv\u016bnai su smeigtukais<\/title>\n<meta name=\"description\" content=\"Medin\u0117 delion\u0117 gyv\u016bnai su smeigtukais\" \/>\n<meta name=\"robots\" content=\"index, follow, max-snippet:-1, max-image-preview:large, max-video-preview:-1\" \/>\n<link rel=\"canonical\" href=\"https:\/\/kidsplay.lt\/lv\/products\/medine-delione-gyvunai-su-smeigtukais-2\/\" \/>\n<meta property=\"og:locale\" content=\"lv_LV\" \/>\n<meta property=\"og:type\" content=\"article\" \/>\n<meta property=\"og:title\" content=\"Medin\u0117 delion\u0117 gyv\u016bnai su smeigtukais\" \/>\n<meta property=\"og:description\" content=\"Medin\u0117 delion\u0117 gyv\u016bnai su smeigtukais\" \/>\n<meta property=\"og:url\" content=\"https:\/\/kidsplay.lt\/lv\/products\/medine-delione-gyvunai-su-smeigtukais-2\/\" \/>\n<meta property=\"og:site_name\" content=\"KidsPlay\" \/>\n<meta property=\"article:publisher\" content=\"https:\/\/www.facebook.com\/www.kidsplay.lt\" \/>\n<meta property=\"article:modified_time\" content=\"2026-04-07T08:27:17+00:00\" \/>\n<meta property=\"og:image\" content=\"https:\/\/kidsplay.lt\/wp-content\/uploads\/2025\/09\/Medine-delione-gyvunai-su-smeigtukais.jpg\" \/>\n\t<meta property=\"og:image:width\" content=\"800\" \/>\n\t<meta property=\"og:image:height\" content=\"800\" \/>\n\t<meta property=\"og:image:type\" content=\"image\/png\" \/>\n<meta name=\"twitter:card\" content=\"summary_large_image\" \/>\n<meta name=\"twitter:label1\" content=\"Est. reading time\" \/>\n\t<meta name=\"twitter:data1\" content=\"1 min\u016bte\" \/>\n<script type=\"application\/ld+json\" class=\"yoast-schema-graph\">{\"@context\":\"https:\\\/\\\/schema.org\",\"@graph\":[{\"@type\":\"WebPage\",\"@id\":\"https:\\\/\\\/kidsplay.lt\\\/produktas\\\/medine-delione-gyvunai-su-smeigtukais-2\\\/\",\"url\":\"https:\\\/\\\/kidsplay.lt\\\/produktas\\\/medine-delione-gyvunai-su-smeigtukais-2\\\/\",\"name\":\"Medin\u0117 delion\u0117 gyv\u016bnai su smeigtukais\",\"isPartOf\":{\"@id\":\"https:\\\/\\\/kidsplay.lt\\\/#website\"},\"primaryImageOfPage\":{\"@id\":\"https:\\\/\\\/kidsplay.lt\\\/produktas\\\/medine-delione-gyvunai-su-smeigtukais-2\\\/#primaryimage\"},\"image\":{\"@id\":\"https:\\\/\\\/kidsplay.lt\\\/produktas\\\/medine-delione-gyvunai-su-smeigtukais-2\\\/#primaryimage\"},\"thumbnailUrl\":\"https:\\\/\\\/kidsplay.lt\\\/wp-content\\\/uploads\\\/2025\\\/09\\\/Medine-delione-gyvunai-su-smeigtukais.jpg\",\"datePublished\":\"2025-10-02T10:41:15+00:00\",\"dateModified\":\"2026-04-07T08:27:17+00:00\",\"description\":\"Medin\u0117 delion\u0117 gyv\u016bnai su smeigtukais\",\"breadcrumb\":{\"@id\":\"https:\\\/\\\/kidsplay.lt\\\/produktas\\\/medine-delione-gyvunai-su-smeigtukais-2\\\/#breadcrumb\"},\"inLanguage\":\"lv-LV\",\"potentialAction\":[{\"@type\":\"ReadAction\",\"target\":[\"https:\\\/\\\/kidsplay.lt\\\/produktas\\\/medine-delione-gyvunai-su-smeigtukais-2\\\/\"]}]},{\"@type\":\"ImageObject\",\"inLanguage\":\"lv-LV\",\"@id\":\"https:\\\/\\\/kidsplay.lt\\\/produktas\\\/medine-delione-gyvunai-su-smeigtukais-2\\\/#primaryimage\",\"url\":\"https:\\\/\\\/kidsplay.lt\\\/wp-content\\\/uploads\\\/2025\\\/09\\\/Medine-delione-gyvunai-su-smeigtukais.jpg\",\"contentUrl\":\"https:\\\/\\\/kidsplay.lt\\\/wp-content\\\/uploads\\\/2025\\\/09\\\/Medine-delione-gyvunai-su-smeigtukais.jpg\",\"width\":2560,\"height\":2560,\"caption\":\"Medin\u0117 delion\u0117 gyv\u016bnai su smeigtukais\"},{\"@type\":\"BreadcrumbList\",\"@id\":\"https:\\\/\\\/kidsplay.lt\\\/produktas\\\/medine-delione-gyvunai-su-smeigtukais-2\\\/#breadcrumb\",\"itemListElement\":[{\"@type\":\"ListItem\",\"position\":1,\"name\":\"Pagrindinis\",\"item\":\"https:\\\/\\\/kidsplay.lt\\\/\"},{\"@type\":\"ListItem\",\"position\":2,\"name\":\"Parduotuv\u0117\",\"item\":\"https:\\\/\\\/kidsplay.lt\\\/parduotuve\\\/\"},{\"@type\":\"ListItem\",\"position\":3,\"name\":\"Medin\u0117 delion\u0117 gyv\u016bnai su smeigtukais\"}]},{\"@type\":\"WebSite\",\"@id\":\"https:\\\/\\\/kidsplay.lt\\\/#website\",\"url\":\"https:\\\/\\\/kidsplay.lt\\\/\",\"name\":\"Kidsplay.lt\",\"description\":\"\u012evairios prek\u0117s vaikams\",\"publisher\":{\"@id\":\"https:\\\/\\\/kidsplay.lt\\\/#organization\"},\"alternateName\":\"Kidsplay\",\"potentialAction\":[{\"@type\":\"SearchAction\",\"target\":{\"@type\":\"EntryPoint\",\"urlTemplate\":\"https:\\\/\\\/kidsplay.lt\\\/?s={search_term_string}\"},\"query-input\":{\"@type\":\"PropertyValueSpecification\",\"valueRequired\":true,\"valueName\":\"search_term_string\"}}],\"inLanguage\":\"lv-LV\"},{\"@type\":\"Organization\",\"@id\":\"https:\\\/\\\/kidsplay.lt\\\/#organization\",\"name\":\"KidsPlay\",\"url\":\"https:\\\/\\\/kidsplay.lt\\\/\",\"logo\":{\"@type\":\"ImageObject\",\"inLanguage\":\"lv-LV\",\"@id\":\"https:\\\/\\\/kidsplay.lt\\\/#\\\/schema\\\/logo\\\/image\\\/\",\"url\":\"https:\\\/\\\/kidsplay.lt\\\/wp-content\\\/uploads\\\/2023\\\/07\\\/kidsplay-logo.png\",\"contentUrl\":\"https:\\\/\\\/kidsplay.lt\\\/wp-content\\\/uploads\\\/2023\\\/07\\\/kidsplay-logo.png\",\"width\":451,\"height\":98,\"caption\":\"KidsPlay\"},\"image\":{\"@id\":\"https:\\\/\\\/kidsplay.lt\\\/#\\\/schema\\\/logo\\\/image\\\/\"},\"sameAs\":[\"https:\\\/\\\/www.facebook.com\\\/www.kidsplay.lt\"]}]}<\/script>\n<!-- \/ Yoast SEO plugin. -->","yoast_head_json":{"title":"Medin\u0117 delion\u0117 gyv\u016bnai su smeigtukais","description":"Medin\u0117 delion\u0117 gyv\u016bnai su smeigtukais","robots":{"index":"index","follow":"follow","max-snippet":"max-snippet:-1","max-image-preview":"max-image-preview:large","max-video-preview":"max-video-preview:-1"},"canonical":"https:\/\/kidsplay.lt\/lv\/products\/medine-delione-gyvunai-su-smeigtukais-2\/","og_locale":"lv_LV","og_type":"article","og_title":"Medin\u0117 delion\u0117 gyv\u016bnai su smeigtukais","og_description":"Medin\u0117 delion\u0117 gyv\u016bnai su smeigtukais","og_url":"https:\/\/kidsplay.lt\/lv\/products\/medine-delione-gyvunai-su-smeigtukais-2\/","og_site_name":"KidsPlay","article_publisher":"https:\/\/www.facebook.com\/www.kidsplay.lt","article_modified_time":"2026-04-07T08:27:17+00:00","og_image":[{"url":"https:\/\/kidsplay.lt\/wp-content\/uploads\/2025\/09\/Medine-delione-gyvunai-su-smeigtukais.jpg","width":800,"height":800,"type":"image\/png"}],"twitter_card":"summary_large_image","twitter_misc":{"Est. reading time":"1 min\u016bte"},"schema":{"@context":"https:\/\/schema.org","@graph":[{"@type":"WebPage","@id":"https:\/\/kidsplay.lt\/produktas\/medine-delione-gyvunai-su-smeigtukais-2\/","url":"https:\/\/kidsplay.lt\/produktas\/medine-delione-gyvunai-su-smeigtukais-2\/","name":"Medin\u0117 delion\u0117 gyv\u016bnai su smeigtukais","isPartOf":{"@id":"https:\/\/kidsplay.lt\/#website"},"primaryImageOfPage":{"@id":"https:\/\/kidsplay.lt\/produktas\/medine-delione-gyvunai-su-smeigtukais-2\/#primaryimage"},"image":{"@id":"https:\/\/kidsplay.lt\/produktas\/medine-delione-gyvunai-su-smeigtukais-2\/#primaryimage"},"thumbnailUrl":"https:\/\/kidsplay.lt\/wp-content\/uploads\/2025\/09\/Medine-delione-gyvunai-su-smeigtukais.jpg","datePublished":"2025-10-02T10:41:15+00:00","dateModified":"2026-04-07T08:27:17+00:00","description":"Medin\u0117 delion\u0117 gyv\u016bnai su smeigtukais","breadcrumb":{"@id":"https:\/\/kidsplay.lt\/produktas\/medine-delione-gyvunai-su-smeigtukais-2\/#breadcrumb"},"inLanguage":"lv-LV","potentialAction":[{"@type":"ReadAction","target":["https:\/\/kidsplay.lt\/produktas\/medine-delione-gyvunai-su-smeigtukais-2\/"]}]},{"@type":"ImageObject","inLanguage":"lv-LV","@id":"https:\/\/kidsplay.lt\/produktas\/medine-delione-gyvunai-su-smeigtukais-2\/#primaryimage","url":"https:\/\/kidsplay.lt\/wp-content\/uploads\/2025\/09\/Medine-delione-gyvunai-su-smeigtukais.jpg","contentUrl":"https:\/\/kidsplay.lt\/wp-content\/uploads\/2025\/09\/Medine-delione-gyvunai-su-smeigtukais.jpg","width":2560,"height":2560,"caption":"Medin\u0117 delion\u0117 gyv\u016bnai su smeigtukais"},{"@type":"BreadcrumbList","@id":"https:\/\/kidsplay.lt\/produktas\/medine-delione-gyvunai-su-smeigtukais-2\/#breadcrumb","itemListElement":[{"@type":"ListItem","position":1,"name":"Pagrindinis","item":"https:\/\/kidsplay.lt\/"},{"@type":"ListItem","position":2,"name":"Parduotuv\u0117","item":"https:\/\/kidsplay.lt\/parduotuve\/"},{"@type":"ListItem","position":3,"name":"Medin\u0117 delion\u0117 gyv\u016bnai su smeigtukais"}]},{"@type":"WebSite","@id":"https:\/\/kidsplay.lt\/#website","url":"https:\/\/kidsplay.lt\/","name":"B\u0113rnu sp\u0113les.lv","description":"\u012evairios prek\u0117s vaikams","publisher":{"@id":"https:\/\/kidsplay.lt\/#organization"},"alternateName":"Kidsplay","potentialAction":[{"@type":"SearchAction","target":{"@type":"EntryPoint","urlTemplate":"https:\/\/kidsplay.lt\/?s={search_term_string}"},"query-input":{"@type":"PropertyValueSpecification","valueRequired":true,"valueName":"search_term_string"}}],"inLanguage":"lv-LV"},{"@type":"Organization","@id":"https:\/\/kidsplay.lt\/#organization","name":"B\u0113rnu sp\u0113le","url":"https:\/\/kidsplay.lt\/","logo":{"@type":"ImageObject","inLanguage":"lv-LV","@id":"https:\/\/kidsplay.lt\/#\/schema\/logo\/image\/","url":"https:\/\/kidsplay.lt\/wp-content\/uploads\/2023\/07\/kidsplay-logo.png","contentUrl":"https:\/\/kidsplay.lt\/wp-content\/uploads\/2023\/07\/kidsplay-logo.png","width":451,"height":98,"caption":"KidsPlay"},"image":{"@id":"https:\/\/kidsplay.lt\/#\/schema\/logo\/image\/"},"sameAs":["https:\/\/www.facebook.com\/www.kidsplay.lt"]}]}},"_links":{"self":[{"href":"https:\/\/kidsplay.lt\/lv\/wp-json\/wp\/v2\/product\/70024","targetHints":{"allow":["GET"]}}],"collection":[{"href":"https:\/\/kidsplay.lt\/lv\/wp-json\/wp\/v2\/product"}],"about":[{"href":"https:\/\/kidsplay.lt\/lv\/wp-json\/wp\/v2\/types\/product"}],"version-history":[{"count":3,"href":"https:\/\/kidsplay.lt\/lv\/wp-json\/wp\/v2\/product\/70024\/revisions"}],"predecessor-version":[{"id":80714,"href":"https:\/\/kidsplay.lt\/lv\/wp-json\/wp\/v2\/product\/70024\/revisions\/80714"}],"wp:featuredmedia":[{"embeddable":true,"href":"https:\/\/kidsplay.lt\/lv\/wp-json\/wp\/v2\/media\/64110"}],"wp:attachment":[{"href":"https:\/\/kidsplay.lt\/lv\/wp-json\/wp\/v2\/media?parent=70024"}],"wp:term":[{"taxonomy":"product_brand","embeddable":true,"href":"https:\/\/kidsplay.lt\/lv\/wp-json\/wp\/v2\/product_brand?post=70024"},{"taxonomy":"product_cat","embeddable":true,"href":"https:\/\/kidsplay.lt\/lv\/wp-json\/wp\/v2\/product_cat?post=70024"},{"taxonomy":"product_tag","embeddable":true,"href":"https:\/\/kidsplay.lt\/lv\/wp-json\/wp\/v2\/product_tag?post=70024"}],"curies":[{"name":"wp","href":"https:\/\/api.w.org\/{rel}","templated":true}]}}