{"id":70079,"date":"2025-10-02T13:43:10","date_gmt":"2025-10-02T10:43:10","guid":{"rendered":"https:\/\/kidsplay.lt\/produktas\/medine-delione-vinys-su-plaktuku-20-rastu-82vnt-2\/"},"modified":"2026-04-07T11:27:16","modified_gmt":"2026-04-07T08:27:16","slug":"medine-delione-vinys-su-plaktuku-20-rastu-82vnt-2","status":"publish","type":"product","link":"https:\/\/kidsplay.lt\/lv\/products\/medine-delione-vinys-su-plaktuku-20-rastu-82vnt-2\/","title":{"rendered":"Medin\u0117 d\u0117lion\u0117 vinys su plaktuku 20 ra\u0161t\u0173, 82vnt"},"content":{"rendered":"<p>WOOPIE prek\u0117s \u017eenklo\u00a0GREEN\u00a0serijos\u00a0kam\u0161tienos\u00a0vinis\u00a0yra idealus lavinamasis \u017eaislas\u00a0ma\u017eajam konstruktoriui\u00a0. Rinkin\u012f sudaro\u00a082 elementai\u00a0, \u012fskaitant:\u00a030 kalad\u0117li\u0173\u00a0, 10 dvipusi\u0173 korteli\u0173 su\u00a020 ra\u0161t\u0173 (\u00a03 sud\u0117tingumo lygiai\u00a0)\u00a0, kurias reikia i\u0161d\u0117lioti ir prikalti,\u00a040\u00a0smeigtuk\u0173\u00a0,\u00a0lenteli\u0173\u00a0ir\u00a0plaktuko\u00a0. \u0160iame \u017eaidime vaikai bando\u00a0atkurti vaizd\u0105 \/ i\u0161d\u0117stym\u0105\u00a0ant kortel\u0117s, prikaldami atitinkamus \u012fvairi\u0173\u00a0form\u0173\u00a0ir\u00a0spalv\u0173\u00a0blokus , pvz., pauk\u0161\u010dio ar g\u0117l\u0117s atvaizd\u0105. Kiekvienas medinis elementas turi\u00a0skylut\u0119\u00a0, o vaikas smeigtukais\u00a0gali\u00a0lengvai\u00a0\u012fsmeigti\u00a0\u012f lent\u0105\u00a0bet koki\u0105 form\u0105\u00a0. Galite pa\u012fvairinti linksmybes \u017eaisdami\u00a0\u012fsiminimo\u00a0\u017eaidim\u0105 ir leisdami vaikui\u00a0atkurti\u00a0paveiksl\u0117l\u012f i\u0161 atminties. Vaikas taip pat gali sugalvoti savo form\u0105\/skaitikl\u012f \u2013 riboja tik\u00a0k\u016brybi\u0161kumas\u00a0ir\u00a0vaizduot\u0117.\u00a0\u017daislas lavina\u00a0rankinius \u012fg\u016bd\u017eius\u00a0,\u00a0login\u012f m\u0105stym\u0105\u00a0,\u00a0vaizduot\u0119\u00a0ir\u00a0k\u016brybi\u0161kum\u0105\u00a0,\u00a0koncentracij\u0105\u00a0ir\u00a0atmint\u012f\u00a0.<\/p>\n<p>Raksturojums:<\/p>\n<p>&#8211;\u00a0\u017eaislas\u00a0nuo 4 met\u0173<br \/>\n&#8211;\u00a0rinkin\u012f sudaro\u00a082\u00a0dalys:\u00a030 kalad\u0117li\u0173, 40 smeigtuk\u0173,\u00a010 korteli\u0173 su\u00a020 ra\u0161t\u0173\u00a0, kam\u0161tin\u0117 lenta\u00a0ir\u00a0plaktukas<br \/>\n&#8211; \u017eaislas apima\u00a0ra\u0161t\u0173 atk\u016brim\u0105\u00a0prikalant kalad\u0117les prie kam\u0161tin\u0117s lentos<br \/>\n&#8211;\u00a020\u00a0sukurt\u0173 modeli\u0173\u00a0&#8211; iki 3 sud\u0117tingumo lygi\u0173!<br \/>\n&#8211; \u012fvairi\u0173\u00a0form\u0173\u00a0ir\u00a0spalv\u0173 kalad\u0117l\u0117s<br \/>\n&#8211;\u00a0galite susikurti\u00a0savo vaizd\u0105\/i\u0161d\u0117stym\u0105<br \/>\n&#8211;\u00a0Galite\u00a0pa\u012fvairinti \u017eaidim\u0105\u00a0, jeivaikas\u00a0prisimins\u00a0ir\u00a0atkurs paveiksl\u0117l\u012f<br \/>\n&#8211; suapvalinti\u00a0seifo\u00a0elementai<br \/>\n&#8211;\u00a0elementai pagaminti i\u0161\u00a0med\u017eio<\/p>\n<p>\u017daislas vysto:<\/p>\n<p>&#8211; rankiniai \u012fg\u016bd\u017eiai<br \/>\n&#8211; vaizduot\u0117 ir k\u016brybi\u0161kumas<br \/>\n&#8211; loginis m\u0105stymas<br \/>\n&#8211; koncentracijos<br \/>\n&#8211; \u012fsiminimas<\/p>","protected":false},"excerpt":{"rendered":"<p>Medin\u0117 d\u0117lion\u0117 vinys su plaktuku 20 ra\u0161t\u0173, 82vnt<\/p>","protected":false},"featured_media":55062,"template":"","meta":{"_acf_changed":false,"_glsr_average":0,"_glsr_ranking":0,"_glsr_reviews":0},"product_brand":[],"product_cat":[884,72,883,229],"product_tag":[],"class_list":{"0":"post-70079","1":"product","2":"type-product","3":"status-publish","4":"has-post-thumbnail","6":"product_cat-edukaciniai-lavinamieji-mediniai-zaislai","7":"product_cat-ispardavimas","8":"product_cat-mediniai-zaislai-2","9":"product_cat-zaislai-vaikams","10":"\"style=\"background-color: #2ecc711c;\"","12":"first","13":"instock","14":"sale","15":"purchasable","16":"product-type-simple"},"acf":[],"yoast_head":"<!-- This site is optimized with the Yoast SEO plugin v27.4 - https:\/\/yoast.com\/product\/yoast-seo-wordpress\/ -->\n<title>Medin\u0117 d\u0117lion\u0117 vinys su plaktuku 20 ra\u0161t\u0173, 82vnt<\/title>\n<meta name=\"description\" content=\"Medin\u0117 d\u0117lion\u0117 vinys su plaktuku 20 ra\u0161t\u0173, 82vnt\" \/>\n<meta name=\"robots\" content=\"index, follow, max-snippet:-1, max-image-preview:large, max-video-preview:-1\" \/>\n<link rel=\"canonical\" href=\"https:\/\/kidsplay.lt\/lv\/products\/medine-delione-vinys-su-plaktuku-20-rastu-82vnt-2\/\" \/>\n<meta property=\"og:locale\" content=\"lv_LV\" \/>\n<meta property=\"og:type\" content=\"article\" \/>\n<meta property=\"og:title\" content=\"Medin\u0117 d\u0117lion\u0117 vinys su plaktuku 20 ra\u0161t\u0173, 82vnt\" \/>\n<meta property=\"og:description\" content=\"Medin\u0117 d\u0117lion\u0117 vinys su plaktuku 20 ra\u0161t\u0173, 82vnt\" \/>\n<meta property=\"og:url\" content=\"https:\/\/kidsplay.lt\/lv\/products\/medine-delione-vinys-su-plaktuku-20-rastu-82vnt-2\/\" \/>\n<meta property=\"og:site_name\" content=\"KidsPlay\" \/>\n<meta property=\"article:publisher\" content=\"https:\/\/www.facebook.com\/www.kidsplay.lt\" \/>\n<meta property=\"article:modified_time\" content=\"2026-04-07T08:27:16+00:00\" \/>\n<meta property=\"og:image\" content=\"https:\/\/kidsplay.lt\/wp-content\/uploads\/2024\/09\/Medine-delione-vinys-su-plaktuku-20-rastu-82vnt.jpg\" \/>\n\t<meta property=\"og:image:width\" content=\"750\" \/>\n\t<meta property=\"og:image:height\" content=\"750\" \/>\n\t<meta property=\"og:image:type\" content=\"image\/jpeg\" \/>\n<meta name=\"twitter:card\" content=\"summary_large_image\" \/>\n<meta name=\"twitter:label1\" content=\"Est. reading time\" \/>\n\t<meta name=\"twitter:data1\" content=\"2 min\u016btes\" \/>\n<script type=\"application\/ld+json\" class=\"yoast-schema-graph\">{\"@context\":\"https:\\\/\\\/schema.org\",\"@graph\":[{\"@type\":\"WebPage\",\"@id\":\"https:\\\/\\\/kidsplay.lt\\\/produktas\\\/medine-delione-vinys-su-plaktuku-20-rastu-82vnt-2\\\/\",\"url\":\"https:\\\/\\\/kidsplay.lt\\\/produktas\\\/medine-delione-vinys-su-plaktuku-20-rastu-82vnt-2\\\/\",\"name\":\"Medin\u0117 d\u0117lion\u0117 vinys su plaktuku 20 ra\u0161t\u0173, 82vnt\",\"isPartOf\":{\"@id\":\"https:\\\/\\\/kidsplay.lt\\\/#website\"},\"primaryImageOfPage\":{\"@id\":\"https:\\\/\\\/kidsplay.lt\\\/produktas\\\/medine-delione-vinys-su-plaktuku-20-rastu-82vnt-2\\\/#primaryimage\"},\"image\":{\"@id\":\"https:\\\/\\\/kidsplay.lt\\\/produktas\\\/medine-delione-vinys-su-plaktuku-20-rastu-82vnt-2\\\/#primaryimage\"},\"thumbnailUrl\":\"https:\\\/\\\/kidsplay.lt\\\/wp-content\\\/uploads\\\/2024\\\/09\\\/Medine-delione-vinys-su-plaktuku-20-rastu-82vnt.jpg\",\"datePublished\":\"2025-10-02T10:43:10+00:00\",\"dateModified\":\"2026-04-07T08:27:16+00:00\",\"description\":\"Medin\u0117 d\u0117lion\u0117 vinys su plaktuku 20 ra\u0161t\u0173, 82vnt\",\"breadcrumb\":{\"@id\":\"https:\\\/\\\/kidsplay.lt\\\/produktas\\\/medine-delione-vinys-su-plaktuku-20-rastu-82vnt-2\\\/#breadcrumb\"},\"inLanguage\":\"lv-LV\",\"potentialAction\":[{\"@type\":\"ReadAction\",\"target\":[\"https:\\\/\\\/kidsplay.lt\\\/produktas\\\/medine-delione-vinys-su-plaktuku-20-rastu-82vnt-2\\\/\"]}]},{\"@type\":\"ImageObject\",\"inLanguage\":\"lv-LV\",\"@id\":\"https:\\\/\\\/kidsplay.lt\\\/produktas\\\/medine-delione-vinys-su-plaktuku-20-rastu-82vnt-2\\\/#primaryimage\",\"url\":\"https:\\\/\\\/kidsplay.lt\\\/wp-content\\\/uploads\\\/2024\\\/09\\\/Medine-delione-vinys-su-plaktuku-20-rastu-82vnt.jpg\",\"contentUrl\":\"https:\\\/\\\/kidsplay.lt\\\/wp-content\\\/uploads\\\/2024\\\/09\\\/Medine-delione-vinys-su-plaktuku-20-rastu-82vnt.jpg\",\"width\":750,\"height\":750,\"caption\":\"Medin\u0117 d\u0117lion\u0117 vinys su plaktuku 20 ra\u0161t\u0173\"},{\"@type\":\"BreadcrumbList\",\"@id\":\"https:\\\/\\\/kidsplay.lt\\\/produktas\\\/medine-delione-vinys-su-plaktuku-20-rastu-82vnt-2\\\/#breadcrumb\",\"itemListElement\":[{\"@type\":\"ListItem\",\"position\":1,\"name\":\"Pagrindinis\",\"item\":\"https:\\\/\\\/kidsplay.lt\\\/\"},{\"@type\":\"ListItem\",\"position\":2,\"name\":\"Parduotuv\u0117\",\"item\":\"https:\\\/\\\/kidsplay.lt\\\/parduotuve\\\/\"},{\"@type\":\"ListItem\",\"position\":3,\"name\":\"Medin\u0117 d\u0117lion\u0117 vinys su plaktuku 20 ra\u0161t\u0173, 82vnt\"}]},{\"@type\":\"WebSite\",\"@id\":\"https:\\\/\\\/kidsplay.lt\\\/#website\",\"url\":\"https:\\\/\\\/kidsplay.lt\\\/\",\"name\":\"Kidsplay.lt\",\"description\":\"\u012evairios prek\u0117s vaikams\",\"publisher\":{\"@id\":\"https:\\\/\\\/kidsplay.lt\\\/#organization\"},\"alternateName\":\"Kidsplay\",\"potentialAction\":[{\"@type\":\"SearchAction\",\"target\":{\"@type\":\"EntryPoint\",\"urlTemplate\":\"https:\\\/\\\/kidsplay.lt\\\/?s={search_term_string}\"},\"query-input\":{\"@type\":\"PropertyValueSpecification\",\"valueRequired\":true,\"valueName\":\"search_term_string\"}}],\"inLanguage\":\"lv-LV\"},{\"@type\":\"Organization\",\"@id\":\"https:\\\/\\\/kidsplay.lt\\\/#organization\",\"name\":\"KidsPlay\",\"url\":\"https:\\\/\\\/kidsplay.lt\\\/\",\"logo\":{\"@type\":\"ImageObject\",\"inLanguage\":\"lv-LV\",\"@id\":\"https:\\\/\\\/kidsplay.lt\\\/#\\\/schema\\\/logo\\\/image\\\/\",\"url\":\"https:\\\/\\\/kidsplay.lt\\\/wp-content\\\/uploads\\\/2023\\\/07\\\/kidsplay-logo.png\",\"contentUrl\":\"https:\\\/\\\/kidsplay.lt\\\/wp-content\\\/uploads\\\/2023\\\/07\\\/kidsplay-logo.png\",\"width\":451,\"height\":98,\"caption\":\"KidsPlay\"},\"image\":{\"@id\":\"https:\\\/\\\/kidsplay.lt\\\/#\\\/schema\\\/logo\\\/image\\\/\"},\"sameAs\":[\"https:\\\/\\\/www.facebook.com\\\/www.kidsplay.lt\"]}]}<\/script>\n<!-- \/ Yoast SEO plugin. -->","yoast_head_json":{"title":"Medin\u0117 d\u0117lion\u0117 vinys su plaktuku 20 ra\u0161t\u0173, 82vnt","description":"Medin\u0117 d\u0117lion\u0117 vinys su plaktuku 20 ra\u0161t\u0173, 82vnt","robots":{"index":"index","follow":"follow","max-snippet":"max-snippet:-1","max-image-preview":"max-image-preview:large","max-video-preview":"max-video-preview:-1"},"canonical":"https:\/\/kidsplay.lt\/lv\/products\/medine-delione-vinys-su-plaktuku-20-rastu-82vnt-2\/","og_locale":"lv_LV","og_type":"article","og_title":"Medin\u0117 d\u0117lion\u0117 vinys su plaktuku 20 ra\u0161t\u0173, 82vnt","og_description":"Medin\u0117 d\u0117lion\u0117 vinys su plaktuku 20 ra\u0161t\u0173, 82vnt","og_url":"https:\/\/kidsplay.lt\/lv\/products\/medine-delione-vinys-su-plaktuku-20-rastu-82vnt-2\/","og_site_name":"KidsPlay","article_publisher":"https:\/\/www.facebook.com\/www.kidsplay.lt","article_modified_time":"2026-04-07T08:27:16+00:00","og_image":[{"width":750,"height":750,"url":"https:\/\/kidsplay.lt\/wp-content\/uploads\/2024\/09\/Medine-delione-vinys-su-plaktuku-20-rastu-82vnt.jpg","type":"image\/jpeg"}],"twitter_card":"summary_large_image","twitter_misc":{"Est. reading time":"2 min\u016btes"},"schema":{"@context":"https:\/\/schema.org","@graph":[{"@type":"WebPage","@id":"https:\/\/kidsplay.lt\/produktas\/medine-delione-vinys-su-plaktuku-20-rastu-82vnt-2\/","url":"https:\/\/kidsplay.lt\/produktas\/medine-delione-vinys-su-plaktuku-20-rastu-82vnt-2\/","name":"Medin\u0117 d\u0117lion\u0117 vinys su plaktuku 20 ra\u0161t\u0173, 82vnt","isPartOf":{"@id":"https:\/\/kidsplay.lt\/#website"},"primaryImageOfPage":{"@id":"https:\/\/kidsplay.lt\/produktas\/medine-delione-vinys-su-plaktuku-20-rastu-82vnt-2\/#primaryimage"},"image":{"@id":"https:\/\/kidsplay.lt\/produktas\/medine-delione-vinys-su-plaktuku-20-rastu-82vnt-2\/#primaryimage"},"thumbnailUrl":"https:\/\/kidsplay.lt\/wp-content\/uploads\/2024\/09\/Medine-delione-vinys-su-plaktuku-20-rastu-82vnt.jpg","datePublished":"2025-10-02T10:43:10+00:00","dateModified":"2026-04-07T08:27:16+00:00","description":"Medin\u0117 d\u0117lion\u0117 vinys su plaktuku 20 ra\u0161t\u0173, 82vnt","breadcrumb":{"@id":"https:\/\/kidsplay.lt\/produktas\/medine-delione-vinys-su-plaktuku-20-rastu-82vnt-2\/#breadcrumb"},"inLanguage":"lv-LV","potentialAction":[{"@type":"ReadAction","target":["https:\/\/kidsplay.lt\/produktas\/medine-delione-vinys-su-plaktuku-20-rastu-82vnt-2\/"]}]},{"@type":"ImageObject","inLanguage":"lv-LV","@id":"https:\/\/kidsplay.lt\/produktas\/medine-delione-vinys-su-plaktuku-20-rastu-82vnt-2\/#primaryimage","url":"https:\/\/kidsplay.lt\/wp-content\/uploads\/2024\/09\/Medine-delione-vinys-su-plaktuku-20-rastu-82vnt.jpg","contentUrl":"https:\/\/kidsplay.lt\/wp-content\/uploads\/2024\/09\/Medine-delione-vinys-su-plaktuku-20-rastu-82vnt.jpg","width":750,"height":750,"caption":"Medin\u0117 d\u0117lion\u0117 vinys su plaktuku 20 ra\u0161t\u0173"},{"@type":"BreadcrumbList","@id":"https:\/\/kidsplay.lt\/produktas\/medine-delione-vinys-su-plaktuku-20-rastu-82vnt-2\/#breadcrumb","itemListElement":[{"@type":"ListItem","position":1,"name":"Pagrindinis","item":"https:\/\/kidsplay.lt\/"},{"@type":"ListItem","position":2,"name":"Parduotuv\u0117","item":"https:\/\/kidsplay.lt\/parduotuve\/"},{"@type":"ListItem","position":3,"name":"Medin\u0117 d\u0117lion\u0117 vinys su plaktuku 20 ra\u0161t\u0173, 82vnt"}]},{"@type":"WebSite","@id":"https:\/\/kidsplay.lt\/#website","url":"https:\/\/kidsplay.lt\/","name":"B\u0113rnu sp\u0113les.lv","description":"\u012evairios prek\u0117s vaikams","publisher":{"@id":"https:\/\/kidsplay.lt\/#organization"},"alternateName":"Kidsplay","potentialAction":[{"@type":"SearchAction","target":{"@type":"EntryPoint","urlTemplate":"https:\/\/kidsplay.lt\/?s={search_term_string}"},"query-input":{"@type":"PropertyValueSpecification","valueRequired":true,"valueName":"search_term_string"}}],"inLanguage":"lv-LV"},{"@type":"Organization","@id":"https:\/\/kidsplay.lt\/#organization","name":"B\u0113rnu sp\u0113le","url":"https:\/\/kidsplay.lt\/","logo":{"@type":"ImageObject","inLanguage":"lv-LV","@id":"https:\/\/kidsplay.lt\/#\/schema\/logo\/image\/","url":"https:\/\/kidsplay.lt\/wp-content\/uploads\/2023\/07\/kidsplay-logo.png","contentUrl":"https:\/\/kidsplay.lt\/wp-content\/uploads\/2023\/07\/kidsplay-logo.png","width":451,"height":98,"caption":"KidsPlay"},"image":{"@id":"https:\/\/kidsplay.lt\/#\/schema\/logo\/image\/"},"sameAs":["https:\/\/www.facebook.com\/www.kidsplay.lt"]}]}},"_links":{"self":[{"href":"https:\/\/kidsplay.lt\/lv\/wp-json\/wp\/v2\/product\/70079","targetHints":{"allow":["GET"]}}],"collection":[{"href":"https:\/\/kidsplay.lt\/lv\/wp-json\/wp\/v2\/product"}],"about":[{"href":"https:\/\/kidsplay.lt\/lv\/wp-json\/wp\/v2\/types\/product"}],"version-history":[{"count":3,"href":"https:\/\/kidsplay.lt\/lv\/wp-json\/wp\/v2\/product\/70079\/revisions"}],"predecessor-version":[{"id":80736,"href":"https:\/\/kidsplay.lt\/lv\/wp-json\/wp\/v2\/product\/70079\/revisions\/80736"}],"wp:featuredmedia":[{"embeddable":true,"href":"https:\/\/kidsplay.lt\/lv\/wp-json\/wp\/v2\/media\/55062"}],"wp:attachment":[{"href":"https:\/\/kidsplay.lt\/lv\/wp-json\/wp\/v2\/media?parent=70079"}],"wp:term":[{"taxonomy":"product_brand","embeddable":true,"href":"https:\/\/kidsplay.lt\/lv\/wp-json\/wp\/v2\/product_brand?post=70079"},{"taxonomy":"product_cat","embeddable":true,"href":"https:\/\/kidsplay.lt\/lv\/wp-json\/wp\/v2\/product_cat?post=70079"},{"taxonomy":"product_tag","embeddable":true,"href":"https:\/\/kidsplay.lt\/lv\/wp-json\/wp\/v2\/product_tag?post=70079"}],"curies":[{"name":"wp","href":"https:\/\/api.w.org\/{rel}","templated":true}]}}