{"id":70341,"date":"2025-10-02T13:54:46","date_gmt":"2025-10-02T10:54:46","guid":{"rendered":"https:\/\/kidsplay.lt\/produktas\/medine-skaitmenine-delione-montessori-skaiciai-2\/"},"modified":"2026-04-07T11:27:16","modified_gmt":"2026-04-07T08:27:16","slug":"medine-skaitmenine-delione-montessori-skaiciai-2","status":"publish","type":"product","link":"https:\/\/kidsplay.lt\/lv\/products\/medine-skaitmenine-delione-montessori-skaiciai-2\/","title":{"rendered":"Koka digit\u0101l\u0101 puzle Montessori skait\u013ci"},"content":{"rendered":"<p>Medin\u0117s skai\u010di\u0173 galvos\u016bkiai i\u0161\u00a0CLASSIC WORLD\u00a0yra puikus b\u016bdas prad\u0117ti mokytis skai\u010di\u0173 su \u0161iais mielais gyv\u016bnais. Suderinkite skai\u010dius su vietomis, kad jie atitikt\u0173 tinkamas formas. To d\u0117ka vaikai ne tik pagerins aki\u0173-rank\u0173 koordinacij\u0105, bet ir tur\u0117s galimyb\u0119 i\u0161mokti skai\u010di\u0173 bei \u012fvairi\u0173 gyv\u016bn\u0173. Tai puikus b\u016bdas mokytis \u017eaid\u017eiant, kuriame edukaciniai elementai derinami su gamtos pasaulio pa\u017einimo d\u017eiaugsmu. Vaikams bus labai smagu mokytis skai\u010diuoti ir atpa\u017einti \u012fvairias gyv\u016bn\u0173 r\u016b\u0161is.<\/p>\n<p>Raksturojums:<\/p>\n<p>&#8211; \u017daislas\u00a0nuo 2 met\u0173 am\u017eiaus<br \/>\n&#8211; Rinkin\u012f sudaro 11 medini\u0173 element\u0173, ant kuri\u0173 matomi \u012fvair\u016bs skai\u010diai ir gyv\u016bnai<br \/>\n\u2013 Vaiko u\u017eduotis \u2013 susieti gyv\u016bnus juos atitinkan\u010diais numeriais<\/p>\n<p>\u017daislas vysto:<\/p>\n<p>\u2013 Vaizduot\u0117<br \/>\n&#8211; Loginis m\u0105stymas<br \/>\n&#8211; Rank\u0173 ir aki\u0173 koordinacija<br \/>\n&#8211; Geb\u0117jimas atpa\u017einti spalvas<br \/>\n&#8211; I\u0161mok skai\u010diuoti<\/p>","protected":false},"excerpt":{"rendered":"<p>Koka digit\u0101l\u0101 puzle Montessori skait\u013ci<\/p>","protected":false},"featured_media":55638,"template":"","meta":{"_acf_changed":false,"_glsr_average":0,"_glsr_ranking":0,"_glsr_reviews":0},"product_brand":[],"product_cat":[72,397,883],"product_tag":[],"class_list":{"0":"post-70341","1":"product","2":"type-product","3":"status-publish","4":"has-post-thumbnail","6":"product_cat-ispardavimas","7":"product_cat-medines-deliones-mediniai-zaislai","8":"product_cat-mediniai-zaislai-2","9":"\"style=\"background-color: #2ecc711c;\"","11":"first","12":"instock","13":"sale","14":"purchasable","15":"product-type-simple"},"acf":[],"yoast_head":"<!-- This site is optimized with the Yoast SEO plugin v27.3 - https:\/\/yoast.com\/product\/yoast-seo-wordpress\/ -->\n<title>Medin\u0117 skaitmenin\u0117 d\u0117lion\u0117 Montessori skai\u010diai<\/title>\n<meta name=\"description\" content=\"Medin\u0117 skaitmenin\u0117 d\u0117lion\u0117 Montessori skai\u010diai\" \/>\n<meta name=\"robots\" content=\"index, follow, max-snippet:-1, max-image-preview:large, max-video-preview:-1\" \/>\n<link rel=\"canonical\" href=\"https:\/\/kidsplay.lt\/lv\/products\/medine-skaitmenine-delione-montessori-skaiciai-2\/\" \/>\n<meta property=\"og:locale\" content=\"lv_LV\" \/>\n<meta property=\"og:type\" content=\"article\" \/>\n<meta property=\"og:title\" content=\"Medin\u0117 skaitmenin\u0117 d\u0117lion\u0117 Montessori skai\u010diai\" \/>\n<meta property=\"og:description\" content=\"Medin\u0117 skaitmenin\u0117 d\u0117lion\u0117 Montessori skai\u010diai\" \/>\n<meta property=\"og:url\" content=\"https:\/\/kidsplay.lt\/lv\/products\/medine-skaitmenine-delione-montessori-skaiciai-2\/\" \/>\n<meta property=\"og:site_name\" content=\"KidsPlay\" \/>\n<meta property=\"article:publisher\" content=\"https:\/\/www.facebook.com\/www.kidsplay.lt\" \/>\n<meta property=\"article:modified_time\" content=\"2026-04-07T08:27:16+00:00\" \/>\n<meta property=\"og:image\" content=\"https:\/\/kidsplay.lt\/wp-content\/uploads\/2024\/09\/Medine-skaitmenine-delione-Montessori-skaiciai-800x800.jpg\" \/>\n\t<meta property=\"og:image:width\" content=\"800\" \/>\n\t<meta property=\"og:image:height\" content=\"800\" \/>\n\t<meta property=\"og:image:type\" content=\"image\/jpeg\" \/>\n<meta name=\"twitter:card\" content=\"summary_large_image\" \/>\n<meta name=\"twitter:label1\" content=\"Est. reading time\" \/>\n\t<meta name=\"twitter:data1\" content=\"1 min\u016bte\" \/>\n<script type=\"application\/ld+json\" class=\"yoast-schema-graph\">{\"@context\":\"https:\\\/\\\/schema.org\",\"@graph\":[{\"@type\":\"WebPage\",\"@id\":\"https:\\\/\\\/kidsplay.lt\\\/produktas\\\/medine-skaitmenine-delione-montessori-skaiciai-2\\\/\",\"url\":\"https:\\\/\\\/kidsplay.lt\\\/produktas\\\/medine-skaitmenine-delione-montessori-skaiciai-2\\\/\",\"name\":\"Medin\u0117 skaitmenin\u0117 d\u0117lion\u0117 Montessori skai\u010diai\",\"isPartOf\":{\"@id\":\"https:\\\/\\\/kidsplay.lt\\\/#website\"},\"primaryImageOfPage\":{\"@id\":\"https:\\\/\\\/kidsplay.lt\\\/produktas\\\/medine-skaitmenine-delione-montessori-skaiciai-2\\\/#primaryimage\"},\"image\":{\"@id\":\"https:\\\/\\\/kidsplay.lt\\\/produktas\\\/medine-skaitmenine-delione-montessori-skaiciai-2\\\/#primaryimage\"},\"thumbnailUrl\":\"https:\\\/\\\/kidsplay.lt\\\/wp-content\\\/uploads\\\/2024\\\/09\\\/Medine-skaitmenine-delione-Montessori-skaiciai.jpg\",\"datePublished\":\"2025-10-02T10:54:46+00:00\",\"dateModified\":\"2026-04-07T08:27:16+00:00\",\"description\":\"Medin\u0117 skaitmenin\u0117 d\u0117lion\u0117 Montessori skai\u010diai\",\"breadcrumb\":{\"@id\":\"https:\\\/\\\/kidsplay.lt\\\/produktas\\\/medine-skaitmenine-delione-montessori-skaiciai-2\\\/#breadcrumb\"},\"inLanguage\":\"lv-LV\",\"potentialAction\":[{\"@type\":\"ReadAction\",\"target\":[\"https:\\\/\\\/kidsplay.lt\\\/produktas\\\/medine-skaitmenine-delione-montessori-skaiciai-2\\\/\"]}]},{\"@type\":\"ImageObject\",\"inLanguage\":\"lv-LV\",\"@id\":\"https:\\\/\\\/kidsplay.lt\\\/produktas\\\/medine-skaitmenine-delione-montessori-skaiciai-2\\\/#primaryimage\",\"url\":\"https:\\\/\\\/kidsplay.lt\\\/wp-content\\\/uploads\\\/2024\\\/09\\\/Medine-skaitmenine-delione-Montessori-skaiciai.jpg\",\"contentUrl\":\"https:\\\/\\\/kidsplay.lt\\\/wp-content\\\/uploads\\\/2024\\\/09\\\/Medine-skaitmenine-delione-Montessori-skaiciai.jpg\",\"width\":2560,\"height\":2560,\"caption\":\"Medin\u0117 skaitmenin\u0117 d\u0117lion\u0117 Montessori skai\u010diai\"},{\"@type\":\"BreadcrumbList\",\"@id\":\"https:\\\/\\\/kidsplay.lt\\\/produktas\\\/medine-skaitmenine-delione-montessori-skaiciai-2\\\/#breadcrumb\",\"itemListElement\":[{\"@type\":\"ListItem\",\"position\":1,\"name\":\"Pagrindinis\",\"item\":\"https:\\\/\\\/kidsplay.lt\\\/\"},{\"@type\":\"ListItem\",\"position\":2,\"name\":\"Parduotuv\u0117\",\"item\":\"https:\\\/\\\/kidsplay.lt\\\/parduotuve\\\/\"},{\"@type\":\"ListItem\",\"position\":3,\"name\":\"Medin\u0117 skaitmenin\u0117 d\u0117lion\u0117 Montessori skai\u010diai\"}]},{\"@type\":\"WebSite\",\"@id\":\"https:\\\/\\\/kidsplay.lt\\\/#website\",\"url\":\"https:\\\/\\\/kidsplay.lt\\\/\",\"name\":\"Kidsplay.lt\",\"description\":\"\u012evairios prek\u0117s vaikams\",\"publisher\":{\"@id\":\"https:\\\/\\\/kidsplay.lt\\\/#organization\"},\"alternateName\":\"Kidsplay\",\"potentialAction\":[{\"@type\":\"SearchAction\",\"target\":{\"@type\":\"EntryPoint\",\"urlTemplate\":\"https:\\\/\\\/kidsplay.lt\\\/?s={search_term_string}\"},\"query-input\":{\"@type\":\"PropertyValueSpecification\",\"valueRequired\":true,\"valueName\":\"search_term_string\"}}],\"inLanguage\":\"lv-LV\"},{\"@type\":\"Organization\",\"@id\":\"https:\\\/\\\/kidsplay.lt\\\/#organization\",\"name\":\"KidsPlay\",\"url\":\"https:\\\/\\\/kidsplay.lt\\\/\",\"logo\":{\"@type\":\"ImageObject\",\"inLanguage\":\"lv-LV\",\"@id\":\"https:\\\/\\\/kidsplay.lt\\\/#\\\/schema\\\/logo\\\/image\\\/\",\"url\":\"https:\\\/\\\/kidsplay.lt\\\/wp-content\\\/uploads\\\/2023\\\/07\\\/kidsplay-logo.png\",\"contentUrl\":\"https:\\\/\\\/kidsplay.lt\\\/wp-content\\\/uploads\\\/2023\\\/07\\\/kidsplay-logo.png\",\"width\":451,\"height\":98,\"caption\":\"KidsPlay\"},\"image\":{\"@id\":\"https:\\\/\\\/kidsplay.lt\\\/#\\\/schema\\\/logo\\\/image\\\/\"},\"sameAs\":[\"https:\\\/\\\/www.facebook.com\\\/www.kidsplay.lt\"]}]}<\/script>\n<!-- \/ Yoast SEO plugin. -->","yoast_head_json":{"title":"Koka digit\u0101l\u0101 puzle Montessori skait\u013ci","description":"Koka digit\u0101l\u0101 puzle Montessori skait\u013ci","robots":{"index":"index","follow":"follow","max-snippet":"max-snippet:-1","max-image-preview":"max-image-preview:large","max-video-preview":"max-video-preview:-1"},"canonical":"https:\/\/kidsplay.lt\/lv\/products\/medine-skaitmenine-delione-montessori-skaiciai-2\/","og_locale":"lv_LV","og_type":"article","og_title":"Medin\u0117 skaitmenin\u0117 d\u0117lion\u0117 Montessori skai\u010diai","og_description":"Medin\u0117 skaitmenin\u0117 d\u0117lion\u0117 Montessori skai\u010diai","og_url":"https:\/\/kidsplay.lt\/lv\/products\/medine-skaitmenine-delione-montessori-skaiciai-2\/","og_site_name":"KidsPlay","article_publisher":"https:\/\/www.facebook.com\/www.kidsplay.lt","article_modified_time":"2026-04-07T08:27:16+00:00","og_image":[{"width":800,"height":800,"url":"https:\/\/kidsplay.lt\/wp-content\/uploads\/2024\/09\/Medine-skaitmenine-delione-Montessori-skaiciai-800x800.jpg","type":"image\/jpeg"}],"twitter_card":"summary_large_image","twitter_misc":{"Est. reading time":"1 min\u016bte"},"schema":{"@context":"https:\/\/schema.org","@graph":[{"@type":"WebPage","@id":"https:\/\/kidsplay.lt\/produktas\/medine-skaitmenine-delione-montessori-skaiciai-2\/","url":"https:\/\/kidsplay.lt\/produktas\/medine-skaitmenine-delione-montessori-skaiciai-2\/","name":"Koka digit\u0101l\u0101 puzle Montessori skait\u013ci","isPartOf":{"@id":"https:\/\/kidsplay.lt\/#website"},"primaryImageOfPage":{"@id":"https:\/\/kidsplay.lt\/produktas\/medine-skaitmenine-delione-montessori-skaiciai-2\/#primaryimage"},"image":{"@id":"https:\/\/kidsplay.lt\/produktas\/medine-skaitmenine-delione-montessori-skaiciai-2\/#primaryimage"},"thumbnailUrl":"https:\/\/kidsplay.lt\/wp-content\/uploads\/2024\/09\/Medine-skaitmenine-delione-Montessori-skaiciai.jpg","datePublished":"2025-10-02T10:54:46+00:00","dateModified":"2026-04-07T08:27:16+00:00","description":"Koka digit\u0101l\u0101 puzle Montessori skait\u013ci","breadcrumb":{"@id":"https:\/\/kidsplay.lt\/produktas\/medine-skaitmenine-delione-montessori-skaiciai-2\/#breadcrumb"},"inLanguage":"lv-LV","potentialAction":[{"@type":"ReadAction","target":["https:\/\/kidsplay.lt\/produktas\/medine-skaitmenine-delione-montessori-skaiciai-2\/"]}]},{"@type":"ImageObject","inLanguage":"lv-LV","@id":"https:\/\/kidsplay.lt\/produktas\/medine-skaitmenine-delione-montessori-skaiciai-2\/#primaryimage","url":"https:\/\/kidsplay.lt\/wp-content\/uploads\/2024\/09\/Medine-skaitmenine-delione-Montessori-skaiciai.jpg","contentUrl":"https:\/\/kidsplay.lt\/wp-content\/uploads\/2024\/09\/Medine-skaitmenine-delione-Montessori-skaiciai.jpg","width":2560,"height":2560,"caption":"Medin\u0117 skaitmenin\u0117 d\u0117lion\u0117 Montessori skai\u010diai"},{"@type":"BreadcrumbList","@id":"https:\/\/kidsplay.lt\/produktas\/medine-skaitmenine-delione-montessori-skaiciai-2\/#breadcrumb","itemListElement":[{"@type":"ListItem","position":1,"name":"Pagrindinis","item":"https:\/\/kidsplay.lt\/"},{"@type":"ListItem","position":2,"name":"Parduotuv\u0117","item":"https:\/\/kidsplay.lt\/parduotuve\/"},{"@type":"ListItem","position":3,"name":"Medin\u0117 skaitmenin\u0117 d\u0117lion\u0117 Montessori skai\u010diai"}]},{"@type":"WebSite","@id":"https:\/\/kidsplay.lt\/#website","url":"https:\/\/kidsplay.lt\/","name":"B\u0113rnu sp\u0113les.lv","description":"\u012evairios prek\u0117s vaikams","publisher":{"@id":"https:\/\/kidsplay.lt\/#organization"},"alternateName":"Kidsplay","potentialAction":[{"@type":"SearchAction","target":{"@type":"EntryPoint","urlTemplate":"https:\/\/kidsplay.lt\/?s={search_term_string}"},"query-input":{"@type":"PropertyValueSpecification","valueRequired":true,"valueName":"search_term_string"}}],"inLanguage":"lv-LV"},{"@type":"Organization","@id":"https:\/\/kidsplay.lt\/#organization","name":"B\u0113rnu sp\u0113le","url":"https:\/\/kidsplay.lt\/","logo":{"@type":"ImageObject","inLanguage":"lv-LV","@id":"https:\/\/kidsplay.lt\/#\/schema\/logo\/image\/","url":"https:\/\/kidsplay.lt\/wp-content\/uploads\/2023\/07\/kidsplay-logo.png","contentUrl":"https:\/\/kidsplay.lt\/wp-content\/uploads\/2023\/07\/kidsplay-logo.png","width":451,"height":98,"caption":"KidsPlay"},"image":{"@id":"https:\/\/kidsplay.lt\/#\/schema\/logo\/image\/"},"sameAs":["https:\/\/www.facebook.com\/www.kidsplay.lt"]}]}},"_links":{"self":[{"href":"https:\/\/kidsplay.lt\/lv\/wp-json\/wp\/v2\/product\/70341","targetHints":{"allow":["GET"]}}],"collection":[{"href":"https:\/\/kidsplay.lt\/lv\/wp-json\/wp\/v2\/product"}],"about":[{"href":"https:\/\/kidsplay.lt\/lv\/wp-json\/wp\/v2\/types\/product"}],"version-history":[{"count":3,"href":"https:\/\/kidsplay.lt\/lv\/wp-json\/wp\/v2\/product\/70341\/revisions"}],"predecessor-version":[{"id":80712,"href":"https:\/\/kidsplay.lt\/lv\/wp-json\/wp\/v2\/product\/70341\/revisions\/80712"}],"wp:featuredmedia":[{"embeddable":true,"href":"https:\/\/kidsplay.lt\/lv\/wp-json\/wp\/v2\/media\/55638"}],"wp:attachment":[{"href":"https:\/\/kidsplay.lt\/lv\/wp-json\/wp\/v2\/media?parent=70341"}],"wp:term":[{"taxonomy":"product_brand","embeddable":true,"href":"https:\/\/kidsplay.lt\/lv\/wp-json\/wp\/v2\/product_brand?post=70341"},{"taxonomy":"product_cat","embeddable":true,"href":"https:\/\/kidsplay.lt\/lv\/wp-json\/wp\/v2\/product_cat?post=70341"},{"taxonomy":"product_tag","embeddable":true,"href":"https:\/\/kidsplay.lt\/lv\/wp-json\/wp\/v2\/product_tag?post=70341"}],"curies":[{"name":"wp","href":"https:\/\/api.w.org\/{rel}","templated":true}]}}