{"id":70389,"date":"2025-10-02T13:57:03","date_gmt":"2025-10-02T10:57:03","guid":{"rendered":"https:\/\/kidsplay.lt\/produktas\/3d-montessori-mediniu-galvosukiu-rinkinys-2\/"},"modified":"2026-04-07T11:27:15","modified_gmt":"2026-04-07T08:27:15","slug":"3d-montessori-mediniu-galvosukiu-rinkinys-2","status":"publish","type":"product","link":"https:\/\/kidsplay.lt\/lv\/products\/3d-montessori-mediniu-galvosukiu-rinkinys-2\/","title":{"rendered":"3D Montessori koka puz\u013cu komplekts"},"content":{"rendered":"<p>Medin\u0117s statybin\u0117s kalad\u0117l\u0117s\u00a0i\u0161\u00a0Viga Toys\u00a0yra puikus \u017eaidimas vaikams nuo\u00a03 met\u0173\u00a0. \u0160is erdvinis \u017eaidimas pana\u0161us \u012f 3D dizain\u0105,\u00a0suteikiantis valand\u0173 valand\u0173 mokantis per \u017eaving\u0105 Montessori pramog\u0105\u00a0. \u017daidime reikalaujama, kad \u017eaid\u0117jai statyt\u0173 pastatus naudodami akrilo plok\u0161tes, sukurdami 3D efekt\u0105. Komplekte yra knygel\u0117 su kalad\u0117li\u0173 i\u0161d\u0117stymo pasi\u016blymais \u2013 \u0161ie pasi\u016blymai yra \u012fvairaus sunkumo, palaiko vaiko vystym\u0105si, neriboja jo k\u016brybi\u0161kumo.<\/p>\n<p>Raksturojums:<\/p>\n<p>&#8211; \u017eaidimas skirtas\u00a03 met\u0173 ir\u00a0vyresniems vaikams ,<br \/>\n&#8211; yra\u00a026\u00a0medin\u0117s kalad\u0117l\u0117s,\u00a02\u00a0akrilo plok\u0161t\u0117s,\u00a01\u00a0stovas ir\u00a01\u00a0knygel\u0117 su\u00a032\u00a0konstrukciniais pasi\u016blymais,<br \/>\n&#8211; kalad\u0117l\u0117s ir stovas pagaminti i\u0161\u00a0buko medienos\u00a0ir\u00a0nuda\u017eyti netoksi\u0161kais da\u017eais\u00a0,<br \/>\n&#8211; \u017eaislas pagamintas i\u0161 patvari\u0173 ir sveikatai saugi\u0173 med\u017eiag\u0173.<\/p>\n<p>Rota\u013clieta att\u012bst\u0101s:<\/p>\n<p>&#8211; aki\u0173-rank\u0173 koordinacija,<br \/>\n&#8211;\u00a0loginis m\u0105stymas,<br \/>\n&#8211;\u00a0erdvin\u0117 orientacija,<br \/>\n&#8211; k\u016brybi\u0161kumas,<br \/>\n&#8211; atmintis,<br \/>\n&#8211; vaizduot\u0117.<\/p>\n<p>VIGA TOYS\u00a0yra gra\u017e\u016bs, gerai apgalvoti ir saug\u016bs\u00a0mediniai \u017eaislai\u00a0. Daugiau nei 20 met\u0173 patirtis yra kokyb\u0117s ir puikaus dizaino garantija. Medini\u0173 \u017eaisl\u0173 pasi\u016bla: virtuv\u0117s, aksesuarai, vaik\u0161tyn\u0117s, dvira\u010diai, mokomieji \u017eaislai, muzikiniai \u017eaislai, suvarstomi \u017eaislai, arkadiniai \u017eaislai, plok\u0161\u010dios kalad\u0117l\u0117s, erdviniai blokai, traukiniai ir traukiniai, namai ir teatrai, d\u0117lion\u0117s, \u017eaidimai, mini \u017eaislai , mokykliniai reikmenys ir daugelis kit\u0173.<\/p>","protected":false},"excerpt":{"rendered":"<p>3D Montessori koka puz\u013cu komplekts<\/p>","protected":false},"featured_media":55767,"template":"","meta":{"_acf_changed":false,"_glsr_average":0,"_glsr_ranking":0,"_glsr_reviews":0},"product_brand":[],"product_cat":[72,409,883],"product_tag":[],"class_list":{"0":"post-70389","1":"product","2":"type-product","3":"status-publish","4":"has-post-thumbnail","6":"product_cat-ispardavimas","7":"product_cat-mediniai-konstruktoriai-mediniai-zaislai","8":"product_cat-mediniai-zaislai-2","9":"\"style=\"background-color: #2ecc711c;\"","11":"first","12":"instock","13":"sale","14":"purchasable","15":"product-type-simple"},"acf":[],"yoast_head":"<!-- This site is optimized with the Yoast SEO plugin v27.4 - https:\/\/yoast.com\/product\/yoast-seo-wordpress\/ -->\n<title>3D Montessori medini\u0173 galvos\u016bki\u0173 rinkinys<\/title>\n<meta name=\"description\" content=\"3D Montessori medini\u0173 galvos\u016bki\u0173 rinkinys\" \/>\n<meta name=\"robots\" content=\"index, follow, max-snippet:-1, max-image-preview:large, max-video-preview:-1\" \/>\n<link rel=\"canonical\" href=\"https:\/\/kidsplay.lt\/lv\/products\/3d-montessori-mediniu-galvosukiu-rinkinys-2\/\" \/>\n<meta property=\"og:locale\" content=\"lv_LV\" \/>\n<meta property=\"og:type\" content=\"article\" \/>\n<meta property=\"og:title\" content=\"3D Montessori medini\u0173 galvos\u016bki\u0173 rinkinys\" \/>\n<meta property=\"og:description\" content=\"3D Montessori medini\u0173 galvos\u016bki\u0173 rinkinys\" \/>\n<meta property=\"og:url\" content=\"https:\/\/kidsplay.lt\/lv\/products\/3d-montessori-mediniu-galvosukiu-rinkinys-2\/\" \/>\n<meta property=\"og:site_name\" content=\"KidsPlay\" \/>\n<meta property=\"article:publisher\" content=\"https:\/\/www.facebook.com\/www.kidsplay.lt\" \/>\n<meta property=\"article:modified_time\" content=\"2026-04-07T08:27:15+00:00\" \/>\n<meta property=\"og:image\" content=\"https:\/\/kidsplay.lt\/wp-content\/uploads\/2024\/09\/3D-Montessori-mediniu-galvosukiu-rinkinys.jpg\" \/>\n\t<meta property=\"og:image:width\" content=\"2560\" \/>\n\t<meta property=\"og:image:height\" content=\"2560\" \/>\n\t<meta property=\"og:image:type\" content=\"image\/jpeg\" \/>\n<meta name=\"twitter:card\" content=\"summary_large_image\" \/>\n<meta name=\"twitter:label1\" content=\"Est. reading time\" \/>\n\t<meta name=\"twitter:data1\" content=\"2 min\u016btes\" \/>\n<script type=\"application\/ld+json\" class=\"yoast-schema-graph\">{\"@context\":\"https:\\\/\\\/schema.org\",\"@graph\":[{\"@type\":\"WebPage\",\"@id\":\"https:\\\/\\\/kidsplay.lt\\\/produktas\\\/3d-montessori-mediniu-galvosukiu-rinkinys-2\\\/\",\"url\":\"https:\\\/\\\/kidsplay.lt\\\/produktas\\\/3d-montessori-mediniu-galvosukiu-rinkinys-2\\\/\",\"name\":\"3D Montessori medini\u0173 galvos\u016bki\u0173 rinkinys\",\"isPartOf\":{\"@id\":\"https:\\\/\\\/kidsplay.lt\\\/#website\"},\"primaryImageOfPage\":{\"@id\":\"https:\\\/\\\/kidsplay.lt\\\/produktas\\\/3d-montessori-mediniu-galvosukiu-rinkinys-2\\\/#primaryimage\"},\"image\":{\"@id\":\"https:\\\/\\\/kidsplay.lt\\\/produktas\\\/3d-montessori-mediniu-galvosukiu-rinkinys-2\\\/#primaryimage\"},\"thumbnailUrl\":\"https:\\\/\\\/kidsplay.lt\\\/wp-content\\\/uploads\\\/2024\\\/09\\\/3D-Montessori-mediniu-galvosukiu-rinkinys.jpg\",\"datePublished\":\"2025-10-02T10:57:03+00:00\",\"dateModified\":\"2026-04-07T08:27:15+00:00\",\"description\":\"3D Montessori medini\u0173 galvos\u016bki\u0173 rinkinys\",\"breadcrumb\":{\"@id\":\"https:\\\/\\\/kidsplay.lt\\\/produktas\\\/3d-montessori-mediniu-galvosukiu-rinkinys-2\\\/#breadcrumb\"},\"inLanguage\":\"lv-LV\",\"potentialAction\":[{\"@type\":\"ReadAction\",\"target\":[\"https:\\\/\\\/kidsplay.lt\\\/produktas\\\/3d-montessori-mediniu-galvosukiu-rinkinys-2\\\/\"]}]},{\"@type\":\"ImageObject\",\"inLanguage\":\"lv-LV\",\"@id\":\"https:\\\/\\\/kidsplay.lt\\\/produktas\\\/3d-montessori-mediniu-galvosukiu-rinkinys-2\\\/#primaryimage\",\"url\":\"https:\\\/\\\/kidsplay.lt\\\/wp-content\\\/uploads\\\/2024\\\/09\\\/3D-Montessori-mediniu-galvosukiu-rinkinys.jpg\",\"contentUrl\":\"https:\\\/\\\/kidsplay.lt\\\/wp-content\\\/uploads\\\/2024\\\/09\\\/3D-Montessori-mediniu-galvosukiu-rinkinys.jpg\",\"width\":2560,\"height\":2560,\"caption\":\"3D Montessori medini\u0173 galvos\u016bki\u0173 rinkinys\"},{\"@type\":\"BreadcrumbList\",\"@id\":\"https:\\\/\\\/kidsplay.lt\\\/produktas\\\/3d-montessori-mediniu-galvosukiu-rinkinys-2\\\/#breadcrumb\",\"itemListElement\":[{\"@type\":\"ListItem\",\"position\":1,\"name\":\"Pagrindinis\",\"item\":\"https:\\\/\\\/kidsplay.lt\\\/\"},{\"@type\":\"ListItem\",\"position\":2,\"name\":\"Parduotuv\u0117\",\"item\":\"https:\\\/\\\/kidsplay.lt\\\/parduotuve\\\/\"},{\"@type\":\"ListItem\",\"position\":3,\"name\":\"3D Montessori medini\u0173 galvos\u016bki\u0173 rinkinys\"}]},{\"@type\":\"WebSite\",\"@id\":\"https:\\\/\\\/kidsplay.lt\\\/#website\",\"url\":\"https:\\\/\\\/kidsplay.lt\\\/\",\"name\":\"Kidsplay.lt\",\"description\":\"\u012evairios prek\u0117s vaikams\",\"publisher\":{\"@id\":\"https:\\\/\\\/kidsplay.lt\\\/#organization\"},\"alternateName\":\"Kidsplay\",\"potentialAction\":[{\"@type\":\"SearchAction\",\"target\":{\"@type\":\"EntryPoint\",\"urlTemplate\":\"https:\\\/\\\/kidsplay.lt\\\/?s={search_term_string}\"},\"query-input\":{\"@type\":\"PropertyValueSpecification\",\"valueRequired\":true,\"valueName\":\"search_term_string\"}}],\"inLanguage\":\"lv-LV\"},{\"@type\":\"Organization\",\"@id\":\"https:\\\/\\\/kidsplay.lt\\\/#organization\",\"name\":\"KidsPlay\",\"url\":\"https:\\\/\\\/kidsplay.lt\\\/\",\"logo\":{\"@type\":\"ImageObject\",\"inLanguage\":\"lv-LV\",\"@id\":\"https:\\\/\\\/kidsplay.lt\\\/#\\\/schema\\\/logo\\\/image\\\/\",\"url\":\"https:\\\/\\\/kidsplay.lt\\\/wp-content\\\/uploads\\\/2023\\\/07\\\/kidsplay-logo.png\",\"contentUrl\":\"https:\\\/\\\/kidsplay.lt\\\/wp-content\\\/uploads\\\/2023\\\/07\\\/kidsplay-logo.png\",\"width\":451,\"height\":98,\"caption\":\"KidsPlay\"},\"image\":{\"@id\":\"https:\\\/\\\/kidsplay.lt\\\/#\\\/schema\\\/logo\\\/image\\\/\"},\"sameAs\":[\"https:\\\/\\\/www.facebook.com\\\/www.kidsplay.lt\"]}]}<\/script>\n<!-- \/ Yoast SEO plugin. -->","yoast_head_json":{"title":"3D Montessori koka puz\u013cu komplekts","description":"3D Montessori koka puz\u013cu komplekts","robots":{"index":"index","follow":"follow","max-snippet":"max-snippet:-1","max-image-preview":"max-image-preview:large","max-video-preview":"max-video-preview:-1"},"canonical":"https:\/\/kidsplay.lt\/lv\/products\/3d-montessori-mediniu-galvosukiu-rinkinys-2\/","og_locale":"lv_LV","og_type":"article","og_title":"3D Montessori medini\u0173 galvos\u016bki\u0173 rinkinys","og_description":"3D Montessori medini\u0173 galvos\u016bki\u0173 rinkinys","og_url":"https:\/\/kidsplay.lt\/lv\/products\/3d-montessori-mediniu-galvosukiu-rinkinys-2\/","og_site_name":"KidsPlay","article_publisher":"https:\/\/www.facebook.com\/www.kidsplay.lt","article_modified_time":"2026-04-07T08:27:15+00:00","og_image":[{"width":2560,"height":2560,"url":"https:\/\/kidsplay.lt\/wp-content\/uploads\/2024\/09\/3D-Montessori-mediniu-galvosukiu-rinkinys.jpg","type":"image\/jpeg"}],"twitter_card":"summary_large_image","twitter_misc":{"Est. reading time":"2 min\u016btes"},"schema":{"@context":"https:\/\/schema.org","@graph":[{"@type":"WebPage","@id":"https:\/\/kidsplay.lt\/produktas\/3d-montessori-mediniu-galvosukiu-rinkinys-2\/","url":"https:\/\/kidsplay.lt\/produktas\/3d-montessori-mediniu-galvosukiu-rinkinys-2\/","name":"3D Montessori koka puz\u013cu komplekts","isPartOf":{"@id":"https:\/\/kidsplay.lt\/#website"},"primaryImageOfPage":{"@id":"https:\/\/kidsplay.lt\/produktas\/3d-montessori-mediniu-galvosukiu-rinkinys-2\/#primaryimage"},"image":{"@id":"https:\/\/kidsplay.lt\/produktas\/3d-montessori-mediniu-galvosukiu-rinkinys-2\/#primaryimage"},"thumbnailUrl":"https:\/\/kidsplay.lt\/wp-content\/uploads\/2024\/09\/3D-Montessori-mediniu-galvosukiu-rinkinys.jpg","datePublished":"2025-10-02T10:57:03+00:00","dateModified":"2026-04-07T08:27:15+00:00","description":"3D Montessori koka puz\u013cu komplekts","breadcrumb":{"@id":"https:\/\/kidsplay.lt\/produktas\/3d-montessori-mediniu-galvosukiu-rinkinys-2\/#breadcrumb"},"inLanguage":"lv-LV","potentialAction":[{"@type":"ReadAction","target":["https:\/\/kidsplay.lt\/produktas\/3d-montessori-mediniu-galvosukiu-rinkinys-2\/"]}]},{"@type":"ImageObject","inLanguage":"lv-LV","@id":"https:\/\/kidsplay.lt\/produktas\/3d-montessori-mediniu-galvosukiu-rinkinys-2\/#primaryimage","url":"https:\/\/kidsplay.lt\/wp-content\/uploads\/2024\/09\/3D-Montessori-mediniu-galvosukiu-rinkinys.jpg","contentUrl":"https:\/\/kidsplay.lt\/wp-content\/uploads\/2024\/09\/3D-Montessori-mediniu-galvosukiu-rinkinys.jpg","width":2560,"height":2560,"caption":"3D Montessori medini\u0173 galvos\u016bki\u0173 rinkinys"},{"@type":"BreadcrumbList","@id":"https:\/\/kidsplay.lt\/produktas\/3d-montessori-mediniu-galvosukiu-rinkinys-2\/#breadcrumb","itemListElement":[{"@type":"ListItem","position":1,"name":"Pagrindinis","item":"https:\/\/kidsplay.lt\/"},{"@type":"ListItem","position":2,"name":"Parduotuv\u0117","item":"https:\/\/kidsplay.lt\/parduotuve\/"},{"@type":"ListItem","position":3,"name":"3D Montessori medini\u0173 galvos\u016bki\u0173 rinkinys"}]},{"@type":"WebSite","@id":"https:\/\/kidsplay.lt\/#website","url":"https:\/\/kidsplay.lt\/","name":"B\u0113rnu sp\u0113les.lv","description":"\u012evairios prek\u0117s vaikams","publisher":{"@id":"https:\/\/kidsplay.lt\/#organization"},"alternateName":"Kidsplay","potentialAction":[{"@type":"SearchAction","target":{"@type":"EntryPoint","urlTemplate":"https:\/\/kidsplay.lt\/?s={search_term_string}"},"query-input":{"@type":"PropertyValueSpecification","valueRequired":true,"valueName":"search_term_string"}}],"inLanguage":"lv-LV"},{"@type":"Organization","@id":"https:\/\/kidsplay.lt\/#organization","name":"B\u0113rnu sp\u0113le","url":"https:\/\/kidsplay.lt\/","logo":{"@type":"ImageObject","inLanguage":"lv-LV","@id":"https:\/\/kidsplay.lt\/#\/schema\/logo\/image\/","url":"https:\/\/kidsplay.lt\/wp-content\/uploads\/2023\/07\/kidsplay-logo.png","contentUrl":"https:\/\/kidsplay.lt\/wp-content\/uploads\/2023\/07\/kidsplay-logo.png","width":451,"height":98,"caption":"KidsPlay"},"image":{"@id":"https:\/\/kidsplay.lt\/#\/schema\/logo\/image\/"},"sameAs":["https:\/\/www.facebook.com\/www.kidsplay.lt"]}]}},"_links":{"self":[{"href":"https:\/\/kidsplay.lt\/lv\/wp-json\/wp\/v2\/product\/70389","targetHints":{"allow":["GET"]}}],"collection":[{"href":"https:\/\/kidsplay.lt\/lv\/wp-json\/wp\/v2\/product"}],"about":[{"href":"https:\/\/kidsplay.lt\/lv\/wp-json\/wp\/v2\/types\/product"}],"version-history":[{"count":3,"href":"https:\/\/kidsplay.lt\/lv\/wp-json\/wp\/v2\/product\/70389\/revisions"}],"predecessor-version":[{"id":80727,"href":"https:\/\/kidsplay.lt\/lv\/wp-json\/wp\/v2\/product\/70389\/revisions\/80727"}],"wp:featuredmedia":[{"embeddable":true,"href":"https:\/\/kidsplay.lt\/lv\/wp-json\/wp\/v2\/media\/55767"}],"wp:attachment":[{"href":"https:\/\/kidsplay.lt\/lv\/wp-json\/wp\/v2\/media?parent=70389"}],"wp:term":[{"taxonomy":"product_brand","embeddable":true,"href":"https:\/\/kidsplay.lt\/lv\/wp-json\/wp\/v2\/product_brand?post=70389"},{"taxonomy":"product_cat","embeddable":true,"href":"https:\/\/kidsplay.lt\/lv\/wp-json\/wp\/v2\/product_cat?post=70389"},{"taxonomy":"product_tag","embeddable":true,"href":"https:\/\/kidsplay.lt\/lv\/wp-json\/wp\/v2\/product_tag?post=70389"}],"curies":[{"name":"wp","href":"https:\/\/api.w.org\/{rel}","templated":true}]}}