{"id":70403,"date":"2025-10-02T13:57:34","date_gmt":"2025-10-02T10:57:34","guid":{"rendered":"https:\/\/kidsplay.lt\/produktas\/viga-medine-spalvinga-delione-su-smeigtukais-ir-formomis\/"},"modified":"2026-04-07T11:27:15","modified_gmt":"2026-04-07T08:27:15","slug":"viga-medine-spalvinga-delione-su-smeigtukais-ir-formomis","status":"publish","type":"product","link":"https:\/\/kidsplay.lt\/lv\/products\/viga-medine-spalvinga-delione-su-smeigtukais-ir-formomis\/","title":{"rendered":"VIGA koka kr\u0101saina puzle ar adat\u0101m un form\u0101m"},"content":{"rendered":"<p>Medin\u0117 \u201e Viga\u00a0\u00a0\u201c\u00a0\u00a0d\u0117lion\u0117\u00a0yra populiarus \u017eaislas, kuris ne tik atlieka tradicin\u0117s d\u0117lion\u0117s funkcij\u0105, bet ir leid\u017eia vaikams lavinti rank\u0173 \u012fg\u016bd\u017eius bei form\u0173 atpa\u017einim\u0105.\u00a0\u00a0\u0160is \u017eaidimas, tinkantis 18 m\u0117nesi\u0173 ir vyresniems vaikams, padeda lavinti tikslius rank\u0173 judesius ir gerina aki\u0173 bei rank\u0173 koordinacij\u0105.\u00a0\u00a0Spalvingos d\u0117lion\u0117s yra vizualiai patrauklios ir skatina \u017eaisti. Rinkin\u012f sudaro a\u0161tuonios \u012fvairi\u0173 spalv\u0173 ir form\u0173 d\u0117lion\u0117s detal\u0117s. D\u0117lion\u0117s turi rankenas, kad ma\u017eyliams b\u016bt\u0173 lengva jas pakelti.<\/p>\n<p>\u017daislas pagamintas i\u0161 auk\u0161tos kokyb\u0117s medienos, tod\u0117l yra patvarus. Gamyboje naudojamos ekologi\u0161kos ir visi\u0161kai saugios med\u017eiagos bei da\u017eai.<\/p>\n<p>Rakstur\u012bgs:<\/p>\n<p>&#8211; rinkin\u012f sudaro 8 d\u0117lion\u0117s ir lenta,<br \/>\n&#8211; vaiko u\u017eduotis \u2013 suderinti tinkamas d\u0117lion\u0117s formas su vietomis lentoje,<br \/>\n&#8211; d\u0117lion\u0117s turi kai\u0161\u010dius\/ranken\u0117les, kad ma\u017eos vaiko rankyt\u0117s gal\u0117t\u0173 jas lengvai pakelti,<br \/>\n&#8211; pagaminta i\u0161 auk\u0161tos kokyb\u0117s med\u017eiagos,<br \/>\n&#8211; da\u017eyta netoksi\u0161kais da\u017eais, saugi vaikams,<\/p>\n<p>Rota\u013clieta att\u012bst\u0101s:<\/p>\n<p>&#8211; motoriniai \u012fg\u016bd\u017eiai,<br \/>\n&#8211; loginis m\u0105stymas,<br \/>\n&#8211; k\u016brybi\u0161kumas,<br \/>\n&#8211; vikrumas,<br \/>\n&#8211; vaizduot\u0117.<\/p>","protected":false},"excerpt":{"rendered":"<p>VIGA medin\u0117 spalvinga d\u0117lion\u0117 su smeigtukais ir formomis<\/p>","protected":false},"featured_media":67672,"template":"","meta":{"_acf_changed":false,"_glsr_average":0,"_glsr_ranking":0,"_glsr_reviews":0},"product_brand":[],"product_cat":[72,397,883],"product_tag":[],"class_list":{"0":"post-70403","1":"product","2":"type-product","3":"status-publish","4":"has-post-thumbnail","6":"product_cat-ispardavimas","7":"product_cat-medines-deliones-mediniai-zaislai","8":"product_cat-mediniai-zaislai-2","9":"\"style=\"background-color: #2ecc711c;\"","11":"first","12":"instock","13":"sale","14":"purchasable","15":"product-type-simple"},"acf":[],"yoast_head":"<!-- This site is optimized with the Yoast SEO plugin v27.3 - https:\/\/yoast.com\/product\/yoast-seo-wordpress\/ -->\n<title>\ufeff VIGA medin\u0117 spalvinga d\u0117lion\u0117 su smeigtukais ir formomis<\/title>\n<meta name=\"description\" content=\"\ufeff VIGA medin\u0117 spalvinga d\u0117lion\u0117 su smeigtukais ir formomis\" \/>\n<meta name=\"robots\" content=\"index, follow, max-snippet:-1, max-image-preview:large, max-video-preview:-1\" \/>\n<link rel=\"canonical\" href=\"https:\/\/kidsplay.lt\/lv\/products\/viga-medine-spalvinga-delione-su-smeigtukais-ir-formomis\/\" \/>\n<meta property=\"og:locale\" content=\"lv_LV\" \/>\n<meta property=\"og:type\" content=\"article\" \/>\n<meta property=\"og:title\" content=\"\ufeff VIGA medin\u0117 spalvinga d\u0117lion\u0117 su smeigtukais ir formomis\" \/>\n<meta property=\"og:description\" content=\"\ufeff VIGA medin\u0117 spalvinga d\u0117lion\u0117 su smeigtukais ir formomis\" \/>\n<meta property=\"og:url\" content=\"https:\/\/kidsplay.lt\/lv\/products\/viga-medine-spalvinga-delione-su-smeigtukais-ir-formomis\/\" \/>\n<meta property=\"og:site_name\" content=\"KidsPlay\" \/>\n<meta property=\"article:publisher\" content=\"https:\/\/www.facebook.com\/www.kidsplay.lt\" \/>\n<meta property=\"article:modified_time\" content=\"2026-04-07T08:27:15+00:00\" \/>\n<meta property=\"og:image\" content=\"https:\/\/kidsplay.lt\/wp-content\/uploads\/2025\/09\/\ufeff-VIGA-medine-spalvinga-delione-su-smeigtukais-ir-formomis.jpg\" \/>\n\t<meta property=\"og:image:width\" content=\"2451\" \/>\n\t<meta property=\"og:image:height\" content=\"2451\" \/>\n\t<meta property=\"og:image:type\" content=\"image\/jpeg\" \/>\n<meta name=\"twitter:card\" content=\"summary_large_image\" \/>\n<meta name=\"twitter:label1\" content=\"Est. reading time\" \/>\n\t<meta name=\"twitter:data1\" content=\"1 min\u016bte\" \/>\n<script type=\"application\/ld+json\" class=\"yoast-schema-graph\">{\"@context\":\"https:\\\/\\\/schema.org\",\"@graph\":[{\"@type\":\"WebPage\",\"@id\":\"https:\\\/\\\/kidsplay.lt\\\/produktas\\\/viga-medine-spalvinga-delione-su-smeigtukais-ir-formomis\\\/\",\"url\":\"https:\\\/\\\/kidsplay.lt\\\/produktas\\\/viga-medine-spalvinga-delione-su-smeigtukais-ir-formomis\\\/\",\"name\":\"\ufeff VIGA medin\u0117 spalvinga d\u0117lion\u0117 su smeigtukais ir formomis\",\"isPartOf\":{\"@id\":\"https:\\\/\\\/kidsplay.lt\\\/#website\"},\"primaryImageOfPage\":{\"@id\":\"https:\\\/\\\/kidsplay.lt\\\/produktas\\\/viga-medine-spalvinga-delione-su-smeigtukais-ir-formomis\\\/#primaryimage\"},\"image\":{\"@id\":\"https:\\\/\\\/kidsplay.lt\\\/produktas\\\/viga-medine-spalvinga-delione-su-smeigtukais-ir-formomis\\\/#primaryimage\"},\"thumbnailUrl\":\"https:\\\/\\\/kidsplay.lt\\\/wp-content\\\/uploads\\\/2025\\\/09\\\/\ufeff-VIGA-medine-spalvinga-delione-su-smeigtukais-ir-formomis.jpg\",\"datePublished\":\"2025-10-02T10:57:34+00:00\",\"dateModified\":\"2026-04-07T08:27:15+00:00\",\"description\":\"\ufeff VIGA medin\u0117 spalvinga d\u0117lion\u0117 su smeigtukais ir formomis\",\"breadcrumb\":{\"@id\":\"https:\\\/\\\/kidsplay.lt\\\/produktas\\\/viga-medine-spalvinga-delione-su-smeigtukais-ir-formomis\\\/#breadcrumb\"},\"inLanguage\":\"lv-LV\",\"potentialAction\":[{\"@type\":\"ReadAction\",\"target\":[\"https:\\\/\\\/kidsplay.lt\\\/produktas\\\/viga-medine-spalvinga-delione-su-smeigtukais-ir-formomis\\\/\"]}]},{\"@type\":\"ImageObject\",\"inLanguage\":\"lv-LV\",\"@id\":\"https:\\\/\\\/kidsplay.lt\\\/produktas\\\/viga-medine-spalvinga-delione-su-smeigtukais-ir-formomis\\\/#primaryimage\",\"url\":\"https:\\\/\\\/kidsplay.lt\\\/wp-content\\\/uploads\\\/2025\\\/09\\\/\ufeff-VIGA-medine-spalvinga-delione-su-smeigtukais-ir-formomis.jpg\",\"contentUrl\":\"https:\\\/\\\/kidsplay.lt\\\/wp-content\\\/uploads\\\/2025\\\/09\\\/\ufeff-VIGA-medine-spalvinga-delione-su-smeigtukais-ir-formomis.jpg\",\"width\":2451,\"height\":2451,\"caption\":\"\ufeff VIGA medin\u0117 spalvinga d\u0117lion\u0117 su smeigtukais ir formomis\"},{\"@type\":\"BreadcrumbList\",\"@id\":\"https:\\\/\\\/kidsplay.lt\\\/produktas\\\/viga-medine-spalvinga-delione-su-smeigtukais-ir-formomis\\\/#breadcrumb\",\"itemListElement\":[{\"@type\":\"ListItem\",\"position\":1,\"name\":\"Pagrindinis\",\"item\":\"https:\\\/\\\/kidsplay.lt\\\/\"},{\"@type\":\"ListItem\",\"position\":2,\"name\":\"Parduotuv\u0117\",\"item\":\"https:\\\/\\\/kidsplay.lt\\\/parduotuve\\\/\"},{\"@type\":\"ListItem\",\"position\":3,\"name\":\"\ufeff VIGA medin\u0117 spalvinga d\u0117lion\u0117 su smeigtukais ir formomis\"}]},{\"@type\":\"WebSite\",\"@id\":\"https:\\\/\\\/kidsplay.lt\\\/#website\",\"url\":\"https:\\\/\\\/kidsplay.lt\\\/\",\"name\":\"Kidsplay.lt\",\"description\":\"\u012evairios prek\u0117s vaikams\",\"publisher\":{\"@id\":\"https:\\\/\\\/kidsplay.lt\\\/#organization\"},\"alternateName\":\"Kidsplay\",\"potentialAction\":[{\"@type\":\"SearchAction\",\"target\":{\"@type\":\"EntryPoint\",\"urlTemplate\":\"https:\\\/\\\/kidsplay.lt\\\/?s={search_term_string}\"},\"query-input\":{\"@type\":\"PropertyValueSpecification\",\"valueRequired\":true,\"valueName\":\"search_term_string\"}}],\"inLanguage\":\"lv-LV\"},{\"@type\":\"Organization\",\"@id\":\"https:\\\/\\\/kidsplay.lt\\\/#organization\",\"name\":\"KidsPlay\",\"url\":\"https:\\\/\\\/kidsplay.lt\\\/\",\"logo\":{\"@type\":\"ImageObject\",\"inLanguage\":\"lv-LV\",\"@id\":\"https:\\\/\\\/kidsplay.lt\\\/#\\\/schema\\\/logo\\\/image\\\/\",\"url\":\"https:\\\/\\\/kidsplay.lt\\\/wp-content\\\/uploads\\\/2023\\\/07\\\/kidsplay-logo.png\",\"contentUrl\":\"https:\\\/\\\/kidsplay.lt\\\/wp-content\\\/uploads\\\/2023\\\/07\\\/kidsplay-logo.png\",\"width\":451,\"height\":98,\"caption\":\"KidsPlay\"},\"image\":{\"@id\":\"https:\\\/\\\/kidsplay.lt\\\/#\\\/schema\\\/logo\\\/image\\\/\"},\"sameAs\":[\"https:\\\/\\\/www.facebook.com\\\/www.kidsplay.lt\"]}]}<\/script>\n<!-- \/ Yoast SEO plugin. -->","yoast_head_json":{"title":"VIGA koka kr\u0101saina puzle ar adat\u0101m un form\u0101m","description":"VIGA koka kr\u0101saina puzle ar adat\u0101m un form\u0101m","robots":{"index":"index","follow":"follow","max-snippet":"max-snippet:-1","max-image-preview":"max-image-preview:large","max-video-preview":"max-video-preview:-1"},"canonical":"https:\/\/kidsplay.lt\/lv\/products\/viga-medine-spalvinga-delione-su-smeigtukais-ir-formomis\/","og_locale":"lv_LV","og_type":"article","og_title":"\ufeff VIGA medin\u0117 spalvinga d\u0117lion\u0117 su smeigtukais ir formomis","og_description":"\ufeff VIGA medin\u0117 spalvinga d\u0117lion\u0117 su smeigtukais ir formomis","og_url":"https:\/\/kidsplay.lt\/lv\/products\/viga-medine-spalvinga-delione-su-smeigtukais-ir-formomis\/","og_site_name":"KidsPlay","article_publisher":"https:\/\/www.facebook.com\/www.kidsplay.lt","article_modified_time":"2026-04-07T08:27:15+00:00","og_image":[{"width":2451,"height":2451,"url":"https:\/\/kidsplay.lt\/wp-content\/uploads\/2025\/09\/\ufeff-VIGA-medine-spalvinga-delione-su-smeigtukais-ir-formomis.jpg","type":"image\/jpeg"}],"twitter_card":"summary_large_image","twitter_misc":{"Est. reading time":"1 min\u016bte"},"schema":{"@context":"https:\/\/schema.org","@graph":[{"@type":"WebPage","@id":"https:\/\/kidsplay.lt\/produktas\/viga-medine-spalvinga-delione-su-smeigtukais-ir-formomis\/","url":"https:\/\/kidsplay.lt\/produktas\/viga-medine-spalvinga-delione-su-smeigtukais-ir-formomis\/","name":"VIGA koka kr\u0101saina puzle ar adat\u0101m un form\u0101m","isPartOf":{"@id":"https:\/\/kidsplay.lt\/#website"},"primaryImageOfPage":{"@id":"https:\/\/kidsplay.lt\/produktas\/viga-medine-spalvinga-delione-su-smeigtukais-ir-formomis\/#primaryimage"},"image":{"@id":"https:\/\/kidsplay.lt\/produktas\/viga-medine-spalvinga-delione-su-smeigtukais-ir-formomis\/#primaryimage"},"thumbnailUrl":"https:\/\/kidsplay.lt\/wp-content\/uploads\/2025\/09\/\ufeff-VIGA-medine-spalvinga-delione-su-smeigtukais-ir-formomis.jpg","datePublished":"2025-10-02T10:57:34+00:00","dateModified":"2026-04-07T08:27:15+00:00","description":"VIGA koka kr\u0101saina puzle ar adat\u0101m un form\u0101m","breadcrumb":{"@id":"https:\/\/kidsplay.lt\/produktas\/viga-medine-spalvinga-delione-su-smeigtukais-ir-formomis\/#breadcrumb"},"inLanguage":"lv-LV","potentialAction":[{"@type":"ReadAction","target":["https:\/\/kidsplay.lt\/produktas\/viga-medine-spalvinga-delione-su-smeigtukais-ir-formomis\/"]}]},{"@type":"ImageObject","inLanguage":"lv-LV","@id":"https:\/\/kidsplay.lt\/produktas\/viga-medine-spalvinga-delione-su-smeigtukais-ir-formomis\/#primaryimage","url":"https:\/\/kidsplay.lt\/wp-content\/uploads\/2025\/09\/\ufeff-VIGA-medine-spalvinga-delione-su-smeigtukais-ir-formomis.jpg","contentUrl":"https:\/\/kidsplay.lt\/wp-content\/uploads\/2025\/09\/\ufeff-VIGA-medine-spalvinga-delione-su-smeigtukais-ir-formomis.jpg","width":2451,"height":2451,"caption":"\ufeff VIGA medin\u0117 spalvinga d\u0117lion\u0117 su smeigtukais ir formomis"},{"@type":"BreadcrumbList","@id":"https:\/\/kidsplay.lt\/produktas\/viga-medine-spalvinga-delione-su-smeigtukais-ir-formomis\/#breadcrumb","itemListElement":[{"@type":"ListItem","position":1,"name":"Pagrindinis","item":"https:\/\/kidsplay.lt\/"},{"@type":"ListItem","position":2,"name":"Parduotuv\u0117","item":"https:\/\/kidsplay.lt\/parduotuve\/"},{"@type":"ListItem","position":3,"name":"\ufeff VIGA medin\u0117 spalvinga d\u0117lion\u0117 su smeigtukais ir formomis"}]},{"@type":"WebSite","@id":"https:\/\/kidsplay.lt\/#website","url":"https:\/\/kidsplay.lt\/","name":"B\u0113rnu sp\u0113les.lv","description":"\u012evairios prek\u0117s vaikams","publisher":{"@id":"https:\/\/kidsplay.lt\/#organization"},"alternateName":"Kidsplay","potentialAction":[{"@type":"SearchAction","target":{"@type":"EntryPoint","urlTemplate":"https:\/\/kidsplay.lt\/?s={search_term_string}"},"query-input":{"@type":"PropertyValueSpecification","valueRequired":true,"valueName":"search_term_string"}}],"inLanguage":"lv-LV"},{"@type":"Organization","@id":"https:\/\/kidsplay.lt\/#organization","name":"B\u0113rnu sp\u0113le","url":"https:\/\/kidsplay.lt\/","logo":{"@type":"ImageObject","inLanguage":"lv-LV","@id":"https:\/\/kidsplay.lt\/#\/schema\/logo\/image\/","url":"https:\/\/kidsplay.lt\/wp-content\/uploads\/2023\/07\/kidsplay-logo.png","contentUrl":"https:\/\/kidsplay.lt\/wp-content\/uploads\/2023\/07\/kidsplay-logo.png","width":451,"height":98,"caption":"KidsPlay"},"image":{"@id":"https:\/\/kidsplay.lt\/#\/schema\/logo\/image\/"},"sameAs":["https:\/\/www.facebook.com\/www.kidsplay.lt"]}]}},"_links":{"self":[{"href":"https:\/\/kidsplay.lt\/lv\/wp-json\/wp\/v2\/product\/70403","targetHints":{"allow":["GET"]}}],"collection":[{"href":"https:\/\/kidsplay.lt\/lv\/wp-json\/wp\/v2\/product"}],"about":[{"href":"https:\/\/kidsplay.lt\/lv\/wp-json\/wp\/v2\/types\/product"}],"version-history":[{"count":3,"href":"https:\/\/kidsplay.lt\/lv\/wp-json\/wp\/v2\/product\/70403\/revisions"}],"predecessor-version":[{"id":80716,"href":"https:\/\/kidsplay.lt\/lv\/wp-json\/wp\/v2\/product\/70403\/revisions\/80716"}],"wp:featuredmedia":[{"embeddable":true,"href":"https:\/\/kidsplay.lt\/lv\/wp-json\/wp\/v2\/media\/67672"}],"wp:attachment":[{"href":"https:\/\/kidsplay.lt\/lv\/wp-json\/wp\/v2\/media?parent=70403"}],"wp:term":[{"taxonomy":"product_brand","embeddable":true,"href":"https:\/\/kidsplay.lt\/lv\/wp-json\/wp\/v2\/product_brand?post=70403"},{"taxonomy":"product_cat","embeddable":true,"href":"https:\/\/kidsplay.lt\/lv\/wp-json\/wp\/v2\/product_cat?post=70403"},{"taxonomy":"product_tag","embeddable":true,"href":"https:\/\/kidsplay.lt\/lv\/wp-json\/wp\/v2\/product_tag?post=70403"}],"curies":[{"name":"wp","href":"https:\/\/api.w.org\/{rel}","templated":true}]}}