{"id":70407,"date":"2025-10-02T13:57:45","date_gmt":"2025-10-02T10:57:45","guid":{"rendered":"https:\/\/kidsplay.lt\/produktas\/medinis-magnetinis-zaidimas-laikrodis-magnetinis-labirintas-2\/"},"modified":"2026-04-20T10:47:43","modified_gmt":"2026-04-20T07:47:43","slug":"medinis-magnetinis-zaidimas-laikrodis-magnetinis-labirintas-2","status":"publish","type":"product","link":"https:\/\/kidsplay.lt\/lv\/products\/medinis-magnetinis-zaidimas-laikrodis-magnetinis-labirintas-2\/","title":{"rendered":"Koka magn\u0113tisk\u0101 sp\u0113le Pulkstenis Magn\u0113tiskais labirints"},"content":{"rendered":"<p>Medinis \u201eViga\u201c magnetinio laikrod\u017eio \u017eaidimas yra vienas i\u0161 pirmaujan\u010di\u0173 \u017eaisl\u0173, kurie tarnaus ilgai ir suteiks j\u016bs\u0173 vaikui daug met\u0173 \u012fdomi\u0173 ir k\u016brybing\u0173 pramog\u0173. Spalvingas magnetinio laikrod\u017eio \u017eaidimas d\u017eiugina ak\u012f ir skatina \u017eaisti. Ant lentos pritvirtintos virvel\u0117s yra magnetin\u0117 lazdel\u0117, kuria galite perkelti kamuoliukus.<\/p>\n<p>Laikrodyje yra labirintas su kamuoliukais, kuriuos per vis\u0105 labirint\u0105 galima nukreipti dviem b\u016bdais. Tradici\u0161kai \u2013 naudojant magnetin\u0119 \u201elazdel\u0119\u201c, kuri reikalauja vaiko susikaupimo, tikslumo ir loginio m\u0105stymo. Antrasis b\u016bdas \u2013 \u017eaislo pasukimas, kuris papildomai pagerins koncentracijos jausm\u0105 ir login\u012f m\u0105stym\u0105.<\/p>\n<p>\u017daislas pagamintas i\u0161 med\u017eio, labirintas ir rutuliai yra u\u017e vientiso, permatomo organinio stiklo lango.<\/p>","protected":false},"excerpt":{"rendered":"<p>Koka magn\u0113tisk\u0101 sp\u0113le Pulkstenis Magn\u0113tiskais labirints<\/p>","protected":false},"featured_media":55838,"template":"","meta":{"_acf_changed":false,"_glsr_average":0,"_glsr_ranking":0,"_glsr_reviews":0},"product_brand":[],"product_cat":[884,72,883],"product_tag":[],"class_list":{"0":"post-70407","1":"product","2":"type-product","3":"status-publish","4":"has-post-thumbnail","6":"product_cat-edukaciniai-lavinamieji-mediniai-zaislai","7":"product_cat-ispardavimas","8":"product_cat-mediniai-zaislai-2","9":"\"style=\"background-color: #2ecc711c;\"","11":"first","12":"instock","13":"sale","14":"purchasable","15":"product-type-simple"},"acf":[],"yoast_head":"<!-- This site is optimized with the Yoast SEO plugin v27.4 - https:\/\/yoast.com\/product\/yoast-seo-wordpress\/ -->\n<title>Medinis magnetinis \u017eaidimas Laikrodis Magnetinis labirintas<\/title>\n<meta name=\"description\" content=\"Medinis magnetinis \u017eaidimas Laikrodis Magnetinis labirintas\" \/>\n<meta name=\"robots\" content=\"index, follow, max-snippet:-1, max-image-preview:large, max-video-preview:-1\" \/>\n<link rel=\"canonical\" href=\"https:\/\/kidsplay.lt\/lv\/products\/medinis-magnetinis-zaidimas-laikrodis-magnetinis-labirintas-2\/\" \/>\n<meta property=\"og:locale\" content=\"lv_LV\" \/>\n<meta property=\"og:type\" content=\"article\" \/>\n<meta property=\"og:title\" content=\"Medinis magnetinis \u017eaidimas Laikrodis Magnetinis labirintas\" \/>\n<meta property=\"og:description\" content=\"Medinis magnetinis \u017eaidimas Laikrodis Magnetinis labirintas\" \/>\n<meta property=\"og:url\" content=\"https:\/\/kidsplay.lt\/lv\/products\/medinis-magnetinis-zaidimas-laikrodis-magnetinis-labirintas-2\/\" \/>\n<meta property=\"og:site_name\" content=\"KidsPlay\" \/>\n<meta property=\"article:publisher\" content=\"https:\/\/www.facebook.com\/www.kidsplay.lt\" \/>\n<meta property=\"article:modified_time\" content=\"2026-04-20T07:47:43+00:00\" \/>\n<meta property=\"og:image\" content=\"https:\/\/kidsplay.lt\/wp-content\/uploads\/2024\/09\/Medinis-magnetinis-zaidimas-Laikrodis-Magnetinis-labirintas.jpg\" \/>\n\t<meta property=\"og:image:width\" content=\"2200\" \/>\n\t<meta property=\"og:image:height\" content=\"2200\" \/>\n\t<meta property=\"og:image:type\" content=\"image\/jpeg\" \/>\n<meta name=\"twitter:card\" content=\"summary_large_image\" \/>\n<meta name=\"twitter:label1\" content=\"Est. reading time\" \/>\n\t<meta name=\"twitter:data1\" content=\"1 min\u016bte\" \/>\n<script type=\"application\/ld+json\" class=\"yoast-schema-graph\">{\"@context\":\"https:\\\/\\\/schema.org\",\"@graph\":[{\"@type\":\"WebPage\",\"@id\":\"https:\\\/\\\/kidsplay.lt\\\/produktas\\\/medinis-magnetinis-zaidimas-laikrodis-magnetinis-labirintas-2\\\/\",\"url\":\"https:\\\/\\\/kidsplay.lt\\\/produktas\\\/medinis-magnetinis-zaidimas-laikrodis-magnetinis-labirintas-2\\\/\",\"name\":\"Medinis magnetinis \u017eaidimas Laikrodis Magnetinis labirintas\",\"isPartOf\":{\"@id\":\"https:\\\/\\\/kidsplay.lt\\\/#website\"},\"primaryImageOfPage\":{\"@id\":\"https:\\\/\\\/kidsplay.lt\\\/produktas\\\/medinis-magnetinis-zaidimas-laikrodis-magnetinis-labirintas-2\\\/#primaryimage\"},\"image\":{\"@id\":\"https:\\\/\\\/kidsplay.lt\\\/produktas\\\/medinis-magnetinis-zaidimas-laikrodis-magnetinis-labirintas-2\\\/#primaryimage\"},\"thumbnailUrl\":\"https:\\\/\\\/kidsplay.lt\\\/wp-content\\\/uploads\\\/2024\\\/09\\\/Medinis-magnetinis-zaidimas-Laikrodis-Magnetinis-labirintas.jpg\",\"datePublished\":\"2025-10-02T10:57:45+00:00\",\"dateModified\":\"2026-04-20T07:47:43+00:00\",\"description\":\"Medinis magnetinis \u017eaidimas Laikrodis Magnetinis labirintas\",\"breadcrumb\":{\"@id\":\"https:\\\/\\\/kidsplay.lt\\\/produktas\\\/medinis-magnetinis-zaidimas-laikrodis-magnetinis-labirintas-2\\\/#breadcrumb\"},\"inLanguage\":\"lv-LV\",\"potentialAction\":[{\"@type\":\"ReadAction\",\"target\":[\"https:\\\/\\\/kidsplay.lt\\\/produktas\\\/medinis-magnetinis-zaidimas-laikrodis-magnetinis-labirintas-2\\\/\"]}]},{\"@type\":\"ImageObject\",\"inLanguage\":\"lv-LV\",\"@id\":\"https:\\\/\\\/kidsplay.lt\\\/produktas\\\/medinis-magnetinis-zaidimas-laikrodis-magnetinis-labirintas-2\\\/#primaryimage\",\"url\":\"https:\\\/\\\/kidsplay.lt\\\/wp-content\\\/uploads\\\/2024\\\/09\\\/Medinis-magnetinis-zaidimas-Laikrodis-Magnetinis-labirintas.jpg\",\"contentUrl\":\"https:\\\/\\\/kidsplay.lt\\\/wp-content\\\/uploads\\\/2024\\\/09\\\/Medinis-magnetinis-zaidimas-Laikrodis-Magnetinis-labirintas.jpg\",\"width\":2200,\"height\":2200,\"caption\":\"Medinis magnetinis \u017eaidimas Laikrodis Magnetinis labirintas\"},{\"@type\":\"BreadcrumbList\",\"@id\":\"https:\\\/\\\/kidsplay.lt\\\/produktas\\\/medinis-magnetinis-zaidimas-laikrodis-magnetinis-labirintas-2\\\/#breadcrumb\",\"itemListElement\":[{\"@type\":\"ListItem\",\"position\":1,\"name\":\"Pagrindinis\",\"item\":\"https:\\\/\\\/kidsplay.lt\\\/\"},{\"@type\":\"ListItem\",\"position\":2,\"name\":\"Parduotuv\u0117\",\"item\":\"https:\\\/\\\/kidsplay.lt\\\/parduotuve\\\/\"},{\"@type\":\"ListItem\",\"position\":3,\"name\":\"Medinis magnetinis \u017eaidimas Laikrodis Magnetinis labirintas\"}]},{\"@type\":\"WebSite\",\"@id\":\"https:\\\/\\\/kidsplay.lt\\\/#website\",\"url\":\"https:\\\/\\\/kidsplay.lt\\\/\",\"name\":\"Kidsplay.lt\",\"description\":\"\u012evairios prek\u0117s vaikams\",\"publisher\":{\"@id\":\"https:\\\/\\\/kidsplay.lt\\\/#organization\"},\"alternateName\":\"Kidsplay\",\"potentialAction\":[{\"@type\":\"SearchAction\",\"target\":{\"@type\":\"EntryPoint\",\"urlTemplate\":\"https:\\\/\\\/kidsplay.lt\\\/?s={search_term_string}\"},\"query-input\":{\"@type\":\"PropertyValueSpecification\",\"valueRequired\":true,\"valueName\":\"search_term_string\"}}],\"inLanguage\":\"lv-LV\"},{\"@type\":\"Organization\",\"@id\":\"https:\\\/\\\/kidsplay.lt\\\/#organization\",\"name\":\"KidsPlay\",\"url\":\"https:\\\/\\\/kidsplay.lt\\\/\",\"logo\":{\"@type\":\"ImageObject\",\"inLanguage\":\"lv-LV\",\"@id\":\"https:\\\/\\\/kidsplay.lt\\\/#\\\/schema\\\/logo\\\/image\\\/\",\"url\":\"https:\\\/\\\/kidsplay.lt\\\/wp-content\\\/uploads\\\/2023\\\/07\\\/kidsplay-logo.png\",\"contentUrl\":\"https:\\\/\\\/kidsplay.lt\\\/wp-content\\\/uploads\\\/2023\\\/07\\\/kidsplay-logo.png\",\"width\":451,\"height\":98,\"caption\":\"KidsPlay\"},\"image\":{\"@id\":\"https:\\\/\\\/kidsplay.lt\\\/#\\\/schema\\\/logo\\\/image\\\/\"},\"sameAs\":[\"https:\\\/\\\/www.facebook.com\\\/www.kidsplay.lt\"]}]}<\/script>\n<!-- \/ Yoast SEO plugin. -->","yoast_head_json":{"title":"Koka magn\u0113tisk\u0101 sp\u0113le Pulkstenis Magn\u0113tiskais labirints","description":"Koka magn\u0113tisk\u0101 sp\u0113le Pulkstenis Magn\u0113tiskais labirints","robots":{"index":"index","follow":"follow","max-snippet":"max-snippet:-1","max-image-preview":"max-image-preview:large","max-video-preview":"max-video-preview:-1"},"canonical":"https:\/\/kidsplay.lt\/lv\/products\/medinis-magnetinis-zaidimas-laikrodis-magnetinis-labirintas-2\/","og_locale":"lv_LV","og_type":"article","og_title":"Medinis magnetinis \u017eaidimas Laikrodis Magnetinis labirintas","og_description":"Medinis magnetinis \u017eaidimas Laikrodis Magnetinis labirintas","og_url":"https:\/\/kidsplay.lt\/lv\/products\/medinis-magnetinis-zaidimas-laikrodis-magnetinis-labirintas-2\/","og_site_name":"KidsPlay","article_publisher":"https:\/\/www.facebook.com\/www.kidsplay.lt","article_modified_time":"2026-04-20T07:47:43+00:00","og_image":[{"width":2200,"height":2200,"url":"https:\/\/kidsplay.lt\/wp-content\/uploads\/2024\/09\/Medinis-magnetinis-zaidimas-Laikrodis-Magnetinis-labirintas.jpg","type":"image\/jpeg"}],"twitter_card":"summary_large_image","twitter_misc":{"Est. reading time":"1 min\u016bte"},"schema":{"@context":"https:\/\/schema.org","@graph":[{"@type":"WebPage","@id":"https:\/\/kidsplay.lt\/produktas\/medinis-magnetinis-zaidimas-laikrodis-magnetinis-labirintas-2\/","url":"https:\/\/kidsplay.lt\/produktas\/medinis-magnetinis-zaidimas-laikrodis-magnetinis-labirintas-2\/","name":"Koka magn\u0113tisk\u0101 sp\u0113le Pulkstenis Magn\u0113tiskais labirints","isPartOf":{"@id":"https:\/\/kidsplay.lt\/#website"},"primaryImageOfPage":{"@id":"https:\/\/kidsplay.lt\/produktas\/medinis-magnetinis-zaidimas-laikrodis-magnetinis-labirintas-2\/#primaryimage"},"image":{"@id":"https:\/\/kidsplay.lt\/produktas\/medinis-magnetinis-zaidimas-laikrodis-magnetinis-labirintas-2\/#primaryimage"},"thumbnailUrl":"https:\/\/kidsplay.lt\/wp-content\/uploads\/2024\/09\/Medinis-magnetinis-zaidimas-Laikrodis-Magnetinis-labirintas.jpg","datePublished":"2025-10-02T10:57:45+00:00","dateModified":"2026-04-20T07:47:43+00:00","description":"Koka magn\u0113tisk\u0101 sp\u0113le Pulkstenis Magn\u0113tiskais labirints","breadcrumb":{"@id":"https:\/\/kidsplay.lt\/produktas\/medinis-magnetinis-zaidimas-laikrodis-magnetinis-labirintas-2\/#breadcrumb"},"inLanguage":"lv-LV","potentialAction":[{"@type":"ReadAction","target":["https:\/\/kidsplay.lt\/produktas\/medinis-magnetinis-zaidimas-laikrodis-magnetinis-labirintas-2\/"]}]},{"@type":"ImageObject","inLanguage":"lv-LV","@id":"https:\/\/kidsplay.lt\/produktas\/medinis-magnetinis-zaidimas-laikrodis-magnetinis-labirintas-2\/#primaryimage","url":"https:\/\/kidsplay.lt\/wp-content\/uploads\/2024\/09\/Medinis-magnetinis-zaidimas-Laikrodis-Magnetinis-labirintas.jpg","contentUrl":"https:\/\/kidsplay.lt\/wp-content\/uploads\/2024\/09\/Medinis-magnetinis-zaidimas-Laikrodis-Magnetinis-labirintas.jpg","width":2200,"height":2200,"caption":"Medinis magnetinis \u017eaidimas Laikrodis Magnetinis labirintas"},{"@type":"BreadcrumbList","@id":"https:\/\/kidsplay.lt\/produktas\/medinis-magnetinis-zaidimas-laikrodis-magnetinis-labirintas-2\/#breadcrumb","itemListElement":[{"@type":"ListItem","position":1,"name":"Pagrindinis","item":"https:\/\/kidsplay.lt\/"},{"@type":"ListItem","position":2,"name":"Parduotuv\u0117","item":"https:\/\/kidsplay.lt\/parduotuve\/"},{"@type":"ListItem","position":3,"name":"Medinis magnetinis \u017eaidimas Laikrodis Magnetinis labirintas"}]},{"@type":"WebSite","@id":"https:\/\/kidsplay.lt\/#website","url":"https:\/\/kidsplay.lt\/","name":"B\u0113rnu sp\u0113les.lv","description":"\u012evairios prek\u0117s vaikams","publisher":{"@id":"https:\/\/kidsplay.lt\/#organization"},"alternateName":"Kidsplay","potentialAction":[{"@type":"SearchAction","target":{"@type":"EntryPoint","urlTemplate":"https:\/\/kidsplay.lt\/?s={search_term_string}"},"query-input":{"@type":"PropertyValueSpecification","valueRequired":true,"valueName":"search_term_string"}}],"inLanguage":"lv-LV"},{"@type":"Organization","@id":"https:\/\/kidsplay.lt\/#organization","name":"B\u0113rnu sp\u0113le","url":"https:\/\/kidsplay.lt\/","logo":{"@type":"ImageObject","inLanguage":"lv-LV","@id":"https:\/\/kidsplay.lt\/#\/schema\/logo\/image\/","url":"https:\/\/kidsplay.lt\/wp-content\/uploads\/2023\/07\/kidsplay-logo.png","contentUrl":"https:\/\/kidsplay.lt\/wp-content\/uploads\/2023\/07\/kidsplay-logo.png","width":451,"height":98,"caption":"KidsPlay"},"image":{"@id":"https:\/\/kidsplay.lt\/#\/schema\/logo\/image\/"},"sameAs":["https:\/\/www.facebook.com\/www.kidsplay.lt"]}]}},"_links":{"self":[{"href":"https:\/\/kidsplay.lt\/lv\/wp-json\/wp\/v2\/product\/70407","targetHints":{"allow":["GET"]}}],"collection":[{"href":"https:\/\/kidsplay.lt\/lv\/wp-json\/wp\/v2\/product"}],"about":[{"href":"https:\/\/kidsplay.lt\/lv\/wp-json\/wp\/v2\/types\/product"}],"version-history":[{"count":3,"href":"https:\/\/kidsplay.lt\/lv\/wp-json\/wp\/v2\/product\/70407\/revisions"}],"predecessor-version":[{"id":80754,"href":"https:\/\/kidsplay.lt\/lv\/wp-json\/wp\/v2\/product\/70407\/revisions\/80754"}],"wp:featuredmedia":[{"embeddable":true,"href":"https:\/\/kidsplay.lt\/lv\/wp-json\/wp\/v2\/media\/55838"}],"wp:attachment":[{"href":"https:\/\/kidsplay.lt\/lv\/wp-json\/wp\/v2\/media?parent=70407"}],"wp:term":[{"taxonomy":"product_brand","embeddable":true,"href":"https:\/\/kidsplay.lt\/lv\/wp-json\/wp\/v2\/product_brand?post=70407"},{"taxonomy":"product_cat","embeddable":true,"href":"https:\/\/kidsplay.lt\/lv\/wp-json\/wp\/v2\/product_cat?post=70407"},{"taxonomy":"product_tag","embeddable":true,"href":"https:\/\/kidsplay.lt\/lv\/wp-json\/wp\/v2\/product_tag?post=70407"}],"curies":[{"name":"wp","href":"https:\/\/api.w.org\/{rel}","templated":true}]}}