{"id":70415,"date":"2025-10-02T13:58:00","date_gmt":"2025-10-02T10:58:00","guid":{"rendered":"https:\/\/kidsplay.lt\/produktas\/medinis-rusiuotojas-su-piramides-kaladelemis-2\/"},"modified":"2026-04-07T11:27:14","modified_gmt":"2026-04-07T08:27:14","slug":"medinis-rusiuotojas-su-piramides-kaladelemis-2","status":"publish","type":"product","link":"https:\/\/kidsplay.lt\/lv\/products\/medinis-rusiuotojas-su-piramides-kaladelemis-2\/","title":{"rendered":"Medinis r\u016b\u0161iuotojas su piramid\u0117s kalad\u0117l\u0117mis"},"content":{"rendered":"<p>Spalvinga Viga r\u016b\u0161iuotoja yra \u017eaislas, kuris patiks kiekvienam vaikui.<\/p>\n<p>Subtilios pastelin\u0117s spalvos ir darbo estetika paskatins kiekvien\u0105 vaik\u0105 \u017eaisti.<\/p>\n<p>Charakteristika:<\/p>\n<p>&#8211; vaiko u\u017eduotis yra suderinti kalad\u0117li\u0173 formas su ant j\u0173 u\u017ed\u0117tomis spalvingomis gyv\u016bn\u0173 fig\u016br\u0117l\u0117mis ir \u012fstumti jas \u012f atitinkam\u0105 skylut\u0119 taip, kad jos pereit\u0173 \u012f kit\u0105 penki\u0173 medini\u0173 pie\u0161iniais i\u0161klotos piramid\u0117s formos d\u0117lion\u0117s kra\u0161t\u0173 pus\u0119;<br \/>\n&#8211; vis\u0105 \u017eaisl\u0173 serij\u0105\u00a0\u00a0POLAR BEAR\u00a0\u00a0suk\u016br\u0117 VIGA, siekdama patenkinti t\u0117v\u0173 ir vaik\u0173 l\u016bkes\u010dius gerinant j\u0173 raidos proces\u0105 \u017eaid\u017eiant,<br \/>\n&#8211; visas daiktas pagamintas i\u0161 lakuoto med\u017eio ir nuda\u017eytas netoksi\u0161kais da\u017eais \u201epoliarin\u0117mis\u201c spalvomis, kurios patenkins kiekvien\u0105 vartotoj\u0105 ir suteiks daug malonumo.<\/p>\n<p>\u017daislas vysto:<\/p>\n<p>&#8211; aki\u0173-rank\u0173 koordinacija,<br \/>\n&#8211; rank\u0173 miklumas,<br \/>\n&#8211; vaizduot\u0117,<br \/>\n&#8211; k\u016brybi\u0161kumas.<\/p>","protected":false},"excerpt":{"rendered":"<p>Medinis r\u016b\u0161iuotojas su piramid\u0117s kalad\u0117l\u0117mis<\/p>","protected":false},"featured_media":55848,"template":"","meta":{"_acf_changed":false,"_glsr_average":0,"_glsr_ranking":0,"_glsr_reviews":0},"product_brand":[],"product_cat":[72,396],"product_tag":[],"class_list":{"0":"post-70415","1":"product","2":"type-product","3":"status-publish","4":"has-post-thumbnail","6":"product_cat-ispardavimas","7":"product_cat-kudikiu-zaislai-vaikams2","8":"\"style=\"background-color: #2ecc711c;\"","10":"first","11":"instock","12":"sale","13":"purchasable","14":"product-type-simple"},"acf":[],"yoast_head":"<!-- This site is optimized with the Yoast SEO plugin v27.3 - https:\/\/yoast.com\/product\/yoast-seo-wordpress\/ -->\n<title>Medinis r\u016b\u0161iuotojas su piramid\u0117s kalad\u0117l\u0117mis<\/title>\n<meta name=\"description\" content=\"Medinis r\u016b\u0161iuotojas su piramid\u0117s kalad\u0117l\u0117mis\" \/>\n<meta name=\"robots\" content=\"index, follow, max-snippet:-1, max-image-preview:large, max-video-preview:-1\" \/>\n<link rel=\"canonical\" href=\"https:\/\/kidsplay.lt\/lv\/products\/medinis-rusiuotojas-su-piramides-kaladelemis-2\/\" \/>\n<meta property=\"og:locale\" content=\"lv_LV\" \/>\n<meta property=\"og:type\" content=\"article\" \/>\n<meta property=\"og:title\" content=\"Medinis r\u016b\u0161iuotojas su piramid\u0117s kalad\u0117l\u0117mis\" \/>\n<meta property=\"og:description\" content=\"Medinis r\u016b\u0161iuotojas su piramid\u0117s kalad\u0117l\u0117mis\" \/>\n<meta property=\"og:url\" content=\"https:\/\/kidsplay.lt\/lv\/products\/medinis-rusiuotojas-su-piramides-kaladelemis-2\/\" \/>\n<meta property=\"og:site_name\" content=\"KidsPlay\" \/>\n<meta property=\"article:publisher\" content=\"https:\/\/www.facebook.com\/www.kidsplay.lt\" \/>\n<meta property=\"article:modified_time\" content=\"2026-04-07T08:27:14+00:00\" \/>\n<meta property=\"og:image\" content=\"https:\/\/kidsplay.lt\/wp-content\/uploads\/2024\/09\/Medinis-rusiuotojas-su-piramides-kaladelemis.jpg\" \/>\n\t<meta property=\"og:image:width\" content=\"1173\" \/>\n\t<meta property=\"og:image:height\" content=\"1173\" \/>\n\t<meta property=\"og:image:type\" content=\"image\/jpeg\" \/>\n<meta name=\"twitter:card\" content=\"summary_large_image\" \/>\n<meta name=\"twitter:label1\" content=\"Est. reading time\" \/>\n\t<meta name=\"twitter:data1\" content=\"1 min\u016bte\" \/>\n<script type=\"application\/ld+json\" class=\"yoast-schema-graph\">{\"@context\":\"https:\\\/\\\/schema.org\",\"@graph\":[{\"@type\":\"WebPage\",\"@id\":\"https:\\\/\\\/kidsplay.lt\\\/produktas\\\/medinis-rusiuotojas-su-piramides-kaladelemis-2\\\/\",\"url\":\"https:\\\/\\\/kidsplay.lt\\\/produktas\\\/medinis-rusiuotojas-su-piramides-kaladelemis-2\\\/\",\"name\":\"Medinis r\u016b\u0161iuotojas su piramid\u0117s kalad\u0117l\u0117mis\",\"isPartOf\":{\"@id\":\"https:\\\/\\\/kidsplay.lt\\\/#website\"},\"primaryImageOfPage\":{\"@id\":\"https:\\\/\\\/kidsplay.lt\\\/produktas\\\/medinis-rusiuotojas-su-piramides-kaladelemis-2\\\/#primaryimage\"},\"image\":{\"@id\":\"https:\\\/\\\/kidsplay.lt\\\/produktas\\\/medinis-rusiuotojas-su-piramides-kaladelemis-2\\\/#primaryimage\"},\"thumbnailUrl\":\"https:\\\/\\\/kidsplay.lt\\\/wp-content\\\/uploads\\\/2024\\\/09\\\/Medinis-rusiuotojas-su-piramides-kaladelemis.jpg\",\"datePublished\":\"2025-10-02T10:58:00+00:00\",\"dateModified\":\"2026-04-07T08:27:14+00:00\",\"description\":\"Medinis r\u016b\u0161iuotojas su piramid\u0117s kalad\u0117l\u0117mis\",\"breadcrumb\":{\"@id\":\"https:\\\/\\\/kidsplay.lt\\\/produktas\\\/medinis-rusiuotojas-su-piramides-kaladelemis-2\\\/#breadcrumb\"},\"inLanguage\":\"lv-LV\",\"potentialAction\":[{\"@type\":\"ReadAction\",\"target\":[\"https:\\\/\\\/kidsplay.lt\\\/produktas\\\/medinis-rusiuotojas-su-piramides-kaladelemis-2\\\/\"]}]},{\"@type\":\"ImageObject\",\"inLanguage\":\"lv-LV\",\"@id\":\"https:\\\/\\\/kidsplay.lt\\\/produktas\\\/medinis-rusiuotojas-su-piramides-kaladelemis-2\\\/#primaryimage\",\"url\":\"https:\\\/\\\/kidsplay.lt\\\/wp-content\\\/uploads\\\/2024\\\/09\\\/Medinis-rusiuotojas-su-piramides-kaladelemis.jpg\",\"contentUrl\":\"https:\\\/\\\/kidsplay.lt\\\/wp-content\\\/uploads\\\/2024\\\/09\\\/Medinis-rusiuotojas-su-piramides-kaladelemis.jpg\",\"width\":1173,\"height\":1173,\"caption\":\"Medinis r\u016b\u0161iuotojas su piramid\u0117s kalad\u0117l\u0117mis\"},{\"@type\":\"BreadcrumbList\",\"@id\":\"https:\\\/\\\/kidsplay.lt\\\/produktas\\\/medinis-rusiuotojas-su-piramides-kaladelemis-2\\\/#breadcrumb\",\"itemListElement\":[{\"@type\":\"ListItem\",\"position\":1,\"name\":\"Pagrindinis\",\"item\":\"https:\\\/\\\/kidsplay.lt\\\/\"},{\"@type\":\"ListItem\",\"position\":2,\"name\":\"Parduotuv\u0117\",\"item\":\"https:\\\/\\\/kidsplay.lt\\\/parduotuve\\\/\"},{\"@type\":\"ListItem\",\"position\":3,\"name\":\"Medinis r\u016b\u0161iuotojas su piramid\u0117s kalad\u0117l\u0117mis\"}]},{\"@type\":\"WebSite\",\"@id\":\"https:\\\/\\\/kidsplay.lt\\\/#website\",\"url\":\"https:\\\/\\\/kidsplay.lt\\\/\",\"name\":\"Kidsplay.lt\",\"description\":\"\u012evairios prek\u0117s vaikams\",\"publisher\":{\"@id\":\"https:\\\/\\\/kidsplay.lt\\\/#organization\"},\"alternateName\":\"Kidsplay\",\"potentialAction\":[{\"@type\":\"SearchAction\",\"target\":{\"@type\":\"EntryPoint\",\"urlTemplate\":\"https:\\\/\\\/kidsplay.lt\\\/?s={search_term_string}\"},\"query-input\":{\"@type\":\"PropertyValueSpecification\",\"valueRequired\":true,\"valueName\":\"search_term_string\"}}],\"inLanguage\":\"lv-LV\"},{\"@type\":\"Organization\",\"@id\":\"https:\\\/\\\/kidsplay.lt\\\/#organization\",\"name\":\"KidsPlay\",\"url\":\"https:\\\/\\\/kidsplay.lt\\\/\",\"logo\":{\"@type\":\"ImageObject\",\"inLanguage\":\"lv-LV\",\"@id\":\"https:\\\/\\\/kidsplay.lt\\\/#\\\/schema\\\/logo\\\/image\\\/\",\"url\":\"https:\\\/\\\/kidsplay.lt\\\/wp-content\\\/uploads\\\/2023\\\/07\\\/kidsplay-logo.png\",\"contentUrl\":\"https:\\\/\\\/kidsplay.lt\\\/wp-content\\\/uploads\\\/2023\\\/07\\\/kidsplay-logo.png\",\"width\":451,\"height\":98,\"caption\":\"KidsPlay\"},\"image\":{\"@id\":\"https:\\\/\\\/kidsplay.lt\\\/#\\\/schema\\\/logo\\\/image\\\/\"},\"sameAs\":[\"https:\\\/\\\/www.facebook.com\\\/www.kidsplay.lt\"]}]}<\/script>\n<!-- \/ Yoast SEO plugin. -->","yoast_head_json":{"title":"Medinis r\u016b\u0161iuotojas su piramid\u0117s kalad\u0117l\u0117mis","description":"Medinis r\u016b\u0161iuotojas su piramid\u0117s kalad\u0117l\u0117mis","robots":{"index":"index","follow":"follow","max-snippet":"max-snippet:-1","max-image-preview":"max-image-preview:large","max-video-preview":"max-video-preview:-1"},"canonical":"https:\/\/kidsplay.lt\/lv\/products\/medinis-rusiuotojas-su-piramides-kaladelemis-2\/","og_locale":"lv_LV","og_type":"article","og_title":"Medinis r\u016b\u0161iuotojas su piramid\u0117s kalad\u0117l\u0117mis","og_description":"Medinis r\u016b\u0161iuotojas su piramid\u0117s kalad\u0117l\u0117mis","og_url":"https:\/\/kidsplay.lt\/lv\/products\/medinis-rusiuotojas-su-piramides-kaladelemis-2\/","og_site_name":"KidsPlay","article_publisher":"https:\/\/www.facebook.com\/www.kidsplay.lt","article_modified_time":"2026-04-07T08:27:14+00:00","og_image":[{"width":1173,"height":1173,"url":"https:\/\/kidsplay.lt\/wp-content\/uploads\/2024\/09\/Medinis-rusiuotojas-su-piramides-kaladelemis.jpg","type":"image\/jpeg"}],"twitter_card":"summary_large_image","twitter_misc":{"Est. reading time":"1 min\u016bte"},"schema":{"@context":"https:\/\/schema.org","@graph":[{"@type":"WebPage","@id":"https:\/\/kidsplay.lt\/produktas\/medinis-rusiuotojas-su-piramides-kaladelemis-2\/","url":"https:\/\/kidsplay.lt\/produktas\/medinis-rusiuotojas-su-piramides-kaladelemis-2\/","name":"Medinis r\u016b\u0161iuotojas su piramid\u0117s kalad\u0117l\u0117mis","isPartOf":{"@id":"https:\/\/kidsplay.lt\/#website"},"primaryImageOfPage":{"@id":"https:\/\/kidsplay.lt\/produktas\/medinis-rusiuotojas-su-piramides-kaladelemis-2\/#primaryimage"},"image":{"@id":"https:\/\/kidsplay.lt\/produktas\/medinis-rusiuotojas-su-piramides-kaladelemis-2\/#primaryimage"},"thumbnailUrl":"https:\/\/kidsplay.lt\/wp-content\/uploads\/2024\/09\/Medinis-rusiuotojas-su-piramides-kaladelemis.jpg","datePublished":"2025-10-02T10:58:00+00:00","dateModified":"2026-04-07T08:27:14+00:00","description":"Medinis r\u016b\u0161iuotojas su piramid\u0117s kalad\u0117l\u0117mis","breadcrumb":{"@id":"https:\/\/kidsplay.lt\/produktas\/medinis-rusiuotojas-su-piramides-kaladelemis-2\/#breadcrumb"},"inLanguage":"lv-LV","potentialAction":[{"@type":"ReadAction","target":["https:\/\/kidsplay.lt\/produktas\/medinis-rusiuotojas-su-piramides-kaladelemis-2\/"]}]},{"@type":"ImageObject","inLanguage":"lv-LV","@id":"https:\/\/kidsplay.lt\/produktas\/medinis-rusiuotojas-su-piramides-kaladelemis-2\/#primaryimage","url":"https:\/\/kidsplay.lt\/wp-content\/uploads\/2024\/09\/Medinis-rusiuotojas-su-piramides-kaladelemis.jpg","contentUrl":"https:\/\/kidsplay.lt\/wp-content\/uploads\/2024\/09\/Medinis-rusiuotojas-su-piramides-kaladelemis.jpg","width":1173,"height":1173,"caption":"Medinis r\u016b\u0161iuotojas su piramid\u0117s kalad\u0117l\u0117mis"},{"@type":"BreadcrumbList","@id":"https:\/\/kidsplay.lt\/produktas\/medinis-rusiuotojas-su-piramides-kaladelemis-2\/#breadcrumb","itemListElement":[{"@type":"ListItem","position":1,"name":"Pagrindinis","item":"https:\/\/kidsplay.lt\/"},{"@type":"ListItem","position":2,"name":"Parduotuv\u0117","item":"https:\/\/kidsplay.lt\/parduotuve\/"},{"@type":"ListItem","position":3,"name":"Medinis r\u016b\u0161iuotojas su piramid\u0117s kalad\u0117l\u0117mis"}]},{"@type":"WebSite","@id":"https:\/\/kidsplay.lt\/#website","url":"https:\/\/kidsplay.lt\/","name":"B\u0113rnu sp\u0113les.lv","description":"\u012evairios prek\u0117s vaikams","publisher":{"@id":"https:\/\/kidsplay.lt\/#organization"},"alternateName":"Kidsplay","potentialAction":[{"@type":"SearchAction","target":{"@type":"EntryPoint","urlTemplate":"https:\/\/kidsplay.lt\/?s={search_term_string}"},"query-input":{"@type":"PropertyValueSpecification","valueRequired":true,"valueName":"search_term_string"}}],"inLanguage":"lv-LV"},{"@type":"Organization","@id":"https:\/\/kidsplay.lt\/#organization","name":"B\u0113rnu sp\u0113le","url":"https:\/\/kidsplay.lt\/","logo":{"@type":"ImageObject","inLanguage":"lv-LV","@id":"https:\/\/kidsplay.lt\/#\/schema\/logo\/image\/","url":"https:\/\/kidsplay.lt\/wp-content\/uploads\/2023\/07\/kidsplay-logo.png","contentUrl":"https:\/\/kidsplay.lt\/wp-content\/uploads\/2023\/07\/kidsplay-logo.png","width":451,"height":98,"caption":"KidsPlay"},"image":{"@id":"https:\/\/kidsplay.lt\/#\/schema\/logo\/image\/"},"sameAs":["https:\/\/www.facebook.com\/www.kidsplay.lt"]}]}},"_links":{"self":[{"href":"https:\/\/kidsplay.lt\/lv\/wp-json\/wp\/v2\/product\/70415","targetHints":{"allow":["GET"]}}],"collection":[{"href":"https:\/\/kidsplay.lt\/lv\/wp-json\/wp\/v2\/product"}],"about":[{"href":"https:\/\/kidsplay.lt\/lv\/wp-json\/wp\/v2\/types\/product"}],"version-history":[{"count":3,"href":"https:\/\/kidsplay.lt\/lv\/wp-json\/wp\/v2\/product\/70415\/revisions"}],"predecessor-version":[{"id":80743,"href":"https:\/\/kidsplay.lt\/lv\/wp-json\/wp\/v2\/product\/70415\/revisions\/80743"}],"wp:featuredmedia":[{"embeddable":true,"href":"https:\/\/kidsplay.lt\/lv\/wp-json\/wp\/v2\/media\/55848"}],"wp:attachment":[{"href":"https:\/\/kidsplay.lt\/lv\/wp-json\/wp\/v2\/media?parent=70415"}],"wp:term":[{"taxonomy":"product_brand","embeddable":true,"href":"https:\/\/kidsplay.lt\/lv\/wp-json\/wp\/v2\/product_brand?post=70415"},{"taxonomy":"product_cat","embeddable":true,"href":"https:\/\/kidsplay.lt\/lv\/wp-json\/wp\/v2\/product_cat?post=70415"},{"taxonomy":"product_tag","embeddable":true,"href":"https:\/\/kidsplay.lt\/lv\/wp-json\/wp\/v2\/product_tag?post=70415"}],"curies":[{"name":"wp","href":"https:\/\/api.w.org\/{rel}","templated":true}]}}