{"id":70433,"date":"2025-10-02T13:58:35","date_gmt":"2025-10-02T10:58:35","guid":{"rendered":"https:\/\/kidsplay.lt\/produktas\/geometrines-mozaikos-kaladeles-montessori-logikos-delione148-vnt-2\/"},"modified":"2026-04-07T11:27:13","modified_gmt":"2026-04-07T08:27:13","slug":"geometrines-mozaikos-kaladeles-montessori-logikos-delione148-vnt-2","status":"publish","type":"product","link":"https:\/\/kidsplay.lt\/lv\/products\/geometrines-mozaikos-kaladeles-montessori-logikos-delione148-vnt-2\/","title":{"rendered":"Geometrin\u0117s mozaikos  kalad\u0117l\u0117s Montessori logikos d\u0117lion\u0117148 vnt."},"content":{"rendered":"<p>Med\u017eio geometrin\u0117 mozaika i\u0161 Viga yra vienas i\u0161 pirmaujan\u010di\u0173 \u017eaisl\u0173, kurie leis j\u016bs\u0173 vaikui\u00a0patekti \u012f \u012fdomi\u0173 ir k\u016brybing\u0173 \u017eaidim\u0173 pasaul\u012f\u00a0. Jis skirtas vaikams\u00a0nuo 3 met\u0173 am\u017eiaus\u00a0. D\u0117lion\u0117 puikiai tiks namuose ir dar\u017eelyje mokantis spalv\u0173, form\u0173 bei \u012fgyjant loginio m\u0105stymo \u012fg\u016bd\u017ei\u0173.<\/p>\n<p>D\u0117l \u012f rinkinius \u012ftraukt\u0173 ra\u0161t\u0173 j\u016bs\u0173 vaikas derins formas ir sukurs, be kita ko: laivas, zuikis, drugelis. I\u0161 viso medin\u0117je d\u0117\u017e\u0117je, skirtoje kalad\u0117l\u0117ms laikyti, yra\u00a0148 elementai\u00a0ir\u00a010 skirting\u0173 medini\u0173 lent\u0173\u00a0.<\/p>\n<p>Medinis \u017eaislas\u00a0pad\u0117s vaikui vystytis\u00a0\u0161iose srityse:<\/p>\n<p>&#8211; ankstyvas\u00a0form\u0173\u00a0ir\u00a0spalv\u0173 atpa\u017einimas &#8211;\u00a0motorini\u0173 \u012fg\u016bd\u017ei\u0173<br \/>\n\u012fgijimas\u00a0&#8211;\u00a0loginio\u00a0m\u0105stymo\u00a0\u012fg\u016bd\u017eiai. Visa konstrukcija pagaminta\u00a0i\u0161 lakuotos medienos\u00a0, nuda\u017eyta\u00a0vaikams saugiais da\u017eais\u00a0ry\u0161kiomis spalvomis, kurios patenkins j\u016bs\u0173 poreikius. kiekvienam vartotojui ir \u017eaisdami suteiks daug malonumo<\/p>\n<p>\u201eViga\u201c\u00a0yra prek\u0117s \u017eenklas, \u012fregistruotas 2003 m., ta\u010diau jau veikiantis daugiau nei 60 pasaulio \u0161ali\u0173. J\u0173 novatori\u0161kos id\u0117jos sulauk\u0117 pripa\u017einimo, be kita ko. Europoje, JAV, tolimoje Australijoje ir Japonijoje \u012emon\u0117s \u012fk\u016br\u0117jai atkreip\u0117 d\u0117mes\u012f \u012f tyrim\u0173 rezultatus, rodan\u010dius \u017eaidimo ir mokymosi ry\u0161\u012f ankstyvaisiais vaik\u0173 raidos metais. Siekdamas pad\u0117ti t\u0117vams ir ugdymo \u012fstaigoms auginti vaikus ir i\u0161gelb\u0117ti juos nuo virtualaus pasaulio, galin\u010dio gerokai i\u0161kreipti tikrov\u0119, gamintojas si\u016blo inovatyv\u0173 asortiment\u0105 i\u0161 nat\u016brali\u0173 med\u017eiag\u0173, gaut\u0173 ekologi\u0161k\u0173 gamybos proces\u0173 metu Medini\u0173 gamini\u0173 saugumas ir kokyb\u0117 yra \u201eVigi\u201c prioritetas , gamintojas pasir\u016bpino, kad \u017eaislams da\u017eyti naudojami da\u017eai atitikt\u0173 EN71 ir ASTM saugos standartus.<\/p>","protected":false},"excerpt":{"rendered":"<p>Geometrin\u0117s mozaikos kalad\u0117l\u0117s Montessori logikos d\u0117lion\u0117148 vnt.<\/p>","protected":false},"featured_media":55882,"template":"","meta":{"_acf_changed":false,"_glsr_average":0,"_glsr_ranking":0,"_glsr_reviews":0},"product_brand":[],"product_cat":[884,72,883,229],"product_tag":[],"class_list":{"0":"post-70433","1":"product","2":"type-product","3":"status-publish","4":"has-post-thumbnail","6":"product_cat-edukaciniai-lavinamieji-mediniai-zaislai","7":"product_cat-ispardavimas","8":"product_cat-mediniai-zaislai-2","9":"product_cat-zaislai-vaikams","10":"\"style=\"background-color: #2ecc711c;\"","12":"first","13":"instock","14":"sale","15":"purchasable","16":"product-type-simple"},"acf":[],"yoast_head":"<!-- This site is optimized with the Yoast SEO plugin v27.3 - https:\/\/yoast.com\/product\/yoast-seo-wordpress\/ -->\n<title>Geometrin\u0117s mozaikos kalad\u0117l\u0117s Montessori logikos d\u0117lion\u0117148 vnt.<\/title>\n<meta name=\"description\" content=\"Geometrin\u0117s mozaikos kalad\u0117l\u0117s Montessori logikos d\u0117lion\u0117148 vnt.\" \/>\n<meta name=\"robots\" content=\"index, follow, max-snippet:-1, max-image-preview:large, max-video-preview:-1\" \/>\n<link rel=\"canonical\" href=\"https:\/\/kidsplay.lt\/lv\/products\/geometrines-mozaikos-kaladeles-montessori-logikos-delione148-vnt-2\/\" \/>\n<meta property=\"og:locale\" content=\"lv_LV\" \/>\n<meta property=\"og:type\" content=\"article\" \/>\n<meta property=\"og:title\" content=\"Geometrin\u0117s mozaikos kalad\u0117l\u0117s Montessori logikos d\u0117lion\u0117148 vnt.\" \/>\n<meta property=\"og:description\" content=\"Geometrin\u0117s mozaikos kalad\u0117l\u0117s Montessori logikos d\u0117lion\u0117148 vnt.\" \/>\n<meta property=\"og:url\" content=\"https:\/\/kidsplay.lt\/lv\/products\/geometrines-mozaikos-kaladeles-montessori-logikos-delione148-vnt-2\/\" \/>\n<meta property=\"og:site_name\" content=\"KidsPlay\" \/>\n<meta property=\"article:publisher\" content=\"https:\/\/www.facebook.com\/www.kidsplay.lt\" \/>\n<meta property=\"article:modified_time\" content=\"2026-04-07T08:27:13+00:00\" \/>\n<meta property=\"og:image\" content=\"https:\/\/kidsplay.lt\/wp-content\/uploads\/2024\/09\/Geometrines-mozaikos-kaladeles-Montessori-logikos-delione148-vnt.jpg\" \/>\n\t<meta property=\"og:image:width\" content=\"1660\" \/>\n\t<meta property=\"og:image:height\" content=\"2560\" \/>\n\t<meta property=\"og:image:type\" content=\"image\/jpeg\" \/>\n<meta name=\"twitter:card\" content=\"summary_large_image\" \/>\n<meta name=\"twitter:label1\" content=\"Est. reading time\" \/>\n\t<meta name=\"twitter:data1\" content=\"2 min\u016btes\" \/>\n<script type=\"application\/ld+json\" class=\"yoast-schema-graph\">{\"@context\":\"https:\\\/\\\/schema.org\",\"@graph\":[{\"@type\":\"WebPage\",\"@id\":\"https:\\\/\\\/kidsplay.lt\\\/produktas\\\/geometrines-mozaikos-kaladeles-montessori-logikos-delione148-vnt-2\\\/\",\"url\":\"https:\\\/\\\/kidsplay.lt\\\/produktas\\\/geometrines-mozaikos-kaladeles-montessori-logikos-delione148-vnt-2\\\/\",\"name\":\"Geometrin\u0117s mozaikos kalad\u0117l\u0117s Montessori logikos d\u0117lion\u0117148 vnt.\",\"isPartOf\":{\"@id\":\"https:\\\/\\\/kidsplay.lt\\\/#website\"},\"primaryImageOfPage\":{\"@id\":\"https:\\\/\\\/kidsplay.lt\\\/produktas\\\/geometrines-mozaikos-kaladeles-montessori-logikos-delione148-vnt-2\\\/#primaryimage\"},\"image\":{\"@id\":\"https:\\\/\\\/kidsplay.lt\\\/produktas\\\/geometrines-mozaikos-kaladeles-montessori-logikos-delione148-vnt-2\\\/#primaryimage\"},\"thumbnailUrl\":\"https:\\\/\\\/kidsplay.lt\\\/wp-content\\\/uploads\\\/2024\\\/09\\\/Geometrines-mozaikos-kaladeles-Montessori-logikos-delione148-vnt.jpg\",\"datePublished\":\"2025-10-02T10:58:35+00:00\",\"dateModified\":\"2026-04-07T08:27:13+00:00\",\"description\":\"Geometrin\u0117s mozaikos kalad\u0117l\u0117s Montessori logikos d\u0117lion\u0117148 vnt.\",\"breadcrumb\":{\"@id\":\"https:\\\/\\\/kidsplay.lt\\\/produktas\\\/geometrines-mozaikos-kaladeles-montessori-logikos-delione148-vnt-2\\\/#breadcrumb\"},\"inLanguage\":\"lv-LV\",\"potentialAction\":[{\"@type\":\"ReadAction\",\"target\":[\"https:\\\/\\\/kidsplay.lt\\\/produktas\\\/geometrines-mozaikos-kaladeles-montessori-logikos-delione148-vnt-2\\\/\"]}]},{\"@type\":\"ImageObject\",\"inLanguage\":\"lv-LV\",\"@id\":\"https:\\\/\\\/kidsplay.lt\\\/produktas\\\/geometrines-mozaikos-kaladeles-montessori-logikos-delione148-vnt-2\\\/#primaryimage\",\"url\":\"https:\\\/\\\/kidsplay.lt\\\/wp-content\\\/uploads\\\/2024\\\/09\\\/Geometrines-mozaikos-kaladeles-Montessori-logikos-delione148-vnt.jpg\",\"contentUrl\":\"https:\\\/\\\/kidsplay.lt\\\/wp-content\\\/uploads\\\/2024\\\/09\\\/Geometrines-mozaikos-kaladeles-Montessori-logikos-delione148-vnt.jpg\",\"width\":1660,\"height\":2560,\"caption\":\"Geometrin\u0117s mozaikos kalad\u0117l\u0117s Montessori logikos d\u0117lion\u0117148 vnt.\"},{\"@type\":\"BreadcrumbList\",\"@id\":\"https:\\\/\\\/kidsplay.lt\\\/produktas\\\/geometrines-mozaikos-kaladeles-montessori-logikos-delione148-vnt-2\\\/#breadcrumb\",\"itemListElement\":[{\"@type\":\"ListItem\",\"position\":1,\"name\":\"Pagrindinis\",\"item\":\"https:\\\/\\\/kidsplay.lt\\\/\"},{\"@type\":\"ListItem\",\"position\":2,\"name\":\"Parduotuv\u0117\",\"item\":\"https:\\\/\\\/kidsplay.lt\\\/parduotuve\\\/\"},{\"@type\":\"ListItem\",\"position\":3,\"name\":\"Geometrin\u0117s mozaikos kalad\u0117l\u0117s Montessori logikos d\u0117lion\u0117148 vnt.\"}]},{\"@type\":\"WebSite\",\"@id\":\"https:\\\/\\\/kidsplay.lt\\\/#website\",\"url\":\"https:\\\/\\\/kidsplay.lt\\\/\",\"name\":\"Kidsplay.lt\",\"description\":\"\u012evairios prek\u0117s vaikams\",\"publisher\":{\"@id\":\"https:\\\/\\\/kidsplay.lt\\\/#organization\"},\"alternateName\":\"Kidsplay\",\"potentialAction\":[{\"@type\":\"SearchAction\",\"target\":{\"@type\":\"EntryPoint\",\"urlTemplate\":\"https:\\\/\\\/kidsplay.lt\\\/?s={search_term_string}\"},\"query-input\":{\"@type\":\"PropertyValueSpecification\",\"valueRequired\":true,\"valueName\":\"search_term_string\"}}],\"inLanguage\":\"lv-LV\"},{\"@type\":\"Organization\",\"@id\":\"https:\\\/\\\/kidsplay.lt\\\/#organization\",\"name\":\"KidsPlay\",\"url\":\"https:\\\/\\\/kidsplay.lt\\\/\",\"logo\":{\"@type\":\"ImageObject\",\"inLanguage\":\"lv-LV\",\"@id\":\"https:\\\/\\\/kidsplay.lt\\\/#\\\/schema\\\/logo\\\/image\\\/\",\"url\":\"https:\\\/\\\/kidsplay.lt\\\/wp-content\\\/uploads\\\/2023\\\/07\\\/kidsplay-logo.png\",\"contentUrl\":\"https:\\\/\\\/kidsplay.lt\\\/wp-content\\\/uploads\\\/2023\\\/07\\\/kidsplay-logo.png\",\"width\":451,\"height\":98,\"caption\":\"KidsPlay\"},\"image\":{\"@id\":\"https:\\\/\\\/kidsplay.lt\\\/#\\\/schema\\\/logo\\\/image\\\/\"},\"sameAs\":[\"https:\\\/\\\/www.facebook.com\\\/www.kidsplay.lt\"]}]}<\/script>\n<!-- \/ Yoast SEO plugin. -->","yoast_head_json":{"title":"Geometrin\u0117s mozaikos kalad\u0117l\u0117s Montessori logikos d\u0117lion\u0117148 vnt.","description":"Geometrin\u0117s mozaikos kalad\u0117l\u0117s Montessori logikos d\u0117lion\u0117148 vnt.","robots":{"index":"index","follow":"follow","max-snippet":"max-snippet:-1","max-image-preview":"max-image-preview:large","max-video-preview":"max-video-preview:-1"},"canonical":"https:\/\/kidsplay.lt\/lv\/products\/geometrines-mozaikos-kaladeles-montessori-logikos-delione148-vnt-2\/","og_locale":"lv_LV","og_type":"article","og_title":"Geometrin\u0117s mozaikos kalad\u0117l\u0117s Montessori logikos d\u0117lion\u0117148 vnt.","og_description":"Geometrin\u0117s mozaikos kalad\u0117l\u0117s Montessori logikos d\u0117lion\u0117148 vnt.","og_url":"https:\/\/kidsplay.lt\/lv\/products\/geometrines-mozaikos-kaladeles-montessori-logikos-delione148-vnt-2\/","og_site_name":"KidsPlay","article_publisher":"https:\/\/www.facebook.com\/www.kidsplay.lt","article_modified_time":"2026-04-07T08:27:13+00:00","og_image":[{"width":1660,"height":2560,"url":"https:\/\/kidsplay.lt\/wp-content\/uploads\/2024\/09\/Geometrines-mozaikos-kaladeles-Montessori-logikos-delione148-vnt.jpg","type":"image\/jpeg"}],"twitter_card":"summary_large_image","twitter_misc":{"Est. reading time":"2 min\u016btes"},"schema":{"@context":"https:\/\/schema.org","@graph":[{"@type":"WebPage","@id":"https:\/\/kidsplay.lt\/produktas\/geometrines-mozaikos-kaladeles-montessori-logikos-delione148-vnt-2\/","url":"https:\/\/kidsplay.lt\/produktas\/geometrines-mozaikos-kaladeles-montessori-logikos-delione148-vnt-2\/","name":"Geometrin\u0117s mozaikos kalad\u0117l\u0117s Montessori logikos d\u0117lion\u0117148 vnt.","isPartOf":{"@id":"https:\/\/kidsplay.lt\/#website"},"primaryImageOfPage":{"@id":"https:\/\/kidsplay.lt\/produktas\/geometrines-mozaikos-kaladeles-montessori-logikos-delione148-vnt-2\/#primaryimage"},"image":{"@id":"https:\/\/kidsplay.lt\/produktas\/geometrines-mozaikos-kaladeles-montessori-logikos-delione148-vnt-2\/#primaryimage"},"thumbnailUrl":"https:\/\/kidsplay.lt\/wp-content\/uploads\/2024\/09\/Geometrines-mozaikos-kaladeles-Montessori-logikos-delione148-vnt.jpg","datePublished":"2025-10-02T10:58:35+00:00","dateModified":"2026-04-07T08:27:13+00:00","description":"Geometrin\u0117s mozaikos kalad\u0117l\u0117s Montessori logikos d\u0117lion\u0117148 vnt.","breadcrumb":{"@id":"https:\/\/kidsplay.lt\/produktas\/geometrines-mozaikos-kaladeles-montessori-logikos-delione148-vnt-2\/#breadcrumb"},"inLanguage":"lv-LV","potentialAction":[{"@type":"ReadAction","target":["https:\/\/kidsplay.lt\/produktas\/geometrines-mozaikos-kaladeles-montessori-logikos-delione148-vnt-2\/"]}]},{"@type":"ImageObject","inLanguage":"lv-LV","@id":"https:\/\/kidsplay.lt\/produktas\/geometrines-mozaikos-kaladeles-montessori-logikos-delione148-vnt-2\/#primaryimage","url":"https:\/\/kidsplay.lt\/wp-content\/uploads\/2024\/09\/Geometrines-mozaikos-kaladeles-Montessori-logikos-delione148-vnt.jpg","contentUrl":"https:\/\/kidsplay.lt\/wp-content\/uploads\/2024\/09\/Geometrines-mozaikos-kaladeles-Montessori-logikos-delione148-vnt.jpg","width":1660,"height":2560,"caption":"Geometrin\u0117s mozaikos kalad\u0117l\u0117s Montessori logikos d\u0117lion\u0117148 vnt."},{"@type":"BreadcrumbList","@id":"https:\/\/kidsplay.lt\/produktas\/geometrines-mozaikos-kaladeles-montessori-logikos-delione148-vnt-2\/#breadcrumb","itemListElement":[{"@type":"ListItem","position":1,"name":"Pagrindinis","item":"https:\/\/kidsplay.lt\/"},{"@type":"ListItem","position":2,"name":"Parduotuv\u0117","item":"https:\/\/kidsplay.lt\/parduotuve\/"},{"@type":"ListItem","position":3,"name":"Geometrin\u0117s mozaikos kalad\u0117l\u0117s Montessori logikos d\u0117lion\u0117148 vnt."}]},{"@type":"WebSite","@id":"https:\/\/kidsplay.lt\/#website","url":"https:\/\/kidsplay.lt\/","name":"B\u0113rnu sp\u0113les.lv","description":"\u012evairios prek\u0117s vaikams","publisher":{"@id":"https:\/\/kidsplay.lt\/#organization"},"alternateName":"Kidsplay","potentialAction":[{"@type":"SearchAction","target":{"@type":"EntryPoint","urlTemplate":"https:\/\/kidsplay.lt\/?s={search_term_string}"},"query-input":{"@type":"PropertyValueSpecification","valueRequired":true,"valueName":"search_term_string"}}],"inLanguage":"lv-LV"},{"@type":"Organization","@id":"https:\/\/kidsplay.lt\/#organization","name":"B\u0113rnu sp\u0113le","url":"https:\/\/kidsplay.lt\/","logo":{"@type":"ImageObject","inLanguage":"lv-LV","@id":"https:\/\/kidsplay.lt\/#\/schema\/logo\/image\/","url":"https:\/\/kidsplay.lt\/wp-content\/uploads\/2023\/07\/kidsplay-logo.png","contentUrl":"https:\/\/kidsplay.lt\/wp-content\/uploads\/2023\/07\/kidsplay-logo.png","width":451,"height":98,"caption":"KidsPlay"},"image":{"@id":"https:\/\/kidsplay.lt\/#\/schema\/logo\/image\/"},"sameAs":["https:\/\/www.facebook.com\/www.kidsplay.lt"]}]}},"_links":{"self":[{"href":"https:\/\/kidsplay.lt\/lv\/wp-json\/wp\/v2\/product\/70433","targetHints":{"allow":["GET"]}}],"collection":[{"href":"https:\/\/kidsplay.lt\/lv\/wp-json\/wp\/v2\/product"}],"about":[{"href":"https:\/\/kidsplay.lt\/lv\/wp-json\/wp\/v2\/types\/product"}],"version-history":[{"count":3,"href":"https:\/\/kidsplay.lt\/lv\/wp-json\/wp\/v2\/product\/70433\/revisions"}],"predecessor-version":[{"id":80724,"href":"https:\/\/kidsplay.lt\/lv\/wp-json\/wp\/v2\/product\/70433\/revisions\/80724"}],"wp:featuredmedia":[{"embeddable":true,"href":"https:\/\/kidsplay.lt\/lv\/wp-json\/wp\/v2\/media\/55882"}],"wp:attachment":[{"href":"https:\/\/kidsplay.lt\/lv\/wp-json\/wp\/v2\/media?parent=70433"}],"wp:term":[{"taxonomy":"product_brand","embeddable":true,"href":"https:\/\/kidsplay.lt\/lv\/wp-json\/wp\/v2\/product_brand?post=70433"},{"taxonomy":"product_cat","embeddable":true,"href":"https:\/\/kidsplay.lt\/lv\/wp-json\/wp\/v2\/product_cat?post=70433"},{"taxonomy":"product_tag","embeddable":true,"href":"https:\/\/kidsplay.lt\/lv\/wp-json\/wp\/v2\/product_tag?post=70433"}],"curies":[{"name":"wp","href":"https:\/\/api.w.org\/{rel}","templated":true}]}}