{"id":70510,"date":"2025-10-02T14:02:26","date_gmt":"2025-10-02T11:02:26","guid":{"rendered":"https:\/\/kidsplay.lt\/produktas\/loginis-zaidimas-laikinas-galvosukis-spalvos-30-rastu-18-vnt-2\/"},"modified":"2026-04-13T15:04:59","modified_gmt":"2026-04-13T12:04:59","slug":"loginis-zaidimas-laikinas-galvosukis-spalvos-30-rastu-18-vnt-2","status":"publish","type":"product","link":"https:\/\/kidsplay.lt\/lv\/products\/loginis-zaidimas-laikinas-galvosukis-spalvos-30-rastu-18-vnt-2\/","title":{"rendered":"Lo\u0123ikas sp\u0113le Laika puzle Kr\u0101sas 30 raksti 18 gab."},"content":{"rendered":"<p>D\u0117lion\u0117s \u017eaidimas i\u0161\u00a0Tooky Toy\u00a0suteiks j\u016bs\u0173 vaikui daug valand\u0173 interaktyvi\u0173 pramog\u0173, per kurias\u00a0jis i\u0161moks\u00a0pagrindini\u0173\u00a0spalv\u0173\u00a0ir\u00a0\u0161i\u0173\u00a0ra\u0161t\u0173\u00a0. \u0160is \u017eaislas komplektuojamas su mediniu r\u0117meliu, sm\u0117lio laikrod\u017eiu ir\u00a015\u00a0dvipusi\u0173 korteli\u0173 su\u00a030\u00a0pie\u0161ini\u0173. Vaiko u\u017eduotis \u2013 per tam tikr\u0105 laik\u0105 nukopijuoti pie\u0161in\u012f ant kortel\u0117s.<\/p>\n<p>Raksturojums:<\/p>\n<p>&#8211; \u017eaislas i\u0161 med\u017eio.<br \/>\n&#8211; Da\u017eytos\u00a0vaikams saugiais\u00a0ir aplink\u0105 tausojan\u010diais da\u017eais<br \/>\n&#8211; Puikiai telpa \u012f ma\u017eas rankeles<br \/>\n&#8211; Rinkinyje esan\u010dios kortel\u0117s turi tris \u017eaidimo sud\u0117tingumo lygius<br \/>\n&#8211; \u017daidimo taisykl\u0117s paprastos: pasirinkite\u00a01 kortel\u0119 i\u0161 30\u00a0su ta\u0161keli\u0173 ra\u0161tu. ir\u00a0sutvarkykite j\u012f\u00a0taip pat iki sm\u0117lio laikrod\u017eio laiko pabaigos!<br \/>\n&#8211; Rinkinyje yra\u00a018 element\u0173\u00a0, supakuot\u0173 \u012f d\u0117\u017eut\u0119, puikiai tinka dovanai<br \/>\n&#8211;\u00a0Pagaminta i\u0161 auk\u0161\u010diausios kokyb\u0117s med\u017eiag\u0173<\/p>\n<p>Komplekt\u0101 ietilpst:<\/p>\n<p>&#8211; medinis r\u0117mas<br \/>\n&#8211; sm\u0117lio laikrodis<br \/>\n&#8211; 15 dvipusi\u0173 korteli\u0173<\/p>\n<p>Rota\u013clieta att\u012bst\u0101s:<\/p>\n<p>\u2013 roku darba prasmes,<br \/>\n&#8211; k\u016bdikio tikslumas,<br \/>\n&#8211; koncentracijos,<br \/>\n&#8211; geb\u0117jimas atpa\u017einti spalvas ir formas;<br \/>\n&#8211; problem\u0173 sprendimo \u012fg\u016bd\u017eiai;<br \/>\n&#8211; i\u0161\u0161\u016bkio jausmas.<\/p>\n<p>Tooky Toy\u00a0\u2013 medinius \u017eaislus vaikams gaminanti \u012fmon\u0117, rinkoje esanti nuo 2004 m. Keli\u0173 met\u0173 patirtis pramon\u0117je yra auk\u0161tos kokyb\u0117s gamini\u0173, pagamint\u0173 atsi\u017evelgiant \u012f vaik\u0173 saugum\u0105, garantija.\u00a0Tooky Toy\u00a0\u017eaislai\u00a0turi daugyb\u0119 sertifikat\u0173, patvirtinan\u010di\u0173 \u0161i\u0173 ekologi\u0161k\u0173 gamini\u0173 saugum\u0105. Gerai i\u0161lyginti, be atplai\u0161\u0173 ir a\u0161tri\u0173 briaun\u0173, \u017eaislai padengti tik saugiais, netoksi\u0161kais da\u017eais, da\u017eais ir lakais. D\u0117l viso to\u00a0Tooky Toy\u00a0\u017eaislus m\u0117gsta vaikai ir vertina t\u0117vai visame pasaulyje.<\/p>","protected":false},"excerpt":{"rendered":"<p>Lo\u0123ikas sp\u0113le Laika puzle Kr\u0101sas 30 raksti 18 gab.<\/p>","protected":false},"featured_media":55989,"template":"","meta":{"_acf_changed":false,"_glsr_average":0,"_glsr_ranking":0,"_glsr_reviews":0},"product_brand":[],"product_cat":[884,72,883],"product_tag":[],"class_list":{"0":"post-70510","1":"product","2":"type-product","3":"status-publish","4":"has-post-thumbnail","6":"product_cat-edukaciniai-lavinamieji-mediniai-zaislai","7":"product_cat-ispardavimas","8":"product_cat-mediniai-zaislai-2","9":"\"style=\"background-color: #2ecc711c;\"","11":"first","12":"instock","13":"sale","14":"purchasable","15":"product-type-simple"},"acf":[],"yoast_head":"<!-- This site is optimized with the Yoast SEO plugin v27.4 - https:\/\/yoast.com\/product\/yoast-seo-wordpress\/ -->\n<title>Loginis \u017eaidimas Laikinas galvos\u016bkis Spalvos 30 ra\u0161t\u0173 18 vnt.<\/title>\n<meta name=\"description\" content=\"Loginis \u017eaidimas Laikinas galvos\u016bkis Spalvos 30 ra\u0161t\u0173 18 vnt.\" \/>\n<meta name=\"robots\" content=\"index, follow, max-snippet:-1, max-image-preview:large, max-video-preview:-1\" \/>\n<link rel=\"canonical\" href=\"https:\/\/kidsplay.lt\/lv\/products\/loginis-zaidimas-laikinas-galvosukis-spalvos-30-rastu-18-vnt-2\/\" \/>\n<meta property=\"og:locale\" content=\"lv_LV\" \/>\n<meta property=\"og:type\" content=\"article\" \/>\n<meta property=\"og:title\" content=\"Loginis \u017eaidimas Laikinas galvos\u016bkis Spalvos 30 ra\u0161t\u0173 18 vnt.\" \/>\n<meta property=\"og:description\" content=\"Loginis \u017eaidimas Laikinas galvos\u016bkis Spalvos 30 ra\u0161t\u0173 18 vnt.\" \/>\n<meta property=\"og:url\" content=\"https:\/\/kidsplay.lt\/lv\/products\/loginis-zaidimas-laikinas-galvosukis-spalvos-30-rastu-18-vnt-2\/\" \/>\n<meta property=\"og:site_name\" content=\"KidsPlay\" \/>\n<meta property=\"article:publisher\" content=\"https:\/\/www.facebook.com\/www.kidsplay.lt\" \/>\n<meta property=\"article:modified_time\" content=\"2026-04-13T12:04:59+00:00\" \/>\n<meta property=\"og:image\" content=\"https:\/\/kidsplay.lt\/wp-content\/uploads\/2024\/09\/Loginis-zaidimas-Laikinas-galvosukis-Spalvos-30-rastu-18-vnt-800x800.jpg\" \/>\n\t<meta property=\"og:image:width\" content=\"800\" \/>\n\t<meta property=\"og:image:height\" content=\"800\" \/>\n\t<meta property=\"og:image:type\" content=\"image\/png\" \/>\n<meta name=\"twitter:card\" content=\"summary_large_image\" \/>\n<meta name=\"twitter:label1\" content=\"Est. reading time\" \/>\n\t<meta name=\"twitter:data1\" content=\"2 min\u016btes\" \/>\n<script type=\"application\/ld+json\" class=\"yoast-schema-graph\">{\"@context\":\"https:\\\/\\\/schema.org\",\"@graph\":[{\"@type\":\"WebPage\",\"@id\":\"https:\\\/\\\/kidsplay.lt\\\/produktas\\\/loginis-zaidimas-laikinas-galvosukis-spalvos-30-rastu-18-vnt-2\\\/\",\"url\":\"https:\\\/\\\/kidsplay.lt\\\/produktas\\\/loginis-zaidimas-laikinas-galvosukis-spalvos-30-rastu-18-vnt-2\\\/\",\"name\":\"Loginis \u017eaidimas Laikinas galvos\u016bkis Spalvos 30 ra\u0161t\u0173 18 vnt.\",\"isPartOf\":{\"@id\":\"https:\\\/\\\/kidsplay.lt\\\/#website\"},\"primaryImageOfPage\":{\"@id\":\"https:\\\/\\\/kidsplay.lt\\\/produktas\\\/loginis-zaidimas-laikinas-galvosukis-spalvos-30-rastu-18-vnt-2\\\/#primaryimage\"},\"image\":{\"@id\":\"https:\\\/\\\/kidsplay.lt\\\/produktas\\\/loginis-zaidimas-laikinas-galvosukis-spalvos-30-rastu-18-vnt-2\\\/#primaryimage\"},\"thumbnailUrl\":\"https:\\\/\\\/kidsplay.lt\\\/wp-content\\\/uploads\\\/2024\\\/09\\\/Loginis-zaidimas-Laikinas-galvosukis-Spalvos-30-rastu-18-vnt.jpg\",\"datePublished\":\"2025-10-02T11:02:26+00:00\",\"dateModified\":\"2026-04-13T12:04:59+00:00\",\"description\":\"Loginis \u017eaidimas Laikinas galvos\u016bkis Spalvos 30 ra\u0161t\u0173 18 vnt.\",\"breadcrumb\":{\"@id\":\"https:\\\/\\\/kidsplay.lt\\\/produktas\\\/loginis-zaidimas-laikinas-galvosukis-spalvos-30-rastu-18-vnt-2\\\/#breadcrumb\"},\"inLanguage\":\"lv-LV\",\"potentialAction\":[{\"@type\":\"ReadAction\",\"target\":[\"https:\\\/\\\/kidsplay.lt\\\/produktas\\\/loginis-zaidimas-laikinas-galvosukis-spalvos-30-rastu-18-vnt-2\\\/\"]}]},{\"@type\":\"ImageObject\",\"inLanguage\":\"lv-LV\",\"@id\":\"https:\\\/\\\/kidsplay.lt\\\/produktas\\\/loginis-zaidimas-laikinas-galvosukis-spalvos-30-rastu-18-vnt-2\\\/#primaryimage\",\"url\":\"https:\\\/\\\/kidsplay.lt\\\/wp-content\\\/uploads\\\/2024\\\/09\\\/Loginis-zaidimas-Laikinas-galvosukis-Spalvos-30-rastu-18-vnt.jpg\",\"contentUrl\":\"https:\\\/\\\/kidsplay.lt\\\/wp-content\\\/uploads\\\/2024\\\/09\\\/Loginis-zaidimas-Laikinas-galvosukis-Spalvos-30-rastu-18-vnt.jpg\",\"width\":2560,\"height\":2560,\"caption\":\"Loginis \u017eaidimas Laikinas galvos\u016bkis Spalvos 30 ra\u0161t\u0173 18 vnt.\"},{\"@type\":\"BreadcrumbList\",\"@id\":\"https:\\\/\\\/kidsplay.lt\\\/produktas\\\/loginis-zaidimas-laikinas-galvosukis-spalvos-30-rastu-18-vnt-2\\\/#breadcrumb\",\"itemListElement\":[{\"@type\":\"ListItem\",\"position\":1,\"name\":\"Pagrindinis\",\"item\":\"https:\\\/\\\/kidsplay.lt\\\/\"},{\"@type\":\"ListItem\",\"position\":2,\"name\":\"Parduotuv\u0117\",\"item\":\"https:\\\/\\\/kidsplay.lt\\\/parduotuve\\\/\"},{\"@type\":\"ListItem\",\"position\":3,\"name\":\"Loginis \u017eaidimas Laikinas galvos\u016bkis Spalvos 30 ra\u0161t\u0173 18 vnt.\"}]},{\"@type\":\"WebSite\",\"@id\":\"https:\\\/\\\/kidsplay.lt\\\/#website\",\"url\":\"https:\\\/\\\/kidsplay.lt\\\/\",\"name\":\"Kidsplay.lt\",\"description\":\"\u012evairios prek\u0117s vaikams\",\"publisher\":{\"@id\":\"https:\\\/\\\/kidsplay.lt\\\/#organization\"},\"alternateName\":\"Kidsplay\",\"potentialAction\":[{\"@type\":\"SearchAction\",\"target\":{\"@type\":\"EntryPoint\",\"urlTemplate\":\"https:\\\/\\\/kidsplay.lt\\\/?s={search_term_string}\"},\"query-input\":{\"@type\":\"PropertyValueSpecification\",\"valueRequired\":true,\"valueName\":\"search_term_string\"}}],\"inLanguage\":\"lv-LV\"},{\"@type\":\"Organization\",\"@id\":\"https:\\\/\\\/kidsplay.lt\\\/#organization\",\"name\":\"KidsPlay\",\"url\":\"https:\\\/\\\/kidsplay.lt\\\/\",\"logo\":{\"@type\":\"ImageObject\",\"inLanguage\":\"lv-LV\",\"@id\":\"https:\\\/\\\/kidsplay.lt\\\/#\\\/schema\\\/logo\\\/image\\\/\",\"url\":\"https:\\\/\\\/kidsplay.lt\\\/wp-content\\\/uploads\\\/2023\\\/07\\\/kidsplay-logo.png\",\"contentUrl\":\"https:\\\/\\\/kidsplay.lt\\\/wp-content\\\/uploads\\\/2023\\\/07\\\/kidsplay-logo.png\",\"width\":451,\"height\":98,\"caption\":\"KidsPlay\"},\"image\":{\"@id\":\"https:\\\/\\\/kidsplay.lt\\\/#\\\/schema\\\/logo\\\/image\\\/\"},\"sameAs\":[\"https:\\\/\\\/www.facebook.com\\\/www.kidsplay.lt\"]}]}<\/script>\n<!-- \/ Yoast SEO plugin. -->","yoast_head_json":{"title":"Lo\u0123ikas sp\u0113le Laika puzle Kr\u0101sas 30 raksti 18 gab.","description":"Lo\u0123ikas sp\u0113le Laika puzle Kr\u0101sas 30 raksti 18 gab.","robots":{"index":"index","follow":"follow","max-snippet":"max-snippet:-1","max-image-preview":"max-image-preview:large","max-video-preview":"max-video-preview:-1"},"canonical":"https:\/\/kidsplay.lt\/lv\/products\/loginis-zaidimas-laikinas-galvosukis-spalvos-30-rastu-18-vnt-2\/","og_locale":"lv_LV","og_type":"article","og_title":"Loginis \u017eaidimas Laikinas galvos\u016bkis Spalvos 30 ra\u0161t\u0173 18 vnt.","og_description":"Loginis \u017eaidimas Laikinas galvos\u016bkis Spalvos 30 ra\u0161t\u0173 18 vnt.","og_url":"https:\/\/kidsplay.lt\/lv\/products\/loginis-zaidimas-laikinas-galvosukis-spalvos-30-rastu-18-vnt-2\/","og_site_name":"KidsPlay","article_publisher":"https:\/\/www.facebook.com\/www.kidsplay.lt","article_modified_time":"2026-04-13T12:04:59+00:00","og_image":[{"width":800,"height":800,"url":"https:\/\/kidsplay.lt\/wp-content\/uploads\/2024\/09\/Loginis-zaidimas-Laikinas-galvosukis-Spalvos-30-rastu-18-vnt-800x800.jpg","type":"image\/png"}],"twitter_card":"summary_large_image","twitter_misc":{"Est. reading time":"2 min\u016btes"},"schema":{"@context":"https:\/\/schema.org","@graph":[{"@type":"WebPage","@id":"https:\/\/kidsplay.lt\/produktas\/loginis-zaidimas-laikinas-galvosukis-spalvos-30-rastu-18-vnt-2\/","url":"https:\/\/kidsplay.lt\/produktas\/loginis-zaidimas-laikinas-galvosukis-spalvos-30-rastu-18-vnt-2\/","name":"Lo\u0123ikas sp\u0113le Laika puzle Kr\u0101sas 30 raksti 18 gab.","isPartOf":{"@id":"https:\/\/kidsplay.lt\/#website"},"primaryImageOfPage":{"@id":"https:\/\/kidsplay.lt\/produktas\/loginis-zaidimas-laikinas-galvosukis-spalvos-30-rastu-18-vnt-2\/#primaryimage"},"image":{"@id":"https:\/\/kidsplay.lt\/produktas\/loginis-zaidimas-laikinas-galvosukis-spalvos-30-rastu-18-vnt-2\/#primaryimage"},"thumbnailUrl":"https:\/\/kidsplay.lt\/wp-content\/uploads\/2024\/09\/Loginis-zaidimas-Laikinas-galvosukis-Spalvos-30-rastu-18-vnt.jpg","datePublished":"2025-10-02T11:02:26+00:00","dateModified":"2026-04-13T12:04:59+00:00","description":"Lo\u0123ikas sp\u0113le Laika puzle Kr\u0101sas 30 raksti 18 gab.","breadcrumb":{"@id":"https:\/\/kidsplay.lt\/produktas\/loginis-zaidimas-laikinas-galvosukis-spalvos-30-rastu-18-vnt-2\/#breadcrumb"},"inLanguage":"lv-LV","potentialAction":[{"@type":"ReadAction","target":["https:\/\/kidsplay.lt\/produktas\/loginis-zaidimas-laikinas-galvosukis-spalvos-30-rastu-18-vnt-2\/"]}]},{"@type":"ImageObject","inLanguage":"lv-LV","@id":"https:\/\/kidsplay.lt\/produktas\/loginis-zaidimas-laikinas-galvosukis-spalvos-30-rastu-18-vnt-2\/#primaryimage","url":"https:\/\/kidsplay.lt\/wp-content\/uploads\/2024\/09\/Loginis-zaidimas-Laikinas-galvosukis-Spalvos-30-rastu-18-vnt.jpg","contentUrl":"https:\/\/kidsplay.lt\/wp-content\/uploads\/2024\/09\/Loginis-zaidimas-Laikinas-galvosukis-Spalvos-30-rastu-18-vnt.jpg","width":2560,"height":2560,"caption":"Loginis \u017eaidimas Laikinas galvos\u016bkis Spalvos 30 ra\u0161t\u0173 18 vnt."},{"@type":"BreadcrumbList","@id":"https:\/\/kidsplay.lt\/produktas\/loginis-zaidimas-laikinas-galvosukis-spalvos-30-rastu-18-vnt-2\/#breadcrumb","itemListElement":[{"@type":"ListItem","position":1,"name":"Pagrindinis","item":"https:\/\/kidsplay.lt\/"},{"@type":"ListItem","position":2,"name":"Parduotuv\u0117","item":"https:\/\/kidsplay.lt\/parduotuve\/"},{"@type":"ListItem","position":3,"name":"Loginis \u017eaidimas Laikinas galvos\u016bkis Spalvos 30 ra\u0161t\u0173 18 vnt."}]},{"@type":"WebSite","@id":"https:\/\/kidsplay.lt\/#website","url":"https:\/\/kidsplay.lt\/","name":"B\u0113rnu sp\u0113les.lv","description":"\u012evairios prek\u0117s vaikams","publisher":{"@id":"https:\/\/kidsplay.lt\/#organization"},"alternateName":"Kidsplay","potentialAction":[{"@type":"SearchAction","target":{"@type":"EntryPoint","urlTemplate":"https:\/\/kidsplay.lt\/?s={search_term_string}"},"query-input":{"@type":"PropertyValueSpecification","valueRequired":true,"valueName":"search_term_string"}}],"inLanguage":"lv-LV"},{"@type":"Organization","@id":"https:\/\/kidsplay.lt\/#organization","name":"B\u0113rnu sp\u0113le","url":"https:\/\/kidsplay.lt\/","logo":{"@type":"ImageObject","inLanguage":"lv-LV","@id":"https:\/\/kidsplay.lt\/#\/schema\/logo\/image\/","url":"https:\/\/kidsplay.lt\/wp-content\/uploads\/2023\/07\/kidsplay-logo.png","contentUrl":"https:\/\/kidsplay.lt\/wp-content\/uploads\/2023\/07\/kidsplay-logo.png","width":451,"height":98,"caption":"KidsPlay"},"image":{"@id":"https:\/\/kidsplay.lt\/#\/schema\/logo\/image\/"},"sameAs":["https:\/\/www.facebook.com\/www.kidsplay.lt"]}]}},"_links":{"self":[{"href":"https:\/\/kidsplay.lt\/lv\/wp-json\/wp\/v2\/product\/70510","targetHints":{"allow":["GET"]}}],"collection":[{"href":"https:\/\/kidsplay.lt\/lv\/wp-json\/wp\/v2\/product"}],"about":[{"href":"https:\/\/kidsplay.lt\/lv\/wp-json\/wp\/v2\/types\/product"}],"version-history":[{"count":3,"href":"https:\/\/kidsplay.lt\/lv\/wp-json\/wp\/v2\/product\/70510\/revisions"}],"predecessor-version":[{"id":80730,"href":"https:\/\/kidsplay.lt\/lv\/wp-json\/wp\/v2\/product\/70510\/revisions\/80730"}],"wp:featuredmedia":[{"embeddable":true,"href":"https:\/\/kidsplay.lt\/lv\/wp-json\/wp\/v2\/media\/55989"}],"wp:attachment":[{"href":"https:\/\/kidsplay.lt\/lv\/wp-json\/wp\/v2\/media?parent=70510"}],"wp:term":[{"taxonomy":"product_brand","embeddable":true,"href":"https:\/\/kidsplay.lt\/lv\/wp-json\/wp\/v2\/product_brand?post=70510"},{"taxonomy":"product_cat","embeddable":true,"href":"https:\/\/kidsplay.lt\/lv\/wp-json\/wp\/v2\/product_cat?post=70510"},{"taxonomy":"product_tag","embeddable":true,"href":"https:\/\/kidsplay.lt\/lv\/wp-json\/wp\/v2\/product_tag?post=70510"}],"curies":[{"name":"wp","href":"https:\/\/api.w.org\/{rel}","templated":true}]}}