{"id":70614,"date":"2025-10-02T14:07:25","date_gmt":"2025-10-02T11:07:25","guid":{"rendered":"https:\/\/kidsplay.lt\/produktas\/pastelinis-varikliu-rinkinys-skirtas-kudikiams-pirmieji-zaislai-nuo-gimimo-2\/"},"modified":"2026-04-13T15:06:25","modified_gmt":"2026-04-13T12:06:25","slug":"pastelinis-varikliu-rinkinys-skirtas-kudikiams-pirmieji-zaislai-nuo-gimimo-2","status":"publish","type":"product","link":"https:\/\/kidsplay.lt\/lv\/products\/pastelinis-varikliu-rinkinys-skirtas-kudikiams-pirmieji-zaislai-nuo-gimimo-2\/","title":{"rendered":"Paste\u013cto\u0146u motorikas komplekts mazu\u013ciem, pirm\u0101s rota\u013clietas no dzim\u0161anas br\u012b\u017ea"},"content":{"rendered":"<p>Prek\u0117s \u017eenklo CLASSIC WORLD\u00a0pastelinis motor\u0173 rinkinys k\u016bdikiams\u00a0yra medinis subtilios spalvos rinkinys, kuris d\u017eiugins\u00a0J\u016bs\u0173 naujagim\u012f nuo pat pirmos dienos\u00a0. Rinkinyje yra\u00a0morka\u00a0, kuri\u0105 purtant sukuriami garso efektai, skatinantys naujagimio d\u0117mes\u012f, taip pat\u00a0bar\u0161kutis su zuikio formos karoliukais\u00a0, kuris savo\u00a0spalva ir garsu\u00a0gali b\u016bti \u012fdomus \u017eaidimas vaikui. Elementai turi\u00a0subtili\u0105 tekst\u016br\u0105\u00a0, kuri papildomai lavina\u00a0vaiko jutimo\u00a0geb\u0117jimus . \u0160iek tiek vyresniems vaikams taip pat yra\u00a0labirintas su karoliukais\u00a0, kuriuos galima sukti ir kilnoti takeliu. Tokiu b\u016bdu vaikas lavina\u00a0koncentracij\u0105 ir motorinius \u012fg\u016bd\u017eius\u00a0.<\/p>\n<p>Raksturojums:<\/p>\n<p>&#8211; rinkinys sukurtas\u00a0k\u016bdikiams ir vyresniems vaikams<br \/>\n&#8211; subtili tekst\u016bra<br \/>\n&#8211; lavina vaiko rankinius \u012fg\u016bd\u017eius<br \/>\n&#8211; suteikia vaikui nauj\u0173 potyri\u0173<br \/>\n&#8211; \u0161velni spalva ir \u012fvairios formos.<\/p>\n<p>Komplekt\u0101 ietilpst:<\/p>\n<p>&#8211; garsus skleid\u017eianti morka,<br \/>\n&#8211; bar\u0161kutis su zuikio formos karoliukais,<br \/>\n&#8211; karoliuk\u0173 labirintas.<\/p>","protected":false},"excerpt":{"rendered":"<p>Paste\u013cto\u0146u motorikas komplekts mazu\u013ciem, pirm\u0101s rota\u013clietas no dzim\u0161anas br\u012b\u017ea<\/p>","protected":false},"featured_media":56163,"template":"","meta":{"_acf_changed":false,"_glsr_average":0,"_glsr_ranking":0,"_glsr_reviews":0},"product_brand":[],"product_cat":[265,366,365,72,396,229,800],"product_tag":[],"class_list":{"0":"post-70614","1":"product","2":"type-product","3":"status-publish","4":"has-post-thumbnail","6":"product_cat-dovanu-idejos","7":"product_cat-dovanu-idejos-berniukams","8":"product_cat-dovanu-idejos-mergaitems","9":"product_cat-ispardavimas","10":"product_cat-kudikiu-zaislai-vaikams2","11":"product_cat-zaislai-vaikams","12":"product_cat-zaislu-komplektai","13":"\"style=\"background-color: #2ecc711c;\"","15":"first","16":"instock","17":"sale","18":"purchasable","19":"product-type-simple"},"acf":[],"yoast_head":"<!-- This site is optimized with the Yoast SEO plugin v27.4 - https:\/\/yoast.com\/product\/yoast-seo-wordpress\/ -->\n<title>Pastelinis varikli\u0173 rinkinys, skirtas k\u016bdikiams, pirmieji \u017eaislai nuo gimimo<\/title>\n<meta name=\"description\" content=\"Pastelinis varikli\u0173 rinkinys, skirtas k\u016bdikiams, pirmieji \u017eaislai nuo gimimo\" \/>\n<meta name=\"robots\" content=\"index, follow, max-snippet:-1, max-image-preview:large, max-video-preview:-1\" \/>\n<link rel=\"canonical\" href=\"https:\/\/kidsplay.lt\/lv\/products\/pastelinis-varikliu-rinkinys-skirtas-kudikiams-pirmieji-zaislai-nuo-gimimo-2\/\" \/>\n<meta property=\"og:locale\" content=\"lv_LV\" \/>\n<meta property=\"og:type\" content=\"article\" \/>\n<meta property=\"og:title\" content=\"Pastelinis varikli\u0173 rinkinys, skirtas k\u016bdikiams, pirmieji \u017eaislai nuo gimimo\" \/>\n<meta property=\"og:description\" content=\"Pastelinis varikli\u0173 rinkinys, skirtas k\u016bdikiams, pirmieji \u017eaislai nuo gimimo\" \/>\n<meta property=\"og:url\" content=\"https:\/\/kidsplay.lt\/lv\/products\/pastelinis-varikliu-rinkinys-skirtas-kudikiams-pirmieji-zaislai-nuo-gimimo-2\/\" \/>\n<meta property=\"og:site_name\" content=\"KidsPlay\" \/>\n<meta property=\"article:publisher\" content=\"https:\/\/www.facebook.com\/www.kidsplay.lt\" \/>\n<meta property=\"article:modified_time\" content=\"2026-04-13T12:06:25+00:00\" \/>\n<meta property=\"og:image\" content=\"https:\/\/kidsplay.lt\/wp-content\/uploads\/2024\/09\/Pastelinis-varikliu-rinkinys-skirtas-kudikiams-pirmieji-zaislai-nuo-gimimo-800x800.jpg\" \/>\n\t<meta property=\"og:image:width\" content=\"800\" \/>\n\t<meta property=\"og:image:height\" content=\"800\" \/>\n\t<meta property=\"og:image:type\" content=\"image\/png\" \/>\n<meta name=\"twitter:card\" content=\"summary_large_image\" \/>\n<meta name=\"twitter:label1\" content=\"Est. reading time\" \/>\n\t<meta name=\"twitter:data1\" content=\"1 min\u016bte\" \/>\n<script type=\"application\/ld+json\" class=\"yoast-schema-graph\">{\"@context\":\"https:\\\/\\\/schema.org\",\"@graph\":[{\"@type\":\"WebPage\",\"@id\":\"https:\\\/\\\/kidsplay.lt\\\/produktas\\\/pastelinis-varikliu-rinkinys-skirtas-kudikiams-pirmieji-zaislai-nuo-gimimo-2\\\/\",\"url\":\"https:\\\/\\\/kidsplay.lt\\\/produktas\\\/pastelinis-varikliu-rinkinys-skirtas-kudikiams-pirmieji-zaislai-nuo-gimimo-2\\\/\",\"name\":\"Pastelinis varikli\u0173 rinkinys, skirtas k\u016bdikiams, pirmieji \u017eaislai nuo gimimo\",\"isPartOf\":{\"@id\":\"https:\\\/\\\/kidsplay.lt\\\/#website\"},\"primaryImageOfPage\":{\"@id\":\"https:\\\/\\\/kidsplay.lt\\\/produktas\\\/pastelinis-varikliu-rinkinys-skirtas-kudikiams-pirmieji-zaislai-nuo-gimimo-2\\\/#primaryimage\"},\"image\":{\"@id\":\"https:\\\/\\\/kidsplay.lt\\\/produktas\\\/pastelinis-varikliu-rinkinys-skirtas-kudikiams-pirmieji-zaislai-nuo-gimimo-2\\\/#primaryimage\"},\"thumbnailUrl\":\"https:\\\/\\\/kidsplay.lt\\\/wp-content\\\/uploads\\\/2024\\\/09\\\/Pastelinis-varikliu-rinkinys-skirtas-kudikiams-pirmieji-zaislai-nuo-gimimo.jpg\",\"datePublished\":\"2025-10-02T11:07:25+00:00\",\"dateModified\":\"2026-04-13T12:06:25+00:00\",\"description\":\"Pastelinis varikli\u0173 rinkinys, skirtas k\u016bdikiams, pirmieji \u017eaislai nuo gimimo\",\"breadcrumb\":{\"@id\":\"https:\\\/\\\/kidsplay.lt\\\/produktas\\\/pastelinis-varikliu-rinkinys-skirtas-kudikiams-pirmieji-zaislai-nuo-gimimo-2\\\/#breadcrumb\"},\"inLanguage\":\"lv-LV\",\"potentialAction\":[{\"@type\":\"ReadAction\",\"target\":[\"https:\\\/\\\/kidsplay.lt\\\/produktas\\\/pastelinis-varikliu-rinkinys-skirtas-kudikiams-pirmieji-zaislai-nuo-gimimo-2\\\/\"]}]},{\"@type\":\"ImageObject\",\"inLanguage\":\"lv-LV\",\"@id\":\"https:\\\/\\\/kidsplay.lt\\\/produktas\\\/pastelinis-varikliu-rinkinys-skirtas-kudikiams-pirmieji-zaislai-nuo-gimimo-2\\\/#primaryimage\",\"url\":\"https:\\\/\\\/kidsplay.lt\\\/wp-content\\\/uploads\\\/2024\\\/09\\\/Pastelinis-varikliu-rinkinys-skirtas-kudikiams-pirmieji-zaislai-nuo-gimimo.jpg\",\"contentUrl\":\"https:\\\/\\\/kidsplay.lt\\\/wp-content\\\/uploads\\\/2024\\\/09\\\/Pastelinis-varikliu-rinkinys-skirtas-kudikiams-pirmieji-zaislai-nuo-gimimo.jpg\",\"width\":2560,\"height\":2560,\"caption\":\"Pastelinis varikli\u0173 rinkinys\"},{\"@type\":\"BreadcrumbList\",\"@id\":\"https:\\\/\\\/kidsplay.lt\\\/produktas\\\/pastelinis-varikliu-rinkinys-skirtas-kudikiams-pirmieji-zaislai-nuo-gimimo-2\\\/#breadcrumb\",\"itemListElement\":[{\"@type\":\"ListItem\",\"position\":1,\"name\":\"Pagrindinis\",\"item\":\"https:\\\/\\\/kidsplay.lt\\\/\"},{\"@type\":\"ListItem\",\"position\":2,\"name\":\"Parduotuv\u0117\",\"item\":\"https:\\\/\\\/kidsplay.lt\\\/parduotuve\\\/\"},{\"@type\":\"ListItem\",\"position\":3,\"name\":\"Pastelinis varikli\u0173 rinkinys, skirtas k\u016bdikiams, pirmieji \u017eaislai nuo gimimo\"}]},{\"@type\":\"WebSite\",\"@id\":\"https:\\\/\\\/kidsplay.lt\\\/#website\",\"url\":\"https:\\\/\\\/kidsplay.lt\\\/\",\"name\":\"Kidsplay.lt\",\"description\":\"\u012evairios prek\u0117s vaikams\",\"publisher\":{\"@id\":\"https:\\\/\\\/kidsplay.lt\\\/#organization\"},\"alternateName\":\"Kidsplay\",\"potentialAction\":[{\"@type\":\"SearchAction\",\"target\":{\"@type\":\"EntryPoint\",\"urlTemplate\":\"https:\\\/\\\/kidsplay.lt\\\/?s={search_term_string}\"},\"query-input\":{\"@type\":\"PropertyValueSpecification\",\"valueRequired\":true,\"valueName\":\"search_term_string\"}}],\"inLanguage\":\"lv-LV\"},{\"@type\":\"Organization\",\"@id\":\"https:\\\/\\\/kidsplay.lt\\\/#organization\",\"name\":\"KidsPlay\",\"url\":\"https:\\\/\\\/kidsplay.lt\\\/\",\"logo\":{\"@type\":\"ImageObject\",\"inLanguage\":\"lv-LV\",\"@id\":\"https:\\\/\\\/kidsplay.lt\\\/#\\\/schema\\\/logo\\\/image\\\/\",\"url\":\"https:\\\/\\\/kidsplay.lt\\\/wp-content\\\/uploads\\\/2023\\\/07\\\/kidsplay-logo.png\",\"contentUrl\":\"https:\\\/\\\/kidsplay.lt\\\/wp-content\\\/uploads\\\/2023\\\/07\\\/kidsplay-logo.png\",\"width\":451,\"height\":98,\"caption\":\"KidsPlay\"},\"image\":{\"@id\":\"https:\\\/\\\/kidsplay.lt\\\/#\\\/schema\\\/logo\\\/image\\\/\"},\"sameAs\":[\"https:\\\/\\\/www.facebook.com\\\/www.kidsplay.lt\"]}]}<\/script>\n<!-- \/ Yoast SEO plugin. -->","yoast_head_json":{"title":"Paste\u013cto\u0146u motorikas komplekts mazu\u013ciem, pirm\u0101s rota\u013clietas no dzim\u0161anas br\u012b\u017ea","description":"Paste\u013cto\u0146u motorikas komplekts mazu\u013ciem, pirm\u0101s rota\u013clietas no dzim\u0161anas br\u012b\u017ea","robots":{"index":"index","follow":"follow","max-snippet":"max-snippet:-1","max-image-preview":"max-image-preview:large","max-video-preview":"max-video-preview:-1"},"canonical":"https:\/\/kidsplay.lt\/lv\/products\/pastelinis-varikliu-rinkinys-skirtas-kudikiams-pirmieji-zaislai-nuo-gimimo-2\/","og_locale":"lv_LV","og_type":"article","og_title":"Pastelinis varikli\u0173 rinkinys, skirtas k\u016bdikiams, pirmieji \u017eaislai nuo gimimo","og_description":"Pastelinis varikli\u0173 rinkinys, skirtas k\u016bdikiams, pirmieji \u017eaislai nuo gimimo","og_url":"https:\/\/kidsplay.lt\/lv\/products\/pastelinis-varikliu-rinkinys-skirtas-kudikiams-pirmieji-zaislai-nuo-gimimo-2\/","og_site_name":"KidsPlay","article_publisher":"https:\/\/www.facebook.com\/www.kidsplay.lt","article_modified_time":"2026-04-13T12:06:25+00:00","og_image":[{"width":800,"height":800,"url":"https:\/\/kidsplay.lt\/wp-content\/uploads\/2024\/09\/Pastelinis-varikliu-rinkinys-skirtas-kudikiams-pirmieji-zaislai-nuo-gimimo-800x800.jpg","type":"image\/png"}],"twitter_card":"summary_large_image","twitter_misc":{"Est. reading time":"1 min\u016bte"},"schema":{"@context":"https:\/\/schema.org","@graph":[{"@type":"WebPage","@id":"https:\/\/kidsplay.lt\/produktas\/pastelinis-varikliu-rinkinys-skirtas-kudikiams-pirmieji-zaislai-nuo-gimimo-2\/","url":"https:\/\/kidsplay.lt\/produktas\/pastelinis-varikliu-rinkinys-skirtas-kudikiams-pirmieji-zaislai-nuo-gimimo-2\/","name":"Paste\u013cto\u0146u motorikas komplekts mazu\u013ciem, pirm\u0101s rota\u013clietas no dzim\u0161anas br\u012b\u017ea","isPartOf":{"@id":"https:\/\/kidsplay.lt\/#website"},"primaryImageOfPage":{"@id":"https:\/\/kidsplay.lt\/produktas\/pastelinis-varikliu-rinkinys-skirtas-kudikiams-pirmieji-zaislai-nuo-gimimo-2\/#primaryimage"},"image":{"@id":"https:\/\/kidsplay.lt\/produktas\/pastelinis-varikliu-rinkinys-skirtas-kudikiams-pirmieji-zaislai-nuo-gimimo-2\/#primaryimage"},"thumbnailUrl":"https:\/\/kidsplay.lt\/wp-content\/uploads\/2024\/09\/Pastelinis-varikliu-rinkinys-skirtas-kudikiams-pirmieji-zaislai-nuo-gimimo.jpg","datePublished":"2025-10-02T11:07:25+00:00","dateModified":"2026-04-13T12:06:25+00:00","description":"Paste\u013cto\u0146u motorikas komplekts mazu\u013ciem, pirm\u0101s rota\u013clietas no dzim\u0161anas br\u012b\u017ea","breadcrumb":{"@id":"https:\/\/kidsplay.lt\/produktas\/pastelinis-varikliu-rinkinys-skirtas-kudikiams-pirmieji-zaislai-nuo-gimimo-2\/#breadcrumb"},"inLanguage":"lv-LV","potentialAction":[{"@type":"ReadAction","target":["https:\/\/kidsplay.lt\/produktas\/pastelinis-varikliu-rinkinys-skirtas-kudikiams-pirmieji-zaislai-nuo-gimimo-2\/"]}]},{"@type":"ImageObject","inLanguage":"lv-LV","@id":"https:\/\/kidsplay.lt\/produktas\/pastelinis-varikliu-rinkinys-skirtas-kudikiams-pirmieji-zaislai-nuo-gimimo-2\/#primaryimage","url":"https:\/\/kidsplay.lt\/wp-content\/uploads\/2024\/09\/Pastelinis-varikliu-rinkinys-skirtas-kudikiams-pirmieji-zaislai-nuo-gimimo.jpg","contentUrl":"https:\/\/kidsplay.lt\/wp-content\/uploads\/2024\/09\/Pastelinis-varikliu-rinkinys-skirtas-kudikiams-pirmieji-zaislai-nuo-gimimo.jpg","width":2560,"height":2560,"caption":"Pastelinis varikli\u0173 rinkinys"},{"@type":"BreadcrumbList","@id":"https:\/\/kidsplay.lt\/produktas\/pastelinis-varikliu-rinkinys-skirtas-kudikiams-pirmieji-zaislai-nuo-gimimo-2\/#breadcrumb","itemListElement":[{"@type":"ListItem","position":1,"name":"Pagrindinis","item":"https:\/\/kidsplay.lt\/"},{"@type":"ListItem","position":2,"name":"Parduotuv\u0117","item":"https:\/\/kidsplay.lt\/parduotuve\/"},{"@type":"ListItem","position":3,"name":"Pastelinis varikli\u0173 rinkinys, skirtas k\u016bdikiams, pirmieji \u017eaislai nuo gimimo"}]},{"@type":"WebSite","@id":"https:\/\/kidsplay.lt\/#website","url":"https:\/\/kidsplay.lt\/","name":"B\u0113rnu sp\u0113les.lv","description":"\u012evairios prek\u0117s vaikams","publisher":{"@id":"https:\/\/kidsplay.lt\/#organization"},"alternateName":"Kidsplay","potentialAction":[{"@type":"SearchAction","target":{"@type":"EntryPoint","urlTemplate":"https:\/\/kidsplay.lt\/?s={search_term_string}"},"query-input":{"@type":"PropertyValueSpecification","valueRequired":true,"valueName":"search_term_string"}}],"inLanguage":"lv-LV"},{"@type":"Organization","@id":"https:\/\/kidsplay.lt\/#organization","name":"B\u0113rnu sp\u0113le","url":"https:\/\/kidsplay.lt\/","logo":{"@type":"ImageObject","inLanguage":"lv-LV","@id":"https:\/\/kidsplay.lt\/#\/schema\/logo\/image\/","url":"https:\/\/kidsplay.lt\/wp-content\/uploads\/2023\/07\/kidsplay-logo.png","contentUrl":"https:\/\/kidsplay.lt\/wp-content\/uploads\/2023\/07\/kidsplay-logo.png","width":451,"height":98,"caption":"KidsPlay"},"image":{"@id":"https:\/\/kidsplay.lt\/#\/schema\/logo\/image\/"},"sameAs":["https:\/\/www.facebook.com\/www.kidsplay.lt"]}]}},"_links":{"self":[{"href":"https:\/\/kidsplay.lt\/lv\/wp-json\/wp\/v2\/product\/70614","targetHints":{"allow":["GET"]}}],"collection":[{"href":"https:\/\/kidsplay.lt\/lv\/wp-json\/wp\/v2\/product"}],"about":[{"href":"https:\/\/kidsplay.lt\/lv\/wp-json\/wp\/v2\/types\/product"}],"version-history":[{"count":4,"href":"https:\/\/kidsplay.lt\/lv\/wp-json\/wp\/v2\/product\/70614\/revisions"}],"predecessor-version":[{"id":83460,"href":"https:\/\/kidsplay.lt\/lv\/wp-json\/wp\/v2\/product\/70614\/revisions\/83460"}],"wp:featuredmedia":[{"embeddable":true,"href":"https:\/\/kidsplay.lt\/lv\/wp-json\/wp\/v2\/media\/56163"}],"wp:attachment":[{"href":"https:\/\/kidsplay.lt\/lv\/wp-json\/wp\/v2\/media?parent=70614"}],"wp:term":[{"taxonomy":"product_brand","embeddable":true,"href":"https:\/\/kidsplay.lt\/lv\/wp-json\/wp\/v2\/product_brand?post=70614"},{"taxonomy":"product_cat","embeddable":true,"href":"https:\/\/kidsplay.lt\/lv\/wp-json\/wp\/v2\/product_cat?post=70614"},{"taxonomy":"product_tag","embeddable":true,"href":"https:\/\/kidsplay.lt\/lv\/wp-json\/wp\/v2\/product_tag?post=70614"}],"curies":[{"name":"wp","href":"https:\/\/api.w.org\/{rel}","templated":true}]}}