{"id":70616,"date":"2025-10-02T14:07:32","date_gmt":"2025-10-02T11:07:32","guid":{"rendered":"https:\/\/kidsplay.lt\/produktas\/edukacinis-kubas-8in1-veiklos-kubas-2\/"},"modified":"2026-04-07T11:27:12","modified_gmt":"2026-04-07T08:27:12","slug":"edukacinis-kubas-8in1-veiklos-kubas-2","status":"publish","type":"product","link":"https:\/\/kidsplay.lt\/lv\/products\/edukacinis-kubas-8in1-veiklos-kubas-2\/","title":{"rendered":"Izgl\u012btojo\u0161s kubs 8in1 aktivit\u0101\u0161u kubs"},"content":{"rendered":"<p>Prek\u0117s \u017eenklo\u00a0\u201eViga\u201c\u00a0veiklos kubas \u201e8in1\u201c\u00a0yra\u00a0puikus\u00a0\u017eaislas, kuriame gro\u017eis puikiai\u00a0derinamas su linksmyb\u0117mis ir mokymusi\u00a0. Jis buvo \u012fvertintas JAV, kur 2023 metais\u00a0gavo presti\u017einius PAL Awards 2023 apdovanojimus,\u00a0kuriuos \u012fteik\u0117 sertifikuoti logopedai.\u00a0Universalus\u00a0kubas atveria\u00a0nauj\u0105 galimybi\u0173 pasaul\u012f\u00a0jauniems protams, skatina\u00a0pa\u017einimo vystym\u0105si, kalbos \u012fg\u016bd\u017eius\u00a0ir gerina prasming\u0105 vaik\u0173 ir glob\u0117j\u0173 s\u0105veik\u0105. \u017daisdami galite \u012fvesti naujus \u017eod\u017eius ir s\u0105vokas bei skatina m\u0105styti savaranki\u0161kai.<\/p>\n<p>\u0160iame lavinamajame kube yra\u00a08 skirtingos veiklos\u00a0, kurios skirtos \u012fvairiems vaiko raidos aspektams ir praturtinti mokym\u0105si.\u00a0Form\u0173 r\u016b\u0161iuotojas,\u00a0motorin\u0117 kilpa ir sukimosi ratas\u00a0leid\u017eia lavinti aki\u0173-rank\u0173 koordinacij\u0105, smulki\u0105j\u0105 motorik\u0105 ir erdvin\u012f supratim\u0105.\u00a0Ksilofonas\u00a0ir\u00a0kreidos lenta\u00a0lavina k\u016brybi\u0161kum\u0105, o\u00a0veidrodis\u00a0ir\u00a0kalad\u0117li\u0173 \u0161alinimo\u00a0\u00a0ekranas\u00a0\u00a0padeda lavinti pa\u017eintinius \u012fg\u016bd\u017eius. A\u0161tunta ir paskutin\u0117 veikla \u2013\u00a0siena su pasl\u0117ptais gyv\u016bnais\u00a0u\u017e atvart\u0173, atitinkan\u010di\u0173 j\u0173 maist\u0105.<\/p>\n<p>Raksturojums:<\/p>\n<p>&#8211; \u017eaislas\u00a0nuo 18 m\u0117n<br \/>\n&#8211;\u00a0veiklos kubas\u00a0JAV buvo\u00a0apdovanotas PAL Awards 2023 apdovanojimais<br \/>\n&#8211; apima\u00a08 veiklas:\u00a0d\u0117lion\u0117, r\u016b\u0161iuotojas, veidrodis, ksilofonas, lenta, sukamasis ratas, ekranas blokams i\u0161imti ir siena su pasl\u0117ptais gyv\u016bnais u\u017e j\u0173 maisto paveiksl\u0117li\u0173<br \/>\n&#8211; \u017eaid\u017eiant\u00a0palaiko \u012fvairius\u00a0vaiko raidos aspektus<br \/>\n&#8211; gali b\u016bti naudojamas naujiems \u017eod\u017eiams ir s\u0105vokoms \u012fvesti<br \/>\n\u2013\u00a0skatina savaranki\u0161k\u0105 m\u0105stym\u0105<br \/>\n&#8211; pagamintas\u00a0i\u0161 lakuotos medienos<\/p>\n<p>\u017daislas vysto:<\/p>\n<p>&#8211; loginis m\u0105stymas<br \/>\n&#8211; smulkioji motorika<br \/>\n&#8211; aki\u0173-rank\u0173 koordinacija<br \/>\n&#8211; k\u016brybi\u0161kumas<br \/>\n&#8211; koncentracija<\/p>","protected":false},"excerpt":{"rendered":"<p>Izgl\u012btojo\u0161s kubs 8in1 aktivit\u0101\u0161u kubs<\/p>","protected":false},"featured_media":56168,"template":"","meta":{"_acf_changed":false,"_glsr_average":0,"_glsr_ranking":0,"_glsr_reviews":0},"product_brand":[],"product_cat":[72,396,229],"product_tag":[],"class_list":{"0":"post-70616","1":"product","2":"type-product","3":"status-publish","4":"has-post-thumbnail","6":"product_cat-ispardavimas","7":"product_cat-kudikiu-zaislai-vaikams2","8":"product_cat-zaislai-vaikams","9":"\"style=\"background-color: #2ecc711c;\"","11":"first","12":"instock","13":"sale","14":"purchasable","15":"product-type-simple"},"acf":[],"yoast_head":"<!-- This site is optimized with the Yoast SEO plugin v27.3 - https:\/\/yoast.com\/product\/yoast-seo-wordpress\/ -->\n<title>Edukacinis kubas 8in1 veiklos kubas<\/title>\n<meta name=\"description\" content=\"Edukacinis kubas 8in1 veiklos kubas\" \/>\n<meta name=\"robots\" content=\"index, follow, max-snippet:-1, max-image-preview:large, max-video-preview:-1\" \/>\n<link rel=\"canonical\" href=\"https:\/\/kidsplay.lt\/lv\/products\/edukacinis-kubas-8in1-veiklos-kubas-2\/\" \/>\n<meta property=\"og:locale\" content=\"lv_LV\" \/>\n<meta property=\"og:type\" content=\"article\" \/>\n<meta property=\"og:title\" content=\"Edukacinis kubas 8in1 veiklos kubas\" \/>\n<meta property=\"og:description\" content=\"Edukacinis kubas 8in1 veiklos kubas\" \/>\n<meta property=\"og:url\" content=\"https:\/\/kidsplay.lt\/lv\/products\/edukacinis-kubas-8in1-veiklos-kubas-2\/\" \/>\n<meta property=\"og:site_name\" content=\"KidsPlay\" \/>\n<meta property=\"article:publisher\" content=\"https:\/\/www.facebook.com\/www.kidsplay.lt\" \/>\n<meta property=\"article:modified_time\" content=\"2026-04-07T08:27:12+00:00\" \/>\n<meta property=\"og:image\" content=\"https:\/\/kidsplay.lt\/wp-content\/uploads\/2024\/09\/Edukacinis-kubas-8in1-veiklos-kubas.jpg\" \/>\n\t<meta property=\"og:image:width\" content=\"1600\" \/>\n\t<meta property=\"og:image:height\" content=\"1600\" \/>\n\t<meta property=\"og:image:type\" content=\"image\/jpeg\" \/>\n<meta name=\"twitter:card\" content=\"summary_large_image\" \/>\n<meta name=\"twitter:label1\" content=\"Est. reading time\" \/>\n\t<meta name=\"twitter:data1\" content=\"2 min\u016btes\" \/>\n<script type=\"application\/ld+json\" class=\"yoast-schema-graph\">{\"@context\":\"https:\\\/\\\/schema.org\",\"@graph\":[{\"@type\":\"WebPage\",\"@id\":\"https:\\\/\\\/kidsplay.lt\\\/produktas\\\/edukacinis-kubas-8in1-veiklos-kubas-2\\\/\",\"url\":\"https:\\\/\\\/kidsplay.lt\\\/produktas\\\/edukacinis-kubas-8in1-veiklos-kubas-2\\\/\",\"name\":\"Edukacinis kubas 8in1 veiklos kubas\",\"isPartOf\":{\"@id\":\"https:\\\/\\\/kidsplay.lt\\\/#website\"},\"primaryImageOfPage\":{\"@id\":\"https:\\\/\\\/kidsplay.lt\\\/produktas\\\/edukacinis-kubas-8in1-veiklos-kubas-2\\\/#primaryimage\"},\"image\":{\"@id\":\"https:\\\/\\\/kidsplay.lt\\\/produktas\\\/edukacinis-kubas-8in1-veiklos-kubas-2\\\/#primaryimage\"},\"thumbnailUrl\":\"https:\\\/\\\/kidsplay.lt\\\/wp-content\\\/uploads\\\/2024\\\/09\\\/Edukacinis-kubas-8in1-veiklos-kubas.jpg\",\"datePublished\":\"2025-10-02T11:07:32+00:00\",\"dateModified\":\"2026-04-07T08:27:12+00:00\",\"description\":\"Edukacinis kubas 8in1 veiklos kubas\",\"breadcrumb\":{\"@id\":\"https:\\\/\\\/kidsplay.lt\\\/produktas\\\/edukacinis-kubas-8in1-veiklos-kubas-2\\\/#breadcrumb\"},\"inLanguage\":\"lv-LV\",\"potentialAction\":[{\"@type\":\"ReadAction\",\"target\":[\"https:\\\/\\\/kidsplay.lt\\\/produktas\\\/edukacinis-kubas-8in1-veiklos-kubas-2\\\/\"]}]},{\"@type\":\"ImageObject\",\"inLanguage\":\"lv-LV\",\"@id\":\"https:\\\/\\\/kidsplay.lt\\\/produktas\\\/edukacinis-kubas-8in1-veiklos-kubas-2\\\/#primaryimage\",\"url\":\"https:\\\/\\\/kidsplay.lt\\\/wp-content\\\/uploads\\\/2024\\\/09\\\/Edukacinis-kubas-8in1-veiklos-kubas.jpg\",\"contentUrl\":\"https:\\\/\\\/kidsplay.lt\\\/wp-content\\\/uploads\\\/2024\\\/09\\\/Edukacinis-kubas-8in1-veiklos-kubas.jpg\",\"width\":1600,\"height\":1600,\"caption\":\"Edukacinis kubas 8in1 veiklos kubas\"},{\"@type\":\"BreadcrumbList\",\"@id\":\"https:\\\/\\\/kidsplay.lt\\\/produktas\\\/edukacinis-kubas-8in1-veiklos-kubas-2\\\/#breadcrumb\",\"itemListElement\":[{\"@type\":\"ListItem\",\"position\":1,\"name\":\"Pagrindinis\",\"item\":\"https:\\\/\\\/kidsplay.lt\\\/\"},{\"@type\":\"ListItem\",\"position\":2,\"name\":\"Parduotuv\u0117\",\"item\":\"https:\\\/\\\/kidsplay.lt\\\/parduotuve\\\/\"},{\"@type\":\"ListItem\",\"position\":3,\"name\":\"Edukacinis kubas 8in1 veiklos kubas\"}]},{\"@type\":\"WebSite\",\"@id\":\"https:\\\/\\\/kidsplay.lt\\\/#website\",\"url\":\"https:\\\/\\\/kidsplay.lt\\\/\",\"name\":\"Kidsplay.lt\",\"description\":\"\u012evairios prek\u0117s vaikams\",\"publisher\":{\"@id\":\"https:\\\/\\\/kidsplay.lt\\\/#organization\"},\"alternateName\":\"Kidsplay\",\"potentialAction\":[{\"@type\":\"SearchAction\",\"target\":{\"@type\":\"EntryPoint\",\"urlTemplate\":\"https:\\\/\\\/kidsplay.lt\\\/?s={search_term_string}\"},\"query-input\":{\"@type\":\"PropertyValueSpecification\",\"valueRequired\":true,\"valueName\":\"search_term_string\"}}],\"inLanguage\":\"lv-LV\"},{\"@type\":\"Organization\",\"@id\":\"https:\\\/\\\/kidsplay.lt\\\/#organization\",\"name\":\"KidsPlay\",\"url\":\"https:\\\/\\\/kidsplay.lt\\\/\",\"logo\":{\"@type\":\"ImageObject\",\"inLanguage\":\"lv-LV\",\"@id\":\"https:\\\/\\\/kidsplay.lt\\\/#\\\/schema\\\/logo\\\/image\\\/\",\"url\":\"https:\\\/\\\/kidsplay.lt\\\/wp-content\\\/uploads\\\/2023\\\/07\\\/kidsplay-logo.png\",\"contentUrl\":\"https:\\\/\\\/kidsplay.lt\\\/wp-content\\\/uploads\\\/2023\\\/07\\\/kidsplay-logo.png\",\"width\":451,\"height\":98,\"caption\":\"KidsPlay\"},\"image\":{\"@id\":\"https:\\\/\\\/kidsplay.lt\\\/#\\\/schema\\\/logo\\\/image\\\/\"},\"sameAs\":[\"https:\\\/\\\/www.facebook.com\\\/www.kidsplay.lt\"]}]}<\/script>\n<!-- \/ Yoast SEO plugin. -->","yoast_head_json":{"title":"Izgl\u012btojo\u0161s kubs 8in1 aktivit\u0101\u0161u kubs","description":"Izgl\u012btojo\u0161s kubs 8in1 aktivit\u0101\u0161u kubs","robots":{"index":"index","follow":"follow","max-snippet":"max-snippet:-1","max-image-preview":"max-image-preview:large","max-video-preview":"max-video-preview:-1"},"canonical":"https:\/\/kidsplay.lt\/lv\/products\/edukacinis-kubas-8in1-veiklos-kubas-2\/","og_locale":"lv_LV","og_type":"article","og_title":"Edukacinis kubas 8in1 veiklos kubas","og_description":"Edukacinis kubas 8in1 veiklos kubas","og_url":"https:\/\/kidsplay.lt\/lv\/products\/edukacinis-kubas-8in1-veiklos-kubas-2\/","og_site_name":"KidsPlay","article_publisher":"https:\/\/www.facebook.com\/www.kidsplay.lt","article_modified_time":"2026-04-07T08:27:12+00:00","og_image":[{"width":1600,"height":1600,"url":"https:\/\/kidsplay.lt\/wp-content\/uploads\/2024\/09\/Edukacinis-kubas-8in1-veiklos-kubas.jpg","type":"image\/jpeg"}],"twitter_card":"summary_large_image","twitter_misc":{"Est. reading time":"2 min\u016btes"},"schema":{"@context":"https:\/\/schema.org","@graph":[{"@type":"WebPage","@id":"https:\/\/kidsplay.lt\/produktas\/edukacinis-kubas-8in1-veiklos-kubas-2\/","url":"https:\/\/kidsplay.lt\/produktas\/edukacinis-kubas-8in1-veiklos-kubas-2\/","name":"Izgl\u012btojo\u0161s kubs 8in1 aktivit\u0101\u0161u kubs","isPartOf":{"@id":"https:\/\/kidsplay.lt\/#website"},"primaryImageOfPage":{"@id":"https:\/\/kidsplay.lt\/produktas\/edukacinis-kubas-8in1-veiklos-kubas-2\/#primaryimage"},"image":{"@id":"https:\/\/kidsplay.lt\/produktas\/edukacinis-kubas-8in1-veiklos-kubas-2\/#primaryimage"},"thumbnailUrl":"https:\/\/kidsplay.lt\/wp-content\/uploads\/2024\/09\/Edukacinis-kubas-8in1-veiklos-kubas.jpg","datePublished":"2025-10-02T11:07:32+00:00","dateModified":"2026-04-07T08:27:12+00:00","description":"Izgl\u012btojo\u0161s kubs 8in1 aktivit\u0101\u0161u kubs","breadcrumb":{"@id":"https:\/\/kidsplay.lt\/produktas\/edukacinis-kubas-8in1-veiklos-kubas-2\/#breadcrumb"},"inLanguage":"lv-LV","potentialAction":[{"@type":"ReadAction","target":["https:\/\/kidsplay.lt\/produktas\/edukacinis-kubas-8in1-veiklos-kubas-2\/"]}]},{"@type":"ImageObject","inLanguage":"lv-LV","@id":"https:\/\/kidsplay.lt\/produktas\/edukacinis-kubas-8in1-veiklos-kubas-2\/#primaryimage","url":"https:\/\/kidsplay.lt\/wp-content\/uploads\/2024\/09\/Edukacinis-kubas-8in1-veiklos-kubas.jpg","contentUrl":"https:\/\/kidsplay.lt\/wp-content\/uploads\/2024\/09\/Edukacinis-kubas-8in1-veiklos-kubas.jpg","width":1600,"height":1600,"caption":"Edukacinis kubas 8in1 veiklos kubas"},{"@type":"BreadcrumbList","@id":"https:\/\/kidsplay.lt\/produktas\/edukacinis-kubas-8in1-veiklos-kubas-2\/#breadcrumb","itemListElement":[{"@type":"ListItem","position":1,"name":"Pagrindinis","item":"https:\/\/kidsplay.lt\/"},{"@type":"ListItem","position":2,"name":"Parduotuv\u0117","item":"https:\/\/kidsplay.lt\/parduotuve\/"},{"@type":"ListItem","position":3,"name":"Edukacinis kubas 8in1 veiklos kubas"}]},{"@type":"WebSite","@id":"https:\/\/kidsplay.lt\/#website","url":"https:\/\/kidsplay.lt\/","name":"B\u0113rnu sp\u0113les.lv","description":"\u012evairios prek\u0117s vaikams","publisher":{"@id":"https:\/\/kidsplay.lt\/#organization"},"alternateName":"Kidsplay","potentialAction":[{"@type":"SearchAction","target":{"@type":"EntryPoint","urlTemplate":"https:\/\/kidsplay.lt\/?s={search_term_string}"},"query-input":{"@type":"PropertyValueSpecification","valueRequired":true,"valueName":"search_term_string"}}],"inLanguage":"lv-LV"},{"@type":"Organization","@id":"https:\/\/kidsplay.lt\/#organization","name":"B\u0113rnu sp\u0113le","url":"https:\/\/kidsplay.lt\/","logo":{"@type":"ImageObject","inLanguage":"lv-LV","@id":"https:\/\/kidsplay.lt\/#\/schema\/logo\/image\/","url":"https:\/\/kidsplay.lt\/wp-content\/uploads\/2023\/07\/kidsplay-logo.png","contentUrl":"https:\/\/kidsplay.lt\/wp-content\/uploads\/2023\/07\/kidsplay-logo.png","width":451,"height":98,"caption":"KidsPlay"},"image":{"@id":"https:\/\/kidsplay.lt\/#\/schema\/logo\/image\/"},"sameAs":["https:\/\/www.facebook.com\/www.kidsplay.lt"]}]}},"_links":{"self":[{"href":"https:\/\/kidsplay.lt\/lv\/wp-json\/wp\/v2\/product\/70616","targetHints":{"allow":["GET"]}}],"collection":[{"href":"https:\/\/kidsplay.lt\/lv\/wp-json\/wp\/v2\/product"}],"about":[{"href":"https:\/\/kidsplay.lt\/lv\/wp-json\/wp\/v2\/types\/product"}],"version-history":[{"count":3,"href":"https:\/\/kidsplay.lt\/lv\/wp-json\/wp\/v2\/product\/70616\/revisions"}],"predecessor-version":[{"id":80748,"href":"https:\/\/kidsplay.lt\/lv\/wp-json\/wp\/v2\/product\/70616\/revisions\/80748"}],"wp:featuredmedia":[{"embeddable":true,"href":"https:\/\/kidsplay.lt\/lv\/wp-json\/wp\/v2\/media\/56168"}],"wp:attachment":[{"href":"https:\/\/kidsplay.lt\/lv\/wp-json\/wp\/v2\/media?parent=70616"}],"wp:term":[{"taxonomy":"product_brand","embeddable":true,"href":"https:\/\/kidsplay.lt\/lv\/wp-json\/wp\/v2\/product_brand?post=70616"},{"taxonomy":"product_cat","embeddable":true,"href":"https:\/\/kidsplay.lt\/lv\/wp-json\/wp\/v2\/product_cat?post=70616"},{"taxonomy":"product_tag","embeddable":true,"href":"https:\/\/kidsplay.lt\/lv\/wp-json\/wp\/v2\/product_tag?post=70616"}],"curies":[{"name":"wp","href":"https:\/\/api.w.org\/{rel}","templated":true}]}}