{"id":70705,"date":"2025-10-02T14:12:02","date_gmt":"2025-10-02T11:12:02","guid":{"rendered":"https:\/\/kidsplay.lt\/produktas\/woopie-baby-piramides-formos-sensoriniai-puodeliai-su-zvaigzdutemis-ir-kamuoliuku-2\/"},"modified":"2026-04-07T11:27:12","modified_gmt":"2026-04-07T08:27:12","slug":"woopie-baby-piramides-formos-sensoriniai-puodeliai-su-zvaigzdutemis-ir-kamuoliuku-2","status":"publish","type":"product","link":"https:\/\/kidsplay.lt\/lv\/products\/woopie-baby-piramides-formos-sensoriniai-puodeliai-su-zvaigzdutemis-ir-kamuoliuku-2\/","title":{"rendered":"WOOPIE BABY Piram\u012bdas formas sensor\u0101s kr\u016bz\u012btes ar zvaigzn\u012bt\u0113m un bumbi\u0146u"},"content":{"rendered":"<p>WOOPIE\u00a0vaivoryk\u0161t\u0117s\u00a0piramid\u0117\u00a0\u2013 tai \u017eaislas, puikiai skatinantis k\u016bdikio vystym\u0105si. J\u012f sudaro \u012fvairi\u0173 spalv\u0173 puodeliai. \u017daislo vir\u0161uje yra kamuolys su laimingo veido atspaudu. Puodeliai pagaminti i\u0161 saugios, netoksi\u0161kos med\u017eiagos, kuri yra patvari ir ilgaam\u017e\u0117. Piramid\u0117 yra labai aptakios, apvalios formos, kuri prisideda prie saugaus naudojimo.<\/p>\n<p>Kiekvienas puodelis yra\u00a0skirtingos\u00a0spalvos\u00a0ir \u017evaig\u017ed\u0117s\u00a0formos\u00a0. \u0160is \u017eaislas gali pasigirti ne tik gra\u017eiu, moderniu dizainu, bet ir daugybe\u00a0privalum\u0173, kurie yra labai svarb\u016bs vaiko\u00a0vystymuisi :\u00a0jis lavina\u00a0motorinius\u00a0ir\u00a0smulkiosios motorikos\u00a0\u012fg\u016bd\u017eius\u00a0, leid\u017eia atlikti\u00a0pir\u0161t\u0173 ir\u00a0sukibimo\u00a0pratimus\u00a0. \u017daidimas su piramide lavina vaiko\u00a0rank\u0173\u00a0miklum\u0105 , taip pat\u00a0spalv\u0173\u00a0ir\u00a0form\u0173\u00a0atpa\u017einim\u0105\u00a0. Puodeli\u0173 r\u016b\u0161iavimas pad\u0117s jam suprasti skirtingo dyd\u017eio objekt\u0173 ry\u0161ius.<\/p>\n<p>\u017daislas, kuris lavina\u00a0k\u016brybi\u0161kum\u0105\u00a0ir\u00a0login\u012f\u00a0m\u0105stym\u0105,\u00a0neturi taisykli\u0173, kaip su juo \u017eaisti \u2013 kaip j\u012f galima panaudoti, priklauso tik nuo vaiko, jo t\u0117v\u0173 ir vaizduot\u0117s.<\/p>\n<p>Rakstur\u012bgs:<\/p>\n<p>\u017daislas\u00a0nuo 3 met\u0173 am\u017eiaus<br \/>\nMokymosi spalvos<br \/>\nMokymosi dyd\u017eiai ir formos<br \/>\nremiasi sensorini\u0173 \u012fg\u016bd\u017ei\u0173 \u2013 pusiausvyros ir lyt\u0117jimo \u2013 lavinimu<\/p>\n<p>\u017daislas\u00a0vystosi\u00a0:<\/p>\n<p>Smulk\u016bs\u00a0motoriniai \u012fg\u016bd\u017eiai<br \/>\nrankiniai \u012fg\u016bd\u017eiai<br \/>\nrank\u0173 ir aki\u0173 koordinacija<br \/>\nvaizduot\u0117s lavinimas ir dyd\u017ei\u0173, form\u0173 bei spalv\u0173 diferenciacija<\/p>\n<p>Komplekt\u0101 ietilpst:<\/p>\n<p>\u012evairi\u0173 spalv\u0173 ir \u017evaig\u017ed\u017ei\u0173 formos puodeliai<br \/>\nKamuoliai su laimingo veido atspaudu<\/p>","protected":false},"excerpt":{"rendered":"<p>WOOPIE BABY Piram\u012bdas formas sensor\u0101s kr\u016bz\u012btes ar zvaigzn\u012bt\u0113m un bumbi\u0146u<\/p>","protected":false},"featured_media":67306,"template":"","meta":{"_acf_changed":false,"_glsr_average":0,"_glsr_ranking":0,"_glsr_reviews":0},"product_brand":[],"product_cat":[72,396,229],"product_tag":[],"class_list":{"0":"post-70705","1":"product","2":"type-product","3":"status-publish","4":"has-post-thumbnail","6":"product_cat-ispardavimas","7":"product_cat-kudikiu-zaislai-vaikams2","8":"product_cat-zaislai-vaikams","9":"\"style=\"background-color: #2ecc711c;\"","11":"first","12":"instock","13":"sale","14":"purchasable","15":"product-type-simple"},"acf":[],"yoast_head":"<!-- This site is optimized with the Yoast SEO plugin v27.4 - https:\/\/yoast.com\/product\/yoast-seo-wordpress\/ -->\n<title>WOOPIE BABY Piramid\u0117s formos sensoriniai puodeliai su \u017evaig\u017edut\u0117mis ir kamuoliuku<\/title>\n<meta name=\"description\" content=\"WOOPIE BABY Piramid\u0117s formos sensoriniai puodeliai su \u017evaig\u017edut\u0117mis ir kamuoliuku\" \/>\n<meta name=\"robots\" content=\"index, follow, max-snippet:-1, max-image-preview:large, max-video-preview:-1\" \/>\n<link rel=\"canonical\" href=\"https:\/\/kidsplay.lt\/lv\/products\/woopie-baby-piramides-formos-sensoriniai-puodeliai-su-zvaigzdutemis-ir-kamuoliuku-2\/\" \/>\n<meta property=\"og:locale\" content=\"lv_LV\" \/>\n<meta property=\"og:type\" content=\"article\" \/>\n<meta property=\"og:title\" content=\"WOOPIE BABY Piramid\u0117s formos sensoriniai puodeliai su \u017evaig\u017edut\u0117mis ir kamuoliuku\" \/>\n<meta property=\"og:description\" content=\"WOOPIE BABY Piramid\u0117s formos sensoriniai puodeliai su \u017evaig\u017edut\u0117mis ir kamuoliuku\" \/>\n<meta property=\"og:url\" content=\"https:\/\/kidsplay.lt\/lv\/products\/woopie-baby-piramides-formos-sensoriniai-puodeliai-su-zvaigzdutemis-ir-kamuoliuku-2\/\" \/>\n<meta property=\"og:site_name\" content=\"KidsPlay\" \/>\n<meta property=\"article:publisher\" content=\"https:\/\/www.facebook.com\/www.kidsplay.lt\" \/>\n<meta property=\"article:modified_time\" content=\"2026-04-07T08:27:12+00:00\" \/>\n<meta property=\"og:image\" content=\"https:\/\/kidsplay.lt\/wp-content\/uploads\/2025\/09\/WOOPIE-BABY-Piramides-formos-sensoriniai-puodeliai-su-zvaigzdutemis-ir-kamuoliuku.jpg\" \/>\n\t<meta property=\"og:image:width\" content=\"2560\" \/>\n\t<meta property=\"og:image:height\" content=\"2560\" \/>\n\t<meta property=\"og:image:type\" content=\"image\/jpeg\" \/>\n<meta name=\"twitter:card\" content=\"summary_large_image\" \/>\n<meta name=\"twitter:label1\" content=\"Est. reading time\" \/>\n\t<meta name=\"twitter:data1\" content=\"2 min\u016btes\" \/>\n<script type=\"application\/ld+json\" class=\"yoast-schema-graph\">{\"@context\":\"https:\\\/\\\/schema.org\",\"@graph\":[{\"@type\":\"WebPage\",\"@id\":\"https:\\\/\\\/kidsplay.lt\\\/produktas\\\/woopie-baby-piramides-formos-sensoriniai-puodeliai-su-zvaigzdutemis-ir-kamuoliuku-2\\\/\",\"url\":\"https:\\\/\\\/kidsplay.lt\\\/produktas\\\/woopie-baby-piramides-formos-sensoriniai-puodeliai-su-zvaigzdutemis-ir-kamuoliuku-2\\\/\",\"name\":\"WOOPIE BABY Piramid\u0117s formos sensoriniai puodeliai su \u017evaig\u017edut\u0117mis ir kamuoliuku\",\"isPartOf\":{\"@id\":\"https:\\\/\\\/kidsplay.lt\\\/#website\"},\"primaryImageOfPage\":{\"@id\":\"https:\\\/\\\/kidsplay.lt\\\/produktas\\\/woopie-baby-piramides-formos-sensoriniai-puodeliai-su-zvaigzdutemis-ir-kamuoliuku-2\\\/#primaryimage\"},\"image\":{\"@id\":\"https:\\\/\\\/kidsplay.lt\\\/produktas\\\/woopie-baby-piramides-formos-sensoriniai-puodeliai-su-zvaigzdutemis-ir-kamuoliuku-2\\\/#primaryimage\"},\"thumbnailUrl\":\"https:\\\/\\\/kidsplay.lt\\\/wp-content\\\/uploads\\\/2025\\\/09\\\/WOOPIE-BABY-Piramides-formos-sensoriniai-puodeliai-su-zvaigzdutemis-ir-kamuoliuku.jpg\",\"datePublished\":\"2025-10-02T11:12:02+00:00\",\"dateModified\":\"2026-04-07T08:27:12+00:00\",\"description\":\"WOOPIE BABY Piramid\u0117s formos sensoriniai puodeliai su \u017evaig\u017edut\u0117mis ir kamuoliuku\",\"breadcrumb\":{\"@id\":\"https:\\\/\\\/kidsplay.lt\\\/produktas\\\/woopie-baby-piramides-formos-sensoriniai-puodeliai-su-zvaigzdutemis-ir-kamuoliuku-2\\\/#breadcrumb\"},\"inLanguage\":\"lv-LV\",\"potentialAction\":[{\"@type\":\"ReadAction\",\"target\":[\"https:\\\/\\\/kidsplay.lt\\\/produktas\\\/woopie-baby-piramides-formos-sensoriniai-puodeliai-su-zvaigzdutemis-ir-kamuoliuku-2\\\/\"]}]},{\"@type\":\"ImageObject\",\"inLanguage\":\"lv-LV\",\"@id\":\"https:\\\/\\\/kidsplay.lt\\\/produktas\\\/woopie-baby-piramides-formos-sensoriniai-puodeliai-su-zvaigzdutemis-ir-kamuoliuku-2\\\/#primaryimage\",\"url\":\"https:\\\/\\\/kidsplay.lt\\\/wp-content\\\/uploads\\\/2025\\\/09\\\/WOOPIE-BABY-Piramides-formos-sensoriniai-puodeliai-su-zvaigzdutemis-ir-kamuoliuku.jpg\",\"contentUrl\":\"https:\\\/\\\/kidsplay.lt\\\/wp-content\\\/uploads\\\/2025\\\/09\\\/WOOPIE-BABY-Piramides-formos-sensoriniai-puodeliai-su-zvaigzdutemis-ir-kamuoliuku.jpg\",\"width\":2560,\"height\":2560,\"caption\":\"WOOPIE BABY Piramid\u0117s formos sensoriniai puodeliai su \u017evaig\u017edut\u0117mis ir kamuoliuku\"},{\"@type\":\"BreadcrumbList\",\"@id\":\"https:\\\/\\\/kidsplay.lt\\\/produktas\\\/woopie-baby-piramides-formos-sensoriniai-puodeliai-su-zvaigzdutemis-ir-kamuoliuku-2\\\/#breadcrumb\",\"itemListElement\":[{\"@type\":\"ListItem\",\"position\":1,\"name\":\"Pagrindinis\",\"item\":\"https:\\\/\\\/kidsplay.lt\\\/\"},{\"@type\":\"ListItem\",\"position\":2,\"name\":\"Parduotuv\u0117\",\"item\":\"https:\\\/\\\/kidsplay.lt\\\/parduotuve\\\/\"},{\"@type\":\"ListItem\",\"position\":3,\"name\":\"WOOPIE BABY Piramid\u0117s formos sensoriniai puodeliai su \u017evaig\u017edut\u0117mis ir kamuoliuku\"}]},{\"@type\":\"WebSite\",\"@id\":\"https:\\\/\\\/kidsplay.lt\\\/#website\",\"url\":\"https:\\\/\\\/kidsplay.lt\\\/\",\"name\":\"Kidsplay.lt\",\"description\":\"\u012evairios prek\u0117s vaikams\",\"publisher\":{\"@id\":\"https:\\\/\\\/kidsplay.lt\\\/#organization\"},\"alternateName\":\"Kidsplay\",\"potentialAction\":[{\"@type\":\"SearchAction\",\"target\":{\"@type\":\"EntryPoint\",\"urlTemplate\":\"https:\\\/\\\/kidsplay.lt\\\/?s={search_term_string}\"},\"query-input\":{\"@type\":\"PropertyValueSpecification\",\"valueRequired\":true,\"valueName\":\"search_term_string\"}}],\"inLanguage\":\"lv-LV\"},{\"@type\":\"Organization\",\"@id\":\"https:\\\/\\\/kidsplay.lt\\\/#organization\",\"name\":\"KidsPlay\",\"url\":\"https:\\\/\\\/kidsplay.lt\\\/\",\"logo\":{\"@type\":\"ImageObject\",\"inLanguage\":\"lv-LV\",\"@id\":\"https:\\\/\\\/kidsplay.lt\\\/#\\\/schema\\\/logo\\\/image\\\/\",\"url\":\"https:\\\/\\\/kidsplay.lt\\\/wp-content\\\/uploads\\\/2023\\\/07\\\/kidsplay-logo.png\",\"contentUrl\":\"https:\\\/\\\/kidsplay.lt\\\/wp-content\\\/uploads\\\/2023\\\/07\\\/kidsplay-logo.png\",\"width\":451,\"height\":98,\"caption\":\"KidsPlay\"},\"image\":{\"@id\":\"https:\\\/\\\/kidsplay.lt\\\/#\\\/schema\\\/logo\\\/image\\\/\"},\"sameAs\":[\"https:\\\/\\\/www.facebook.com\\\/www.kidsplay.lt\"]}]}<\/script>\n<!-- \/ Yoast SEO plugin. -->","yoast_head_json":{"title":"WOOPIE BABY Piram\u012bdas formas sensor\u0101s kr\u016bz\u012btes ar zvaigzn\u012bt\u0113m un bumbi\u0146u","description":"WOOPIE BABY Piram\u012bdas formas sensor\u0101s kr\u016bz\u012btes ar zvaigzn\u012bt\u0113m un bumbi\u0146u","robots":{"index":"index","follow":"follow","max-snippet":"max-snippet:-1","max-image-preview":"max-image-preview:large","max-video-preview":"max-video-preview:-1"},"canonical":"https:\/\/kidsplay.lt\/lv\/products\/woopie-baby-piramides-formos-sensoriniai-puodeliai-su-zvaigzdutemis-ir-kamuoliuku-2\/","og_locale":"lv_LV","og_type":"article","og_title":"WOOPIE BABY Piramid\u0117s formos sensoriniai puodeliai su \u017evaig\u017edut\u0117mis ir kamuoliuku","og_description":"WOOPIE BABY Piramid\u0117s formos sensoriniai puodeliai su \u017evaig\u017edut\u0117mis ir kamuoliuku","og_url":"https:\/\/kidsplay.lt\/lv\/products\/woopie-baby-piramides-formos-sensoriniai-puodeliai-su-zvaigzdutemis-ir-kamuoliuku-2\/","og_site_name":"KidsPlay","article_publisher":"https:\/\/www.facebook.com\/www.kidsplay.lt","article_modified_time":"2026-04-07T08:27:12+00:00","og_image":[{"width":2560,"height":2560,"url":"https:\/\/kidsplay.lt\/wp-content\/uploads\/2025\/09\/WOOPIE-BABY-Piramides-formos-sensoriniai-puodeliai-su-zvaigzdutemis-ir-kamuoliuku.jpg","type":"image\/jpeg"}],"twitter_card":"summary_large_image","twitter_misc":{"Est. reading time":"2 min\u016btes"},"schema":{"@context":"https:\/\/schema.org","@graph":[{"@type":"WebPage","@id":"https:\/\/kidsplay.lt\/produktas\/woopie-baby-piramides-formos-sensoriniai-puodeliai-su-zvaigzdutemis-ir-kamuoliuku-2\/","url":"https:\/\/kidsplay.lt\/produktas\/woopie-baby-piramides-formos-sensoriniai-puodeliai-su-zvaigzdutemis-ir-kamuoliuku-2\/","name":"WOOPIE BABY Piram\u012bdas formas sensor\u0101s kr\u016bz\u012btes ar zvaigzn\u012bt\u0113m un bumbi\u0146u","isPartOf":{"@id":"https:\/\/kidsplay.lt\/#website"},"primaryImageOfPage":{"@id":"https:\/\/kidsplay.lt\/produktas\/woopie-baby-piramides-formos-sensoriniai-puodeliai-su-zvaigzdutemis-ir-kamuoliuku-2\/#primaryimage"},"image":{"@id":"https:\/\/kidsplay.lt\/produktas\/woopie-baby-piramides-formos-sensoriniai-puodeliai-su-zvaigzdutemis-ir-kamuoliuku-2\/#primaryimage"},"thumbnailUrl":"https:\/\/kidsplay.lt\/wp-content\/uploads\/2025\/09\/WOOPIE-BABY-Piramides-formos-sensoriniai-puodeliai-su-zvaigzdutemis-ir-kamuoliuku.jpg","datePublished":"2025-10-02T11:12:02+00:00","dateModified":"2026-04-07T08:27:12+00:00","description":"WOOPIE BABY Piram\u012bdas formas sensor\u0101s kr\u016bz\u012btes ar zvaigzn\u012bt\u0113m un bumbi\u0146u","breadcrumb":{"@id":"https:\/\/kidsplay.lt\/produktas\/woopie-baby-piramides-formos-sensoriniai-puodeliai-su-zvaigzdutemis-ir-kamuoliuku-2\/#breadcrumb"},"inLanguage":"lv-LV","potentialAction":[{"@type":"ReadAction","target":["https:\/\/kidsplay.lt\/produktas\/woopie-baby-piramides-formos-sensoriniai-puodeliai-su-zvaigzdutemis-ir-kamuoliuku-2\/"]}]},{"@type":"ImageObject","inLanguage":"lv-LV","@id":"https:\/\/kidsplay.lt\/produktas\/woopie-baby-piramides-formos-sensoriniai-puodeliai-su-zvaigzdutemis-ir-kamuoliuku-2\/#primaryimage","url":"https:\/\/kidsplay.lt\/wp-content\/uploads\/2025\/09\/WOOPIE-BABY-Piramides-formos-sensoriniai-puodeliai-su-zvaigzdutemis-ir-kamuoliuku.jpg","contentUrl":"https:\/\/kidsplay.lt\/wp-content\/uploads\/2025\/09\/WOOPIE-BABY-Piramides-formos-sensoriniai-puodeliai-su-zvaigzdutemis-ir-kamuoliuku.jpg","width":2560,"height":2560,"caption":"WOOPIE BABY Piramid\u0117s formos sensoriniai puodeliai su \u017evaig\u017edut\u0117mis ir kamuoliuku"},{"@type":"BreadcrumbList","@id":"https:\/\/kidsplay.lt\/produktas\/woopie-baby-piramides-formos-sensoriniai-puodeliai-su-zvaigzdutemis-ir-kamuoliuku-2\/#breadcrumb","itemListElement":[{"@type":"ListItem","position":1,"name":"Pagrindinis","item":"https:\/\/kidsplay.lt\/"},{"@type":"ListItem","position":2,"name":"Parduotuv\u0117","item":"https:\/\/kidsplay.lt\/parduotuve\/"},{"@type":"ListItem","position":3,"name":"WOOPIE BABY Piramid\u0117s formos sensoriniai puodeliai su \u017evaig\u017edut\u0117mis ir kamuoliuku"}]},{"@type":"WebSite","@id":"https:\/\/kidsplay.lt\/#website","url":"https:\/\/kidsplay.lt\/","name":"B\u0113rnu sp\u0113les.lv","description":"\u012evairios prek\u0117s vaikams","publisher":{"@id":"https:\/\/kidsplay.lt\/#organization"},"alternateName":"Kidsplay","potentialAction":[{"@type":"SearchAction","target":{"@type":"EntryPoint","urlTemplate":"https:\/\/kidsplay.lt\/?s={search_term_string}"},"query-input":{"@type":"PropertyValueSpecification","valueRequired":true,"valueName":"search_term_string"}}],"inLanguage":"lv-LV"},{"@type":"Organization","@id":"https:\/\/kidsplay.lt\/#organization","name":"B\u0113rnu sp\u0113le","url":"https:\/\/kidsplay.lt\/","logo":{"@type":"ImageObject","inLanguage":"lv-LV","@id":"https:\/\/kidsplay.lt\/#\/schema\/logo\/image\/","url":"https:\/\/kidsplay.lt\/wp-content\/uploads\/2023\/07\/kidsplay-logo.png","contentUrl":"https:\/\/kidsplay.lt\/wp-content\/uploads\/2023\/07\/kidsplay-logo.png","width":451,"height":98,"caption":"KidsPlay"},"image":{"@id":"https:\/\/kidsplay.lt\/#\/schema\/logo\/image\/"},"sameAs":["https:\/\/www.facebook.com\/www.kidsplay.lt"]}]}},"_links":{"self":[{"href":"https:\/\/kidsplay.lt\/lv\/wp-json\/wp\/v2\/product\/70705","targetHints":{"allow":["GET"]}}],"collection":[{"href":"https:\/\/kidsplay.lt\/lv\/wp-json\/wp\/v2\/product"}],"about":[{"href":"https:\/\/kidsplay.lt\/lv\/wp-json\/wp\/v2\/types\/product"}],"version-history":[{"count":3,"href":"https:\/\/kidsplay.lt\/lv\/wp-json\/wp\/v2\/product\/70705\/revisions"}],"predecessor-version":[{"id":80984,"href":"https:\/\/kidsplay.lt\/lv\/wp-json\/wp\/v2\/product\/70705\/revisions\/80984"}],"wp:featuredmedia":[{"embeddable":true,"href":"https:\/\/kidsplay.lt\/lv\/wp-json\/wp\/v2\/media\/67306"}],"wp:attachment":[{"href":"https:\/\/kidsplay.lt\/lv\/wp-json\/wp\/v2\/media?parent=70705"}],"wp:term":[{"taxonomy":"product_brand","embeddable":true,"href":"https:\/\/kidsplay.lt\/lv\/wp-json\/wp\/v2\/product_brand?post=70705"},{"taxonomy":"product_cat","embeddable":true,"href":"https:\/\/kidsplay.lt\/lv\/wp-json\/wp\/v2\/product_cat?post=70705"},{"taxonomy":"product_tag","embeddable":true,"href":"https:\/\/kidsplay.lt\/lv\/wp-json\/wp\/v2\/product_tag?post=70705"}],"curies":[{"name":"wp","href":"https:\/\/api.w.org\/{rel}","templated":true}]}}